{"id":41433,"date":"2021-10-11T12:36:59","date_gmt":"2021-10-11T10:36:59","guid":{"rendered":"https:\/\/www.esmuc.cat\/enric-ainaud\/"},"modified":"2022-05-13T15:20:56","modified_gmt":"2022-05-13T13:20:56","slug":"enric-ainaud","status":"publish","type":"page","link":"https:\/\/www.esmuc.cat\/es\/servicios\/biblioteca-crai\/fondos-y-colecciones\/archivos-y-fondos-personales\/enric-ainaud\/","title":{"rendered":"Enric Ainaud"},"content":{"rendered":"\n<div class=\"wp-block-columns is-layout-flex wp-container-core-columns-is-layout-9d6595d7 wp-block-columns-is-layout-flex\">\n<div class=\"wp-block-column esmuc__Menu_Masters is-layout-flow wp-block-column-is-layout-flow\" style=\"flex-basis:33.33%\">\n\n<\/div>\n\n\n\n<div class=\"wp-block-column is-layout-flow wp-block-column-is-layout-flow\" style=\"flex-basis:66.66%\"><div class=\"breadcrumbs align  wp-block-bcn-breadcrumb-trail has-text-color has-background\" vocab=\"https:\/\/schema.org\/\" typeof=\"BreadcrumbList\">\n\t<span><\/span>\n\t<span property=\"itemListElement\" typeof=\"ListItem\"><a property=\"item\" typeof=\"WebPage\" title=\"Ir a ESMUC.\" href=\"https:\/\/www.esmuc.cat\/es\/\" class=\"home\" ><span property=\"name\">ESMUC<\/span><\/a><meta property=\"position\" content=\"1\"><\/span> &gt; <span property=\"itemListElement\" typeof=\"ListItem\"><a property=\"item\" typeof=\"WebPage\" title=\"Ir a Servicios.\" href=\"https:\/\/www.esmuc.cat\/es\/servicios\/\" class=\"post post-page\" ><span property=\"name\">Servicios<\/span><\/a><meta property=\"position\" content=\"2\"><\/span> &gt; <span property=\"itemListElement\" typeof=\"ListItem\"><a property=\"item\" typeof=\"WebPage\" title=\"Ir a Biblioteca-CRAI de la ESMUC.\" href=\"https:\/\/www.esmuc.cat\/es\/servicios\/biblioteca-crai\/\" class=\"post post-page\" ><span property=\"name\">Biblioteca-CRAI de la ESMUC<\/span><\/a><meta property=\"position\" content=\"3\"><\/span> &gt; <span property=\"itemListElement\" typeof=\"ListItem\"><a property=\"item\" typeof=\"WebPage\" title=\"Ir a Fondos y coleciones.\" href=\"https:\/\/www.esmuc.cat\/es\/servicios\/biblioteca-crai\/fondos-y-colecciones\/\" class=\"post post-page\" ><span property=\"name\">Fondos y coleciones<\/span><\/a><meta property=\"position\" content=\"4\"><\/span> &gt; <span property=\"itemListElement\" typeof=\"ListItem\"><a property=\"item\" typeof=\"WebPage\" title=\"Ir a Archivos y fondos personales.\" href=\"https:\/\/www.esmuc.cat\/es\/servicios\/biblioteca-crai\/fondos-y-colecciones\/archivos-y-fondos-personales\/\" class=\"post post-page\" ><span property=\"name\">Archivos y fondos personales<\/span><\/a><meta property=\"position\" content=\"5\"><\/span> &gt; <span property=\"itemListElement\" typeof=\"ListItem\"><span property=\"name\" class=\"post post-page current-item\">Enric Ainaud<\/span><meta property=\"url\" content=\"https:\/\/www.esmuc.cat\/es\/servicios\/biblioteca-crai\/fondos-y-colecciones\/archivos-y-fondos-personales\/enric-ainaud\/\"><meta property=\"position\" content=\"6\"><\/span><\/div>\n\n\n\n<h1 class=\"wp-block-heading\">Enric Ainaud (Alicante, 1875-Barcelona, 1958)<\/h1>\n\n\n\n<div style=\"height:30px\" aria-hidden=\"true\" class=\"wp-block-spacer\"><\/div>\n\n\n\n<div id=\"section-g835988\" class=\"wp-block-gutentor-e7 section-g835988 gutentor-element gutentor-element-list\"><ul class=\"grid-row gutentor-grid-item-wrap list-indicator-icon\"><li class=\"gutentor-list-item grid-lg-12 grid-md-12 grid-12\"><span class=\"gutentor-single-item gutentor-single-item-0\"><span class=\"gutentor-list-item-wrap g-s-list-wrap\"><span class=\"gutentor-single-list-item-icon\"><i class=\"list-item-icon fas fa-angle-right\"><\/i><\/span><span class=\"gutentor-list-item\"><p class=\"gutentor-single-item-title\"> <strong>Biograf\u00eda<\/strong> <\/p><\/span><\/span><\/span><\/li><\/ul><\/div>\n\n\n\n<p>Enric Ainaud i S\u00e1nchez naci\u00f3 en Alicante el 7 de abril de 1875. Se form\u00f3 musicalmente en el Conservatori Superior del Liceu de Barcelona, y posteriormente, a la edad de 20 a\u00f1os, realiz\u00f3 una estancia de dos a\u00f1os en Par\u00eds para perfeccionarse en el dominio del viol\u00edn y la armon\u00eda.<br>De regreso a Barcelona, actu\u00f3 como viol\u00edn solista en la Orquestra Catalana de Concerts e integr\u00f3 el quinteto formado por Mathieu Crickboom, Enric Granados, Pau Casals y Josep Rocabruna (1897).<\/p>\n\n\n\n<p><br>En 1905 fund\u00f3 y dirigi\u00f3 la Academia Ainaud, de la cual surgieron artistas de alto nivel. Imparti\u00f3 clases de viol\u00edn y viola en la Acad\u00e8mia Musical de la Casa de Caritat, fue director art\u00edstico de la Associaci\u00f3 \u00cdntima de Concerts (1920), y en los a\u00f1os treinta fue tambi\u00e9n profesor de Educaci\u00f3n Musical en la Escola Normal de la Generalitat de Catalunya.<\/p>\n\n\n\n<p><br>El Gobierno franc\u00e9s lo nombr\u00f3 caballero de la Legi\u00f3n de Honor y corresponsal de la Association Fran\u00e7aise d&#8217;Expansion et d&#8217;\u00c9changes Artistiques, que depend\u00eda del Ministerio de Instrucci\u00f3n P\u00fablica del pa\u00eds vecino. Tambi\u00e9n recibi\u00f3 la Cruz de Alfonso X el Sabio por parte del Gobierno espa\u00f1ol.<\/p>\n\n\n\n<p><br>Es autor de un prestigioso M\u00e9todo de viol\u00edn y tradujo al espa\u00f1ol el m\u00e9todo de solfeo de Andr\u00e9 G\u00e9dalge. Compuso m\u00e1s de sesenta piezas para viol\u00edn y piano, entre las cuales han obtenido gran notoriedad unas canciones infantiles armonizadas. Muri\u00f3 en Barcelona, el 26 de abril de 1958.<\/p>\n\n\n\n<div style=\"height:30px\" aria-hidden=\"true\" class=\"wp-block-spacer\"><\/div>\n\n\n\n<div id=\"section-gf128cb\" class=\"wp-block-gutentor-e7 section-gf128cb gutentor-element gutentor-element-list\"><ul class=\"grid-row gutentor-grid-item-wrap list-indicator-icon\"><li class=\"gutentor-list-item grid-lg-12 grid-md-12 grid-12\"><span class=\"gutentor-single-item gutentor-single-item-0\"><span class=\"gutentor-list-item-wrap g-s-list-wrap\"><span class=\"gutentor-single-list-item-icon\"><i class=\"list-item-icon fas fa-angle-right\"><\/i><\/span><span class=\"gutentor-list-item\"><p class=\"gutentor-single-item-title\"> <strong>Inventario<\/strong> <\/p><\/span><\/span><\/span><\/li><\/ul><\/div>\n\n\n\n<p>El fondo est\u00e1 compuesto por unas 300 unidades documentales mayormente partituras impresas, m\u00e1s de ua veintena de partituras manuscritas y algunas monograf\u00edas impresas. Se trata del material de trabajo del propio m\u00fasico.<\/p>\n\n\n\n<p>Desde el a\u00f1o 2016 forma parte de las colecciones de la Biblioteca de la Esmuc. El fondo no est\u00e1 catalogado pero puede consultarse el inventario:<\/p>\n\n\n\n<div id=\"section-g3fd4b9\" class=\"wp-block-gutentor-e2 section-g3fd4b9 gutentor-element gutentor-element-button\"><span class=\"gutentor-button-wrap\"><a class=\"gutentor-button gutentor-block-button gutentor-icon-hide\" href=\"https:\/\/www.esmuc.cat\/wp-content\/uploads\/2021\/11\/Inventari-Enric-Ainaud.xlsx\"><i class=\"gutentor-button-icon fas fa-book\"><\/i><span>Inventario<\/span><\/a><\/span><\/div>\n<\/div>\n<\/div>\n\n\n","protected":false},"excerpt":{"rendered":"<p>Enric Ainaud (Alicante, 1875-Barcelona, 1958) Enric Ainaud i S\u00e1nchez naci\u00f3 en Alicante el 7 de abril de 1875. Se form\u00f3 musicalmente en el Conservatori Superior del Liceu de Barcelona, y posteriormente, a la edad de 20 a\u00f1os, realiz\u00f3 una estancia de dos a\u00f1os en Par\u00eds para perfeccionarse en el dominio del viol\u00edn y la armon\u00eda.De [&hellip;]<\/p>\n","protected":false},"author":5,"featured_media":0,"parent":41749,"menu_order":5,"comment_status":"closed","ping_status":"closed","template":"","meta":{"_acf_changed":false,"_themeisle_gutenberg_block_has_review":false,"footnotes":""},"categories":[1316],"tags":[1425,1426],"class_list":["post-41433","page","type-page","status-publish","hentry","category-biblioteca-crai-es","tag-donacions","tag-fons-personals"],"acf":[],"publishpress_future_action":{"enabled":false,"date":"2026-05-02 16:00:54","action":"change-status","newStatus":"draft","terms":[],"taxonomy":"category","extraData":[]},"publishpress_future_workflow_manual_trigger":{"enabledWorkflows":[]},"_links":{"self":[{"href":"https:\/\/www.esmuc.cat\/es\/wp-json\/wp\/v2\/pages\/41433","targetHints":{"allow":["GET"]}}],"collection":[{"href":"https:\/\/www.esmuc.cat\/es\/wp-json\/wp\/v2\/pages"}],"about":[{"href":"https:\/\/www.esmuc.cat\/es\/wp-json\/wp\/v2\/types\/page"}],"author":[{"embeddable":true,"href":"https:\/\/www.esmuc.cat\/es\/wp-json\/wp\/v2\/users\/5"}],"replies":[{"embeddable":true,"href":"https:\/\/www.esmuc.cat\/es\/wp-json\/wp\/v2\/comments?post=41433"}],"version-history":[{"count":3,"href":"https:\/\/www.esmuc.cat\/es\/wp-json\/wp\/v2\/pages\/41433\/revisions"}],"predecessor-version":[{"id":42182,"href":"https:\/\/www.esmuc.cat\/es\/wp-json\/wp\/v2\/pages\/41433\/revisions\/42182"}],"up":[{"embeddable":true,"href":"https:\/\/www.esmuc.cat\/es\/wp-json\/wp\/v2\/pages\/41749"}],"wp:attachment":[{"href":"https:\/\/www.esmuc.cat\/es\/wp-json\/wp\/v2\/media?parent=41433"}],"wp:term":[{"taxonomy":"category","embeddable":true,"href":"https:\/\/www.esmuc.cat\/es\/wp-json\/wp\/v2\/categories?post=41433"},{"taxonomy":"post_tag","embeddable":true,"href":"https:\/\/www.esmuc.cat\/es\/wp-json\/wp\/v2\/tags?post=41433"}],"curies":[{"name":"wp","href":"https:\/\/api.w.org\/{rel}","templated":true}]}}