{"id":41418,"date":"2021-10-11T12:17:21","date_gmt":"2021-10-11T10:17:21","guid":{"rendered":"https:\/\/www.esmuc.cat\/josep-maria-ainaud-de-lasarte\/"},"modified":"2022-05-13T15:23:11","modified_gmt":"2022-05-13T13:23:11","slug":"josep-maria-ainaud-de-lasarte","status":"publish","type":"page","link":"https:\/\/www.esmuc.cat\/es\/servicios\/biblioteca-crai\/fondos-y-colecciones\/archivos-y-fondos-personales\/josep-maria-ainaud-de-lasarte\/","title":{"rendered":"Josep Maria Ainaud de Lasarte"},"content":{"rendered":"\n<div class=\"wp-block-columns is-layout-flex wp-container-core-columns-is-layout-9d6595d7 wp-block-columns-is-layout-flex\">\n<div class=\"wp-block-column esmuc__Menu_Masters is-layout-flow wp-block-column-is-layout-flow\" style=\"flex-basis:33.33%\">\n\n<\/div>\n\n\n\n<div class=\"wp-block-column is-layout-flow wp-block-column-is-layout-flow\" style=\"flex-basis:66.66%\"><div class=\"breadcrumbs align  wp-block-bcn-breadcrumb-trail has-text-color has-background\" vocab=\"https:\/\/schema.org\/\" typeof=\"BreadcrumbList\">\n\t<span><\/span>\n\t<span property=\"itemListElement\" typeof=\"ListItem\"><a property=\"item\" typeof=\"WebPage\" title=\"Ir a ESMUC.\" href=\"https:\/\/www.esmuc.cat\/es\/\" class=\"home\" ><span property=\"name\">ESMUC<\/span><\/a><meta property=\"position\" content=\"1\"><\/span> &gt; <span property=\"itemListElement\" typeof=\"ListItem\"><a property=\"item\" typeof=\"WebPage\" title=\"Ir a Servicios.\" href=\"https:\/\/www.esmuc.cat\/es\/servicios\/\" class=\"post post-page\" ><span property=\"name\">Servicios<\/span><\/a><meta property=\"position\" content=\"2\"><\/span> &gt; <span property=\"itemListElement\" typeof=\"ListItem\"><a property=\"item\" typeof=\"WebPage\" title=\"Ir a Biblioteca-CRAI de la ESMUC.\" href=\"https:\/\/www.esmuc.cat\/es\/servicios\/biblioteca-crai\/\" class=\"post post-page\" ><span property=\"name\">Biblioteca-CRAI de la ESMUC<\/span><\/a><meta property=\"position\" content=\"3\"><\/span> &gt; <span property=\"itemListElement\" typeof=\"ListItem\"><a property=\"item\" typeof=\"WebPage\" title=\"Ir a Fondos y coleciones.\" href=\"https:\/\/www.esmuc.cat\/es\/servicios\/biblioteca-crai\/fondos-y-colecciones\/\" class=\"post post-page\" ><span property=\"name\">Fondos y coleciones<\/span><\/a><meta property=\"position\" content=\"4\"><\/span> &gt; <span property=\"itemListElement\" typeof=\"ListItem\"><a property=\"item\" typeof=\"WebPage\" title=\"Ir a Archivos y fondos personales.\" href=\"https:\/\/www.esmuc.cat\/es\/servicios\/biblioteca-crai\/fondos-y-colecciones\/archivos-y-fondos-personales\/\" class=\"post post-page\" ><span property=\"name\">Archivos y fondos personales<\/span><\/a><meta property=\"position\" content=\"5\"><\/span> &gt; <span property=\"itemListElement\" typeof=\"ListItem\"><span property=\"name\" class=\"post post-page current-item\">Josep Maria Ainaud de Lasarte<\/span><meta property=\"url\" content=\"https:\/\/www.esmuc.cat\/es\/servicios\/biblioteca-crai\/fondos-y-colecciones\/archivos-y-fondos-personales\/josep-maria-ainaud-de-lasarte\/\"><meta property=\"position\" content=\"6\"><\/span><\/div>\n\n\n\n<h1 class=\"wp-block-heading\">Josep Maria Ainaud de Lasarte <\/h1>\n\n\n\n<h4 class=\"wp-block-heading\">(Barcelona, 13\/06\/1925-09\/08\/2012)<\/h4>\n\n\n\n<div style=\"height:30px\" aria-hidden=\"true\" class=\"wp-block-spacer\"><\/div>\n\n\n\n<div id=\"section-g9390fe\" class=\"wp-block-gutentor-e7 section-g9390fe gutentor-element gutentor-element-list\"><ul class=\"grid-row gutentor-grid-item-wrap list-indicator-icon\"><li class=\"gutentor-list-item grid-lg-12 grid-md-12 grid-12\"><span class=\"gutentor-single-item gutentor-single-item-0\"><span class=\"gutentor-list-item-wrap g-s-list-wrap\"><span class=\"gutentor-single-list-item-icon\"><i class=\"list-item-icon fas fa-angle-right\"><\/i><\/span><span class=\"gutentor-list-item\"><p class=\"gutentor-single-item-title\"> <strong>Biograf\u00eda<\/strong> <\/p><\/span><\/span><\/span><\/li><\/ul><\/div>\n\n\n\n<p>Abogado, historiador y pol\u00edtico. Miembro activo de diversas organizaciones en los a\u00f1os de postguerra , colabor\u00f3 en la mayor\u00eda de diaros, revistas, emisiones de radio y de televisi\u00f3n catalanas, divulgando temas de cultura o de nacionalismo.<\/p>\n\n\n\n<p>Afiliado a Converg\u00e8ncia Democr\u00e0tica de Catalunya, fue diputado en el Parlament de Catalunya (1980-84) y regidor por Barcelona (1987-90). En 1994 le fue otrgado el Premio de Honor Jaume I. Es significativa su labor pol\u00edtica, aunque podr\u00eda decirse que su vida y obra se han centrado en la promoci\u00f3n de la historia y de la cultura en Catalu\u00f1a. Fue fundador de la Societat Catalana d\u2019Estudis Jur\u00eddics, Econ\u00f2mics i Socials. Recibi\u00f3 el premio Jaume I per su labor de promoci\u00f3n de la cultura catalana y tambi\u00e9n el premio Reinals, por \u00abPrat de la Riba, home de govern\u00bb.<\/p>\n\n\n\n<div style=\"height:30px\" aria-hidden=\"true\" class=\"wp-block-spacer\"><\/div>\n\n\n\n<div id=\"section-gb05371\" class=\"wp-block-gutentor-e7 section-gb05371 gutentor-element gutentor-element-list\"><ul class=\"grid-row gutentor-grid-item-wrap list-indicator-icon\"><li class=\"gutentor-list-item grid-lg-12 grid-md-12 grid-12\"><span class=\"gutentor-single-item gutentor-single-item-0\"><span class=\"gutentor-list-item-wrap g-s-list-wrap\"><span class=\"gutentor-single-list-item-icon\"><i class=\"list-item-icon fas fa-angle-right\"><\/i><\/span><span class=\"gutentor-list-item\"><p class=\"gutentor-single-item-title\"> <strong>Inventario<\/strong> <\/p><\/span><\/span><\/span><\/li><\/ul><\/div>\n\n\n\n<p>El fondo reune la biblioteca musical de Ainaud de Lasarte, con una importante representaci\u00f3n de grabaciones de sellos discogr\u00e1ficos catalanes. La donaci\u00f3n est\u00e1 formada principalmente por discos de vinilo de 33, 45 y 78 rpm, as\u00ed como 71 monograf\u00edas, 140 recortes de diarios y revistas, 73 programas de mano de conciertos y actas relacionadas con el mundo de la m\u00fasica, carteles y tarjetas de invitaci\u00f3n a conciertos. Des de el a\u00f1o 2007 forma parte de las colecciones de la Biblioteca de la ESMUC. <\/p>\n\n\n\n<p>El fondo no est\u00e1 catalogado pero puede consultarse el inventario:<\/p>\n\n\n\n<div id=\"section-ge8753a\" class=\"wp-block-gutentor-e2 section-ge8753a gutentor-element gutentor-element-button\"><span class=\"gutentor-button-wrap\"><a class=\"gutentor-button gutentor-block-button gutentor-icon-hide\" href=\"\/wp-content\/uploads\/2021\/10\/Inventari-donacio-Josep-Maria-Ainaud-de-Lasarte.pdf\"><i class=\"gutentor-button-icon fas fa-book\"><\/i><span>Inventario<\/span><\/a><\/span><\/div>\n<\/div>\n<\/div>\n\n\n","protected":false},"excerpt":{"rendered":"<p>Josep Maria Ainaud de Lasarte (Barcelona, 13\/06\/1925-09\/08\/2012) Abogado, historiador y pol\u00edtico. Miembro activo de diversas organizaciones en los a\u00f1os de postguerra , colabor\u00f3 en la mayor\u00eda de diaros, revistas, emisiones de radio y de televisi\u00f3n catalanas, divulgando temas de cultura o de nacionalismo. Afiliado a Converg\u00e8ncia Democr\u00e0tica de Catalunya, fue diputado en el Parlament de [&hellip;]<\/p>\n","protected":false},"author":5,"featured_media":0,"parent":41749,"menu_order":5,"comment_status":"closed","ping_status":"closed","template":"","meta":{"_acf_changed":false,"_themeisle_gutenberg_block_has_review":false,"footnotes":""},"categories":[1316],"tags":[1425,1426],"class_list":["post-41418","page","type-page","status-publish","hentry","category-biblioteca-crai-es","tag-donacions","tag-fons-personals"],"acf":[],"publishpress_future_action":{"enabled":false,"date":"2026-04-21 23:33:47","action":"change-status","newStatus":"draft","terms":[],"taxonomy":"category","extraData":[]},"publishpress_future_workflow_manual_trigger":{"enabledWorkflows":[]},"_links":{"self":[{"href":"https:\/\/www.esmuc.cat\/es\/wp-json\/wp\/v2\/pages\/41418","targetHints":{"allow":["GET"]}}],"collection":[{"href":"https:\/\/www.esmuc.cat\/es\/wp-json\/wp\/v2\/pages"}],"about":[{"href":"https:\/\/www.esmuc.cat\/es\/wp-json\/wp\/v2\/types\/page"}],"author":[{"embeddable":true,"href":"https:\/\/www.esmuc.cat\/es\/wp-json\/wp\/v2\/users\/5"}],"replies":[{"embeddable":true,"href":"https:\/\/www.esmuc.cat\/es\/wp-json\/wp\/v2\/comments?post=41418"}],"version-history":[{"count":2,"href":"https:\/\/www.esmuc.cat\/es\/wp-json\/wp\/v2\/pages\/41418\/revisions"}],"predecessor-version":[{"id":41431,"href":"https:\/\/www.esmuc.cat\/es\/wp-json\/wp\/v2\/pages\/41418\/revisions\/41431"}],"up":[{"embeddable":true,"href":"https:\/\/www.esmuc.cat\/es\/wp-json\/wp\/v2\/pages\/41749"}],"wp:attachment":[{"href":"https:\/\/www.esmuc.cat\/es\/wp-json\/wp\/v2\/media?parent=41418"}],"wp:term":[{"taxonomy":"category","embeddable":true,"href":"https:\/\/www.esmuc.cat\/es\/wp-json\/wp\/v2\/categories?post=41418"},{"taxonomy":"post_tag","embeddable":true,"href":"https:\/\/www.esmuc.cat\/es\/wp-json\/wp\/v2\/tags?post=41418"}],"curies":[{"name":"wp","href":"https:\/\/api.w.org\/{rel}","templated":true}]}}