{"id":41310,"date":"2021-11-25T15:36:49","date_gmt":"2021-11-25T14:36:49","guid":{"rendered":"https:\/\/www.esmuc.cat\/biblioteca-crai\/serveis-biblioteca\/com-demanar-documents-del-diposit\/"},"modified":"2022-05-13T15:27:03","modified_gmt":"2022-05-13T13:27:03","slug":"como-solicitar-documentos-del-deposito","status":"publish","type":"page","link":"https:\/\/www.esmuc.cat\/es\/servicios\/biblioteca-crai\/serveis-biblioteca\/como-solicitar-documentos-del-deposito\/","title":{"rendered":"C\u00f3mo solicitar documentos del dep\u00f3sito"},"content":{"rendered":"\n<div class=\"wp-block-columns is-layout-flex wp-container-core-columns-is-layout-9d6595d7 wp-block-columns-is-layout-flex\">\n<div class=\"wp-block-column esmuc__Menu_Masters is-layout-flow wp-block-column-is-layout-flow\" style=\"flex-basis:33.33%\">\n\n<\/div>\n\n\n\n<div class=\"wp-block-column is-layout-flow wp-block-column-is-layout-flow\" style=\"flex-basis:66.66%\"><div class=\"breadcrumbs align  wp-block-bcn-breadcrumb-trail has-text-color has-background\" vocab=\"https:\/\/schema.org\/\" typeof=\"BreadcrumbList\">\n\t<span><\/span>\n\t<span property=\"itemListElement\" typeof=\"ListItem\"><a property=\"item\" typeof=\"WebPage\" title=\"Ir a ESMUC.\" href=\"https:\/\/www.esmuc.cat\/es\/\" class=\"home\" ><span property=\"name\">ESMUC<\/span><\/a><meta property=\"position\" content=\"1\"><\/span> &gt; <span property=\"itemListElement\" typeof=\"ListItem\"><a property=\"item\" typeof=\"WebPage\" title=\"Ir a Servicios.\" href=\"https:\/\/www.esmuc.cat\/es\/servicios\/\" class=\"post post-page\" ><span property=\"name\">Servicios<\/span><\/a><meta property=\"position\" content=\"2\"><\/span> &gt; <span property=\"itemListElement\" typeof=\"ListItem\"><a property=\"item\" typeof=\"WebPage\" title=\"Ir a Biblioteca-CRAI de la ESMUC.\" href=\"https:\/\/www.esmuc.cat\/es\/servicios\/biblioteca-crai\/\" class=\"post post-page\" ><span property=\"name\">Biblioteca-CRAI de la ESMUC<\/span><\/a><meta property=\"position\" content=\"3\"><\/span> &gt; <span property=\"itemListElement\" typeof=\"ListItem\"><a property=\"item\" typeof=\"WebPage\" title=\"Ir a Servicios biblioteca.\" href=\"https:\/\/www.esmuc.cat\/es\/servicios\/biblioteca-crai\/serveis-biblioteca\/\" class=\"post post-page\" ><span property=\"name\">Servicios biblioteca<\/span><\/a><meta property=\"position\" content=\"4\"><\/span> &gt; <span property=\"itemListElement\" typeof=\"ListItem\"><span property=\"name\" class=\"post post-page current-item\">C\u00f3mo solicitar documentos del dep\u00f3sito<\/span><meta property=\"url\" content=\"https:\/\/www.esmuc.cat\/es\/servicios\/biblioteca-crai\/serveis-biblioteca\/como-solicitar-documentos-del-deposito\/\"><meta property=\"position\" content=\"5\"><\/span><\/div>\n\n\n\n<h1 class=\"wp-block-heading\">C\u00f3mo solicitar documentos del dep\u00f3sito<\/h1>\n\n\n\n<div style=\"height:44px\" aria-hidden=\"true\" class=\"wp-block-spacer\"><\/div>\n\n\n\n<p>Los antiguos n\u00fameros de revistas, documentos de reserva y documentos duplicados se encuentran en el dep\u00f3sito.<\/p>\n\n\n\n<p>Para consultar cualquiera de estos documentos, es necesario contactar con el personal de la biblioteca, ya sea en el mostrador de informaci\u00f3n, por tel\u00e9fono, por whatsapp o a trav\u00e9s del <a href=\"https:\/\/www.esmuc.cat\/escola\/contacte-i-acces\/contacte\/\">formulario web<\/a>.<\/p>\n\n\n\n<p>Semanalmente, cada lunes, el personal de la biblioteca recoge del dep\u00f3sito las demandas de documentos realizadas entre el lunes de la semana anterior y el viernes de la semana en curso.<\/p>\n<\/div>\n<\/div>\n","protected":false},"excerpt":{"rendered":"<p>C\u00f3mo solicitar documentos del dep\u00f3sito Los antiguos n\u00fameros de revistas, documentos de reserva y documentos duplicados se encuentran en el dep\u00f3sito. Para consultar cualquiera de estos documentos, es necesario contactar con el personal de la biblioteca, ya sea en el mostrador de informaci\u00f3n, por tel\u00e9fono, por whatsapp o a trav\u00e9s del formulario web. Semanalmente, cada [&hellip;]<\/p>\n","protected":false},"author":5,"featured_media":0,"parent":41191,"menu_order":4,"comment_status":"closed","ping_status":"closed","template":"","meta":{"_acf_changed":false,"_themeisle_gutenberg_block_has_review":false,"footnotes":""},"categories":[1316],"tags":[],"class_list":["post-41310","page","type-page","status-publish","hentry","category-biblioteca-crai-es"],"acf":[],"publishpress_future_action":{"enabled":false,"date":"2026-04-16 10:51:27","action":"change-status","newStatus":"draft","terms":[],"taxonomy":"category","extraData":[]},"publishpress_future_workflow_manual_trigger":{"enabledWorkflows":[]},"_links":{"self":[{"href":"https:\/\/www.esmuc.cat\/es\/wp-json\/wp\/v2\/pages\/41310","targetHints":{"allow":["GET"]}}],"collection":[{"href":"https:\/\/www.esmuc.cat\/es\/wp-json\/wp\/v2\/pages"}],"about":[{"href":"https:\/\/www.esmuc.cat\/es\/wp-json\/wp\/v2\/types\/page"}],"author":[{"embeddable":true,"href":"https:\/\/www.esmuc.cat\/es\/wp-json\/wp\/v2\/users\/5"}],"replies":[{"embeddable":true,"href":"https:\/\/www.esmuc.cat\/es\/wp-json\/wp\/v2\/comments?post=41310"}],"version-history":[{"count":3,"href":"https:\/\/www.esmuc.cat\/es\/wp-json\/wp\/v2\/pages\/41310\/revisions"}],"predecessor-version":[{"id":42187,"href":"https:\/\/www.esmuc.cat\/es\/wp-json\/wp\/v2\/pages\/41310\/revisions\/42187"}],"up":[{"embeddable":true,"href":"https:\/\/www.esmuc.cat\/es\/wp-json\/wp\/v2\/pages\/41191"}],"wp:attachment":[{"href":"https:\/\/www.esmuc.cat\/es\/wp-json\/wp\/v2\/media?parent=41310"}],"wp:term":[{"taxonomy":"category","embeddable":true,"href":"https:\/\/www.esmuc.cat\/es\/wp-json\/wp\/v2\/categories?post=41310"},{"taxonomy":"post_tag","embeddable":true,"href":"https:\/\/www.esmuc.cat\/es\/wp-json\/wp\/v2\/tags?post=41310"}],"curies":[{"name":"wp","href":"https:\/\/api.w.org\/{rel}","templated":true}]}}