{"id":41308,"date":"2021-11-25T15:25:38","date_gmt":"2021-11-25T14:25:38","guid":{"rendered":"https:\/\/www.esmuc.cat\/biblioteca-crai\/serveis-biblioteca\/com-saccedeix-als-recursos-electronics\/"},"modified":"2022-05-13T15:39:17","modified_gmt":"2022-05-13T13:39:17","slug":"como-se-accede-a-los-recursos-electronicos","status":"publish","type":"page","link":"https:\/\/www.esmuc.cat\/es\/servicios\/biblioteca-crai\/serveis-biblioteca\/como-se-accede-a-los-recursos-electronicos\/","title":{"rendered":"C\u00f3mo se accede a los recursos electr\u00f3nicos"},"content":{"rendered":"\n<div class=\"wp-block-columns is-layout-flex wp-container-core-columns-is-layout-9d6595d7 wp-block-columns-is-layout-flex\">\n<div class=\"wp-block-column esmuc__Menu_Masters is-layout-flow wp-block-column-is-layout-flow\" style=\"flex-basis:33.33%\">\n\n<\/div>\n\n\n\n<div class=\"wp-block-column is-layout-flow wp-block-column-is-layout-flow\" style=\"flex-basis:66.66%\"><div class=\"breadcrumbs align  wp-block-bcn-breadcrumb-trail has-text-color has-background\" vocab=\"https:\/\/schema.org\/\" typeof=\"BreadcrumbList\">\n\t<span><\/span>\n\t<span property=\"itemListElement\" typeof=\"ListItem\"><a property=\"item\" typeof=\"WebPage\" title=\"Ir a ESMUC.\" href=\"https:\/\/www.esmuc.cat\/es\/\" class=\"home\" ><span property=\"name\">ESMUC<\/span><\/a><meta property=\"position\" content=\"1\"><\/span> &gt; <span property=\"itemListElement\" typeof=\"ListItem\"><a property=\"item\" typeof=\"WebPage\" title=\"Ir a Servicios.\" href=\"https:\/\/www.esmuc.cat\/es\/servicios\/\" class=\"post post-page\" ><span property=\"name\">Servicios<\/span><\/a><meta property=\"position\" content=\"2\"><\/span> &gt; <span property=\"itemListElement\" typeof=\"ListItem\"><a property=\"item\" typeof=\"WebPage\" title=\"Ir a Biblioteca-CRAI de la ESMUC.\" href=\"https:\/\/www.esmuc.cat\/es\/servicios\/biblioteca-crai\/\" class=\"post post-page\" ><span property=\"name\">Biblioteca-CRAI de la ESMUC<\/span><\/a><meta property=\"position\" content=\"3\"><\/span> &gt; <span property=\"itemListElement\" typeof=\"ListItem\"><a property=\"item\" typeof=\"WebPage\" title=\"Ir a Servicios biblioteca.\" href=\"https:\/\/www.esmuc.cat\/es\/servicios\/biblioteca-crai\/serveis-biblioteca\/\" class=\"post post-page\" ><span property=\"name\">Servicios biblioteca<\/span><\/a><meta property=\"position\" content=\"4\"><\/span> &gt; <span property=\"itemListElement\" typeof=\"ListItem\"><span property=\"name\" class=\"post post-page current-item\">C\u00f3mo se accede a los recursos electr\u00f3nicos<\/span><meta property=\"url\" content=\"https:\/\/www.esmuc.cat\/es\/servicios\/biblioteca-crai\/serveis-biblioteca\/como-se-accede-a-los-recursos-electronicos\/\"><meta property=\"position\" content=\"5\"><\/span><\/div>\n\n\n\n<h1 class=\"wp-block-heading\">C\u00f3mo se accede a los recursos electr\u00f3nicos<\/h1>\n\n\n\n<div style=\"height:44px\" aria-hidden=\"true\" class=\"wp-block-spacer\"><\/div>\n\n\n\n<p>La comunidad de estudiantes, profesorado y personal de la ESMUC tambi\u00e9n tiene la posibilidad de acceder desde cualquier ubicaci\u00f3n a los recursos digitales suscritos por la Biblioteca-CRAI.<\/p>\n\n\n\n<p>Para conectarse externamente deben seguirse los siguientes pasos:<\/p>\n\n\n\n<p><strong>1.<\/strong> Hacer clic en el enlace al recurso al que se desea acceder y consultar, de cualquier secci\u00f3n de <strong>Biblioteca digital y de Revistas suscritas.<\/strong><\/p>\n\n\n\n<p><strong>2.<\/strong> Si el recurso digital seleccionado es de suscripci\u00f3n-pago, se abrir\u00e1 una pantalla donde pedir\u00e1 usuario y contrase\u00f1a para acceder:<\/p>\n\n\n\n<div id=\"section-g868461\" class=\"wp-block-gutentor-e6 section-g868461 gutentor-element gutentor-element-image\"><div class=\"gutentor-element-image-box\"><div class=\"gutentor-image-thumb\"><img decoding=\"async\" class=\"normal-image\" src=\"http:\/\/www.esmuc.cat\/wp-content\/uploads\/2021\/10\/Acces_remot_oclc.png\" alt=\"Pantalla d'autenticaci\u00f3 per accedir als recursos electr\u00f2nic subscrits per la Biblioteca-CRAI ESMUC\" \/><\/div><\/div><\/div>\n\n\n\n<p><strong>3.<\/strong> En esta pantalla se debe introducir el usuario (username) y la contrase\u00f1a (password) que se utiliza para acceder a los diferentes recursos de ESMUC (Mi ESMUC, ASIMUT, Office365\u2026)<\/p>\n\n\n\n<p>A partir de ese momento, y hasta el cierre del navegador-sesi\u00f3n, se habilitar\u00e1 la consulta de los diferentes recursos suscritos por la Biblioteca-CRAI.<\/p>\n\n\n\n<p><strong>A continuaci\u00f3n le explicamos el procedimiento de forma visual:<\/strong><\/p>\n\n\n\n<section id=\"gmde3e9c7\" class=\"wp-block-gutentor-m3 section-gmde3e9c7 gutentor-module gutentor-container-cover\"><div class=\"grid-container\">\n<figure class=\"wp-block-video\"><video height=\"1080\" style=\"aspect-ratio: 1920 \/ 1080\" width=\"1920\" controls src=\"http:\/\/www.esmuc.cat\/wp-content\/uploads\/2021\/11\/Comaccedirbbdd-1.mp4\"><\/video><\/figure>\n<\/div><\/section>\n<\/div>\n<\/div>\n","protected":false},"excerpt":{"rendered":"<p>C\u00f3mo se accede a los recursos electr\u00f3nicos La comunidad de estudiantes, profesorado y personal de la ESMUC tambi\u00e9n tiene la posibilidad de acceder desde cualquier ubicaci\u00f3n a los recursos digitales suscritos por la Biblioteca-CRAI. Para conectarse externamente deben seguirse los siguientes pasos: 1. Hacer clic en el enlace al recurso al que se desea acceder [&hellip;]<\/p>\n","protected":false},"author":5,"featured_media":0,"parent":41191,"menu_order":4,"comment_status":"closed","ping_status":"closed","template":"","meta":{"_acf_changed":false,"_themeisle_gutenberg_block_has_review":false,"footnotes":""},"categories":[1316],"tags":[1428],"class_list":["post-41308","page","type-page","status-publish","hentry","category-biblioteca-crai-es","tag-acces-remot"],"acf":[],"publishpress_future_action":{"enabled":false,"date":"2026-05-02 07:28:31","action":"change-status","newStatus":"draft","terms":[],"taxonomy":"category","extraData":[]},"publishpress_future_workflow_manual_trigger":{"enabledWorkflows":[]},"_links":{"self":[{"href":"https:\/\/www.esmuc.cat\/es\/wp-json\/wp\/v2\/pages\/41308","targetHints":{"allow":["GET"]}}],"collection":[{"href":"https:\/\/www.esmuc.cat\/es\/wp-json\/wp\/v2\/pages"}],"about":[{"href":"https:\/\/www.esmuc.cat\/es\/wp-json\/wp\/v2\/types\/page"}],"author":[{"embeddable":true,"href":"https:\/\/www.esmuc.cat\/es\/wp-json\/wp\/v2\/users\/5"}],"replies":[{"embeddable":true,"href":"https:\/\/www.esmuc.cat\/es\/wp-json\/wp\/v2\/comments?post=41308"}],"version-history":[{"count":3,"href":"https:\/\/www.esmuc.cat\/es\/wp-json\/wp\/v2\/pages\/41308\/revisions"}],"predecessor-version":[{"id":42202,"href":"https:\/\/www.esmuc.cat\/es\/wp-json\/wp\/v2\/pages\/41308\/revisions\/42202"}],"up":[{"embeddable":true,"href":"https:\/\/www.esmuc.cat\/es\/wp-json\/wp\/v2\/pages\/41191"}],"wp:attachment":[{"href":"https:\/\/www.esmuc.cat\/es\/wp-json\/wp\/v2\/media?parent=41308"}],"wp:term":[{"taxonomy":"category","embeddable":true,"href":"https:\/\/www.esmuc.cat\/es\/wp-json\/wp\/v2\/categories?post=41308"},{"taxonomy":"post_tag","embeddable":true,"href":"https:\/\/www.esmuc.cat\/es\/wp-json\/wp\/v2\/tags?post=41308"}],"curies":[{"name":"wp","href":"https:\/\/api.w.org\/{rel}","templated":true}]}}