{"id":41307,"date":"2021-11-25T15:50:25","date_gmt":"2021-11-25T14:50:25","guid":{"rendered":"https:\/\/www.esmuc.cat\/biblioteca-crai\/serveis-biblioteca\/com-funciona-la-maquina-dautoprestec\/"},"modified":"2022-05-13T15:41:26","modified_gmt":"2022-05-13T13:41:26","slug":"como-funciona-la-maquina-de-autoprestamo","status":"publish","type":"page","link":"https:\/\/www.esmuc.cat\/es\/servicios\/biblioteca-crai\/serveis-biblioteca\/como-funciona-la-maquina-de-autoprestamo\/","title":{"rendered":"C\u00f3mo funciona la m\u00e1quina de autopr\u00e9stamo"},"content":{"rendered":"\n<div class=\"wp-block-columns is-layout-flex wp-container-core-columns-is-layout-9d6595d7 wp-block-columns-is-layout-flex\">\n<div class=\"wp-block-column esmuc__Menu_Masters is-layout-flow wp-block-column-is-layout-flow\" style=\"flex-basis:33.33%\">\n\n<\/div>\n\n\n\n<div class=\"wp-block-column is-layout-flow wp-block-column-is-layout-flow\" style=\"flex-basis:66.66%\"><div class=\"breadcrumbs align  wp-block-bcn-breadcrumb-trail has-text-color has-background\" vocab=\"https:\/\/schema.org\/\" typeof=\"BreadcrumbList\">\n\t<span><\/span>\n\t<span property=\"itemListElement\" typeof=\"ListItem\"><a property=\"item\" typeof=\"WebPage\" title=\"Ir a ESMUC.\" href=\"https:\/\/www.esmuc.cat\/es\/\" class=\"home\" ><span property=\"name\">ESMUC<\/span><\/a><meta property=\"position\" content=\"1\"><\/span> &gt; <span property=\"itemListElement\" typeof=\"ListItem\"><a property=\"item\" typeof=\"WebPage\" title=\"Ir a Servicios.\" href=\"https:\/\/www.esmuc.cat\/es\/servicios\/\" class=\"post post-page\" ><span property=\"name\">Servicios<\/span><\/a><meta property=\"position\" content=\"2\"><\/span> &gt; <span property=\"itemListElement\" typeof=\"ListItem\"><a property=\"item\" typeof=\"WebPage\" title=\"Ir a Biblioteca-CRAI de la ESMUC.\" href=\"https:\/\/www.esmuc.cat\/es\/servicios\/biblioteca-crai\/\" class=\"post post-page\" ><span property=\"name\">Biblioteca-CRAI de la ESMUC<\/span><\/a><meta property=\"position\" content=\"3\"><\/span> &gt; <span property=\"itemListElement\" typeof=\"ListItem\"><a property=\"item\" typeof=\"WebPage\" title=\"Ir a Servicios biblioteca.\" href=\"https:\/\/www.esmuc.cat\/es\/servicios\/biblioteca-crai\/serveis-biblioteca\/\" class=\"post post-page\" ><span property=\"name\">Servicios biblioteca<\/span><\/a><meta property=\"position\" content=\"4\"><\/span> &gt; <span property=\"itemListElement\" typeof=\"ListItem\"><span property=\"name\" class=\"post post-page current-item\">C\u00f3mo funciona la m\u00e1quina de autopr\u00e9stamo<\/span><meta property=\"url\" content=\"https:\/\/www.esmuc.cat\/es\/servicios\/biblioteca-crai\/serveis-biblioteca\/como-funciona-la-maquina-de-autoprestamo\/\"><meta property=\"position\" content=\"5\"><\/span><\/div>\n\n\n\n<h1 class=\"wp-block-heading\">C\u00f3mo funciona la m\u00e1quina de autopr\u00e9stamo<\/h1>\n\n\n\n<div style=\"height:44px\" aria-hidden=\"true\" class=\"wp-block-spacer\"><\/div>\n\n\n\n<p>La Biblioteca-CRAI de la ESMUC ofrece la posibilidad de <strong>coger en pr\u00e9stamo<\/strong> los documentos que necesitas de forma r\u00e1pida y f\u00e1cil con la m\u00e1quina de autopr\u00e9stamo.<\/p>\n\n\n\n<p>Adem\u00e1s, tambi\u00e9n puedes <strong>renovarlos <\/strong>si quieres tener unos d\u00edas m\u00e1s o <strong>devolverlos<\/strong> si finalizan los 15 d\u00edas de pr\u00e9stamo o ya no lo necesitas.<\/p>\n\n\n\n<p>Te explicamos c\u00f3mo de la forma m\u00e1s visual:<\/p>\n\n\n\n<section id=\"gm8283c92\" class=\"wp-block-gutentor-m3 section-gm8283c92 gutentor-module gutentor-container-cover\"><div class=\"grid-container\">\n<figure class=\"wp-block-video\"><video height=\"1080\" style=\"aspect-ratio: 1920 \/ 1080\" width=\"1920\" controls src=\"http:\/\/www.esmuc.cat\/wp-content\/uploads\/2021\/10\/Autoprestec_ESMUC.mp4\"><\/video><\/figure>\n\n\n\n<figure class=\"wp-block-video\"><video height=\"1080\" style=\"aspect-ratio: 1920 \/ 1080\" width=\"1920\" controls src=\"http:\/\/www.esmuc.cat\/wp-content\/uploads\/2021\/11\/Retorn.mp4\"><\/video><\/figure>\n<\/div><\/section>\n\n\n\n<section id=\"gm03e8ff8\" class=\"wp-block-gutentor-m3 section-gm03e8ff8 gutentor-module gutentor-container-cover\"><div class=\"grid-container\"><\/div><\/section>\n<\/div>\n<\/div>\n","protected":false},"excerpt":{"rendered":"<p>C\u00f3mo funciona la m\u00e1quina de autopr\u00e9stamo La Biblioteca-CRAI de la ESMUC ofrece la posibilidad de coger en pr\u00e9stamo los documentos que necesitas de forma r\u00e1pida y f\u00e1cil con la m\u00e1quina de autopr\u00e9stamo. Adem\u00e1s, tambi\u00e9n puedes renovarlos si quieres tener unos d\u00edas m\u00e1s o devolverlos si finalizan los 15 d\u00edas de pr\u00e9stamo o ya no lo [&hellip;]<\/p>\n","protected":false},"author":5,"featured_media":0,"parent":41191,"menu_order":5,"comment_status":"closed","ping_status":"closed","template":"","meta":{"_acf_changed":false,"_themeisle_gutenberg_block_has_review":false,"footnotes":""},"categories":[1316],"tags":[],"class_list":["post-41307","page","type-page","status-publish","hentry","category-biblioteca-crai-es"],"acf":[],"publishpress_future_action":{"enabled":false,"date":"2026-04-16 10:51:26","action":"change-status","newStatus":"draft","terms":[],"taxonomy":"category","extraData":[]},"publishpress_future_workflow_manual_trigger":{"enabledWorkflows":[]},"_links":{"self":[{"href":"https:\/\/www.esmuc.cat\/es\/wp-json\/wp\/v2\/pages\/41307","targetHints":{"allow":["GET"]}}],"collection":[{"href":"https:\/\/www.esmuc.cat\/es\/wp-json\/wp\/v2\/pages"}],"about":[{"href":"https:\/\/www.esmuc.cat\/es\/wp-json\/wp\/v2\/types\/page"}],"author":[{"embeddable":true,"href":"https:\/\/www.esmuc.cat\/es\/wp-json\/wp\/v2\/users\/5"}],"replies":[{"embeddable":true,"href":"https:\/\/www.esmuc.cat\/es\/wp-json\/wp\/v2\/comments?post=41307"}],"version-history":[{"count":3,"href":"https:\/\/www.esmuc.cat\/es\/wp-json\/wp\/v2\/pages\/41307\/revisions"}],"predecessor-version":[{"id":42207,"href":"https:\/\/www.esmuc.cat\/es\/wp-json\/wp\/v2\/pages\/41307\/revisions\/42207"}],"up":[{"embeddable":true,"href":"https:\/\/www.esmuc.cat\/es\/wp-json\/wp\/v2\/pages\/41191"}],"wp:attachment":[{"href":"https:\/\/www.esmuc.cat\/es\/wp-json\/wp\/v2\/media?parent=41307"}],"wp:term":[{"taxonomy":"category","embeddable":true,"href":"https:\/\/www.esmuc.cat\/es\/wp-json\/wp\/v2\/categories?post=41307"},{"taxonomy":"post_tag","embeddable":true,"href":"https:\/\/www.esmuc.cat\/es\/wp-json\/wp\/v2\/tags?post=41307"}],"curies":[{"name":"wp","href":"https:\/\/api.w.org\/{rel}","templated":true}]}}