{"id":41306,"date":"2021-11-25T15:19:39","date_gmt":"2021-11-25T14:19:39","guid":{"rendered":"https:\/\/www.esmuc.cat\/biblioteca-crai\/serveis-biblioteca\/com-es-classifiquen-els-documents-de-la-biblioteca\/"},"modified":"2022-05-13T15:35:38","modified_gmt":"2022-05-13T13:35:38","slug":"como-se-clasifican-los-documentos-de-la-biblioteca","status":"publish","type":"page","link":"https:\/\/www.esmuc.cat\/es\/servicios\/biblioteca-crai\/serveis-biblioteca\/como-se-clasifican-los-documentos-de-la-biblioteca\/","title":{"rendered":"C\u00f3mo se clasifican los documentos de la Biblioteca"},"content":{"rendered":"\n<div class=\"wp-block-columns is-layout-flex wp-container-core-columns-is-layout-9d6595d7 wp-block-columns-is-layout-flex\">\n<div class=\"wp-block-column esmuc__Menu_Masters is-layout-flow wp-block-column-is-layout-flow\" style=\"flex-basis:33.33%\">\n\n<\/div>\n\n\n\n<div class=\"wp-block-column is-layout-flow wp-block-column-is-layout-flow\" style=\"flex-basis:66.66%\"><div class=\"breadcrumbs align  wp-block-bcn-breadcrumb-trail has-text-color has-background\" vocab=\"https:\/\/schema.org\/\" typeof=\"BreadcrumbList\">\n\t<span><\/span>\n\t<span property=\"itemListElement\" typeof=\"ListItem\"><a property=\"item\" typeof=\"WebPage\" title=\"Ir a ESMUC.\" href=\"https:\/\/www.esmuc.cat\/es\/\" class=\"home\" ><span property=\"name\">ESMUC<\/span><\/a><meta property=\"position\" content=\"1\"><\/span> &gt; <span property=\"itemListElement\" typeof=\"ListItem\"><a property=\"item\" typeof=\"WebPage\" title=\"Ir a Servicios.\" href=\"https:\/\/www.esmuc.cat\/es\/servicios\/\" class=\"post post-page\" ><span property=\"name\">Servicios<\/span><\/a><meta property=\"position\" content=\"2\"><\/span> &gt; <span property=\"itemListElement\" typeof=\"ListItem\"><a property=\"item\" typeof=\"WebPage\" title=\"Ir a Biblioteca-CRAI de la ESMUC.\" href=\"https:\/\/www.esmuc.cat\/es\/servicios\/biblioteca-crai\/\" class=\"post post-page\" ><span property=\"name\">Biblioteca-CRAI de la ESMUC<\/span><\/a><meta property=\"position\" content=\"3\"><\/span> &gt; <span property=\"itemListElement\" typeof=\"ListItem\"><a property=\"item\" typeof=\"WebPage\" title=\"Ir a Servicios biblioteca.\" href=\"https:\/\/www.esmuc.cat\/es\/servicios\/biblioteca-crai\/serveis-biblioteca\/\" class=\"post post-page\" ><span property=\"name\">Servicios biblioteca<\/span><\/a><meta property=\"position\" content=\"4\"><\/span> &gt; <span property=\"itemListElement\" typeof=\"ListItem\"><span property=\"name\" class=\"post post-page current-item\">C\u00f3mo se clasifican los documentos de la Biblioteca<\/span><meta property=\"url\" content=\"https:\/\/www.esmuc.cat\/es\/servicios\/biblioteca-crai\/serveis-biblioteca\/como-se-clasifican-los-documentos-de-la-biblioteca\/\"><meta property=\"position\" content=\"5\"><\/span><\/div>\n\n\n\n<h1 class=\"wp-block-heading\">C\u00f3mo se clasifican los documentos de la Biblioteca<\/h1>\n\n\n\n<div style=\"height:44px\" aria-hidden=\"true\" class=\"wp-block-spacer\"><\/div>\n\n\n\n<div class=\"wp-block-columns is-layout-flex wp-container-core-columns-is-layout-9d6595d7 wp-block-columns-is-layout-flex\">\n<div class=\"wp-block-column is-layout-flow wp-block-column-is-layout-flow\"><\/div>\n<\/div>\n\n\n\n<p>La clasificaci\u00f3n permite la organizaci\u00f3n del fondo de una biblioteca y otorga un<strong> topogr\u00e1fico<\/strong>, un identificador, a cada documento para saber su ubicaci\u00f3n en la biblioteca.<\/p>\n\n\n\n<p>A menudo quieres encontrar un documento en la biblioteca y no sabes por qu\u00e9 pasillo empezar ni en qu\u00e9 estante buscar. Con la siguiente infograf\u00eda te ayudaremos a conocer c\u00f3mo se clasifican los documentos en la Biblioteca-CRAI de la ESMUC. <\/p>\n\n\n\n<section id=\"gm658415a\" class=\"wp-block-gutentor-m3 section-gm658415a gutentor-module gutentor-container-cover\"><div class=\"grid-container\">\n<div style=\"width: 100%\"><div style=\"position: relative;padding-bottom: 56.25%;padding-top: 0;height: 0\"><iframe loading=\"lazy\" frameborder=\"0\" width=\"1200\" height=\"675\" style=\"position: absolute;top: 0;left: 0;width: 100%;height: 100%\" src=\"https:\/\/view.genial.ly\/619cc863943b800de557b10d\" type=\"text\/html\" allowfullscreen=\"true\"><\/iframe> <\/div> <\/div>\n\n\n\n<hr class=\"wp-block-separator\" \/>\n\n\n\n<p>Las secciones no sujetas a ninguna de estas clasificaciones son: revistas, libros de literatura y documentos del dep\u00f3sito.<\/p>\n<\/div><\/section>\n\n\n\n<p> <\/p>\n<\/div>\n<\/div>\n","protected":false},"excerpt":{"rendered":"<p>C\u00f3mo se clasifican los documentos de la Biblioteca La clasificaci\u00f3n permite la organizaci\u00f3n del fondo de una biblioteca y otorga un topogr\u00e1fico, un identificador, a cada documento para saber su ubicaci\u00f3n en la biblioteca. A menudo quieres encontrar un documento en la biblioteca y no sabes por qu\u00e9 pasillo empezar ni en qu\u00e9 estante buscar. [&hellip;]<\/p>\n","protected":false},"author":5,"featured_media":0,"parent":41191,"menu_order":4,"comment_status":"closed","ping_status":"closed","template":"","meta":{"_acf_changed":false,"_themeisle_gutenberg_block_has_review":false,"footnotes":""},"categories":[1316],"tags":[1383],"class_list":["post-41306","page","type-page","status-publish","hentry","category-biblioteca-crai-es","tag-sessions-formatives-es"],"acf":[],"publishpress_future_action":{"enabled":false,"date":"2026-04-16 10:51:26","action":"change-status","newStatus":"draft","terms":[],"taxonomy":"category","extraData":[]},"publishpress_future_workflow_manual_trigger":{"enabledWorkflows":[]},"_links":{"self":[{"href":"https:\/\/www.esmuc.cat\/es\/wp-json\/wp\/v2\/pages\/41306","targetHints":{"allow":["GET"]}}],"collection":[{"href":"https:\/\/www.esmuc.cat\/es\/wp-json\/wp\/v2\/pages"}],"about":[{"href":"https:\/\/www.esmuc.cat\/es\/wp-json\/wp\/v2\/types\/page"}],"author":[{"embeddable":true,"href":"https:\/\/www.esmuc.cat\/es\/wp-json\/wp\/v2\/users\/5"}],"replies":[{"embeddable":true,"href":"https:\/\/www.esmuc.cat\/es\/wp-json\/wp\/v2\/comments?post=41306"}],"version-history":[{"count":3,"href":"https:\/\/www.esmuc.cat\/es\/wp-json\/wp\/v2\/pages\/41306\/revisions"}],"predecessor-version":[{"id":42197,"href":"https:\/\/www.esmuc.cat\/es\/wp-json\/wp\/v2\/pages\/41306\/revisions\/42197"}],"up":[{"embeddable":true,"href":"https:\/\/www.esmuc.cat\/es\/wp-json\/wp\/v2\/pages\/41191"}],"wp:attachment":[{"href":"https:\/\/www.esmuc.cat\/es\/wp-json\/wp\/v2\/media?parent=41306"}],"wp:term":[{"taxonomy":"category","embeddable":true,"href":"https:\/\/www.esmuc.cat\/es\/wp-json\/wp\/v2\/categories?post=41306"},{"taxonomy":"post_tag","embeddable":true,"href":"https:\/\/www.esmuc.cat\/es\/wp-json\/wp\/v2\/tags?post=41306"}],"curies":[{"name":"wp","href":"https:\/\/api.w.org\/{rel}","templated":true}]}}