{"id":41304,"date":"2022-05-06T12:50:06","date_gmt":"2022-05-06T10:50:06","guid":{"rendered":"https:\/\/www.esmuc.cat\/biblioteca-crai\/contacte-biblioteca\/"},"modified":"2025-11-17T10:16:01","modified_gmt":"2025-11-17T09:16:01","slug":"contacte-biblioteca","status":"publish","type":"page","link":"https:\/\/www.esmuc.cat\/es\/servicios\/biblioteca-crai\/contacte-biblioteca\/","title":{"rendered":"Contacto y acceso (Biblioteca-CRAI)"},"content":{"rendered":"\n<div class=\"wp-block-columns is-layout-flex wp-container-core-columns-is-layout-9d6595d7 wp-block-columns-is-layout-flex\">\n<div class=\"wp-block-column esmuc__Menu_Masters d-none d-lg-block is-layout-flow wp-block-column-is-layout-flow\" style=\"flex-basis:33.33%\">\n<\/div>\n\n\n\n<div class=\"wp-block-column is-layout-flow wp-block-column-is-layout-flow\" style=\"flex-basis:66.66%\"><div class=\"breadcrumbs align  wp-block-bcn-breadcrumb-trail has-text-color has-background\" vocab=\"https:\/\/schema.org\/\" typeof=\"BreadcrumbList\">\n\t<span><\/span>\n\t<span property=\"itemListElement\" typeof=\"ListItem\"><a property=\"item\" typeof=\"WebPage\" title=\"Ir a ESMUC.\" href=\"https:\/\/www.esmuc.cat\/es\/\" class=\"home\" ><span property=\"name\">ESMUC<\/span><\/a><meta property=\"position\" content=\"1\"><\/span> &gt; <span property=\"itemListElement\" typeof=\"ListItem\"><a property=\"item\" typeof=\"WebPage\" title=\"Ir a Servicios.\" href=\"https:\/\/www.esmuc.cat\/es\/servicios\/\" class=\"post post-page\" ><span property=\"name\">Servicios<\/span><\/a><meta property=\"position\" content=\"2\"><\/span> &gt; <span property=\"itemListElement\" typeof=\"ListItem\"><a property=\"item\" typeof=\"WebPage\" title=\"Ir a Biblioteca-CRAI de la ESMUC.\" href=\"https:\/\/www.esmuc.cat\/es\/servicios\/biblioteca-crai\/\" class=\"post post-page\" ><span property=\"name\">Biblioteca-CRAI de la ESMUC<\/span><\/a><meta property=\"position\" content=\"3\"><\/span> &gt; <span property=\"itemListElement\" typeof=\"ListItem\"><span property=\"name\" class=\"post post-page current-item\">Contacto y acceso (Biblioteca-CRAI)<\/span><meta property=\"url\" content=\"https:\/\/www.esmuc.cat\/es\/servicios\/biblioteca-crai\/contacte-biblioteca\/\"><meta property=\"position\" content=\"4\"><\/span><\/div>\n\n\n\n<h1 class=\"wp-block-heading\" id=\"contacte-i-acces-biblioteca-crai\"><\/h1>\n\n\n\n<h1 class=\"wp-block-heading\" id=\"contacte-i-acces-biblioteca-crai\">Contacto y acceso (Biblioteca-CRAI)<\/h1>\n\n\n\n<div style=\"height:28px\" aria-hidden=\"true\" class=\"wp-block-spacer\"><\/div>\n\n\n\n<p class=\"has-background\" style=\"background-color:#efefef\"><strong>Usuarios\/as externos\/as&nbsp;<\/strong><br>Encontrar\u00e9is la informaci\u00f3n sobre c\u00f3mo acceder a <a href=\"https:\/\/www.esmuc.cat\/es\/biblioteca-crai\/faqs\/\">Preguntas frecuentes<\/a>.<\/p>\n\n\n\n<div style=\"height:27px\" aria-hidden=\"true\" class=\"wp-block-spacer\"><\/div>\n\n\n\n<iframe src=\"https:\/\/www.google.com\/maps\/embed?pb=!1m18!1m12!1m3!1d2992.871188646299!2d2.1831844147135033!3d41.39860367926319!2m3!1f0!2f0!3f0!3m2!1i1024!2i768!4f13.1!3m3!1m2!1s0x12a4a31fc88db1cb%3A0x28885ba4adcd488d!2sEscola%20Superior%20de%20M%C3%BAsica%20de%20Catalunya%20(ESMUC)!5e0!3m2!1sca!2ses!4v1614942655531!5m2!1sca!2ses\" style=\"border:0;\" allowfullscreen=\"\" loading=\"lazy\" width=\"100%\" height=\"300\"><\/iframe>\n\n\n\n<div style=\"height:26px\" aria-hidden=\"true\" class=\"wp-block-spacer\"><\/div>\n\n\n\n<div class=\"wp-block-columns is-layout-flex wp-container-core-columns-is-layout-9d6595d7 wp-block-columns-is-layout-flex\">\n<div class=\"wp-block-column is-layout-flow wp-block-column-is-layout-flow\">\n<h2 class=\"wp-block-heading\" id=\"adreca\">Direcci\u00f3n<\/h2>\n\n\n\n<hr class=\"wp-block-separator has-css-opacity is-style-wide\"\/>\n\n\n\n<p>Escola Superior de M\u00fasica de Catalunya. Biblioteca-CRAI<\/p>\n\n\n\n<p>C. Padilla, 155 \u2013 Edificio L\u2019Auditori, 2a planta. 08013 Barcelona<\/p>\n\n\n\n<div style=\"height:110px\" aria-hidden=\"true\" class=\"wp-block-spacer\"><\/div>\n\n\n\n<h2 class=\"wp-block-heading\" id=\"horari\">Horario<\/h2>\n\n\n\n<hr class=\"wp-block-separator has-css-opacity is-style-wide\"\/>\n\n\n\n<p><\/p>\n\n\n\n<p><strong>Lunes<\/strong>: 10:00h a 18:00h<\/p>\n\n\n\n<p><strong>Martes<\/strong>:&nbsp;10:00h a 18:00h<\/p>\n\n\n\n<p><strong>Mi\u00e9rcoles<\/strong>:&nbsp;10:00h a 19:00h<\/p>\n\n\n\n<p><strong>Jueves<\/strong>:&nbsp;10:00h a 19:00h<\/p>\n\n\n\n<p><strong>Viernes<\/strong>:&nbsp;10:00h a 19:00h<\/p>\n\n\n\n<p><strong>S\u00e1bado<\/strong>:&nbsp;cerrado<\/p>\n\n\n\n<p><strong>Domingo<\/strong>: cerrado<\/p>\n\n\n\n<p><\/p>\n<\/div>\n\n\n\n<div class=\"wp-block-column is-layout-flow wp-block-column-is-layout-flow\">\n<h2 class=\"wp-block-heading\" id=\"contacte\">Contacto<\/h2>\n\n\n\n<hr class=\"wp-block-separator has-css-opacity is-style-wide\"\/>\n\n\n\n<div id=\"section-ge2bce2\" class=\"wp-block-gutentor-e7 section-ge2bce2 gutentor-element gutentor-element-list\"><ul class=\"grid-row gutentor-grid-item-wrap list-indicator-icon\"><li class=\"gutentor-list-item grid-lg-12 grid-md-12 grid-12\"><span class=\"gutentor-single-item gutentor-single-item-0\"><a class=\"gutentor-single-item-title-link\" href=\"tel:933523011\" rel=\"noopener\"><span class=\"gutentor-list-item-wrap g-s-list-wrap g-s-list-i-icon\"><span class=\"gutentor-single-list-item-icon\"><i class=\"list-item-icon fas fa-phone\"><\/i><\/span><span class=\"gutentor-list-item\"><p class=\"gutentor-single-item-title\">(+34) 93.352.30.11<\/p><\/span><\/span><\/a><\/span><\/li><li class=\"gutentor-list-item grid-lg-12 grid-md-12 grid-12\"><span class=\"gutentor-single-item gutentor-single-item-1\"><span class=\"gutentor-list-item-wrap g-s-list-wrap g-s-list-i-icon\"><span class=\"gutentor-single-list-item-icon\"><i class=\"list-item-icon fab fa-whatsapp\"><\/i><\/span><span class=\"gutentor-list-item\"><p class=\"gutentor-single-item-title\">(+34) 677.26.00.73 <\/p><\/span><\/span><\/span><\/li><li class=\"gutentor-list-item grid-lg-12 grid-md-12 grid-12\"><span class=\"gutentor-single-item gutentor-single-item-2\"><span class=\"gutentor-list-item-wrap g-s-list-wrap g-s-list-i-icon\"><span class=\"gutentor-single-list-item-icon\"><i class=\"list-item-icon far fa-envelope\"><\/i><\/span><span class=\"gutentor-list-item\"><p class=\"gutentor-single-item-title\">biblioteca@esmuc.cat\u00a0o a trav\u00e9s del\u00a0<a href=\"https:\/\/www.esmuc.cat\/escola\/contacte-i-acces\/contacte\/\">formulario<\/a>.<\/p><\/span><\/span><\/span><\/li><\/ul><\/div>\n\n\n\n<ul class=\"esmuc__rrss-crai\" style=\"display-flex\" ;=\"\">\n<li><a href=\"https:\/\/www.facebook.com\/Bibliotecaesmuc\" style=\"color: #414141\" target=\"_blank\" title=\"Facebook Biblioteca-CRAI ESMUC\" rel=\"noopener\"><i class=\"fab fa-facebook-f\" aria-hidden=\"true\"><\/i><\/a><\/li>\n<li><a href=\"https:\/\/www.youtube.com\/canalESMUC\" target=\"_blank\" title=\"CanalESMUC Youtube\" rel=\"noopener\"><i class=\"fab fa-youtube\" aria-hidden=\"true\"><\/i><\/a><\/li>\n<li><a href=\"https:\/\/twitter.com\/Bibliotecaesmuc\" target=\"_blank\" title=\"Twitter Biblioteca-CRAI ESMUC\" rel=\"noopener\"><i class=\"fab fa-twitter\" aria-hidden=\"true\"><\/i><\/a><\/li>\n<li><a href=\"https:\/\/www.instagram.com\/bibliotecaesmuc\/\" target=\"_blank\" title=\"Instagram Biblioteca-CRAI ESMUC\" rel=\"noopener\"><i class=\"fab fa-instagram\" aria-hidden=\"true\"><\/i><\/a><\/li>\n<\/ul>\n\n\n\n<div style=\"height:50px\" aria-hidden=\"true\" class=\"wp-block-spacer\"><\/div>\n\n\n\n<h2 class=\"wp-block-heading\" id=\"transports\">Transportes<\/h2>\n\n\n\n<hr class=\"wp-block-separator has-css-opacity is-style-wide\"\/>\n\n\n\n<p><strong>Metro<\/strong>:&nbsp;Marina (L\u00ednea 1); Monumental (L\u00ednea 2); Bogatell (L\u00ednea 4)<\/p>\n\n\n\n<p><strong>Tram<\/strong>: Auditori-Teatre Nacional (Trambes\u00f2s-l\u00ednea T4)<\/p>\n\n\n\n<p><strong>Bus<\/strong>:&nbsp;6, 7, 54, 62, 92, V21, H12, X1<\/p>\n\n\n\n<p><strong>Tren<\/strong>: Barcelona-Arc de Triomf (R1, R3, R4) ; Barcelona-Clot (R2)<\/p>\n<\/div>\n<\/div>\n<\/div>\n<\/div>\n\n\n\n<p><\/p>\n","protected":false},"excerpt":{"rendered":"<p>Contacto y acceso (Biblioteca-CRAI) Usuarios\/as externos\/as&nbsp;Encontrar\u00e9is la informaci\u00f3n sobre c\u00f3mo acceder a Preguntas frecuentes. Direcci\u00f3n Escola Superior de M\u00fasica de Catalunya. Biblioteca-CRAI C. Padilla, 155 \u2013 Edificio L\u2019Auditori, 2a planta. 08013 Barcelona Horario Lunes: 10:00h a 18:00h Martes:&nbsp;10:00h a 18:00h Mi\u00e9rcoles:&nbsp;10:00h a 19:00h Jueves:&nbsp;10:00h a 19:00h Viernes:&nbsp;10:00h a 19:00h S\u00e1bado:&nbsp;cerrado Domingo: cerrado Contacto Transportes Metro:&nbsp;Marina [&hellip;]<\/p>\n","protected":false},"author":4,"featured_media":0,"parent":39482,"menu_order":0,"comment_status":"closed","ping_status":"closed","template":"","meta":{"_acf_changed":false,"_themeisle_gutenberg_block_has_review":false,"footnotes":""},"categories":[1316],"tags":[1197,1327,1328,1330],"class_list":["post-41304","page","type-page","status-publish","hentry","category-biblioteca-crai-es","tag-acces","tag-biblioteca-es","tag-contacte-es","tag-ubicacio-es"],"acf":[],"publishpress_future_action":{"enabled":false,"date":"2026-04-30 18:37:59","action":"change-status","newStatus":"draft","terms":[],"taxonomy":"category","extraData":[]},"publishpress_future_workflow_manual_trigger":{"enabledWorkflows":[]},"_links":{"self":[{"href":"https:\/\/www.esmuc.cat\/es\/wp-json\/wp\/v2\/pages\/41304","targetHints":{"allow":["GET"]}}],"collection":[{"href":"https:\/\/www.esmuc.cat\/es\/wp-json\/wp\/v2\/pages"}],"about":[{"href":"https:\/\/www.esmuc.cat\/es\/wp-json\/wp\/v2\/types\/page"}],"author":[{"embeddable":true,"href":"https:\/\/www.esmuc.cat\/es\/wp-json\/wp\/v2\/users\/4"}],"replies":[{"embeddable":true,"href":"https:\/\/www.esmuc.cat\/es\/wp-json\/wp\/v2\/comments?post=41304"}],"version-history":[{"count":11,"href":"https:\/\/www.esmuc.cat\/es\/wp-json\/wp\/v2\/pages\/41304\/revisions"}],"predecessor-version":[{"id":114077,"href":"https:\/\/www.esmuc.cat\/es\/wp-json\/wp\/v2\/pages\/41304\/revisions\/114077"}],"up":[{"embeddable":true,"href":"https:\/\/www.esmuc.cat\/es\/wp-json\/wp\/v2\/pages\/39482"}],"wp:attachment":[{"href":"https:\/\/www.esmuc.cat\/es\/wp-json\/wp\/v2\/media?parent=41304"}],"wp:term":[{"taxonomy":"category","embeddable":true,"href":"https:\/\/www.esmuc.cat\/es\/wp-json\/wp\/v2\/categories?post=41304"},{"taxonomy":"post_tag","embeddable":true,"href":"https:\/\/www.esmuc.cat\/es\/wp-json\/wp\/v2\/tags?post=41304"}],"curies":[{"name":"wp","href":"https:\/\/api.w.org\/{rel}","templated":true}]}}