{"id":41196,"date":"2021-10-03T10:02:15","date_gmt":"2021-10-03T08:02:15","guid":{"rendered":"https:\/\/www.esmuc.cat\/biblioteca-crai\/serveis-biblioteca\/reprografia-i-impressio\/"},"modified":"2026-01-12T11:48:51","modified_gmt":"2026-01-12T10:48:51","slug":"reprografia-e-impresion","status":"publish","type":"page","link":"https:\/\/www.esmuc.cat\/es\/servicios\/biblioteca-crai\/serveis-biblioteca\/reprografia-e-impresion\/","title":{"rendered":"Reprograf\u00eda e impresi\u00f3n"},"content":{"rendered":"\n<div class=\"wp-block-columns is-layout-flex wp-container-core-columns-is-layout-9d6595d7 wp-block-columns-is-layout-flex\">\n<div class=\"wp-block-column esmuc__Menu_Masters is-layout-flow wp-block-column-is-layout-flow\" style=\"flex-basis:33.33%\">\n\n<\/div>\n\n\n\n<div class=\"wp-block-column is-layout-flow wp-block-column-is-layout-flow\" style=\"flex-basis:66.66%\"><div class=\"breadcrumbs align  wp-block-bcn-breadcrumb-trail has-text-color has-background\" vocab=\"https:\/\/schema.org\/\" typeof=\"BreadcrumbList\">\n\t<span><\/span>\n\t<span property=\"itemListElement\" typeof=\"ListItem\"><a property=\"item\" typeof=\"WebPage\" title=\"Ir a ESMUC.\" href=\"https:\/\/www.esmuc.cat\/es\/\" class=\"home\" ><span property=\"name\">ESMUC<\/span><\/a><meta property=\"position\" content=\"1\"><\/span> &gt; <span property=\"itemListElement\" typeof=\"ListItem\"><a property=\"item\" typeof=\"WebPage\" title=\"Ir a Servicios.\" href=\"https:\/\/www.esmuc.cat\/es\/servicios\/\" class=\"post post-page\" ><span property=\"name\">Servicios<\/span><\/a><meta property=\"position\" content=\"2\"><\/span> &gt; <span property=\"itemListElement\" typeof=\"ListItem\"><a property=\"item\" typeof=\"WebPage\" title=\"Ir a Biblioteca-CRAI de la ESMUC.\" href=\"https:\/\/www.esmuc.cat\/es\/servicios\/biblioteca-crai\/\" class=\"post post-page\" ><span property=\"name\">Biblioteca-CRAI de la ESMUC<\/span><\/a><meta property=\"position\" content=\"3\"><\/span> &gt; <span property=\"itemListElement\" typeof=\"ListItem\"><a property=\"item\" typeof=\"WebPage\" title=\"Ir a Servicios biblioteca.\" href=\"https:\/\/www.esmuc.cat\/es\/servicios\/biblioteca-crai\/serveis-biblioteca\/\" class=\"post post-page\" ><span property=\"name\">Servicios biblioteca<\/span><\/a><meta property=\"position\" content=\"4\"><\/span> &gt; <span property=\"itemListElement\" typeof=\"ListItem\"><span property=\"name\" class=\"post post-page current-item\">Reprograf\u00eda e impresi\u00f3n<\/span><meta property=\"url\" content=\"https:\/\/www.esmuc.cat\/es\/servicios\/biblioteca-crai\/serveis-biblioteca\/reprografia-e-impresion\/\"><meta property=\"position\" content=\"5\"><\/span><\/div>\n\n\n\n<h1 class=\"wp-block-heading\">Reprograf\u00eda e impresi\u00f3n<\/h1>\n\n\n\n<p>La Biblioteca-CRAI dispone de un equipo de reprograf\u00eda para la reproducci\u00f3n, impresi\u00f3n y escaneo de documentos con fines docentes y de investigaci\u00f3n que funciona en r\u00e9gimen de autoservicio.<\/p>\n\n\n\n<p>El equipo se activa con el carn\u00e9 de la ESMUC o con un usuario y contrase\u00f1a. Para m\u00e1s informaci\u00f3n puede consultar los <a href=\"https:\/\/www.esmuc.cat\/es\/serveis-a-estudiants\/\">manuales de funcionamiento, las tarifas y como recargar<\/a>.<\/p>\n\n\n\n<p>ESMUC dispone de una licencia con las entidades de gesti\u00f3n CEDRO y VEGAP que permite la reproducci\u00f3n a trav\u00e9s de fotocopia y esc\u00e1ner de obras protegidas por la Ley de Propiedad Intelectual, dentro de los l\u00edmites establecidos por esta normativa.<br><\/p>\n\n\n\n<p>La utilizaci\u00f3n del equipo en r\u00e9gimen de autoservicio es responsabilidad del usuario y atendiendo siempre a lo dispuesto en la <a href=\"https:\/\/www.boe.es\/buscar\/act.php?id=BOE-A-1996-8930\">Ley de propiedad intelectual<\/a> sobre la reproducci\u00f3n de material impreso.<\/p>\n\n\n\n<p><\/p>\n\n\n\n<div style=\"height:38px\" aria-hidden=\"true\" class=\"wp-block-spacer\"><\/div>\n\n\n\n<h3 class=\"wp-block-heading\">Servicio de reprograf\u00eda para usuarios\/as externos\/as<\/h3>\n\n\n\n<p>Los usuarios de la Biblioteca-CRAI que no pertenezcan a la Comunidad ESMUC (estudiantado, profesorado y PAS) pueden hacer uso de este servicio, con previa solicitud de alta dirigi\u00e9ndose al mostrador de atenci\u00f3n e informaci\u00f3n de la Biblioteca-CRAI.<\/p>\n\n\n\n<p><\/p>\n<\/div>\n<\/div>\n","protected":false},"excerpt":{"rendered":"<p>Reprograf\u00eda e impresi\u00f3n La Biblioteca-CRAI dispone de un equipo de reprograf\u00eda para la reproducci\u00f3n, impresi\u00f3n y escaneo de documentos con fines docentes y de investigaci\u00f3n que funciona en r\u00e9gimen de autoservicio. El equipo se activa con el carn\u00e9 de la ESMUC o con un usuario y contrase\u00f1a. Para m\u00e1s informaci\u00f3n puede consultar los manuales de [&hellip;]<\/p>\n","protected":false},"author":5,"featured_media":0,"parent":41191,"menu_order":8,"comment_status":"closed","ping_status":"closed","template":"","meta":{"_acf_changed":false,"_themeisle_gutenberg_block_has_review":false,"footnotes":""},"categories":[1316],"tags":[1395],"class_list":["post-41196","page","type-page","status-publish","hentry","category-biblioteca-crai-es","tag-reprografia-es"],"acf":[],"publishpress_future_action":{"enabled":false,"date":"2026-04-21 16:59:17","action":"change-status","newStatus":"draft","terms":[],"taxonomy":"category","extraData":[]},"publishpress_future_workflow_manual_trigger":{"enabledWorkflows":[]},"_links":{"self":[{"href":"https:\/\/www.esmuc.cat\/es\/wp-json\/wp\/v2\/pages\/41196","targetHints":{"allow":["GET"]}}],"collection":[{"href":"https:\/\/www.esmuc.cat\/es\/wp-json\/wp\/v2\/pages"}],"about":[{"href":"https:\/\/www.esmuc.cat\/es\/wp-json\/wp\/v2\/types\/page"}],"author":[{"embeddable":true,"href":"https:\/\/www.esmuc.cat\/es\/wp-json\/wp\/v2\/users\/5"}],"replies":[{"embeddable":true,"href":"https:\/\/www.esmuc.cat\/es\/wp-json\/wp\/v2\/comments?post=41196"}],"version-history":[{"count":11,"href":"https:\/\/www.esmuc.cat\/es\/wp-json\/wp\/v2\/pages\/41196\/revisions"}],"predecessor-version":[{"id":115282,"href":"https:\/\/www.esmuc.cat\/es\/wp-json\/wp\/v2\/pages\/41196\/revisions\/115282"}],"up":[{"embeddable":true,"href":"https:\/\/www.esmuc.cat\/es\/wp-json\/wp\/v2\/pages\/41191"}],"wp:attachment":[{"href":"https:\/\/www.esmuc.cat\/es\/wp-json\/wp\/v2\/media?parent=41196"}],"wp:term":[{"taxonomy":"category","embeddable":true,"href":"https:\/\/www.esmuc.cat\/es\/wp-json\/wp\/v2\/categories?post=41196"},{"taxonomy":"post_tag","embeddable":true,"href":"https:\/\/www.esmuc.cat\/es\/wp-json\/wp\/v2\/tags?post=41196"}],"curies":[{"name":"wp","href":"https:\/\/api.w.org\/{rel}","templated":true}]}}