{"id":41195,"date":"2021-10-03T09:58:13","date_gmt":"2021-10-03T07:58:13","guid":{"rendered":"https:\/\/www.esmuc.cat\/biblioteca-crai\/serveis-biblioteca\/assessorament-bibliografic\/"},"modified":"2025-09-10T13:36:00","modified_gmt":"2025-09-10T11:36:00","slug":"asesoramiento-bibliografico","status":"publish","type":"page","link":"https:\/\/www.esmuc.cat\/es\/servicios\/biblioteca-crai\/serveis-biblioteca\/asesoramiento-bibliografico\/","title":{"rendered":"Asesoramiento bibliogr\u00e1fico"},"content":{"rendered":"\n<div class=\"wp-block-columns is-layout-flex wp-container-core-columns-is-layout-9d6595d7 wp-block-columns-is-layout-flex\">\n<div class=\"wp-block-column esmuc__Menu_Masters is-layout-flow wp-block-column-is-layout-flow\" style=\"flex-basis:33.33%\">\n\n<\/div>\n\n\n\n<div class=\"wp-block-column is-layout-flow wp-block-column-is-layout-flow\" style=\"flex-basis:66.66%\"><div class=\"breadcrumbs align  wp-block-bcn-breadcrumb-trail has-text-color has-background\" vocab=\"https:\/\/schema.org\/\" typeof=\"BreadcrumbList\">\n\t<span><\/span>\n\t<span property=\"itemListElement\" typeof=\"ListItem\"><a property=\"item\" typeof=\"WebPage\" title=\"Ir a ESMUC.\" href=\"https:\/\/www.esmuc.cat\/es\/\" class=\"home\" ><span property=\"name\">ESMUC<\/span><\/a><meta property=\"position\" content=\"1\"><\/span> &gt; <span property=\"itemListElement\" typeof=\"ListItem\"><a property=\"item\" typeof=\"WebPage\" title=\"Ir a Servicios.\" href=\"https:\/\/www.esmuc.cat\/es\/servicios\/\" class=\"post post-page\" ><span property=\"name\">Servicios<\/span><\/a><meta property=\"position\" content=\"2\"><\/span> &gt; <span property=\"itemListElement\" typeof=\"ListItem\"><a property=\"item\" typeof=\"WebPage\" title=\"Ir a Biblioteca-CRAI de la ESMUC.\" href=\"https:\/\/www.esmuc.cat\/es\/servicios\/biblioteca-crai\/\" class=\"post post-page\" ><span property=\"name\">Biblioteca-CRAI de la ESMUC<\/span><\/a><meta property=\"position\" content=\"3\"><\/span> &gt; <span property=\"itemListElement\" typeof=\"ListItem\"><a property=\"item\" typeof=\"WebPage\" title=\"Ir a Servicios biblioteca.\" href=\"https:\/\/www.esmuc.cat\/es\/servicios\/biblioteca-crai\/serveis-biblioteca\/\" class=\"post post-page\" ><span property=\"name\">Servicios biblioteca<\/span><\/a><meta property=\"position\" content=\"4\"><\/span> &gt; <span property=\"itemListElement\" typeof=\"ListItem\"><span property=\"name\" class=\"post post-page current-item\">Asesoramiento bibliogr\u00e1fico<\/span><meta property=\"url\" content=\"https:\/\/www.esmuc.cat\/es\/servicios\/biblioteca-crai\/serveis-biblioteca\/asesoramiento-bibliografico\/\"><meta property=\"position\" content=\"5\"><\/span><\/div>\n\n\n\n<h1 class=\"wp-block-heading\">Asesoramiento bibliogr\u00e1fico<\/h1>\n\n\n\n<div style=\"height:44px\" aria-hidden=\"true\" class=\"wp-block-spacer\"><\/div>\n\n\n\n<p>El personal bibliotecario ofrece a sus usuarios\/as asesoramiento y ayuda en la b\u00fasqueda de informaci\u00f3n dentro y fuera de la Biblioteca-CRAI y en el uso de los equipamientos que pone a su servicio. Se puede solicitar este servicio de tres formas:<\/p>\n\n\n\n<div id=\"section-gbd77f0\" class=\"wp-block-gutentor-e7 section-gbd77f0 gutentor-element gutentor-element-list\"><ul class=\"grid-row gutentor-grid-item-wrap list-indicator-icon\"><li class=\"gutentor-list-item grid-lg-12 grid-md-12 grid-12\"><span class=\"gutentor-single-item gutentor-single-item-0\"><span class=\"gutentor-list-item-wrap g-s-list-wrap\"><span class=\"gutentor-single-list-item-icon\"><i class=\"list-item-icon fas fa-angle-right\"><\/i><\/span><span class=\"gutentor-list-item\"><p class=\"gutentor-single-item-title\"><strong>Mostrador de informaci\u00f3n <\/strong>Puede dirigirse al mostrador de la Biblioteca durante nuestro horario de atenci\u00f3n al p\u00fablico:<br><strong>&gt; Lunes y martes de 10h a 18h<br>&gt; Mi\u00e9rcoles, jueves y viernes de 10h a 19h.<\/strong><\/p><\/span><\/span><\/span><\/li><li class=\"gutentor-list-item grid-lg-12 grid-md-12 grid-12\"><span class=\"gutentor-single-item gutentor-single-item-1\"><span class=\"gutentor-list-item-wrap g-s-list-wrap\"><span class=\"gutentor-single-list-item-icon\"><i class=\"list-item-icon fas fa-angle-right\"><\/i><\/span><span class=\"gutentor-list-item\"><p class=\"gutentor-single-item-title\"><strong>Tel\u00e9fono <\/strong>Tambi\u00e9n puede formular sus consultas o sugerencias llamando al <strong>93.352.30.11 <\/strong>en nuestro horario de atenci\u00f3n al p\u00fablico.<\/p><\/span><\/span><\/span><\/li><li class=\"gutentor-list-item grid-lg-12 grid-md-12 grid-12\"><span class=\"gutentor-single-item gutentor-single-item-2\"><span class=\"gutentor-list-item-wrap g-s-list-wrap\"><span class=\"gutentor-single-list-item-icon\"><i class=\"list-item-icon fas fa-angle-right\"><\/i><\/span><span class=\"gutentor-list-item\"><p class=\"gutentor-single-item-title\"><strong><a href=\"https:\/\/www.esmuc.cat\/escola\/contacte-i-acces\/contacte\/\">Formulario web<\/a><\/strong><br>Sin limitaciones de horario ni calendario.<\/p><\/span><\/span><\/span><\/li><\/ul><\/div>\n<\/div>\n<\/div>\n","protected":false},"excerpt":{"rendered":"<p>Asesoramiento bibliogr\u00e1fico El personal bibliotecario ofrece a sus usuarios\/as asesoramiento y ayuda en la b\u00fasqueda de informaci\u00f3n dentro y fuera de la Biblioteca-CRAI y en el uso de los equipamientos que pone a su servicio. Se puede solicitar este servicio de tres formas:<\/p>\n","protected":false},"author":5,"featured_media":0,"parent":41191,"menu_order":7,"comment_status":"closed","ping_status":"closed","template":"","meta":{"_acf_changed":false,"_themeisle_gutenberg_block_has_review":false,"footnotes":""},"categories":[1316],"tags":[1278,1386,1387],"class_list":["post-41195","page","type-page","status-publish","hentry","category-biblioteca-crai-es","tag-recerca-es","tag-tfg-es","tag-tfm-es"],"acf":[],"publishpress_future_action":{"enabled":false,"date":"2026-04-12 10:45:22","action":"change-status","newStatus":"draft","terms":[],"taxonomy":"category","extraData":[]},"publishpress_future_workflow_manual_trigger":{"enabledWorkflows":[]},"_links":{"self":[{"href":"https:\/\/www.esmuc.cat\/es\/wp-json\/wp\/v2\/pages\/41195","targetHints":{"allow":["GET"]}}],"collection":[{"href":"https:\/\/www.esmuc.cat\/es\/wp-json\/wp\/v2\/pages"}],"about":[{"href":"https:\/\/www.esmuc.cat\/es\/wp-json\/wp\/v2\/types\/page"}],"author":[{"embeddable":true,"href":"https:\/\/www.esmuc.cat\/es\/wp-json\/wp\/v2\/users\/5"}],"replies":[{"embeddable":true,"href":"https:\/\/www.esmuc.cat\/es\/wp-json\/wp\/v2\/comments?post=41195"}],"version-history":[{"count":5,"href":"https:\/\/www.esmuc.cat\/es\/wp-json\/wp\/v2\/pages\/41195\/revisions"}],"predecessor-version":[{"id":112047,"href":"https:\/\/www.esmuc.cat\/es\/wp-json\/wp\/v2\/pages\/41195\/revisions\/112047"}],"up":[{"embeddable":true,"href":"https:\/\/www.esmuc.cat\/es\/wp-json\/wp\/v2\/pages\/41191"}],"wp:attachment":[{"href":"https:\/\/www.esmuc.cat\/es\/wp-json\/wp\/v2\/media?parent=41195"}],"wp:term":[{"taxonomy":"category","embeddable":true,"href":"https:\/\/www.esmuc.cat\/es\/wp-json\/wp\/v2\/categories?post=41195"},{"taxonomy":"post_tag","embeddable":true,"href":"https:\/\/www.esmuc.cat\/es\/wp-json\/wp\/v2\/tags?post=41195"}],"curies":[{"name":"wp","href":"https:\/\/api.w.org\/{rel}","templated":true}]}}