{"id":41193,"date":"2021-10-03T09:43:16","date_gmt":"2021-10-03T07:43:16","guid":{"rendered":"https:\/\/www.esmuc.cat\/biblioteca-crai\/serveis-biblioteca\/prestec-interbibliotecari\/"},"modified":"2023-03-01T11:10:59","modified_gmt":"2023-03-01T10:10:59","slug":"prestamo-interbibliotecario","status":"publish","type":"page","link":"https:\/\/www.esmuc.cat\/es\/servicios\/biblioteca-crai\/serveis-biblioteca\/prestamo-interbibliotecario\/","title":{"rendered":"Pr\u00e9stamo interbibliotecario"},"content":{"rendered":"\n<div class=\"wp-block-columns is-layout-flex wp-container-core-columns-is-layout-9d6595d7 wp-block-columns-is-layout-flex\">\n<div class=\"wp-block-column esmuc__Menu_Masters is-layout-flow wp-block-column-is-layout-flow\" style=\"flex-basis:33.33%\">\n\n<\/div>\n\n\n\n<div class=\"wp-block-column is-layout-flow wp-block-column-is-layout-flow\" style=\"flex-basis:66.66%\"><div class=\"breadcrumbs align  wp-block-bcn-breadcrumb-trail has-text-color has-background\" vocab=\"https:\/\/schema.org\/\" typeof=\"BreadcrumbList\">\n\t<span><\/span>\n\t<span property=\"itemListElement\" typeof=\"ListItem\"><a property=\"item\" typeof=\"WebPage\" title=\"Ir a ESMUC.\" href=\"https:\/\/www.esmuc.cat\/es\/\" class=\"home\" ><span property=\"name\">ESMUC<\/span><\/a><meta property=\"position\" content=\"1\"><\/span> &gt; <span property=\"itemListElement\" typeof=\"ListItem\"><a property=\"item\" typeof=\"WebPage\" title=\"Ir a Servicios.\" href=\"https:\/\/www.esmuc.cat\/es\/servicios\/\" class=\"post post-page\" ><span property=\"name\">Servicios<\/span><\/a><meta property=\"position\" content=\"2\"><\/span> &gt; <span property=\"itemListElement\" typeof=\"ListItem\"><a property=\"item\" typeof=\"WebPage\" title=\"Ir a Biblioteca-CRAI de la ESMUC.\" href=\"https:\/\/www.esmuc.cat\/es\/servicios\/biblioteca-crai\/\" class=\"post post-page\" ><span property=\"name\">Biblioteca-CRAI de la ESMUC<\/span><\/a><meta property=\"position\" content=\"3\"><\/span> &gt; <span property=\"itemListElement\" typeof=\"ListItem\"><a property=\"item\" typeof=\"WebPage\" title=\"Ir a Servicios biblioteca.\" href=\"https:\/\/www.esmuc.cat\/es\/servicios\/biblioteca-crai\/serveis-biblioteca\/\" class=\"post post-page\" ><span property=\"name\">Servicios biblioteca<\/span><\/a><meta property=\"position\" content=\"4\"><\/span> &gt; <span property=\"itemListElement\" typeof=\"ListItem\"><span property=\"name\" class=\"post post-page current-item\">Pr\u00e9stamo interbibliotecario<\/span><meta property=\"url\" content=\"https:\/\/www.esmuc.cat\/es\/servicios\/biblioteca-crai\/serveis-biblioteca\/prestamo-interbibliotecario\/\"><meta property=\"position\" content=\"5\"><\/span><\/div>\n\n\n\n<h1 class=\"wp-block-heading\">Pr\u00e9stamo interbibliotecario y obtenci\u00f3n de documentos<\/h1>\n\n\n\n<div style=\"height:44px\" aria-hidden=\"true\" class=\"wp-block-spacer\"><\/div>\n\n\n\n<p>El servicio de pr\u00e9stamo interbibliotecario tiene como objetivo el intercambio y obtenci\u00f3n de documentos entre diferentes bibliotecas.<\/p>\n\n\n\n<div id=\"section-g38a534\" class=\"wp-block-gutentor-e7 section-g38a534 gutentor-element gutentor-element-list\"><ul class=\"grid-row gutentor-grid-item-wrap list-indicator-icon\"><li class=\"gutentor-list-item grid-lg-12 grid-md-12 grid-12\"><span class=\"gutentor-single-item gutentor-single-item-0\"><span class=\"gutentor-list-item-wrap g-s-list-wrap\"><span class=\"gutentor-single-list-item-icon\"><i class=\"list-item-icon fas fa-arrow-right\"><\/i><\/span><span class=\"gutentor-list-item\"><p class=\"gutentor-single-item-title\"><strong>Usuarios internos <\/strong> <br>Los estudiantes, profesores, PAS de la Esmuc y usuarios\/arias con carn\u00e9 de la Biblioteca que quieran pedir en pr\u00e9stamo documentos de otras bibliotecas deben rellenar el siguiente <a href=\"https:\/\/www.esmuc.cat\/escola\/contacte-i-acces\/contacte\/\">formulario<\/a>, indicando sus datos y los datos del documento que quieran solicitar.<\/p><\/span><\/span><\/span><\/li><\/ul><\/div>\n\n\n\n<div id=\"section-g5eb675\" class=\"wp-block-gutentor-e7 section-g5eb675 gutentor-element gutentor-element-list\"><ul class=\"grid-row gutentor-grid-item-wrap list-indicator-icon\"><li class=\"gutentor-list-item grid-lg-12 grid-md-12 grid-12\"><span class=\"gutentor-single-item gutentor-single-item-0\"><span class=\"gutentor-list-item-wrap g-s-list-wrap\"><span class=\"gutentor-single-list-item-icon\"><i class=\"list-item-icon fas fa-arrow-right\"><\/i><\/span><span class=\"gutentor-list-item\"><p class=\"gutentor-single-item-title\"><strong>Usuarios externos <\/strong> <br>Las bibliotecas y centros de documentaci\u00f3n que quieran pedir en pr\u00e9stamo documentos de la Esmuc para sus usuarios\/as deben rellenar el siguiente <a href=\"https:\/\/www.esmuc.cat\/escola\/contacte-i-acces\/contacte\/\">formulario<\/a>, indicando sus datos y los datos del documento que quieran solicitar.<\/p><\/span><\/span><\/span><\/li><\/ul><\/div>\n\n\n\n<p>Puedes consultar las <a href=\"https:\/\/www.esmuc.cat\/es\/portal-de-transparencia\/preus-publics\/taxes-i-preus-de-serveis-biblioteca\/\">tarifas<\/a> del pr\u00e9stamo interbibliotecario y el env\u00edo de copias aplicables tanto a usuarios internos como externos.<\/p>\n<\/div>\n<\/div>\n\n\n\n<p>Por otra parte, tambi\u00e9n podr\u00e1s consultar los cat\u00e1logos colectivos de aquellos centros con los cuales tenemos acuerdos de <strong>gratuidad en el intercambio de documentos<\/strong>. Se trata del cat\u00e1logo de las <strong><a href=\"https:\/\/milleniumbeg.cultura.gencat.cat\/\" target=\"_blank\" rel=\"noreferrer noopener\">BEG<\/a> <\/strong>(Bibliotecas Especializadas de Catalunya), <strong><a href=\"http:\/\/atena.biblioteques.cat\/\" target=\"_blank\" rel=\"noreferrer noopener\">Atena <\/a><\/strong>(Cat\u00e1logo Colectivo de las Bibliotecas de Catalunya que incluye las de la Diputaci\u00f3n de Barcelona. Intercambio vigente mediante el proyecto <strong><a href=\"https:\/\/www.esmuc.cat\/es\/la-biblioteca-crai-esmuc-safegeix-a-valisa-servei-nacional-de-prestec-interbibliotecari\/\" target=\"_blank\" rel=\"noreferrer noopener\">VALISA <\/a><\/strong>del Servei de Biblioteques de Catalunya) y <strong><a href=\"https:\/\/ccuc.csuc.cat\/discovery\/search?vid=34CSUC_NETWORK:CSUC_CCUC_UNION&amp;lang=es\" target=\"_blank\" rel=\"noreferrer noopener\">CCUC<\/a> <\/strong>(Cat\u00e1logo Colectivo de las Universidades Catalanas).<\/p>\n\n\n\n<div style=\"height:40px\" aria-hidden=\"true\" class=\"wp-block-spacer\"><\/div>\n\n\n\n<section id=\"gm5215f67\" class=\"wp-block-gutentor-m0 section-gm5215f67 gutentor-module gutentor-module-carousel gutentor-slick-a-default-desktop gutentor-slick-a-default-tablet gutentor-slick-a-default-mobile\"><div class=\"grid-container\"><div class=\"gutentor-module-carousel-row\" data-dots=\"false\" data-dotstablet=\"false\" data-dotsmobile=\"false\" data-arrows=\"true\" data-arrowstablet=\"true\" data-arrowsmobile=\"true\" data-infinite=\"true\" data-autoplay=\"true\" data-draggable=\"true\" data-pauseonfocus=\"true\" data-pauseonhover=\"true\" data-autoplayspeed=\"3000\" data-cmondesktop=\"false\" data-cmontablet=\"false\" data-cmonmobile=\"false\" data-nextarrow=\"fas fa-angle-right\" data-prevarrow=\"fas fa-angle-left\" data-arrowspositiondesktop=\"gutentor-slick-a-default-desktop\" data-arrowspositiontablet=\"gutentor-slick-a-default-tablet\" data-arrowspositionmobile=\"gutentor-slick-a-default-mobile\" data-speed=\"300\" data-slideitemdesktop=\"4\" data-slideitemtablet=\"3\" data-slideitemmobile=\"2\" data-slidescroll-desktop=\"3\" data-slidescroll-tablet=\"3\" data-slidescroll-mobile=\"2\">\n<div id=\"col-gm79319b\" class=\"wp-block-gutentor-m0-col col-gm79319b gutentor-carousel-item\"><div id=\"section-gm79319b\" class=\"section-gm79319b gutentor-col-wrap\">\n<div id=\"section-g5cb35e\" class=\"wp-block-gutentor-e6 section-g5cb35e gutentor-element gutentor-element-image\"><div class=\"gutentor-element-image-box\"><a class=\"gutentor-element-image-link\" href=\"https:\/\/milleniumbeg.cultura.gencat.cat\/\" target=\"_blank\" rel=\"noopener noreferrer\"><div class=\"gutentor-image-thumb\"><img decoding=\"async\" class=\"normal-image\" src=\"http:\/\/www.esmuc.cat\/wp-content\/uploads\/2023\/02\/BEG-150x150.png\" alt=\"Beg\" \/><\/div><\/a><\/div><\/div>\n<\/div><\/div>\n\n\n\n<div id=\"col-gm6b69e6\" class=\"wp-block-gutentor-m0-col col-gm6b69e6 gutentor-carousel-item\"><div id=\"section-gm6b69e6\" class=\"section-gm6b69e6 gutentor-col-wrap\">\n<div id=\"section-g3c8654\" class=\"wp-block-gutentor-e6 section-g3c8654 gutentor-element gutentor-element-image\"><div class=\"gutentor-element-image-box\"><a class=\"gutentor-element-image-link\" href=\"http:\/\/atena.biblioteques.cat\/\" target=\"_blank\" rel=\"noopener noreferrer\"><div class=\"gutentor-image-thumb\"><img decoding=\"async\" class=\"normal-image\" src=\"http:\/\/www.esmuc.cat\/wp-content\/uploads\/2023\/02\/atena.png\" alt=\"Atena\" \/><\/div><\/a><\/div><\/div>\n<\/div><\/div>\n\n\n\n<div id=\"col-gm9b6b7f\" class=\"wp-block-gutentor-m0-col col-gm9b6b7f gutentor-carousel-item\"><div id=\"section-gm9b6b7f\" class=\"section-gm9b6b7f gutentor-col-wrap\">\n<div id=\"section-g8a2d5f\" class=\"wp-block-gutentor-e6 section-g8a2d5f gutentor-element gutentor-element-image\"><div class=\"gutentor-element-image-box\"><a class=\"gutentor-element-image-link\" href=\"https:\/\/ccuc.csuc.cat\/discovery\/search?vid=34CSUC_NETWORK:CSUC_CCUC_UNION&amp;lang=es\" target=\"_blank\" rel=\"noopener noreferrer\"><div class=\"gutentor-image-thumb\"><img decoding=\"async\" class=\"normal-image\" src=\"http:\/\/www.esmuc.cat\/wp-content\/uploads\/2023\/02\/Logo_CCUC.jpg\" alt=\"Logo Ccuc\" \/><\/div><\/a><\/div><\/div>\n<\/div><\/div>\n<\/div><\/div><\/section>\n","protected":false},"excerpt":{"rendered":"<p>Pr\u00e9stamo interbibliotecario y obtenci\u00f3n de documentos El servicio de pr\u00e9stamo interbibliotecario tiene como objetivo el intercambio y obtenci\u00f3n de documentos entre diferentes bibliotecas. Puedes consultar las tarifas del pr\u00e9stamo interbibliotecario y el env\u00edo de copias aplicables tanto a usuarios internos como externos. Por otra parte, tambi\u00e9n podr\u00e1s consultar los cat\u00e1logos colectivos de aquellos centros con [&hellip;]<\/p>\n","protected":false},"author":5,"featured_media":0,"parent":41191,"menu_order":4,"comment_status":"closed","ping_status":"closed","template":"","meta":{"_acf_changed":false,"_themeisle_gutenberg_block_has_review":false,"footnotes":""},"categories":[1316],"tags":[1430,1373,1431,1546],"class_list":["post-41193","page","type-page","status-publish","hentry","category-biblioteca-crai-es","tag-adquisicions","tag-desiderates-de-fons-es","tag-prestec-2","tag-prestec-bibliotecari-es"],"acf":[],"publishpress_future_action":{"enabled":false,"date":"2026-04-16 11:02:02","action":"change-status","newStatus":"draft","terms":[],"taxonomy":"category","extraData":[]},"publishpress_future_workflow_manual_trigger":{"enabledWorkflows":[]},"_links":{"self":[{"href":"https:\/\/www.esmuc.cat\/es\/wp-json\/wp\/v2\/pages\/41193","targetHints":{"allow":["GET"]}}],"collection":[{"href":"https:\/\/www.esmuc.cat\/es\/wp-json\/wp\/v2\/pages"}],"about":[{"href":"https:\/\/www.esmuc.cat\/es\/wp-json\/wp\/v2\/types\/page"}],"author":[{"embeddable":true,"href":"https:\/\/www.esmuc.cat\/es\/wp-json\/wp\/v2\/users\/5"}],"replies":[{"embeddable":true,"href":"https:\/\/www.esmuc.cat\/es\/wp-json\/wp\/v2\/comments?post=41193"}],"version-history":[{"count":9,"href":"https:\/\/www.esmuc.cat\/es\/wp-json\/wp\/v2\/pages\/41193\/revisions"}],"predecessor-version":[{"id":75182,"href":"https:\/\/www.esmuc.cat\/es\/wp-json\/wp\/v2\/pages\/41193\/revisions\/75182"}],"up":[{"embeddable":true,"href":"https:\/\/www.esmuc.cat\/es\/wp-json\/wp\/v2\/pages\/41191"}],"wp:attachment":[{"href":"https:\/\/www.esmuc.cat\/es\/wp-json\/wp\/v2\/media?parent=41193"}],"wp:term":[{"taxonomy":"category","embeddable":true,"href":"https:\/\/www.esmuc.cat\/es\/wp-json\/wp\/v2\/categories?post=41193"},{"taxonomy":"post_tag","embeddable":true,"href":"https:\/\/www.esmuc.cat\/es\/wp-json\/wp\/v2\/tags?post=41193"}],"curies":[{"name":"wp","href":"https:\/\/api.w.org\/{rel}","templated":true}]}}