{"id":41192,"date":"2021-10-03T09:17:34","date_gmt":"2021-10-03T07:17:34","guid":{"rendered":"https:\/\/www.esmuc.cat\/biblioteca-crai\/serveis-biblioteca\/prestec-de-documents\/"},"modified":"2026-02-23T14:59:19","modified_gmt":"2026-02-23T13:59:19","slug":"prestamo-documentos","status":"publish","type":"page","link":"https:\/\/www.esmuc.cat\/es\/servicios\/biblioteca-crai\/serveis-biblioteca\/prestamo-documentos\/","title":{"rendered":"Pr\u00e9stamo de documentos"},"content":{"rendered":"\n<div class=\"wp-block-columns is-layout-flex wp-container-core-columns-is-layout-9d6595d7 wp-block-columns-is-layout-flex\">\n<div class=\"wp-block-column esmuc__Menu_Masters is-layout-flow wp-block-column-is-layout-flow\" style=\"flex-basis:33.33%\">\n\n<\/div>\n\n\n\n<div class=\"wp-block-column is-layout-flow wp-block-column-is-layout-flow\" style=\"flex-basis:66.66%\"><div class=\"breadcrumbs align  wp-block-bcn-breadcrumb-trail has-text-color has-background\" vocab=\"https:\/\/schema.org\/\" typeof=\"BreadcrumbList\">\n\t<span><\/span>\n\t<span property=\"itemListElement\" typeof=\"ListItem\"><a property=\"item\" typeof=\"WebPage\" title=\"Ir a ESMUC.\" href=\"https:\/\/www.esmuc.cat\/es\/\" class=\"home\" ><span property=\"name\">ESMUC<\/span><\/a><meta property=\"position\" content=\"1\"><\/span> &gt; <span property=\"itemListElement\" typeof=\"ListItem\"><a property=\"item\" typeof=\"WebPage\" title=\"Ir a Servicios.\" href=\"https:\/\/www.esmuc.cat\/es\/servicios\/\" class=\"post post-page\" ><span property=\"name\">Servicios<\/span><\/a><meta property=\"position\" content=\"2\"><\/span> &gt; <span property=\"itemListElement\" typeof=\"ListItem\"><a property=\"item\" typeof=\"WebPage\" title=\"Ir a Biblioteca-CRAI de la ESMUC.\" href=\"https:\/\/www.esmuc.cat\/es\/servicios\/biblioteca-crai\/\" class=\"post post-page\" ><span property=\"name\">Biblioteca-CRAI de la ESMUC<\/span><\/a><meta property=\"position\" content=\"3\"><\/span> &gt; <span property=\"itemListElement\" typeof=\"ListItem\"><a property=\"item\" typeof=\"WebPage\" title=\"Ir a Servicios biblioteca.\" href=\"https:\/\/www.esmuc.cat\/es\/servicios\/biblioteca-crai\/serveis-biblioteca\/\" class=\"post post-page\" ><span property=\"name\">Servicios biblioteca<\/span><\/a><meta property=\"position\" content=\"4\"><\/span> &gt; <span property=\"itemListElement\" typeof=\"ListItem\"><span property=\"name\" class=\"post post-page current-item\">Pr\u00e9stamo de documentos<\/span><meta property=\"url\" content=\"https:\/\/www.esmuc.cat\/es\/servicios\/biblioteca-crai\/serveis-biblioteca\/prestamo-documentos\/\"><meta property=\"position\" content=\"5\"><\/span><\/div>\n\n\n\n<h1 class=\"wp-block-heading\">Pr\u00e9stamo de documentos<\/h1>\n\n\n\n<div style=\"height:40px\" aria-hidden=\"true\" class=\"wp-block-spacer\"><\/div>\n\n\n\n<p class=\"has-text-align-left\">El servicio de pr\u00e9stamo de la Biblioteca de la Escola Superior de M\u00fasica de Catalunya permite al alumnado, profesorado ya las instituciones externas con vinculaci\u00f3n con la m\u00fasica sacar documentos fuera de la Biblioteca durante un per\u00edodo determinado de tiempo, siguiendo el <a href=\"https:\/\/www.esmuc.cat\/es\/biblioteca-crai\/normatives-biblioteca-crai\/\">Reglamento del Servicio de Pr\u00e9stamo<\/a> de la Biblioteca del Esmuc, aprobado por el Consejo de Direcci\u00f3n del Esmuc.<\/p>\n\n\n\n<div style=\"height:40px\" aria-hidden=\"true\" class=\"wp-block-spacer\"><\/div>\n\n\n\n<section id=\"6d06da\" class=\"section-6d06da gutentor-module gutentor-module-accordion\"><div class=\"grid-container\">\n<div id=\"24af50\" class=\"wp-block-gutentor-m6-item section-24af50 gutentor-module gutentor-module-accordion-item\"><div class=\"gutentor-module-accordion-panel g-a-panel-6d06da\"><div class=\"gm-ah-6d06da gutentor-module-accordion-item-heading gutentor-module-icon-position-right\"><span class=\"gutentor-module-accordion-panel-handler\" role=\"button\"><span class=\"gutentor-module-accordion-panel-handler-label\">Horario del servicio de pr\u00e9stamo<\/span><span class=\"gutentor-module-accordion-icon\"><i class=\"gm-aio-6d06da gutentor-module-accordion-icon-open fas fa-plus\"><\/i><i class=\"gm-aic-6d06da gutentor-module-accordion-icon-close fas fa-minus\"><\/i><\/span><\/span><\/div><div class=\"gm-ab-6d06da gutentor-module-accordion-body\">\n<p>El horario del servicio de pr\u00e9stamo es:<br>&gt; Lunes y martes de 10h a 18h<br>&gt; Mi\u00e9rcoles, jueves y viernes de 10h a 19h.<\/p>\n\n\n\n<p>Este horario puede sufrir variaciones durante las vacaciones de Navidad, Semana Santa o verano.<\/p>\n\n\n\n<p>Dos opciones de pr\u00e9stamo:<\/p>\n\n\n\n<div id=\"section-g59e353\" class=\"wp-block-gutentor-e7 section-g59e353 gutentor-element gutentor-element-list\"><ul class=\"grid-row gutentor-grid-item-wrap list-indicator-icon\"><li class=\"gutentor-list-item grid-lg-12 grid-md-12 grid-12\"><span class=\"gutentor-single-item gutentor-single-item-0\"><span class=\"gutentor-list-item-wrap g-s-list-wrap\"><span class=\"gutentor-single-list-item-icon\"><i class=\"list-item-icon fas fa-chevron-right\"><\/i><\/span><span class=\"gutentor-list-item\"><p class=\"gutentor-single-item-title\"><strong>M\u00e1quina de autopr\u00e9stamo: <\/strong>Una m\u00e1quina situada en el interior de la biblioteca, junto al mostrador de pr\u00e9stamo, que sirve para que se pueda realizar el pr\u00e9stamo o renovar un documento usted mismo, agilizando el servicio.<\/p><\/span><\/span><\/span><\/li><li class=\"gutentor-list-item grid-lg-12 grid-md-12 grid-12\"><span class=\"gutentor-single-item gutentor-single-item-1\"><span class=\"gutentor-list-item-wrap g-s-list-wrap\"><span class=\"gutentor-single-list-item-icon\"><i class=\"list-item-icon fas fa-chevron-right\"><\/i><\/span><span class=\"gutentor-list-item\"><p class=\"gutentor-single-item-title\"><strong>Mostrador de la biblioteca: <\/strong>Situado en la entrada de la biblioteca y disponible durante todo el horario de apertura de la biblioteca.<\/p><\/span><\/span><\/span><\/li><\/ul><\/div>\n<\/div><\/div><\/div>\n\n\n\n<div id=\"fed1ef\" class=\"wp-block-gutentor-m6-item section-fed1ef gutentor-module gutentor-module-accordion-item\"><div class=\"gutentor-module-accordion-panel g-a-panel-6d06da\"><div class=\"gm-ah-6d06da gutentor-module-accordion-item-heading gutentor-module-icon-position-right\"><span class=\"gutentor-module-accordion-panel-handler\" role=\"button\"><span class=\"gutentor-module-accordion-panel-handler-label\">\u00bfQui\u00e9n puede llevarse documentos en pr\u00e9stamo?<\/span><span class=\"gutentor-module-accordion-icon\"><i class=\"gm-aio-6d06da gutentor-module-accordion-icon-open fas fa-plus\"><\/i><i class=\"gm-aic-6d06da gutentor-module-accordion-icon-close fas fa-minus\"><\/i><\/span><\/span><\/div><div class=\"gm-ab-6d06da gutentor-module-accordion-body\">\n<div id=\"section-g31f96c\" class=\"wp-block-gutentor-e7 section-g31f96c gutentor-element gutentor-element-list\"><ul class=\"grid-row gutentor-grid-item-wrap list-indicator-icon\"><li class=\"gutentor-list-item grid-lg-12 grid-md-12 grid-12\"><span class=\"gutentor-single-item gutentor-single-item-0\"><span class=\"gutentor-list-item-wrap g-s-list-wrap\"><span class=\"gutentor-single-list-item-icon\"><i class=\"list-item-icon fas fa-chevron-right\"><\/i><\/span><span class=\"gutentor-list-item\"><p class=\"gutentor-single-item-title\"> Alumnado, profesorado y PAS de la ESMUC.<\/p><\/span><\/span><\/span><\/li><li class=\"gutentor-list-item grid-lg-12 grid-md-12 grid-12\"><span class=\"gutentor-single-item gutentor-single-item-1\"><span class=\"gutentor-list-item-wrap g-s-list-wrap\"><span class=\"gutentor-single-list-item-icon\"><i class=\"list-item-icon fas fa-chevron-right\"><\/i><\/span><span class=\"gutentor-list-item\"><p class=\"gutentor-single-item-title\">Alumni y personas o instituciones externas que tengan alguna vinculaci\u00f3n con la Escuela o con la m\u00fasica pueden solicitar un carn\u00e9. <br><br>Para utilizar este servicio de prestamo, deben entregar a la\u00a0Biblioteca-CRAI el documento de<a href=\"https:\/\/www.esmuc.cat\/wp-content\/uploads\/2025\/05\/Extern-Document-de-sollicitud-de-persona-usuaria-del-cataleg-BEG.pdf\" target=\"_blank\" rel=\"noreferrer noopener\">\u00a0Solicitud de usuario externo del Cat\u00e1logo de las BEG<\/a>\u00a0rellenado, firmado y sellado por la instituci\u00f3n a la que pertenezcan. <br><br>Puede consultar las <a href=\"https:\/\/www.esmuc.cat\/es\/escuela\/portal-de-transparencia\/preus-publics\/taxes-i-preus-de-serveis-biblioteca\/\">tarifas <\/a>del carn\u00e9 de persona usuaria externa en la secci\u00f3n tarifas de la web de la ESMUC.  <\/p><\/span><\/span><\/span><\/li><\/ul><\/div>\n<\/div><\/div><\/div>\n\n\n\n<div id=\"720317\" class=\"wp-block-gutentor-m6-item section-720317 gutentor-module gutentor-module-accordion-item\"><div class=\"gutentor-module-accordion-panel g-a-panel-6d06da\"><div class=\"gm-ah-6d06da gutentor-module-accordion-item-heading gutentor-module-icon-position-right\"><span class=\"gutentor-module-accordion-panel-handler\" role=\"button\"><span class=\"gutentor-module-accordion-panel-handler-label\">\u00bfCu\u00e1ntos documentos se pueden prestar y durante cu\u00e1ntos d\u00edas?<\/span><span class=\"gutentor-module-accordion-icon\"><i class=\"gm-aio-6d06da gutentor-module-accordion-icon-open fas fa-plus\"><\/i><i class=\"gm-aic-6d06da gutentor-module-accordion-icon-close fas fa-minus\"><\/i><\/span><\/span><\/div><div class=\"gm-ab-6d06da gutentor-module-accordion-body\">\n<div id=\"section-gc895a6\" class=\"wp-block-gutentor-e7 section-gc895a6 gutentor-element gutentor-element-list\"><ul class=\"grid-row gutentor-grid-item-wrap list-indicator-icon\"><li class=\"gutentor-list-item grid-lg-12 grid-md-12 grid-12\"><span class=\"gutentor-single-item gutentor-single-item-0\"><span class=\"gutentor-list-item-wrap g-s-list-wrap\"><span class=\"gutentor-single-list-item-icon\"><i class=\"list-item-icon fas fa-chevron-right\"><\/i><\/span><span class=\"gutentor-list-item\"><p class=\"gutentor-single-item-title\"><strong>Alumnado:<\/strong> 6 documentos con un m\u00e1ximo de 15 d\u00edas de pr\u00e9stamo.<\/p><\/span><\/span><\/span><\/li><li class=\"gutentor-list-item grid-lg-12 grid-md-12 grid-12\"><span class=\"gutentor-single-item gutentor-single-item-1\"><span class=\"gutentor-list-item-wrap g-s-list-wrap\"><span class=\"gutentor-single-list-item-icon\"><i class=\"list-item-icon fas fa-chevron-right\"><\/i><\/span><span class=\"gutentor-list-item\"><p class=\"gutentor-single-item-title\"><strong>Profesorado:<\/strong> 10 documentos con un m\u00e1ximo de 30 d\u00edas de pr\u00e9stamo.<\/p><\/span><\/span><\/span><\/li><li class=\"gutentor-list-item grid-lg-12 grid-md-12 grid-12\"><span class=\"gutentor-single-item gutentor-single-item-2\"><span class=\"gutentor-list-item-wrap g-s-list-wrap\"><span class=\"gutentor-single-list-item-icon\"><i class=\"list-item-icon fas fa-chevron-right\"><\/i><\/span><span class=\"gutentor-list-item\"><p class=\"gutentor-single-item-title\"><strong>Alumni y personas e instituciones externas autorizadas: <\/strong>6 documentos con un m\u00e1ximo de 15 d\u00edas de pr\u00e9stamo.<\/p><\/span><\/span><\/span><\/li><\/ul><\/div>\n<\/div><\/div><\/div>\n\n\n\n<div id=\"e1f096\" class=\"wp-block-gutentor-m6-item section-e1f096 gutentor-module gutentor-module-accordion-item\"><div class=\"gutentor-module-accordion-panel g-a-panel-6d06da\"><div class=\"gm-ah-6d06da gutentor-module-accordion-item-heading gutentor-module-icon-position-right\"><span class=\"gutentor-module-accordion-panel-handler\" role=\"button\"><span class=\"gutentor-module-accordion-panel-handler-label\">Reservas y renovaciones de documentos<\/span><span class=\"gutentor-module-accordion-icon\"><i class=\"gm-aio-6d06da gutentor-module-accordion-icon-open fas fa-plus\"><\/i><i class=\"gm-aic-6d06da gutentor-module-accordion-icon-close fas fa-minus\"><\/i><\/span><\/span><\/div><div class=\"gm-ab-6d06da gutentor-module-accordion-body\">\n<p>Se pueden realizar <strong>6 reservas simult\u00e1neas<\/strong> de documentos que est\u00e9n en pr\u00e9stamo. Los documentos quedan reservados para el usuario durante 5 d\u00edas.<br> <\/p>\n\n\n\n<p>Los documentos se pueden <strong>renovar 2 veces<\/strong>, siempre que ninguna otra usuaria los haya reservado, a partir de la falta de 4 d\u00edas de vencimiento.<\/p>\n\n\n\n<p> Se puede realizar de seis formas posibles:<\/p>\n\n\n\n<div id=\"section-ge41474\" class=\"wp-block-gutentor-e7 section-ge41474 gutentor-element gutentor-element-list\"><ul class=\"grid-row gutentor-grid-item-wrap list-indicator-icon\"><li class=\"gutentor-list-item grid-lg-12 grid-md-12 grid-12\"><span class=\"gutentor-single-item gutentor-single-item-0\"><span class=\"gutentor-list-item-wrap g-s-list-wrap\"><span class=\"gutentor-single-list-item-icon\"><i class=\"list-item-icon fas fa-chevron-right\"><\/i><\/span><span class=\"gutentor-list-item\"><p class=\"gutentor-single-item-title\"><strong><strong><a href=\"https:\/\/www.esmuc.cat\/escola\/contacte-i-acces\/contacte\/\">Formulario web<\/a><\/strong><\/strong><\/p><\/span><\/span><\/span><\/li><li class=\"gutentor-list-item grid-lg-12 grid-md-12 grid-12\"><span class=\"gutentor-single-item gutentor-single-item-1\"><span class=\"gutentor-list-item-wrap g-s-list-wrap\"><span class=\"gutentor-single-list-item-icon\"><i class=\"list-item-icon fas fa-chevron-right\"><\/i><\/span><span class=\"gutentor-list-item\"><p class=\"gutentor-single-item-title\"><strong>Tel\u00e9fono: <\/strong>93 352 30 11 de lunes a viernes de 10h a 19:30h.<\/p><\/span><\/span><\/span><\/li><li class=\"gutentor-list-item grid-lg-12 grid-md-12 grid-12\"><span class=\"gutentor-single-item gutentor-single-item-2\"><span class=\"gutentor-list-item-wrap g-s-list-wrap\"><span class=\"gutentor-single-list-item-icon\"><i class=\"list-item-icon fas fa-chevron-right\"><\/i><\/span><span class=\"gutentor-list-item\"><p class=\"gutentor-single-item-title\"><strong>Whatsapp<\/strong>: (+34) 677.26.00.73 de lunes a viernes de 10h a 19:30h.<\/p><\/span><\/span><\/span><\/li><li class=\"gutentor-list-item grid-lg-12 grid-md-12 grid-12\"><span class=\"gutentor-single-item gutentor-single-item-3\"><span class=\"gutentor-list-item-wrap g-s-list-wrap\"><span class=\"gutentor-single-list-item-icon\"><i class=\"list-item-icon fas fa-chevron-right\"><\/i><\/span><span class=\"gutentor-list-item\"><p class=\"gutentor-single-item-title\"><strong>Tabl\u00f3n de informaci\u00f3n: <\/strong>se puede dirigir al mostrador de la Biblioteca durante nuestro horario de atenci\u00f3n al p\u00fablico, de lunes a viernes de 10h a 19:30h.<\/p><\/span><\/span><\/span><\/li><li class=\"gutentor-list-item grid-lg-12 grid-md-12 grid-12\"><span class=\"gutentor-single-item gutentor-single-item-4\"><span class=\"gutentor-list-item-wrap g-s-list-wrap\"><span class=\"gutentor-single-list-item-icon\"><i class=\"list-item-icon fas fa-chevron-right\"><\/i><\/span><span class=\"gutentor-list-item\"><p class=\"gutentor-single-item-title\"><strong>Desde el cat\u00e1logo: <\/strong>Con una previa autentificaci\u00f3n en la secci\u00f3n <a href=\"https:\/\/catalegclassicbeg.cultura.gencat.cat\/iii\/cas\/login?service=https%3A%2F%2Fmilleniumbeg.cultura.gencat.cat%3A443%2Fpatroninfo~S70*cat%2FIIITICKET&amp;lang=cat&amp;scope=70\" target=\"_blank\" rel=\"noreferrer noopener\">Mi cuenta<\/a>. <\/p><\/span><\/span><\/span><\/li><li class=\"gutentor-list-item grid-lg-12 grid-md-12 grid-12\"><span class=\"gutentor-single-item gutentor-single-item-5\"><span class=\"gutentor-list-item-wrap g-s-list-wrap\"><span class=\"gutentor-single-list-item-icon\"><i class=\"list-item-icon fas fa-chevron-right\"><\/i><\/span><span class=\"gutentor-list-item\"><p class=\"gutentor-single-item-title\"><strong>En la m\u00e1quina de autopr\u00e9stamo: <\/strong>en la m\u00e1quina situada entre el mostrador y los ordenadores tiene la opci\u00f3n de renovar los documentos en pr\u00e9stamo sin tener que llevarlos un m\u00e1ximo de dos veces.<\/p><\/span><\/span><\/span><\/li><\/ul><\/div>\n<\/div><\/div><\/div>\n<\/div><\/section>\n<\/div>\n<\/div>\n","protected":false},"excerpt":{"rendered":"<p>Pr\u00e9stamo de documentos El servicio de pr\u00e9stamo de la Biblioteca de la Escola Superior de M\u00fasica de Catalunya permite al alumnado, profesorado ya las instituciones externas con vinculaci\u00f3n con la m\u00fasica sacar documentos fuera de la Biblioteca durante un per\u00edodo determinado de tiempo, siguiendo el Reglamento del Servicio de Pr\u00e9stamo de la Biblioteca del Esmuc, [&hellip;]<\/p>\n","protected":false},"author":5,"featured_media":0,"parent":41191,"menu_order":2,"comment_status":"closed","ping_status":"closed","template":"","meta":{"_acf_changed":false,"_themeisle_gutenberg_block_has_review":false,"footnotes":""},"categories":[1316],"tags":[1431,1546],"class_list":["post-41192","page","type-page","status-publish","hentry","category-biblioteca-crai-es","tag-prestec-2","tag-prestec-bibliotecari-es"],"acf":[],"publishpress_future_action":{"enabled":false,"date":"2026-04-12 10:47:04","action":"change-status","newStatus":"draft","terms":[],"taxonomy":"category","extraData":[]},"publishpress_future_workflow_manual_trigger":{"enabledWorkflows":[]},"_links":{"self":[{"href":"https:\/\/www.esmuc.cat\/es\/wp-json\/wp\/v2\/pages\/41192","targetHints":{"allow":["GET"]}}],"collection":[{"href":"https:\/\/www.esmuc.cat\/es\/wp-json\/wp\/v2\/pages"}],"about":[{"href":"https:\/\/www.esmuc.cat\/es\/wp-json\/wp\/v2\/types\/page"}],"author":[{"embeddable":true,"href":"https:\/\/www.esmuc.cat\/es\/wp-json\/wp\/v2\/users\/5"}],"replies":[{"embeddable":true,"href":"https:\/\/www.esmuc.cat\/es\/wp-json\/wp\/v2\/comments?post=41192"}],"version-history":[{"count":8,"href":"https:\/\/www.esmuc.cat\/es\/wp-json\/wp\/v2\/pages\/41192\/revisions"}],"predecessor-version":[{"id":116898,"href":"https:\/\/www.esmuc.cat\/es\/wp-json\/wp\/v2\/pages\/41192\/revisions\/116898"}],"up":[{"embeddable":true,"href":"https:\/\/www.esmuc.cat\/es\/wp-json\/wp\/v2\/pages\/41191"}],"wp:attachment":[{"href":"https:\/\/www.esmuc.cat\/es\/wp-json\/wp\/v2\/media?parent=41192"}],"wp:term":[{"taxonomy":"category","embeddable":true,"href":"https:\/\/www.esmuc.cat\/es\/wp-json\/wp\/v2\/categories?post=41192"},{"taxonomy":"post_tag","embeddable":true,"href":"https:\/\/www.esmuc.cat\/es\/wp-json\/wp\/v2\/tags?post=41192"}],"curies":[{"name":"wp","href":"https:\/\/api.w.org\/{rel}","templated":true}]}}