{"id":41137,"date":"2021-06-16T19:09:16","date_gmt":"2021-06-16T17:09:16","guid":{"rendered":"https:\/\/www.esmuc.cat\/compres-i-subscripcions\/"},"modified":"2022-05-13T16:37:50","modified_gmt":"2022-05-13T14:37:50","slug":"compras-y-subscripciones","status":"publish","type":"page","link":"https:\/\/www.esmuc.cat\/es\/servicios\/biblioteca-crai\/fondos-y-colecciones\/compras-y-subscripciones\/","title":{"rendered":"Compras y suscripciones Biblioteca"},"content":{"rendered":"\n<div class=\"wp-block-columns is-layout-flex wp-container-core-columns-is-layout-9d6595d7 wp-block-columns-is-layout-flex\">\n<div class=\"wp-block-column is-vertically-aligned-top esmuc__Menu_Masters is-layout-flow wp-block-column-is-layout-flow\" style=\"flex-basis:33.33%\">\n\n<\/div>\n\n\n\n<div class=\"wp-block-column is-layout-flow wp-block-column-is-layout-flow\" style=\"flex-basis:66.66%\"><div class=\"breadcrumbs align  wp-block-bcn-breadcrumb-trail has-text-color has-background\" vocab=\"https:\/\/schema.org\/\" typeof=\"BreadcrumbList\">\n\t<span><\/span>\n\t<span property=\"itemListElement\" typeof=\"ListItem\"><a property=\"item\" typeof=\"WebPage\" title=\"Ir a ESMUC.\" href=\"https:\/\/www.esmuc.cat\/es\/\" class=\"home\" ><span property=\"name\">ESMUC<\/span><\/a><meta property=\"position\" content=\"1\"><\/span> &gt; <span property=\"itemListElement\" typeof=\"ListItem\"><a property=\"item\" typeof=\"WebPage\" title=\"Ir a Servicios.\" href=\"https:\/\/www.esmuc.cat\/es\/servicios\/\" class=\"post post-page\" ><span property=\"name\">Servicios<\/span><\/a><meta property=\"position\" content=\"2\"><\/span> &gt; <span property=\"itemListElement\" typeof=\"ListItem\"><a property=\"item\" typeof=\"WebPage\" title=\"Ir a Biblioteca-CRAI de la ESMUC.\" href=\"https:\/\/www.esmuc.cat\/es\/servicios\/biblioteca-crai\/\" class=\"post post-page\" ><span property=\"name\">Biblioteca-CRAI de la ESMUC<\/span><\/a><meta property=\"position\" content=\"3\"><\/span> &gt; <span property=\"itemListElement\" typeof=\"ListItem\"><a property=\"item\" typeof=\"WebPage\" title=\"Ir a Fondos y coleciones.\" href=\"https:\/\/www.esmuc.cat\/es\/servicios\/biblioteca-crai\/fondos-y-colecciones\/\" class=\"post post-page\" ><span property=\"name\">Fondos y coleciones<\/span><\/a><meta property=\"position\" content=\"4\"><\/span> &gt; <span property=\"itemListElement\" typeof=\"ListItem\"><span property=\"name\" class=\"post post-page current-item\">Compras y suscripciones Biblioteca<\/span><meta property=\"url\" content=\"https:\/\/www.esmuc.cat\/es\/servicios\/biblioteca-crai\/fondos-y-colecciones\/compras-y-subscripciones\/\"><meta property=\"position\" content=\"5\"><\/span><\/div>\n\n\n\n<h1 class=\"wp-block-heading\">Compras y suscripciones<\/h1>\n\n\n\n<div style=\"height:30px\" aria-hidden=\"true\" class=\"wp-block-spacer\"><\/div>\n\n\n\n<p>La Biblioteca-CRAI ofrece a los estudiantes, antiguos estudiantes, personal docente e investigador, PAS de la Escuela y usuarios\/as externos\/as la posibilidad de <strong>sugerir y\/o solicitar la compra de nuevos materiales<\/strong> bibliogr\u00e1ficos para el fondo documental.<\/p>\n\n\n\n<p>La Biblioteca estudiar\u00e1 las solicitudes y una vez aprobadas se proceder\u00e1 a su adquisici\u00f3n.<\/p>\n\n\n\n<p>Si desea sugerir o solicitar la compra de nuevos materiales debe rellenar un&nbsp;<a href=\"https:\/\/www.esmuc.cat\/escola\/contacte-i-acces\/contacte\/\" target=\"_blank\" rel=\"noreferrer noopener\">formulario&nbsp;web<\/a>.<\/p>\n\n\n\n<div style=\"height:100px\" aria-hidden=\"true\" class=\"wp-block-spacer\"><\/div>\n<\/div>\n<\/div>\n\n\n","protected":false},"excerpt":{"rendered":"<p>Compras y suscripciones La Biblioteca-CRAI ofrece a los estudiantes, antiguos estudiantes, personal docente e investigador, PAS de la Escuela y usuarios\/as externos\/as la posibilidad de sugerir y\/o solicitar la compra de nuevos materiales bibliogr\u00e1ficos para el fondo documental. La Biblioteca estudiar\u00e1 las solicitudes y una vez aprobadas se proceder\u00e1 a su adquisici\u00f3n. Si desea sugerir [&hellip;]<\/p>\n","protected":false},"author":5,"featured_media":0,"parent":42275,"menu_order":4,"comment_status":"closed","ping_status":"closed","template":"","meta":{"_acf_changed":false,"_themeisle_gutenberg_block_has_review":false,"footnotes":""},"categories":[1316],"tags":[1430,1373],"class_list":["post-41137","page","type-page","status-publish","hentry","category-biblioteca-crai-es","tag-adquisicions","tag-desiderates-de-fons-es"],"acf":[],"publishpress_future_action":{"enabled":false,"date":"2026-04-30 20:14:59","action":"change-status","newStatus":"draft","terms":[],"taxonomy":"category","extraData":[]},"publishpress_future_workflow_manual_trigger":{"enabledWorkflows":[]},"_links":{"self":[{"href":"https:\/\/www.esmuc.cat\/es\/wp-json\/wp\/v2\/pages\/41137","targetHints":{"allow":["GET"]}}],"collection":[{"href":"https:\/\/www.esmuc.cat\/es\/wp-json\/wp\/v2\/pages"}],"about":[{"href":"https:\/\/www.esmuc.cat\/es\/wp-json\/wp\/v2\/types\/page"}],"author":[{"embeddable":true,"href":"https:\/\/www.esmuc.cat\/es\/wp-json\/wp\/v2\/users\/5"}],"replies":[{"embeddable":true,"href":"https:\/\/www.esmuc.cat\/es\/wp-json\/wp\/v2\/comments?post=41137"}],"version-history":[{"count":3,"href":"https:\/\/www.esmuc.cat\/es\/wp-json\/wp\/v2\/pages\/41137\/revisions"}],"predecessor-version":[{"id":42294,"href":"https:\/\/www.esmuc.cat\/es\/wp-json\/wp\/v2\/pages\/41137\/revisions\/42294"}],"up":[{"embeddable":true,"href":"https:\/\/www.esmuc.cat\/es\/wp-json\/wp\/v2\/pages\/42275"}],"wp:attachment":[{"href":"https:\/\/www.esmuc.cat\/es\/wp-json\/wp\/v2\/media?parent=41137"}],"wp:term":[{"taxonomy":"category","embeddable":true,"href":"https:\/\/www.esmuc.cat\/es\/wp-json\/wp\/v2\/categories?post=41137"},{"taxonomy":"post_tag","embeddable":true,"href":"https:\/\/www.esmuc.cat\/es\/wp-json\/wp\/v2\/tags?post=41137"}],"curies":[{"name":"wp","href":"https:\/\/api.w.org\/{rel}","templated":true}]}}