{"id":41133,"date":"2021-06-16T18:15:33","date_gmt":"2021-06-16T16:15:33","guid":{"rendered":"https:\/\/www.esmuc.cat\/politica-de-colleccions\/"},"modified":"2022-11-29T16:55:21","modified_gmt":"2022-11-29T15:55:21","slug":"politica-de-colecciones","status":"publish","type":"page","link":"https:\/\/www.esmuc.cat\/es\/servicios\/biblioteca-crai\/fondos-y-colecciones\/politica-de-colecciones\/","title":{"rendered":"Pol\u00edtica de colecciones"},"content":{"rendered":"\n<div class=\"wp-block-columns is-layout-flex wp-container-core-columns-is-layout-9d6595d7 wp-block-columns-is-layout-flex\">\n<div class=\"wp-block-column esmuc__Menu_Masters is-layout-flow wp-block-column-is-layout-flow\" style=\"flex-basis:33.33%\">\n\n<\/div>\n\n\n\n<div class=\"wp-block-column is-layout-flow wp-block-column-is-layout-flow\" style=\"flex-basis:66.66%\"><div class=\"breadcrumbs align  wp-block-bcn-breadcrumb-trail has-text-color has-background\" vocab=\"https:\/\/schema.org\/\" typeof=\"BreadcrumbList\">\n\t<span><\/span>\n\t<span property=\"itemListElement\" typeof=\"ListItem\"><a property=\"item\" typeof=\"WebPage\" title=\"Ir a ESMUC.\" href=\"https:\/\/www.esmuc.cat\/es\/\" class=\"home\" ><span property=\"name\">ESMUC<\/span><\/a><meta property=\"position\" content=\"1\"><\/span> &gt; <span property=\"itemListElement\" typeof=\"ListItem\"><a property=\"item\" typeof=\"WebPage\" title=\"Ir a Servicios.\" href=\"https:\/\/www.esmuc.cat\/es\/servicios\/\" class=\"post post-page\" ><span property=\"name\">Servicios<\/span><\/a><meta property=\"position\" content=\"2\"><\/span> &gt; <span property=\"itemListElement\" typeof=\"ListItem\"><a property=\"item\" typeof=\"WebPage\" title=\"Ir a Biblioteca-CRAI de la ESMUC.\" href=\"https:\/\/www.esmuc.cat\/es\/servicios\/biblioteca-crai\/\" class=\"post post-page\" ><span property=\"name\">Biblioteca-CRAI de la ESMUC<\/span><\/a><meta property=\"position\" content=\"3\"><\/span> &gt; <span property=\"itemListElement\" typeof=\"ListItem\"><a property=\"item\" typeof=\"WebPage\" title=\"Ir a Fondos y coleciones.\" href=\"https:\/\/www.esmuc.cat\/es\/servicios\/biblioteca-crai\/fondos-y-colecciones\/\" class=\"post post-page\" ><span property=\"name\">Fondos y coleciones<\/span><\/a><meta property=\"position\" content=\"4\"><\/span> &gt; <span property=\"itemListElement\" typeof=\"ListItem\"><span property=\"name\" class=\"post post-page current-item\">Pol\u00edtica de colecciones<\/span><meta property=\"url\" content=\"https:\/\/www.esmuc.cat\/es\/servicios\/biblioteca-crai\/fondos-y-colecciones\/politica-de-colecciones\/\"><meta property=\"position\" content=\"5\"><\/span><\/div>\n\n\n\n<h1 class=\"wp-block-heading\">Pol\u00edtica de colecciones y donaciones<\/h1>\n\n\n\n<div style=\"height:44px\" aria-hidden=\"true\" class=\"wp-block-spacer\"><\/div>\n\n\n\n<section id=\"f166a3\" class=\"section-f166a3 gutentor-module gutentor-module-accordion gutentor-module-accordion-enable-toggle\"><div class=\"grid-container\">\n<div id=\"938802\" class=\"wp-block-gutentor-m6-item section-938802 gutentor-module gutentor-module-accordion-item\"><div class=\"gutentor-module-accordion-panel g-a-panel-f166a3 gutentor-module-accordion-active\"><div class=\"gm-ah-f166a3 gutentor-module-accordion-item-heading gutentor-module-icon-position-right\"><span class=\"gutentor-module-accordion-panel-handler\" role=\"button\"><span class=\"gutentor-module-accordion-panel-handler-label\">Protocolo de donaciones de fondo<\/span><span class=\"gutentor-module-accordion-icon gutentor-module-accordion-icon-active\"><i class=\"gm-aio-f166a3 gutentor-module-accordion-icon-open fas fa-plus\"><\/i><i class=\"gm-aic-f166a3 gutentor-module-accordion-icon-close fas fa-minus\"><\/i><\/span><\/span><\/div><div class=\"gm-ab-f166a3 gutentor-module-accordion-body\">\n<div id=\"section-gd3e1fa\" class=\"wp-block-gutentor-e0 section-gd3e1fa gutentor-element gutentor-element-advanced-text\"><div class=\"gutentor-text-wrap\"><h4 class=\"gutentor-text\">Protocolo de aceptaci\u00f3n de donaciones de la Biblioteca-CRAI de la ESMUC<\/h4><\/div><\/div>\n\n\n\n<div id=\"section-gf940b8\" class=\"wp-block-gutentor-e0 section-gf940b8 gutentor-element gutentor-element-advanced-text\"><div class=\"gutentor-text-wrap\"><p class=\"gutentor-text\"><br>La Biblioteca-CRAI de la ESMUC ha constituido su fondo de manera significativa gracias a la generosidad de todas las personas y entidades que han contribuido a ello mediante donaciones y cesiones de libros, revistas, CD, partituras y otros tipos de documentos.<br><br>Con este protocolo se pretende garantizar que todos los documentos que se incorporan al cat\u00e1logo se adecuen a la pol\u00edtica de desarrollo de la colecci\u00f3n de la Biblioteca y que se garantice la aplicaci\u00f3n de unos criterios comunes a la hora de aceptar una donaci\u00f3n.<br><br><\/p><\/div><\/div>\n\n\n\n<div id=\"section-g90ed77\" class=\"wp-block-gutentor-e0 section-g90ed77 gutentor-element gutentor-element-advanced-text\"><div class=\"gutentor-text-wrap\"><h5 class=\"gutentor-text\"><strong>Criterios generales de aceptaci\u00f3n de donaciones<\/strong><\/h5><\/div><\/div>\n\n\n\n<div id=\"section-g3a972a\" class=\"wp-block-gutentor-e0 section-g3a972a gutentor-element gutentor-element-advanced-text\"><div class=\"gutentor-text-wrap\"><p class=\"gutentor-text\"><strong>La Biblioteca-CRAI<\/strong> <strong>acepta<\/strong> todas <strong>las donaciones<\/strong> de documentos en buen estado de conservaci\u00f3n, <strong>que son de inter\u00e9s para la docencia y la investigaci\u00f3n realizada en la ESMUC.<\/strong><br><br><br><strong>No se aceptan documentos <\/strong>que se encuentran en los siguientes supuestos:<\/p><\/div><\/div>\n\n\n\n<div id=\"section-g63490e\" class=\"wp-block-gutentor-e0 section-g63490e gutentor-element gutentor-element-advanced-text text-align-center-desktop\"><div class=\"gutentor-text-wrap\"><h6 class=\"gutentor-text\">Criterios cuantitativos<\/h6><\/div><\/div>\n\n\n\n<div id=\"section-gbf120b\" class=\"wp-block-gutentor-e7 section-gbf120b gutentor-element gutentor-element-list\"><ul class=\"grid-row gutentor-grid-item-wrap list-indicator-icon\"><li class=\"gutentor-list-item grid-lg-12 grid-md-12 grid-12\"><span class=\"gutentor-single-item gutentor-single-item-0\"><span class=\"gutentor-list-item-wrap g-s-list-wrap\"><span class=\"gutentor-single-list-item-icon\"><i class=\"list-item-icon fas fa-angle-right\"><\/i><\/span><span class=\"gutentor-list-item\"><p class=\"gutentor-single-item-title\">Documentos duplicados, ya existentes en el fondo de la ESMUC.<\/p><\/span><\/span><\/span><\/li><li class=\"gutentor-list-item grid-lg-12 grid-md-12 grid-12\"><span class=\"gutentor-single-item gutentor-single-item-1\"><span class=\"gutentor-list-item-wrap g-s-list-wrap\"><span class=\"gutentor-single-list-item-icon\"><i class=\"list-item-icon fas fa-angle-right\"><\/i><\/span><span class=\"gutentor-list-item\"><p class=\"gutentor-single-item-title\">Documentos en formatos obsoletos (VHS, beta, disquetes, casetes, discos de vinilo, CD, etc.). S\u00f3lo se aceptar\u00e1n CD en los casos en que los int\u00e9rpretes, compositores y\/o directores de la grabaci\u00f3n formen parte del profesorado, alumnado, PAS i ex alumnos de la ESMUC. <\/p><\/span><\/span><\/span><\/li><li class=\"gutentor-list-item grid-lg-12 grid-md-12 grid-12\"><span class=\"gutentor-single-item gutentor-single-item-2\"><span class=\"gutentor-list-item-wrap g-s-list-wrap\"><span class=\"gutentor-single-list-item-icon\"><i class=\"list-item-icon fas fa-angle-right\"><\/i><\/span><span class=\"gutentor-list-item\"><p class=\"gutentor-single-item-title\">Documentos incompletos.<\/p><\/span><\/span><\/span><\/li><li class=\"gutentor-list-item grid-lg-12 grid-md-12 grid-12\"><span class=\"gutentor-single-item gutentor-single-item-3\"><span class=\"gutentor-list-item-wrap g-s-list-wrap\"><span class=\"gutentor-single-list-item-icon\"><i class=\"list-item-icon fas fa-angle-right\"><\/i><\/span><span class=\"gutentor-list-item\"><p class=\"gutentor-single-item-title\">Documentos con contenidos obsoletos o de r\u00e1pida obsolescencia, actualizados por publicaciones posteriores.<\/p><\/span><\/span><\/span><\/li><li class=\"gutentor-list-item grid-lg-12 grid-md-12 grid-12\"><span class=\"gutentor-single-item gutentor-single-item-4\"><span class=\"gutentor-list-item-wrap g-s-list-wrap\"><span class=\"gutentor-single-list-item-icon\"><i class=\"list-item-icon fas fa-angle-right\"><\/i><\/span><span class=\"gutentor-list-item\"><p class=\"gutentor-single-item-title\">Documentos en los que el coste del traslado supere y\/o no sea proporcional al valor de la donaci\u00f3n.<\/p><\/span><\/span><\/span><\/li><li class=\"gutentor-list-item grid-lg-12 grid-md-12 grid-12\"><span class=\"gutentor-single-item gutentor-single-item-5\"><span class=\"gutentor-list-item-wrap g-s-list-wrap\"><span class=\"gutentor-single-list-item-icon\"><i class=\"list-item-icon fas fa-angle-right\"><\/i><\/span><span class=\"gutentor-list-item\"><p class=\"gutentor-single-item-title\">Documentos no originales protegidos por la ley: obras fotocopiadas o digitalizadas, copias de v\u00eddeos o CD, etc.<\/p><\/span><\/span><\/span><\/li><li class=\"gutentor-list-item grid-lg-12 grid-md-12 grid-12\"><span class=\"gutentor-single-item gutentor-single-item-6\"><span class=\"gutentor-list-item-wrap g-s-list-wrap\"><span class=\"gutentor-single-list-item-icon\"><i class=\"list-item-icon fas fa-angle-right\"><\/i><\/span><span class=\"gutentor-list-item\"><p class=\"gutentor-single-item-title\">Documentos no publicados.<\/p><\/span><\/span><\/span><\/li><li class=\"gutentor-list-item grid-lg-12 grid-md-12 grid-12\"><span class=\"gutentor-single-item gutentor-single-item-7\"><span class=\"gutentor-list-item-wrap g-s-list-wrap\"><span class=\"gutentor-single-list-item-icon\"><i class=\"list-item-icon fas fa-angle-right\"><\/i><\/span><span class=\"gutentor-list-item\"><p class=\"gutentor-single-item-title\">Documentos que pueden encontrarse en formato electr\u00f3nico y de acceso no restringido.<\/p><\/span><\/span><\/span><\/li><li class=\"gutentor-list-item grid-lg-12 grid-md-12 grid-12\"><span class=\"gutentor-single-item gutentor-single-item-8\"><span class=\"gutentor-list-item-wrap g-s-list-wrap\"><span class=\"gutentor-single-list-item-icon\"><i class=\"list-item-icon fas fa-angle-right\"><\/i><\/span><span class=\"gutentor-list-item\"><p class=\"gutentor-single-item-title\">N\u00fameros sueltos de una revista que no sirvan para completar la colecci\u00f3n de ESMUC.<\/p><\/span><\/span><\/span><\/li><li class=\"gutentor-list-item grid-lg-12 grid-md-12 grid-12\"><span class=\"gutentor-single-item gutentor-single-item-9\"><span class=\"gutentor-list-item-wrap g-s-list-wrap\"><span class=\"gutentor-single-list-item-icon\"><i class=\"list-item-icon fas fa-angle-right\"><\/i><\/span><span class=\"gutentor-list-item\"><p class=\"gutentor-single-item-title\">Material menor o de archivo que no se ajuste a ning\u00fan fondo espec\u00edfico existente.<\/p><\/span><\/span><\/span><\/li><li class=\"gutentor-list-item grid-lg-12 grid-md-12 grid-12\"><span class=\"gutentor-single-item gutentor-single-item-10\"><span class=\"gutentor-list-item-wrap g-s-list-wrap\"><span class=\"gutentor-single-list-item-icon\"><i class=\"list-item-icon fas fa-angle-right\"><\/i><\/span><span class=\"gutentor-list-item\"><p class=\"gutentor-single-item-title\">Obras de literatura amarilla o de quiosco que se regalan con peri\u00f3dicos y revistas.<\/p><\/span><\/span><\/span><\/li><li class=\"gutentor-list-item grid-lg-12 grid-md-12 grid-12\"><span class=\"gutentor-single-item gutentor-single-item-11\"><span class=\"gutentor-list-item-wrap g-s-list-wrap\"><span class=\"gutentor-single-list-item-icon\"><i class=\"list-item-icon fas fa-angle-right\"><\/i><\/span><span class=\"gutentor-list-item\"><p class=\"gutentor-single-item-title\">Separatas de las que la Biblioteca ya dispone de su publicaci\u00f3n original.<\/p><\/span><\/span><\/span><\/li><li class=\"gutentor-list-item grid-lg-12 grid-md-12 grid-12\"><span class=\"gutentor-single-item gutentor-single-item-12\"><span class=\"gutentor-list-item-wrap g-s-list-wrap\"><span class=\"gutentor-single-list-item-icon\"><i class=\"list-item-icon fas fa-angle-right\"><\/i><\/span><span class=\"gutentor-list-item\"><p class=\"gutentor-single-item-title\">Documentos disponibles en el fondo de la ESMUC en otra lengua.<\/p><\/span><\/span><\/span><\/li><li class=\"gutentor-list-item grid-lg-12 grid-md-12 grid-12\"><span class=\"gutentor-single-item gutentor-single-item-13\"><span class=\"gutentor-list-item-wrap g-s-list-wrap\"><span class=\"gutentor-single-list-item-icon\"><i class=\"list-item-icon fas fa-angle-right\"><\/i><\/span><span class=\"gutentor-list-item\"><p class=\"gutentor-single-item-title\">Documentos disponibles en el fondo de la ESMUC y publicados por otra editorial.<\/p><\/span><\/span><\/span><\/li><\/ul><\/div>\n\n\n\n<div id=\"section-g023438\" class=\"wp-block-gutentor-e0 section-g023438 gutentor-element gutentor-element-advanced-text\"><div class=\"gutentor-text-wrap\"><p class=\"gutentor-text\">.<\/p><\/div><\/div>\n\n\n\n<div id=\"section-g50fdff\" class=\"wp-block-gutentor-e0 section-g50fdff gutentor-element gutentor-element-advanced-text text-align-center-desktop\"><div class=\"gutentor-text-wrap\"><h6 class=\"gutentor-text\">Criterios cualitativos<\/h6><\/div><\/div>\n\n\n\n<div id=\"section-g0c321b\" class=\"wp-block-gutentor-e7 section-g0c321b gutentor-element gutentor-element-list\"><ul class=\"grid-row gutentor-grid-item-wrap list-indicator-icon\"><li class=\"gutentor-list-item grid-lg-12 grid-md-12 grid-12\"><span class=\"gutentor-single-item gutentor-single-item-0\"><span class=\"gutentor-list-item-wrap g-s-list-wrap\"><span class=\"gutentor-single-list-item-icon\"><i class=\"list-item-icon fas fa-angle-right\"><\/i><\/span><span class=\"gutentor-list-item\"><p class=\"gutentor-single-item-title\">Documentos en mal estado de conservaci\u00f3n.<\/p><\/span><\/span><\/span><\/li><li class=\"gutentor-list-item grid-lg-12 grid-md-12 grid-12\"><span class=\"gutentor-single-item gutentor-single-item-1\"><span class=\"gutentor-list-item-wrap g-s-list-wrap\"><span class=\"gutentor-single-list-item-icon\"><i class=\"list-item-icon fas fa-angle-right\"><\/i><\/span><span class=\"gutentor-list-item\"><p class=\"gutentor-single-item-title\">Documentos que no sean de los \u00e1mbitos de inter\u00e9s para el estudio y el trabajo art\u00edstico desarrollado en ESMUC.<\/p><\/span><\/span><\/span><\/li><li class=\"gutentor-list-item grid-lg-12 grid-md-12 grid-12\"><span class=\"gutentor-single-item gutentor-single-item-2\"><span class=\"gutentor-list-item-wrap g-s-list-wrap\"><span class=\"gutentor-single-list-item-icon\"><i class=\"list-item-icon fas fa-angle-right\"><\/i><\/span><span class=\"gutentor-list-item\"><p class=\"gutentor-single-item-title\">Documentos con contenido no apropiado en el nivel acad\u00e9mico de la ESMUC.<\/p><\/span><\/span><\/span><\/li><li class=\"gutentor-list-item grid-lg-12 grid-md-12 grid-12\"><span class=\"gutentor-single-item gutentor-single-item-3\"><span class=\"gutentor-list-item-wrap g-s-list-wrap\"><span class=\"gutentor-single-list-item-icon\"><i class=\"list-item-icon fas fa-angle-right\"><\/i><\/span><span class=\"gutentor-list-item\"><p class=\"gutentor-single-item-title\">Documentos con fecha de publicaci\u00f3n superior a 40 a\u00f1os respecto la fecha de donaci\u00f3n<\/p><\/span><\/span><\/span><\/li><\/ul><\/div>\n\n\n\n<p class=\"has-white-color has-text-color\">.<\/p>\n\n\n\n<div id=\"section-ga5c25a\" class=\"wp-block-gutentor-e0 section-ga5c25a gutentor-element gutentor-element-advanced-text\"><div class=\"gutentor-text-wrap\"><h5 class=\"gutentor-text\"><strong>C\u00f3mo hacer una donaci\u00f3n<\/strong><\/h5><\/div><\/div>\n\n\n\n<div id=\"section-g2cb4e5\" class=\"wp-block-gutentor-e0 section-g2cb4e5 gutentor-element gutentor-element-advanced-text\"><div class=\"gutentor-text-wrap\"><p class=\"gutentor-text\">Las donaciones se formalizar\u00e1n a trav\u00e9s del formulario de donaci\u00f3n de documentos. Es necesario presentar un breve inventario de la documentaci\u00f3n que se ofrece (indicando los campos de autor\/a, t\u00edtulo, editorial, soporte y a\u00f1o).<br><br>La Biblioteca dar\u00e1 una respuesta por escrito a todas las propuestas de donaciones despu\u00e9s de haber sido valoradas siguiendo los criterios anteriormente mencionados.<br><br>En caso de que la Biblioteca acepte la donaci\u00f3n, tambi\u00e9n podr\u00e1 hacerse cargo de su traslado.<br><br>En el mostrador podr\u00e1n aceptarse donaciones de peque\u00f1o volumen.<br><\/p><\/div><\/div>\n\n\n\n<div id=\"section-gd48fdf\" class=\"wp-block-gutentor-e0 section-gd48fdf gutentor-element gutentor-element-advanced-text\"><div class=\"gutentor-text-wrap\"><h5 class=\"gutentor-text\"><strong>Qu\u00e9 tratamiento reciben los documentos y fondos dados<\/strong><\/h5><\/div><\/div>\n\n\n\n<div id=\"section-g1ea404\" class=\"wp-block-gutentor-e0 section-g1ea404 gutentor-element gutentor-element-advanced-text\"><div class=\"gutentor-text-wrap\"><p class=\"gutentor-text\">Los documentos procedentes de una donaci\u00f3n se integran en el fondo de la ESMUC y se pueden localizar a trav\u00e9s del cat\u00e1logo de la Biblioteca, siendo sujetos a las mismas condiciones de uso que cualquier otro documento.<br><br>La Biblioteca env\u00eda una carta o correo electr\u00f3nico al\/a la donante agradeci\u00e9ndole su contribuci\u00f3n. Una vez catalogado el documento, se hace constar el nombre del\/de la donante en el registro bibliogr\u00e1fico del cat\u00e1logo.<\/p><\/div><\/div>\n<\/div><\/div><\/div>\n<\/div><\/section>\n\n\n\n<p><\/p>\n<\/div>\n<\/div>\n","protected":false},"excerpt":{"rendered":"<p>Pol\u00edtica de colecciones y donaciones<\/p>\n","protected":false},"author":5,"featured_media":0,"parent":42275,"menu_order":2,"comment_status":"closed","ping_status":"closed","template":"","meta":{"_acf_changed":false,"_themeisle_gutenberg_block_has_review":false,"footnotes":""},"categories":[1316],"tags":[1369,1425,1336,1372],"class_list":["post-41133","page","type-page","status-publish","hentry","category-biblioteca-crai-es","tag-colleccio-documental-es","tag-donacions","tag-fons-documentals-es","tag-politica-de-donacions-es"],"acf":[],"publishpress_future_action":{"enabled":false,"date":"2026-04-18 16:44:38","action":"change-status","newStatus":"draft","terms":[],"taxonomy":"category","extraData":[]},"publishpress_future_workflow_manual_trigger":{"enabledWorkflows":[]},"_links":{"self":[{"href":"https:\/\/www.esmuc.cat\/es\/wp-json\/wp\/v2\/pages\/41133","targetHints":{"allow":["GET"]}}],"collection":[{"href":"https:\/\/www.esmuc.cat\/es\/wp-json\/wp\/v2\/pages"}],"about":[{"href":"https:\/\/www.esmuc.cat\/es\/wp-json\/wp\/v2\/types\/page"}],"author":[{"embeddable":true,"href":"https:\/\/www.esmuc.cat\/es\/wp-json\/wp\/v2\/users\/5"}],"replies":[{"embeddable":true,"href":"https:\/\/www.esmuc.cat\/es\/wp-json\/wp\/v2\/comments?post=41133"}],"version-history":[{"count":5,"href":"https:\/\/www.esmuc.cat\/es\/wp-json\/wp\/v2\/pages\/41133\/revisions"}],"predecessor-version":[{"id":68785,"href":"https:\/\/www.esmuc.cat\/es\/wp-json\/wp\/v2\/pages\/41133\/revisions\/68785"}],"up":[{"embeddable":true,"href":"https:\/\/www.esmuc.cat\/es\/wp-json\/wp\/v2\/pages\/42275"}],"wp:attachment":[{"href":"https:\/\/www.esmuc.cat\/es\/wp-json\/wp\/v2\/media?parent=41133"}],"wp:term":[{"taxonomy":"category","embeddable":true,"href":"https:\/\/www.esmuc.cat\/es\/wp-json\/wp\/v2\/categories?post=41133"},{"taxonomy":"post_tag","embeddable":true,"href":"https:\/\/www.esmuc.cat\/es\/wp-json\/wp\/v2\/tags?post=41133"}],"curies":[{"name":"wp","href":"https:\/\/api.w.org\/{rel}","templated":true}]}}