{"id":41107,"date":"2021-10-02T08:49:18","date_gmt":"2021-10-02T06:49:18","guid":{"rendered":"https:\/\/www.esmuc.cat\/fons-bibliografic\/"},"modified":"2023-07-05T11:41:27","modified_gmt":"2023-07-05T09:41:27","slug":"fondo-bibliografico","status":"publish","type":"page","link":"https:\/\/www.esmuc.cat\/es\/servicios\/biblioteca-crai\/fondos-y-colecciones\/fondo-bibliografico\/","title":{"rendered":"Fondo biblioteca"},"content":{"rendered":"\n<div class=\"wp-block-columns is-layout-flex wp-container-core-columns-is-layout-9d6595d7 wp-block-columns-is-layout-flex\">\n<div class=\"wp-block-column esmuc__Menu_Masters is-layout-flow wp-block-column-is-layout-flow\" style=\"flex-basis:33.33%\">\n\n<\/div>\n\n\n\n<div class=\"wp-block-column is-layout-flow wp-block-column-is-layout-flow\" style=\"flex-basis:66.66%\"><div class=\"breadcrumbs align  wp-block-bcn-breadcrumb-trail has-text-color has-background\" vocab=\"https:\/\/schema.org\/\" typeof=\"BreadcrumbList\">\n\t<span><\/span>\n\t<span property=\"itemListElement\" typeof=\"ListItem\"><a property=\"item\" typeof=\"WebPage\" title=\"Ir a ESMUC.\" href=\"https:\/\/www.esmuc.cat\/es\/\" class=\"home\" ><span property=\"name\">ESMUC<\/span><\/a><meta property=\"position\" content=\"1\"><\/span> &gt; <span property=\"itemListElement\" typeof=\"ListItem\"><a property=\"item\" typeof=\"WebPage\" title=\"Ir a Servicios.\" href=\"https:\/\/www.esmuc.cat\/es\/servicios\/\" class=\"post post-page\" ><span property=\"name\">Servicios<\/span><\/a><meta property=\"position\" content=\"2\"><\/span> &gt; <span property=\"itemListElement\" typeof=\"ListItem\"><a property=\"item\" typeof=\"WebPage\" title=\"Ir a Biblioteca-CRAI de la ESMUC.\" href=\"https:\/\/www.esmuc.cat\/es\/servicios\/biblioteca-crai\/\" class=\"post post-page\" ><span property=\"name\">Biblioteca-CRAI de la ESMUC<\/span><\/a><meta property=\"position\" content=\"3\"><\/span> &gt; <span property=\"itemListElement\" typeof=\"ListItem\"><a property=\"item\" typeof=\"WebPage\" title=\"Ir a Fondos y coleciones.\" href=\"https:\/\/www.esmuc.cat\/es\/servicios\/biblioteca-crai\/fondos-y-colecciones\/\" class=\"post post-page\" ><span property=\"name\">Fondos y coleciones<\/span><\/a><meta property=\"position\" content=\"4\"><\/span> &gt; <span property=\"itemListElement\" typeof=\"ListItem\"><span property=\"name\" class=\"post post-page current-item\">Fondo biblioteca<\/span><meta property=\"url\" content=\"https:\/\/www.esmuc.cat\/es\/servicios\/biblioteca-crai\/fondos-y-colecciones\/fondo-bibliografico\/\"><meta property=\"position\" content=\"5\"><\/span><\/div>\n\n\n\n<h1 class=\"wp-block-heading\">Fondo de biblioteca<\/h1>\n\n\n\n<div style=\"height:30px\" aria-hidden=\"true\" class=\"wp-block-spacer\"><\/div>\n\n\n\n<p>El fondo bibliogr\u00e1fico disponible por la comunidad usuaria consta de 60.000 documentos aproximadamente y se compone principalmente de cuatro grandes secciones:<\/p>\n\n\n\n<div style=\"height:41px\" aria-hidden=\"true\" class=\"wp-block-spacer\"><\/div>\n\n\n\n<section id=\"gm8a6b4e3\" class=\"wp-block-gutentor-m3 section-gm8a6b4e3 gutentor-module gutentor-container-cover\"><div class=\"grid-container\">\n<section id=\"gm75fcade\" class=\"wp-block-gutentor-m2 section-gm75fcade gutentor-module gutentor-dynamic-columns esmuc__menu_instrumentos\"><div class=\"grid-container\"><div class=\"grid-row\">\n<div id=\"col-gm7b770f\" class=\"wp-block-gutentor-m2-col col-gm7b770f gutentor-module gutentor-dynamic-single-column grid-lg-6 grid-md-4 grid-12\"><div id=\"section-gm7b770f\" class=\"section-gm7b770f gutentor-single-col\">\n<h3 class=\"wp-block-heading\">Partituras<\/h3>\n\n\n\n<hr class=\"wp-block-separator has-css-opacity\" \/>\n\n\n\n<div id=\"section-ge7c729\" class=\"wp-block-gutentor-e6 section-ge7c729 gutentor-element gutentor-element-image gutentor-enabled-width\"><div class=\"gutentor-element-image-box\"><div class=\"gutentor-image-thumb\"><img decoding=\"async\" class=\"normal-image\" src=\"http:\/\/www.esmuc.cat\/wp-content\/uploads\/2021\/10\/partituresbiblioteca-1.png\" alt=\"Partituresbiblioteca 1\" \/><\/div><\/div><\/div>\n\n\n\n<div style=\"height:20px\" aria-hidden=\"true\" class=\"wp-block-spacer\"><\/div>\n\n\n\n<p>La Biblioteca proporciona acceso a un fondo de <strong>15.000 partituras<\/strong> de libre acceso. Este fondo est\u00e1 organizado a trav\u00e9s de una clasificaci\u00f3n espec\u00edfica para estos documentos.<\/p>\n<\/div><\/div>\n\n\n\n<div id=\"col-gm293ec9\" class=\"wp-block-gutentor-m2-col col-gm293ec9 gutentor-module gutentor-dynamic-single-column grid-lg-6 grid-md-4 grid-12\"><div id=\"section-gm293ec9\" class=\"section-gm293ec9 gutentor-single-col\">\n<h3 class=\"wp-block-heading\">Libros<\/h3>\n\n\n\n<hr class=\"wp-block-separator has-css-opacity\" \/>\n\n\n\n<div id=\"section-g0d6bec\" class=\"wp-block-gutentor-e6 section-g0d6bec gutentor-element gutentor-element-image gutentor-enabled-width\"><div class=\"gutentor-element-image-box\"><div class=\"gutentor-image-thumb\"><img decoding=\"async\" class=\"normal-image\" src=\"http:\/\/www.esmuc.cat\/wp-content\/uploads\/2021\/10\/llibresbiblioteca.png\" alt=\"Llibresbiblioteca\" \/><\/div><\/div><\/div>\n\n\n\n<div style=\"height:20px\" aria-hidden=\"true\" class=\"wp-block-spacer\"><\/div>\n\n\n\n<p>La colecci\u00f3n de libros de la Biblioteca representa <strong>8000 vol\u00famenes<\/strong>, de libre acceso.<\/p>\n<\/div><\/div>\n<\/div><\/div><\/section>\n\n\n\n<div style=\"height:40px\" aria-hidden=\"true\" class=\"wp-block-spacer\"><\/div>\n\n\n\n<section id=\"gm01a7ba1\" class=\"wp-block-gutentor-m2 section-gm01a7ba1 gutentor-module gutentor-dynamic-columns esmuc__menu_instrumentos\"><div class=\"grid-container\"><div class=\"grid-row\">\n<div id=\"col-gmcbf372\" class=\"wp-block-gutentor-m2-col col-gmcbf372 gutentor-module gutentor-dynamic-single-column grid-lg-6 grid-md-4 grid-12\"><div id=\"section-gmcbf372\" class=\"section-gmcbf372 gutentor-single-col\">\n<h3 class=\"wp-block-heading\">Audiovisuales<\/h3>\n\n\n\n<hr class=\"wp-block-separator has-css-opacity\" \/>\n\n\n\n<div id=\"section-g491b2d\" class=\"wp-block-gutentor-e6 section-g491b2d gutentor-element gutentor-element-image gutentor-enabled-width\"><div class=\"gutentor-element-image-box\"><div class=\"gutentor-image-thumb\"><img decoding=\"async\" class=\"normal-image\" src=\"http:\/\/www.esmuc.cat\/wp-content\/uploads\/2021\/10\/CDs.png\" alt=\"Cds\" \/><\/div><\/div><\/div>\n\n\n\n<div style=\"height:20px\" aria-hidden=\"true\" class=\"wp-block-spacer\"><\/div>\n\n\n\n<p>Esta parte del fondo est\u00e1 constituida por <strong>17.000 grabaciones sonoras y 1.300 grabaciones de v\u00eddeo.<\/strong><\/p>\n<\/div><\/div>\n\n\n\n<div id=\"col-gm8a11bb\" class=\"wp-block-gutentor-m2-col col-gm8a11bb gutentor-module gutentor-dynamic-single-column grid-lg-6 grid-md-4 grid-12\"><div id=\"section-gm8a11bb\" class=\"section-gm8a11bb gutentor-single-col\">\n<h3 class=\"wp-block-heading\">Revistas<\/h3>\n\n\n\n<hr class=\"wp-block-separator has-css-opacity\" \/>\n\n\n\n<p>Actualmente, la Biblioteca-CRAI de la ESMUC est\u00e1 suscrita a <a href=\"https:\/\/www.esmuc.cat\/serveis\/biblioteca-crai\/fons-i-colleccions-documentals-de-la-biblioteca-crai\/revistes-subscrites\/\">61 t\u00edtulos de revista<\/a>, tanto impresas como en formato electr\u00f3nico.<\/p>\n\n\n\n<p>Adem\u00e1s de las revistas que actualmente la Biblioteca tiene suscritas, dispone de una colecci\u00f3n de publicaciones en serie antiguas, o se han dejado de recibir. Estas revistas se encuentran en el dep\u00f3sito.  <\/p>\n\n\n\n<p>Para saber los t\u00edtulos que la Biblioteca ha conservado puede consultar el <a href=\"https:\/\/milleniumbeg.cultura.gencat.cat\/search~S31*cat\/X?(*)&amp;searchscope=31&amp;SORT=AX&amp;m=b\">listado proporcionado por el cat\u00e1logo bibliogr\u00e1fico<\/a>.<\/p>\n\n\n\n<p>La Biblioteca tambi\u00e9n est\u00e1 suscrita en tres diarios de prensa: <a href=\"https:\/\/www.lavanguardia.com\/\" target=\"_blank\" rel=\"noreferrer noopener nofollow\">La Vanguardia<\/a>, <a href=\"https:\/\/www.elperiodico.cat\/ca\/\" target=\"_blank\" rel=\"noreferrer noopener nofollow\">El Peri\u00f3dico<\/a>, <a href=\"https:\/\/www.ara.cat\/\" target=\"_blank\" rel=\"noreferrer noopener nofollow\">El Diari Ara<\/a>. La versi\u00f3n en papel se mantiene s\u00f3lo en la semana en curso.<\/p>\n<\/div><\/div>\n<\/div><\/div><\/section>\n<\/div><\/section>\n<\/div>\n<\/div>\n\n\n","protected":false},"excerpt":{"rendered":"<p>Fondo de biblioteca El fondo bibliogr\u00e1fico disponible por la comunidad usuaria consta de 60.000 documentos aproximadamente y se compone principalmente de cuatro grandes secciones:<\/p>\n","protected":false},"author":5,"featured_media":0,"parent":42275,"menu_order":4,"comment_status":"closed","ping_status":"closed","template":"","meta":{"_acf_changed":false,"_themeisle_gutenberg_block_has_review":false,"footnotes":""},"categories":[1316],"tags":[1435,1413,1347,1349,1350,1432,1434,1547],"class_list":["post-41107","page","type-page","status-publish","hentry","category-biblioteca-crai-es","tag-audiovisuals","tag-discografia-es","tag-fons-bibliografics-es","tag-hemeroteca-es","tag-llibres-es","tag-partitures","tag-revistes","tag-revistes-2-es"],"acf":[],"publishpress_future_action":{"enabled":false,"date":"2026-04-30 20:15:05","action":"change-status","newStatus":"draft","terms":[],"taxonomy":"category","extraData":[]},"publishpress_future_workflow_manual_trigger":{"enabledWorkflows":[]},"_links":{"self":[{"href":"https:\/\/www.esmuc.cat\/es\/wp-json\/wp\/v2\/pages\/41107","targetHints":{"allow":["GET"]}}],"collection":[{"href":"https:\/\/www.esmuc.cat\/es\/wp-json\/wp\/v2\/pages"}],"about":[{"href":"https:\/\/www.esmuc.cat\/es\/wp-json\/wp\/v2\/types\/page"}],"author":[{"embeddable":true,"href":"https:\/\/www.esmuc.cat\/es\/wp-json\/wp\/v2\/users\/5"}],"replies":[{"embeddable":true,"href":"https:\/\/www.esmuc.cat\/es\/wp-json\/wp\/v2\/comments?post=41107"}],"version-history":[{"count":6,"href":"https:\/\/www.esmuc.cat\/es\/wp-json\/wp\/v2\/pages\/41107\/revisions"}],"predecessor-version":[{"id":83243,"href":"https:\/\/www.esmuc.cat\/es\/wp-json\/wp\/v2\/pages\/41107\/revisions\/83243"}],"up":[{"embeddable":true,"href":"https:\/\/www.esmuc.cat\/es\/wp-json\/wp\/v2\/pages\/42275"}],"wp:attachment":[{"href":"https:\/\/www.esmuc.cat\/es\/wp-json\/wp\/v2\/media?parent=41107"}],"wp:term":[{"taxonomy":"category","embeddable":true,"href":"https:\/\/www.esmuc.cat\/es\/wp-json\/wp\/v2\/categories?post=41107"},{"taxonomy":"post_tag","embeddable":true,"href":"https:\/\/www.esmuc.cat\/es\/wp-json\/wp\/v2\/tags?post=41107"}],"curies":[{"name":"wp","href":"https:\/\/api.w.org\/{rel}","templated":true}]}}