{"id":40979,"date":"2022-05-13T16:16:50","date_gmt":"2022-05-13T14:16:50","guid":{"rendered":"https:\/\/www.esmuc.cat\/?page_id=40979"},"modified":"2022-09-09T12:24:54","modified_gmt":"2022-09-09T10:24:54","slug":"partituras-electronicas","status":"publish","type":"page","link":"https:\/\/www.esmuc.cat\/es\/servicios\/biblioteca-crai\/biblioteca-digital\/partituras-electronicas\/","title":{"rendered":"Partituras electr\u00f3nicas"},"content":{"rendered":"\n<div class=\"wp-block-columns is-layout-flex wp-container-core-columns-is-layout-9d6595d7 wp-block-columns-is-layout-flex\">\n<div class=\"wp-block-column is-layout-flow wp-block-column-is-layout-flow\" style=\"flex-basis:66.66%\"><div class=\"breadcrumbs align  wp-block-bcn-breadcrumb-trail has-text-color has-background\" vocab=\"https:\/\/schema.org\/\" typeof=\"BreadcrumbList\">\n\t<span><\/span>\n\t<span property=\"itemListElement\" typeof=\"ListItem\"><a property=\"item\" typeof=\"WebPage\" title=\"Ir a ESMUC.\" href=\"https:\/\/www.esmuc.cat\/es\/\" class=\"home\" ><span property=\"name\">ESMUC<\/span><\/a><meta property=\"position\" content=\"1\"><\/span> &gt; <span property=\"itemListElement\" typeof=\"ListItem\"><a property=\"item\" typeof=\"WebPage\" title=\"Ir a Servicios.\" href=\"https:\/\/www.esmuc.cat\/es\/servicios\/\" class=\"post post-page\" ><span property=\"name\">Servicios<\/span><\/a><meta property=\"position\" content=\"2\"><\/span> &gt; <span property=\"itemListElement\" typeof=\"ListItem\"><a property=\"item\" typeof=\"WebPage\" title=\"Ir a Biblioteca-CRAI de la ESMUC.\" href=\"https:\/\/www.esmuc.cat\/es\/servicios\/biblioteca-crai\/\" class=\"post post-page\" ><span property=\"name\">Biblioteca-CRAI de la ESMUC<\/span><\/a><meta property=\"position\" content=\"3\"><\/span> &gt; <span property=\"itemListElement\" typeof=\"ListItem\"><a property=\"item\" typeof=\"WebPage\" title=\"Ir a Biblioteca digital.\" href=\"https:\/\/www.esmuc.cat\/es\/servicios\/biblioteca-crai\/biblioteca-digital\/\" class=\"post post-page\" ><span property=\"name\">Biblioteca digital<\/span><\/a><meta property=\"position\" content=\"4\"><\/span> &gt; <span property=\"itemListElement\" typeof=\"ListItem\"><span property=\"name\" class=\"post post-page current-item\">Partituras electr\u00f3nicas<\/span><meta property=\"url\" content=\"https:\/\/www.esmuc.cat\/es\/servicios\/biblioteca-crai\/biblioteca-digital\/partituras-electronicas\/\"><meta property=\"position\" content=\"5\"><\/span><\/div>\n\n\n\n<h1 class=\"wp-block-heading\" id=\"bases-de-dades-de-recerca\">Partituras electr\u00f3nicas<\/h1>\n\n\n\n<div style=\"height:44px\" aria-hidden=\"true\" class=\"wp-block-spacer\"><\/div>\n\n\n\n<h4 class=\"wp-block-heading\">Recursos destacados<\/h4>\n\n\n\n<section id=\"gm9b0b718\" class=\"wp-block-gutentor-m0 section-gm9b0b718 gutentor-module gutentor-module-carousel gutentor-slick-a-default-desktop gutentor-slick-a-default-tablet gutentor-slick-a-default-mobile\"><div class=\"grid-container\"><div class=\"gutentor-module-carousel-row\" data-dots=\"false\" data-dotstablet=\"false\" data-dotsmobile=\"false\" data-arrows=\"true\" data-arrowstablet=\"true\" data-arrowsmobile=\"true\" data-infinite=\"true\" data-autoplay=\"false\" data-draggable=\"true\" data-pauseonfocus=\"true\" data-pauseonhover=\"true\" data-autoplayspeed=\"3000\" data-cmondesktop=\"false\" data-cmontablet=\"false\" data-cmonmobile=\"false\" data-nextarrow=\"fas fa-angle-right\" data-prevarrow=\"fas fa-angle-left\" data-arrowspositiondesktop=\"gutentor-slick-a-default-desktop\" data-arrowspositiontablet=\"gutentor-slick-a-default-tablet\" data-arrowspositionmobile=\"gutentor-slick-a-default-mobile\" data-speed=\"300\" data-slideitemdesktop=\"4\" data-slideitemtablet=\"3\" data-slideitemmobile=\"2\" data-slidescroll-desktop=\"4\" data-slidescroll-tablet=\"3\" data-slidescroll-mobile=\"2\">\n<div id=\"col-gm639374\" class=\"wp-block-gutentor-m0-col col-gm639374 gutentor-carousel-item\"><div id=\"section-gm639374\" class=\"section-gm639374 gutentor-col-wrap\">\n<div id=\"section-gdb8e93\" class=\"wp-block-gutentor-e6 section-gdb8e93 gutentor-element gutentor-element-image\"><div class=\"gutentor-element-image-box\"><a class=\"gutentor-element-image-link\" href=\"https:\/\/www-babelscores-com.esmuc.idm.oclc.org\/es\/\" target=\"_blank\" rel=\"noopener noreferrer\"><div class=\"gutentor-image-thumb\"><img decoding=\"async\" class=\"normal-image\" src=\"http:\/\/www.esmuc.cat\/wp-content\/uploads\/2022\/09\/babel-scores.png\" \/><\/div><\/a><\/div><\/div>\n<\/div><\/div>\n\n\n\n<div id=\"col-gmccbd98\" class=\"wp-block-gutentor-m0-col col-gmccbd98 gutentor-carousel-item\"><div id=\"section-gmccbd98\" class=\"section-gmccbd98 gutentor-col-wrap\">\n<div id=\"section-gb6f0ee\" class=\"wp-block-gutentor-e6 section-gb6f0ee gutentor-element gutentor-element-image\"><div class=\"gutentor-element-image-box\"><a class=\"gutentor-element-image-link\" href=\"https:\/\/www.esmuc.cat\/serveis\/biblioteca-crai\/biblioteca-digital\/bases-de-dades-de-recerca\/nkoda\/\" target=\"_blank\" rel=\"noopener noreferrer\"><div class=\"gutentor-image-thumb\"><img decoding=\"async\" class=\"normal-image\" src=\"http:\/\/www.esmuc.cat\/wp-content\/uploads\/2022\/09\/nkoda.webp\" \/><\/div><\/a><\/div><\/div>\n<\/div><\/div>\n\n\n\n<div id=\"col-gme0109d\" class=\"wp-block-gutentor-m0-col col-gme0109d gutentor-carousel-item\"><div id=\"section-gme0109d\" class=\"section-gme0109d gutentor-col-wrap\">\n<div id=\"section-gcfbcb6\" class=\"wp-block-gutentor-e6 section-gcfbcb6 gutentor-element gutentor-element-image\"><div class=\"gutentor-element-image-box\"><a class=\"gutentor-element-image-link\" href=\"https:\/\/gallica.bnf.fr\/html\/und\/partitions\/partitions?mode=desktop\" target=\"_blank\" rel=\"noopener noreferrer\"><div class=\"gutentor-image-thumb\"><img decoding=\"async\" class=\"normal-image\" src=\"http:\/\/www.esmuc.cat\/wp-content\/uploads\/2022\/09\/BnF-Gallica.png\" \/><\/div><\/a><\/div><\/div>\n<\/div><\/div>\n\n\n\n<div id=\"col-gmbff6fb\" class=\"wp-block-gutentor-m0-col col-gmbff6fb gutentor-carousel-item\"><div id=\"section-gmbff6fb\" class=\"section-gmbff6fb gutentor-col-wrap\">\n<div id=\"section-g968a2b\" class=\"wp-block-gutentor-e6 section-g968a2b gutentor-element gutentor-element-image\"><div class=\"gutentor-element-image-box\"><a class=\"gutentor-element-image-link\" href=\"http:\/\/bdh.bne.es\/bnesearch\/Search.do\" target=\"_blank\" rel=\"noopener noreferrer\"><div class=\"gutentor-image-thumb\"><img decoding=\"async\" class=\"normal-image\" src=\"http:\/\/www.esmuc.cat\/wp-content\/uploads\/2022\/09\/BNE.jpg\" \/><\/div><\/a><\/div><\/div>\n<\/div><\/div>\n<\/div><\/div><\/section>\n<\/div>\n<\/div>\n\n\n\n<h4 class=\"wp-block-heading\">Directorio de recursos<\/h4>\n\n\n\n<table id=\"tablepress-470\" class=\"tablepress tablepress-id-470\">\n<thead>\n<tr class=\"row-1\">\n\t<th class=\"column-1\"><strong>Recurs<\/strong><\/th><th class=\"column-2\">Descripci\u00f3<strong><\/th><th class=\"column-3\">Acc\u00e9s<\/strong><\/th><th class=\"column-4\">Tutorial<\/strong><\/th>\n<\/tr>\n<\/thead>\n<tbody class=\"row-striping row-hover\">\n<tr class=\"row-2\">\n\t<td class=\"column-1\">BabelScores<\/td><td class=\"column-2\">Biblioteca digital de Partitures electr\u00f2niques<strong><BR><P>Base de dades especialitzada en m\u00fasica cl\u00e0ssica i contempor\u00e0nia de qualitat. Permet escoltar les obres i visualitzar les partitures.<\/P><BR>ABAST TEM\u00c0TIC: Interpetaci\u00f3 - M\u00fasica Cl\u00e0ssica i contempor\u00e0nia<BR>ABAST CRONOL\u00d2GIC: 1980-Actualitat<\/td><td class=\"column-3\"><a href=\"https:\/\/esmuc.idm.oclc.org\/login?url=https:\/\/www.babelscores.com\/es\/\" title=\"\" target=\"_blank\" rel=\"noopener\">Acc\u00e9s exclusiu ESMUC<\/a><\/td><td class=\"column-4\"><iframe loading=\"lazy\" width=\"560\" height=\"315\" src=\"https:\/\/www.youtube.com\/embed\/covdFIZG-yk?si=rWdrnQ_RkByveWgI\" title=\"YouTube video player\" frameborder=\"0\" allow=\"accelerometer; autoplay; clipboard-write; encrypted-media; gyroscope; picture-in-picture; web-share\" referrerpolicy=\"strict-origin-when-cross-origin\" allowfullscreen><\/iframe><\/td>\n<\/tr>\n<tr class=\"row-3\">\n\t<td class=\"column-1\">Biblioteca Digital Hisp\u00e1nica<\/strong><\/td><td class=\"column-2\"><strong>Dip\u00f2sit digital de Documents antics digitalitzats <\/strong><BR><P>Recurs de la BNE que proporciona acc\u00e9s lliure i gratu\u00eft a milers de documents digitalitzats del seu fons, entre ells gravacions de principis del segle XX i partitures manuscrites.<br \/>\nTipologies documentals que s'inclouen: Llibres impresos dels segles XV al XX, manuscrits, dibuixos, gravats, follets, cartells, fotografies, mapes, atles, partitures, premsa hist\u00f2rica i gravacions sonores a text complet<\/P><BR>ABAST TEM\u00c0TIC: Multidisciplinar<BR>ABAST CRONOL\u00d2GIC: XV - Actualitat\"<\/td><td class=\"column-3\"><a href=\"http:\/\/www.bne.es\/es\/Catalogos\/BibliotecaDigitalHispanica\/Inicio\/index.html\" title=\"\" target=\"_blank\" rel=\"noopener\">Acc\u00e9s obert<\/a><\/td><td class=\"column-4\"><\/td>\n<\/tr>\n<tr class=\"row-4\">\n\t<td class=\"column-1\">Boulanger Initiative Database<\/td><td class=\"column-2\"><strong>Women and Gender Marginalized Composers Repertoire Database \u00e9s una base de dades d'obres de compositores que acull m\u00e9s de 8.000 obres hist\u00f2riques de 1.200 compositores disponibles de manera gratu\u00efta<\/strong><BR><BR>ABAST TEM\u00c0TIC: Repertori de compositores<BR>ABAST CRONOL\u00d2GIC: 8000 a.c - Actualitat<\/td><td class=\"column-3\"><a href=\"https:\/\/www.boulangerinitiative.org\/database\" rel=\"noopener\" target=\"_blank\">Acc\u00e9s obert<\/a><\/td><td class=\"column-4\"><iframe loading=\"lazy\" width=\"560\" height=\"315\" src=\"https:\/\/www.youtube.com\/embed\/cORiq44Z1To?si=XUScDPEUiTc6Hio0\" title=\"YouTube video player\" frameborder=\"0\" allow=\"accelerometer; autoplay; clipboard-write; encrypted-media; gyroscope; picture-in-picture; web-share\" referrerpolicy=\"strict-origin-when-cross-origin\" allowfullscreen><\/iframe><\/td>\n<\/tr>\n<tr class=\"row-5\">\n\t<td class=\"column-1\">CSIC: Col\u00b7lecci\u00f3 de m\u00fasica<\/td><td class=\"column-2\"><strong>Acc\u00e9s directe a publicacions musicals del CSIC disponibles en versi\u00f3 digital. Edicions musicals cr\u00edtiques d'inter\u00e8s musicol\u00f2gic. <\/strong><BR><P>Biblioteca digital del CSIC<\/P><BR>ABAST TEM\u00c0TIC: M\u00fasica, ci\u00e8ncies, etc<BR>ABAST CRONOL\u00d2GIC: Edat Mitjana - Actualitat<\/td><td class=\"column-3\"><a href=\"https:\/\/www.imf.csic.es\/index.php\/imf-publicaciones\/colecciones\/publicaciones-coleccion-musica\">Acc\u00e9s obert<\/a><\/td><td class=\"column-4\"><\/td>\n<\/tr>\n<tr class=\"row-6\">\n\t<td class=\"column-1\">Gallica<br \/>\n<\/td><td class=\"column-2\"><strong>Biblioteca digital de Diaris, revistes, imatges, \u00e0udios, mapes, manuscrits, v\u00eddeos i llibres en format EPUB a text complet<\/strong><BR><P>Biblioteca digital de la\u00a0Biblioteca Nacional de Francia<\/P><BR>ABAST TEM\u00c0TIC: M\u00fasica, ci\u00e8ncies, etc<BR>ABAST CRONOL\u00d2GIC: XIX - Actualitat<\/td><td class=\"column-3\"><a href=\"https:\/\/gallica.bnf.fr\/html\/und\/presse-et-revues\/presse-de-musique?mode=desktop\" title=\"\" target=\"_blank\" rel=\"noopener\">Acc\u00e9s obert<\/a><\/td><td class=\"column-4\"><\/td>\n<\/tr>\n<tr class=\"row-7\">\n\t<td class=\"column-1\">Hispana<br \/>\n<\/td><td class=\"column-2\"><strong>Dip\u00f2sit digital de Refer\u00e8ncies de Llibres, documents antics, arxius sonors <\/strong><BR><P>Repositori que cont\u00e9 les col\u00b7leccions digitals d'arxius, biblioteques i museus, espanyols d'acord amb la iniciativa d'arxius oberts que promou la Uni\u00f3 Europea. Entre d'altres col\u00b7leccions, destaquen els repositoris institucionals de les universitats espanyoles i de les biblioteques digitals de les comunitats aut\u00f2nomes.<\/P><BR>ABAST TEM\u00c0TIC: Multidisciplinar<BR>ABAST CRONOL\u00d2GIC: --<\/td><td class=\"column-3\"><a href=\"https:\/\/hispana.mcu.es\/es\/inicio\/inicio.cmd\" title=\"\" target=\"_blank\" rel=\"noopener\">Acc\u00e9s obert<\/a><\/td><td class=\"column-4\"><\/td>\n<\/tr>\n<tr class=\"row-8\">\n\t<td class=\"column-1\">Music and dance online<\/td><td class=\"column-2\"><strong>Biblioteca digital de \u00c0udios, llibres, partitures, revistes i v\u00eddeos. Inclou m\u00e9s d'1,3 milions de p\u00e0gines de partitures.<\/strong><\/P><BR>ABAST TEM\u00c0TIC: Intepretaci\u00f3 - M\u00fasica Cl\u00e0ssica i Contempor\u00e0nia<BR>ABAST CRONOL\u00d2GIC: --<\/td><td class=\"column-3\"><a href=\"https:\/\/search-alexanderstreet-com.esmuc.idm.oclc.org\/musc\" title=\"\" target=\"_blank\" rel=\"noopener\">Acc\u00e9s exclusiu ESMUC<\/a><\/td><td class=\"column-4\"><iframe width=\"560\" height=\"315\"src=\"https:\/\/www.youtube.com\/embed\/MFA9uRdZKZo?si=Y1gKh3PZYnpwOrA2\"title=\"YouTube video player\" frameborder=\"0\" allow=\"accelerometer; autoplay; clipboard-write; encrypted-media; gyroscope; picture-in-picture; web-share\" referrerpolicy=\"strict-origin-when-cross-origin\" allowfullscreen><\/iframe><\/td>\n<\/tr>\n<tr class=\"row-9\">\n\t<td class=\"column-1\">Partitures digitals de les Biblioteques P\u00fabliques de Catalunya<\/td><td class=\"column-2\"><strong>Partitures digitals que es poden agafar en pr\u00e9stec amb el carnet de biblioteques p\u00fabliques de Catalunya.<\/strong><\/P><BR>ABAST TEM\u00c0TIC: Multidisciplinar<BR>ABAST CRONOL\u00d2GIC: --<\/td><td class=\"column-3\"><a href=\"https:\/\/biblioteca.ebiblio.cat\/results?limit=24&amp;offset=0&amp;facets=format_facet_ss:%22MUSIC_SHEET%22&amp;query=allfields_txt:partitures&amp;order=fechaModifica_dt:desc\" title=\"\" target=\"_blank\" rel=\"noopener\">Acc\u00e9s obert<\/a><\/td><td class=\"column-4\"><\/td>\n<\/tr>\n<tr class=\"row-10\">\n\t<td class=\"column-1\">Henle Library<\/td><td class=\"column-2\"><strong> Partitures digitals de les edicions Urtext de l\u2019editorial Henle. Permet descarregar les partitures en pdf i fer-hi anotacions i comentaris.<\/strong><\/P><BR>ABAST TEM\u00c0TIC: Cl\u00e0ssica<BR>ABAST CRONOL\u00d2GIC: --<\/td><td class=\"column-3\"><a href=\"https:\/\/www.esmuc.cat\/henle-library-instruccions-dinstallacio-i-acces\/\" rel=\"noopener\" target=\"_blank\">Acc\u00e9s exclusiu ESMUC a trav\u00e9s d'app. M\u00e9s detalls sobre la instal\u00b7laci\u00f3.<\/a><\/td><td class=\"column-4\"><iframe width=\"560\" height=\"315\"src=\"https:\/\/www.youtube.com\/embed\/C-UXCXjpapI\" title=\"Henle Library | Recursos digitals | Biblioteca - CRAI | 2025 I ESMUC\" frameborder=\"0\" allow=\"accelerometer; autoplay; clipboard-write; encrypted-media; gyroscope; picture-in-picture; web-share\" referrerpolicy=\"strict-origin-when-cross-origin\" allowfullscreen><\/iframe><\/td>\n<\/tr>\n<tr class=\"row-11\">\n\t<td class=\"column-1\">Nkoda\u00a0: digital music sheet app<\/td><td class=\"column-2\">Servei electr\u00f2nic  de Partitures electr\u00f2niques<BR><P><br \/>\nRecurs que cont\u00e9 partitures electr\u00f2niques. Agrupa l'acc\u00e9s a publicacions de m\u00e9s de 100 editors musicals. Permet la visualitzaci\u00f3 de les partitures i la possibilitat d'afegir-hi anotacions i comentaris. <br \/>\n<BR>ABAST TEM\u00c0TIC: Interpretaci\u00f3 - M\u00fasica Cl\u00e0ssica i Contempor\u00e0nia<BR>ABAST CRONOL\u00d2GIC: --<BR><a href=https:\/\/www.esmuc.cat\/serveis\/biblioteca-crai\/biblioteca-digital\/bases-de-dades-de-recerca\/nkoda\/\">INSTRUCCIONS D'INSTAL\u00b7LACI\u00d3 I ACC\u00c9S<\/a><br \/>\n<br \/>\n<\/td><td class=\"column-3\"><a href=\"https:\/\/www.esmuc.cat\/serveis\/biblioteca-crai\/biblioteca-digital\/bases-de-dades-de-recerca\/nkoda\/\" rel=\"noopener\" target=\"_blank\">Acc\u00e9s exclusiu ESMUC a trav\u00e9s d'app. M\u00e9s detalls sobre la instal\u00b7laci\u00f3.<\/a><\/td><td class=\"column-4\"><iframe loading=\"lazy\" width=\"560\" height=\"315\" src=\"https:\/\/www.youtube.com\/embed\/KppQuhDOSMQ?si=FqGHYWrSfaav9aFh\"title=\"YouTube video player\" frameborder=\"0\" allow=\"accelerometer; autoplay; clipboard-write; encrypted-media; gyroscope; picture-in-picture; web-share\" referrerpolicy=\"strict-origin-when-cross-origin\" allowfullscreen><\/iframe><\/td>\n<\/tr>\n<\/tbody>\n<\/table>\n\n\n\n\n<section id=\"gm1781ee0\" class=\"wp-block-gutentor-m3 section-gm1781ee0 gutentor-module gutentor-container-cover\"><div class=\"grid-container\"><\/div><\/section>\n\n\n\n<p><\/p>\n","protected":false},"excerpt":{"rendered":"<p>Partituras electr\u00f3nicas Recursos destacados Directorio de recursos<\/p>\n","protected":false},"author":5,"featured_media":0,"parent":40845,"menu_order":2,"comment_status":"closed","ping_status":"closed","template":"","meta":{"_acf_changed":false,"_themeisle_gutenberg_block_has_review":false,"footnotes":""},"categories":[1316],"tags":[1432,1354],"class_list":["post-40979","page","type-page","status-publish","hentry","category-biblioteca-crai-es","tag-partitures","tag-recursos-electronics-es"],"acf":[],"publishpress_future_action":{"enabled":false,"date":"2026-04-14 04:19:50","action":"change-status","newStatus":"draft","terms":[],"taxonomy":"category","extraData":[]},"publishpress_future_workflow_manual_trigger":{"enabledWorkflows":[]},"_links":{"self":[{"href":"https:\/\/www.esmuc.cat\/es\/wp-json\/wp\/v2\/pages\/40979","targetHints":{"allow":["GET"]}}],"collection":[{"href":"https:\/\/www.esmuc.cat\/es\/wp-json\/wp\/v2\/pages"}],"about":[{"href":"https:\/\/www.esmuc.cat\/es\/wp-json\/wp\/v2\/types\/page"}],"author":[{"embeddable":true,"href":"https:\/\/www.esmuc.cat\/es\/wp-json\/wp\/v2\/users\/5"}],"replies":[{"embeddable":true,"href":"https:\/\/www.esmuc.cat\/es\/wp-json\/wp\/v2\/comments?post=40979"}],"version-history":[{"count":5,"href":"https:\/\/www.esmuc.cat\/es\/wp-json\/wp\/v2\/pages\/40979\/revisions"}],"predecessor-version":[{"id":58852,"href":"https:\/\/www.esmuc.cat\/es\/wp-json\/wp\/v2\/pages\/40979\/revisions\/58852"}],"up":[{"embeddable":true,"href":"https:\/\/www.esmuc.cat\/es\/wp-json\/wp\/v2\/pages\/40845"}],"wp:attachment":[{"href":"https:\/\/www.esmuc.cat\/es\/wp-json\/wp\/v2\/media?parent=40979"}],"wp:term":[{"taxonomy":"category","embeddable":true,"href":"https:\/\/www.esmuc.cat\/es\/wp-json\/wp\/v2\/categories?post=40979"},{"taxonomy":"post_tag","embeddable":true,"href":"https:\/\/www.esmuc.cat\/es\/wp-json\/wp\/v2\/tags?post=40979"}],"curies":[{"name":"wp","href":"https:\/\/api.w.org\/{rel}","templated":true}]}}