{"id":40978,"date":"2022-05-09T14:11:53","date_gmt":"2022-05-09T12:11:53","guid":{"rendered":"https:\/\/www.esmuc.cat\/biblioteca-crai\/biblioteca-digital\/e-partitures\/"},"modified":"2025-05-20T15:35:32","modified_gmt":"2025-05-20T13:35:32","slug":"e-partitures","status":"publish","type":"page","link":"https:\/\/www.esmuc.cat\/es\/servicios\/biblioteca-crai\/biblioteca-digital\/e-partitures\/","title":{"rendered":"Partituras electr\u00f3nicas"},"content":{"rendered":"\n<div class=\"wp-block-columns is-layout-flex wp-container-core-columns-is-layout-9d6595d7 wp-block-columns-is-layout-flex\">\n<div class=\"wp-block-column is-layout-flow wp-block-column-is-layout-flow\" style=\"flex-basis:66.66%\"><div class=\"breadcrumbs align  wp-block-bcn-breadcrumb-trail has-text-color has-background\" vocab=\"https:\/\/schema.org\/\" typeof=\"BreadcrumbList\">\n\t<span><\/span>\n\t<span property=\"itemListElement\" typeof=\"ListItem\"><a property=\"item\" typeof=\"WebPage\" title=\"Ir a ESMUC.\" href=\"https:\/\/www.esmuc.cat\/es\/\" class=\"home\" ><span property=\"name\">ESMUC<\/span><\/a><meta property=\"position\" content=\"1\"><\/span> &gt; <span property=\"itemListElement\" typeof=\"ListItem\"><a property=\"item\" typeof=\"WebPage\" title=\"Ir a Servicios.\" href=\"https:\/\/www.esmuc.cat\/es\/servicios\/\" class=\"post post-page\" ><span property=\"name\">Servicios<\/span><\/a><meta property=\"position\" content=\"2\"><\/span> &gt; <span property=\"itemListElement\" typeof=\"ListItem\"><a property=\"item\" typeof=\"WebPage\" title=\"Ir a Biblioteca-CRAI de la ESMUC.\" href=\"https:\/\/www.esmuc.cat\/es\/servicios\/biblioteca-crai\/\" class=\"post post-page\" ><span property=\"name\">Biblioteca-CRAI de la ESMUC<\/span><\/a><meta property=\"position\" content=\"3\"><\/span> &gt; <span property=\"itemListElement\" typeof=\"ListItem\"><a property=\"item\" typeof=\"WebPage\" title=\"Ir a Biblioteca digital.\" href=\"https:\/\/www.esmuc.cat\/es\/servicios\/biblioteca-crai\/biblioteca-digital\/\" class=\"post post-page\" ><span property=\"name\">Biblioteca digital<\/span><\/a><meta property=\"position\" content=\"4\"><\/span> &gt; <span property=\"itemListElement\" typeof=\"ListItem\"><span property=\"name\" class=\"post post-page current-item\">Partituras electr\u00f3nicas<\/span><meta property=\"url\" content=\"https:\/\/www.esmuc.cat\/es\/servicios\/biblioteca-crai\/biblioteca-digital\/e-partitures\/\"><meta property=\"position\" content=\"5\"><\/span><\/div>\n\n\n\n<h1 class=\"wp-block-heading\" id=\"bases-de-dades-de-recerca\">Partituras electr\u00f3nicas<\/h1>\n\n\n\n<div style=\"height:0px\" aria-hidden=\"true\" class=\"wp-block-spacer\"><\/div>\n\n\n\n<section id=\"gm8c1041d\" class=\"wp-block-gutentor-m0 section-gm8c1041d gutentor-module gutentor-module-carousel gutentor-slick-a-default-desktop gutentor-slick-a-default-tablet gutentor-slick-a-default-mobile\"><div class=\"grid-container\"><div class=\"gutentor-module-carousel-row\" data-dots=\"false\" data-dotstablet=\"false\" data-dotsmobile=\"false\" data-arrows=\"true\" data-arrowstablet=\"true\" data-arrowsmobile=\"true\" data-infinite=\"false\" data-autoplay=\"false\" data-draggable=\"true\" data-pauseonfocus=\"true\" data-pauseonhover=\"true\" data-autoplayspeed=\"3000\" data-cmondesktop=\"false\" data-cmontablet=\"false\" data-cmonmobile=\"false\" data-nextarrow=\"fas fa-angle-right\" data-prevarrow=\"fas fa-angle-left\" data-arrowspositiondesktop=\"gutentor-slick-a-default-desktop\" data-arrowspositiontablet=\"gutentor-slick-a-default-tablet\" data-arrowspositionmobile=\"gutentor-slick-a-default-mobile\" data-speed=\"300\" data-slideitemdesktop=\"6\" data-slideitemtablet=\"3\" data-slideitemmobile=\"2\" data-slidescroll-desktop=\"6\" data-slidescroll-tablet=\"3\" data-slidescroll-mobile=\"2\">\n<div id=\"col-gm0d258d\" class=\"wp-block-gutentor-m0-col col-gm0d258d gutentor-carousel-item\"><div id=\"section-gm0d258d\" class=\"section-gm0d258d gutentor-col-wrap\">\n<div id=\"section-g2ad133\" class=\"wp-block-gutentor-e6 section-g2ad133 gutentor-element gutentor-element-image\"><div class=\"gutentor-element-image-box\"><a class=\"gutentor-element-image-link\" href=\"https:\/\/esmuc.idm.oclc.org\/login?url=https:\/\/www.babelscores.com\/es\/\" target=\"_blank\" rel=\" noopener noreferrer\"><div class=\"gutentor-image-thumb\"><img decoding=\"async\" class=\"normal-image\" src=\"https:\/\/www.esmuc.cat\/wp-content\/uploads\/2022\/09\/babel-scores.png\" alt=\"Babel Scores\" \/><\/div><\/a><\/div><\/div>\n<\/div><\/div>\n\n\n\n<div id=\"col-gm304a71\" class=\"wp-block-gutentor-m0-col col-gm304a71 gutentor-carousel-item\"><div id=\"section-gm304a71\" class=\"section-gm304a71 gutentor-col-wrap\">\n<div id=\"section-gb9247f\" class=\"wp-block-gutentor-e6 section-gb9247f gutentor-element gutentor-element-image\"><div class=\"gutentor-element-image-box\"><a class=\"gutentor-element-image-link\" href=\"https:\/\/www.esmuc.cat\/es\/servicios\/biblioteca-crai\/biblioteca-digital\/bases-de-datos\/nkoda\/\" target=\"_blank\" rel=\" noopener noreferrer\"><div class=\"gutentor-image-thumb\"><img decoding=\"async\" class=\"normal-image\" src=\"https:\/\/www.esmuc.cat\/wp-content\/uploads\/2022\/09\/nkoda.webp\" alt=\"Nkoda\" \/><\/div><\/a><\/div><\/div>\n<\/div><\/div>\n\n\n\n<div id=\"col-gm67cb63\" class=\"wp-block-gutentor-m0-col col-gm67cb63 gutentor-carousel-item\"><div id=\"section-gm67cb63\" class=\"section-gm67cb63 gutentor-col-wrap\">\n<div id=\"section-g08073b\" class=\"wp-block-gutentor-e6 section-g08073b gutentor-element gutentor-element-image\"><div class=\"gutentor-element-image-box\"><a class=\"gutentor-element-image-link\" href=\"https:\/\/gallica.bnf.fr\/html\/und\/presse-et-revues\/presse-de-musique?mode=desktop\" target=\"_blank\" rel=\" noopener noreferrer\"><div class=\"gutentor-image-thumb\"><img decoding=\"async\" class=\"normal-image\" src=\"https:\/\/www.esmuc.cat\/wp-content\/uploads\/2022\/09\/BnF-Gallica.png\" alt=\"Bnf Gallica\" \/><\/div><\/a><\/div><\/div>\n<\/div><\/div>\n\n\n\n<div id=\"col-gm74e2e0\" class=\"wp-block-gutentor-m0-col col-gm74e2e0 gutentor-carousel-item\"><div id=\"section-gm74e2e0\" class=\"section-gm74e2e0 gutentor-col-wrap\">\n<div id=\"section-g7e11ca\" class=\"wp-block-gutentor-e6 section-g7e11ca gutentor-element gutentor-element-image\"><div class=\"gutentor-element-image-box\"><a class=\"gutentor-element-image-link\" href=\"http:\/\/www.bne.es\/es\/Catalogos\/BibliotecaDigitalHispanica\/Inicio\/index.html\" target=\"_blank\" rel=\" noopener noreferrer\"><div class=\"gutentor-image-thumb\"><img decoding=\"async\" class=\"normal-image\" src=\"https:\/\/www.esmuc.cat\/wp-content\/uploads\/2022\/09\/BNE.jpg\" alt=\"Bne\" \/><\/div><\/a><\/div><\/div>\n<\/div><\/div>\n\n\n\n<div id=\"col-g-6zl7l6e\" class=\"wp-block-gutentor-m0-col col-g-6zl7l6e gutentor-carousel-item\"><div id=\"section-g-6zl7l6e\" class=\"section-g-6zl7l6e gutentor-col-wrap\">\n<div id=\"section-g-fc8118m\" class=\"wp-block-gutentor-e6 section-g-fc8118m gutentor-element gutentor-element-image\"><div class=\"gutentor-element-image-box\"><a class=\"gutentor-element-image-link\" href=\"https:\/\/www.esmuc.cat\/es\/henle-library-instrucciones-de-instalacion-y-acceso-2\/\" target=\"_blank\" rel=\" noopener noreferrer\"><div class=\"gutentor-image-thumb\"><img decoding=\"async\" class=\"normal-image\" src=\"https:\/\/www.esmuc.cat\/wp-content\/uploads\/2025\/01\/unnamed.png\" alt=\"Unnamed\" \/><\/div><\/a><\/div><\/div>\n<\/div><\/div>\n<\/div><\/div><\/section>\n\n\n\n<div style=\"height:18px\" aria-hidden=\"true\" class=\"wp-block-spacer\"><\/div>\n\n\n\n<p>En esta secci\u00f3n encontrar\u00e1 una recopilaci\u00f3n de bases de datos que proporcionan acceso directo a partituras en formato electr\u00f3nico:<\/p>\n\n\n\n<div id=\"section-gb9a8da\" class=\"wp-block-gutentor-e7 section-gb9a8da gutentor-element gutentor-element-list\"><ul class=\"grid-row gutentor-grid-item-wrap list-indicator-icon\"><li class=\"gutentor-list-item grid-lg-12 grid-md-12 grid-12\"><span class=\"gutentor-single-item gutentor-single-item-0\"><span class=\"gutentor-list-item-wrap g-s-list-wrap\"><span class=\"gutentor-single-list-item-icon\"><i class=\"list-item-icon fas fa-angle-right\"><\/i><\/span><span class=\"gutentor-list-item\"><p class=\"gutentor-single-item-title\">Plataformas de descarga de partituras en formato electr\u00f3nico<\/p><\/span><\/span><\/span><\/li><li class=\"gutentor-list-item grid-lg-12 grid-md-12 grid-12\"><span class=\"gutentor-single-item gutentor-single-item-1\"><span class=\"gutentor-list-item-wrap g-s-list-wrap\"><span class=\"gutentor-single-list-item-icon\"><i class=\"list-item-icon fas fa-angle-right\"><\/i><\/span><span class=\"gutentor-list-item\"><p class=\"gutentor-single-item-title\">Fondos institucionales digitalizados<\/p><\/span><\/span><\/span><\/li><\/ul><\/div>\n<\/div>\n<\/div>\n\n\n\n<table id=\"tablepress-474\" class=\"tablepress tablepress-id-474\">\n<thead>\n<tr class=\"row-1\">\n\t<th class=\"column-1\"><strong>Recurso<\/strong><\/th><th class=\"column-2\">Descripci\u00f3n<strong><\/th><th class=\"column-3\">Acceso<\/strong><\/th><th class=\"column-4\">Tutorial<\/strong><\/th>\n<\/tr>\n<\/thead>\n<tbody class=\"row-striping row-hover\">\n<tr class=\"row-2\">\n\t<td class=\"column-1\"><strong>BabelScores<\/strong><\/td><td class=\"column-2\">Biblioteca digital de Partituras electr\u00f3nicas<strong><BR><P>Base de datos especializada en m\u00fasica cl\u00e1sica y contempor\u00e1nea de calidad. Permite escuchar las obras y visualizar las partituras.<\/P><BR>ALCANCE TEM\u00c1TICO: Interpetaci\u00f3n - M\u00fasica Cl\u00e1sica y contempor\u00e1nea<BR>ALCANCE CRONOL\u00d3GICO: 1980-Actualidad<\/td><td class=\"column-3\"><a href=\"https:\/\/esmuc.idm.oclc.org\/login?url=https:\/\/www.babelscores.com\/es\/\" title=\"\" target=\"_blank\" rel=\"noopener\">Acceso exclusivo ESMUC<\/a><\/td><td class=\"column-4\"><\/td>\n<\/tr>\n<tr class=\"row-3\">\n\t<td class=\"column-1\">Boulanger Initiative Database<\/td><td class=\"column-2\"><strong>Women and Gender Marginalized Composers Repertoire Database es una base de datos de obras de compositoras que acoge m\u00e1s de 8.000 obras hist\u00f2ricas de 1.200 compositoras, disponibles de manera gratuita<\/strong><BR><BR>ALCANCE TEM\u00c0TICO: Repertorio de compositoras<BR>ALCANCE CRONOL\u00d3GICO: 8000 a.c - Actualidad<\/td><td class=\"column-3\"><a href=\"https:\/\/www.boulangerinitiative.org\/database\" rel=\"noopener\" target=\"_blank\">Acceso abierto<\/a><\/td><td class=\"column-4\"><iframe loading=\"lazy\" width=\"560\" height=\"315\" src=\"https:\/\/www.youtube.com\/embed\/cORiq44Z1To?si=XUScDPEUiTc6Hio0\" title=\"YouTube video player\" frameborder=\"0\" allow=\"accelerometer; autoplay; clipboard-write; encrypted-media; gyroscope; picture-in-picture; web-share\" referrerpolicy=\"strict-origin-when-cross-origin\" allowfullscreen><\/iframe><\/td>\n<\/tr>\n<tr class=\"row-4\">\n\t<td class=\"column-1\">Biblioteca Digital Hisp\u00e1nica<\/strong><\/td><td class=\"column-2\"><strong>Dep\u00f3sito digital de Documentos antiguos digitalizados <\/strong><BR><P>Recurso de la BNE que proporciona acceso libre y gratuito a miles de documentos digitalizados de su fondo, entre ellos grabaciones de principios del siglo XX y partituras manuscritas.<br \/>\nTipolog\u00edas documentales que se incluyen: Libros impresos de los siglos XV al XX, manuscritos, dibujos, grabados, duendes, carteles, fotograf\u00edas, mapas, atlas, partituras, prensa hist\u00f3rica y grabaciones sonoras a texto completo<\/P><BR>ALCANCE TEM\u00c1TICO : Multidisciplinar<BR>ALCANCE CRONOL\u00d3GICO: XV - Actualidad<\/td><td class=\"column-3\"><a href=\"http:\/\/www.bne.es\/es\/Catalogos\/BibliotecaDigitalHispanica\/Inicio\/index.html\" title=\"\" target=\"_blank\" rel=\"noopener\">Acceso abierto<\/a><\/td><td class=\"column-4\"><\/td>\n<\/tr>\n<tr class=\"row-5\">\n\t<td class=\"column-1\">CSIC: Colecci\u00f3n de m\u00fasica<\/td><td class=\"column-2\"><strong>Acceso directo a publicaciones musicales del CSIC disponibles en versi\u00f3n digital. Ediciones musicales cr\u00edticas de inter\u00e9s  musicol\u00f3gico. <\/strong><BR><P>Biblioteca digital del CSIC<\/P><BR>ALCANCE TEM\u00c1TICO: M\u00fasica, ciencias, etc<BR>ALCANCE CRONOL\u00d3GICO: Edad Media - Actualidad<\/td><td class=\"column-3\"><a href=\"https:\/\/www.imf.csic.es\/index.php\/imf-publicaciones\/colecciones\/publicaciones-coleccion-musica\">Acceso abierto<\/a><\/td><td class=\"column-4\"><\/td>\n<\/tr>\n<tr class=\"row-6\">\n\t<td class=\"column-1\">Gallica<br \/>\n<\/td><td class=\"column-2\"><strong>Biblioteca digital de Peri\u00f3dicos, revistas, im\u00e1genes, audios, mapas, manuscritos, v\u00eddeos y libros en formato EPUB a texto completo<\/strong><BR><P>Biblioteca digital de la Biblioteca Nacional de Francia<\/P>< BR>ALCANCE TEM\u00c1TICO: M\u00fasica, ciencias, etc<BR>ALCANCE CRONOL\u00d3GICO: XIX - Actualidad<br \/>\n<\/td><td class=\"column-3\"><a href=\"https:\/\/gallica.bnf.fr\/html\/und\/presse-et-revues\/presse-de-musique?mode=desktop\" title=\"\" target=\"_blank\" rel=\"noopener\">Acceso abierto<\/a><\/td><td class=\"column-4\"><\/td>\n<\/tr>\n<tr class=\"row-7\">\n\t<td class=\"column-1\">Hispana<br \/>\n<\/td><td class=\"column-2\"><strong>Dep\u00f3sito digital de Referencias de Libros, documentos antiguos, archivos sonoros <\/strong><BR><P>Repositorio que contiene las colecciones digitales de archivos, bibliotecas y museos, espa\u00f1oles de acuerdo con la iniciativa de archivos abiertos que promueve la Uni\u00f3n Europea. Entre otras colecciones, destacan los repositorios institucionales de las universidades espa\u00f1olas y de las bibliotecas digitales de las comunidades aut\u00f3nomas.<\/P><BR>ALCANCE TEM\u00c1TICO: Multidisciplinar<BR>ALCANCE CRONOL\u00d3GICO: --<\/td><td class=\"column-3\"><a href=\"https:\/\/hispana.mcu.es\/es\/inicio\/inicio.cmd\" title=\"\" target=\"_blank\" rel=\"noopener\">Acceso abierto<\/a><\/td><td class=\"column-4\"><\/td>\n<\/tr>\n<tr class=\"row-8\">\n\t<td class=\"column-1\">Henle Library<\/td><td class=\"column-2\"><strong> Partituras digitales de las ediciones Urtexto de la editorial Henle. Permite descargar las partituras en pdf y hacer anotaciones y comentarios.<\/strong><\/P><BR>ALCANCE TEM\u00c1TICO: Cl\u00e1sica<BR>ALCANCE CRONOL\u00d3GICO: --<\/td><td class=\"column-3\"><a href=\"https:\/\/www.esmuc.cat\/es\/henle-library-instrucciones-de-instalacion-y-acceso-2\/\">Acceso exclusivo ESMUC. M\u00e1s detalles sobre la instalaci\u00f3n.<\/a><\/td><td class=\"column-4\"><\/td>\n<\/tr>\n<tr class=\"row-9\">\n\t<td class=\"column-1\">Music and dance online<\/td><td class=\"column-2\"><strong>Biblioteca digital de Audios, libros, partituras, revistas y v\u00eddeos. Incluye m\u00e1s de 1,3 millones de p\u00e1ginas de partituras.<\/strong><\/P><BR>ALCANCE TEM\u00c1TICO: Intepretaci\u00f3n - M\u00fasica Cl\u00e1sica y Contempor\u00e1nea<BR>ALCANCE CRONOL\u00d3GICO: --<\/td><td class=\"column-3\"><a href=\"https:\/\/search-alexanderstreet-com.esmuc.idm.oclc.org\/musc\" title=\"\" target=\"_blank\" rel=\"noopener\">Acceso exclusivo ESMUC<\/a><\/td><td class=\"column-4\"><\/td>\n<\/tr>\n<tr class=\"row-10\">\n\t<td class=\"column-1\">Nkoda\u00a0: digital music sheet app<\/td><td class=\"column-2\">Servicio electr\u00f3nico de Partituras electr\u00f3nicas<BR><P>Recuso que contiene partituras electronicas. Agrupa el acceso a publicaciones de m\u00e1s de 100 editores musicales. Permite la visualizaci\u00f3n de las partituras y la posiblidad de a\u00f1adir anotaciones y comentarios.<br \/>\n<BR>ALCANCE TEM\u00c1TICO: Interpretaci\u00f3n - M\u00fasica Cl\u00e1sica y Contempor\u00e1nea<BR>ALCANCE CRONOL\u00d3GICO: --<BR><br \/>\n<a href=\"https:\/\/www.esmuc.cat\/es\/biblioteca-crai\/biblioteca-digital\/bases-de-datos\/nkoda\/\" rel=\"noopener\" target=\"_blank\">INSTRUCCIONES DE INSTALACI\u00d3N Y ACCESO<\/a><br \/>\n<br \/>\n<\/td><td class=\"column-3\"><a href=\"https:\/\/www.esmuc.cat\/es\/servicios\/biblioteca-crai\/biblioteca-digital\/bases-de-datos\/nkoda\/\">Acceso exclusivo ESMUC. M\u00e1s detalles sobre la instalaci\u00f3n.<\/a><\/td><td class=\"column-4\"><\/td>\n<\/tr>\n<\/tbody>\n<\/table>\n\n\n\n\n<section id=\"gm6c6972c\" class=\"wp-block-gutentor-m3 section-gm6c6972c gutentor-module gutentor-container-cover\"><div class=\"grid-container\"><\/div><\/section>\n\n\n\n<p><\/p>\n","protected":false},"excerpt":{"rendered":"<p>Partituras electr\u00f3nicas En esta secci\u00f3n encontrar\u00e1 una recopilaci\u00f3n de bases de datos que proporcionan acceso directo a partituras en formato electr\u00f3nico:<\/p>\n","protected":false},"author":5,"featured_media":0,"parent":40845,"menu_order":2,"comment_status":"closed","ping_status":"closed","template":"","meta":{"_acf_changed":false,"_themeisle_gutenberg_block_has_review":false,"footnotes":""},"categories":[1316],"tags":[1361,1354],"class_list":["post-40978","page","type-page","status-publish","hentry","category-biblioteca-crai-es","tag-partitures-electroniques-es","tag-recursos-electronics-es"],"acf":[],"publishpress_future_action":{"enabled":false,"date":"2026-04-16 12:42:03","action":"change-status","newStatus":"draft","terms":[],"taxonomy":"category","extraData":[]},"publishpress_future_workflow_manual_trigger":{"enabledWorkflows":[]},"_links":{"self":[{"href":"https:\/\/www.esmuc.cat\/es\/wp-json\/wp\/v2\/pages\/40978","targetHints":{"allow":["GET"]}}],"collection":[{"href":"https:\/\/www.esmuc.cat\/es\/wp-json\/wp\/v2\/pages"}],"about":[{"href":"https:\/\/www.esmuc.cat\/es\/wp-json\/wp\/v2\/types\/page"}],"author":[{"embeddable":true,"href":"https:\/\/www.esmuc.cat\/es\/wp-json\/wp\/v2\/users\/5"}],"replies":[{"embeddable":true,"href":"https:\/\/www.esmuc.cat\/es\/wp-json\/wp\/v2\/comments?post=40978"}],"version-history":[{"count":11,"href":"https:\/\/www.esmuc.cat\/es\/wp-json\/wp\/v2\/pages\/40978\/revisions"}],"predecessor-version":[{"id":107690,"href":"https:\/\/www.esmuc.cat\/es\/wp-json\/wp\/v2\/pages\/40978\/revisions\/107690"}],"up":[{"embeddable":true,"href":"https:\/\/www.esmuc.cat\/es\/wp-json\/wp\/v2\/pages\/40845"}],"wp:attachment":[{"href":"https:\/\/www.esmuc.cat\/es\/wp-json\/wp\/v2\/media?parent=40978"}],"wp:term":[{"taxonomy":"category","embeddable":true,"href":"https:\/\/www.esmuc.cat\/es\/wp-json\/wp\/v2\/categories?post=40978"},{"taxonomy":"post_tag","embeddable":true,"href":"https:\/\/www.esmuc.cat\/es\/wp-json\/wp\/v2\/tags?post=40978"}],"curies":[{"name":"wp","href":"https:\/\/api.w.org\/{rel}","templated":true}]}}