{"id":40968,"date":"2022-05-09T13:47:22","date_gmt":"2022-05-09T11:47:22","guid":{"rendered":"https:\/\/www.esmuc.cat\/biblioteca-crai\/biblioteca-digital\/e-llibres\/"},"modified":"2023-10-04T15:01:36","modified_gmt":"2023-10-04T13:01:36","slug":"e-libros","status":"publish","type":"page","link":"https:\/\/www.esmuc.cat\/es\/servicios\/biblioteca-crai\/biblioteca-digital\/e-libros\/","title":{"rendered":"Libros electr\u00f3nicos"},"content":{"rendered":"\n<div class=\"wp-block-columns is-layout-flex wp-container-core-columns-is-layout-9d6595d7 wp-block-columns-is-layout-flex\">\n<div class=\"wp-block-column is-layout-flow wp-block-column-is-layout-flow\" style=\"flex-basis:66.66%\"><div class=\"breadcrumbs align  wp-block-bcn-breadcrumb-trail has-text-color has-background\" vocab=\"https:\/\/schema.org\/\" typeof=\"BreadcrumbList\">\n\t<span><\/span>\n\t<span property=\"itemListElement\" typeof=\"ListItem\"><a property=\"item\" typeof=\"WebPage\" title=\"Ir a ESMUC.\" href=\"https:\/\/www.esmuc.cat\/es\/\" class=\"home\" ><span property=\"name\">ESMUC<\/span><\/a><meta property=\"position\" content=\"1\"><\/span> &gt; <span property=\"itemListElement\" typeof=\"ListItem\"><a property=\"item\" typeof=\"WebPage\" title=\"Ir a Servicios.\" href=\"https:\/\/www.esmuc.cat\/es\/servicios\/\" class=\"post post-page\" ><span property=\"name\">Servicios<\/span><\/a><meta property=\"position\" content=\"2\"><\/span> &gt; <span property=\"itemListElement\" typeof=\"ListItem\"><a property=\"item\" typeof=\"WebPage\" title=\"Ir a Biblioteca-CRAI de la ESMUC.\" href=\"https:\/\/www.esmuc.cat\/es\/servicios\/biblioteca-crai\/\" class=\"post post-page\" ><span property=\"name\">Biblioteca-CRAI de la ESMUC<\/span><\/a><meta property=\"position\" content=\"3\"><\/span> &gt; <span property=\"itemListElement\" typeof=\"ListItem\"><a property=\"item\" typeof=\"WebPage\" title=\"Ir a Biblioteca digital.\" href=\"https:\/\/www.esmuc.cat\/es\/servicios\/biblioteca-crai\/biblioteca-digital\/\" class=\"post post-page\" ><span property=\"name\">Biblioteca digital<\/span><\/a><meta property=\"position\" content=\"4\"><\/span> &gt; <span property=\"itemListElement\" typeof=\"ListItem\"><span property=\"name\" class=\"post post-page current-item\">Libros electr\u00f3nicos<\/span><meta property=\"url\" content=\"https:\/\/www.esmuc.cat\/es\/servicios\/biblioteca-crai\/biblioteca-digital\/e-libros\/\"><meta property=\"position\" content=\"5\"><\/span><\/div>\n\n\n\n<h4 class=\"wp-block-heading\" id=\"bases-de-dades-de-recerca\">Recursos destacados<\/h4>\n\n\n\n<div style=\"height:44px\" aria-hidden=\"true\" class=\"wp-block-spacer\"><\/div>\n<\/div>\n<\/div>\n\n\n\n<section id=\"gm42d7f06\" class=\"wp-block-gutentor-m0 section-gm42d7f06 gutentor-module gutentor-module-carousel gutentor-slick-a-default-desktop gutentor-slick-a-default-tablet gutentor-slick-a-default-mobile\"><div class=\"grid-container\"><div class=\"gutentor-module-carousel-row\" data-dots=\"false\" data-dotstablet=\"false\" data-dotsmobile=\"false\" data-arrows=\"true\" data-arrowstablet=\"true\" data-arrowsmobile=\"true\" data-infinite=\"true\" data-autoplay=\"true\" data-draggable=\"true\" data-pauseonfocus=\"false\" data-pauseonhover=\"false\" data-autoplayspeed=\"3000\" data-cmondesktop=\"false\" data-cmontablet=\"false\" data-cmonmobile=\"false\" data-nextarrow=\"fas fa-angle-right\" data-prevarrow=\"fas fa-angle-left\" data-arrowspositiondesktop=\"gutentor-slick-a-default-desktop\" data-arrowspositiontablet=\"gutentor-slick-a-default-tablet\" data-arrowspositionmobile=\"gutentor-slick-a-default-mobile\" data-speed=\"300\" data-slideitemdesktop=\"5\" data-slideitemtablet=\"3\" data-slideitemmobile=\"2\" data-slidescroll-desktop=\"5\" data-slidescroll-tablet=\"3\" data-slidescroll-mobile=\"2\">\n<div id=\"col-gmdf7034\" class=\"wp-block-gutentor-m0-col col-gmdf7034 gutentor-carousel-item\"><div id=\"section-gmdf7034\" class=\"section-gmdf7034 gutentor-col-wrap\">\n<div id=\"section-gf13075\" class=\"wp-block-gutentor-e6 section-gf13075 gutentor-element gutentor-element-image\"><div class=\"gutentor-element-image-box\"><a class=\"gutentor-element-image-link\" href=\"https:\/\/milleniumbeg.cultura.gencat.cat\/search~S31*cat\/X?SEARCH=(*)&amp;searchscope=31&amp;SORT=D&amp;m=z\" target=\"_blank\" rel=\"noopener noreferrer\"><div class=\"gutentor-image-thumb\"><img decoding=\"async\" class=\"normal-image\" src=\"https:\/\/www.esmuc.cat\/wp-content\/uploads\/2022\/09\/ProQuest-Ebook-Central-1-edited.jpg\" \/><\/div><\/a><\/div><\/div>\n<\/div><\/div>\n\n\n\n<div id=\"col-gmec0401\" class=\"wp-block-gutentor-m0-col col-gmec0401 gutentor-carousel-item\"><div id=\"section-gmec0401\" class=\"section-gmec0401 gutentor-col-wrap\">\n<div id=\"section-g03c648\" class=\"wp-block-gutentor-e6 section-g03c648 gutentor-element gutentor-element-image\"><div class=\"gutentor-element-image-box\"><a class=\"gutentor-element-image-link\" href=\"https:\/\/edu-library-com.esmuc.idm.oclc.org\/\" target=\"_blank\" rel=\"noopener noreferrer\"><div class=\"gutentor-image-thumb\"><img decoding=\"async\" class=\"normal-image\" src=\"https:\/\/www.esmuc.cat\/wp-content\/uploads\/2022\/09\/documenta_universitaria.jpg\" \/><\/div><\/a><\/div><\/div>\n<\/div><\/div>\n\n\n\n<div id=\"col-gmf366de\" class=\"wp-block-gutentor-m0-col col-gmf366de gutentor-carousel-item\"><div id=\"section-gmf366de\" class=\"section-gmf366de gutentor-col-wrap\">\n<div id=\"section-g45be0f\" class=\"wp-block-gutentor-e6 section-g45be0f gutentor-element gutentor-element-image\"><div class=\"gutentor-element-image-box\"><a class=\"gutentor-element-image-link\" href=\"https:\/\/www-oxfordmusiconline-com.esmuc.idm.oclc.org\/\" target=\"_blank\" rel=\"noopener noreferrer\"><div class=\"gutentor-image-thumb\"><img decoding=\"async\" class=\"normal-image\" src=\"https:\/\/www.esmuc.cat\/wp-content\/uploads\/2022\/09\/oxford_music_online.jpg\" \/><\/div><\/a><\/div><\/div>\n<\/div><\/div>\n\n\n\n<div id=\"col-gm4c33ab\" class=\"wp-block-gutentor-m0-col col-gm4c33ab gutentor-carousel-item\"><div id=\"section-gm4c33ab\" class=\"section-gm4c33ab gutentor-col-wrap\">\n<div id=\"section-ga79008\" class=\"wp-block-gutentor-e6 section-ga79008 gutentor-element gutentor-element-image\"><div class=\"gutentor-element-image-box\"><a class=\"gutentor-element-image-link\" href=\"https:\/\/search-alexanderstreet-com.esmuc.idm.oclc.org\/musc\" target=\"_blank\" rel=\"noopener noreferrer\"><div class=\"gutentor-image-thumb\"><img decoding=\"async\" class=\"normal-image\" src=\"https:\/\/www.esmuc.cat\/wp-content\/uploads\/2022\/09\/Music_and_Dance.png\" \/><\/div><\/a><\/div><\/div>\n<\/div><\/div>\n<\/div><\/div><\/section>\n\n\n\n<h4 class=\"wp-block-heading\">Directorio de recursos<\/h4>\n\n\n\n<table id=\"tablepress-473\" class=\"tablepress tablepress-id-473\">\n<thead>\n<tr class=\"row-1\">\n\t<th class=\"column-1\"><strong>Recurso<\/strong><\/th><th class=\"column-2\">Descripci\u00f3n<strong><\/th><th class=\"column-3\">Acceso<\/strong><\/th>\n<\/tr>\n<\/thead>\n<tbody class=\"row-striping row-hover\">\n<tr class=\"row-2\">\n\t<td class=\"column-1\">Biblioteca digital ESMUC<\/td><td class=\"column-2\"><strong>Libros en formato digital adquiridos por la Biblioteca-CRAI ESMUC<\/strong><BR><P>ProQuest Ebook Central. <\/br><BR>ALCANCE TEM\u00c1TICO: Multidisciplinar <BR>ALCANCE CRONOL\u00d3GICO: --<br \/>\n<a href=\"https:\/\/www.esmuc.cat\/es\/llibres-digitals-a-la-biblioteca-crai-esmuc\/\">Consulta las instrucciones de acceso<\/a><\/td><td class=\"column-3\"><a href=\"https:\/\/milleniumbeg.cultura.gencat.cat\/search~S31*cat\/X?SEARCH=(*)&amp;searchscope=31&amp;SORT=D&amp;m=z\" title=\"\" target=\"_blank\" rel=\"noopener\">Acceso exclusivo desde el cat\u00e1logo de la Biblioteca<\/a><\/td>\n<\/tr>\n<tr class=\"row-3\">\n\t<td class=\"column-1\">Books About Music Before 1800<br \/>\n<\/td><td class=\"column-2\"><strong>Repositorio de Libros, revistas y peri\u00f3dicos<\/strong><BR><P>Portal web de la Library of Congress donde se presentan reproducciones digitales de m\u00e1s de 2000 publicaciones sobre m\u00fasica anteriores a 1801 de la serie RISM B VI con la sigla Library of Congress (US Wc).<\/P><BR>ALCANCE TEM\u00c1TICO: M\u00fasica <BR>ALCANCE CRONOL\u00d3GICO: Anteriores 1801 - 1999<\/td><td class=\"column-3\"><a href=\"https:\/\/www.loc.gov\/collections\/books-about-music-before-1800\/\" title=\"\" target=\"_blank\" rel=\"noopener\">Acceso abierto<\/a><\/td>\n<\/tr>\n<tr class=\"row-4\">\n\t<td class=\"column-1\">Documenta Universit\u00e0ria<\/td><td class=\"column-2\"><strong> Libros electr\u00f3nicos a texto completo en formato EPUB o PDF<br \/>\nAcceso a los libros electr\u00f3nicos editados por Documenta Universitaria a trav\u00e9s de la plataforma eDU-library<\/strong><br \/>\n<br \/>\n<\/P><BR>ALCANCE TEM\u00c1TICO: Multidisciplinar<BR>ALCANCE CRONOL\u00d3GICO: --<\/td><td class=\"column-3\"><a href=\"https:\/\/edu-library-com.esmuc.idm.oclc.org\/\"title=\"\"target=\"_blank\" rel=\"noopener\">Acceso exclusivo ESMUC<\/a><\/td>\n<\/tr>\n<tr class=\"row-5\">\n\t<td class=\"column-1\">Europeana<\/td><td class=\"column-2\"><strong>Dep\u00f3sito digital de Libros, pel\u00edculas, grabaciones sonoras, documentos antiguos<\/strong><BR><P>Repositorio que recoge recursos digitales de museos, bibliotecas, archivos y colecciones audiovisuales de Europa. Participan en este proyecto alrededor de 1500 instituciones como la British Library de Londres, el Rijksmuseum de Amsterdam y el Louvre de Par\u00eds.<\/P><BR>ALCANCE TEM\u00c1TICO: Multidisciplinar<BR>ALCANCE CRONOL\u00d3GICO: --<\/td><td class=\"column-3\"><a href=\"https:\/\/www.europeana.eu\/es\" title=\"\" target=\"_blank\" rel=\"noopener\">Acceso abierto<\/a><\/td>\n<\/tr>\n<tr class=\"row-6\">\n\t<td class=\"column-1\">Gallica<br \/>\n<\/td><td class=\"column-2\"><strong>Biblioteca digital de Peri\u00f3dicos, revistas, im\u00e1genes, audios, mapas, manuscritos, v\u00eddeos y libros en formato EPUB a texto completo<\/strong><BR><P>Biblioteca digital de la Biblioteca Nacional de Francia<\/P><BR>ALCANCE TEM\u00c1TICO: M\u00fasica, ciencias, etc<BR>ALCANCE CRONOL\u00d3GICO: XIX - Actualidad<\/td><td class=\"column-3\"><a href=\"https:\/\/gallica.bnf.fr\/html\/und\/presse-et-revues\/presse-de-musique?mode=desktop\" title=\"\" target=\"_blank\" rel=\"noopener\">Acceso abierto<\/a><\/td>\n<\/tr>\n<tr class=\"row-7\">\n\t<td class=\"column-1\">Google scholar<\/td><td class=\"column-2\"><strong>Base de datos de Referencias de libros, art\u00edculos de revista, tesis y ponencias<\/strong><BR><P>Buscador de Google especializado en documentos acad\u00e9micos publicados en revistas especializadas indexadas, tesis, libros, patentes y documentos relativos a congresos cient\u00edficos y acad\u00e9micos.<\/P><BR>ALCANCE TEM\u00c1TICO: Multidisciplinar<BR>ALCANCE CRONOL\u00d3GICO: --<\/td><td class=\"column-3\"><a href=\"https:\/\/scholar.google.es\/\" title=\"\" target=\"_blank\" rel=\"noopener\">Acceso abierto<\/a><\/td>\n<\/tr>\n<tr class=\"row-8\">\n\t<td class=\"column-1\">HathiTrust<br \/>\n<\/td><td class=\"column-2\"><strong>Dep\u00f3sito digital de Libros, documentos antiguos, archivos sonoros a texto completo<\/strong><BR><P>Dep\u00f3sito cooperativo de preservaci\u00f3n digital de instituciones y bibliotecas de investigaci\u00f3n. Predominan libros del \u00e1mbito de las humanidades, con una secci\u00f3n espec\u00edfica sobre m\u00fasica. Incluye el texto completo.<\/P><BR>ALCANCE TEM\u00c1TICO: M\u00fasica ; Humanidades<BR>ALCANCE CRONOL\u00d3GICO: 1800 - 1999<\/td><td class=\"column-3\"><a href=\"https:\/\/www.hathitrust.org\/\" title=\"\" target=\"_blank\" rel=\"noopener\">Acceso abierto<\/a><\/td>\n<\/tr>\n<tr class=\"row-9\">\n\t<td class=\"column-1\">Hispana<br \/>\n<\/td><td class=\"column-2\"><strong>Dep\u00f3sito digital de Referencias de Libros, documentos antiguos, archivos sonoros <\/strong><BR><P>Repositorio que contiene las colecciones digitales de archivos, bibliotecas y museos, espa\u00f1oles de acuerdo con la iniciativa de archivos abiertos que promueve la Uni\u00f3n Europea. Entre otras colecciones, destacan los repositorios institucionales de las universidades espa\u00f1olas y de las bibliotecas digitales de las comunidades aut\u00f3nomas.<\/P><BR>ALCANCE TEM\u00c1TICO: Multidisciplinar<BR>ALCANCE CRONOL\u00d3GICO: --<\/td><td class=\"column-3\"><a href=\"https:\/\/hispana.mcu.es\/es\/inicio\/inicio.cmd\" title=\"\" target=\"_blank\" rel=\"noopener\">Acceso abierto<\/a><\/td>\n<\/tr>\n<tr class=\"row-10\">\n\t<td class=\"column-1\">Llibrets oper\u00edstics (1820-1900)<\/td><td class=\"column-2\">Libretos de \u00f3pera representados en Barcelona en catal\u00e1n, castellano e italiano.<br \/>\n<br><br \/>\nALCANCE TEM\u00c1TICO: \u00d3pera <br>ALCANCE CRONOL\u00d3GICO: 1820-1900<\/td><td class=\"column-3\"><a href=\"https:\/\/mdc.csuc.cat\/digital\/collection\/Operistica\">Acceso abierto<\/a><\/td>\n<\/tr>\n<tr class=\"row-11\">\n\t<td class=\"column-1\">Internet Archive<br \/>\n<\/td><td class=\"column-2\"><strong>Biblioteca digital de Libros, v\u00eddeos, partituras, audios, software, recursos multimedia a texto completo<\/strong><BR><P>Biblioteca digital gestionada por una organizaci\u00f3n sin \u00e1nimo de lucro dedicada a la preservaci\u00f3n de archivos, capturas de sitios p\u00fablicos de la Web, recursos multimedia y software. Se pueden realizar b\u00fasquedas avanzadas en diversos campos, y se puede encontrar un gran volumen de partituras libres de derechos.<br \/>\n<\/td><td class=\"column-3\"><a href=\"https:\/\/archive.org\/\" title=\"\" target=\"_blank\" rel=\"noopener\">Acceso abierto<\/a><\/td>\n<\/tr>\n<tr class=\"row-12\">\n\t<td class=\"column-1\">Music and dance online<\/td><td class=\"column-2\"><strong>Biblioteca digital de Audios, libros, partituras, revistas y videos a texto completo<\/strong><BR><P>Incluye m\u00e1s de 11 millones de pistas de audio, 2500 horas de v\u00eddeo, 1,3 millones de p\u00e1ginas de partituras y m\u00e1s de 500.000 p\u00e1ginas de referencia, fondos de archivo y revistas, que incluyen la mayor y m\u00e1s completa oferta en l\u00ednea de actuaciones de audio y v\u00eddeo.<\/P><BR>ALCANCE TEM\u00c1TICO: Intepretaci\u00f3n - M\u00fasica Cl\u00e1sica y Contempor\u00e1nea<BR>ALCANCE CRONOL\u00d3GICO: --<\/td><td class=\"column-3\"><a href=\"https:\/\/search-alexanderstreet-com.esmuc.idm.oclc.org\/musc\" title=\"Acceso desde las instalaciones de la ESMUC o desde casa restringido a la Comunidad ESMUC\" target=\"_blank\" rel=\"noopener\">Acceso exclusivo ESMUC<\/a><\/td>\n<\/tr>\n<tr class=\"row-13\">\n\t<td class=\"column-1\">Music Library Association Publications<\/td><td class=\"column-2\"><strong>Colecci\u00f3n de libros digitalizados del fondo editorial de la MLA<\/strong><BR><P>Incluye textos de referencia sobre el tratamiento de documentaci\u00f3n musical y la gesti\u00f3n de fondos de centros especializados en m\u00fasica.<br \/>\n<\/P><BR>ALCANCE TEM\u00c1TICO: Biblioteconom\u00eda y documentaci\u00f3n musical<BR>ALCANCE CRONOL\u00d3GICO: --<\/td><td class=\"column-3\"><a href=\"https:\/\/archive.org\/details\/musiclibraryassociationpublications\" rel=\"noopener\" target=\"_blank\">Acceso abierto<\/a><\/td>\n<\/tr>\n<tr class=\"row-14\">\n\t<td class=\"column-1\">Oxford music online<br \/>\n<\/td><td class=\"column-2\">\"<strong>Bases de datos de Art\u00edculos, ejemplos musicales (Sibelius), im\u00e1genes<br \/>\nAcceso a texto completo biograf\u00edas, cat\u00e1logos, bibliograf\u00edas<br \/>\nEjemplos de grabaciones audio y v\u00eddeo<\/strong><BR><P>Incluye los siguientes recursos:<br \/>\nGrove music online. Incluye The New Grove Dictionary of Music and Musicians (2nd ed.), The New Grove Dictionary of Opera y The New Grove Dictionary of Jazz (2nd ed.). Permite la b\u00fasqueda por texto completo, bibliograf\u00edas, cat\u00e1logos y biograf\u00edas. Contiene art\u00edculos, ejemplos musicales (Sibelius) e im\u00e1genes.<br \/>\nThe Oxford Dictionary of Music. Incluye entradas de todo tipo de aspectos musicales: compositores, directores, int\u00e9rpretes, t\u00e9rminos musicales, instrumentos u obras.<br \/>\nThe Oxford Companion to music. Incluye definiciones de t\u00e9rminos musicales, especializ\u00e1ndose en la tradici\u00f3n cl\u00e1sica europea desde la edad media hasta la actualidad.<\/P><BR>ALCANCE TEM\u00c1TICO: M\u00fasica<BR>ALCANCE CRONOL\u00d3GICO: Edad media - Actualidad<\/td><td class=\"column-3\"><a href=\"https:\/\/www-oxfordmusiconline-com.esmuc.idm.oclc.org\/\" title=\"Acceso exclusivo ESMUC\" target=\"_blank\" rel=\"noopener\">Acceso restringido<\/a><br \/>\n<\/td>\n<\/tr>\n<tr class=\"row-15\">\n\t<td class=\"column-1\">Projecte Gutenberg<\/td><td class=\"column-2\"><strong>Biblioteca digital de Libros a texto completo<\/strong><BR><P>Proyecto universal de digitalizaci\u00f3n de libros de dominio p\u00fablico y acceso libre.<\/P><BR>ALCANCE TEM\u00c1TICO: Multidisciplinar<BR>ALCANCE CRONOL\u00d3GICO: 1971 - Actualidad<br \/>\n<\/td><td class=\"column-3\"><a href=\"https:\/\/www.gutenberg.org\/\" title=\"\" target=\"_blank\" rel=\"noopener\">Acceso abierto<\/a><\/td>\n<\/tr>\n<tr class=\"row-16\">\n\t<td class=\"column-1\">Publicaciones ESMUC<\/td><td class=\"column-2\"><strong>Libros editados por el Servicio de Publicaciones de la Escola Superior de M\u00fasica de Catalunya<\/strong><BR><BR>ALCANCE TEM\u00c1TICO: Multidisciplinar<BR>ALCANCE CRONOL\u00d3GICO: --<\/td><td class=\"column-3\"><a href=\"https:\/\/www.esmuc.cat\/recerca\/publicacions-esmuc\/\">Acceso abierto<\/a><\/td>\n<\/tr>\n<\/tbody>\n<\/table>\n<!-- #tablepress-473 from cache -->\n\n\n\n<section id=\"gm6cf73a6\" class=\"wp-block-gutentor-m3 section-gm6cf73a6 gutentor-module gutentor-container-cover\"><div class=\"grid-container\"><\/div><\/section>\n\n\n\n<p><\/p>\n","protected":false},"excerpt":{"rendered":"<p>Recursos destacados Directorio de recursos<\/p>\n","protected":false},"author":5,"featured_media":0,"parent":40845,"menu_order":2,"comment_status":"closed","ping_status":"closed","template":"","meta":{"_acf_changed":false,"_themeisle_gutenberg_block_has_review":false,"footnotes":""},"categories":[1316],"tags":[1359,1350,1360,1354],"class_list":["post-40968","page","type-page","status-publish","hentry","category-biblioteca-crai-es","tag-libros","tag-llibres-es","tag-recursos-electronicos","tag-recursos-electronics-es"],"acf":[],"publishpress_future_action":{"enabled":false,"date":"2026-04-15 15:06:44","action":"change-status","newStatus":"draft","terms":[],"taxonomy":"category","extraData":[]},"publishpress_future_workflow_manual_trigger":{"enabledWorkflows":[]},"_links":{"self":[{"href":"https:\/\/www.esmuc.cat\/es\/wp-json\/wp\/v2\/pages\/40968","targetHints":{"allow":["GET"]}}],"collection":[{"href":"https:\/\/www.esmuc.cat\/es\/wp-json\/wp\/v2\/pages"}],"about":[{"href":"https:\/\/www.esmuc.cat\/es\/wp-json\/wp\/v2\/types\/page"}],"author":[{"embeddable":true,"href":"https:\/\/www.esmuc.cat\/es\/wp-json\/wp\/v2\/users\/5"}],"replies":[{"embeddable":true,"href":"https:\/\/www.esmuc.cat\/es\/wp-json\/wp\/v2\/comments?post=40968"}],"version-history":[{"count":17,"href":"https:\/\/www.esmuc.cat\/es\/wp-json\/wp\/v2\/pages\/40968\/revisions"}],"predecessor-version":[{"id":86386,"href":"https:\/\/www.esmuc.cat\/es\/wp-json\/wp\/v2\/pages\/40968\/revisions\/86386"}],"up":[{"embeddable":true,"href":"https:\/\/www.esmuc.cat\/es\/wp-json\/wp\/v2\/pages\/40845"}],"wp:attachment":[{"href":"https:\/\/www.esmuc.cat\/es\/wp-json\/wp\/v2\/media?parent=40968"}],"wp:term":[{"taxonomy":"category","embeddable":true,"href":"https:\/\/www.esmuc.cat\/es\/wp-json\/wp\/v2\/categories?post=40968"},{"taxonomy":"post_tag","embeddable":true,"href":"https:\/\/www.esmuc.cat\/es\/wp-json\/wp\/v2\/tags?post=40968"}],"curies":[{"name":"wp","href":"https:\/\/api.w.org\/{rel}","templated":true}]}}