{"id":40845,"date":"2021-10-02T08:31:12","date_gmt":"2021-10-02T06:31:12","guid":{"rendered":"https:\/\/www.esmuc.cat\/biblioteca-crai\/biblioteca-digital\/"},"modified":"2023-07-05T10:40:54","modified_gmt":"2023-07-05T08:40:54","slug":"biblioteca-digital","status":"publish","type":"page","link":"https:\/\/www.esmuc.cat\/es\/servicios\/biblioteca-crai\/biblioteca-digital\/","title":{"rendered":"Biblioteca digital"},"content":{"rendered":"\n<div class=\"wp-block-columns is-layout-flex wp-container-core-columns-is-layout-9d6595d7 wp-block-columns-is-layout-flex\">\n<div class=\"wp-block-column esmuc__Menu_Masters is-layout-flow wp-block-column-is-layout-flow\" style=\"flex-basis:33.33%\">\n\n<\/div>\n\n\n\n<div class=\"wp-block-column is-layout-flow wp-block-column-is-layout-flow\" style=\"flex-basis:66.66%\"><div class=\"breadcrumbs align  wp-block-bcn-breadcrumb-trail has-text-color has-background\" vocab=\"https:\/\/schema.org\/\" typeof=\"BreadcrumbList\">\n\t<span><\/span>\n\t<span property=\"itemListElement\" typeof=\"ListItem\"><a property=\"item\" typeof=\"WebPage\" title=\"Ir a ESMUC.\" href=\"https:\/\/www.esmuc.cat\/es\/\" class=\"home\" ><span property=\"name\">ESMUC<\/span><\/a><meta property=\"position\" content=\"1\"><\/span> &gt; <span property=\"itemListElement\" typeof=\"ListItem\"><a property=\"item\" typeof=\"WebPage\" title=\"Ir a Servicios.\" href=\"https:\/\/www.esmuc.cat\/es\/servicios\/\" class=\"post post-page\" ><span property=\"name\">Servicios<\/span><\/a><meta property=\"position\" content=\"2\"><\/span> &gt; <span property=\"itemListElement\" typeof=\"ListItem\"><a property=\"item\" typeof=\"WebPage\" title=\"Ir a Biblioteca-CRAI de la ESMUC.\" href=\"https:\/\/www.esmuc.cat\/es\/servicios\/biblioteca-crai\/\" class=\"post post-page\" ><span property=\"name\">Biblioteca-CRAI de la ESMUC<\/span><\/a><meta property=\"position\" content=\"3\"><\/span> &gt; <span property=\"itemListElement\" typeof=\"ListItem\"><span property=\"name\" class=\"post post-page current-item\">Biblioteca digital<\/span><meta property=\"url\" content=\"https:\/\/www.esmuc.cat\/es\/servicios\/biblioteca-crai\/biblioteca-digital\/\"><meta property=\"position\" content=\"4\"><\/span><\/div>\n\n\n\n<h1 class=\"wp-block-heading\">Biblioteca digital<\/h1>\n\n\n\n<div style=\"height:40px\" aria-hidden=\"true\" class=\"wp-block-spacer\"><\/div>\n\n\n\n<p>La Biblioteca-CRAI de la ESMUC ofrece un conjunto de recursos electr\u00f3nicos de libre acceso y de subscripci\u00f3n para facilitar el aprendizaje , la docencia, la investigaci\u00f3n i la formaci\u00f3n de la comunidad usuaria.<\/p>\n\n\n\n<p>El <a href=\"https:\/\/www.esmuc.cat\/es\/servicios\/biblioteca-crai\/serveis-biblioteca\/como-se-accede-a-los-recursos-electronicos\/\">acceso remoto a los recursos suscritos<\/a> est\u00e1 habilitado \u00fanicamente para la comunidad de estudiantes, profesorado y personal de la ESMUC. Para el resto de usuarios y usuarias, su consulta puede realizarse unicamente desde las instalaciones de la Biblioteca-CRAI. <\/p>\n\n\n\n<div id=\"section-ga21a30\" class=\"wp-block-gutentor-e7 section-ga21a30 gutentor-element gutentor-element-list\"><ul class=\"grid-row gutentor-grid-item-wrap list-indicator-icon\"><li class=\"gutentor-list-item grid-lg-12 grid-md-12 grid-12\"><span class=\"gutentor-single-item gutentor-single-item-0\"><span class=\"gutentor-list-item-wrap g-s-list-wrap\"><span class=\"gutentor-single-list-item-icon\"><i class=\"list-item-icon fas fa-angle-right\"><\/i><\/span><span class=\"gutentor-list-item\"><p class=\"gutentor-single-item-title\"><a href=\"https:\/\/www.esmuc.cat\/es\/servicios\/biblioteca-crai\/biblioteca-digital\/bases-de-datos\/\">Bases de datos<\/a><\/p><\/span><\/span><\/span><\/li><li class=\"gutentor-list-item grid-lg-12 grid-md-12 grid-12\"><span class=\"gutentor-single-item gutentor-single-item-1\"><span class=\"gutentor-list-item-wrap g-s-list-wrap\"><span class=\"gutentor-single-list-item-icon\"><i class=\"list-item-icon fas fa-angle-right\"><\/i><\/span><span class=\"gutentor-list-item\"><p class=\"gutentor-single-item-title\"><a href=\"https:\/\/www.esmuc.cat\/es\/servicios\/biblioteca-crai\/biblioteca-digital\/revistas-electronicas\/\">Revistas electr\u00f3nicas<\/a><\/p><\/span><\/span><\/span><\/li><li class=\"gutentor-list-item grid-lg-12 grid-md-12 grid-12\"><span class=\"gutentor-single-item gutentor-single-item-2\"><span class=\"gutentor-list-item-wrap g-s-list-wrap\"><span class=\"gutentor-single-list-item-icon\"><i class=\"list-item-icon fas fa-angle-right\"><\/i><\/span><span class=\"gutentor-list-item\"><p class=\"gutentor-single-item-title\"><a href=\"https:\/\/www.esmuc.cat\/es\/servicios\/biblioteca-crai\/biblioteca-digital\/e-libros\/\">Libros electr\u00f3nicos<\/a><\/p><\/span><\/span><\/span><\/li><li class=\"gutentor-list-item grid-lg-12 grid-md-12 grid-12\"><span class=\"gutentor-single-item gutentor-single-item-3\"><span class=\"gutentor-list-item-wrap g-s-list-wrap\"><span class=\"gutentor-single-list-item-icon\"><i class=\"list-item-icon fas fa-angle-right\"><\/i><\/span><span class=\"gutentor-list-item\"><p class=\"gutentor-single-item-title\"><a href=\"https:\/\/www.esmuc.cat\/es\/servicios\/biblioteca-crai\/biblioteca-digital\/e-partitures\/\">Partituras electr\u00f3nicas<\/a><\/p><\/span><\/span><\/span><\/li><li class=\"gutentor-list-item grid-lg-12 grid-md-12 grid-12\"><span class=\"gutentor-single-item gutentor-single-item-4\"><span class=\"gutentor-list-item-wrap g-s-list-wrap\"><span class=\"gutentor-single-list-item-icon\"><i class=\"list-item-icon fas fa-angle-right\"><\/i><\/span><span class=\"gutentor-list-item\"><p class=\"gutentor-single-item-title\"><a href=\"https:\/\/www.esmuc.cat\/es\/servicios\/biblioteca-crai\/biblioteca-digital\/e-musica-y-audiovisuales\/\">Grabaciones sonoras y audiovisuales<\/a><\/p><\/span><\/span><\/span><\/li><li class=\"gutentor-list-item grid-lg-12 grid-md-12 grid-12\"><span class=\"gutentor-single-item gutentor-single-item-5\"><span class=\"gutentor-list-item-wrap g-s-list-wrap\"><span class=\"gutentor-single-list-item-icon\"><i class=\"list-item-icon fas fa-angle-right\"><\/i><\/span><span class=\"gutentor-list-item\"><p class=\"gutentor-single-item-title\"><a href=\"https:\/\/www.esmuc.cat\/es\/servicios\/biblioteca-crai\/biblioteca-digital\/exposiciones-virtuales\/\">Exposiciones virtuales<\/a><\/p><\/span><\/span><\/span><\/li><\/ul><\/div>\n<\/div>\n<\/div>\n\n\n\n<p><\/p>\n","protected":false},"excerpt":{"rendered":"<p>Biblioteca digital La Biblioteca-CRAI de la ESMUC ofrece un conjunto de recursos electr\u00f3nicos de libre acceso y de subscripci\u00f3n para facilitar el aprendizaje , la docencia, la investigaci\u00f3n i la formaci\u00f3n de la comunidad usuaria. El acceso remoto a los recursos suscritos est\u00e1 habilitado \u00fanicamente para la comunidad de estudiantes, profesorado y personal de la [&hellip;]<\/p>\n","protected":false},"author":5,"featured_media":0,"parent":39482,"menu_order":6,"comment_status":"closed","ping_status":"closed","template":"","meta":{"_acf_changed":false,"_themeisle_gutenberg_block_has_review":false,"footnotes":""},"categories":[1316],"tags":[1540,1327,1523,1354,1355],"class_list":["post-40845","page","type-page","status-publish","hentry","category-biblioteca-crai-es","tag-bases-de-dades-es","tag-biblioteca-es","tag-llibres-digitals-es","tag-recursos-electronics-es","tag-revistes-electroniques-es"],"acf":[],"publishpress_future_action":{"enabled":false,"date":"2026-04-16 00:56:37","action":"change-status","newStatus":"draft","terms":[],"taxonomy":"category","extraData":[]},"publishpress_future_workflow_manual_trigger":{"enabledWorkflows":[]},"_links":{"self":[{"href":"https:\/\/www.esmuc.cat\/es\/wp-json\/wp\/v2\/pages\/40845","targetHints":{"allow":["GET"]}}],"collection":[{"href":"https:\/\/www.esmuc.cat\/es\/wp-json\/wp\/v2\/pages"}],"about":[{"href":"https:\/\/www.esmuc.cat\/es\/wp-json\/wp\/v2\/types\/page"}],"author":[{"embeddable":true,"href":"https:\/\/www.esmuc.cat\/es\/wp-json\/wp\/v2\/users\/5"}],"replies":[{"embeddable":true,"href":"https:\/\/www.esmuc.cat\/es\/wp-json\/wp\/v2\/comments?post=40845"}],"version-history":[{"count":12,"href":"https:\/\/www.esmuc.cat\/es\/wp-json\/wp\/v2\/pages\/40845\/revisions"}],"predecessor-version":[{"id":83207,"href":"https:\/\/www.esmuc.cat\/es\/wp-json\/wp\/v2\/pages\/40845\/revisions\/83207"}],"up":[{"embeddable":true,"href":"https:\/\/www.esmuc.cat\/es\/wp-json\/wp\/v2\/pages\/39482"}],"wp:attachment":[{"href":"https:\/\/www.esmuc.cat\/es\/wp-json\/wp\/v2\/media?parent=40845"}],"wp:term":[{"taxonomy":"category","embeddable":true,"href":"https:\/\/www.esmuc.cat\/es\/wp-json\/wp\/v2\/categories?post=40845"},{"taxonomy":"post_tag","embeddable":true,"href":"https:\/\/www.esmuc.cat\/es\/wp-json\/wp\/v2\/tags?post=40845"}],"curies":[{"name":"wp","href":"https:\/\/api.w.org\/{rel}","templated":true}]}}