{"id":40740,"date":"2022-05-10T17:16:48","date_gmt":"2022-05-10T15:16:48","guid":{"rendered":"https:\/\/www.esmuc.cat\/?page_id=40740"},"modified":"2025-06-04T13:13:05","modified_gmt":"2025-06-04T11:13:05","slug":"escola-destiu","status":"publish","type":"page","link":"https:\/\/www.esmuc.cat\/es\/estudios\/otra-oferta-formativa\/escola-destiu\/","title":{"rendered":"Escuela de verano"},"content":{"rendered":"\n<div class=\"wp-block-columns is-layout-flex wp-container-core-columns-is-layout-9d6595d7 wp-block-columns-is-layout-flex\">\n<div class=\"wp-block-column esmuc__Menu_Masters is-layout-flow wp-block-column-is-layout-flow\" style=\"flex-basis:33.33%\">\n\n\n\n\n<p><\/p>\n<\/div>\n\n\n\n<div class=\"wp-block-column is-layout-flow wp-block-column-is-layout-flow\" style=\"flex-basis:66.66%\"><div class=\"breadcrumbs align  wp-block-bcn-breadcrumb-trail has-text-color has-background\" vocab=\"https:\/\/schema.org\/\" typeof=\"BreadcrumbList\">\n\t<span><\/span>\n\t<span property=\"itemListElement\" typeof=\"ListItem\"><a property=\"item\" typeof=\"WebPage\" title=\"Ir a ESMUC.\" href=\"https:\/\/www.esmuc.cat\/es\/\" class=\"home\" ><span property=\"name\">ESMUC<\/span><\/a><meta property=\"position\" content=\"1\"><\/span> &gt; <span property=\"itemListElement\" typeof=\"ListItem\"><a property=\"item\" typeof=\"WebPage\" title=\"Ir a Estudios.\" href=\"https:\/\/www.esmuc.cat\/es\/estudios\/\" class=\"post post-page\" ><span property=\"name\">Estudios<\/span><\/a><meta property=\"position\" content=\"2\"><\/span> &gt; <span property=\"itemListElement\" typeof=\"ListItem\"><a property=\"item\" typeof=\"WebPage\" title=\"Ir a Otra oferta formativa.\" href=\"https:\/\/www.esmuc.cat\/es\/estudios\/otra-oferta-formativa\/\" class=\"post post-page\" ><span property=\"name\">Otra oferta formativa<\/span><\/a><meta property=\"position\" content=\"3\"><\/span> &gt; <span property=\"itemListElement\" typeof=\"ListItem\"><span property=\"name\" class=\"post post-page current-item\">Escuela de verano<\/span><meta property=\"url\" content=\"https:\/\/www.esmuc.cat\/es\/estudios\/otra-oferta-formativa\/escola-destiu\/\"><meta property=\"position\" content=\"4\"><\/span><\/div>\n\n\n\n<h1 class=\"wp-block-heading\">Escuela de verano<\/h1>\n\n\n\n<div style=\"height:10px\" aria-hidden=\"true\" class=\"wp-block-spacer\"><\/div>\n\n\n\n<figure class=\"wp-block-image size-large\"><img decoding=\"async\" width=\"1024\" height=\"576\" src=\"https:\/\/www.esmuc.cat\/wp-content\/uploads\/2023\/04\/guitarra-noia-estiu-imatge-lliure-1-1024x576.jpg\" alt=\"\" class=\"wp-image-77958\" srcset=\"https:\/\/www.esmuc.cat\/wp-content\/uploads\/2023\/04\/guitarra-noia-estiu-imatge-lliure-1-1024x576.jpg 1024w, https:\/\/www.esmuc.cat\/wp-content\/uploads\/2023\/04\/guitarra-noia-estiu-imatge-lliure-1-300x169.jpg 300w, https:\/\/www.esmuc.cat\/wp-content\/uploads\/2023\/04\/guitarra-noia-estiu-imatge-lliure-1-768x432.jpg 768w, https:\/\/www.esmuc.cat\/wp-content\/uploads\/2023\/04\/guitarra-noia-estiu-imatge-lliure-1-1536x864.jpg 1536w, https:\/\/www.esmuc.cat\/wp-content\/uploads\/2023\/04\/guitarra-noia-estiu-imatge-lliure-1.jpg 1902w\" sizes=\"(max-width: 1024px) 100vw, 1024px\" \/><\/figure>\n\n\n\n<div id=\"section-gc1f543\" class=\"wp-block-gutentor-e2 section-gc1f543 gutentor-element gutentor-element-button\"><span class=\"gutentor-button-wrap\"><a class=\"gutentor-button gutentor-block-button gutentor-icon-hide\" href=\"https:\/\/www.esmuc.cat\/ens-donem-veu-segona-jornada-de-cors-de-musica-moderna\/\"><i class=\"gutentor-button-icon fas fa-book\"><\/i><span>6 JULIO 2025 &#8211; \u2018Ens donem veu\u2019, Segunda Jornada de coros y grupos vocales de m\u00fasica moderna<\/span><\/a><\/span><\/div>\n\n\n\n<div id=\"section-g-441a3h5\" class=\"wp-block-gutentor-e2 section-g-441a3h5 gutentor-element gutentor-element-button\"><span class=\"gutentor-button-wrap\"><a class=\"gutentor-button gutentor-block-button gutentor-icon-hide\" href=\"https:\/\/www.esmuc.cat\/jornada-sobre-educacio-musical-inclusiva\/\"><i class=\"gutentor-button-icon fas fa-book\"><\/i><span>8 JULIO 2025 &#8211; Jornada sobre Educaci\u00f3n Musical Inclusiva<\/span><\/a><\/span><\/div>\n\n\n\n<div style=\"height:50px\" aria-hidden=\"true\" class=\"wp-block-spacer\"><\/div>\n\n\n\n<div id=\"section-g35bb2e\" class=\"wp-block-gutentor-e7 section-g35bb2e gutentor-element gutentor-element-list\"><ul class=\"grid-row gutentor-grid-item-wrap list-indicator-icon\"><li class=\"gutentor-list-item grid-lg-12 grid-md-12 grid-12\"><span class=\"gutentor-single-item gutentor-single-item-0\"><span class=\"gutentor-list-item-wrap g-s-list-wrap\"><span class=\"gutentor-single-list-item-icon\"><i class=\"list-item-icon fas fa-info-circle\"><\/i><\/span><span class=\"gutentor-list-item\"><p class=\"gutentor-single-item-title\">Este a\u00f1o, la oferta de verano de la ESMUC incluye dos jornadas destacadas: una dedicada a los coros y grupos vocales en el \u00e1mbito de la m\u00fasica moderna, y otra centrada en la Educaci\u00f3n Musical Inclusiva. Ambas jornadas ofrecen espacios de reflexi\u00f3n, formaci\u00f3n e intercambio de experiencias para profesionales y estudiantes interesados en estos \u00e1mbitos.<\/p><\/span><\/span><\/span><\/li><\/ul><\/div>\n\n\n\n<div style=\"height:39px\" aria-hidden=\"true\" class=\"wp-block-spacer\"><\/div>\n<\/div>\n<\/div>\n","protected":false},"excerpt":{"rendered":"<p>Escuela de verano<\/p>\n","protected":false},"author":4,"featured_media":77958,"parent":84455,"menu_order":0,"comment_status":"closed","ping_status":"closed","template":"","meta":{"_acf_changed":false,"_themeisle_gutenberg_block_has_review":false,"footnotes":""},"categories":[1225],"tags":[1171],"class_list":["post-40740","page","type-page","status-publish","has-post-thumbnail","hentry","category-altra-oferta-formativa-es","tag-estudis-es"],"acf":[],"publishpress_future_action":{"enabled":false,"date":"2026-04-19 21:10:56","action":"change-status","newStatus":"draft","terms":[],"taxonomy":"category","extraData":[]},"publishpress_future_workflow_manual_trigger":{"enabledWorkflows":[]},"_links":{"self":[{"href":"https:\/\/www.esmuc.cat\/es\/wp-json\/wp\/v2\/pages\/40740","targetHints":{"allow":["GET"]}}],"collection":[{"href":"https:\/\/www.esmuc.cat\/es\/wp-json\/wp\/v2\/pages"}],"about":[{"href":"https:\/\/www.esmuc.cat\/es\/wp-json\/wp\/v2\/types\/page"}],"author":[{"embeddable":true,"href":"https:\/\/www.esmuc.cat\/es\/wp-json\/wp\/v2\/users\/4"}],"replies":[{"embeddable":true,"href":"https:\/\/www.esmuc.cat\/es\/wp-json\/wp\/v2\/comments?post=40740"}],"version-history":[{"count":74,"href":"https:\/\/www.esmuc.cat\/es\/wp-json\/wp\/v2\/pages\/40740\/revisions"}],"predecessor-version":[{"id":108542,"href":"https:\/\/www.esmuc.cat\/es\/wp-json\/wp\/v2\/pages\/40740\/revisions\/108542"}],"up":[{"embeddable":true,"href":"https:\/\/www.esmuc.cat\/es\/wp-json\/wp\/v2\/pages\/84455"}],"wp:featuredmedia":[{"embeddable":true,"href":"https:\/\/www.esmuc.cat\/es\/wp-json\/wp\/v2\/media\/77958"}],"wp:attachment":[{"href":"https:\/\/www.esmuc.cat\/es\/wp-json\/wp\/v2\/media?parent=40740"}],"wp:term":[{"taxonomy":"category","embeddable":true,"href":"https:\/\/www.esmuc.cat\/es\/wp-json\/wp\/v2\/categories?post=40740"},{"taxonomy":"post_tag","embeddable":true,"href":"https:\/\/www.esmuc.cat\/es\/wp-json\/wp\/v2\/tags?post=40740"}],"curies":[{"name":"wp","href":"https:\/\/api.w.org\/{rel}","templated":true}]}}