{"id":40603,"date":"2022-05-10T11:39:39","date_gmt":"2022-05-10T09:39:39","guid":{"rendered":"https:\/\/www.esmuc.cat\/?page_id=40603"},"modified":"2025-03-18T18:42:57","modified_gmt":"2025-03-18T17:42:57","slug":"cataleg","status":"publish","type":"page","link":"https:\/\/www.esmuc.cat\/es\/servicios\/biblioteca-crai\/cataleg\/","title":{"rendered":"Cat\u00e1logo Biblioteca-CRAI"},"content":{"rendered":"\n<div class=\"wp-block-columns is-layout-flex wp-container-core-columns-is-layout-9d6595d7 wp-block-columns-is-layout-flex\">\n<div class=\"wp-block-column esmuc__Menu_Masters is-layout-flow wp-block-column-is-layout-flow\" style=\"flex-basis:33.33%\">\n\n<\/div>\n\n\n\n<div class=\"wp-block-column is-layout-flow wp-block-column-is-layout-flow\" style=\"flex-basis:66.66%\"><div class=\"breadcrumbs align  wp-block-bcn-breadcrumb-trail has-text-color has-background\" vocab=\"https:\/\/schema.org\/\" typeof=\"BreadcrumbList\">\n\t<span><\/span>\n\t<span property=\"itemListElement\" typeof=\"ListItem\"><a property=\"item\" typeof=\"WebPage\" title=\"Ir a ESMUC.\" href=\"https:\/\/www.esmuc.cat\/es\/\" class=\"home\" ><span property=\"name\">ESMUC<\/span><\/a><meta property=\"position\" content=\"1\"><\/span> &gt; <span property=\"itemListElement\" typeof=\"ListItem\"><a property=\"item\" typeof=\"WebPage\" title=\"Ir a Servicios.\" href=\"https:\/\/www.esmuc.cat\/es\/servicios\/\" class=\"post post-page\" ><span property=\"name\">Servicios<\/span><\/a><meta property=\"position\" content=\"2\"><\/span> &gt; <span property=\"itemListElement\" typeof=\"ListItem\"><a property=\"item\" typeof=\"WebPage\" title=\"Ir a Biblioteca-CRAI de la ESMUC.\" href=\"https:\/\/www.esmuc.cat\/es\/servicios\/biblioteca-crai\/\" class=\"post post-page\" ><span property=\"name\">Biblioteca-CRAI de la ESMUC<\/span><\/a><meta property=\"position\" content=\"3\"><\/span> &gt; <span property=\"itemListElement\" typeof=\"ListItem\"><span property=\"name\" class=\"post post-page current-item\">Cat\u00e1logo Biblioteca-CRAI<\/span><meta property=\"url\" content=\"https:\/\/www.esmuc.cat\/es\/servicios\/biblioteca-crai\/cataleg\/\"><meta property=\"position\" content=\"4\"><\/span><\/div>\n\n\n\n<h1 class=\"wp-block-heading\">Cat\u00e1logo<\/h1>\n\n\n\n<div style=\"height:30px\" aria-hidden=\"true\" class=\"wp-block-spacer\"><\/div>\n\n\n\n<hr class=\"wp-block-separator has-css-opacity\"\/>\n\n\n\n<form action=\"https:\/\/milleniumbeg.cultura.gencat.cat\/search~S31*cat\/\" method=\"post\" target=\"_blank\" style=\"margin: 10px; padding: 0;\">\n<p align=\"left\"><select name=\"searchtype\" style=\"margin-bottom: 10px; width: 200px; height: 35px;\">\n<option value=\"X\" selected=\"selected\">Cualquier palabra\n<\/option><option value=\"t\">T\u00edtulo<\/option> \n<option value=\"a\">Autor-Compositor<\/option> \n<option value=\"d\">Tema o materia<\/option><\/select>  \n<input name=\"searcharg\" maxlength=\"75\" style=\"width: 440px; height: 35px;\"\/>\n<input name=\"SORT\" type=\"hidden\" value=\"D\"\/> <input type=\"submit\" value=\"B\u00fasqueda\" style=\"margin-right: 0px; height: 35px;\"\/><br\/> <a title=\"B\u00fasqueda avanzada que proporciona l\u00edmites de b\u00fasqueda\" href=\"https:\/\/milleniumbeg.cultura.gencat.cat\/search~S31*cat\/X\" target=\"_blank\" rel=\"noopener\">B\u00fasqueda avanzada<\/a><\/p><\/form>\n\n\n\n<hr class=\"wp-block-separator has-css-opacity\"\/>\n\n\n\n<p>El cat\u00e1logo bibliogr\u00e1fico informa de todos los documentos (libros, revistas, partituras, grabaciones sonoras y de v\u00eddeo) que pod\u00e9is encontrar en la Biblioteca de la ESMUC. Desde el cat\u00e1logo tambi\u00e9n se pueden realizar renovaciones de documentos, previa identificaci\u00f3n en la secci\u00f3n <em><a href=\"https:\/\/catalegclassicbeg.cultura.gencat.cat\/iii\/cas\/login?service=https%3A%2F%2Fmilleniumbeg.cultura.gencat.cat%3A443%2Fpatroninfo~S31*cat%2FIIITICKET&amp;lang=cat&amp;scope=31\">Mi cuenta<\/a><\/em>. <\/p>\n\n\n\n<div style=\"height:30px\" aria-hidden=\"true\" class=\"wp-block-spacer\"><\/div>\n\n\n\n<div id=\"section-gf246b9\" class=\"wp-block-gutentor-e7 section-gf246b9 gutentor-element gutentor-element-list\"><ul class=\"grid-row gutentor-grid-item-wrap list-indicator-icon\"><li class=\"gutentor-list-item grid-lg-12 grid-md-12 grid-12\"><span class=\"gutentor-single-item gutentor-single-item-0\"><span class=\"gutentor-list-item-wrap g-s-list-wrap\"><span class=\"gutentor-single-list-item-icon\"><i class=\"list-item-icon fas fa-angle-right\"><\/i><\/span><span class=\"gutentor-list-item\"><p class=\"gutentor-single-item-title\"> <strong>Como darse de alta en Mi cuenta <\/strong> <\/p><\/span><\/span><\/span><\/li><\/ul><\/div>\n\n\n\n<p>Se debe acceder en la p\u00e1gina <em><a href=\"https:\/\/catalegclassicbeg.cultura.gencat.cat\/iii\/cas\/login?service=https%3A%2F%2Fmilleniumbeg.cultura.gencat.cat%3A443%2Fpatroninfo~S31*cat%2FIIITICKET&amp;lang=cat&amp;scope=31\">Mi cuenta<\/a><\/em> desde el cat\u00e1logo bibliogr\u00e1fico. La primera vez que os conect\u00e9is os pedir\u00e1 que introduzc\u00e1is: <\/p>\n\n\n\n<div id=\"section-g416d14\" class=\"wp-block-gutentor-e0 section-g416d14 gutentor-element gutentor-element-advanced-text\"><div class=\"gutentor-text-wrap\"><p class=\"gutentor-text\"><strong>Nombre o apellido<\/strong>. (Ex.: Joan \/ o \/ Mart\u00ednez) <br><strong>C\u00f3digo de barras<\/strong> del carnet de estudiante o docente de la ESMUC. (Ex.: 2047568421) <br><strong>PIN.<\/strong> Este PIN es un c\u00f3digo alfanum\u00e9rico de 6 posiciones que ten\u00e9is que crear vosotros cuando os dais de alta. (Ex.: Ab5M12) <br><\/p><\/div><\/div>\n\n\n\n<p><strong>Importante:<\/strong> La primera vez que os deis de alta, el sistema os har\u00e1 introducir toda la informaci\u00f3n dos veces. <\/p>\n\n\n\n<p>Para obtener m\u00e1s informaci\u00f3n sobre como darse de alta a <em><a href=\"https:\/\/catalegclassicbeg.cultura.gencat.cat\/iii\/cas\/login?service=https%3A%2F%2Fmilleniumbeg.cultura.gencat.cat%3A443%2Fpatroninfo~S31*cat%2FIIITICKET&amp;lang=cat&amp;scope=31\">Mi cuenta<\/a><\/em> del cat\u00e1logo, pod\u00e9is consultar la <a href=\"https:\/\/milleniumbeg.cultura.gencat.cat\/screens*cat\/help_cat.html\">p\u00e1gina de ayuda del cat\u00e1logo<\/a>.<\/p>\n\n\n\n<p>Para obtener m\u00e1s informaci\u00f3n sobre como hacer b\u00fasquedas en el cat\u00e1logo, pod\u00e9is consultar la secci\u00f3n <a href=\"https:\/\/catalegclassicbeg.cultura.gencat.cat\/screens*cat\/help_cat.html#searching\">Como encontrar documentos al cat\u00e1logo.<\/a><\/p>\n\n\n\n<div id=\"section-g27e730\" class=\"wp-block-gutentor-e6 section-g27e730 gutentor-element gutentor-element-image\"><div class=\"gutentor-element-image-box\"><div class=\"gutentor-image-thumb\"><img decoding=\"async\" class=\"normal-image\" src=\"https:\/\/www.esmuc.cat\/wp-content\/uploads\/2023\/02\/cataleg_BEG.png\" alt=\"Cat\u00e1logo Beg\"><\/div><\/div><\/div>\n\n\n\n<div style=\"height:100px\" aria-hidden=\"true\" class=\"wp-block-spacer\"><\/div>\n<\/div>\n<\/div>\n","protected":false},"excerpt":{"rendered":"<p>Cat\u00e1logo Cualquier palabra T\u00edtuloAutor-CompositorTema o materia B\u00fasqueda avanzada El cat\u00e1logo bibliogr\u00e1fico informa de todos los documentos (libros, revistas, partituras, grabaciones sonoras y de v\u00eddeo) que pod\u00e9is encontrar en la Biblioteca de la ESMUC. Desde el cat\u00e1logo tambi\u00e9n se pueden realizar renovaciones de documentos, previa identificaci\u00f3n en la secci\u00f3n Mi cuenta. Se debe acceder en la [&hellip;]<\/p>\n","protected":false},"author":5,"featured_media":5566,"parent":39482,"menu_order":4,"comment_status":"closed","ping_status":"closed","template":"","meta":{"_acf_changed":false,"_themeisle_gutenberg_block_has_review":false,"footnotes":""},"categories":[1316],"tags":[1772,1347,1349,1350,1773,1547],"class_list":["post-40603","page","type-page","status-publish","has-post-thumbnail","hentry","category-biblioteca-crai-es","tag-audiovisuales","tag-fons-bibliografics-es","tag-hemeroteca-es","tag-llibres-es","tag-partituras","tag-revistes-2-es"],"acf":[],"publishpress_future_action":{"enabled":false,"date":"2026-04-30 18:55:34","action":"change-status","newStatus":"draft","terms":[],"taxonomy":"category","extraData":[]},"publishpress_future_workflow_manual_trigger":{"enabledWorkflows":[]},"_links":{"self":[{"href":"https:\/\/www.esmuc.cat\/es\/wp-json\/wp\/v2\/pages\/40603","targetHints":{"allow":["GET"]}}],"collection":[{"href":"https:\/\/www.esmuc.cat\/es\/wp-json\/wp\/v2\/pages"}],"about":[{"href":"https:\/\/www.esmuc.cat\/es\/wp-json\/wp\/v2\/types\/page"}],"author":[{"embeddable":true,"href":"https:\/\/www.esmuc.cat\/es\/wp-json\/wp\/v2\/users\/5"}],"replies":[{"embeddable":true,"href":"https:\/\/www.esmuc.cat\/es\/wp-json\/wp\/v2\/comments?post=40603"}],"version-history":[{"count":23,"href":"https:\/\/www.esmuc.cat\/es\/wp-json\/wp\/v2\/pages\/40603\/revisions"}],"predecessor-version":[{"id":105671,"href":"https:\/\/www.esmuc.cat\/es\/wp-json\/wp\/v2\/pages\/40603\/revisions\/105671"}],"up":[{"embeddable":true,"href":"https:\/\/www.esmuc.cat\/es\/wp-json\/wp\/v2\/pages\/39482"}],"wp:featuredmedia":[{"embeddable":true,"href":"https:\/\/www.esmuc.cat\/es\/wp-json\/wp\/v2\/media\/5566"}],"wp:attachment":[{"href":"https:\/\/www.esmuc.cat\/es\/wp-json\/wp\/v2\/media?parent=40603"}],"wp:term":[{"taxonomy":"category","embeddable":true,"href":"https:\/\/www.esmuc.cat\/es\/wp-json\/wp\/v2\/categories?post=40603"},{"taxonomy":"post_tag","embeddable":true,"href":"https:\/\/www.esmuc.cat\/es\/wp-json\/wp\/v2\/tags?post=40603"}],"curies":[{"name":"wp","href":"https:\/\/api.w.org\/{rel}","templated":true}]}}