{"id":39487,"date":"2021-10-02T07:41:05","date_gmt":"2021-10-02T05:41:05","guid":{"rendered":"https:\/\/www.esmuc.cat\/biblioteca-crai\/que-diuen-de-nosaltres\/"},"modified":"2023-07-05T10:29:34","modified_gmt":"2023-07-05T08:29:34","slug":"que-diuen-de-nosaltres","status":"publish","type":"page","link":"https:\/\/www.esmuc.cat\/es\/servicios\/biblioteca-crai\/que-diuen-de-nosaltres\/","title":{"rendered":"Qu\u00e9 dicen de nosotros"},"content":{"rendered":"\n<div class=\"wp-block-columns is-layout-flex wp-container-core-columns-is-layout-9d6595d7 wp-block-columns-is-layout-flex\">\n<div class=\"wp-block-column esmuc__Menu_Masters is-layout-flow wp-block-column-is-layout-flow\" style=\"flex-basis:33.33%\">\n\n<\/div>\n\n\n\n<div class=\"wp-block-column is-layout-flow wp-block-column-is-layout-flow\" style=\"flex-basis:66.66%\"><div class=\"breadcrumbs align  wp-block-bcn-breadcrumb-trail has-text-color has-background\" vocab=\"https:\/\/schema.org\/\" typeof=\"BreadcrumbList\">\n\t<span><\/span>\n\t<span property=\"itemListElement\" typeof=\"ListItem\"><a property=\"item\" typeof=\"WebPage\" title=\"Ir a ESMUC.\" href=\"https:\/\/www.esmuc.cat\/es\/\" class=\"home\" ><span property=\"name\">ESMUC<\/span><\/a><meta property=\"position\" content=\"1\"><\/span> &gt; <span property=\"itemListElement\" typeof=\"ListItem\"><a property=\"item\" typeof=\"WebPage\" title=\"Ir a Servicios.\" href=\"https:\/\/www.esmuc.cat\/es\/servicios\/\" class=\"post post-page\" ><span property=\"name\">Servicios<\/span><\/a><meta property=\"position\" content=\"2\"><\/span> &gt; <span property=\"itemListElement\" typeof=\"ListItem\"><a property=\"item\" typeof=\"WebPage\" title=\"Ir a Biblioteca-CRAI de la ESMUC.\" href=\"https:\/\/www.esmuc.cat\/es\/servicios\/biblioteca-crai\/\" class=\"post post-page\" ><span property=\"name\">Biblioteca-CRAI de la ESMUC<\/span><\/a><meta property=\"position\" content=\"3\"><\/span> &gt; <span property=\"itemListElement\" typeof=\"ListItem\"><span property=\"name\" class=\"post post-page current-item\">Qu\u00e9 dicen de nosotros<\/span><meta property=\"url\" content=\"https:\/\/www.esmuc.cat\/es\/servicios\/biblioteca-crai\/que-diuen-de-nosaltres\/\"><meta property=\"position\" content=\"4\"><\/span><\/div>\n\n\n\n<h1 class=\"wp-block-heading\">Qu\u00e9 dicen de nosotros<\/h1>\n\n\n\n<div style=\"height:37px\" aria-hidden=\"true\" class=\"wp-block-spacer\"><\/div>\n\n\n\n<p>En esta secci\u00f3n podr\u00e1 acceder a toda la documentaci\u00f3n publicada sobre la Biblioteca-CRAI de la ESMUC desde su creaci\u00f3n hasta la actualidad.<\/p>\n\n\n\n<section id=\"75e56f\" class=\"section-75e56f gutentor-module gutentor-module-accordion\"><div class=\"grid-container\">\n<div id=\"bea96f\" class=\"wp-block-gutentor-m6-item section-bea96f gutentor-module gutentor-module-accordion-item\"><div class=\"gutentor-module-accordion-panel g-a-panel-75e56f\"><div class=\"gm-ah-75e56f gutentor-module-accordion-item-heading gutentor-module-icon-position-right\"><span class=\"gutentor-module-accordion-panel-handler\" role=\"button\"><span class=\"gutentor-module-accordion-panel-handler-label\">2023<\/span><span class=\"gutentor-module-accordion-icon\"><i class=\"gm-aio-75e56f gutentor-module-accordion-icon-open fas fa-plus\"><\/i><i class=\"gm-aic-75e56f gutentor-module-accordion-icon-close fas fa-minus\"><\/i><\/span><\/span><\/div><div class=\"gm-ab-75e56f gutentor-module-accordion-body\">\n<div id=\"section-g3eb225\" class=\"wp-block-gutentor-e0 section-g3eb225 gutentor-element gutentor-element-advanced-text\"><div class=\"gutentor-text-wrap\"><p class=\"gutentor-text\">&#8220;<a href=\"https:\/\/www.csuc.cat\/es\/noticia\/primavera-de-visites-biblioteques-museu-musica-esmuc\" target=\"_blank\" rel=\"noreferrer noopener\">Primavera de visitas entre las bibliotecas del CCUC<\/a>&#8220;. En <em>El bloc del CSUC,<\/em> 31\/03\/2023 <\/p><\/div><\/div>\n<\/div><\/div><\/div>\n\n\n\n<div id=\"7c86d4\" class=\"wp-block-gutentor-m6-item section-7c86d4 gutentor-module gutentor-module-accordion-item\"><div class=\"gutentor-module-accordion-panel g-a-panel-75e56f\"><div class=\"gm-ah-75e56f gutentor-module-accordion-item-heading gutentor-module-icon-position-right\"><span class=\"gutentor-module-accordion-panel-handler\" role=\"button\"><span class=\"gutentor-module-accordion-panel-handler-label\">2022<\/span><span class=\"gutentor-module-accordion-icon\"><i class=\"gm-aio-75e56f gutentor-module-accordion-icon-open fas fa-plus\"><\/i><i class=\"gm-aic-75e56f gutentor-module-accordion-icon-close fas fa-minus\"><\/i><\/span><\/span><\/div><div class=\"gm-ab-75e56f gutentor-module-accordion-body\">\n<p>&#8220;<a href=\"https:\/\/www.csuc.cat\/ca\/noticia\/la-biblioteca-ressona-fons-musicals-de-la-biblioteca-crai-esmuc-labast-de-les-universitats\" target=\"_blank\" rel=\"noreferrer noopener\">Les Biblioteques ressona: fons musicals de la biblioteca-CRAI ESMUC a l&#8217;abast de les universitats catalanes <\/a>&#8220;. En: <em>El bloc del CSUC<\/em>, 15\/12\/2022.<\/p>\n\n\n\n<p><\/p>\n<\/div><\/div><\/div>\n\n\n\n<div id=\"e2bd8e\" class=\"wp-block-gutentor-m6-item section-e2bd8e gutentor-module gutentor-module-accordion-item\"><div class=\"gutentor-module-accordion-panel g-a-panel-75e56f\"><div class=\"gm-ah-75e56f gutentor-module-accordion-item-heading gutentor-module-icon-position-right\"><span class=\"gutentor-module-accordion-panel-handler\" role=\"button\"><span class=\"gutentor-module-accordion-panel-handler-label\">2020<\/span><span class=\"gutentor-module-accordion-icon\"><i class=\"gm-aio-75e56f gutentor-module-accordion-icon-open fas fa-plus\"><\/i><i class=\"gm-aic-75e56f gutentor-module-accordion-icon-close fas fa-minus\"><\/i><\/span><\/span><\/div><div class=\"gm-ab-75e56f gutentor-module-accordion-body\">\n<p>&#8220;<a href=\"https:\/\/hemeroteca.blog.csuc.cat\/?p=20508\">Les Biblioteques del CCUC: Biblioteca de l\u2019Escola Superior de M\u00fasica de Catalunya (ESMUC)<\/a>&#8220;. En: <em>El bloc del CSUC<\/em>, 10\/09\/2020.<\/p>\n\n\n\n<p>&#8220;<a href=\"https:\/\/mundoclasico.com\/articulo\/33535\/Importante-donaci%C3%B3n-discogr%C3%A1fica-a-la-ESMUC\" target=\"_blank\" rel=\"noreferrer noopener\">Importante donaci\u00f3n discogr\u00e1fica a la ESMUC<\/a>&#8220;. En: <em>Mundo cl\u00e1sico<\/em>, martes, 9 de junio de 2020.<\/p>\n<\/div><\/div><\/div>\n\n\n\n<div id=\"dd5af0\" class=\"wp-block-gutentor-m6-item section-dd5af0 gutentor-module gutentor-module-accordion-item\"><div class=\"gutentor-module-accordion-panel g-a-panel-75e56f\"><div class=\"gm-ah-75e56f gutentor-module-accordion-item-heading gutentor-module-icon-position-right\"><span class=\"gutentor-module-accordion-panel-handler\" role=\"button\"><span class=\"gutentor-module-accordion-panel-handler-label\">2017<\/span><span class=\"gutentor-module-accordion-icon\"><i class=\"gm-aio-75e56f gutentor-module-accordion-icon-open fas fa-plus\"><\/i><i class=\"gm-aic-75e56f gutentor-module-accordion-icon-close fas fa-minus\"><\/i><\/span><\/span><\/div><div class=\"gm-ab-75e56f gutentor-module-accordion-body\">\n<p>Jariod, Pere Andreu. &#8220;<a href=\"https:\/\/www.ccma.cat\/catradio\/alacarta\/assaig-general\/amb-la-viquimarato-el-treball-que-es-fa-a-lescola-no-queda-a-laula-sino-que-arriba-a-la-societat\/audio\/959201\/\">Viquimarat\u00f3 i Viquiprojecte a l&#8217;Escola Superior de M\u00fasica de Catalunya<\/a>&#8220;. En:<em> Assaig General<\/em>, 13 de abril de 2017. Reportaje con motivo de la 2\u00aa Viquimarat\u00f3n organizada por la Escola Superior de M\u00fasica de Catalunya, dedicada al 125 aniversario del nacimiento de Aurora Bertrana, el bicentenario del nacimiento de Pep Ventura y el 150 aniversario del nacimiento de Enric Granados, que tuvo puesto en la Biblioteca-CRAI el 7 de abril de 2017.<\/p>\n\n\n\n<p>Jariod, Pere Andreu. &#8220;<a href=\"https:\/\/www.ccma.cat\/catradio\/alacarta\/assaig-general\/anna-costal-la-musica-de-pep-ventura-era-una-musica-moderna-a-la-seva-epoca\/audio\/955318\/\">Exposici\u00f3 &#8216;La sardana i Pep Ventura&#8217; a la Biblioteca de l&#8217;Esmuc<\/a>&#8220;. En: <em>Assaig General<\/em>, 16 de marzo de 2017. Reportaje con motivo de la exposici\u00f3n dedicada a Pep Ventura en conmemoraci\u00f3n del bicentenario de su nacimiento, que tuvo lugar en la Biblioteca-CRAI del 20 de febrero al 14 de abril de 2017.<\/p>\n\n\n\n<p>&#8220;<a href=\"http:\/\/www.cobdc.net\/document\/publicacions\/bibliografia-basica-mon-lopera\/\">Bibliografia b\u00e0sica del m\u00f3n de l\u2019\u00f2pera<\/a>&#8220;. En: <em>Butllet\u00ed del Col\u00b7legi Oficial de Bibliotecaris-Documentalistes de Catalunya<\/em>, 5 de octubre de 2017.<\/p>\n<\/div><\/div><\/div>\n\n\n\n<div id=\"6f3422\" class=\"wp-block-gutentor-m6-item section-6f3422 gutentor-module gutentor-module-accordion-item\"><div class=\"gutentor-module-accordion-panel g-a-panel-75e56f\"><div class=\"gm-ah-75e56f gutentor-module-accordion-item-heading gutentor-module-icon-position-right\"><span class=\"gutentor-module-accordion-panel-handler\" role=\"button\"><span class=\"gutentor-module-accordion-panel-handler-label\">2016<\/span><span class=\"gutentor-module-accordion-icon\"><i class=\"gm-aio-75e56f gutentor-module-accordion-icon-open fas fa-plus\"><\/i><i class=\"gm-aic-75e56f gutentor-module-accordion-icon-close fas fa-minus\"><\/i><\/span><\/span><\/div><div class=\"gm-ab-75e56f gutentor-module-accordion-body\">\n<p>Asensio, Juan Carlos. &#8220;<a href=\"https:\/\/sonograma.org\/2016\/06\/nulla-vita-sine-bibliotheca\/\">Nulla vita\u2026 sine Bibliotheca<\/a>&#8220;. En: <em>Sonograma Magazine<\/em>, 28 de junio de 2016. Monogr\u00e1fico con motivo del 15 aniversario de la Esmuc.<\/p>\n<\/div><\/div><\/div>\n\n\n\n<div id=\"3f86be\" class=\"wp-block-gutentor-m6-item section-3f86be gutentor-module gutentor-module-accordion-item\"><div class=\"gutentor-module-accordion-panel g-a-panel-75e56f\"><div class=\"gm-ah-75e56f gutentor-module-accordion-item-heading gutentor-module-icon-position-right\"><span class=\"gutentor-module-accordion-panel-handler\" role=\"button\"><span class=\"gutentor-module-accordion-panel-handler-label\">2015<\/span><span class=\"gutentor-module-accordion-icon\"><i class=\"gm-aio-75e56f gutentor-module-accordion-icon-open fas fa-plus\"><\/i><i class=\"gm-aic-75e56f gutentor-module-accordion-icon-close fas fa-minus\"><\/i><\/span><\/span><\/div><div class=\"gm-ab-75e56f gutentor-module-accordion-body\">\n<p>&#8220;100 anys de biblioteques: especial Sant Jordi 2015&#8221;. En: <em>Diari Ara<\/em>, 23 de abril de 2015. En la p\u00e1gina 74 se habla sobre la Biblioteca-CRAI de la ESMUC: <a href=\"\/wp-content\/uploads\/2021\/10\/ARA-Especial-Biblioteques.pdf\" target=\"_blank\" rel=\"noreferrer noopener nofollow\">ARA Especial Biblioteques<\/a><\/p>\n\n\n\n<p>&#8220;<a href=\"https:\/\/hemeroteca.blog.csuc.cat\/?p=3653\">GEPA: primera c\u00e0rrega de 2015<\/a>&#8220;. En: <em>El Blog del CSUC<\/em>, 13 de febrero de 2015. Noticia de la incorporaci\u00f3n de 3.707 discos de vinilo y 2 enciclopedias en el almac\u00e9n cooperativo GEPA.<\/p>\n<\/div><\/div><\/div>\n\n\n\n<div id=\"8e9cbc\" class=\"wp-block-gutentor-m6-item section-8e9cbc gutentor-module gutentor-module-accordion-item\"><div class=\"gutentor-module-accordion-panel g-a-panel-75e56f\"><div class=\"gm-ah-75e56f gutentor-module-accordion-item-heading gutentor-module-icon-position-right\"><span class=\"gutentor-module-accordion-panel-handler\" role=\"button\"><span class=\"gutentor-module-accordion-panel-handler-label\">2014<\/span><span class=\"gutentor-module-accordion-icon\"><i class=\"gm-aio-75e56f gutentor-module-accordion-icon-open fas fa-plus\"><\/i><i class=\"gm-aic-75e56f gutentor-module-accordion-icon-close fas fa-minus\"><\/i><\/span><\/span><\/div><div class=\"gm-ab-75e56f gutentor-module-accordion-body\">\n<p>Jariod, Pere Andreu. &#8220;<a href=\"https:\/\/www.ccma.cat\/catradio\/alacarta\/notes-de-classica\/digitalitzar-rotlles-de-pianola\/audio\/858233\/\" target=\"_blank\" rel=\"noreferrer noopener\">Sisena edici\u00f3 de la Fira del llibre i la partitura<\/a>&#8220;. En: <em>Notes de Cl\u00e0ssica<\/em>, 24 de noviembre de 2014. Reportaje con motivo de la 6\u00aa Feria del libro de m\u00fasica y la partitura, celebrado en el Esmuc el 25 de noviembre de 2014.<\/p>\n\n\n\n<p>&#8220;<a href=\"https:\/\/hemeroteca.blog.csuc.cat\/?p=1196\" target=\"_blank\" rel=\"noreferrer noopener\">M\u00e9s col\u00b7leccions especials al CCUC<\/a>&#8220;. En: <em>El Blog del CSUC<\/em>, 30 de abril de 2014. Noticia de la incorporaci\u00f3n del primer fondo personal del Esmuc en el Cat\u00e1logo Colectivo de las Universidades de Catalu\u00f1a (CCUC).<\/p>\n\n\n\n<p>Collado, Irene. &#8220;<a href=\"https:\/\/www.esmuc.cat\/esmuc_digital\/Esmuc-digital\/Revistes\/Numero-26-marc-2014\/Gent-Esmuc\/L-efecte-papallona\" target=\"_blank\" rel=\"noreferrer noopener\">L\u2019efecte papallona: la Biblioteca de l\u2019Esmuc amplia el seu fons gr\u00e0cies a la cessi\u00f3 de Casa \u00c0sia<\/a>&#8220;. En:<em> L&#8217;Esmuc digital<\/em>, n\u00fam. 26, marzo 2014.<\/p>\n\n\n\n<p>Jariod, Pere Andreu. &#8220;<a href=\"https:\/\/www.ivoox.com\/ndc-la-musica-iberica-del-s-xviii-audios-mp3_rf_3492431_1.html\" target=\"_blank\" rel=\"noreferrer noopener\">Congr\u00e9s internacional Interpretar la m\u00fasica ib\u00e8rica del segle XVIII<\/a>&#8220;. En: <em>Notes de Cl\u00e0ssica<\/em>, 12 de septiembre de 2014. Reportaje con motivo del Congreso internacional Interpretar la m\u00fasica ib\u00e9rica del siglo XVIII, celebrado en el Esmuc entre el 14 y el 16 de julio de 2014, y de la exposici\u00f3n dedicada a este Congreso que tuvo lugar en la Biblioteca-CRAI entre el 7 de julio y el 24 de octubre de 2014.<\/p>\n<\/div><\/div><\/div>\n\n\n\n<div id=\"7662f4\" class=\"wp-block-gutentor-m6-item section-7662f4 gutentor-module gutentor-module-accordion-item\"><div class=\"gutentor-module-accordion-panel g-a-panel-75e56f\"><div class=\"gm-ah-75e56f gutentor-module-accordion-item-heading gutentor-module-icon-position-right\"><span class=\"gutentor-module-accordion-panel-handler\" role=\"button\"><span class=\"gutentor-module-accordion-panel-handler-label\">2013<\/span><span class=\"gutentor-module-accordion-icon\"><i class=\"gm-aio-75e56f gutentor-module-accordion-icon-open fas fa-plus\"><\/i><i class=\"gm-aic-75e56f gutentor-module-accordion-icon-close fas fa-minus\"><\/i><\/span><\/span><\/div><div class=\"gm-ab-75e56f gutentor-module-accordion-body\">\n<p>Pag\u00e8s, M\u00f2nica. &#8220;Narc\u00eds Bonet&#8221;. En: <em>Notes de Cl\u00e0ssica<\/em>, 13 de noviembre de 2013. Reportaje con motivo de la lecci\u00f3n inaugural del curso acad\u00e9mico 2013-2014 y de la exposici\u00f3n Narc\u00eds Bonet: un canto por Catalu\u00f1a, que tuvo lugar en la Biblioteca del Esmuc entre el 21 de octubre y 29 de noviembre de 2013.<br><a href=\"\/wp-content\/uploads\/2021\/10\/Reportatge-exposicio-Narcis-Bonet.mp3\" target=\"_blank\" rel=\"noreferrer noopener nofollow\">Reportaje exposici\u00f3n Narc\u00eds Bonet<\/a><\/p>\n\n\n\n<p>Jariod, Pere Andreu. &#8220;<a href=\"https:\/\/www.ivoox.com\/ndc-facsimils-a-vista-audios-mp3_rf_2371089_1.html\" target=\"_blank\" rel=\"noreferrer noopener\">Facs\u00edmils a la vista<\/a>&#8220;. En: <em>Notes de Cl\u00e0ssica<\/em>, 18 de septiembre de 2013. Reportaje con motivo de la exposici\u00f3n La m\u00fasica en facs\u00edmil, que tuvo lugar en la Biblioteca-CRAI del Esmuc entre el 25 de junio y el 18 de octubre de 2013.<\/p>\n\n\n\n<p>Alsina, Merc\u00e8 ; S\u00e1nchez, Jos\u00e9 Luis. &#8220;<a href=\"http:\/\/www.tveixample.com\/categories\/esports\/article\/2422-originals-de-richard-wagner-a-la-biblioteca-de-lesmuc\" target=\"_blank\" rel=\"noreferrer noopener\">Originals de Richard Wagner a la Biblioteca de l&#8217;Esmuc<\/a>&#8220;. En: <em>BTV<\/em>, 7 de mayo de 2013. Reportaje con motivo de la exposici\u00f3n Richard Wagner: bicentenario de su nacimiento, que tuvo lugar en la Biblioteca-CRAI del Esmuc entre el 22 de abril y el 21 de junio de 2013.<\/p>\n<\/div><\/div><\/div>\n\n\n\n<div id=\"12ad86\" class=\"wp-block-gutentor-m6-item section-12ad86 gutentor-module gutentor-module-accordion-item\"><div class=\"gutentor-module-accordion-panel g-a-panel-75e56f\"><div class=\"gm-ah-75e56f gutentor-module-accordion-item-heading gutentor-module-icon-position-right\"><span class=\"gutentor-module-accordion-panel-handler\" role=\"button\"><span class=\"gutentor-module-accordion-panel-handler-label\">2012<\/span><span class=\"gutentor-module-accordion-icon\"><i class=\"gm-aio-75e56f gutentor-module-accordion-icon-open fas fa-plus\"><\/i><i class=\"gm-aic-75e56f gutentor-module-accordion-icon-close fas fa-minus\"><\/i><\/span><\/span><\/div><div class=\"gm-ab-75e56f gutentor-module-accordion-body\">\n<p>Pag\u00e8s, M\u00f2nica. &#8220;Vict\u00f2ria dels \u00c0ngels&#8221;. En: <em>Notes de Cl\u00e0ssica<\/em>, 5 de diciembre de 2012. Reportaje con motivo de la exposici\u00f3n Victoria dels \u00c0ngels: la voz de la expresividad, que tuvo lugar en la Biblioteca-CRAI del Esmuc entre el 22 de octubre y el 10 de diciembre de 2012.<br><a href=\"\/wp-content\/uploads\/2021\/10\/Reportatge-exposicio-Victoria-dels-Angels.mp3\" target=\"_blank\" rel=\"noreferrer noopener nofollow\">Reportaje exposici\u00f3n Vict\u00f2ria dels \u00c0ngels<\/a><\/p>\n\n\n\n<p>Jariod, Pere Andreu. &#8220;<a href=\"https:\/\/www.ivoox.com\/ndc-la-biblioteca-l-esmuc-audios-mp3_rf_1424445_1.html\" target=\"_blank\" rel=\"noreferrer noopener\">Qu\u00e8 \u00e9s i com funciona la Biblioteca de l&#8217;Esmuc<\/a>&#8220;. En: <em>Notes de Cl\u00e0ssica<\/em>, 12 de septiembre de 2012.<\/p>\n\n\n\n<p>&#8220;<a href=\"https:\/\/www.esmuc.cat\/esmuc_digital\/Esmuc-digital\/Revistes\/Numero-13-desembre-2012\/Gent-Esmuc\/Bibliografia-selectiva-de-novetats\" target=\"_blank\" rel=\"noreferrer noopener\">Bibliografia selectiva de novetats: la Biblioteca col\u00b7labora en una publicaci\u00f3 de la Generalitat de Catalunya<\/a>&#8220;. En:<em> L&#8217;Esmuc digital<\/em>, n\u00fam. 13, diciembre 2012.<\/p>\n\n\n\n<p>&#8220;<a href=\"https:\/\/www.esmuc.cat\/esmuc_digital\/Esmuc-digital\/Revistes\/Numero-4-gener-2012\/Destaquem\/L-ESMUC-present-a-RECERCAT\" target=\"_blank\" rel=\"noreferrer noopener\">L&#8217;Esmuc present a Recercat<\/a>&#8220;. En: <em>L&#8217;Esmuc digital<\/em>, n\u00fam. 4, enero 2012.<\/p>\n<\/div><\/div><\/div>\n\n\n\n<div id=\"5831bd\" class=\"wp-block-gutentor-m6-item section-5831bd gutentor-module gutentor-module-accordion-item\"><div class=\"gutentor-module-accordion-panel g-a-panel-75e56f\"><div class=\"gm-ah-75e56f gutentor-module-accordion-item-heading gutentor-module-icon-position-right\"><span class=\"gutentor-module-accordion-panel-handler\" role=\"button\"><span class=\"gutentor-module-accordion-panel-handler-label\">2011<\/span><span class=\"gutentor-module-accordion-icon\"><i class=\"gm-aio-75e56f gutentor-module-accordion-icon-open fas fa-plus\"><\/i><i class=\"gm-aic-75e56f gutentor-module-accordion-icon-close fas fa-minus\"><\/i><\/span><\/span><\/div><div class=\"gm-ab-75e56f gutentor-module-accordion-body\">\n<p>&#8220;<a href=\"https:\/\/www.esmuc.cat\/esmuc_digital\/Esmuc-digital\/Revistes\/Numero-1-octubre-2011\/Destaquem\/Brava-Victoria#comments-space\" target=\"_blank\" rel=\"noreferrer noopener\">Brava, Vict\u00f2ria! La Biblioteca de l\u2019Esmuc amb el documental sobre la soprano Vict\u00f2ria dels \u00c0ngels<\/a>&#8220;. En: <em>L&#8217;Esmuc digital<\/em>, n\u00fam. 1, octubre 2011.<\/p>\n\n\n\n<p>Rueda, Merc\u00e8. &#8220;<a href=\"https:\/\/raco.cat\/index.php\/Item\/issue\/view\/18316\" target=\"_blank\" rel=\"noreferrer noopener\">La nova Biblioteca de Cinema de la Filmoteca de Catalunya: proc\u00e9s i relaci\u00f3 entre el projecte bibliotecari i arquitect\u00f2nic&#8221;<\/a>. En <em>\u00cdtem<\/em>. Col\u00b7legi oficial de Bibliotecaris-Documentalistes de Catalunya, n\u00fam. 54, 2011. p. 89-104. La autora se refiere a la Biblioteca de la ESMUC por su ejemplaridad en la distribuci\u00f3n del espacio y tratamiento de la documentaci\u00f3n audiovisual.<\/p>\n<\/div><\/div><\/div>\n\n\n\n<div id=\"bea7d1\" class=\"wp-block-gutentor-m6-item section-bea7d1 gutentor-module gutentor-module-accordion-item\"><div class=\"gutentor-module-accordion-panel g-a-panel-75e56f\"><div class=\"gm-ah-75e56f gutentor-module-accordion-item-heading gutentor-module-icon-position-right\"><span class=\"gutentor-module-accordion-panel-handler\" role=\"button\"><span class=\"gutentor-module-accordion-panel-handler-label\">2010<\/span><span class=\"gutentor-module-accordion-icon\"><i class=\"gm-aio-75e56f gutentor-module-accordion-icon-open fas fa-plus\"><\/i><i class=\"gm-aic-75e56f gutentor-module-accordion-icon-close fas fa-minus\"><\/i><\/span><\/span><\/div><div class=\"gm-ab-75e56f gutentor-module-accordion-body\">\n<p>&#8220;<a href=\"\/wp-content\/uploads\/2021\/10\/LEsmuc-sincorpora-al-Recercat.pdf\" target=\"_blank\" rel=\"noreferrer noopener nofollow\">L&#8217;Esmuc s&#8217;incorpora al Recercat<\/a>&#8220;. En: <em>Separata Esmuc de la Revista musical catalana<\/em>, n\u00fam. 59, octubre 2010. p. 3.<\/p>\n\n\n\n<p>Fern\u00e1ndez Men\u00e9ndez, Mercedes. &#8220;<a href=\"\/wp-content\/uploads\/2021\/10\/Analisis-evaluativo-de-las-sedes-web-de-las-bibliotecas.pdf\" target=\"_blank\" rel=\"noreferrer noopener nofollow\">An\u00e1lisis evaluativo de las sedes web de las bibliotecas de los conservatorios superiores de m\u00fasica en Espa\u00f1a<\/a>&#8220;. En: <em>Bolet\u00edn de la AEDOM<\/em>, a\u00f1o 14, 2010. p. 86-94.<\/p>\n<\/div><\/div><\/div>\n\n\n\n<div id=\"d79e9f\" class=\"wp-block-gutentor-m6-item section-d79e9f gutentor-module gutentor-module-accordion-item\"><div class=\"gutentor-module-accordion-panel g-a-panel-75e56f\"><div class=\"gm-ah-75e56f gutentor-module-accordion-item-heading gutentor-module-icon-position-right\"><span class=\"gutentor-module-accordion-panel-handler\" role=\"button\"><span class=\"gutentor-module-accordion-panel-handler-label\">2006<\/span><span class=\"gutentor-module-accordion-icon\"><i class=\"gm-aio-75e56f gutentor-module-accordion-icon-open fas fa-plus\"><\/i><i class=\"gm-aic-75e56f gutentor-module-accordion-icon-close fas fa-minus\"><\/i><\/span><\/span><\/div><div class=\"gm-ab-75e56f gutentor-module-accordion-body\">\n<p>&#8220;<a href=\"\/wp-content\/uploads\/2021\/10\/La-Biblioteca-de-lEscola-catalogara-el-seu-fons-documental.pdf\" target=\"_blank\" rel=\"noreferrer noopener nofollow\">La Biblioteca de l\u2019Escola catalogar\u00e0 el seu fons documental<\/a>&#8220;. En: Separata Esmuc de la Revista musical catalana, n\u00fam. 3, febrero 2006. p. 2.<\/p>\n<\/div><\/div><\/div>\n\n\n\n<div id=\"e7b578\" class=\"wp-block-gutentor-m6-item section-e7b578 gutentor-module gutentor-module-accordion-item\"><div class=\"gutentor-module-accordion-panel g-a-panel-75e56f\"><div class=\"gm-ah-75e56f gutentor-module-accordion-item-heading gutentor-module-icon-position-right\"><span class=\"gutentor-module-accordion-panel-handler\" role=\"button\"><span class=\"gutentor-module-accordion-panel-handler-label\">2005<\/span><span class=\"gutentor-module-accordion-icon\"><i class=\"gm-aio-75e56f gutentor-module-accordion-icon-open fas fa-plus\"><\/i><i class=\"gm-aic-75e56f gutentor-module-accordion-icon-close fas fa-minus\"><\/i><\/span><\/span><\/div><div class=\"gm-ab-75e56f gutentor-module-accordion-body\">\n<p>&#8220;<a href=\"\/wp-content\/uploads\/2021\/10\/La-Biblioteca-de-lu2019Esmuc-subseu-de-la-IASA-Annual-Conference.pdf\" target=\"_blank\" rel=\"noreferrer noopener nofollow\">La Biblioteca de l\u2019Esmuc subseu de la IASA Annual Conference<\/a>&#8220;. En: <em>Separata Esmuc de la Revista musical catalana<\/em>, n\u00fam. 1, diciembre 2005. p. 4.<\/p>\n\n\n\n<p>Urp\u00ed C\u00e1mara, Montserrat. &#8220;<a href=\"\/wp-content\/uploads\/2021\/10\/La-Biblioteca-de-la-Esmuc-relato-de-una-experiencia.pdf\" target=\"_blank\" rel=\"noreferrer noopener nofollow\">La biblioteca de la Escola Superior de M\u00fasica de Catalunya: relato de una experiencia<\/a>&#8220;. En: <em>Bibliotecas en centros de ense\u00f1anza musical en Espa\u00f1a<\/em>. Madrid: AEDOM, 2005. p. 69-84.<\/p>\n<\/div><\/div><\/div>\n\n\n\n<div id=\"701555\" class=\"wp-block-gutentor-m6-item section-701555 gutentor-module gutentor-module-accordion-item\"><div class=\"gutentor-module-accordion-panel g-a-panel-75e56f\"><div class=\"gm-ah-75e56f gutentor-module-accordion-item-heading gutentor-module-icon-position-right\"><span class=\"gutentor-module-accordion-panel-handler\" role=\"button\"><span class=\"gutentor-module-accordion-panel-handler-label\">2003<\/span><span class=\"gutentor-module-accordion-icon\"><i class=\"gm-aio-75e56f gutentor-module-accordion-icon-open fas fa-plus\"><\/i><i class=\"gm-aic-75e56f gutentor-module-accordion-icon-close fas fa-minus\"><\/i><\/span><\/span><\/div><div class=\"gm-ab-75e56f gutentor-module-accordion-body\">\n<div id=\"section-g4c815e\" class=\"wp-block-gutentor-e0 section-g4c815e gutentor-element gutentor-element-advanced-text\"><div class=\"gutentor-text-wrap\"><p class=\"gutentor-text\">Plaza-Navas, Miguel \u00c1ngel. <a href=\"https:\/\/digital.csic.es\/bitstream\/10261\/3211\/1\/Informe-taula-rodona.pdf\" target=\"_blank\" rel=\"noreferrer noopener\">Informe de la taula rodona: \u201cFotoc\u00f2pies i partitures: entre la necessitat i el l\u00edmit. Els drets d&#8217;autor a les biblioteques<br>musicals\u201d<\/a>. En BiD, Textos de Biblioteconomia i Documentaci\u00f3, n\u00fam. 10, juny 2003.p. Participaci\u00f3n de Montserrat Urp\u00ed en calidad de responsable de la Biblioteca de l&#8217;ESMUC.<\/p><\/div><\/div>\n<\/div><\/div><\/div>\n<\/div><\/section>\n<\/div>\n<\/div>\n","protected":false},"excerpt":{"rendered":"<p>Qu\u00e9 dicen de nosotros En esta secci\u00f3n podr\u00e1 acceder a toda la documentaci\u00f3n publicada sobre la Biblioteca-CRAI de la ESMUC desde su creaci\u00f3n hasta la actualidad.<\/p>\n","protected":false},"author":5,"featured_media":0,"parent":39482,"menu_order":0,"comment_status":"closed","ping_status":"closed","template":"","meta":{"_acf_changed":false,"_themeisle_gutenberg_block_has_review":false,"footnotes":""},"categories":[1316],"tags":[1327],"class_list":["post-39487","page","type-page","status-publish","hentry","category-biblioteca-crai-es","tag-biblioteca-es"],"acf":[],"publishpress_future_action":{"enabled":false,"date":"2026-04-18 16:41:34","action":"change-status","newStatus":"draft","terms":[],"taxonomy":"category","extraData":[]},"publishpress_future_workflow_manual_trigger":{"enabledWorkflows":[]},"_links":{"self":[{"href":"https:\/\/www.esmuc.cat\/es\/wp-json\/wp\/v2\/pages\/39487","targetHints":{"allow":["GET"]}}],"collection":[{"href":"https:\/\/www.esmuc.cat\/es\/wp-json\/wp\/v2\/pages"}],"about":[{"href":"https:\/\/www.esmuc.cat\/es\/wp-json\/wp\/v2\/types\/page"}],"author":[{"embeddable":true,"href":"https:\/\/www.esmuc.cat\/es\/wp-json\/wp\/v2\/users\/5"}],"replies":[{"embeddable":true,"href":"https:\/\/www.esmuc.cat\/es\/wp-json\/wp\/v2\/comments?post=39487"}],"version-history":[{"count":10,"href":"https:\/\/www.esmuc.cat\/es\/wp-json\/wp\/v2\/pages\/39487\/revisions"}],"predecessor-version":[{"id":83203,"href":"https:\/\/www.esmuc.cat\/es\/wp-json\/wp\/v2\/pages\/39487\/revisions\/83203"}],"up":[{"embeddable":true,"href":"https:\/\/www.esmuc.cat\/es\/wp-json\/wp\/v2\/pages\/39482"}],"wp:attachment":[{"href":"https:\/\/www.esmuc.cat\/es\/wp-json\/wp\/v2\/media?parent=39487"}],"wp:term":[{"taxonomy":"category","embeddable":true,"href":"https:\/\/www.esmuc.cat\/es\/wp-json\/wp\/v2\/categories?post=39487"},{"taxonomy":"post_tag","embeddable":true,"href":"https:\/\/www.esmuc.cat\/es\/wp-json\/wp\/v2\/tags?post=39487"}],"curies":[{"name":"wp","href":"https:\/\/api.w.org\/{rel}","templated":true}]}}