{"id":39485,"date":"2021-06-16T15:27:58","date_gmt":"2021-06-16T13:27:58","guid":{"rendered":"https:\/\/www.esmuc.cat\/normatives-biblioteca-crai\/"},"modified":"2022-09-22T13:49:01","modified_gmt":"2022-09-22T11:49:01","slug":"normatives-biblioteca-crai","status":"publish","type":"page","link":"https:\/\/www.esmuc.cat\/es\/servicios\/biblioteca-crai\/normatives-biblioteca-crai\/","title":{"rendered":"Normativas Biblioteca-CRAI"},"content":{"rendered":"\n<div class=\"wp-block-columns is-layout-flex wp-container-core-columns-is-layout-9d6595d7 wp-block-columns-is-layout-flex\">\n<div class=\"wp-block-column esmuc__Menu_Masters d-none d-lg-block is-layout-flow wp-block-column-is-layout-flow\" style=\"flex-basis:33.33%\">\n\n\n\n\n<p>.<\/p>\n<\/div>\n\n\n\n<div class=\"wp-block-column is-layout-flow wp-block-column-is-layout-flow\" style=\"flex-basis:66.66%\"><div class=\"breadcrumbs align  wp-block-bcn-breadcrumb-trail has-text-color has-background\" vocab=\"https:\/\/schema.org\/\" typeof=\"BreadcrumbList\">\n\t<span><\/span>\n\t<span property=\"itemListElement\" typeof=\"ListItem\"><a property=\"item\" typeof=\"WebPage\" title=\"Ir a ESMUC.\" href=\"https:\/\/www.esmuc.cat\/es\/\" class=\"home\" ><span property=\"name\">ESMUC<\/span><\/a><meta property=\"position\" content=\"1\"><\/span> &gt; <span property=\"itemListElement\" typeof=\"ListItem\"><a property=\"item\" typeof=\"WebPage\" title=\"Ir a Servicios.\" href=\"https:\/\/www.esmuc.cat\/es\/servicios\/\" class=\"post post-page\" ><span property=\"name\">Servicios<\/span><\/a><meta property=\"position\" content=\"2\"><\/span> &gt; <span property=\"itemListElement\" typeof=\"ListItem\"><a property=\"item\" typeof=\"WebPage\" title=\"Ir a Biblioteca-CRAI de la ESMUC.\" href=\"https:\/\/www.esmuc.cat\/es\/servicios\/biblioteca-crai\/\" class=\"post post-page\" ><span property=\"name\">Biblioteca-CRAI de la ESMUC<\/span><\/a><meta property=\"position\" content=\"3\"><\/span> &gt; <span property=\"itemListElement\" typeof=\"ListItem\"><span property=\"name\" class=\"post post-page current-item\">Normativas Biblioteca-CRAI<\/span><meta property=\"url\" content=\"https:\/\/www.esmuc.cat\/es\/servicios\/biblioteca-crai\/normatives-biblioteca-crai\/\"><meta property=\"position\" content=\"4\"><\/span><\/div>\n\n\n\n<h1 class=\"wp-block-heading\">Normativas<\/h1>\n\n\n\n<div style=\"height:25px\" aria-hidden=\"true\" class=\"wp-block-spacer\"><\/div>\n\n\n\n<p>Las normativas y reglamentos que rigen el acceso a los servicios y el uso de las instalaciones y documentos de la Biblioteca-CRAI han sido aprobadas por el Consejo de Direcci\u00f3n de la ESMUC:<\/p>\n\n\n\n<div style=\"height:19px\" aria-hidden=\"true\" class=\"wp-block-spacer\"><\/div>\n\n\n\n<section id=\"7d8086\" class=\"section-7d8086 gutentor-module gutentor-module-accordion\"><div class=\"grid-container\">\n<div id=\"269b3e\" class=\"wp-block-gutentor-m6-item section-269b3e gutentor-module gutentor-module-accordion-item\"><div class=\"gutentor-module-accordion-panel g-a-panel-7d8086\"><div class=\"gm-ah-7d8086 gutentor-module-accordion-item-heading gutentor-module-icon-position-right\"><span class=\"gutentor-module-accordion-panel-handler\" role=\"button\"><span class=\"gutentor-module-accordion-panel-handler-label\">Carta de derechos y deberes<\/span><span class=\"gutentor-module-accordion-icon\"><i class=\"gm-aio-7d8086 gutentor-module-accordion-icon-open fas fa-plus\"><\/i><i class=\"gm-aic-7d8086 gutentor-module-accordion-icon-close fas fa-minus\"><\/i><\/span><\/span><\/div><div class=\"gm-ab-7d8086 gutentor-module-accordion-body\">\n<div id=\"section-ga5ee98\" class=\"wp-block-gutentor-e0 section-ga5ee98 gutentor-element gutentor-element-advanced-text\"><div class=\"gutentor-text-wrap\"><h4 class=\"gutentor-text\"><strong>Carta de derechos y deberes de los usuarios\/as de la Biblioteca-CRAI de la Escuela Superior de M\u00fasica de Catalu\u00f1a<\/strong><\/h4><\/div><\/div>\n\n\n\n<div id=\"section-g349667\" class=\"wp-block-gutentor-e0 section-g349667 gutentor-element gutentor-element-advanced-text text-align-right-desktop\"><div class=\"gutentor-text-wrap\"><p class=\"gutentor-text\"><sub>*Aprobada por el Consejo de Direcci\u00f3n de la ESMUC en fecha 6 de junio del 2006.<\/sub><\/p><\/div><\/div>\n\n\n\n<div id=\"section-g681df3\" class=\"wp-block-gutentor-e0 section-g681df3 gutentor-element gutentor-element-advanced-text\"><div class=\"gutentor-text-wrap\"><h5 class=\"gutentor-text\">Derechos<\/h5><\/div><\/div>\n\n\n\n<p><strong>1. <\/strong>Disponer de unas instalaciones, equipamientos y recursos de informaci\u00f3n adecuados a las \u00e1reas de conocimiento propias de la Escuela.<\/p>\n\n\n\n<p><strong>2.<\/strong> Obtener informaci\u00f3n independientemente de su localizaci\u00f3n, mediante consulta y pr\u00e9stamo local, y pr\u00e9stamo interbibliotecario.<\/p>\n\n\n\n<p><strong>3. <\/strong>Sugerir la adquisici\u00f3n de nuevos fondos necesarios para el desarrollo de las actividades docentes, de investigaci\u00f3n y estudio.<\/p>\n\n\n\n<p><strong>4. <\/strong>Recibir asesoramiento en la b\u00fasqueda y obtenci\u00f3n de informaci\u00f3n, as\u00ed como formaci\u00f3n en los recursos y servicios que ofrece la Biblioteca.<\/p>\n\n\n\n<p><strong>5. <\/strong>Tener la garant\u00eda de confidencialidad de sus datos personales as\u00ed como de sus necesidades de informaci\u00f3n.<\/p>\n\n\n\n<p><strong>6. <\/strong>Recibir una atenci\u00f3n personalizada, correcta y eficiente por parte del personal de la biblioteca.<\/p>\n\n\n\n<div id=\"section-gd42bb5\" class=\"wp-block-gutentor-e0 section-gd42bb5 gutentor-element gutentor-element-advanced-text\"><div class=\"gutentor-text-wrap\"><h5 class=\"gutentor-text\">Deberes<\/h5><\/div><\/div>\n\n\n\n<p><strong>1.<\/strong> Contribuir a mantener las instalaciones, equipamientos y recursos de informaci\u00f3n disponibles en las mejores condiciones para las actividades propias de la Biblioteca.<\/p>\n\n\n\n<p><strong>2. <\/strong>Por tanto no se pueden introducir alimentos ni bebidas en la Biblioteca, ni estropear ning\u00fan documento o equipamiento.<\/p>\n\n\n\n<p><strong>3.<\/strong> Respetar el orden de la documentaci\u00f3n dejando los documentos utilizados en los carros para facilitar su futura localizaci\u00f3n. Un documento mal colocado es un documento perdido.<\/p>\n\n\n\n<p><strong>4. <\/strong>Ser respetuoso con los usuarios y contribuir a que la Biblioteca pueda cumplir adecuadamente sus funciones, en un ambiente general de silencio, que facilite la concentraci\u00f3n para el estudio, la investigaci\u00f3n, la consulta y lectura de los materiales.<\/p>\n\n\n\n<p><strong>5.<\/strong> Por tanto es necesario tener el tel\u00e9fono m\u00f3vil silenciado y no se pueden responder llamadas dentro de la Biblioteca, as\u00ed como moderar el volumen de los auriculares y evitar producir ruidos que puedan molestar al resto de usuarios.<\/p>\n\n\n\n<p><strong>6. <\/strong>Atenerse a las normativas que regulan los servicios de la Biblioteca y mantener los datos personales actualizados para poder disfrutar de los servicios que as\u00ed lo requieran.<\/p>\n\n\n\n<p><strong>7. <\/strong>Respetar al personal de la Biblioteca y seguir sus indicaciones y sugerencias, as\u00ed como los horarios de apertura establecidos.<\/p>\n\n\n\n<p>El incumplimiento reiterado de estos deberes ser\u00e1 sancionado con la expulsi\u00f3n inmediata del usuario del recinto y con la negaci\u00f3n de acceso a los servicios de la Biblioteca por un per\u00edodo de tiempo a determinar en funci\u00f3n de la gravedad del actuaci\u00f3n.<\/p>\n\n\n\n<p><strong>Addenda (junio 2021):<\/strong><br>Tener una deuda con la Escuela Superior de M\u00fasica de Catalu\u00f1a comporta la exclusi\u00f3n de los servicios proporcionados por la Biblioteca-CRAI.<\/p>\n<\/div><\/div><\/div>\n\n\n\n<div id=\"dfc356\" class=\"wp-block-gutentor-m6-item section-dfc356 gutentor-module gutentor-module-accordion-item\"><div class=\"gutentor-module-accordion-panel g-a-panel-7d8086\"><div class=\"gm-ah-7d8086 gutentor-module-accordion-item-heading gutentor-module-icon-position-right\"><span class=\"gutentor-module-accordion-panel-handler\" role=\"button\"><span class=\"gutentor-module-accordion-panel-handler-label\">Reglamento del servicio de pr\u00e9stamo<\/span><span class=\"gutentor-module-accordion-icon\"><i class=\"gm-aio-7d8086 gutentor-module-accordion-icon-open fas fa-plus\"><\/i><i class=\"gm-aic-7d8086 gutentor-module-accordion-icon-close fas fa-minus\"><\/i><\/span><\/span><\/div><div class=\"gm-ab-7d8086 gutentor-module-accordion-body\">\n<div id=\"section-gaf9352\" class=\"wp-block-gutentor-e0 section-gaf9352 gutentor-element gutentor-element-advanced-text\"><div class=\"gutentor-text-wrap\"><h4 class=\"gutentor-text\">Reglamento del servicio de pr\u00e9stamo de la Biblioteca-CRAI de la ESMUC<\/h4><\/div><\/div>\n\n\n\n<div id=\"section-g62ce9d\" class=\"wp-block-gutentor-e0 section-g62ce9d gutentor-element gutentor-element-advanced-text text-align-right-desktop\"><div class=\"gutentor-text-wrap\"><p class=\"gutentor-text\"><sub>*Aprobado por el Consejo de Direcci\u00f3n de la ESMUC en fecha 15 de diciembre de 2014.<\/sub><\/p><\/div><\/div>\n\n\n\n<div id=\"section-g5df806\" class=\"wp-block-gutentor-e0 section-g5df806 gutentor-element gutentor-element-advanced-text\"><div class=\"gutentor-text-wrap\"><p class=\"gutentor-text\"><strong>Pre\u00e1mbulo<\/strong><br>El objetivo del servicio de pr\u00e9stamo es facilitar la consulta de los fondos de la Biblioteca fuera de su propio local a todas las personas autorizadas.<br><br><strong>1. Definici\u00f3n<\/strong><br>Utilizar el servicio de pr\u00e9stamo significa sacar el documento de la Biblioteca por un tiempo determinado, y hacerse responsable de su conservaci\u00f3n y retorno en el plazo estipulado.<br><br><strong>2. Usuarios\/arias <\/strong><br>Son usuarios del servicio todos los miembros de la Escola Superior de M\u00fasica de Catalunya: alumnado, personal docente e investigador, personal de administraci\u00f3n y servicios (PAS) y Alumni. <br>Pueden utilizar este servicio las personas o instituciones externas autorizadas.<br><br><strong>3. Duraci\u00f3n y condiciones del pr\u00e9stamo <\/strong><br><br><strong>3.1. <\/strong>El servicio de pr\u00e9stamo s\u00f3lo puede ser utilizado por los\/las titulares del carn\u00e9 de la Escuela. En caso de que los usuarios\/arias no dispongan de carn\u00e9 pero re\u00fanan las condiciones mencionadas en el art\u00edculo 2 de este Reglamento, la Biblioteca les facilitar\u00e1 un carn\u00e9 propio para el uso del servicio. Es necesaria la presentaci\u00f3n de este documento siempre que se quiera utilizar el servicio de pr\u00e9stamo. Los carnets de alumnado, profesorado y PAS pierden su validez al finalizar su vinculaci\u00f3n con la Escuela. Los carn\u00e9s de Alumni y personas o instituciones externas mencionadas en el art\u00edculo 2 tienen una validez de 4 a\u00f1os. Por la posesi\u00f3n de este carn\u00e9 deber\u00e1 abonarse el importe estipulado en las tarifas en vigor del servicio de Biblioteca.<br><br><strong>3.2 <\/strong>El personal docente e investigador y el PAS pueden tener hasta un m\u00e1ximo de 10 documentos en pr\u00e9stamo por un plazo de 30 d\u00edas. Este plazo puede ser prorrogable un m\u00e1ximo de 2 veces siempre que ning\u00fan otro usuario haya solicitado los documentos en pr\u00e9stamo y la petici\u00f3n de pr\u00f3rroga se realice dentro del plazo h\u00e1bil del pr\u00e9stamo. <br><br><strong>3.3.<\/strong> El alumnado del t\u00edtulo superior de m\u00fasica de la Escuela, de m\u00e1steres, postgrados y formaci\u00f3n continuada, y los\/las Alumni o personas externas a la Escuela autorizadas a utilizar este servicio pueden pedir en pr\u00e9stamo hasta un m\u00e1ximo de 6 documentos durante 15 d\u00edas, prorrogables en las mismas condiciones citadas en el apartado 3.2. <br><br><strong>3.4. <\/strong>Las instituciones externas pueden tener hasta un m\u00e1ximo de 20 documentos en pr\u00e9stamo durante 30 d\u00edas, prorrogables en las mismas condiciones citadas en el apartado 3.2.<br><br><strong>4. Reservas<\/strong><br>Todos los usuarios pueden hacer reserva de las obras que est\u00e9n en pr\u00e9stamo, de manera que se incorporar\u00e1n a una lista de espera. Se pueden reservar hasta un m\u00e1ximo de 6 obras de forma simult\u00e1nea. Los usuarios\/arias tienen un plazo de 5 d\u00edas para recoger sus reservas; pasado este plazo, la reserva ser\u00e1 anulada.<br><br><strong>5. Documentos objeto de pr\u00e9stamo <\/strong><br>Todo el fondo de la Biblioteca puede ser objeto de pr\u00e9stamo, con excepci\u00f3n de algunos materiales que, por su rareza, utilizaci\u00f3n frecuente, estado de conservaci\u00f3n, etc., pueden ser excluidos de pr\u00e9stamo u objeto de pr\u00e9stamo restringido. Los documentos excluidos de pr\u00e9stamo son los siguientes: <br><br>a)&nbsp;&nbsp;&nbsp;&nbsp;&nbsp;&nbsp; Las obras de referencia (enciclopedias, cat\u00e1logos, diccionarios, etc.). <br>b)&nbsp;&nbsp;&nbsp;&nbsp;&nbsp;LP, VHS, cintas y microformas. <br>c)&nbsp;&nbsp;&nbsp;&nbsp;&nbsp;&nbsp; Documentos antiguos, raros y valiosos. <br>d)&nbsp;&nbsp;&nbsp;&nbsp;&nbsp;&nbsp; Documentos muy consultados, de los que la Biblioteca s\u00f3lo tiene un ejemplar. En caso de tener varias copias, una o varias de ellas quedan excluidas de pr\u00e9stamo para asegurar la posibilidad de consulta en la sala de lectura. <br>e)&nbsp;&nbsp;&nbsp;&nbsp;&nbsp;&nbsp;&nbsp; Documentos modernos agotados y dif\u00edcilmente reemplazables. <br>f)&nbsp;&nbsp;&nbsp;&nbsp;&nbsp;&nbsp;&nbsp;&nbsp; Proyectos de final de carrera. <br>g)&nbsp;&nbsp;&nbsp;&nbsp;&nbsp;&nbsp; El \u00faltimo ejemplar publicado de cada t\u00edtulo de revista. <br>h)&nbsp;&nbsp;&nbsp;&nbsp;&nbsp;&nbsp; Otros documentos que el\/la jefe\/a de la Biblioteca considere que tengan que ser excluidos de pr\u00e9stamo.<br><br><strong>6. Incumplimiento del Reglamento <\/strong><br><br><strong>6.1. <\/strong>El hecho de no devolver los documentos en pr\u00e9stamo en el plazo establecido ser\u00e1 motivo de sanci\u00f3n. <br><br><strong>6.2.<\/strong> Las sanciones se aplicar\u00e1n a partir del primer d\u00eda de retraso. Se acumular\u00e1 un punto de sanci\u00f3n para cada d\u00eda y cada documento que se devuelva con retraso.<br><br>Cuando un\/a usuario\/a inscrito dentro del grupo de personal docente e investigador o de PAS acumule 30 puntos de bloqueo, no podr\u00e1 llevarse documentos en pr\u00e9stamo durante 15 d\u00edas. <br><br>Cuando un\/a usuario\/a inscrito dentro del grupo de alumnado del t\u00edtulo superior de m\u00fasica de la Escuela, de m\u00e1steres, postgrados y formaci\u00f3n continuada, de Alumni o de personas externas a la Escuela autorizadas a utilizar este servicio acumule 18 puntos de bloqueo, no podr\u00e1 llevarse documentos en pr\u00e9stamo durante 15 d\u00edas. <br><br>Cuando un\/a usuario\/a inscrito dentro del grupo de instituciones externas acumule 60 puntos de bloqueo, no podr\u00e1 llevarse documentos en pr\u00e9stamo durante 15 d\u00edas. Si se acumulan m\u00e1s puntos que el l\u00edmite de bloqueo, estos puntos sobrantes se utilizar\u00e1n en la siguiente sanci\u00f3n.<br><br><strong>6.3.<\/strong>&nbsp;La acumulaci\u00f3n de 6 semanas de retraso comportar\u00e1 la suspensi\u00f3n del derecho a los servicios de pr\u00e9stamo de la Biblioteca, Parque de Instrumentos y Servicio de Audiovisuales, y al servicio de reserva de aulas hasta la regularizaci\u00f3n de la situaci\u00f3n con la Biblioteca. Una vez devueltos los documentos a la Biblioteca, el usuario\/a podr\u00e1 disfrutar de nuevo de los servicios de la Escuela, pero le ser\u00e1 aplicada la correspondiente suspensi\u00f3n del derecho al servicio de pr\u00e9stamo de la Biblioteca tal y como se estipula en el punto 6.2 de este reglamento.<br><br><strong>6.4.<\/strong>&nbsp;Se realizar\u00e1n un m\u00e1ximo de tres reclamaciones por correo electr\u00f3nico seg\u00fan los datos personales de los que dispone la Biblioteca. Es responsabilidad del usuario mantenerlas actualizadas. El usuario que acumule 5 semanas de retraso en el retorno de un documento recibir\u00e1 una carta comunicando la situaci\u00f3n y las sanciones a aplicar si no se devuelve el documento en el plazo de una semana.<br><br><strong>6.5.<\/strong>&nbsp;En caso de p\u00e9rdida, el usuario\/a deber\u00e1 restituir la obra prestada por un ejemplar de la misma edici\u00f3n, o, en caso de una obra agotada, de un ejemplar de caracter\u00edsticas similares propuesto por el\/la jefe\/a de la Biblioteca. Esta misma sanci\u00f3n ser\u00e1 tambi\u00e9n aplicada en caso de deterioro de la obra prestada por parte del usuario\/a. El usuario\/a no podr\u00e1 volver a utilizar los servicios de pr\u00e9stamo de la Biblioteca, Parque de Instrumentos y Servicio de Audiovisuales, ni el servicio de reserva de aulas hasta el cumplimiento satisfactorio de la sanci\u00f3n.<br><br><strong>6.6.&nbsp;<\/strong>Todo el reglamento afectar\u00e1 por igual al alumnado, personal docente e investigador y PAS de la Escuela. Las sanciones a Alumni y personas o instituciones externas autorizadas a utilizar el servicio de pr\u00e9stamo de la Escuela se regir\u00e1n por los puntos 6.1, 6.2, 6.3, 6.4, 6.5 y 6.6 de este Reglamento. El hecho de no devolver un documento en el plazo m\u00e1ximo de 6 semanas comportar\u00e1 la p\u00e9rdida definitiva del carn\u00e9 de usuario de la Biblioteca, y, en consecuencia, la anulaci\u00f3n permanente del acceso a todos los servicios que la posesi\u00f3n de este carn\u00e9 da derecho. Esta p\u00e9rdida impedir\u00e1 al usuario, permanente e irrebatible, volver a pedir el carn\u00e9 de usuario y acceder al servicio de pr\u00e9stamo. Las sanciones al alumnado que ya se han graduado se regir\u00e1n por los puntos 6.1, 6.2, 6.3, 6.4, 6.5 y 6.6 de este reglamento. El hecho de no devolver un documento en el plazo m\u00e1ximo de 6 semanas comportar\u00e1 la imposibilidad de acceder a los servicios que ofrece a Alumni Esmuc, hasta que no se devuelvan los documentos objeto de pr\u00e9stamo.<br><br><strong>7. Cl\u00e1usula final <\/strong><br>Corresponde al jefe de la Biblioteca velar por el cumplimiento de este Reglamento y tomar las medidas adecuadas para el buen funcionamiento del servicio. <br><br>Tener una deuda con la Escola Superior de M\u00fasica de Catalunya comporta la exclusi\u00f3n de cualquier beneficio econ\u00f3mico (becas, ayudas\u2026), de evaluaci\u00f3n de las asignaturas cursadas y en \u00faltimo t\u00e9rmino de servicios de la Escuela (Biblioteca-CRAI, Parque de instrumentos\u2026).<br><br><\/p><\/div><\/div>\n<\/div><\/div><\/div>\n<\/div><\/section>\n\n\n\n<div class=\"wp-block-group\"><div class=\"wp-block-group__inner-container is-layout-flow wp-block-group-is-layout-flow\"><\/div><\/div>\n<\/div>\n<\/div>\n","protected":false},"excerpt":{"rendered":"<p>. Normativas Las normativas y reglamentos que rigen el acceso a los servicios y el uso de las instalaciones y documentos de la Biblioteca-CRAI han sido aprobadas por el Consejo de Direcci\u00f3n de la ESMUC:<\/p>\n","protected":false},"author":5,"featured_media":0,"parent":39482,"menu_order":0,"comment_status":"closed","ping_status":"closed","template":"","meta":{"_acf_changed":false,"_themeisle_gutenberg_block_has_review":false,"footnotes":""},"categories":[1316],"tags":[],"class_list":["post-39485","page","type-page","status-publish","hentry","category-biblioteca-crai-es"],"acf":[],"publishpress_future_action":{"enabled":false,"date":"2026-05-04 08:59:21","action":"change-status","newStatus":"draft","terms":[],"taxonomy":"category","extraData":[]},"publishpress_future_workflow_manual_trigger":{"enabledWorkflows":[]},"_links":{"self":[{"href":"https:\/\/www.esmuc.cat\/es\/wp-json\/wp\/v2\/pages\/39485","targetHints":{"allow":["GET"]}}],"collection":[{"href":"https:\/\/www.esmuc.cat\/es\/wp-json\/wp\/v2\/pages"}],"about":[{"href":"https:\/\/www.esmuc.cat\/es\/wp-json\/wp\/v2\/types\/page"}],"author":[{"embeddable":true,"href":"https:\/\/www.esmuc.cat\/es\/wp-json\/wp\/v2\/users\/5"}],"replies":[{"embeddable":true,"href":"https:\/\/www.esmuc.cat\/es\/wp-json\/wp\/v2\/comments?post=39485"}],"version-history":[{"count":6,"href":"https:\/\/www.esmuc.cat\/es\/wp-json\/wp\/v2\/pages\/39485\/revisions"}],"predecessor-version":[{"id":61086,"href":"https:\/\/www.esmuc.cat\/es\/wp-json\/wp\/v2\/pages\/39485\/revisions\/61086"}],"up":[{"embeddable":true,"href":"https:\/\/www.esmuc.cat\/es\/wp-json\/wp\/v2\/pages\/39482"}],"wp:attachment":[{"href":"https:\/\/www.esmuc.cat\/es\/wp-json\/wp\/v2\/media?parent=39485"}],"wp:term":[{"taxonomy":"category","embeddable":true,"href":"https:\/\/www.esmuc.cat\/es\/wp-json\/wp\/v2\/categories?post=39485"},{"taxonomy":"post_tag","embeddable":true,"href":"https:\/\/www.esmuc.cat\/es\/wp-json\/wp\/v2\/tags?post=39485"}],"curies":[{"name":"wp","href":"https:\/\/api.w.org\/{rel}","templated":true}]}}