{"id":39329,"date":"2021-07-16T13:28:26","date_gmt":"2021-07-16T11:28:26","guid":{"rendered":"https:\/\/www.esmuc.cat\/serveis-a-estudiants\/reprografia-i-impressio-manuals-dimpressio\/"},"modified":"2026-01-12T09:34:38","modified_gmt":"2026-01-12T08:34:38","slug":"reprografia-i-impressio-manuals-dimpressio","status":"publish","type":"page","link":"https:\/\/www.esmuc.cat\/es\/serveis-a-estudiants\/reprografia-i-impressio-manuals-dimpressio\/","title":{"rendered":"Reprograf\u00eda e impresi\u00f3n &#8211; Manuales de impresi\u00f3n"},"content":{"rendered":"\n<div class=\"wp-block-columns is-layout-flex wp-container-core-columns-is-layout-9d6595d7 wp-block-columns-is-layout-flex\">\n<div class=\"wp-block-column esmuc__Menu_Masters is-layout-flow wp-block-column-is-layout-flow\" style=\"flex-basis:33.33%\">\n\n\n\n\n<p><\/p>\n<\/div>\n\n\n\n<div class=\"wp-block-column is-layout-flow wp-block-column-is-layout-flow\" style=\"flex-basis:66.66%\"><div class=\"breadcrumbs align  wp-block-bcn-breadcrumb-trail has-text-color has-background\" vocab=\"https:\/\/schema.org\/\" typeof=\"BreadcrumbList\">\n\t<span><\/span>\n\t<span property=\"itemListElement\" typeof=\"ListItem\"><a property=\"item\" typeof=\"WebPage\" title=\"Ir a ESMUC.\" href=\"https:\/\/www.esmuc.cat\/es\/\" class=\"home\" ><span property=\"name\">ESMUC<\/span><\/a><meta property=\"position\" content=\"1\"><\/span> &gt; <span property=\"itemListElement\" typeof=\"ListItem\"><a property=\"item\" typeof=\"WebPage\" title=\"Ir a Servicios a estudiantes.\" href=\"https:\/\/www.esmuc.cat\/es\/serveis-a-estudiants\/\" class=\"post post-page\" ><span property=\"name\">Servicios a estudiantes<\/span><\/a><meta property=\"position\" content=\"2\"><\/span> &gt; <span property=\"itemListElement\" typeof=\"ListItem\"><span property=\"name\" class=\"post post-page current-item\">Reprograf\u00eda e impresi\u00f3n &#8211; Manuales de impresi\u00f3n<\/span><meta property=\"url\" content=\"https:\/\/www.esmuc.cat\/es\/serveis-a-estudiants\/reprografia-i-impressio-manuals-dimpressio\/\"><meta property=\"position\" content=\"3\"><\/span><\/div>\n\n\n\n<h1 class=\"wp-block-heading\">Manuales de impresi\u00f3n<\/h1>\n\n\n\n<div id=\"section-g16f27d\" class=\"wp-block-gutentor-e7 section-g16f27d gutentor-element gutentor-element-list\"><ul class=\"grid-row gutentor-grid-item-wrap list-indicator-icon\"><li class=\"gutentor-list-item grid-lg-12 grid-md-12 grid-12\"><span class=\"gutentor-single-item gutentor-single-item-0\"><span class=\"gutentor-list-item-wrap g-s-list-wrap\"><span class=\"gutentor-single-list-item-icon\"><i class=\"list-item-icon fas fa-angle-right\"><\/i><\/span><span class=\"gutentor-list-item\"><p class=\"gutentor-single-item-title\"><a href=\"https:\/\/www.esmuc.cat\/wp-content\/uploads\/2026\/01\/Manual-dus-SEMIC-Econocom-ESMUC-OK-003-1-1.pptx\">Manuales de uso de los dispositivos de reprograf\u00eda e impresi\u00f3n<\/a><\/p><\/span><\/span><\/span><\/li><\/ul><\/div>\n\n\n\n<section id=\"ed4681\" class=\"section-ed4681 gutentor-module gutentor-module-tabs gutentor-tabs-layout-horizontal gutentor-tabs-pos-top\"><div class=\"grid-container gutentor-rm-ct-space-d\"><div class=\"gutentor-module-tabs-wrap gutentor-tabs-style-outline\" data-id=\"ed4681\"><div class=\"gutentor-module-tabs-nav text-align-left-desktop\"><span class=\"gutentor-module-tabs-item gm-tt-ed4681 gutentor-tabs-nav-active\"><span class=\"gutentor-module-tabs-title\">V\u00eda correo electr\u00f3nico<\/span><\/span><span class=\"gutentor-module-tabs-item gm-tt-ed4681\"><span class=\"gutentor-module-tabs-title\">V\u00eda escritorio PC<\/span><\/span><\/div><div class=\"gutentor-module-tabs-body\">\n<div class=\"wp-block-gutentor-m7-tab gutentor-module-tabs-content gm-tc-ed4681 gutentor-tabs-content-active\">\n<h3 class=\"wp-block-heading\">Instrucciones para imprimir desde el correo de la ESMUC<\/h3>\n\n\n\n<div id=\"section-g3e842b\" class=\"wp-block-gutentor-e0 section-g3e842b gutentor-element gutentor-element-advanced-text\"><div class=\"gutentor-text-wrap\"><p class=\"gutentor-text\"><strong>1 &#8211; <\/strong>Ir a la p\u00e1gina web <a href=\"http:\/\/mail.esmuc.cat\" target=\"_blank\" rel=\"noreferrer noopener\">http:\/\/mail.esmuc.cat<\/a><\/p><\/div><\/div>\n\n\n\n<div id=\"section-g5c702b\" class=\"wp-block-gutentor-e0 section-g5c702b gutentor-element gutentor-element-advanced-text\"><div class=\"gutentor-text-wrap\"><p class=\"gutentor-text\"><strong><strong>2 &#8211; <\/strong><\/strong>Introducir las credenciales de acceso al correo electr\u00f3nico. S\u00f3lo se puede imprimir desde una direcci\u00f3n de correo electr\u00f3nico de la ESMUC (no funciona desde Gmail, Hotmail, etc.)<\/p><\/div><\/div>\n\n\n<div class=\"wp-block-image\">\n<figure class=\"aligncenter size-large\"><img decoding=\"async\" width=\"554\" height=\"473\" src=\"http:\/\/www.esmuc.cat\/wp-content\/uploads\/2021\/07\/Impressio-per-correu1.png\" alt=\"\" class=\"wp-image-15511\" \/><\/figure>\n<\/div>\n\n\n<div id=\"section-g9865f3\" class=\"wp-block-gutentor-e0 section-g9865f3 gutentor-element gutentor-element-advanced-text\"><div class=\"gutentor-text-wrap\"><p class=\"gutentor-text\"><strong>3 &#8211; <\/strong>Escribir un nuevo correo a imprimir@esmuc.cat con el adjunto que se desee imprimir. Solo se aceptan pdf. Los trabajos se imprimir\u00e1n a doble cara.<\/p><\/div><\/div>\n\n\n<div class=\"wp-block-image\">\n<figure class=\"aligncenter size-large\"><img decoding=\"async\" width=\"600\" height=\"137\" src=\"http:\/\/www.esmuc.cat\/wp-content\/uploads\/2021\/07\/Impressio-per-correu2.png\" alt=\"\" class=\"wp-image-15514\" \/><\/figure>\n<\/div>\n\n\n<div id=\"section-g0140e1\" class=\"wp-block-gutentor-e0 section-g0140e1 gutentor-element gutentor-element-advanced-text\"><div class=\"gutentor-text-wrap\"><p class=\"gutentor-text\"><strong>4 &#8211; <\/strong>Enviar el correo y recoger el documento en la impresora<\/p><\/div><\/div>\n\n\n\n<div id=\"section-gb0ba38\" class=\"wp-block-gutentor-e0 section-gb0ba38 gutentor-element gutentor-element-advanced-text\"><div class=\"gutentor-text-wrap\"><p class=\"gutentor-text\">Resoluci\u00f3n de problemas: si no se encuentra el documento en la impresora, debe comprobar que se ha enviado el correo desde la cuenta de correo ESMUC. Si se env\u00eda desde la cuenta de correo personal (Gmail, Hotmail, etc.) no funciona.<\/p><\/div><\/div>\n<\/div>\n\n\n\n<div class=\"wp-block-gutentor-m7-tab gutentor-module-tabs-content gm-tc-ed4681\">\n<h3 class=\"wp-block-heading\"><strong>Instrucciones para imprimir v\u00eda escritorio de ordenador<\/strong><\/h3>\n\n\n\n<div style=\"height:10px\" aria-hidden=\"true\" class=\"wp-block-spacer\"><\/div>\n\n\n\n<div id=\"section-gb69a5d\" class=\"wp-block-gutentor-e0 section-gb69a5d gutentor-element gutentor-element-advanced-text\"><div class=\"gutentor-text-wrap\"><p class=\"gutentor-text\">La impresi\u00f3n se puede realizar desde cualquier ordenador de la red de la ESMUC, seleccionando la impresora \u00abESMUC_printer\u00bb. Esta opci\u00f3n permite seleccionar caracter\u00edsticas de impresi\u00f3n.<\/p><\/div><\/div>\n<\/div>\n<\/div><\/div><\/div><\/section>\n<\/div>\n<\/div>\n","protected":false},"excerpt":{"rendered":"<p>Manuales de impresi\u00f3n<\/p>\n","protected":false},"author":4,"featured_media":0,"parent":39308,"menu_order":0,"comment_status":"closed","ping_status":"closed","template":"","meta":{"_acf_changed":false,"_themeisle_gutenberg_block_has_review":false,"footnotes":""},"categories":[1315],"tags":[],"class_list":["post-39329","page","type-page","status-publish","hentry","category-altres-serveis-es"],"acf":[],"publishpress_future_action":{"enabled":false,"date":"2026-04-15 16:18:01","action":"change-status","newStatus":"draft","terms":[],"taxonomy":"category","extraData":[]},"publishpress_future_workflow_manual_trigger":{"enabledWorkflows":[]},"_links":{"self":[{"href":"https:\/\/www.esmuc.cat\/es\/wp-json\/wp\/v2\/pages\/39329","targetHints":{"allow":["GET"]}}],"collection":[{"href":"https:\/\/www.esmuc.cat\/es\/wp-json\/wp\/v2\/pages"}],"about":[{"href":"https:\/\/www.esmuc.cat\/es\/wp-json\/wp\/v2\/types\/page"}],"author":[{"embeddable":true,"href":"https:\/\/www.esmuc.cat\/es\/wp-json\/wp\/v2\/users\/4"}],"replies":[{"embeddable":true,"href":"https:\/\/www.esmuc.cat\/es\/wp-json\/wp\/v2\/comments?post=39329"}],"version-history":[{"count":9,"href":"https:\/\/www.esmuc.cat\/es\/wp-json\/wp\/v2\/pages\/39329\/revisions"}],"predecessor-version":[{"id":115261,"href":"https:\/\/www.esmuc.cat\/es\/wp-json\/wp\/v2\/pages\/39329\/revisions\/115261"}],"up":[{"embeddable":true,"href":"https:\/\/www.esmuc.cat\/es\/wp-json\/wp\/v2\/pages\/39308"}],"wp:attachment":[{"href":"https:\/\/www.esmuc.cat\/es\/wp-json\/wp\/v2\/media?parent=39329"}],"wp:term":[{"taxonomy":"category","embeddable":true,"href":"https:\/\/www.esmuc.cat\/es\/wp-json\/wp\/v2\/categories?post=39329"},{"taxonomy":"post_tag","embeddable":true,"href":"https:\/\/www.esmuc.cat\/es\/wp-json\/wp\/v2\/tags?post=39329"}],"curies":[{"name":"wp","href":"https:\/\/api.w.org\/{rel}","templated":true}]}}