{"id":39308,"date":"2021-07-16T12:56:29","date_gmt":"2021-07-16T10:56:29","guid":{"rendered":"https:\/\/www.esmuc.cat\/serveis-a-estudiants\/"},"modified":"2023-03-23T17:41:34","modified_gmt":"2023-03-23T16:41:34","slug":"serveis-a-estudiants","status":"publish","type":"page","link":"https:\/\/www.esmuc.cat\/es\/serveis-a-estudiants\/","title":{"rendered":"Servicios a estudiantes"},"content":{"rendered":"\n<div class=\"wp-block-columns is-layout-flex wp-container-core-columns-is-layout-9d6595d7 wp-block-columns-is-layout-flex\">\n<div class=\"wp-block-column esmuc__Menu_Masters is-layout-flow wp-block-column-is-layout-flow\" style=\"flex-basis:33.33%\">\n\n\n\n\n<p><\/p>\n<\/div>\n\n\n\n<div class=\"wp-block-column is-layout-flow wp-block-column-is-layout-flow\" style=\"flex-basis:66.66%\"><div class=\"breadcrumbs align  wp-block-bcn-breadcrumb-trail has-text-color has-background\" vocab=\"https:\/\/schema.org\/\" typeof=\"BreadcrumbList\">\n\t<span><\/span>\n\t<span property=\"itemListElement\" typeof=\"ListItem\"><a property=\"item\" typeof=\"WebPage\" title=\"Ir a ESMUC.\" href=\"https:\/\/www.esmuc.cat\/es\/\" class=\"home\" ><span property=\"name\">ESMUC<\/span><\/a><meta property=\"position\" content=\"1\"><\/span> &gt; <span property=\"itemListElement\" typeof=\"ListItem\"><span property=\"name\" class=\"post post-page current-item\">Servicios a estudiantes<\/span><meta property=\"url\" content=\"https:\/\/www.esmuc.cat\/es\/serveis-a-estudiants\/\"><meta property=\"position\" content=\"2\"><\/span><\/div>\n\n\n\n<h1 class=\"wp-block-heading\">Servicios a estudiantes<\/h1>\n\n\n\n<section id=\"7d37bd\" class=\"section-7d37bd gutentor-module gutentor-module-accordion\"><div class=\"grid-container\">\n<div id=\"452631\" class=\"wp-block-gutentor-m6-item section-452631 gutentor-module gutentor-module-accordion-item\"><div class=\"gutentor-module-accordion-panel g-a-panel-7d37bd\"><div class=\"gm-ah-7d37bd gutentor-module-accordion-item-heading gutentor-module-icon-position-right\"><span class=\"gutentor-module-accordion-panel-handler\" role=\"button\"><span class=\"gutentor-module-accordion-panel-handler-label\">Equipos de reprograf\u00eda e impresi\u00f3n<\/span><span class=\"gutentor-module-accordion-icon\"><i class=\"gm-aio-7d37bd gutentor-module-accordion-icon-open fas fa-plus\"><\/i><i class=\"gm-aic-7d37bd gutentor-module-accordion-icon-close fas fa-minus\"><\/i><\/span><\/span><\/div><div class=\"gm-ab-7d37bd gutentor-module-accordion-body\">\n<div id=\"section-g6ed6cc\" class=\"wp-block-gutentor-e0 section-g6ed6cc gutentor-element gutentor-element-advanced-text\"><div class=\"gutentor-text-wrap\"><p class=\"gutentor-text\">La Escuela dispone de 6 equipos de copiadoras multifuncionales de gran capacidad:<\/p><\/div><\/div>\n\n\n\n<div id=\"section-gb6db55\" class=\"wp-block-gutentor-e7 section-gb6db55 gutentor-element gutentor-element-list\"><ul class=\"grid-row gutentor-grid-item-wrap list-indicator-icon\"><li class=\"gutentor-list-item grid-lg-12 grid-md-12 grid-12\"><span class=\"gutentor-single-item gutentor-single-item-0\"><span class=\"gutentor-list-item-wrap g-s-list-wrap\"><span class=\"gutentor-single-list-item-icon\"><i class=\"list-item-icon fas fa-angle-right\"><\/i><\/span><span class=\"gutentor-list-item\"><p class=\"gutentor-single-item-title\">4 equipos situados en la Biblioteca (2\u00aa planta), en la 3\u00aa planta y en los pasillos de la 2\u00aa planta. Para uso de estudiantes, profesorado y PAS.<\/p><\/span><\/span><\/span><\/li><li class=\"gutentor-list-item grid-lg-12 grid-md-12 grid-12\"><span class=\"gutentor-single-item gutentor-single-item-1\"><span class=\"gutentor-list-item-wrap g-s-list-wrap\"><span class=\"gutentor-single-list-item-icon\"><i class=\"list-item-icon fas fa-angle-right\"><\/i><\/span><span class=\"gutentor-list-item\"><p class=\"gutentor-single-item-title\">1 equipo multifunci\u00f3n situado en la Secretar\u00eda acad\u00e9mica (1a planta). Para uso del PAS.<\/p><\/span><\/span><\/span><\/li><li class=\"gutentor-list-item grid-lg-12 grid-md-12 grid-12\"><span class=\"gutentor-single-item gutentor-single-item-2\"><span class=\"gutentor-list-item-wrap g-s-list-wrap\"><span class=\"gutentor-single-list-item-icon\"><i class=\"list-item-icon fas fa-angle-right\"><\/i><\/span><span class=\"gutentor-list-item\"><p class=\"gutentor-single-item-title\">1 equipo en el servicio de Reprograf\u00eda (1\u00aa planta). Para uso del PAS.<\/p><\/span><\/span><\/span><\/li><\/ul><\/div>\n\n\n\n<div id=\"section-g37e9c1\" class=\"wp-block-gutentor-e0 section-g37e9c1 gutentor-element gutentor-element-advanced-text\"><div class=\"gutentor-text-wrap\"><p class=\"gutentor-text\">Los equipos se activan con el carn\u00e9 de la ESMUC.<\/p><\/div><\/div>\n\n\n\n<div id=\"section-gec62ca\" class=\"wp-block-gutentor-e7 section-gec62ca gutentor-element gutentor-element-list\"><ul class=\"grid-row gutentor-grid-item-wrap list-indicator-icon\"><li class=\"gutentor-list-item grid-lg-12 grid-md-12 grid-12\"><span class=\"gutentor-single-item gutentor-single-item-0\"><span class=\"gutentor-list-item-wrap g-s-list-wrap\"><span class=\"gutentor-single-list-item-icon\"><i class=\"list-item-icon fas fa-angle-right\"><\/i><\/span><span class=\"gutentor-list-item\"><p class=\"gutentor-single-item-title\"><a href=\"https:\/\/www.esmuc.cat\/es\/serveis-a-estudiants\/reprografia-i-impressio-recarrega-en-linia\/\">Recarga online<\/a><\/p><\/span><\/span><\/span><\/li><li class=\"gutentor-list-item grid-lg-12 grid-md-12 grid-12\"><span class=\"gutentor-single-item gutentor-single-item-1\"><span class=\"gutentor-list-item-wrap g-s-list-wrap\"><span class=\"gutentor-single-list-item-icon\"><i class=\"list-item-icon fas fa-angle-right\"><\/i><\/span><span class=\"gutentor-list-item\"><p class=\"gutentor-single-item-title\"><a href=\"https:\/\/www.esmuc.cat\/es\/serveis-a-estudiants\/reprografia-i-impressio-manuals-dimpressio\/\">Manuales de impresi\u00f3n<\/a><\/p><\/span><\/span><\/span><\/li><li class=\"gutentor-list-item grid-lg-12 grid-md-12 grid-12\"><span class=\"gutentor-single-item gutentor-single-item-2\"><span class=\"gutentor-list-item-wrap g-s-list-wrap\"><span class=\"gutentor-single-list-item-icon\"><i class=\"list-item-icon fas fa-angle-right\"><\/i><\/span><span class=\"gutentor-list-item\"><p class=\"gutentor-single-item-title\"><a href=\"https:\/\/www.esmuc.cat\/es\/portal-de-transparencia\/preus-publics\/taxes-i-preus-de-serveis-reprografia-i-impressio\/\">Tarifas de reprograf\u00eda e impresi\u00f3n<\/a><\/p><\/span><\/span><\/span><\/li><\/ul><\/div>\n<\/div><\/div><\/div>\n\n\n\n<div id=\"101b52\" class=\"wp-block-gutentor-m6-item section-101b52 gutentor-module gutentor-module-accordion-item\"><div class=\"gutentor-module-accordion-panel g-a-panel-7d37bd\"><div class=\"gm-ah-7d37bd gutentor-module-accordion-item-heading gutentor-module-icon-position-right\"><span class=\"gutentor-module-accordion-panel-handler\" role=\"button\"><span class=\"gutentor-module-accordion-panel-handler-label\">Espacios de estudio<\/span><span class=\"gutentor-module-accordion-icon\"><i class=\"gm-aio-7d37bd gutentor-module-accordion-icon-open fas fa-plus\"><\/i><i class=\"gm-aic-7d37bd gutentor-module-accordion-icon-close fas fa-minus\"><\/i><\/span><\/span><\/div><div class=\"gm-ab-7d37bd gutentor-module-accordion-body\">\n<div id=\"section-g26676a\" class=\"wp-block-gutentor-e0 section-g26676a gutentor-element gutentor-element-advanced-text\"><div class=\"gutentor-text-wrap\"><p class=\"gutentor-text\">Para facilitar el estudio, la Escuela est\u00e1 abierta diariamente, incluidos los fines de semana y festivos, excepto los per\u00edodos de cierre de verano, Semana Santa y Navidad indicados en el calendario acad\u00e9mico.<\/p><\/div><\/div>\n\n\n\n<div id=\"section-ge2a9e7\" class=\"wp-block-gutentor-e0 section-ge2a9e7 gutentor-element gutentor-element-advanced-text\"><div class=\"gutentor-text-wrap\"><p class=\"gutentor-text\">Todas las aulas (salvo las de uso restringido) pueden ser utilizadas por el estudio individual o por el ensayo de conjuntos en aquellos horarios en los que no son utilizadas para impartir clases. El uso de ciertas aulas est\u00e1 restringido a miembros de la comunidad escolar espec\u00edficamente autorizados.<\/p><\/div><\/div>\n\n\n\n<div id=\"section-g875a59\" class=\"wp-block-gutentor-e0 section-g875a59 gutentor-element gutentor-element-advanced-text\"><div class=\"gutentor-text-wrap\"><p class=\"gutentor-text\">Para acceder al centro y utilizar las instalaciones y equipamientos es necesario el carn\u00e9 de la escuela.<\/p><\/div><\/div>\n<\/div><\/div><\/div>\n\n\n\n<div id=\"f5cb03\" class=\"wp-block-gutentor-m6-item section-f5cb03 gutentor-module gutentor-module-accordion-item\"><div class=\"gutentor-module-accordion-panel g-a-panel-7d37bd\"><div class=\"gm-ah-7d37bd gutentor-module-accordion-item-heading gutentor-module-icon-position-right\"><span class=\"gutentor-module-accordion-panel-handler\" role=\"button\"><span class=\"gutentor-module-accordion-panel-handler-label\">Taquillas para instrumentos<\/span><span class=\"gutentor-module-accordion-icon\"><i class=\"gm-aio-7d37bd gutentor-module-accordion-icon-open fas fa-plus\"><\/i><i class=\"gm-aic-7d37bd gutentor-module-accordion-icon-close fas fa-minus\"><\/i><\/span><\/span><\/div><div class=\"gm-ab-7d37bd gutentor-module-accordion-body\">\n<div id=\"section-g013269\" class=\"wp-block-gutentor-e0 section-g013269 gutentor-element gutentor-element-advanced-text\"><div class=\"gutentor-text-wrap\"><p class=\"gutentor-text\">El alumnado que lo requiera puede disponer de una taquilla para instrumentos de gran volumen o elevado peso, siempre que haya disponibilidad. Las taquillas est\u00e1n distribuidas por los vest\u00edbulos y pasillos del centro, y se ceden durante un curso renovable.<\/p><\/div><\/div>\n\n\n\n<div id=\"section-g97f6e5\" class=\"wp-block-gutentor-e0 section-g97f6e5 gutentor-element gutentor-element-advanced-text\"><div class=\"gutentor-text-wrap\"><p class=\"gutentor-text\">En la intranet encontrar\u00e9is informaci\u00f3n sobre el procedimiento y normas de uso de las taquillas, as\u00ed como para solicitar el alta, renovaci\u00f3n o la baja del servicio.<br><\/p><\/div><\/div>\n<\/div><\/div><\/div>\n<\/div><\/section>\n<\/div>\n<\/div>\n","protected":false},"excerpt":{"rendered":"<p>Servicios a estudiantes<\/p>\n","protected":false},"author":4,"featured_media":0,"parent":0,"menu_order":0,"comment_status":"closed","ping_status":"closed","template":"","meta":{"_acf_changed":false,"_themeisle_gutenberg_block_has_review":false,"footnotes":""},"categories":[1315],"tags":[],"class_list":["post-39308","page","type-page","status-publish","hentry","category-altres-serveis-es"],"acf":[],"publishpress_future_action":{"enabled":false,"date":"2026-04-30 18:37:53","action":"change-status","newStatus":"draft","terms":[],"taxonomy":"category","extraData":[]},"publishpress_future_workflow_manual_trigger":{"enabledWorkflows":[]},"_links":{"self":[{"href":"https:\/\/www.esmuc.cat\/es\/wp-json\/wp\/v2\/pages\/39308","targetHints":{"allow":["GET"]}}],"collection":[{"href":"https:\/\/www.esmuc.cat\/es\/wp-json\/wp\/v2\/pages"}],"about":[{"href":"https:\/\/www.esmuc.cat\/es\/wp-json\/wp\/v2\/types\/page"}],"author":[{"embeddable":true,"href":"https:\/\/www.esmuc.cat\/es\/wp-json\/wp\/v2\/users\/4"}],"replies":[{"embeddable":true,"href":"https:\/\/www.esmuc.cat\/es\/wp-json\/wp\/v2\/comments?post=39308"}],"version-history":[{"count":4,"href":"https:\/\/www.esmuc.cat\/es\/wp-json\/wp\/v2\/pages\/39308\/revisions"}],"predecessor-version":[{"id":77246,"href":"https:\/\/www.esmuc.cat\/es\/wp-json\/wp\/v2\/pages\/39308\/revisions\/77246"}],"wp:attachment":[{"href":"https:\/\/www.esmuc.cat\/es\/wp-json\/wp\/v2\/media?parent=39308"}],"wp:term":[{"taxonomy":"category","embeddable":true,"href":"https:\/\/www.esmuc.cat\/es\/wp-json\/wp\/v2\/categories?post=39308"},{"taxonomy":"post_tag","embeddable":true,"href":"https:\/\/www.esmuc.cat\/es\/wp-json\/wp\/v2\/tags?post=39308"}],"curies":[{"name":"wp","href":"https:\/\/api.w.org\/{rel}","templated":true}]}}