{"id":39271,"date":"2021-05-26T10:51:07","date_gmt":"2021-05-26T08:51:07","guid":{"rendered":"https:\/\/www.esmuc.cat\/manteniment-i-conservacio\/manteniment-preventiu\/"},"modified":"2023-03-23T17:30:36","modified_gmt":"2023-03-23T16:30:36","slug":"manteniment-preventiu","status":"publish","type":"page","link":"https:\/\/www.esmuc.cat\/es\/servicios\/parque-instrumentos\/conservacion\/manteniment-preventiu\/","title":{"rendered":"Mantenimiento preventivo"},"content":{"rendered":"\n<div class=\"wp-block-columns is-layout-flex wp-container-core-columns-is-layout-9d6595d7 wp-block-columns-is-layout-flex\">\n<div class=\"wp-block-column esmuc__Menu_Masters d-none d-lg-block is-layout-flow wp-block-column-is-layout-flow\" style=\"flex-basis:33.33%\">\n\n<\/div>\n\n\n\n<div class=\"wp-block-column is-layout-flow wp-block-column-is-layout-flow\" style=\"flex-basis:66.66%\"><div class=\"breadcrumbs align  wp-block-bcn-breadcrumb-trail has-text-color has-background\" vocab=\"https:\/\/schema.org\/\" typeof=\"BreadcrumbList\">\n\t<span><\/span>\n\t<span property=\"itemListElement\" typeof=\"ListItem\"><a property=\"item\" typeof=\"WebPage\" title=\"Ir a ESMUC.\" href=\"https:\/\/www.esmuc.cat\/es\/\" class=\"home\" ><span property=\"name\">ESMUC<\/span><\/a><meta property=\"position\" content=\"1\"><\/span> &gt; <span property=\"itemListElement\" typeof=\"ListItem\"><a property=\"item\" typeof=\"WebPage\" title=\"Ir a Servicios.\" href=\"https:\/\/www.esmuc.cat\/es\/servicios\/\" class=\"post post-page\" ><span property=\"name\">Servicios<\/span><\/a><meta property=\"position\" content=\"2\"><\/span> &gt; <span property=\"itemListElement\" typeof=\"ListItem\"><a property=\"item\" typeof=\"WebPage\" title=\"Ir a Parque de instrumentos.\" href=\"https:\/\/www.esmuc.cat\/es\/servicios\/parque-instrumentos\/\" class=\"post post-page\" ><span property=\"name\">Parque de instrumentos<\/span><\/a><meta property=\"position\" content=\"3\"><\/span> &gt; <span property=\"itemListElement\" typeof=\"ListItem\"><a property=\"item\" typeof=\"WebPage\" title=\"Ir a Mantenimiento y conservaci\u00f3n de instrumentos.\" href=\"https:\/\/www.esmuc.cat\/es\/servicios\/parque-instrumentos\/conservacion\/\" class=\"post post-page\" ><span property=\"name\">Mantenimiento y conservaci\u00f3n de instrumentos<\/span><\/a><meta property=\"position\" content=\"4\"><\/span> &gt; <span property=\"itemListElement\" typeof=\"ListItem\"><span property=\"name\" class=\"post post-page current-item\">Mantenimiento preventivo<\/span><meta property=\"url\" content=\"https:\/\/www.esmuc.cat\/es\/servicios\/parque-instrumentos\/conservacion\/manteniment-preventiu\/\"><meta property=\"position\" content=\"5\"><\/span><\/div>\n\n\n\n<h2 class=\"wp-block-heading\">Mantenimiento preventivo<\/h2>\n\n\n\n<div id=\"section-g369a55\" class=\"wp-block-gutentor-e6 section-g369a55 gutentor-element gutentor-element-image\"><div class=\"gutentor-element-image-box\"><div class=\"gutentor-image-thumb\"><img decoding=\"async\" class=\"normal-image\" src=\"http:\/\/www.esmuc.cat\/wp-content\/uploads\/2021\/05\/control-plagues.jpg\" \/><\/div><\/div><\/div>\n\n\n\n<div id=\"section-g80949f\" class=\"wp-block-gutentor-e0 section-g80949f gutentor-element gutentor-element-advanced-text\"><div class=\"gutentor-text-wrap\"><p class=\"gutentor-text\">El mantenimiento preventivo tiene car\u00e1cter pasivo y hace referencia a la conservaci\u00f3n para garantizar su protecci\u00f3n y seguridad, el control del clima y plagas, el buen transporte y movimiento o la cobertura de riesgos mediante un seguro.<\/p><\/div><\/div>\n\n\n\n<hr class=\"wp-block-separator has-css-opacity\"\/>\n\n\n\n<section id=\"gm682a648\" class=\"wp-block-gutentor-m3 section-gm682a648 gutentor-module gutentor-container-cover\"><div class=\"grid-container\">\n<section id=\"gmedfb1ea\" class=\"wp-block-gutentor-m2 section-gmedfb1ea gutentor-module gutentor-dynamic-columns\"><div class=\"grid-container\"><div class=\"grid-row\">\n<div id=\"col-gm979f2f\" class=\"wp-block-gutentor-m2-col col-gm979f2f gutentor-module gutentor-dynamic-single-column grid-lg-4 grid-md-4 grid-12\"><div id=\"section-gm979f2f\" class=\"section-gm979f2f gutentor-single-col has-color-bg has-custom-bg\">\n<div id=\"section-ga3a3d3\" class=\"wp-block-gutentor-e0 section-ga3a3d3 gutentor-element gutentor-element-advanced-text\"><div class=\"gutentor-text-wrap\"><h5 class=\"gutentor-text\">Movimiento y transporte de instrumentos<\/h5><\/div><\/div>\n\n\n\n<div id=\"section-g86fcff\" class=\"wp-block-gutentor-e6 section-g86fcff gutentor-element gutentor-element-image\"><div class=\"gutentor-element-image-box\"><div class=\"gutentor-image-thumb\"><img decoding=\"async\" class=\"normal-image\" src=\"http:\/\/www.esmuc.cat\/wp-content\/uploads\/2021\/05\/manteniment-preventiu.jpg\" \/><\/div><\/div><\/div>\n\n\n\n<div id=\"section-g7b7f22\" class=\"wp-block-gutentor-e0 section-g7b7f22 gutentor-element gutentor-element-advanced-text\"><div class=\"gutentor-text-wrap\"><p class=\"gutentor-text\">El parque de instrumentos es el responsable de garantizar el correcto movimiento y transporte de los instrumentos de acuerdo a los criterios de seguridad y riesgos laborales, intentando garantizar su integridad pero facilitando el acceso y su disponibilidad para el desarrollo de la actividad acad\u00e9mica.<\/p><\/div><\/div>\n<\/div><\/div>\n\n\n\n<div id=\"col-gm0f4e38\" class=\"wp-block-gutentor-m2-col col-gm0f4e38 gutentor-module gutentor-dynamic-single-column grid-lg-4 grid-md-4 grid-12\"><div id=\"section-gm0f4e38\" class=\"section-gm0f4e38 gutentor-single-col has-color-bg has-custom-bg\">\n<div id=\"section-g683912\" class=\"wp-block-gutentor-e0 section-g683912 gutentor-element gutentor-element-advanced-text\"><div class=\"gutentor-text-wrap\"><h5 class=\"gutentor-text\">Control y regulaci\u00f3n del clima<\/h5><\/div><\/div>\n\n\n\n<div id=\"section-ga05e5b\" class=\"wp-block-gutentor-e6 section-ga05e5b gutentor-element gutentor-element-image\"><div class=\"gutentor-element-image-box\"><div class=\"gutentor-image-thumb\"><img decoding=\"async\" class=\"normal-image\" src=\"http:\/\/www.esmuc.cat\/wp-content\/uploads\/2021\/05\/portada-control-clima.jpg\" \/><\/div><\/div><\/div>\n\n\n\n<div id=\"section-g8e2248\" class=\"wp-block-gutentor-e0 section-g8e2248 gutentor-element gutentor-element-advanced-text\"><div class=\"gutentor-text-wrap\"><p class=\"gutentor-text\">El parque de instrumentos se ocupa de velar por la conservaci\u00f3n de todo el patrimonio instrumental de la ESMUC y esto implica el control de la temperatura y la h\u00fameda a la que son sometidos los instrumentos tanto en sus residencias habituales como en las producciones fuera del recinto de la Escuela<\/p><\/div><\/div>\n<\/div><\/div>\n\n\n\n<div id=\"col-gm01454c\" class=\"wp-block-gutentor-m2-col col-gm01454c gutentor-module gutentor-dynamic-single-column grid-lg-4 grid-md-4 grid-12\"><div id=\"section-gm01454c\" class=\"section-gm01454c gutentor-single-col has-color-bg has-custom-bg\">\n<div id=\"section-gd38dac\" class=\"wp-block-gutentor-e0 section-gd38dac gutentor-element gutentor-element-advanced-text\"><div class=\"gutentor-text-wrap\"><h5 class=\"gutentor-text\">Seguros y coberturas<\/h5><\/div><\/div>\n\n\n\n<div id=\"section-g5db34d\" class=\"wp-block-gutentor-e6 section-g5db34d gutentor-element gutentor-element-image\"><div class=\"gutentor-element-image-box\"><div class=\"gutentor-image-thumb\"><img decoding=\"async\" class=\"normal-image\" src=\"http:\/\/www.esmuc.cat\/wp-content\/uploads\/2021\/05\/assegurances-cobertures.jpg\" \/><\/div><\/div><\/div>\n\n\n\n<div id=\"section-g84d41e\" class=\"wp-block-gutentor-e0 section-g84d41e gutentor-element gutentor-element-advanced-text\"><div class=\"gutentor-text-wrap\"><p class=\"gutentor-text\">El patrimonio instrumental de la ESMUC est\u00e1 protegido por un seguro que incluye los instrumentos m\u00e1s valiosos y una amplia cobertura en caso de hurto, robo o siniestro.<\/p><\/div><\/div>\n<\/div><\/div>\n<\/div><\/div><\/section>\n\n\n\n<section id=\"gm5f4631b\" class=\"wp-block-gutentor-m2 section-gm5f4631b gutentor-module gutentor-dynamic-columns\"><div class=\"grid-container\"><div class=\"grid-row\">\n<div id=\"col-gm04eb67\" class=\"wp-block-gutentor-m2-col col-gm04eb67 gutentor-module gutentor-dynamic-single-column grid-lg-4 grid-md-4 grid-12\"><div id=\"section-gm04eb67\" class=\"section-gm04eb67 gutentor-single-col has-color-bg has-custom-bg\">\n<div id=\"section-g189748\" class=\"wp-block-gutentor-e0 section-g189748 gutentor-element gutentor-element-advanced-text\"><div class=\"gutentor-text-wrap\"><h5 class=\"gutentor-text\">Limpieza e higiene de los instrumentos<\/h5><\/div><\/div>\n\n\n\n<div id=\"section-g432b06\" class=\"wp-block-gutentor-e6 section-g432b06 gutentor-element gutentor-element-image\"><div class=\"gutentor-element-image-box\"><div class=\"gutentor-image-thumb\"><img decoding=\"async\" class=\"normal-image\" src=\"http:\/\/www.esmuc.cat\/wp-content\/uploads\/2021\/05\/portada-neteja.jpg\" \/><\/div><\/div><\/div>\n\n\n\n<div id=\"section-gf4fb51\" class=\"wp-block-gutentor-e0 section-gf4fb51 gutentor-element gutentor-element-advanced-text\"><div class=\"gutentor-text-wrap\"><p class=\"gutentor-text\">El grado de limpieza de los instrumentos y accesorios de la ESMUC forma parte de los objetivos del plan de mantenimiento del parque de instrumentos.<\/p><\/div><\/div>\n<\/div><\/div>\n\n\n\n<div id=\"col-gm11f4c8\" class=\"wp-block-gutentor-m2-col col-gm11f4c8 gutentor-module gutentor-dynamic-single-column grid-lg-4 grid-md-4 grid-12\"><div id=\"section-gm11f4c8\" class=\"section-gm11f4c8 gutentor-single-col has-color-bg has-custom-bg\">\n<div id=\"section-g13b72b\" class=\"wp-block-gutentor-e0 section-g13b72b gutentor-element gutentor-element-advanced-text\"><div class=\"gutentor-text-wrap\"><h5 class=\"gutentor-text\">Seguridad y control de los instrumentos<\/h5><\/div><\/div>\n\n\n\n<div id=\"section-g7360b0\" class=\"wp-block-gutentor-e6 section-g7360b0 gutentor-element gutentor-element-image\"><div class=\"gutentor-element-image-box\"><div class=\"gutentor-image-thumb\"><img decoding=\"async\" class=\"normal-image\" src=\"http:\/\/www.esmuc.cat\/wp-content\/uploads\/2021\/05\/portada-seguretat.jpg\" alt=\"Control de seguretat de l'escola\" \/><\/div><\/div><\/div>\n\n\n\n<div id=\"section-ge3a1af\" class=\"wp-block-gutentor-e0 section-ge3a1af gutentor-element gutentor-element-advanced-text\"><div class=\"gutentor-text-wrap\"><p class=\"gutentor-text\">Gestionar la implementaci\u00f3n en los espacios de los instrumentos de la ESMUC y velar por su seguridad realizando controles pertinentes forman parte de las responsabilidades del Parque de instrumentos.<\/p><\/div><\/div>\n<\/div><\/div>\n\n\n\n<div id=\"col-gm7976fc\" class=\"wp-block-gutentor-m2-col col-gm7976fc gutentor-module gutentor-dynamic-single-column grid-lg-4 grid-md-4 grid-12\"><div id=\"section-gm7976fc\" class=\"section-gm7976fc gutentor-single-col has-color-bg has-custom-bg\">\n<div id=\"section-gf1d9f3\" class=\"wp-block-gutentor-e0 section-gf1d9f3 gutentor-element gutentor-element-advanced-text\"><div class=\"gutentor-text-wrap\"><h5 class=\"gutentor-text\">Control y tratamiento de plagas<\/h5><\/div><\/div>\n\n\n\n<div id=\"section-g50fb01\" class=\"wp-block-gutentor-e6 section-g50fb01 gutentor-element gutentor-element-image\"><div class=\"gutentor-element-image-box\"><div class=\"gutentor-image-thumb\"><img decoding=\"async\" class=\"normal-image\" src=\"http:\/\/www.esmuc.cat\/wp-content\/uploads\/2021\/05\/control-plagues.jpg\" \/><\/div><\/div><\/div>\n\n\n\n<div id=\"section-g81d3a5\" class=\"wp-block-gutentor-e0 section-g81d3a5 gutentor-element gutentor-element-advanced-text\"><div class=\"gutentor-text-wrap\"><p class=\"gutentor-text\">El parque de instrumentos realiza inspecciones peri\u00f3dicas para detectar plagas de insectos o la reproducci\u00f3n de organismos como los hongos que podr\u00edan estropear los instrumentos.<\/p><\/div><\/div>\n<\/div><\/div>\n<\/div><\/div><\/section>\n<\/div><\/section>\n<\/div>\n<\/div>\n","protected":false},"excerpt":{"rendered":"<p>Mantenimiento preventivo<\/p>\n","protected":false},"author":4,"featured_media":0,"parent":39239,"menu_order":0,"comment_status":"closed","ping_status":"closed","template":"","meta":{"_acf_changed":false,"_themeisle_gutenberg_block_has_review":false,"footnotes":""},"categories":[1314],"tags":[],"class_list":["post-39271","page","type-page","status-publish","hentry","category-parc-dinstruments-es"],"acf":[],"publishpress_future_action":{"enabled":false,"date":"2026-05-08 20:16:35","action":"change-status","newStatus":"draft","terms":[],"taxonomy":"category","extraData":[]},"publishpress_future_workflow_manual_trigger":{"enabledWorkflows":[]},"_links":{"self":[{"href":"https:\/\/www.esmuc.cat\/es\/wp-json\/wp\/v2\/pages\/39271","targetHints":{"allow":["GET"]}}],"collection":[{"href":"https:\/\/www.esmuc.cat\/es\/wp-json\/wp\/v2\/pages"}],"about":[{"href":"https:\/\/www.esmuc.cat\/es\/wp-json\/wp\/v2\/types\/page"}],"author":[{"embeddable":true,"href":"https:\/\/www.esmuc.cat\/es\/wp-json\/wp\/v2\/users\/4"}],"replies":[{"embeddable":true,"href":"https:\/\/www.esmuc.cat\/es\/wp-json\/wp\/v2\/comments?post=39271"}],"version-history":[{"count":3,"href":"https:\/\/www.esmuc.cat\/es\/wp-json\/wp\/v2\/pages\/39271\/revisions"}],"predecessor-version":[{"id":77240,"href":"https:\/\/www.esmuc.cat\/es\/wp-json\/wp\/v2\/pages\/39271\/revisions\/77240"}],"up":[{"embeddable":true,"href":"https:\/\/www.esmuc.cat\/es\/wp-json\/wp\/v2\/pages\/39239"}],"wp:attachment":[{"href":"https:\/\/www.esmuc.cat\/es\/wp-json\/wp\/v2\/media?parent=39271"}],"wp:term":[{"taxonomy":"category","embeddable":true,"href":"https:\/\/www.esmuc.cat\/es\/wp-json\/wp\/v2\/categories?post=39271"},{"taxonomy":"post_tag","embeddable":true,"href":"https:\/\/www.esmuc.cat\/es\/wp-json\/wp\/v2\/tags?post=39271"}],"curies":[{"name":"wp","href":"https:\/\/api.w.org\/{rel}","templated":true}]}}