{"id":39270,"date":"2021-05-25T14:07:20","date_gmt":"2021-05-25T12:07:20","guid":{"rendered":"https:\/\/www.esmuc.cat\/manteniment-i-conservacio\/manteniment-correctiu\/"},"modified":"2023-03-23T17:29:04","modified_gmt":"2023-03-23T16:29:04","slug":"manteniment-correctiu","status":"publish","type":"page","link":"https:\/\/www.esmuc.cat\/es\/servicios\/parque-instrumentos\/conservacion\/manteniment-correctiu\/","title":{"rendered":"Mantenimiento correctivo"},"content":{"rendered":"\n<div class=\"wp-block-columns is-layout-flex wp-container-core-columns-is-layout-9d6595d7 wp-block-columns-is-layout-flex\">\n<div class=\"wp-block-column esmuc__Menu_Masters d-none d-lg-block is-layout-flow wp-block-column-is-layout-flow\" style=\"flex-basis:33.33%\">\n\n<\/div>\n\n\n\n<div class=\"wp-block-column is-layout-flow wp-block-column-is-layout-flow\" style=\"flex-basis:66.66%\"><div class=\"breadcrumbs align  wp-block-bcn-breadcrumb-trail has-text-color has-background\" vocab=\"https:\/\/schema.org\/\" typeof=\"BreadcrumbList\">\n\t<span><\/span>\n\t<span property=\"itemListElement\" typeof=\"ListItem\"><a property=\"item\" typeof=\"WebPage\" title=\"Ir a ESMUC.\" href=\"https:\/\/www.esmuc.cat\/es\/\" class=\"home\" ><span property=\"name\">ESMUC<\/span><\/a><meta property=\"position\" content=\"1\"><\/span> &gt; <span property=\"itemListElement\" typeof=\"ListItem\"><a property=\"item\" typeof=\"WebPage\" title=\"Ir a Servicios.\" href=\"https:\/\/www.esmuc.cat\/es\/servicios\/\" class=\"post post-page\" ><span property=\"name\">Servicios<\/span><\/a><meta property=\"position\" content=\"2\"><\/span> &gt; <span property=\"itemListElement\" typeof=\"ListItem\"><a property=\"item\" typeof=\"WebPage\" title=\"Ir a Parque de instrumentos.\" href=\"https:\/\/www.esmuc.cat\/es\/servicios\/parque-instrumentos\/\" class=\"post post-page\" ><span property=\"name\">Parque de instrumentos<\/span><\/a><meta property=\"position\" content=\"3\"><\/span> &gt; <span property=\"itemListElement\" typeof=\"ListItem\"><a property=\"item\" typeof=\"WebPage\" title=\"Ir a Mantenimiento y conservaci\u00f3n de instrumentos.\" href=\"https:\/\/www.esmuc.cat\/es\/servicios\/parque-instrumentos\/conservacion\/\" class=\"post post-page\" ><span property=\"name\">Mantenimiento y conservaci\u00f3n de instrumentos<\/span><\/a><meta property=\"position\" content=\"4\"><\/span> &gt; <span property=\"itemListElement\" typeof=\"ListItem\"><span property=\"name\" class=\"post post-page current-item\">Mantenimiento correctivo<\/span><meta property=\"url\" content=\"https:\/\/www.esmuc.cat\/es\/servicios\/parque-instrumentos\/conservacion\/manteniment-correctiu\/\"><meta property=\"position\" content=\"5\"><\/span><\/div>\n\n\n\n<h2 class=\"wp-block-heading\">Mantenimiento correctivo<\/h2>\n\n\n\n<section id=\"gm944298d\" class=\"wp-block-gutentor-m2 section-gm944298d gutentor-module gutentor-dynamic-columns\"><div class=\"grid-container\"><div class=\"grid-row\">\n<div id=\"col-gme83521\" class=\"wp-block-gutentor-m2-col col-gme83521 gutentor-module gutentor-dynamic-single-column grid-lg-12 grid-md-4 grid-12\"><div id=\"section-gme83521\" class=\"section-gme83521 gutentor-single-col has-color-bg has-custom-bg\">\n<div id=\"section-g267de3\" class=\"wp-block-gutentor-e6 section-g267de3 gutentor-element gutentor-element-image\"><div class=\"gutentor-element-image-box\"><div class=\"gutentor-image-thumb\"><img decoding=\"async\" class=\"normal-image\" src=\"http:\/\/www.esmuc.cat\/wp-content\/uploads\/2021\/05\/cuidem-el-traverso.jpg\" alt=\"Cuidem El Traverso\" \/><\/div><\/div><\/div>\n\n\n\n<div id=\"section-g618541\" class=\"wp-block-gutentor-e0 section-g618541 gutentor-element gutentor-element-advanced-text\"><div class=\"gutentor-text-wrap\"><p class=\"gutentor-text\">El mantenimiento correctivo tiene car\u00e1cter reactivo y realiza acciones de ajuste, reparaci\u00f3n y restauraci\u00f3n.<\/p><\/div><\/div>\n<\/div><\/div>\n<\/div><\/div><\/section>\n\n\n\n<hr class=\"wp-block-separator has-css-opacity\"\/>\n\n\n\n<section id=\"gm2976d82\" class=\"wp-block-gutentor-m3 section-gm2976d82 gutentor-module gutentor-container-cover\"><div class=\"grid-container\">\n<section id=\"gm89d9567\" class=\"wp-block-gutentor-m2 section-gm89d9567 gutentor-module gutentor-dynamic-columns\"><div class=\"grid-container\"><div class=\"grid-row\">\n<div id=\"col-gm67629c\" class=\"wp-block-gutentor-m2-col col-gm67629c gutentor-module gutentor-dynamic-single-column grid-lg-6 grid-md-4 grid-12\"><div id=\"section-gm67629c\" class=\"section-gm67629c gutentor-single-col has-color-bg has-custom-bg\">\n<div id=\"section-gdfd0be\" class=\"wp-block-gutentor-e0 section-gdfd0be gutentor-element gutentor-element-advanced-text\"><div class=\"gutentor-text-wrap\"><h5 class=\"gutentor-text\">Mantenimiento de los pianos modernos y celesta<\/h5><\/div><\/div>\n\n\n\n<div id=\"section-g625e25\" class=\"wp-block-gutentor-e6 section-g625e25 gutentor-element gutentor-element-image\"><div class=\"gutentor-element-image-box\"><div class=\"gutentor-image-thumb\"><img decoding=\"async\" class=\"normal-image\" src=\"http:\/\/www.esmuc.cat\/wp-content\/uploads\/2021\/05\/pianosmodernsicelesta.jpg\" \/><\/div><\/div><\/div>\n\n\n\n<div id=\"section-gca2c3e\" class=\"wp-block-gutentor-e0 section-gca2c3e gutentor-element gutentor-element-advanced-text\"><div class=\"gutentor-text-wrap\"><p class=\"gutentor-text\">El Mantenimiento de pianos modernos y celesta es responsable del ajuste, reparaci\u00f3n y restauraci\u00f3n de los m\u00e1s de 80 pianos y la celesta de la ESMUC<\/p><\/div><\/div>\n<\/div><\/div>\n\n\n\n<div id=\"col-gmbc358a\" class=\"wp-block-gutentor-m2-col col-gmbc358a gutentor-module gutentor-dynamic-single-column grid-lg-6 grid-md-4 grid-12\"><div id=\"section-gmbc358a\" class=\"section-gmbc358a gutentor-single-col has-color-bg has-custom-bg\">\n<div id=\"section-g32c383\" class=\"wp-block-gutentor-e0 section-g32c383 gutentor-element gutentor-element-advanced-text\"><div class=\"gutentor-text-wrap\"><h5 class=\"gutentor-text\">Mantenimiento del clavicordio, los clavic\u00e9mbalos y los fortepianos<\/h5><\/div><\/div>\n\n\n\n<div id=\"section-ged9b09\" class=\"wp-block-gutentor-e6 section-ged9b09 gutentor-element gutentor-element-image\"><div class=\"gutentor-element-image-box\"><div class=\"gutentor-image-thumb\"><img decoding=\"async\" class=\"normal-image\" src=\"http:\/\/www.esmuc.cat\/wp-content\/uploads\/2021\/05\/clavicembal-italia.jpg\" alt=\"Clavicembal Italia\" \/><\/div><\/div><\/div>\n\n\n\n<div id=\"section-g3e149f\" class=\"wp-block-gutentor-e0 section-g3e149f gutentor-element gutentor-element-advanced-text\"><div class=\"gutentor-text-wrap\"><p class=\"gutentor-text\">El Mantenimiento del clavicordio, los clavic\u00e9mbalos y los fortepianos es responsable del ajuste, la reparaci\u00f3n y restauraci\u00f3n de la colecci\u00f3n de instrumentos hist\u00f3ricos de varios constructores con 8 clavic\u00e9mbalos, 3 fortepianos y 1 clavicordio.<\/p><\/div><\/div>\n<\/div><\/div>\n<\/div><\/div><\/section>\n\n\n\n<section id=\"gmaeec5fa\" class=\"wp-block-gutentor-m2 section-gmaeec5fa gutentor-module gutentor-dynamic-columns\"><div class=\"grid-container\"><div class=\"grid-row\">\n<div id=\"col-gmc1b85c\" class=\"wp-block-gutentor-m2-col col-gmc1b85c gutentor-module gutentor-dynamic-single-column grid-lg-6 grid-md-4 grid-12\"><div id=\"section-gmc1b85c\" class=\"section-gmc1b85c gutentor-single-col has-color-bg has-custom-bg\">\n<div id=\"section-ga9f25b\" class=\"wp-block-gutentor-e0 section-ga9f25b gutentor-element gutentor-element-advanced-text\"><div class=\"gutentor-text-wrap\"><h5 class=\"gutentor-text\">Mantenimiento de los instrumentos de percusi\u00f3n<\/h5><\/div><\/div>\n\n\n\n<div id=\"section-g98a39d\" class=\"wp-block-gutentor-e6 section-g98a39d gutentor-element gutentor-element-image\"><div class=\"gutentor-element-image-box\"><div class=\"gutentor-image-thumb\"><img decoding=\"async\" class=\"normal-image\" src=\"http:\/\/www.esmuc.cat\/wp-content\/uploads\/2021\/05\/inventari-parc-instruments.jpg\" \/><\/div><\/div><\/div>\n\n\n\n<div id=\"section-g4a4439\" class=\"wp-block-gutentor-e0 section-g4a4439 gutentor-element gutentor-element-advanced-text\"><div class=\"gutentor-text-wrap\"><p class=\"gutentor-text\">El Parque de instrumentos cuenta con el asesoramiento t\u00e9cnico de Jordi Fontanet de Sforzando percussion.<\/p><\/div><\/div>\n<\/div><\/div>\n\n\n\n<div id=\"col-gm8bbe78\" class=\"wp-block-gutentor-m2-col col-gm8bbe78 gutentor-module gutentor-dynamic-single-column grid-lg-6 grid-md-4 grid-12\"><div id=\"section-gm8bbe78\" class=\"section-gm8bbe78 gutentor-single-col has-color-bg has-custom-bg\">\n<div id=\"section-g5b0715\" class=\"wp-block-gutentor-e0 section-g5b0715 gutentor-element gutentor-element-advanced-text\"><div class=\"gutentor-text-wrap\"><h5 class=\"gutentor-text\">Mantenimiento de los instrumentos de viento<\/h5><\/div><\/div>\n\n\n\n<div id=\"section-g2f4de7\" class=\"wp-block-gutentor-e6 section-g2f4de7 gutentor-element gutentor-element-image\"><div class=\"gutentor-element-image-box\"><div class=\"gutentor-image-thumb\"><img decoding=\"async\" class=\"normal-image\" src=\"http:\/\/www.esmuc.cat\/wp-content\/uploads\/2021\/05\/fagot.jpg\" alt=\"Imatge d'un grup de fagots\" \/><\/div><\/div><\/div>\n\n\n\n<div id=\"section-gf3f6c5\" class=\"wp-block-gutentor-e0 section-gf3f6c5 gutentor-element gutentor-element-advanced-text\"><div class=\"gutentor-text-wrap\"><p class=\"gutentor-text\">El mantenimiento correctivo de los instrumentos de viento se dedica a resolver las problem\u00e1ticas surgidas por su uso intensivo y garantizar su buen funcionamiento as\u00ed como asegurar su buena conservaci\u00f3n tanto est\u00e9tica como t\u00e9cnica.<\/p><\/div><\/div>\n<\/div><\/div>\n<\/div><\/div><\/section>\n\n\n\n<section id=\"gm7feb721\" class=\"wp-block-gutentor-m2 section-gm7feb721 gutentor-module gutentor-dynamic-columns\"><div class=\"grid-container\"><div class=\"grid-row\">\n<div id=\"col-gm96c610\" class=\"wp-block-gutentor-m2-col col-gm96c610 gutentor-module gutentor-dynamic-single-column grid-lg-6 grid-md-4 grid-12\"><div id=\"section-gm96c610\" class=\"section-gm96c610 gutentor-single-col has-color-bg has-custom-bg\">\n<div id=\"section-gf81134\" class=\"wp-block-gutentor-e0 section-gf81134 gutentor-element gutentor-element-advanced-text\"><div class=\"gutentor-text-wrap\"><h5 class=\"gutentor-text\">Mantenimiento de los instrumentos de cuerda<\/h5><\/div><\/div>\n\n\n\n<div id=\"section-gbc7ca5\" class=\"wp-block-gutentor-e6 section-gbc7ca5 gutentor-element gutentor-element-image\"><div class=\"gutentor-element-image-box\"><div class=\"gutentor-image-thumb\"><img decoding=\"async\" class=\"normal-image\" src=\"http:\/\/www.esmuc.cat\/wp-content\/uploads\/2021\/05\/contrabaix.jpg\" alt=\"Imatge d'un contrabaix\" \/><\/div><\/div><\/div>\n\n\n\n<div id=\"section-g52eb86\" class=\"wp-block-gutentor-e0 section-g52eb86 gutentor-element gutentor-element-advanced-text\"><div class=\"gutentor-text-wrap\"><p class=\"gutentor-text\">El mantenimiento del de los instrumentos de cuerda es responsable del ajuste, reparaci\u00f3n y restauraci\u00f3n de los instrumentos de cuerda frotada y pulsada.<\/p><\/div><\/div>\n<\/div><\/div>\n\n\n\n<div id=\"col-gm607129\" class=\"wp-block-gutentor-m2-col col-gm607129 gutentor-module gutentor-dynamic-single-column grid-lg-6 grid-md-4 grid-12\"><div id=\"section-gm607129\" class=\"section-gm607129 gutentor-single-col has-color-bg has-custom-bg\">\n<div id=\"section-g8f93d1\" class=\"wp-block-gutentor-e0 section-g8f93d1 gutentor-element gutentor-element-advanced-text\"><div class=\"gutentor-text-wrap\"><h5 class=\"gutentor-text\">Mantenimiento de los \u00f3rganos positivos y de estudio<\/h5><\/div><\/div>\n\n\n\n<div id=\"section-g3dbab7\" class=\"wp-block-gutentor-e6 section-g3dbab7 gutentor-element gutentor-element-image\"><div class=\"gutentor-element-image-box\"><div class=\"gutentor-image-thumb\"><img decoding=\"async\" class=\"normal-image\" src=\"http:\/\/www.esmuc.cat\/wp-content\/uploads\/2021\/05\/orgue2.jpg\" \/><\/div><\/div><\/div>\n\n\n\n<div id=\"section-gec3d3e\" class=\"wp-block-gutentor-e0 section-gec3d3e gutentor-element gutentor-element-advanced-text\"><div class=\"gutentor-text-wrap\"><p class=\"gutentor-text\">El Mantenimiento del de los \u00f3rganos positivos y de estudio de la sala del \u00f3rgano es responsable del ajuste, reparaci\u00f3n y restauraci\u00f3n de los 2 \u00f3rganos positivos y el \u00f3rgano de estudio.<\/p><\/div><\/div>\n<\/div><\/div>\n<\/div><\/div><\/section>\n\n\n\n<section id=\"gmf59db7e\" class=\"wp-block-gutentor-m2 section-gmf59db7e gutentor-module gutentor-dynamic-columns\"><div class=\"grid-container\"><div class=\"grid-row\">\n<div id=\"col-gm622246\" class=\"wp-block-gutentor-m2-col col-gm622246 gutentor-module gutentor-dynamic-single-column grid-lg-6 grid-md-4 grid-12\"><div id=\"section-gm622246\" class=\"section-gm622246 gutentor-single-col has-color-bg has-custom-bg\">\n<div id=\"section-g016a9f\" class=\"wp-block-gutentor-e0 section-g016a9f gutentor-element gutentor-element-advanced-text\"><div class=\"gutentor-text-wrap\"><h5 class=\"gutentor-text\">Mantenimiento de los instrumentos electr\u00f3nicos y electrificados<\/h5><\/div><\/div>\n\n\n\n<div id=\"section-g9fe268\" class=\"wp-block-gutentor-e6 section-g9fe268 gutentor-element gutentor-element-image\"><div class=\"gutentor-element-image-box\"><div class=\"gutentor-image-thumb\"><img decoding=\"async\" class=\"normal-image\" src=\"http:\/\/www.esmuc.cat\/wp-content\/uploads\/2021\/05\/piano-electronic.jpg\" alt=\"Piano Electronic\" \/><\/div><\/div><\/div>\n\n\n\n<div id=\"section-gf12c6e\" class=\"wp-block-gutentor-e0 section-gf12c6e gutentor-element gutentor-element-advanced-text\"><div class=\"gutentor-text-wrap\"><p class=\"gutentor-text\">El mantenimiento del de los instrumentos electr\u00f3nicos y electrificados es responsable del ajuste, reparaci\u00f3n y restauraci\u00f3n de estos instrumentos.<\/p><\/div><\/div>\n<\/div><\/div>\n<\/div><\/div><\/section>\n<\/div><\/section>\n<\/div>\n<\/div>\n","protected":false},"excerpt":{"rendered":"<p>Mantenimiento correctivo<\/p>\n","protected":false},"author":4,"featured_media":0,"parent":39239,"menu_order":0,"comment_status":"closed","ping_status":"closed","template":"","meta":{"_acf_changed":false,"_themeisle_gutenberg_block_has_review":false,"footnotes":""},"categories":[1314],"tags":[],"class_list":["post-39270","page","type-page","status-publish","hentry","category-parc-dinstruments-es"],"acf":[],"publishpress_future_action":{"enabled":false,"date":"2026-04-16 12:43:15","action":"change-status","newStatus":"draft","terms":[],"taxonomy":"category","extraData":[]},"publishpress_future_workflow_manual_trigger":{"enabledWorkflows":[]},"_links":{"self":[{"href":"https:\/\/www.esmuc.cat\/es\/wp-json\/wp\/v2\/pages\/39270","targetHints":{"allow":["GET"]}}],"collection":[{"href":"https:\/\/www.esmuc.cat\/es\/wp-json\/wp\/v2\/pages"}],"about":[{"href":"https:\/\/www.esmuc.cat\/es\/wp-json\/wp\/v2\/types\/page"}],"author":[{"embeddable":true,"href":"https:\/\/www.esmuc.cat\/es\/wp-json\/wp\/v2\/users\/4"}],"replies":[{"embeddable":true,"href":"https:\/\/www.esmuc.cat\/es\/wp-json\/wp\/v2\/comments?post=39270"}],"version-history":[{"count":2,"href":"https:\/\/www.esmuc.cat\/es\/wp-json\/wp\/v2\/pages\/39270\/revisions"}],"predecessor-version":[{"id":77237,"href":"https:\/\/www.esmuc.cat\/es\/wp-json\/wp\/v2\/pages\/39270\/revisions\/77237"}],"up":[{"embeddable":true,"href":"https:\/\/www.esmuc.cat\/es\/wp-json\/wp\/v2\/pages\/39239"}],"wp:attachment":[{"href":"https:\/\/www.esmuc.cat\/es\/wp-json\/wp\/v2\/media?parent=39270"}],"wp:term":[{"taxonomy":"category","embeddable":true,"href":"https:\/\/www.esmuc.cat\/es\/wp-json\/wp\/v2\/categories?post=39270"},{"taxonomy":"post_tag","embeddable":true,"href":"https:\/\/www.esmuc.cat\/es\/wp-json\/wp\/v2\/tags?post=39270"}],"curies":[{"name":"wp","href":"https:\/\/api.w.org\/{rel}","templated":true}]}}