{"id":39239,"date":"2021-06-16T13:16:02","date_gmt":"2021-06-16T11:16:02","guid":{"rendered":"https:\/\/www.esmuc.cat\/manteniment-i-conservacio\/"},"modified":"2025-09-01T12:49:24","modified_gmt":"2025-09-01T10:49:24","slug":"conservacion","status":"publish","type":"page","link":"https:\/\/www.esmuc.cat\/es\/servicios\/parque-instrumentos\/conservacion\/","title":{"rendered":"Mantenimiento y conservaci\u00f3n de instrumentos"},"content":{"rendered":"\n<div class=\"wp-block-columns is-layout-flex wp-container-core-columns-is-layout-9d6595d7 wp-block-columns-is-layout-flex\">\n<div class=\"wp-block-column esmuc__Menu_Masters d-none d-lg-block is-layout-flow wp-block-column-is-layout-flow\" style=\"flex-basis:33.33%\">\n\n<\/div>\n\n\n\n<div class=\"wp-block-column is-layout-flow wp-block-column-is-layout-flow\" style=\"flex-basis:66.66%\"><div class=\"breadcrumbs align  wp-block-bcn-breadcrumb-trail has-text-color has-background\" vocab=\"https:\/\/schema.org\/\" typeof=\"BreadcrumbList\">\n\t<span><\/span>\n\t<span property=\"itemListElement\" typeof=\"ListItem\"><a property=\"item\" typeof=\"WebPage\" title=\"Ir a ESMUC.\" href=\"https:\/\/www.esmuc.cat\/es\/\" class=\"home\" ><span property=\"name\">ESMUC<\/span><\/a><meta property=\"position\" content=\"1\"><\/span> &gt; <span property=\"itemListElement\" typeof=\"ListItem\"><a property=\"item\" typeof=\"WebPage\" title=\"Ir a Servicios.\" href=\"https:\/\/www.esmuc.cat\/es\/servicios\/\" class=\"post post-page\" ><span property=\"name\">Servicios<\/span><\/a><meta property=\"position\" content=\"2\"><\/span> &gt; <span property=\"itemListElement\" typeof=\"ListItem\"><a property=\"item\" typeof=\"WebPage\" title=\"Ir a Parque de instrumentos.\" href=\"https:\/\/www.esmuc.cat\/es\/servicios\/parque-instrumentos\/\" class=\"post post-page\" ><span property=\"name\">Parque de instrumentos<\/span><\/a><meta property=\"position\" content=\"3\"><\/span> &gt; <span property=\"itemListElement\" typeof=\"ListItem\"><span property=\"name\" class=\"post post-page current-item\">Mantenimiento y conservaci\u00f3n de instrumentos<\/span><meta property=\"url\" content=\"https:\/\/www.esmuc.cat\/es\/servicios\/parque-instrumentos\/conservacion\/\"><meta property=\"position\" content=\"4\"><\/span><\/div>\n\n\n\n<h1 class=\"wp-block-heading\">Mantenimiento y conservaci\u00f3n<\/h1>\n\n\n\n<div id=\"section-g6981bf\" class=\"wp-block-gutentor-e0 section-g6981bf gutentor-element gutentor-element-advanced-text\"><div class=\"gutentor-text-wrap\"><p class=\"gutentor-text\">El mantenimiento y conservaci\u00f3n del patrimonio instrumental de la Escola Superior de M\u00fasica de Catalunya es el conjunto de medidas que aplicaremos para que los instrumentos funcionen correctamente y mantengan un nivel \u00f3ptimo de conservaci\u00f3n t\u00e9cnica y est\u00e9tica.<\/p><\/div><\/div>\n\n\n\n<section id=\"gm080f276\" class=\"wp-block-gutentor-m2 section-gm080f276 gutentor-module gutentor-dynamic-columns\"><div class=\"grid-container\"><div class=\"grid-row\">\n<div id=\"col-gm0148df\" class=\"wp-block-gutentor-m2-col col-gm0148df gutentor-module gutentor-dynamic-single-column grid-lg-6 grid-md-4 grid-12\"><div id=\"section-gm0148df\" class=\"section-gm0148df gutentor-single-col has-color-bg has-custom-bg\">\n<div id=\"section-g68fc16\" class=\"wp-block-gutentor-e0 section-g68fc16 gutentor-element gutentor-element-advanced-text\"><div class=\"gutentor-text-wrap\"><h4 class=\"gutentor-text\"><a href=\"https:\/\/www.esmuc.cat\/es\/manteniment-i-conservacio\/manteniment-correctiu\/\"><strong>Mantenimiento correctivo<\/strong><\/a><\/h4><\/div><\/div>\n\n\n\n<div id=\"section-g0029e5\" class=\"wp-block-gutentor-e6 section-g0029e5 gutentor-element gutentor-element-image\"><div class=\"gutentor-element-image-box\"><div class=\"gutentor-image-thumb\"><img decoding=\"async\" class=\"normal-image\" src=\"http:\/\/www.esmuc.cat\/wp-content\/uploads\/2021\/05\/cuidem-el-traverso.jpg\" \/><\/div><\/div><\/div>\n\n\n\n<div id=\"section-g43ad36\" class=\"wp-block-gutentor-e0 section-g43ad36 gutentor-element gutentor-element-advanced-text\"><div class=\"gutentor-text-wrap\"><p class=\"gutentor-text\">El mantenimiento correctivo tiene car\u00e1cter reactivo y realiza acciones de ajuste, reparaci\u00f3n y restauraci\u00f3n.<\/p><\/div><\/div>\n<\/div><\/div>\n\n\n\n<div id=\"col-gm41ae29\" class=\"wp-block-gutentor-m2-col col-gm41ae29 gutentor-module gutentor-dynamic-single-column grid-lg-6 grid-md-4 grid-12\"><div id=\"section-gm41ae29\" class=\"section-gm41ae29 gutentor-single-col has-color-bg has-custom-bg\">\n<div id=\"section-g3d5f0c\" class=\"wp-block-gutentor-e0 section-g3d5f0c gutentor-element gutentor-element-advanced-text\"><div class=\"gutentor-text-wrap\"><h4 class=\"gutentor-text\"><strong><a href=\"https:\/\/www.esmuc.cat\/es\/parque-instrumentos\/conservacion\/manteniment-preventiu\/\">Mantenimiento preventivo<\/a><\/strong><\/h4><\/div><\/div>\n\n\n\n<div id=\"section-gae73ae\" class=\"wp-block-gutentor-e6 section-gae73ae gutentor-element gutentor-element-image\"><div class=\"gutentor-element-image-box\"><div class=\"gutentor-image-thumb\"><img decoding=\"async\" class=\"normal-image\" src=\"http:\/\/www.esmuc.cat\/wp-content\/uploads\/2021\/05\/control-plagues.jpg\" \/><\/div><\/div><\/div>\n\n\n\n<div id=\"section-g02554f\" class=\"wp-block-gutentor-e0 section-g02554f gutentor-element gutentor-element-advanced-text\"><div class=\"gutentor-text-wrap\"><p class=\"gutentor-text\">El mantenimiento preventivo tiene car\u00e1cter pasivo y hace referencia a la conservaci\u00f3n para garantizar su protecci\u00f3n y seguridad, el control del clima y plagas, el buen transporte y movimiento o la cobertura de riesgos mediante un seguro.<\/p><\/div><\/div>\n<\/div><\/div>\n<\/div><\/div><\/section>\n<\/div>\n<\/div>\n\n\n\n<p><\/p>\n","protected":false},"excerpt":{"rendered":"<p>Mantenimiento y conservaci\u00f3n<\/p>\n","protected":false},"author":4,"featured_media":0,"parent":39237,"menu_order":0,"comment_status":"closed","ping_status":"closed","template":"","meta":{"_acf_changed":false,"_themeisle_gutenberg_block_has_review":false,"footnotes":""},"categories":[1314],"tags":[],"class_list":["post-39239","page","type-page","status-publish","hentry","category-parc-dinstruments-es"],"acf":[],"publishpress_future_action":{"enabled":false,"date":"2026-04-24 10:43:01","action":"change-status","newStatus":"draft","terms":[],"taxonomy":"category","extraData":[]},"publishpress_future_workflow_manual_trigger":{"enabledWorkflows":[]},"_links":{"self":[{"href":"https:\/\/www.esmuc.cat\/es\/wp-json\/wp\/v2\/pages\/39239","targetHints":{"allow":["GET"]}}],"collection":[{"href":"https:\/\/www.esmuc.cat\/es\/wp-json\/wp\/v2\/pages"}],"about":[{"href":"https:\/\/www.esmuc.cat\/es\/wp-json\/wp\/v2\/types\/page"}],"author":[{"embeddable":true,"href":"https:\/\/www.esmuc.cat\/es\/wp-json\/wp\/v2\/users\/4"}],"replies":[{"embeddable":true,"href":"https:\/\/www.esmuc.cat\/es\/wp-json\/wp\/v2\/comments?post=39239"}],"version-history":[{"count":11,"href":"https:\/\/www.esmuc.cat\/es\/wp-json\/wp\/v2\/pages\/39239\/revisions"}],"predecessor-version":[{"id":111791,"href":"https:\/\/www.esmuc.cat\/es\/wp-json\/wp\/v2\/pages\/39239\/revisions\/111791"}],"up":[{"embeddable":true,"href":"https:\/\/www.esmuc.cat\/es\/wp-json\/wp\/v2\/pages\/39237"}],"wp:attachment":[{"href":"https:\/\/www.esmuc.cat\/es\/wp-json\/wp\/v2\/media?parent=39239"}],"wp:term":[{"taxonomy":"category","embeddable":true,"href":"https:\/\/www.esmuc.cat\/es\/wp-json\/wp\/v2\/categories?post=39239"},{"taxonomy":"post_tag","embeddable":true,"href":"https:\/\/www.esmuc.cat\/es\/wp-json\/wp\/v2\/tags?post=39239"}],"curies":[{"name":"wp","href":"https:\/\/api.w.org\/{rel}","templated":true}]}}