{"id":39238,"date":"2021-06-16T13:04:35","date_gmt":"2021-06-16T11:04:35","guid":{"rendered":"https:\/\/www.esmuc.cat\/prestec\/"},"modified":"2025-09-01T12:48:52","modified_gmt":"2025-09-01T10:48:52","slug":"prestamo","status":"publish","type":"page","link":"https:\/\/www.esmuc.cat\/es\/servicios\/parque-instrumentos\/prestamo\/","title":{"rendered":"Pr\u00e9stamo de instrumentos"},"content":{"rendered":"\n<div class=\"wp-block-columns is-layout-flex wp-container-core-columns-is-layout-9d6595d7 wp-block-columns-is-layout-flex\">\n<div class=\"wp-block-column esmuc__Menu_Masters d-none d-lg-block is-layout-flow wp-block-column-is-layout-flow\" style=\"flex-basis:33.33%\">\n\n<\/div>\n\n\n\n<div class=\"wp-block-column is-layout-flow wp-block-column-is-layout-flow\" style=\"flex-basis:66.66%\"><div class=\"breadcrumbs align  wp-block-bcn-breadcrumb-trail has-text-color has-background\" vocab=\"https:\/\/schema.org\/\" typeof=\"BreadcrumbList\">\n\t<span><\/span>\n\t<span property=\"itemListElement\" typeof=\"ListItem\"><a property=\"item\" typeof=\"WebPage\" title=\"Ir a ESMUC.\" href=\"https:\/\/www.esmuc.cat\/es\/\" class=\"home\" ><span property=\"name\">ESMUC<\/span><\/a><meta property=\"position\" content=\"1\"><\/span> &gt; <span property=\"itemListElement\" typeof=\"ListItem\"><a property=\"item\" typeof=\"WebPage\" title=\"Ir a Servicios.\" href=\"https:\/\/www.esmuc.cat\/es\/servicios\/\" class=\"post post-page\" ><span property=\"name\">Servicios<\/span><\/a><meta property=\"position\" content=\"2\"><\/span> &gt; <span property=\"itemListElement\" typeof=\"ListItem\"><a property=\"item\" typeof=\"WebPage\" title=\"Ir a Parque de instrumentos.\" href=\"https:\/\/www.esmuc.cat\/es\/servicios\/parque-instrumentos\/\" class=\"post post-page\" ><span property=\"name\">Parque de instrumentos<\/span><\/a><meta property=\"position\" content=\"3\"><\/span> &gt; <span property=\"itemListElement\" typeof=\"ListItem\"><span property=\"name\" class=\"post post-page current-item\">Pr\u00e9stamo de instrumentos<\/span><meta property=\"url\" content=\"https:\/\/www.esmuc.cat\/es\/servicios\/parque-instrumentos\/prestamo\/\"><meta property=\"position\" content=\"4\"><\/span><\/div>\n\n\n\n<h1 class=\"wp-block-heading\">Pr\u00e9stamo, cesi\u00f3n y alquiler<\/h1>\n\n\n\n<div id=\"section-ge4732b\" class=\"wp-block-gutentor-e0 section-ge4732b gutentor-element gutentor-element-advanced-text\"><div class=\"gutentor-text-wrap\"><p class=\"gutentor-text\">El Parque ofrece a sus usuarios y usuarias un amplio horario de pr\u00e9stamo diario, cesi\u00f3n de instrumentos a estudiantes en casos especiales y la petici\u00f3n puntual para diversas actividades siempre que no afecten al desarrollo de la actividad acad\u00e9mica. Tambi\u00e9n se realizar\u00e1n cesiones a entidades que dispongan de acuerdos con la ESMUC.<\/p><\/div><\/div>\n\n\n\n<section id=\"gm34965c6\" class=\"wp-block-gutentor-m2 section-gm34965c6 gutentor-module gutentor-dynamic-columns\"><div class=\"grid-container\"><div class=\"grid-row\">\n<div id=\"col-gm48c1cc\" class=\"wp-block-gutentor-m2-col col-gm48c1cc gutentor-module gutentor-dynamic-single-column grid-lg-6 grid-md-4 grid-12\"><div id=\"section-gm48c1cc\" class=\"section-gm48c1cc gutentor-single-col has-color-bg has-custom-bg\">\n<div id=\"section-gc9ebd2\" class=\"wp-block-gutentor-e0 section-gc9ebd2 gutentor-element gutentor-element-advanced-text\"><div class=\"gutentor-text-wrap\"><h4 class=\"gutentor-text\">Pr\u00e9stamo interno<\/h4><\/div><\/div>\n\n\n\n<div id=\"section-g41385c\" class=\"wp-block-gutentor-e6 section-g41385c gutentor-element gutentor-element-image\"><div class=\"gutentor-element-image-box\"><div class=\"gutentor-image-thumb\"><img decoding=\"async\" class=\"normal-image\" src=\"http:\/\/www.esmuc.cat\/wp-content\/uploads\/2021\/05\/B204A-billboard-magazine.jpg\" \/><\/div><\/div><\/div>\n\n\n\n<div id=\"section-g459f13\" class=\"wp-block-gutentor-e0 section-g459f13 gutentor-element gutentor-element-advanced-text\"><div class=\"gutentor-text-wrap\"><p class=\"gutentor-text\">Servicio de autopr\u00e9stamo de 1364 instrumentos para estudiantes, profesorado y acompa\u00f1antes de lunes a viernes de 8:00 a 21:00 y fines de semana de 9:00 a 20:00<\/p><\/div><\/div>\n<\/div><\/div>\n\n\n\n<div id=\"col-gm33068b\" class=\"wp-block-gutentor-m2-col col-gm33068b gutentor-module gutentor-dynamic-single-column grid-lg-6 grid-md-4 grid-12\"><div id=\"section-gm33068b\" class=\"section-gm33068b gutentor-single-col has-color-bg has-custom-bg\">\n<div id=\"section-gc7a598\" class=\"wp-block-gutentor-e0 section-gc7a598 gutentor-element gutentor-element-advanced-text\"><div class=\"gutentor-text-wrap\"><h4 class=\"gutentor-text\">Pr\u00e9stamo externo<\/h4><\/div><\/div>\n\n\n\n<div id=\"section-gcf4d33\" class=\"wp-block-gutentor-e6 section-gcf4d33 gutentor-element gutentor-element-image\"><div class=\"gutentor-element-image-box\"><div class=\"gutentor-image-thumb\"><img decoding=\"async\" class=\"normal-image\" src=\"http:\/\/www.esmuc.cat\/wp-content\/uploads\/2021\/05\/esmuc-parc.jpg\" alt=\"Esmuc Parc\" \/><\/div><\/div><\/div>\n\n\n\n<div id=\"section-ga80dea\" class=\"wp-block-gutentor-e0 section-ga80dea gutentor-element gutentor-element-advanced-text\"><div class=\"gutentor-text-wrap\"><p class=\"gutentor-text\">El pr\u00e9stamo externo es un servicio del parque de instrumentos para cubrir los casos excepcionales en los que el alumnado necesita sacar instrumentos fuera del recinto de la Escuela.<\/p><\/div><\/div>\n<\/div><\/div>\n\n\n\n<div id=\"col-gmd88b64\" class=\"wp-block-gutentor-m2-col col-gmd88b64 gutentor-module gutentor-dynamic-single-column grid-lg-6 grid-md-4 grid-12\"><div id=\"section-gmd88b64\" class=\"section-gmd88b64 gutentor-single-col has-color-bg has-custom-bg\">\n<div id=\"section-g042d82\" class=\"wp-block-gutentor-e0 section-g042d82 gutentor-element gutentor-element-advanced-text\"><div class=\"gutentor-text-wrap\"><h4 class=\"gutentor-text\">Pr\u00e9stamo por actividades<\/h4><\/div><\/div>\n\n\n\n<div id=\"section-ge1700f\" class=\"wp-block-gutentor-e6 section-ge1700f gutentor-element gutentor-element-image\"><div class=\"gutentor-element-image-box\"><div class=\"gutentor-image-thumb\"><img decoding=\"async\" class=\"normal-image\" src=\"http:\/\/www.esmuc.cat\/wp-content\/uploads\/2021\/05\/FotosEspais-1-billboard-magazine.jpg\" \/><\/div><\/div><\/div>\n\n\n\n<div id=\"section-gd2d181\" class=\"wp-block-gutentor-e0 section-gd2d181 gutentor-element gutentor-element-advanced-text\"><div class=\"gutentor-text-wrap\"><p class=\"gutentor-text\">Por las diferentes actividades producidas fuera de las instalaciones de la ESMUC o que requieren de la coordinaci\u00f3n de varios servicios se activa el pr\u00e9stamo por actividades que se gestiona desde el aplicativo de actividades.<\/p><\/div><\/div>\n<\/div><\/div>\n\n\n\n<div id=\"col-gm189e88\" class=\"wp-block-gutentor-m2-col col-gm189e88 gutentor-module gutentor-dynamic-single-column grid-lg-6 grid-md-4 grid-12\"><div id=\"section-gm189e88\" class=\"section-gm189e88 gutentor-single-col has-color-bg has-custom-bg\">\n<div id=\"section-g47b5dc\" class=\"wp-block-gutentor-e0 section-g47b5dc gutentor-element gutentor-element-advanced-text\"><div class=\"gutentor-text-wrap\"><h4 class=\"gutentor-text\">Pr\u00e9stamo conciertos finales<\/h4><\/div><\/div>\n\n\n\n<div id=\"section-g492183\" class=\"wp-block-gutentor-e6 section-g492183 gutentor-element gutentor-element-image\"><div class=\"gutentor-element-image-box\"><div class=\"gutentor-image-thumb\"><img decoding=\"async\" class=\"normal-image\" src=\"http:\/\/www.esmuc.cat\/wp-content\/uploads\/2021\/05\/ConcertFinals-billboard-magazine.jpg\" \/><\/div><\/div><\/div>\n\n\n\n<div id=\"section-g469a85\" class=\"wp-block-gutentor-e0 section-g469a85 gutentor-element gutentor-element-advanced-text\"><div class=\"gutentor-text-wrap\"><p class=\"gutentor-text\">Servicio de pr\u00e9stamo espec\u00edfico para el per\u00edodo de conciertos finales de abril a julio en el que el alumnado puede solicitar equipamiento instrumental para el d\u00eda de su concierto.<\/p><\/div><\/div>\n<\/div><\/div>\n\n\n\n<div id=\"col-gmc8eb58\" class=\"wp-block-gutentor-m2-col col-gmc8eb58 gutentor-module gutentor-dynamic-single-column grid-lg-6 grid-md-4 grid-12\"><div id=\"section-gmc8eb58\" class=\"section-gmc8eb58 gutentor-single-col has-color-bg has-custom-bg\">\n<div id=\"section-g49f863\" class=\"wp-block-gutentor-e0 section-g49f863 gutentor-element gutentor-element-advanced-text\"><div class=\"gutentor-text-wrap\"><h4 class=\"gutentor-text\">Pruebas de acceso<\/h4><\/div><\/div>\n\n\n\n<div id=\"section-ga40bbe\" class=\"wp-block-gutentor-e6 section-ga40bbe gutentor-element gutentor-element-image\"><div class=\"gutentor-element-image-box\"><div class=\"gutentor-image-thumb\"><img decoding=\"async\" class=\"normal-image\" src=\"http:\/\/www.esmuc.cat\/wp-content\/uploads\/2021\/05\/A113A-billboard-magazine.jpg\" \/><\/div><\/div><\/div>\n\n\n\n<div id=\"section-g4b59cf\" class=\"wp-block-gutentor-e0 section-g4b59cf gutentor-element gutentor-element-advanced-text\"><div class=\"gutentor-text-wrap\"><p class=\"gutentor-text\">Gu\u00eda para personas candidatas a las pruebas de acceso a nivel de equipamiento instrumental<\/p><\/div><\/div>\n<\/div><\/div>\n<\/div><\/div><\/section>\n<\/div>\n<\/div>\n\n\n\n<p><\/p>\n","protected":false},"excerpt":{"rendered":"<p>Pr\u00e9stamo, cesi\u00f3n y alquiler<\/p>\n","protected":false},"author":4,"featured_media":0,"parent":39237,"menu_order":0,"comment_status":"closed","ping_status":"closed","template":"","meta":{"_acf_changed":false,"_themeisle_gutenberg_block_has_review":false,"footnotes":""},"categories":[1314],"tags":[],"class_list":["post-39238","page","type-page","status-publish","hentry","category-parc-dinstruments-es"],"acf":[],"publishpress_future_action":{"enabled":false,"date":"2026-04-12 17:49:01","action":"change-status","newStatus":"draft","terms":[],"taxonomy":"category","extraData":[]},"publishpress_future_workflow_manual_trigger":{"enabledWorkflows":[]},"_links":{"self":[{"href":"https:\/\/www.esmuc.cat\/es\/wp-json\/wp\/v2\/pages\/39238","targetHints":{"allow":["GET"]}}],"collection":[{"href":"https:\/\/www.esmuc.cat\/es\/wp-json\/wp\/v2\/pages"}],"about":[{"href":"https:\/\/www.esmuc.cat\/es\/wp-json\/wp\/v2\/types\/page"}],"author":[{"embeddable":true,"href":"https:\/\/www.esmuc.cat\/es\/wp-json\/wp\/v2\/users\/4"}],"replies":[{"embeddable":true,"href":"https:\/\/www.esmuc.cat\/es\/wp-json\/wp\/v2\/comments?post=39238"}],"version-history":[{"count":8,"href":"https:\/\/www.esmuc.cat\/es\/wp-json\/wp\/v2\/pages\/39238\/revisions"}],"predecessor-version":[{"id":111789,"href":"https:\/\/www.esmuc.cat\/es\/wp-json\/wp\/v2\/pages\/39238\/revisions\/111789"}],"up":[{"embeddable":true,"href":"https:\/\/www.esmuc.cat\/es\/wp-json\/wp\/v2\/pages\/39237"}],"wp:attachment":[{"href":"https:\/\/www.esmuc.cat\/es\/wp-json\/wp\/v2\/media?parent=39238"}],"wp:term":[{"taxonomy":"category","embeddable":true,"href":"https:\/\/www.esmuc.cat\/es\/wp-json\/wp\/v2\/categories?post=39238"},{"taxonomy":"post_tag","embeddable":true,"href":"https:\/\/www.esmuc.cat\/es\/wp-json\/wp\/v2\/tags?post=39238"}],"curies":[{"name":"wp","href":"https:\/\/api.w.org\/{rel}","templated":true}]}}