{"id":39237,"date":"2021-05-20T13:12:14","date_gmt":"2021-05-20T11:12:14","guid":{"rendered":"https:\/\/www.esmuc.cat\/parc-dinstruments-coneix-nos\/"},"modified":"2023-05-22T13:58:49","modified_gmt":"2023-05-22T11:58:49","slug":"parque-instrumentos","status":"publish","type":"page","link":"https:\/\/www.esmuc.cat\/es\/servicios\/parque-instrumentos\/","title":{"rendered":"Parque de instrumentos"},"content":{"rendered":"\n<div class=\"wp-block-columns is-layout-flex wp-container-core-columns-is-layout-9d6595d7 wp-block-columns-is-layout-flex\">\n<div class=\"wp-block-column esmuc__Menu_Masters d-none d-lg-block is-layout-flow wp-block-column-is-layout-flow\" style=\"flex-basis:33.33%\">\n\n<\/div>\n\n\n\n<div class=\"wp-block-column is-layout-flow wp-block-column-is-layout-flow\" style=\"flex-basis:66.66%\"><div class=\"breadcrumbs align  wp-block-bcn-breadcrumb-trail has-text-color has-background\" vocab=\"https:\/\/schema.org\/\" typeof=\"BreadcrumbList\">\n\t<span><\/span>\n\t<span property=\"itemListElement\" typeof=\"ListItem\"><a property=\"item\" typeof=\"WebPage\" title=\"Ir a ESMUC.\" href=\"https:\/\/www.esmuc.cat\/es\/\" class=\"home\" ><span property=\"name\">ESMUC<\/span><\/a><meta property=\"position\" content=\"1\"><\/span> &gt; <span property=\"itemListElement\" typeof=\"ListItem\"><a property=\"item\" typeof=\"WebPage\" title=\"Ir a Servicios.\" href=\"https:\/\/www.esmuc.cat\/es\/servicios\/\" class=\"post post-page\" ><span property=\"name\">Servicios<\/span><\/a><meta property=\"position\" content=\"2\"><\/span> &gt; <span property=\"itemListElement\" typeof=\"ListItem\"><span property=\"name\" class=\"post post-page current-item\">Parque de instrumentos<\/span><meta property=\"url\" content=\"https:\/\/www.esmuc.cat\/es\/servicios\/parque-instrumentos\/\"><meta property=\"position\" content=\"3\"><\/span><\/div>\n\n\n\n<h1 class=\"wp-block-heading\">Parque de instrumentos<\/h1>\n\n\n\n<div class=\"wp-block-columns is-layout-flex wp-container-core-columns-is-layout-9d6595d7 wp-block-columns-is-layout-flex\">\n<div class=\"wp-block-column is-layout-flow wp-block-column-is-layout-flow\">\n<h3 class=\"wp-block-heading\">\u00a1Con\u00f3cenos!<\/h3>\n\n\n\n<ul class=\"wp-block-social-links is-style-logos-only is-layout-flex wp-block-social-links-is-layout-flex\"><li class=\"wp-social-link wp-social-link-facebook  wp-block-social-link\"><a rel=\"noopener nofollow\" target=\"_blank\" href=\"https:\/\/www.facebook.com\/parcinstruments\/\" class=\"wp-block-social-link-anchor\"><svg width=\"24\" height=\"24\" viewBox=\"0 0 24 24\" version=\"1.1\" xmlns=\"http:\/\/www.w3.org\/2000\/svg\" aria-hidden=\"true\" focusable=\"false\"><path d=\"M12 2C6.5 2 2 6.5 2 12c0 5 3.7 9.1 8.4 9.9v-7H7.9V12h2.5V9.8c0-2.5 1.5-3.9 3.8-3.9 1.1 0 2.2.2 2.2.2v2.5h-1.3c-1.2 0-1.6.8-1.6 1.6V12h2.8l-.4 2.9h-2.3v7C18.3 21.1 22 17 22 12c0-5.5-4.5-10-10-10z\"><\/path><\/svg><span class=\"wp-block-social-link-label screen-reader-text\">Facebook<\/span><\/a><\/li>\n\n<li class=\"wp-social-link wp-social-link-twitter  wp-block-social-link\"><a rel=\"noopener nofollow\" target=\"_blank\" href=\"https:\/\/twitter.com\/parcinstruments\" class=\"wp-block-social-link-anchor\"><svg width=\"24\" height=\"24\" viewBox=\"0 0 24 24\" version=\"1.1\" xmlns=\"http:\/\/www.w3.org\/2000\/svg\" aria-hidden=\"true\" focusable=\"false\"><path d=\"M22.23,5.924c-0.736,0.326-1.527,0.547-2.357,0.646c0.847-0.508,1.498-1.312,1.804-2.27 c-0.793,0.47-1.671,0.812-2.606,0.996C18.324,4.498,17.257,4,16.077,4c-2.266,0-4.103,1.837-4.103,4.103 c0,0.322,0.036,0.635,0.106,0.935C8.67,8.867,5.647,7.234,3.623,4.751C3.27,5.357,3.067,6.062,3.067,6.814 c0,1.424,0.724,2.679,1.825,3.415c-0.673-0.021-1.305-0.206-1.859-0.513c0,0.017,0,0.034,0,0.052c0,1.988,1.414,3.647,3.292,4.023 c-0.344,0.094-0.707,0.144-1.081,0.144c-0.264,0-0.521-0.026-0.772-0.074c0.522,1.63,2.038,2.816,3.833,2.85 c-1.404,1.1-3.174,1.756-5.096,1.756c-0.331,0-0.658-0.019-0.979-0.057c1.816,1.164,3.973,1.843,6.29,1.843 c7.547,0,11.675-6.252,11.675-11.675c0-0.178-0.004-0.355-0.012-0.531C20.985,7.47,21.68,6.747,22.23,5.924z\"><\/path><\/svg><span class=\"wp-block-social-link-label screen-reader-text\">Twitter<\/span><\/a><\/li>\n\n<li class=\"wp-social-link wp-social-link-youtube  wp-block-social-link\"><a rel=\"noopener nofollow\" target=\"_blank\" href=\"https:\/\/www.youtube.com\/user\/parcinstruments\" class=\"wp-block-social-link-anchor\"><svg width=\"24\" height=\"24\" viewBox=\"0 0 24 24\" version=\"1.1\" xmlns=\"http:\/\/www.w3.org\/2000\/svg\" aria-hidden=\"true\" focusable=\"false\"><path d=\"M21.8,8.001c0,0-0.195-1.378-0.795-1.985c-0.76-0.797-1.613-0.801-2.004-0.847c-2.799-0.202-6.997-0.202-6.997-0.202 h-0.009c0,0-4.198,0-6.997,0.202C4.608,5.216,3.756,5.22,2.995,6.016C2.395,6.623,2.2,8.001,2.2,8.001S2,9.62,2,11.238v1.517 c0,1.618,0.2,3.237,0.2,3.237s0.195,1.378,0.795,1.985c0.761,0.797,1.76,0.771,2.205,0.855c1.6,0.153,6.8,0.201,6.8,0.201 s4.203-0.006,7.001-0.209c0.391-0.047,1.243-0.051,2.004-0.847c0.6-0.607,0.795-1.985,0.795-1.985s0.2-1.618,0.2-3.237v-1.517 C22,9.62,21.8,8.001,21.8,8.001z M9.935,14.594l-0.001-5.62l5.404,2.82L9.935,14.594z\"><\/path><\/svg><span class=\"wp-block-social-link-label screen-reader-text\">YouTube<\/span><\/a><\/li>\n\n<li class=\"wp-social-link wp-social-link-instagram  wp-block-social-link\"><a rel=\"noopener nofollow\" target=\"_blank\" href=\"https:\/\/www.instagram.com\/parcinstruments\/\" class=\"wp-block-social-link-anchor\"><svg width=\"24\" height=\"24\" viewBox=\"0 0 24 24\" version=\"1.1\" xmlns=\"http:\/\/www.w3.org\/2000\/svg\" aria-hidden=\"true\" focusable=\"false\"><path d=\"M12,4.622c2.403,0,2.688,0.009,3.637,0.052c0.877,0.04,1.354,0.187,1.671,0.31c0.42,0.163,0.72,0.358,1.035,0.673 c0.315,0.315,0.51,0.615,0.673,1.035c0.123,0.317,0.27,0.794,0.31,1.671c0.043,0.949,0.052,1.234,0.052,3.637 s-0.009,2.688-0.052,3.637c-0.04,0.877-0.187,1.354-0.31,1.671c-0.163,0.42-0.358,0.72-0.673,1.035 c-0.315,0.315-0.615,0.51-1.035,0.673c-0.317,0.123-0.794,0.27-1.671,0.31c-0.949,0.043-1.233,0.052-3.637,0.052 s-2.688-0.009-3.637-0.052c-0.877-0.04-1.354-0.187-1.671-0.31c-0.42-0.163-0.72-0.358-1.035-0.673 c-0.315-0.315-0.51-0.615-0.673-1.035c-0.123-0.317-0.27-0.794-0.31-1.671C4.631,14.688,4.622,14.403,4.622,12 s0.009-2.688,0.052-3.637c0.04-0.877,0.187-1.354,0.31-1.671c0.163-0.42,0.358-0.72,0.673-1.035 c0.315-0.315,0.615-0.51,1.035-0.673c0.317-0.123,0.794-0.27,1.671-0.31C9.312,4.631,9.597,4.622,12,4.622 M12,3 C9.556,3,9.249,3.01,8.289,3.054C7.331,3.098,6.677,3.25,6.105,3.472C5.513,3.702,5.011,4.01,4.511,4.511 c-0.5,0.5-0.808,1.002-1.038,1.594C3.25,6.677,3.098,7.331,3.054,8.289C3.01,9.249,3,9.556,3,12c0,2.444,0.01,2.751,0.054,3.711 c0.044,0.958,0.196,1.612,0.418,2.185c0.23,0.592,0.538,1.094,1.038,1.594c0.5,0.5,1.002,0.808,1.594,1.038 c0.572,0.222,1.227,0.375,2.185,0.418C9.249,20.99,9.556,21,12,21s2.751-0.01,3.711-0.054c0.958-0.044,1.612-0.196,2.185-0.418 c0.592-0.23,1.094-0.538,1.594-1.038c0.5-0.5,0.808-1.002,1.038-1.594c0.222-0.572,0.375-1.227,0.418-2.185 C20.99,14.751,21,14.444,21,12s-0.01-2.751-0.054-3.711c-0.044-0.958-0.196-1.612-0.418-2.185c-0.23-0.592-0.538-1.094-1.038-1.594 c-0.5-0.5-1.002-0.808-1.594-1.038c-0.572-0.222-1.227-0.375-2.185-0.418C14.751,3.01,14.444,3,12,3L12,3z M12,7.378 c-2.552,0-4.622,2.069-4.622,4.622S9.448,16.622,12,16.622s4.622-2.069,4.622-4.622S14.552,7.378,12,7.378z M12,15 c-1.657,0-3-1.343-3-3s1.343-3,3-3s3,1.343,3,3S13.657,15,12,15z M16.804,6.116c-0.596,0-1.08,0.484-1.08,1.08 s0.484,1.08,1.08,1.08c0.596,0,1.08-0.484,1.08-1.08S17.401,6.116,16.804,6.116z\"><\/path><\/svg><span class=\"wp-block-social-link-label screen-reader-text\">Instagram<\/span><\/a><\/li><\/ul>\n<\/div>\n\n\n\n<div class=\"wp-block-column is-layout-flow wp-block-column-is-layout-flow\"><\/div>\n\n\n\n<div class=\"wp-block-column is-layout-flow wp-block-column-is-layout-flow\">\n<figure class=\"wp-block-image size-full\"><a href=\"https:\/\/esmuc.sharepoint.com\/sites\/INSTRUMENTS\" target=\"_blank\" rel=\"noopener\"><img decoding=\"async\" width=\"1600\" height=\"900\" src=\"http:\/\/www.esmuc.cat\/wp-content\/uploads\/2022\/10\/PORTAL-PARC-1.png\" alt=\"Portal Parc 1\" class=\"wp-image-65637\" srcset=\"https:\/\/www.esmuc.cat\/wp-content\/uploads\/2022\/10\/PORTAL-PARC-1.png 1600w, https:\/\/www.esmuc.cat\/wp-content\/uploads\/2022\/10\/PORTAL-PARC-1-300x169.png 300w, https:\/\/www.esmuc.cat\/wp-content\/uploads\/2022\/10\/PORTAL-PARC-1-1024x576.png 1024w, https:\/\/www.esmuc.cat\/wp-content\/uploads\/2022\/10\/PORTAL-PARC-1-768x432.png 768w, https:\/\/www.esmuc.cat\/wp-content\/uploads\/2022\/10\/PORTAL-PARC-1-1536x864.png 1536w\" sizes=\"(max-width: 1600px) 100vw, 1600px\" \/><\/a><\/figure>\n<\/div>\n<\/div>\n\n\n\n<div style=\"height:10px\" aria-hidden=\"true\" class=\"wp-block-spacer\"><\/div>\n\n\n<figure class=\"wp-block-post-featured-image\"><img decoding=\"async\" width=\"1040\" height=\"584\" src=\"https:\/\/www.esmuc.cat\/wp-content\/uploads\/2021\/05\/parc-instruments.jpg\" class=\"attachment-post-thumbnail size-post-thumbnail wp-post-image\" alt=\"parc-instruments\" style=\"object-fit:cover;\" srcset=\"https:\/\/www.esmuc.cat\/wp-content\/uploads\/2021\/05\/parc-instruments.jpg 1040w, https:\/\/www.esmuc.cat\/wp-content\/uploads\/2021\/05\/parc-instruments-300x168.jpg 300w, https:\/\/www.esmuc.cat\/wp-content\/uploads\/2021\/05\/parc-instruments-1024x575.jpg 1024w, https:\/\/www.esmuc.cat\/wp-content\/uploads\/2021\/05\/parc-instruments-768x431.jpg 768w\" sizes=\"(max-width: 1040px) 100vw, 1040px\" title=\"parc-instruments\" \/><\/figure>\n\n\n<div style=\"height:20px\" aria-hidden=\"true\" class=\"wp-block-spacer\"><\/div>\n\n\n\n<h4 class=\"wp-block-heading\">Misi\u00f3n<\/h4>\n\n\n\n<div style=\"height:10px\" aria-hidden=\"true\" class=\"wp-block-spacer\"><\/div>\n\n\n\n<div id=\"section-g1a30c4\" class=\"wp-block-gutentor-e0 section-g1a30c4 gutentor-element gutentor-element-advanced-text\"><div class=\"gutentor-text-wrap\"><p class=\"gutentor-text\">La misi\u00f3n del Parque de Instrumentos es coordinar todos los recursos instrumentales de la Escola Superior de M\u00fasica de Catalunya y hacerlos efectivos en el d\u00eda a d\u00eda de la actividad acad\u00e9mica, colaborando as\u00ed en la formaci\u00f3n y creatividad de la comunidad de la Escuela y de la sociedad musical en general. Queremos mantener y renovar un parque de instrumentos para prestarlos al alumnado, al profesorado y a instituciones externas.<\/p><\/div><\/div>\n\n\n\n<div id=\"section-ga25aef\" class=\"wp-block-gutentor-e0 section-ga25aef gutentor-element gutentor-element-advanced-text\"><div class=\"gutentor-text-wrap\"><p class=\"gutentor-text\"><a href=\"https:\/\/aplicacions.economia.gencat.cat\/wpres\/AppPHP\/2022\/pdf\/MP_8220.pdf\" target=\"_blank\" rel=\"noreferrer noopener\"><em>MEM\u00d2RIES DE PROGRAMES<\/em> 2022 (Proyecto)<\/a>.<\/p><\/div><\/div>\n\n\n\n<div style=\"height:20px\" aria-hidden=\"true\" class=\"wp-block-spacer\"><\/div>\n\n\n\n<h4 class=\"wp-block-heading\">Equipo<\/h4>\n\n\n\n<div style=\"height:10px\" aria-hidden=\"true\" class=\"wp-block-spacer\"><\/div>\n\n\n\n<div id=\"section-g64b893\" class=\"wp-block-gutentor-e0 section-g64b893 gutentor-element gutentor-element-advanced-text\"><div class=\"gutentor-text-wrap\"><p class=\"gutentor-text\">El equipo del parque de instrumentos est\u00e1 formado por personal constructor, t\u00e9cnico y experto en instrumentos musicales coordinados por una oficina t\u00e9cnica.<\/p><\/div><\/div>\n\n\n\n<div style=\"height:10px\" aria-hidden=\"true\" class=\"wp-block-spacer\"><\/div>\n\n\n\n<table id=\"tablepress-542\" class=\"tablepress tablepress-id-542 tbody-has-connected-cells\">\n<tbody class=\"row-striping row-hover\">\n<tr class=\"row-1\">\n\t<td colspan=\"2\" class=\"column-1\">Personal interno<\/td>\n<\/tr>\n<tr class=\"row-2\">\n\t<td class=\"column-1\">T\u00e9cnico del Parque de instrumentos<\/td><td class=\"column-2\">Oscar Ibars<\/td>\n<\/tr>\n<tr class=\"row-3\">\n\t<td colspan=\"2\" class=\"column-1\">Personal externo<\/td>\n<\/tr>\n<tr class=\"row-4\">\n\t<td class=\"column-1\">Mantenimiento pianos\t<\/td><td class=\"column-2\">Jorquera Pianos<\/td>\n<\/tr>\n<tr class=\"row-5\">\n\t<td class=\"column-1\">Mantenimiento Clavic\u00e9mbalos<\/td><td class=\"column-2\">\u00c0ngel Villagrassa<\/td>\n<\/tr>\n<tr class=\"row-6\">\n\t<td class=\"column-1\">Mantenimiento \u00d3rgano<\/td><td class=\"column-2\">Grenzing<\/td>\n<\/tr>\n<tr class=\"row-7\">\n\t<td class=\"column-1\">Mantenimiento instrumentos de viento<\/td><td class=\"column-2\">Varios proveedores<\/td>\n<\/tr>\n<tr class=\"row-8\">\n\t<td class=\"column-1\">Mantenimiento instrumentos de cuerda<\/td><td class=\"column-2\">Anna Andreu<\/td>\n<\/tr>\n<tr class=\"row-9\">\n\t<td class=\"column-1\">Mantenimiento instrumentos de percusi\u00f3n<\/td><td class=\"column-2\">Sforzando<\/td>\n<\/tr>\n<tr class=\"row-10\">\n\t<td class=\"column-1\">Mantenimiento instrumentos electr\u00f3nicos y electrificados<\/td><td class=\"column-2\">Setem<\/td>\n<\/tr>\n<tr class=\"row-11\">\n\t<td class=\"column-1\">Seguros<\/td><td class=\"column-2\">Casablancas<\/td>\n<\/tr>\n<tr class=\"row-12\">\n\t<td class=\"column-1\">Transporte<\/td><td class=\"column-2\">Transports Ag\u00fcera; Transports Ramex<\/td>\n<\/tr>\n<\/tbody>\n<\/table>\n<!-- #tablepress-542 from cache -->\n\n\n\n<div style=\"height:20px\" aria-hidden=\"true\" class=\"wp-block-spacer\"><\/div>\n\n\n\n<h4 class=\"wp-block-heading\">Contacto y acceso<\/h4>\n\n\n\n<div style=\"height:10px\" aria-hidden=\"true\" class=\"wp-block-spacer\"><\/div>\n\n\n\n<table id=\"tablepress-468\" class=\"tablepress tablepress-id-468\">\n<tbody class=\"row-striping row-hover\">\n<tr class=\"row-1\">\n\t<td class=\"column-1\">Horario de atenci\u00f3n<\/td><td class=\"column-2\">B202<\/td><td class=\"column-3\">Lunes y mi\u00e9rcoles de 14 a 16 h.<\/td>\n<\/tr>\n<tr class=\"row-2\">\n\t<td class=\"column-1\">Servicio de pr\u00e9stamo interno<\/td><td class=\"column-2\">B204<\/td><td class=\"column-3\">Desde la apertura del centro hasta <br>30 minutos antes del cierre.<\/td>\n<\/tr>\n<tr class=\"row-3\">\n\t<td class=\"column-1\">Servicio de taller<\/td><td class=\"column-2\">A308<\/td><td class=\"column-3\">Cita pr\u00e8via: instruments@esmuc.cat<\/td>\n<\/tr>\n<\/tbody>\n<\/table>\n<!-- #tablepress-468 from cache -->\n\n\n\n<section id=\"gmd177c16\" class=\"wp-block-gutentor-m2 section-gmd177c16 gutentor-module gutentor-dynamic-columns\"><div class=\"grid-container\"><div class=\"grid-row\">\n<div id=\"col-gm7b1489\" class=\"wp-block-gutentor-m2-col col-gm7b1489 gutentor-module gutentor-dynamic-single-column grid-lg-6 grid-md-4 grid-12\"><div id=\"section-gm7b1489\" class=\"section-gm7b1489 gutentor-single-col\">\n<div id=\"section-ga8b070\" class=\"wp-block-gutentor-e7 section-ga8b070 gutentor-element gutentor-element-list\"><ul class=\"grid-row gutentor-grid-item-wrap list-indicator-icon\"><li class=\"gutentor-list-item grid-lg-12 grid-md-12 grid-12\"><span class=\"gutentor-single-item gutentor-single-item-0\"><span class=\"gutentor-list-item-wrap g-s-list-wrap\"><span class=\"gutentor-single-list-item-icon\"><i class=\"list-item-icon fas fa-envelope\"><\/i><\/span><span class=\"gutentor-list-item\"><p class=\"gutentor-single-item-title\"><em>instruments@esmuc.cat<\/em><\/p><\/span><\/span><\/span><\/li><\/ul><\/div>\n\n\n\n<div id=\"section-g96cb51\" class=\"wp-block-gutentor-e0 section-g96cb51 gutentor-element gutentor-element-advanced-text\"><div class=\"gutentor-text-wrap\"><p class=\"gutentor-text\">C\/Padilla, 155 (Edifici&nbsp;<em>L\u2019Auditori)<\/em><br>08013 Barcelona<br>(+34) 93 352 30 11 (<strong>ext. 4174<\/strong>)<\/p><\/div><\/div>\n\n\n\n<section id=\"gmbfb6ed1\" class=\"wp-block-gutentor-m3 section-gmbfb6ed1 gutentor-module gutentor-container-cover\"><div class=\"grid-container\"><\/div><\/section>\n\n\n\n<div style=\"height:18px\" aria-hidden=\"true\" class=\"wp-block-spacer\"><\/div>\n\n\n\n<ul class=\"wp-block-social-links is-style-logos-only is-content-justification-center is-layout-flex wp-container-core-social-links-is-layout-16018d1d wp-block-social-links-is-layout-flex\"><\/ul>\n<\/div><\/div>\n<\/div><\/div><\/section>\n<\/div>\n<\/div>\n","protected":false},"excerpt":{"rendered":"<p>Parque de instrumentos \u00a1Con\u00f3cenos! Misi\u00f3n Equipo Contacto y acceso<\/p>\n","protected":false},"author":4,"featured_media":9931,"parent":79859,"menu_order":0,"comment_status":"closed","ping_status":"closed","template":"","meta":{"_acf_changed":false,"_themeisle_gutenberg_block_has_review":false,"footnotes":""},"categories":[1314],"tags":[],"class_list":["post-39237","page","type-page","status-publish","has-post-thumbnail","hentry","category-parc-dinstruments-es"],"acf":[],"publishpress_future_action":{"enabled":false,"date":"2026-04-14 01:06:55","action":"change-status","newStatus":"draft","terms":[],"taxonomy":"category","extraData":[]},"publishpress_future_workflow_manual_trigger":{"enabledWorkflows":[]},"_links":{"self":[{"href":"https:\/\/www.esmuc.cat\/es\/wp-json\/wp\/v2\/pages\/39237","targetHints":{"allow":["GET"]}}],"collection":[{"href":"https:\/\/www.esmuc.cat\/es\/wp-json\/wp\/v2\/pages"}],"about":[{"href":"https:\/\/www.esmuc.cat\/es\/wp-json\/wp\/v2\/types\/page"}],"author":[{"embeddable":true,"href":"https:\/\/www.esmuc.cat\/es\/wp-json\/wp\/v2\/users\/4"}],"replies":[{"embeddable":true,"href":"https:\/\/www.esmuc.cat\/es\/wp-json\/wp\/v2\/comments?post=39237"}],"version-history":[{"count":33,"href":"https:\/\/www.esmuc.cat\/es\/wp-json\/wp\/v2\/pages\/39237\/revisions"}],"predecessor-version":[{"id":80606,"href":"https:\/\/www.esmuc.cat\/es\/wp-json\/wp\/v2\/pages\/39237\/revisions\/80606"}],"up":[{"embeddable":true,"href":"https:\/\/www.esmuc.cat\/es\/wp-json\/wp\/v2\/pages\/79859"}],"wp:featuredmedia":[{"embeddable":true,"href":"https:\/\/www.esmuc.cat\/es\/wp-json\/wp\/v2\/media\/9931"}],"wp:attachment":[{"href":"https:\/\/www.esmuc.cat\/es\/wp-json\/wp\/v2\/media?parent=39237"}],"wp:term":[{"taxonomy":"category","embeddable":true,"href":"https:\/\/www.esmuc.cat\/es\/wp-json\/wp\/v2\/categories?post=39237"},{"taxonomy":"post_tag","embeddable":true,"href":"https:\/\/www.esmuc.cat\/es\/wp-json\/wp\/v2\/tags?post=39237"}],"curies":[{"name":"wp","href":"https:\/\/api.w.org\/{rel}","templated":true}]}}