{"id":38620,"date":"2021-06-01T10:42:19","date_gmt":"2021-06-01T08:42:19","guid":{"rendered":"https:\/\/www.esmuc.cat\/conservacio-i-cataleg\/"},"modified":"2022-10-24T17:16:53","modified_gmt":"2022-10-24T15:16:53","slug":"conservacio-i-cataleg","status":"publish","type":"page","link":"https:\/\/www.esmuc.cat\/es\/conservacio-i-cataleg\/","title":{"rendered":"Oficina de audiovisuales &#8211; Conservaci\u00f3n y cat\u00e1logo"},"content":{"rendered":"\n<div class=\"wp-block-columns is-layout-flex wp-container-core-columns-is-layout-9d6595d7 wp-block-columns-is-layout-flex\">\n<div class=\"wp-block-column esmuc__Menu_Masters d-none d-lg-block is-layout-flow wp-block-column-is-layout-flow\" style=\"flex-basis:33.33%\">\n\n\n\n\n<p><\/p>\n<\/div>\n\n\n\n<div class=\"wp-block-column is-layout-flow wp-block-column-is-layout-flow\" style=\"flex-basis:66.66%\"><div class=\"breadcrumbs align  wp-block-bcn-breadcrumb-trail has-text-color has-background\" vocab=\"https:\/\/schema.org\/\" typeof=\"BreadcrumbList\">\n\t<span><\/span>\n\t<span property=\"itemListElement\" typeof=\"ListItem\"><a property=\"item\" typeof=\"WebPage\" title=\"Ir a ESMUC.\" href=\"https:\/\/www.esmuc.cat\/es\/\" class=\"home\" ><span property=\"name\">ESMUC<\/span><\/a><meta property=\"position\" content=\"1\"><\/span> &gt; <span property=\"itemListElement\" typeof=\"ListItem\"><span property=\"name\" class=\"post post-page current-item\">Oficina de audiovisuales &#8211; Conservaci\u00f3n y cat\u00e1logo<\/span><meta property=\"url\" content=\"https:\/\/www.esmuc.cat\/es\/conservacio-i-cataleg\/\"><meta property=\"position\" content=\"2\"><\/span><\/div>\n\n\n\n<h1 class=\"wp-block-heading\">Conservaci\u00f3n y cat\u00e1logo<\/h1>\n\n\n\n<div id=\"section-g744959\" class=\"wp-block-gutentor-e6 section-g744959 gutentor-element gutentor-element-image\"><div class=\"gutentor-element-image-box\"><div class=\"gutentor-image-thumb\"><img decoding=\"async\" class=\"normal-image\" src=\"http:\/\/www.esmuc.cat\/wp-content\/uploads\/2021\/11\/catalogacio.jpg\" alt=\"Catalogacio\" \/><\/div><\/div><\/div>\n\n\n\n<div style=\"height:30px\" aria-hidden=\"true\" class=\"wp-block-spacer\"><\/div>\n\n\n\n<p>La Oficina de Audiovisuales tiene la responsabilidad de velar por la catalogaci\u00f3n provisional y la buena conservaci\u00f3n del fungible registrado en actividades del centro (conciertos, proyectos finales, conferencias).<\/p>\n\n\n\n<p>Por eso ha recopilado y digitalizado todo el material fungible grabado en actividades del centro y, desde marzo de 2010, lo ha almacenado en un <strong>repositorio audiovisual<\/strong> accesible a diversos servicios de la Escuela.<\/p>\n<\/div>\n<\/div>\n","protected":false},"excerpt":{"rendered":"<p>Conservaci\u00f3n y cat\u00e1logo La Oficina de Audiovisuales tiene la responsabilidad de velar por la catalogaci\u00f3n provisional y la buena conservaci\u00f3n del fungible registrado en actividades del centro (conciertos, proyectos finales, conferencias). Por eso ha recopilado y digitalizado todo el material fungible grabado en actividades del centro y, desde marzo de 2010, lo ha almacenado en [&hellip;]<\/p>\n","protected":false},"author":4,"featured_media":0,"parent":0,"menu_order":0,"comment_status":"closed","ping_status":"closed","template":"","meta":{"_acf_changed":false,"_themeisle_gutenberg_block_has_review":false,"footnotes":""},"categories":[1310],"tags":[],"class_list":["post-38620","page","type-page","status-publish","hentry","category-oficina-audiovisuals-es"],"acf":[],"publishpress_future_action":{"enabled":false,"date":"2026-04-27 23:43:19","action":"change-status","newStatus":"draft","terms":[],"taxonomy":"category","extraData":[]},"publishpress_future_workflow_manual_trigger":{"enabledWorkflows":[]},"_links":{"self":[{"href":"https:\/\/www.esmuc.cat\/es\/wp-json\/wp\/v2\/pages\/38620","targetHints":{"allow":["GET"]}}],"collection":[{"href":"https:\/\/www.esmuc.cat\/es\/wp-json\/wp\/v2\/pages"}],"about":[{"href":"https:\/\/www.esmuc.cat\/es\/wp-json\/wp\/v2\/types\/page"}],"author":[{"embeddable":true,"href":"https:\/\/www.esmuc.cat\/es\/wp-json\/wp\/v2\/users\/4"}],"replies":[{"embeddable":true,"href":"https:\/\/www.esmuc.cat\/es\/wp-json\/wp\/v2\/comments?post=38620"}],"version-history":[{"count":4,"href":"https:\/\/www.esmuc.cat\/es\/wp-json\/wp\/v2\/pages\/38620\/revisions"}],"predecessor-version":[{"id":65180,"href":"https:\/\/www.esmuc.cat\/es\/wp-json\/wp\/v2\/pages\/38620\/revisions\/65180"}],"wp:attachment":[{"href":"https:\/\/www.esmuc.cat\/es\/wp-json\/wp\/v2\/media?parent=38620"}],"wp:term":[{"taxonomy":"category","embeddable":true,"href":"https:\/\/www.esmuc.cat\/es\/wp-json\/wp\/v2\/categories?post=38620"},{"taxonomy":"post_tag","embeddable":true,"href":"https:\/\/www.esmuc.cat\/es\/wp-json\/wp\/v2\/tags?post=38620"}],"curies":[{"name":"wp","href":"https:\/\/api.w.org\/{rel}","templated":true}]}}