{"id":38619,"date":"2021-06-03T09:52:30","date_gmt":"2021-06-03T07:52:30","guid":{"rendered":"https:\/\/www.esmuc.cat\/suport-tecnic\/"},"modified":"2023-03-23T17:10:39","modified_gmt":"2023-03-23T16:10:39","slug":"suport-tecnic","status":"publish","type":"page","link":"https:\/\/www.esmuc.cat\/es\/suport-tecnic\/","title":{"rendered":"Oficina de audiovisuales &#8211; Soporte t\u00e9cnico"},"content":{"rendered":"\n<div class=\"wp-block-columns is-layout-flex wp-container-core-columns-is-layout-9d6595d7 wp-block-columns-is-layout-flex\">\n<div class=\"wp-block-column esmuc__Menu_Masters d-none d-lg-block is-layout-flow wp-block-column-is-layout-flow\" style=\"flex-basis:33.33%\">\n\n\n\n\n<p><\/p>\n<\/div>\n\n\n\n<div class=\"wp-block-column is-layout-flow wp-block-column-is-layout-flow\" style=\"flex-basis:66.66%\"><div class=\"breadcrumbs align  wp-block-bcn-breadcrumb-trail has-text-color has-background\" vocab=\"https:\/\/schema.org\/\" typeof=\"BreadcrumbList\">\n\t<span><\/span>\n\t<span property=\"itemListElement\" typeof=\"ListItem\"><a property=\"item\" typeof=\"WebPage\" title=\"Ir a ESMUC.\" href=\"https:\/\/www.esmuc.cat\/es\/\" class=\"home\" ><span property=\"name\">ESMUC<\/span><\/a><meta property=\"position\" content=\"1\"><\/span> &gt; <span property=\"itemListElement\" typeof=\"ListItem\"><span property=\"name\" class=\"post post-page current-item\">Oficina de audiovisuales &#8211; Soporte t\u00e9cnico<\/span><meta property=\"url\" content=\"https:\/\/www.esmuc.cat\/es\/suport-tecnic\/\"><meta property=\"position\" content=\"2\"><\/span><\/div>\n\n\n\n<h1 class=\"wp-block-heading\">Soporte t\u00e9cnico<\/h1>\n\n\n\n<div id=\"section-g8db5ce\" class=\"wp-block-gutentor-e6 section-g8db5ce gutentor-element gutentor-element-image gutentor-enabled-width\"><div class=\"gutentor-element-image-box\"><div class=\"gutentor-image-thumb\"><img decoding=\"async\" class=\"normal-image\" src=\"http:\/\/www.esmuc.cat\/wp-content\/uploads\/2021\/05\/suport-tecnic.jpg\" \/><\/div><\/div><\/div>\n\n\n\n<section id=\"222fa9\" class=\"section-222fa9 gutentor-module gutentor-module-accordion gutentor-module-accordion-enable-toggle\"><div class=\"grid-container\">\n<div id=\"a2f1f8\" class=\"wp-block-gutentor-m6-item section-a2f1f8 gutentor-module gutentor-module-accordion-item\"><div class=\"gutentor-module-accordion-panel g-a-panel-222fa9 gutentor-module-accordion-active\"><div class=\"gm-ah-222fa9 gutentor-module-accordion-item-heading gutentor-module-icon-position-right\"><span class=\"gutentor-module-accordion-panel-handler\" role=\"button\"><span class=\"gutentor-module-accordion-panel-handler-label\">En el \u00e1mbito de la producci\u00f3n<\/span><span class=\"gutentor-module-accordion-icon gutentor-module-accordion-icon-active\"><i class=\"gm-aio-222fa9 gutentor-module-accordion-icon-open fas fa-plus\"><\/i><i class=\"gm-aic-222fa9 gutentor-module-accordion-icon-close fas fa-minus\"><\/i><\/span><\/span><\/div><div class=\"gm-ab-222fa9 gutentor-module-accordion-body\">\n<div id=\"section-g10fb56\" class=\"wp-block-gutentor-e0 section-g10fb56 gutentor-element gutentor-element-advanced-text\"><div class=\"gutentor-text-wrap\"><p class=\"gutentor-text\">Cuando se requiera, la Oficina realizar\u00e1 valoraciones t\u00e9cnicas en el \u00e1mbito audiovisual de producciones de la escuela (valoraciones t\u00e9cnicas para los ciclos de conciertos, conferencias, realizaci\u00f3n de DVDs,\u2026) y pondr\u00e1 a disposici\u00f3n el equipamiento de que disponga.<\/p><\/div><\/div>\n\n\n\n<div id=\"section-g0c181a\" class=\"wp-block-gutentor-e0 section-g0c181a gutentor-element gutentor-element-advanced-text\"><div class=\"gutentor-text-wrap\"><p class=\"gutentor-text\">Tambi\u00e9n se encargar\u00e1 del contacto con proveedores, SATs y otros agentes t\u00e9cnicos y creativos del \u00e1mbito audiovisual (contacto con personal t\u00e9cnico de L&#8217;Auditori, responsables de eventos, etc.).<\/p><\/div><\/div>\n<\/div><\/div><\/div>\n\n\n\n<div id=\"d4f517\" class=\"wp-block-gutentor-m6-item section-d4f517 gutentor-module gutentor-module-accordion-item\"><div class=\"gutentor-module-accordion-panel g-a-panel-222fa9\"><div class=\"gm-ah-222fa9 gutentor-module-accordion-item-heading gutentor-module-icon-position-right\"><span class=\"gutentor-module-accordion-panel-handler\" role=\"button\"><span class=\"gutentor-module-accordion-panel-handler-label\">En la actividad de grado, postgrado, masters e investigaci\u00f3n<\/span><span class=\"gutentor-module-accordion-icon\"><i class=\"gm-aio-222fa9 gutentor-module-accordion-icon-open fas fa-plus\"><\/i><i class=\"gm-aic-222fa9 gutentor-module-accordion-icon-close fas fa-minus\"><\/i><\/span><\/span><\/div><div class=\"gm-ab-222fa9 gutentor-module-accordion-body\">\n<div id=\"section-gfde40f\" class=\"wp-block-gutentor-e0 section-gfde40f gutentor-element gutentor-element-advanced-text\"><div class=\"gutentor-text-wrap\"><p class=\"gutentor-text\">La Oficina ofrece asesoramiento t\u00e9cnico y soporte a la actividad de grado, posgrado, m\u00e1ster e investigaci\u00f3n. Pondr\u00e1 a disposici\u00f3n equipamientos y espacios (aulas de postproducci\u00f3n, estudio de grabaci\u00f3n) para la realizaci\u00f3n de proyectos (proyectos finales, investigaci\u00f3n,..) con alto contenido tecnol\u00f3gico.<\/p><\/div><\/div>\n\n\n\n<div id=\"section-g01f574\" class=\"wp-block-gutentor-e0 section-g01f574 gutentor-element gutentor-element-advanced-text\"><div class=\"gutentor-text-wrap\"><p class=\"gutentor-text\">Tambi\u00e9n resuelve incidencias y ofrece asesoramiento t\u00e9cnico en el uso del equipamiento de las aulas espec\u00edficas (aulas de grabaci\u00f3n y postproducci\u00f3n).<\/p><\/div><\/div>\n<\/div><\/div><\/div>\n\n\n\n<div id=\"aab8da\" class=\"wp-block-gutentor-m6-item section-aab8da gutentor-module gutentor-module-accordion-item\"><div class=\"gutentor-module-accordion-panel g-a-panel-222fa9\"><div class=\"gm-ah-222fa9 gutentor-module-accordion-item-heading gutentor-module-icon-position-right\"><span class=\"gutentor-module-accordion-panel-handler\" role=\"button\"><span class=\"gutentor-module-accordion-panel-handler-label\">En el Servicio de inform\u00e1tica<\/span><span class=\"gutentor-module-accordion-icon\"><i class=\"gm-aio-222fa9 gutentor-module-accordion-icon-open fas fa-plus\"><\/i><i class=\"gm-aic-222fa9 gutentor-module-accordion-icon-close fas fa-minus\"><\/i><\/span><\/span><\/div><div class=\"gm-ab-222fa9 gutentor-module-accordion-body\">\n<div id=\"section-gdb1b8e\" class=\"wp-block-gutentor-e0 section-gdb1b8e gutentor-element gutentor-element-advanced-text\"><div class=\"gutentor-text-wrap\"><p class=\"gutentor-text\">Valoraci\u00f3n t\u00e9cnica de las peticiones de software y hardware audiovisual y asesoramiento en temas t\u00e9cnicos (latencia de tarjetas de sonido, conflictos entre softwares,..) en coordinaci\u00f3n con el Servicio de Inform\u00e1tica<\/p><\/div><\/div>\n<\/div><\/div><\/div>\n\n\n\n<div id=\"c3d52b\" class=\"wp-block-gutentor-m6-item section-c3d52b gutentor-module gutentor-module-accordion-item\"><div class=\"gutentor-module-accordion-panel g-a-panel-222fa9\"><div class=\"gm-ah-222fa9 gutentor-module-accordion-item-heading gutentor-module-icon-position-right\"><span class=\"gutentor-module-accordion-panel-handler\" role=\"button\"><span class=\"gutentor-module-accordion-panel-handler-label\">En los conciertos finales<\/span><span class=\"gutentor-module-accordion-icon\"><i class=\"gm-aio-222fa9 gutentor-module-accordion-icon-open fas fa-plus\"><\/i><i class=\"gm-aic-222fa9 gutentor-module-accordion-icon-close fas fa-minus\"><\/i><\/span><\/span><\/div><div class=\"gm-ab-222fa9 gutentor-module-accordion-body\">\n<div id=\"section-g5de370\" class=\"wp-block-gutentor-e0 section-g5de370 gutentor-element gutentor-element-advanced-text\"><div class=\"gutentor-text-wrap\"><p class=\"gutentor-text\">El alumno de PF (Proyecto Final) puede pedir asesoramiento tecnol\u00f3gico (posibilidades y limitaciones del equipamiento del que dispone el centro en funci\u00f3n de las propuestas creativas de su anteproyecto) a la hora de cumplimentar la Ficha T\u00e9cnica.<\/p><\/div><\/div>\n<\/div><\/div><\/div>\n\n\n\n<div id=\"bb2e80\" class=\"wp-block-gutentor-m6-item section-bb2e80 gutentor-module gutentor-module-accordion-item\"><div class=\"gutentor-module-accordion-panel g-a-panel-222fa9\"><div class=\"gm-ah-222fa9 gutentor-module-accordion-item-heading gutentor-module-icon-position-right\"><span class=\"gutentor-module-accordion-panel-handler\" role=\"button\"><span class=\"gutentor-module-accordion-panel-handler-label\">En las pruebas de acceso<\/span><span class=\"gutentor-module-accordion-icon\"><i class=\"gm-aio-222fa9 gutentor-module-accordion-icon-open fas fa-plus\"><\/i><i class=\"gm-aic-222fa9 gutentor-module-accordion-icon-close fas fa-minus\"><\/i><\/span><\/span><\/div><div class=\"gm-ab-222fa9 gutentor-module-accordion-body\">\n<div id=\"section-g3cfb7a\" class=\"wp-block-gutentor-e0 section-g3cfb7a gutentor-element gutentor-element-advanced-text\"><div class=\"gutentor-text-wrap\"><p class=\"gutentor-text\">La Oficina pondr\u00e1 a disposici\u00f3n de la escuela el equipamiento necesario para garantizar la realizaci\u00f3n de las pruebas de acceso. Tambi\u00e9n ofrecer\u00e1 asesoramiento t\u00e9cnico para su correcto uso.<\/p><\/div><\/div>\n<\/div><\/div><\/div>\n<\/div><\/section>\n<\/div>\n<\/div>\n","protected":false},"excerpt":{"rendered":"<p>Soporte t\u00e9cnico<\/p>\n","protected":false},"author":4,"featured_media":0,"parent":0,"menu_order":0,"comment_status":"closed","ping_status":"closed","template":"","meta":{"_acf_changed":false,"_themeisle_gutenberg_block_has_review":false,"footnotes":""},"categories":[1310],"tags":[],"class_list":["post-38619","page","type-page","status-publish","hentry","category-oficina-audiovisuals-es"],"acf":[],"publishpress_future_action":{"enabled":false,"date":"2026-04-22 01:55:34","action":"change-status","newStatus":"draft","terms":[],"taxonomy":"category","extraData":[]},"publishpress_future_workflow_manual_trigger":{"enabledWorkflows":[]},"_links":{"self":[{"href":"https:\/\/www.esmuc.cat\/es\/wp-json\/wp\/v2\/pages\/38619","targetHints":{"allow":["GET"]}}],"collection":[{"href":"https:\/\/www.esmuc.cat\/es\/wp-json\/wp\/v2\/pages"}],"about":[{"href":"https:\/\/www.esmuc.cat\/es\/wp-json\/wp\/v2\/types\/page"}],"author":[{"embeddable":true,"href":"https:\/\/www.esmuc.cat\/es\/wp-json\/wp\/v2\/users\/4"}],"replies":[{"embeddable":true,"href":"https:\/\/www.esmuc.cat\/es\/wp-json\/wp\/v2\/comments?post=38619"}],"version-history":[{"count":4,"href":"https:\/\/www.esmuc.cat\/es\/wp-json\/wp\/v2\/pages\/38619\/revisions"}],"predecessor-version":[{"id":77228,"href":"https:\/\/www.esmuc.cat\/es\/wp-json\/wp\/v2\/pages\/38619\/revisions\/77228"}],"wp:attachment":[{"href":"https:\/\/www.esmuc.cat\/es\/wp-json\/wp\/v2\/media?parent=38619"}],"wp:term":[{"taxonomy":"category","embeddable":true,"href":"https:\/\/www.esmuc.cat\/es\/wp-json\/wp\/v2\/categories?post=38619"},{"taxonomy":"post_tag","embeddable":true,"href":"https:\/\/www.esmuc.cat\/es\/wp-json\/wp\/v2\/tags?post=38619"}],"curies":[{"name":"wp","href":"https:\/\/api.w.org\/{rel}","templated":true}]}}