{"id":38618,"date":"2021-06-03T09:53:37","date_gmt":"2021-06-03T07:53:37","guid":{"rendered":"https:\/\/www.esmuc.cat\/prestec-audiovisuals\/"},"modified":"2023-03-23T17:07:35","modified_gmt":"2023-03-23T16:07:35","slug":"prestec-audiovisuals","status":"publish","type":"page","link":"https:\/\/www.esmuc.cat\/es\/prestec-audiovisuals\/","title":{"rendered":"Pr\u00e9stamo audiovisuales"},"content":{"rendered":"\n<div class=\"wp-block-columns is-layout-flex wp-container-core-columns-is-layout-9d6595d7 wp-block-columns-is-layout-flex\">\n<div class=\"wp-block-column esmuc__Menu_Masters d-none d-lg-block is-layout-flow wp-block-column-is-layout-flow\" style=\"flex-basis:33.33%\">\n\n\n\n\n<p><\/p>\n<\/div>\n\n\n\n<div class=\"wp-block-column is-layout-flow wp-block-column-is-layout-flow\" style=\"flex-basis:66.66%\"><div class=\"breadcrumbs align  wp-block-bcn-breadcrumb-trail has-text-color has-background\" vocab=\"https:\/\/schema.org\/\" typeof=\"BreadcrumbList\">\n\t<span><\/span>\n\t<span property=\"itemListElement\" typeof=\"ListItem\"><a property=\"item\" typeof=\"WebPage\" title=\"Ir a ESMUC.\" href=\"https:\/\/www.esmuc.cat\/es\/\" class=\"home\" ><span property=\"name\">ESMUC<\/span><\/a><meta property=\"position\" content=\"1\"><\/span> &gt; <span property=\"itemListElement\" typeof=\"ListItem\"><span property=\"name\" class=\"post post-page current-item\">Pr\u00e9stamo audiovisuales<\/span><meta property=\"url\" content=\"https:\/\/www.esmuc.cat\/es\/prestec-audiovisuals\/\"><meta property=\"position\" content=\"2\"><\/span><\/div>\n\n\n\n<h1 class=\"wp-block-heading\">Pr\u00e9stamo audiovisuales<\/h1>\n\n\n\n<div style=\"height:10px\" aria-hidden=\"true\" class=\"wp-block-spacer\"><\/div>\n\n\n\n<div id=\"section-g2560a3\" class=\"wp-block-gutentor-e0 section-g2560a3 gutentor-element gutentor-element-advanced-text\"><div class=\"gutentor-text-wrap\"><p class=\"gutentor-text\"><\/p><\/div><\/div>\n\n\n\n<section id=\"section-db7d6277-c9f3-4463-9a50-4df12d707c01\" class=\"wp-block-gutentor-image-slider gutentor-section gutentor-image-slider imageSlider-template1\"><div class=\"gutentor-grid-item-wrap\"><div class=\"gutentor-slider-wrapper\" data-dots=\"false\" data-arrows=\"true\" data-infinite=\"true\" data-nextarrow=\"fas fa-angle-right\" data-prevarrow=\"fas fa-angle-left\" data-autoplay=\"true\" data-autoplayspeed=\"3000\" data-fade=\"true\" data-speed=\"1000\"><div class=\"gutentor-slider-item\"><div class=\"gutentor-single-item gutentor-single-item-0\"><div class=\"gutentor-single-item-wrap\"><div class=\"gutentor-single-item-image-box\"><div class=\"gutentor-image-thumb\"><img decoding=\"async\" class=\"normal-image\" src=\"https:\/\/www.esmuc.cat\/wp-content\/uploads\/2021\/11\/A117_1.jpg\" alt=\"A117 1\" height=\"720\" width=\"1280\" \/><\/div><\/div><\/div><\/div><\/div><div class=\"gutentor-slider-item\"><div class=\"gutentor-single-item gutentor-single-item-1\"><div class=\"gutentor-single-item-wrap\"><div class=\"gutentor-single-item-image-box\"><div class=\"gutentor-image-thumb\"><img decoding=\"async\" class=\"normal-image\" src=\"https:\/\/www.esmuc.cat\/wp-content\/uploads\/2021\/11\/A117_3.jpg\" alt=\"A117 3\" height=\"720\" width=\"1280\" \/><\/div><\/div><\/div><\/div><\/div><div class=\"gutentor-slider-item\"><div class=\"gutentor-single-item gutentor-single-item-2\"><div class=\"gutentor-single-item-wrap\"><div class=\"gutentor-single-item-image-box\"><div class=\"gutentor-image-thumb\"><img decoding=\"async\" class=\"normal-image\" src=\"https:\/\/www.esmuc.cat\/wp-content\/uploads\/2021\/11\/A117_2.jpg\" alt=\"A117 2\" height=\"720\" width=\"1280\" \/><\/div><\/div><\/div><\/div><\/div><div class=\"gutentor-slider-item\"><div class=\"gutentor-single-item gutentor-single-item-3\"><div class=\"gutentor-single-item-wrap\"><div class=\"gutentor-single-item-image-box\"><div class=\"gutentor-image-thumb\"><img decoding=\"async\" class=\"normal-image\" src=\"https:\/\/www.esmuc.cat\/wp-content\/uploads\/2021\/11\/A117_4.jpg\" alt=\"A117 4\" height=\"720\" width=\"1280\" \/><\/div><\/div><\/div><\/div><\/div><\/div><\/div><\/section>\n\n\n\n<div style=\"height:52px\" aria-hidden=\"true\" class=\"wp-block-spacer\"><\/div>\n\n\n\n<h3 class=\"wp-block-heading\">Pr\u00e9stamo interno \/ Auto-pr\u00e9stamo<\/h3>\n\n\n\n<div style=\"height:10px\" aria-hidden=\"true\" class=\"wp-block-spacer\"><\/div>\n\n\n\n<p>El aula A117 dispone de un amplio abanico de recursos de grabaci\u00f3n, sonorizaci\u00f3n o reproducci\u00f3n para uso docente (asignaturas, trabajos, ensayos, etc.). Ha sido dise\u00f1ada como <strong>servicio de auto-pr\u00e9stamo<\/strong> y est\u00e1 equipada con sistema de video-vigilancia.<\/p>\n\n\n\n<div style=\"height:10px\" aria-hidden=\"true\" class=\"wp-block-spacer\"><\/div>\n\n\n\n<p class=\"has-background\" style=\"background-color:#f3f3f3\">Para disfrutar de este servicio, es necesario realizar la reserva del material accediendo a la <a href=\"https:\/\/intranet.esmuc.cat\/\"><strong>intranet de la ESMUC<\/strong><\/a> con el usuario y contrase\u00f1a.<\/p>\n\n\n\n<div style=\"height:10px\" aria-hidden=\"true\" class=\"wp-block-spacer\"><\/div>\n\n\n\n<p>Una vez dentro, se puede realizar la reserva haciendo clic en:<\/p>\n\n\n\n<p class=\"has-text-align-center\"><strong>Audiovisuales &gt; Material Audiovisual &gt; Nuevo pr\u00e9stamo &gt; Solicitar pr\u00e9stamo<\/strong><\/p>\n\n\n\n<p>Una vez hecha la reserva, se habilita el acceso al aula A117 con el carn\u00e9 de la ESMUC.<\/p>\n\n\n\n<div style=\"height:26px\" aria-hidden=\"true\" class=\"wp-block-spacer\"><\/div>\n\n\n\n<h4 class=\"wp-block-heading\">Condiciones<\/h4>\n\n\n\n<div style=\"height:23px\" aria-hidden=\"true\" class=\"wp-block-spacer\"><\/div>\n\n\n\n<div id=\"section-g6d106b\" class=\"wp-block-gutentor-e7 section-g6d106b gutentor-element gutentor-element-list\"><ul class=\"grid-row gutentor-grid-item-wrap list-indicator-icon\"><li class=\"gutentor-list-item grid-lg-12 grid-md-12 grid-12\"><span class=\"gutentor-single-item gutentor-single-item-0\"><span class=\"gutentor-list-item-wrap g-s-list-wrap\"><span class=\"gutentor-single-list-item-icon\"><i class=\"list-item-icon fas fa-angle-right\"><\/i><\/span><span class=\"gutentor-list-item\"><p class=\"gutentor-single-item-title\">El pr\u00e9stamo durar\u00e1 como <strong>m\u00e1ximo 4 jornadas<\/strong>, seg\u00fan los horarios establecidos para ese curso acad\u00e9mico y<strong> siempre dentro del recinto<\/strong>. El l\u00edmite de items reservables por usuario y d\u00eda es 10.<\/p><\/span><\/span><\/span><\/li><li class=\"gutentor-list-item grid-lg-12 grid-md-12 grid-12\"><span class=\"gutentor-single-item gutentor-single-item-1\"><span class=\"gutentor-list-item-wrap g-s-list-wrap\"><span class=\"gutentor-single-list-item-icon\"><i class=\"list-item-icon fas fa-angle-right\"><\/i><\/span><span class=\"gutentor-list-item\"><p class=\"gutentor-single-item-title\">El auto-pr\u00e9stamo se gestiona por medio de un sistema inform\u00e1tico que requiere <strong>24 horas de antelaci\u00f3n<\/strong> para hacerse efectivo. La recogida y retorno del equipamiento se har\u00e1 en el aula de autopr\u00e9stamo (A117).<\/p><\/span><\/span><\/span><\/li><li class=\"gutentor-list-item grid-lg-12 grid-md-12 grid-12\"><span class=\"gutentor-single-item gutentor-single-item-2\"><span class=\"gutentor-list-item-wrap g-s-list-wrap\"><span class=\"gutentor-single-list-item-icon\"><i class=\"list-item-icon fas fa-angle-right\"><\/i><\/span><span class=\"gutentor-list-item\"><p class=\"gutentor-single-item-title\">Los usuarios y las usuarias se responsabilizan de dejar el material en perfectas condiciones para el siguiente pr\u00e9stamo y se har\u00e1n cargo de los gastos que se puedan desprender de un mal uso del equipamiento, hecho que ser\u00e1 certificado por los responsables del \u00e1rea de Audiovisuales de la ESMUC.<\/p><\/span><\/span><\/span><\/li><li class=\"gutentor-list-item grid-lg-12 grid-md-12 grid-12\"><span class=\"gutentor-single-item gutentor-single-item-3\"><span class=\"gutentor-list-item-wrap g-s-list-wrap\"><span class=\"gutentor-single-list-item-icon\"><i class=\"list-item-icon fas fa-angle-right\"><\/i><\/span><span class=\"gutentor-list-item\"><p class=\"gutentor-single-item-title\">El incumplimiento de este acuerdo supondr\u00e1 la aplicaci\u00f3n de la normativa disciplinaria vigente.<\/p><\/span><\/span><\/span><\/li><\/ul><\/div>\n\n\n\n<div style=\"height:10px\" aria-hidden=\"true\" class=\"wp-block-spacer\"><\/div>\n\n\n\n<div id=\"section-gd742de\" class=\"wp-block-gutentor-e0 section-gd742de gutentor-element gutentor-element-advanced-text\"><div class=\"gutentor-text-wrap\"><p class=\"gutentor-text\">Recordamos que cada usuario o usuaria deber\u00e1 llevar sus tarjetas SD y bater\u00edas de alimentaci\u00f3n as\u00ed como encargarse de la carga de las bater\u00edas del equipamiento, si procede.<\/p><\/div><\/div>\n\n\n\n<div style=\"height:29px\" aria-hidden=\"true\" class=\"wp-block-spacer\"><\/div>\n\n\n\n<h3 class=\"wp-block-heading\"><br>Pr\u00e9stamo externo \/ excepcional<\/h3>\n\n\n\n<div style=\"height:10px\" aria-hidden=\"true\" class=\"wp-block-spacer\"><\/div>\n\n\n\n<p>El pr\u00e9stamo de material audiovisual no disponible en el aula A117 as\u00ed como el destinado al uso externo en las instalaciones de la ESMUC se considera excepcional. Para hacerlo efectivo, las personas solicitantes deben contar con la autorizaci\u00f3n de un miembro del profesorado, de la jefatura del departamento o de la persona responsable de Producci\u00f3n y hacer llegar la petici\u00f3n a <a href=\"mailto:audiovisuals@esmuc.cat\" target=\"_blank\" rel=\"noreferrer noopener\"><strong>audiovisuals@esmuc.cat<\/strong><\/a><\/p>\n<\/div>\n<\/div>\n","protected":false},"excerpt":{"rendered":"<p>Pr\u00e9stamo audiovisuales Pr\u00e9stamo interno \/ Auto-pr\u00e9stamo El aula A117 dispone de un amplio abanico de recursos de grabaci\u00f3n, sonorizaci\u00f3n o reproducci\u00f3n para uso docente (asignaturas, trabajos, ensayos, etc.). Ha sido dise\u00f1ada como servicio de auto-pr\u00e9stamo y est\u00e1 equipada con sistema de video-vigilancia. Para disfrutar de este servicio, es necesario realizar la reserva del material accediendo [&hellip;]<\/p>\n","protected":false},"author":4,"featured_media":0,"parent":0,"menu_order":0,"comment_status":"closed","ping_status":"closed","template":"","meta":{"_acf_changed":false,"_themeisle_gutenberg_block_has_review":false,"footnotes":""},"categories":[1310],"tags":[],"class_list":["post-38618","page","type-page","status-publish","hentry","category-oficina-audiovisuals-es"],"acf":[],"publishpress_future_action":{"enabled":false,"date":"2026-04-27 17:18:30","action":"change-status","newStatus":"draft","terms":[],"taxonomy":"category","extraData":[]},"publishpress_future_workflow_manual_trigger":{"enabledWorkflows":[]},"_links":{"self":[{"href":"https:\/\/www.esmuc.cat\/es\/wp-json\/wp\/v2\/pages\/38618","targetHints":{"allow":["GET"]}}],"collection":[{"href":"https:\/\/www.esmuc.cat\/es\/wp-json\/wp\/v2\/pages"}],"about":[{"href":"https:\/\/www.esmuc.cat\/es\/wp-json\/wp\/v2\/types\/page"}],"author":[{"embeddable":true,"href":"https:\/\/www.esmuc.cat\/es\/wp-json\/wp\/v2\/users\/4"}],"replies":[{"embeddable":true,"href":"https:\/\/www.esmuc.cat\/es\/wp-json\/wp\/v2\/comments?post=38618"}],"version-history":[{"count":5,"href":"https:\/\/www.esmuc.cat\/es\/wp-json\/wp\/v2\/pages\/38618\/revisions"}],"predecessor-version":[{"id":77225,"href":"https:\/\/www.esmuc.cat\/es\/wp-json\/wp\/v2\/pages\/38618\/revisions\/77225"}],"wp:attachment":[{"href":"https:\/\/www.esmuc.cat\/es\/wp-json\/wp\/v2\/media?parent=38618"}],"wp:term":[{"taxonomy":"category","embeddable":true,"href":"https:\/\/www.esmuc.cat\/es\/wp-json\/wp\/v2\/categories?post=38618"},{"taxonomy":"post_tag","embeddable":true,"href":"https:\/\/www.esmuc.cat\/es\/wp-json\/wp\/v2\/tags?post=38618"}],"curies":[{"name":"wp","href":"https:\/\/api.w.org\/{rel}","templated":true}]}}