{"id":38617,"date":"2021-06-03T09:51:30","date_gmt":"2021-06-03T07:51:30","guid":{"rendered":"https:\/\/www.esmuc.cat\/enregistrament-i-sonoritzacions\/"},"modified":"2023-03-23T16:33:56","modified_gmt":"2023-03-23T15:33:56","slug":"enregistrament-i-sonoritzacions","status":"publish","type":"page","link":"https:\/\/www.esmuc.cat\/es\/enregistrament-i-sonoritzacions\/","title":{"rendered":"Grabaci\u00f3n y sonorizaciones"},"content":{"rendered":"\n<div class=\"wp-block-columns is-layout-flex wp-container-core-columns-is-layout-9d6595d7 wp-block-columns-is-layout-flex\">\n<div class=\"wp-block-column esmuc__Menu_Masters d-none d-lg-block is-layout-flow wp-block-column-is-layout-flow\" style=\"flex-basis:33.33%\">\n\n\n\n\n<p><\/p>\n<\/div>\n\n\n\n<div class=\"wp-block-column is-layout-flow wp-block-column-is-layout-flow\" style=\"flex-basis:66.66%\"><div class=\"breadcrumbs align  wp-block-bcn-breadcrumb-trail has-text-color has-background\" vocab=\"https:\/\/schema.org\/\" typeof=\"BreadcrumbList\">\n\t<span><\/span>\n\t<span property=\"itemListElement\" typeof=\"ListItem\"><a property=\"item\" typeof=\"WebPage\" title=\"Ir a ESMUC.\" href=\"https:\/\/www.esmuc.cat\/es\/\" class=\"home\" ><span property=\"name\">ESMUC<\/span><\/a><meta property=\"position\" content=\"1\"><\/span> &gt; <span property=\"itemListElement\" typeof=\"ListItem\"><span property=\"name\" class=\"post post-page current-item\">Grabaci\u00f3n y sonorizaciones<\/span><meta property=\"url\" content=\"https:\/\/www.esmuc.cat\/es\/enregistrament-i-sonoritzacions\/\"><meta property=\"position\" content=\"2\"><\/span><\/div>\n\n\n\n<h1 class=\"wp-block-heading\">Grabaci\u00f3n y sonorizaciones<\/h1>\n\n\n\n<div id=\"section-g4a4ad5\" class=\"wp-block-gutentor-e6 section-g4a4ad5 gutentor-element gutentor-element-image\"><div class=\"gutentor-element-image-box\"><div class=\"gutentor-image-thumb\"><img decoding=\"async\" class=\"normal-image\" src=\"http:\/\/www.esmuc.cat\/wp-content\/uploads\/2021\/05\/enregistraments.jpg\" alt=\"Enregistraments\" \/><\/div><\/div><\/div>\n\n\n\n<div id=\"section-g7df7fc\" class=\"wp-block-gutentor-e0 section-g7df7fc gutentor-element gutentor-element-advanced-text\"><div class=\"gutentor-text-wrap\"><p class=\"gutentor-text\"><br>La Oficina de Audiovisuales se encargar\u00e1 de ofrecer los medios para la sonorizaci\u00f3n y\/o grabaci\u00f3n y postproducci\u00f3n audiovisual de las actividades solicitadas por los departamentos acad\u00e9micos, departamentos de comunicaci\u00f3n, producci\u00f3n y direcci\u00f3n del centro.<\/p><\/div><\/div>\n\n\n\n<div id=\"section-gff7feb\" class=\"wp-block-gutentor-e0 section-gff7feb gutentor-element gutentor-element-advanced-text\"><div class=\"gutentor-text-wrap\"><p class=\"gutentor-text\">La propuesta t\u00e9cnica de implementaci\u00f3n de este servicio queda a criterio de la Oficina. En este sentido, la Oficina puede encargarse de la realizaci\u00f3n o puede proponer, en funci\u00f3n de la complejidad de la actividad y la disponibilidad de los recursos (tanto materiales como humanos), la autorrealizaci\u00f3n (poniendo a disposici\u00f3n del peticionario asesoramiento t\u00e9cnico, el equipamiento y ayuda en la implementaci\u00f3n) o la externalizaci\u00f3n de parte o de todo el servicio en los casos en que se considere conveniente.<\/p><\/div><\/div>\n\n\n\n<h3 class=\"wp-block-heading\">Grabaciones<\/h3>\n\n\n\n<div id=\"section-gdc6d36\" class=\"wp-block-gutentor-e0 section-gdc6d36 gutentor-element gutentor-element-advanced-text\"><div class=\"gutentor-text-wrap\"><p class=\"gutentor-text\">Se pueden definir tres l\u00edneas concretas de grabaciones o material a preservar:<\/p><\/div><\/div>\n\n\n\n<section id=\"0049cf\" class=\"section-0049cf gutentor-module gutentor-module-accordion\"><div class=\"grid-container\">\n<div id=\"ec46f0\" class=\"wp-block-gutentor-m6-item section-ec46f0 gutentor-module gutentor-module-accordion-item\"><div class=\"gutentor-module-accordion-panel g-a-panel-0049cf\"><div class=\"gm-ah-0049cf gutentor-module-accordion-item-heading gutentor-module-icon-position-right\"><span class=\"gutentor-module-accordion-panel-handler\" role=\"button\"><span class=\"gutentor-module-accordion-panel-handler-label\">Grabaci\u00f3n principal<\/span><span class=\"gutentor-module-accordion-icon\"><i class=\"gm-aio-0049cf gutentor-module-accordion-icon-open fas fa-plus\"><\/i><i class=\"gm-aic-0049cf gutentor-module-accordion-icon-close fas fa-minus\"><\/i><\/span><\/span><\/div><div class=\"gm-ab-0049cf gutentor-module-accordion-body\">\n<div id=\"section-g8f513d\" class=\"wp-block-gutentor-e0 section-g8f513d gutentor-element gutentor-element-advanced-text\"><div class=\"gutentor-text-wrap\"><p class=\"gutentor-text\">Susceptible, adem\u00e1s de ser de inter\u00e9s documental, difusi\u00f3n p\u00fablica y\/o que compromete la imagen p\u00fablica de la escuela. Se requieren procesos que garanticen la m\u00e1xima calidad (grabaci\u00f3n profesional, edici\u00f3n, masterizaci\u00f3n,..)<\/p><\/div><\/div>\n\n\n\n<div id=\"section-gda12e4\" class=\"wp-block-gutentor-e0 section-gda12e4 gutentor-element gutentor-element-advanced-text\"><div class=\"gutentor-text-wrap\"><p class=\"gutentor-text\">Una vez editado y masterizado, el material grabado se catalogar\u00e1 y almacenar\u00e1 en el repositorio audiovisual del centro. El material registrado es, en una primera fase, de uso interno y su difusi\u00f3n est\u00e1 sujeta a la normativa de cualquier publicaci\u00f3n o difusi\u00f3n externa.<\/p><\/div><\/div>\n<\/div><\/div><\/div>\n\n\n\n<div id=\"84536d\" class=\"wp-block-gutentor-m6-item section-84536d gutentor-module gutentor-module-accordion-item\"><div class=\"gutentor-module-accordion-panel g-a-panel-0049cf\"><div class=\"gm-ah-0049cf gutentor-module-accordion-item-heading gutentor-module-icon-position-right\"><span class=\"gutentor-module-accordion-panel-handler\" role=\"button\"><span class=\"gutentor-module-accordion-panel-handler-label\">Grabaciones de inter\u00e9s documental<\/span><span class=\"gutentor-module-accordion-icon\"><i class=\"gm-aio-0049cf gutentor-module-accordion-icon-open fas fa-plus\"><\/i><i class=\"gm-aic-0049cf gutentor-module-accordion-icon-close fas fa-minus\"><\/i><\/span><\/span><\/div><div class=\"gm-ab-0049cf gutentor-module-accordion-body\">\n<div id=\"section-gb2d5c8\" class=\"wp-block-gutentor-e0 section-gb2d5c8 gutentor-element gutentor-element-advanced-text\"><div class=\"gutentor-text-wrap\"><p class=\"gutentor-text\">No necesita postproducci\u00f3n. Se catalogar\u00e1 y almacenar\u00e1 en el repositorio audiovisual del centro. Se prev\u00e9 \u00fanicamente la consulta interna.<\/p><\/div><\/div>\n\n\n\n<div id=\"section-g93d132\" class=\"wp-block-gutentor-e0 section-g93d132 gutentor-element gutentor-element-advanced-text\"><div class=\"gutentor-text-wrap\"><p class=\"gutentor-text\">Como Grabaci\u00f3n documental se entiende el material audiovisual que es testigo de las actividades cotidianas del centro. Su finalidad es puramente documental y a priori no necesitan ning\u00fan trabajo de postproducci\u00f3n.<\/p><\/div><\/div>\n\n\n\n<div id=\"section-gadae73\" class=\"wp-block-gutentor-e0 section-gadae73 gutentor-element gutentor-element-advanced-text\"><div class=\"gutentor-text-wrap\"><p class=\"gutentor-text\">Se incluyen en esta categor\u00eda: Grabaci\u00f3n de conferencias y presentaciones, clases magistrales, documentaci\u00f3n de conciertos o actividades, entrevistas, actividades acad\u00e9micas que, fuera del \u00e1mbito de la Sonolog\u00eda, requieren grabaciones.<\/p><\/div><\/div>\n\n\n\n<div id=\"section-g1b037b\" class=\"wp-block-gutentor-e0 section-g1b037b gutentor-element gutentor-element-advanced-text\"><div class=\"gutentor-text-wrap\"><p class=\"gutentor-text\">Una vez realizado, el material grabado se catalogar\u00e1 y almacenar\u00e1 en el repositorio audiovisual del centro. El material registrado es, en una primera fase, de uso interno y su difusi\u00f3n est\u00e1 sujeta a la normativa de cualquier publicaci\u00f3n o difusi\u00f3n externa.<\/p><\/div><\/div>\n<\/div><\/div><\/div>\n\n\n\n<div id=\"d9405d\" class=\"wp-block-gutentor-m6-item section-d9405d gutentor-module gutentor-module-accordion-item\"><div class=\"gutentor-module-accordion-panel g-a-panel-0049cf\"><div class=\"gm-ah-0049cf gutentor-module-accordion-item-heading gutentor-module-icon-position-right\"><span class=\"gutentor-module-accordion-panel-handler\" role=\"button\"><span class=\"gutentor-module-accordion-panel-handler-label\"> Grabaciones de car\u00e1cter docente sin inter\u00e9s documental<\/span><span class=\"gutentor-module-accordion-icon\"><i class=\"gm-aio-0049cf gutentor-module-accordion-icon-open fas fa-plus\"><\/i><i class=\"gm-aic-0049cf gutentor-module-accordion-icon-close fas fa-minus\"><\/i><\/span><\/span><\/div><div class=\"gm-ab-0049cf gutentor-module-accordion-body\">\n<div id=\"section-gf99a47\" class=\"wp-block-gutentor-e0 section-gf99a47 gutentor-element gutentor-element-advanced-text\"><div class=\"gutentor-text-wrap\"><p class=\"gutentor-text\">Engloban las grabaciones realizadas como parte de la actividad docente que no presentan un valor documental para la escuela.<\/p><\/div><\/div>\n\n\n\n<div id=\"section-ga0c5aa\" class=\"wp-block-gutentor-e0 section-ga0c5aa gutentor-element gutentor-element-advanced-text\"><div class=\"gutentor-text-wrap\"><p class=\"gutentor-text\">Se incluyen en esta categor\u00eda grabaciones destinadas a: becas de estudios y concursos, pr\u00e1cticas acad\u00e9micas y grabaciones de proyectos finales.<\/p><\/div><\/div>\n\n\n\n<div id=\"section-g6db631\" class=\"wp-block-gutentor-e0 section-g6db631 gutentor-element gutentor-element-advanced-text\"><div class=\"gutentor-text-wrap\"><p class=\"gutentor-text\">Para este tipo de grabaciones se sugiere la autorrealizaci\u00f3n. La Oficina se compromete a facilitar a estudiantes y personal docente el soporte audiovisual necesario, ofreciendo asesoramiento t\u00e9cnico y equipamiento a trav\u00e9s del Servicio de Auto pr\u00e9stamo.<\/p><\/div><\/div>\n\n\n\n<div id=\"section-g00b00a\" class=\"wp-block-gutentor-e0 section-g00b00a gutentor-element gutentor-element-advanced-text\"><div class=\"gutentor-text-wrap\"><p class=\"gutentor-text\">Se considera que el material registrado tiene un valor de car\u00e1cter temporal y no es necesario su archivo y catalogaci\u00f3n.<\/p><\/div><\/div>\n<\/div><\/div><\/div>\n<\/div><\/section>\n<\/div>\n<\/div>\n","protected":false},"excerpt":{"rendered":"<p>Grabaci\u00f3n y sonorizaciones Grabaciones<\/p>\n","protected":false},"author":4,"featured_media":0,"parent":0,"menu_order":0,"comment_status":"closed","ping_status":"closed","template":"","meta":{"_acf_changed":false,"_themeisle_gutenberg_block_has_review":false,"footnotes":""},"categories":[1310],"tags":[],"class_list":["post-38617","page","type-page","status-publish","hentry","category-oficina-audiovisuals-es"],"acf":[],"publishpress_future_action":{"enabled":false,"date":"2026-04-28 21:25:51","action":"change-status","newStatus":"draft","terms":[],"taxonomy":"category","extraData":[]},"publishpress_future_workflow_manual_trigger":{"enabledWorkflows":[]},"_links":{"self":[{"href":"https:\/\/www.esmuc.cat\/es\/wp-json\/wp\/v2\/pages\/38617","targetHints":{"allow":["GET"]}}],"collection":[{"href":"https:\/\/www.esmuc.cat\/es\/wp-json\/wp\/v2\/pages"}],"about":[{"href":"https:\/\/www.esmuc.cat\/es\/wp-json\/wp\/v2\/types\/page"}],"author":[{"embeddable":true,"href":"https:\/\/www.esmuc.cat\/es\/wp-json\/wp\/v2\/users\/4"}],"replies":[{"embeddable":true,"href":"https:\/\/www.esmuc.cat\/es\/wp-json\/wp\/v2\/comments?post=38617"}],"version-history":[{"count":3,"href":"https:\/\/www.esmuc.cat\/es\/wp-json\/wp\/v2\/pages\/38617\/revisions"}],"predecessor-version":[{"id":77194,"href":"https:\/\/www.esmuc.cat\/es\/wp-json\/wp\/v2\/pages\/38617\/revisions\/77194"}],"wp:attachment":[{"href":"https:\/\/www.esmuc.cat\/es\/wp-json\/wp\/v2\/media?parent=38617"}],"wp:term":[{"taxonomy":"category","embeddable":true,"href":"https:\/\/www.esmuc.cat\/es\/wp-json\/wp\/v2\/categories?post=38617"},{"taxonomy":"post_tag","embeddable":true,"href":"https:\/\/www.esmuc.cat\/es\/wp-json\/wp\/v2\/tags?post=38617"}],"curies":[{"name":"wp","href":"https:\/\/api.w.org\/{rel}","templated":true}]}}