{"id":38616,"date":"2021-03-15T15:03:12","date_gmt":"2021-03-15T14:03:12","guid":{"rendered":"https:\/\/www.esmuc.cat\/coneix-nos\/"},"modified":"2022-10-24T17:16:10","modified_gmt":"2022-10-24T15:16:10","slug":"coneix-nos","status":"publish","type":"page","link":"https:\/\/www.esmuc.cat\/es\/coneix-nos\/","title":{"rendered":"Oficina de audiovisuales &#8211; Con\u00f3cenos"},"content":{"rendered":"\n<div class=\"wp-block-columns is-layout-flex wp-container-core-columns-is-layout-9d6595d7 wp-block-columns-is-layout-flex\">\n<div class=\"wp-block-column esmuc__Menu_Masters d-none d-lg-block is-layout-flow wp-block-column-is-layout-flow\" style=\"flex-basis:33.33%\">\n\n<\/div>\n\n\n\n<div class=\"wp-block-column is-layout-flow wp-block-column-is-layout-flow\" style=\"flex-basis:66.66%\"><div class=\"breadcrumbs align  wp-block-bcn-breadcrumb-trail has-text-color has-background\" vocab=\"https:\/\/schema.org\/\" typeof=\"BreadcrumbList\">\n\t<span><\/span>\n\t<span property=\"itemListElement\" typeof=\"ListItem\"><a property=\"item\" typeof=\"WebPage\" title=\"Ir a ESMUC.\" href=\"https:\/\/www.esmuc.cat\/es\/\" class=\"home\" ><span property=\"name\">ESMUC<\/span><\/a><meta property=\"position\" content=\"1\"><\/span> &gt; <span property=\"itemListElement\" typeof=\"ListItem\"><span property=\"name\" class=\"post post-page current-item\">Oficina de audiovisuales &#8211; Con\u00f3cenos<\/span><meta property=\"url\" content=\"https:\/\/www.esmuc.cat\/es\/coneix-nos\/\"><meta property=\"position\" content=\"2\"><\/span><\/div>\n\n\n\n<h1 class=\"wp-block-heading\">Oficina de audiovisuales<\/h1>\n\n\n\n<h4 class=\"wp-block-heading\">\u00a1Con\u00f3cenos!<\/h4>\n\n\n\n<section id=\"section-bd78c08e-78a1-4ef9-8f57-0d19346359c0\" class=\"wp-block-gutentor-image-slider gutentor-section gutentor-image-slider imageSlider-template1\"><div class=\"gutentor-grid-item-wrap\"><div class=\"gutentor-slider-wrapper\" data-dots=\"false\" data-arrows=\"true\" data-infinite=\"true\" data-nextarrow=\"fas fa-angle-right\" data-prevarrow=\"fas fa-angle-left\" data-autoplay=\"true\" data-autoplayspeed=\"3000\" data-fade=\"true\" data-speed=\"1000\"><div class=\"gutentor-slider-item\"><div class=\"gutentor-single-item gutentor-single-item-0\"><div class=\"gutentor-single-item-wrap\"><div class=\"gutentor-single-item-image-box\"><div class=\"gutentor-image-thumb\"><img decoding=\"async\" class=\"normal-image\" src=\"https:\/\/www.esmuc.cat\/wp-content\/uploads\/2021\/11\/Coneix-nos1.jpg\" alt=\"Coneix Nos1\" \/><\/div><\/div><\/div><\/div><\/div><div class=\"gutentor-slider-item\"><div class=\"gutentor-single-item gutentor-single-item-1\"><div class=\"gutentor-single-item-wrap\"><div class=\"gutentor-single-item-image-box\"><div class=\"gutentor-image-thumb\"><img decoding=\"async\" class=\"normal-image\" src=\"https:\/\/www.esmuc.cat\/wp-content\/uploads\/2021\/11\/Coneix-nos3.jpg\" alt=\"Coneix Nos3\" \/><\/div><\/div><\/div><\/div><\/div><div class=\"gutentor-slider-item\"><div class=\"gutentor-single-item gutentor-single-item-2\"><div class=\"gutentor-single-item-wrap\"><div class=\"gutentor-single-item-image-box\"><div class=\"gutentor-image-thumb\"><img decoding=\"async\" class=\"normal-image\" src=\"https:\/\/www.esmuc.cat\/wp-content\/uploads\/2021\/11\/Coneix-nos6.jpg\" alt=\"Coneix Nos6\" \/><\/div><\/div><\/div><\/div><\/div><div class=\"gutentor-slider-item\"><div class=\"gutentor-single-item gutentor-single-item-3\"><div class=\"gutentor-single-item-wrap\"><div class=\"gutentor-single-item-image-box\"><div class=\"gutentor-image-thumb\"><img decoding=\"async\" class=\"normal-image\" src=\"https:\/\/www.esmuc.cat\/wp-content\/uploads\/2021\/11\/Coneix-nos4.jpg\" alt=\"Coneix Nos4\" \/><\/div><\/div><\/div><\/div><\/div><div class=\"gutentor-slider-item\"><div class=\"gutentor-single-item gutentor-single-item-4\"><div class=\"gutentor-single-item-wrap\"><div class=\"gutentor-single-item-image-box\"><div class=\"gutentor-image-thumb\"><img decoding=\"async\" class=\"normal-image\" src=\"https:\/\/www.esmuc.cat\/wp-content\/uploads\/2021\/11\/Coneix-nos5.jpg\" alt=\"Coneix Nos5\" \/><\/div><\/div><\/div><\/div><\/div><div class=\"gutentor-slider-item\"><div class=\"gutentor-single-item gutentor-single-item-5\"><div class=\"gutentor-single-item-wrap\"><div class=\"gutentor-single-item-image-box\"><div class=\"gutentor-image-thumb\"><img decoding=\"async\" class=\"normal-image\" src=\"https:\/\/www.esmuc.cat\/wp-content\/uploads\/2021\/11\/Coneix-nos7.jpg\" alt=\"Coneix Nos7\" \/><\/div><\/div><\/div><\/div><\/div><div class=\"gutentor-slider-item\"><div class=\"gutentor-single-item gutentor-single-item-6\"><div class=\"gutentor-single-item-wrap\"><div class=\"gutentor-single-item-image-box\"><div class=\"gutentor-image-thumb\"><img decoding=\"async\" class=\"normal-image\" src=\"https:\/\/www.esmuc.cat\/wp-content\/uploads\/2021\/11\/Coneix-nos8.jpg\" alt=\"Coneix Nos8\" \/><\/div><\/div><\/div><\/div><\/div><div class=\"gutentor-slider-item\"><div class=\"gutentor-single-item gutentor-single-item-7\"><div class=\"gutentor-single-item-wrap\"><div class=\"gutentor-single-item-image-box\"><div class=\"gutentor-image-thumb\"><img decoding=\"async\" class=\"normal-image\" src=\"https:\/\/www.esmuc.cat\/wp-content\/uploads\/2021\/11\/Coneix-nos9.jpg\" alt=\"Coneix Nos9\" \/><\/div><\/div><\/div><\/div><\/div><div class=\"gutentor-slider-item\"><div class=\"gutentor-single-item gutentor-single-item-8\"><div class=\"gutentor-single-item-wrap\"><div class=\"gutentor-single-item-image-box\"><div class=\"gutentor-image-thumb\"><img decoding=\"async\" class=\"normal-image\" src=\"https:\/\/www.esmuc.cat\/wp-content\/uploads\/2021\/11\/Coneix-nos10.jpg\" alt=\"Coneix Nos10\" \/><\/div><\/div><\/div><\/div><\/div><\/div><\/div><\/section>\n\n\n\n<div id=\"section-gf3879c\" class=\"wp-block-gutentor-e0 section-gf3879c gutentor-element gutentor-element-advanced-text\"><div class=\"gutentor-text-wrap\"><p class=\"gutentor-text\"><br>La Oficina de Audiovisuales coordina los recursos audiovisuales de la ESMUC, y ofrece soporte tecnol\u00f3gico a la docencia ya la actividad general y de representaci\u00f3n del centro<\/p><\/div><\/div>\n\n\n\n<section id=\"2038b3\" class=\"section-2038b3 gutentor-module gutentor-module-accordion\"><div class=\"grid-container\">\n<div id=\"b6135c\" class=\"wp-block-gutentor-m6-item section-b6135c gutentor-module gutentor-module-accordion-item\"><div class=\"gutentor-module-accordion-panel g-a-panel-2038b3\"><div class=\"gm-ah-2038b3 gutentor-module-accordion-item-heading gutentor-module-icon-position-right\"><span class=\"gutentor-module-accordion-panel-handler\" role=\"button\"><span class=\"gutentor-module-accordion-panel-handler-label\">Servicios<\/span><span class=\"gutentor-module-accordion-icon\"><i class=\"gm-aio-2038b3 gutentor-module-accordion-icon-open fas fa-plus\"><\/i><i class=\"gm-aic-2038b3 gutentor-module-accordion-icon-close fas fa-minus\"><\/i><\/span><\/span><\/div><div class=\"gm-ab-2038b3 gutentor-module-accordion-body\">\n<div id=\"section-g0e8bb0\" class=\"wp-block-gutentor-e0 section-g0e8bb0 gutentor-element gutentor-element-advanced-text\"><div class=\"gutentor-text-wrap\"><p class=\"gutentor-text\">La oficina de Audiovisuales de la ESMUC ofrece competencias relacionadas con las siguientes actividades:<\/p><\/div><\/div>\n\n\n\n<div id=\"section-ga65258\" class=\"wp-block-gutentor-e7 section-ga65258 gutentor-element gutentor-element-list\"><ul class=\"grid-row gutentor-grid-item-wrap list-indicator-icon\"><li class=\"gutentor-list-item grid-lg-12 grid-md-12 grid-12\"><span class=\"gutentor-single-item gutentor-single-item-0\"><span class=\"gutentor-list-item-wrap g-s-list-wrap\"><span class=\"gutentor-single-list-item-icon\"><i class=\"list-item-icon fas fa-angle-right\"><\/i><\/span><span class=\"gutentor-list-item\"><p class=\"gutentor-single-item-title\">Apoyo y asistencia t\u00e9cnica a la docencia de Grado, M\u00e1sters y cursos de especializaci\u00f3n<\/p><\/span><\/span><\/span><\/li><li class=\"gutentor-list-item grid-lg-12 grid-md-12 grid-12\"><span class=\"gutentor-single-item gutentor-single-item-1\"><span class=\"gutentor-list-item-wrap g-s-list-wrap\"><span class=\"gutentor-single-list-item-icon\"><i class=\"list-item-icon fas fa-angle-right\"><\/i><\/span><span class=\"gutentor-list-item\"><p class=\"gutentor-single-item-title\">Servicio de pr\u00e9stamo de equipamiento audiovisual, reserva y uso de aulas espec\u00edficas de grabaci\u00f3n y postproducci\u00f3n<\/p><\/span><\/span><\/span><\/li><li class=\"gutentor-list-item grid-lg-12 grid-md-12 grid-12\"><span class=\"gutentor-single-item gutentor-single-item-2\"><span class=\"gutentor-list-item-wrap g-s-list-wrap\"><span class=\"gutentor-single-list-item-icon\"><i class=\"list-item-icon fas fa-angle-right\"><\/i><\/span><span class=\"gutentor-list-item\"><p class=\"gutentor-single-item-title\">Sonorizaci\u00f3n y grabaci\u00f3n de audio de las audiciones y conciertos organizados por los Departamentos<\/p><\/span><\/span><\/span><\/li><li class=\"gutentor-list-item grid-lg-12 grid-md-12 grid-12\"><span class=\"gutentor-single-item gutentor-single-item-3\"><span class=\"gutentor-list-item-wrap g-s-list-wrap\"><span class=\"gutentor-single-list-item-icon\"><i class=\"list-item-icon fas fa-angle-right\"><\/i><\/span><span class=\"gutentor-list-item\"><p class=\"gutentor-single-item-title\">Grabaci\u00f3n, realizaci\u00f3n en vivo y postproducci\u00f3n de audio y v\u00eddeo de los ciclos musicales y conciertos de Grandes Conjuntos organizados a lo largo del a\u00f1o acad\u00e9mico<\/p><\/span><\/span><\/span><\/li><li class=\"gutentor-list-item grid-lg-12 grid-md-12 grid-12\"><span class=\"gutentor-single-item gutentor-single-item-4\"><span class=\"gutentor-list-item-wrap g-s-list-wrap\"><span class=\"gutentor-single-list-item-icon\"><i class=\"list-item-icon fas fa-angle-right\"><\/i><\/span><span class=\"gutentor-list-item\"><p class=\"gutentor-single-item-title\">Creaci\u00f3n de material audiovisual promocional de las actividades de la Escuela<\/p><\/span><\/span><\/span><\/li><li class=\"gutentor-list-item grid-lg-12 grid-md-12 grid-12\"><span class=\"gutentor-single-item gutentor-single-item-5\"><span class=\"gutentor-list-item-wrap g-s-list-wrap\"><span class=\"gutentor-single-list-item-icon\"><i class=\"list-item-icon fas fa-angle-right\"><\/i><\/span><span class=\"gutentor-list-item\"><p class=\"gutentor-single-item-title\">Soporte audiovisual en seminarios, congresos y otras actividades extracurriculares organizadas por la Escuela<\/p><\/span><\/span><\/span><\/li><li class=\"gutentor-list-item grid-lg-12 grid-md-12 grid-12\"><span class=\"gutentor-single-item gutentor-single-item-6\"><span class=\"gutentor-list-item-wrap g-s-list-wrap\"><span class=\"gutentor-single-list-item-icon\"><i class=\"list-item-icon fas fa-angle-right\"><\/i><\/span><span class=\"gutentor-list-item\"><p class=\"gutentor-single-item-title\">Apoyo a la organizaci\u00f3n anual de las Pruebas de acceso<\/p><\/span><\/span><\/span><\/li><li class=\"gutentor-list-item grid-lg-12 grid-md-12 grid-12\"><span class=\"gutentor-single-item gutentor-single-item-7\"><span class=\"gutentor-list-item-wrap g-s-list-wrap\"><span class=\"gutentor-single-list-item-icon\"><i class=\"list-item-icon fas fa-angle-right\"><\/i><\/span><span class=\"gutentor-list-item\"><p class=\"gutentor-single-item-title\">Grabaci\u00f3n de audio de los Proyectos Finales evaluables de Grado y M\u00e1ster<\/p><\/span><\/span><\/span><\/li><li class=\"gutentor-list-item grid-lg-12 grid-md-12 grid-12\"><span class=\"gutentor-single-item gutentor-single-item-8\"><span class=\"gutentor-list-item-wrap g-s-list-wrap\"><span class=\"gutentor-single-list-item-icon\"><i class=\"list-item-icon fas fa-angle-right\"><\/i><\/span><span class=\"gutentor-list-item\"><p class=\"gutentor-single-item-title\">Apoyo a las grabaciones relacionadas con pr\u00e1cticas acad\u00e9micas o dirigidas a la obtenci\u00f3n de becas de estudios<\/p><\/span><\/span><\/span><\/li><li class=\"gutentor-list-item grid-lg-12 grid-md-12 grid-12\"><span class=\"gutentor-single-item gutentor-single-item-9\"><span class=\"gutentor-list-item-wrap g-s-list-wrap\"><span class=\"gutentor-single-list-item-icon\"><i class=\"list-item-icon fas fa-angle-right\"><\/i><\/span><span class=\"gutentor-list-item\"><p class=\"gutentor-single-item-title\">Creaci\u00f3n de un archivo audiovisual de las actividades programadas por la Escuela o en colaboraci\u00f3n con otras instituciones y entidades<\/p><\/span><\/span><\/span><\/li><\/ul><\/div>\n\n\n\n<section id=\"gm5189654\" class=\"wp-block-gutentor-m3 section-gm5189654 gutentor-module gutentor-container-cover\"><div class=\"grid-container\">\n<div id=\"section-g6ff60e\" class=\"wp-block-gutentor-e0 section-g6ff60e gutentor-element gutentor-element-advanced-text\"><div class=\"gutentor-text-wrap\"><p class=\"gutentor-text\"><br>La oficina tambi\u00e9n coordina:<\/p><\/div><\/div>\n\n\n\n<div id=\"section-gdd389f\" class=\"wp-block-gutentor-e7 section-gdd389f gutentor-element gutentor-element-list\"><ul class=\"grid-row gutentor-grid-item-wrap list-indicator-icon\"><li class=\"gutentor-list-item grid-lg-12 grid-md-12 grid-12\"><span class=\"gutentor-single-item gutentor-single-item-0\"><span class=\"gutentor-list-item-wrap g-s-list-wrap\"><span class=\"gutentor-single-list-item-icon\"><i class=\"list-item-icon fas fa-angle-right\"><\/i><\/span><span class=\"gutentor-list-item\"><p class=\"gutentor-single-item-title\">La gesti\u00f3n de adquisici\u00f3n de equipamiento de acuerdo con la Direcci\u00f3n y los distintos Departamentos del centro<\/p><\/span><\/span><\/span><\/li><li class=\"gutentor-list-item grid-lg-12 grid-md-12 grid-12\"><span class=\"gutentor-single-item gutentor-single-item-1\"><span class=\"gutentor-list-item-wrap g-s-list-wrap\"><span class=\"gutentor-single-list-item-icon\"><i class=\"list-item-icon fas fa-angle-right\"><\/i><\/span><span class=\"gutentor-list-item\"><p class=\"gutentor-single-item-title\">Las relaciones con los proveedores y otros agentes t\u00e9cnicos y creativos del \u00e1mbito audiovisual<\/p><\/span><\/span><\/span><\/li><li class=\"gutentor-list-item grid-lg-12 grid-md-12 grid-12\"><span class=\"gutentor-single-item gutentor-single-item-2\"><span class=\"gutentor-list-item-wrap g-s-list-wrap\"><span class=\"gutentor-single-list-item-icon\"><i class=\"list-item-icon fas fa-angle-right\"><\/i><\/span><span class=\"gutentor-list-item\"><p class=\"gutentor-single-item-title\">Las tareas peri\u00f3dicas de mantenimiento y renovaci\u00f3n del equipamiento audiovisual<\/p><\/span><\/span><\/span><\/li><li class=\"gutentor-list-item grid-lg-12 grid-md-12 grid-12\"><span class=\"gutentor-single-item gutentor-single-item-3\"><span class=\"gutentor-list-item-wrap g-s-list-wrap\"><span class=\"gutentor-single-list-item-icon\"><i class=\"list-item-icon fas fa-angle-right\"><\/i><\/span><span class=\"gutentor-list-item\"><p class=\"gutentor-single-item-title\">El dise\u00f1o y acondicionamiento de aulas espec\u00edficas<\/p><\/span><\/span><\/span><\/li><li class=\"gutentor-list-item grid-lg-12 grid-md-12 grid-12\"><span class=\"gutentor-single-item gutentor-single-item-4\"><span class=\"gutentor-list-item-wrap g-s-list-wrap\"><span class=\"gutentor-single-list-item-icon\"><i class=\"list-item-icon fas fa-angle-right\"><\/i><\/span><span class=\"gutentor-list-item\"><p class=\"gutentor-single-item-title\">La redacci\u00f3n y publicaci\u00f3n de manuales de uso audiovisual<\/p><\/span><\/span><\/span><\/li><\/ul><\/div>\n<\/div><\/section>\n<\/div><\/div><\/div>\n\n\n\n<div id=\"0d70b8\" class=\"wp-block-gutentor-m6-item section-0d70b8 gutentor-module gutentor-module-accordion-item\"><div class=\"gutentor-module-accordion-panel g-a-panel-2038b3\"><div class=\"gm-ah-2038b3 gutentor-module-accordion-item-heading gutentor-module-icon-position-right\"><span class=\"gutentor-module-accordion-panel-handler\" role=\"button\"><span class=\"gutentor-module-accordion-panel-handler-label\">C\u00f3mo llegar<\/span><span class=\"gutentor-module-accordion-icon\"><i class=\"gm-aio-2038b3 gutentor-module-accordion-icon-open fas fa-plus\"><\/i><i class=\"gm-aic-2038b3 gutentor-module-accordion-icon-close fas fa-minus\"><\/i><\/span><\/span><\/div><div class=\"gm-ab-2038b3 gutentor-module-accordion-body\">\n<div id=\"section-gd960a4\" class=\"wp-block-gutentor-e0 section-gd960a4 gutentor-element gutentor-element-advanced-text\"><div class=\"gutentor-text-wrap\"><p class=\"gutentor-text\">La oficina de Audiovisuales se encuentra al final del pasillo de la izquierda de la 1a planta de la ESMUC, despacho <strong>B122.<\/strong><\/p><\/div><\/div>\n<\/div><\/div><\/div>\n\n\n\n<div id=\"373c4c\" class=\"wp-block-gutentor-m6-item section-373c4c gutentor-module gutentor-module-accordion-item\"><div class=\"gutentor-module-accordion-panel g-a-panel-2038b3\"><div class=\"gm-ah-2038b3 gutentor-module-accordion-item-heading gutentor-module-icon-position-right\"><span class=\"gutentor-module-accordion-panel-handler\" role=\"button\"><span class=\"gutentor-module-accordion-panel-handler-label\">Horarios<\/span><span class=\"gutentor-module-accordion-icon\"><i class=\"gm-aio-2038b3 gutentor-module-accordion-icon-open fas fa-plus\"><\/i><i class=\"gm-aic-2038b3 gutentor-module-accordion-icon-close fas fa-minus\"><\/i><\/span><\/span><\/div><div class=\"gm-ab-2038b3 gutentor-module-accordion-body\">\n<div id=\"section-g58a845\" class=\"wp-block-gutentor-e0 section-g58a845 gutentor-element gutentor-element-advanced-text\"><div class=\"gutentor-text-wrap\"><p class=\"gutentor-text\"><strong>Servicio de atenci\u00f3n y consultas t\u00e9cnicas&nbsp;(B122) <\/strong>Lectivos,&nbsp;de lunes a jueves de 09.30h a 19.30h \/ viernes de 09.30h a 14.30h.<br><strong>Servicio de auto-pr\u00e9stamo de equipamientos audiovisuales (A117)<\/strong> Lectivos lunes a viernes de 8:00-21:00 (auto-pr\u00e9stamo) S\u00e1bados y domingos no festivos de 10:30 a 19:30&nbsp;(auto-pr\u00e9stamo)<br><strong>Servicio de pr\u00e9stamo externo (B122)<\/strong> Lectivos, de lunes a jueves de 09:30h a 19:30h \/ viernes de 9:30h a 14:30h.<\/p><\/div><\/div>\n<\/div><\/div><\/div>\n\n\n\n<div id=\"0d0c21\" class=\"wp-block-gutentor-m6-item section-0d0c21 gutentor-module gutentor-module-accordion-item\"><div class=\"gutentor-module-accordion-panel g-a-panel-2038b3\"><div class=\"gm-ah-2038b3 gutentor-module-accordion-item-heading gutentor-module-icon-position-right\"><span class=\"gutentor-module-accordion-panel-handler\" role=\"button\"><span class=\"gutentor-module-accordion-panel-handler-label\">Contacto<\/span><span class=\"gutentor-module-accordion-icon\"><i class=\"gm-aio-2038b3 gutentor-module-accordion-icon-open fas fa-plus\"><\/i><i class=\"gm-aic-2038b3 gutentor-module-accordion-icon-close fas fa-minus\"><\/i><\/span><\/span><\/div><div class=\"gm-ab-2038b3 gutentor-module-accordion-body\">\n<div id=\"section-gf36157\" class=\"wp-block-gutentor-e0 section-gf36157 gutentor-element gutentor-element-advanced-text\"><div class=\"gutentor-text-wrap\"><p class=\"gutentor-text\">Tabl\u00f3n informativo: Puede dirigirse a la oficina de Audiovisuales durante nuestro horario de atenci\u00f3n al p\u00fablico, de lunes a jueves de 9:30h a 19:30h y los viernes de 9:30h a 14:30h.<\/p><\/div><\/div>\n\n\n\n<div id=\"section-g91f7c2\" class=\"wp-block-gutentor-e0 section-g91f7c2 gutentor-element gutentor-element-advanced-text\"><div class=\"gutentor-text-wrap\"><h6 class=\"gutentor-text\">Correo electr\u00f3nico:<\/h6><\/div><\/div>\n\n\n\n<div id=\"section-gb2b574\" class=\"wp-block-gutentor-e7 section-gb2b574 gutentor-element gutentor-element-list\"><ul class=\"grid-row gutentor-grid-item-wrap list-indicator-icon\"><li class=\"gutentor-list-item grid-lg-12 grid-md-12 grid-12\"><span class=\"gutentor-single-item gutentor-single-item-0\"><span class=\"gutentor-list-item-wrap g-s-list-wrap\"><span class=\"gutentor-single-list-item-icon\"><i class=\"list-item-icon fas fa-angle-right\"><\/i><\/span><span class=\"gutentor-list-item\"><p class=\"gutentor-single-item-title\">audiovisuals@esmuc.cat<\/p><\/span><\/span><\/span><\/li><\/ul><\/div>\n\n\n\n<div id=\"section-g2d9a51\" class=\"wp-block-gutentor-e0 section-g2d9a51 gutentor-element gutentor-element-advanced-text\"><div class=\"gutentor-text-wrap\"><h6 class=\"gutentor-text\">Tel\u00e9fono:<\/h6><\/div><\/div>\n\n\n\n<div id=\"section-gdad702\" class=\"wp-block-gutentor-e7 section-gdad702 gutentor-element gutentor-element-list\"><ul class=\"grid-row gutentor-grid-item-wrap list-indicator-icon\"><li class=\"gutentor-list-item grid-lg-12 grid-md-12 grid-12\"><span class=\"gutentor-single-item gutentor-single-item-0\"><span class=\"gutentor-list-item-wrap g-s-list-wrap\"><span class=\"gutentor-single-list-item-icon\"><i class=\"list-item-icon fas fa-angle-right\"><\/i><\/span><span class=\"gutentor-list-item\"><p class=\"gutentor-single-item-title\">933 523 011 (Ext. 8114)<\/p><\/span><\/span><\/span><\/li><\/ul><\/div>\n\n\n\n<div id=\"section-g7d5577\" class=\"wp-block-gutentor-e0 section-g7d5577 gutentor-element gutentor-element-advanced-text\"><div class=\"gutentor-text-wrap\"><h6 class=\"gutentor-text\">Formulario:<\/h6><\/div><\/div>\n\n\n\n<div id=\"section-g0ae1e4\" class=\"wp-block-gutentor-e7 section-g0ae1e4 gutentor-element gutentor-element-list\"><ul class=\"grid-row gutentor-grid-item-wrap list-indicator-icon\"><li class=\"gutentor-list-item grid-lg-12 grid-md-12 grid-12\"><span class=\"gutentor-single-item gutentor-single-item-0\"><span class=\"gutentor-list-item-wrap g-s-list-wrap\"><span class=\"gutentor-single-list-item-icon\"><i class=\"list-item-icon fas fa-angle-right\"><\/i><\/span><span class=\"gutentor-list-item\"><p class=\"gutentor-single-item-title\">La Oficina de audiovisuales pone a disposici\u00f3n de los usuarios un <a href=\"https:\/\/www.esmuc.cat\/escola\/contacte-i-acces\/contacte\/\">formulario<\/a> de consultas sin l\u00edmites horarios.<\/p><\/span><\/span><\/span><\/li><\/ul><\/div>\n<\/div><\/div><\/div>\n<\/div><\/section>\n<\/div>\n<\/div>\n\n\n\n<p><\/p>\n","protected":false},"excerpt":{"rendered":"<p>Oficina de audiovisuales \u00a1Con\u00f3cenos!<\/p>\n","protected":false},"author":4,"featured_media":0,"parent":0,"menu_order":0,"comment_status":"closed","ping_status":"closed","template":"","meta":{"_acf_changed":false,"_themeisle_gutenberg_block_has_review":false,"footnotes":""},"categories":[1310],"tags":[],"class_list":["post-38616","page","type-page","status-publish","hentry","category-oficina-audiovisuals-es"],"acf":[],"publishpress_future_action":{"enabled":false,"date":"2026-04-29 10:48:53","action":"change-status","newStatus":"draft","terms":[],"taxonomy":"category","extraData":[]},"publishpress_future_workflow_manual_trigger":{"enabledWorkflows":[]},"_links":{"self":[{"href":"https:\/\/www.esmuc.cat\/es\/wp-json\/wp\/v2\/pages\/38616","targetHints":{"allow":["GET"]}}],"collection":[{"href":"https:\/\/www.esmuc.cat\/es\/wp-json\/wp\/v2\/pages"}],"about":[{"href":"https:\/\/www.esmuc.cat\/es\/wp-json\/wp\/v2\/types\/page"}],"author":[{"embeddable":true,"href":"https:\/\/www.esmuc.cat\/es\/wp-json\/wp\/v2\/users\/4"}],"replies":[{"embeddable":true,"href":"https:\/\/www.esmuc.cat\/es\/wp-json\/wp\/v2\/comments?post=38616"}],"version-history":[{"count":11,"href":"https:\/\/www.esmuc.cat\/es\/wp-json\/wp\/v2\/pages\/38616\/revisions"}],"predecessor-version":[{"id":111774,"href":"https:\/\/www.esmuc.cat\/es\/wp-json\/wp\/v2\/pages\/38616\/revisions\/111774"}],"wp:attachment":[{"href":"https:\/\/www.esmuc.cat\/es\/wp-json\/wp\/v2\/media?parent=38616"}],"wp:term":[{"taxonomy":"category","embeddable":true,"href":"https:\/\/www.esmuc.cat\/es\/wp-json\/wp\/v2\/categories?post=38616"},{"taxonomy":"post_tag","embeddable":true,"href":"https:\/\/www.esmuc.cat\/es\/wp-json\/wp\/v2\/tags?post=38616"}],"curies":[{"name":"wp","href":"https:\/\/api.w.org\/{rel}","templated":true}]}}