{"id":37812,"date":"2021-03-15T13:42:30","date_gmt":"2021-03-15T12:42:30","guid":{"rendered":"https:\/\/www.esmuc.cat\/publicacions-esmuc\/"},"modified":"2024-11-22T12:26:02","modified_gmt":"2024-11-22T11:26:02","slug":"publicacions-esmuc","status":"publish","type":"page","link":"https:\/\/www.esmuc.cat\/es\/publicacions-esmuc\/","title":{"rendered":"Publicaciones ESMUC"},"content":{"rendered":"\n<div class=\"wp-block-columns is-layout-flex wp-container-core-columns-is-layout-9d6595d7 wp-block-columns-is-layout-flex\">\n<div class=\"wp-block-column esmuc__Menu_Masters is-layout-flow wp-block-column-is-layout-flow\" style=\"flex-basis:33.33%\">\n\n<\/div>\n\n\n\n<div class=\"wp-block-column is-layout-flow wp-block-column-is-layout-flow\" style=\"flex-basis:66.66%\"><div class=\"breadcrumbs align  wp-block-bcn-breadcrumb-trail has-text-color has-background\" vocab=\"https:\/\/schema.org\/\" typeof=\"BreadcrumbList\">\n\t<span><\/span>\n\t<span property=\"itemListElement\" typeof=\"ListItem\"><a property=\"item\" typeof=\"WebPage\" title=\"Ir a ESMUC.\" href=\"https:\/\/www.esmuc.cat\/es\/\" class=\"home\" ><span property=\"name\">ESMUC<\/span><\/a><meta property=\"position\" content=\"1\"><\/span> &gt; <span property=\"itemListElement\" typeof=\"ListItem\"><span property=\"name\" class=\"post post-page current-item\">Publicaciones ESMUC<\/span><meta property=\"url\" content=\"https:\/\/www.esmuc.cat\/es\/publicacions-esmuc\/\"><meta property=\"position\" content=\"2\"><\/span><\/div>\n\n\n\n<h1 class=\"wp-block-heading\" id=\"publicacions-esmuc\">Publicaciones ESMUC<\/h1>\n\n\n\n<div style=\"height:10px\" aria-hidden=\"true\" class=\"wp-block-spacer\"><\/div>\n\n\n\n<div id=\"section-g121d64\" class=\"wp-block-gutentor-e0 section-g121d64 gutentor-element gutentor-element-advanced-text\"><div class=\"gutentor-text-wrap\"><p class=\"gutentor-text\">La Escola Superior de M\u00fasica de Catalunya publica art\u00edculos cient\u00edficos y colabora en libros de investigaci\u00f3n art\u00edstica.<\/p><\/div><\/div>\n\n\n\n<div style=\"height:10px\" aria-hidden=\"true\" class=\"wp-block-spacer\"><\/div>\n\n\n\n<section id=\"f503da\" class=\"section-f503da gutentor-module gutentor-module-tabs gutentor-tabs-layout-horizontal gutentor-tabs-pos-top\"><div class=\"grid-container\"><div class=\"gutentor-module-tabs-wrap gutentor-tabs-style-outline\" data-id=\"f503da\"><div class=\"gutentor-module-tabs-nav\"><span class=\"gutentor-module-tabs-item gm-tt-f503da gutentor-tabs-nav-active\"><span class=\"gutentor-module-tabs-title\">Revistas<\/span><\/span><span class=\"gutentor-module-tabs-item gm-tt-f503da\"><span class=\"gutentor-module-tabs-title\">Libros<\/span><\/span><\/div><div class=\"gutentor-module-tabs-body\">\n<div class=\"wp-block-gutentor-m7-tab gutentor-module-tabs-content gm-tc-f503da gutentor-tabs-content-active\">\n<section id=\"7470b3\" class=\"section-7470b3 gutentor-module gutentor-module-accordion\"><div class=\"grid-container\">\n<div id=\"d13efa\" class=\"wp-block-gutentor-m6-item section-d13efa gutentor-module gutentor-module-accordion-item\"><div class=\"gutentor-module-accordion-panel g-a-panel-7470b3\"><div class=\"gm-ah-7470b3 gutentor-module-accordion-item-heading gutentor-module-icon-position-right\"><span class=\"gutentor-module-accordion-panel-handler\" role=\"button\"><span class=\"gutentor-module-accordion-panel-handler-label\">Recopilaci\u00f3n de la Separata ESMUC a la RMC<\/span><span class=\"gutentor-module-accordion-icon\"><i class=\"gm-aio-7470b3 gutentor-module-accordion-icon-open fas fa-plus\"><\/i><i class=\"gm-aic-7470b3 gutentor-module-accordion-icon-close fas fa-minus\"><\/i><\/span><\/span><\/div><div class=\"gm-ab-7470b3 gutentor-module-accordion-body\">\n<div id=\"section-ge9015e\" class=\"wp-block-gutentor-e0 section-ge9015e gutentor-element gutentor-element-advanced-text\"><div class=\"gutentor-text-wrap\"><p class=\"gutentor-text\">Entre diciembre de 2005 y junio de 2011, Esmuc colabor\u00f3 \u200b\u200bcon una separata de ocho p\u00e1ginas a color dentro de la Revista Musical Catalana.<\/p><\/div><\/div>\n\n\n\n<div id=\"section-g1054ac\" class=\"wp-block-gutentor-e0 section-g1054ac gutentor-element gutentor-element-advanced-text\"><div class=\"gutentor-text-wrap\"><p class=\"gutentor-text\"><em>Recopilaci\u00f3n de la Separata ESMUC a la RMC 2005-2006<br>Recopilaci\u00f3n de la Separata ESMUC a la RMC 2007<br>Recopilaci\u00f3n de la Separata ESMUC a la RMC 2008<br>Recopilaci\u00f3n de la Separata ESMUC a la RMC 2009<br>Recopilaci\u00f3n de la Separata ESMUC a la RMC 2010<br>Recopilaci\u00f3n de la Separata ESMUC a la RMC 2011<\/em><\/p><\/div><\/div>\n<\/div><\/div><\/div>\n\n\n\n<div id=\"74c230\" class=\"wp-block-gutentor-m6-item section-74c230 gutentor-module gutentor-module-accordion-item\"><div class=\"gutentor-module-accordion-panel g-a-panel-7470b3\"><div class=\"gm-ah-7470b3 gutentor-module-accordion-item-heading gutentor-module-icon-position-right\"><span class=\"gutentor-module-accordion-panel-handler\" role=\"button\"><span class=\"gutentor-module-accordion-panel-handler-label\">La ESMUC Digital<\/span><span class=\"gutentor-module-accordion-icon\"><i class=\"gm-aio-7470b3 gutentor-module-accordion-icon-open fas fa-plus\"><\/i><i class=\"gm-aic-7470b3 gutentor-module-accordion-icon-close fas fa-minus\"><\/i><\/span><\/span><\/div><div class=\"gm-ab-7470b3 gutentor-module-accordion-body\">\n<div id=\"section-g728dc9\" class=\"wp-block-gutentor-e0 section-g728dc9 gutentor-element gutentor-element-advanced-text\"><div class=\"gutentor-text-wrap\"><p class=\"gutentor-text\">Desde septiembre de 2011, y hasta abril de 2020, la Escuela ha publicado la revista <a href=\"https:\/\/repositori.educacio.gencat.cat\/handle\/20.500.12694\/6752\">ESMUC d<\/a><a href=\"http:\/\/lamevaesmuc.esmuc.cat\/esmuc_digital\/Esmuc-digital\/\">igital<\/a>. La revista dispon\u00eda de un Consejo\u00a0Editorial que decid\u00eda los diversos temas a tratar y evaluaba los art\u00edculos, y en el que estaban representados distintos \u00e1mbitos y departamentos de la Escuela.<\/p><\/div><\/div>\n<\/div><\/div><\/div>\n<\/div><\/section>\n<\/div>\n\n\n\n<div class=\"wp-block-gutentor-m7-tab gutentor-module-tabs-content gm-tc-f503da\">\n<section id=\"1ddbe6\" class=\"section-1ddbe6 gutentor-module gutentor-module-accordion gutentor-module-accordion-enable-toggle\"><div class=\"grid-container\">\n<div id=\"4b31bf\" class=\"wp-block-gutentor-m6-item section-4b31bf gutentor-module gutentor-module-accordion-item\"><div class=\"gutentor-module-accordion-panel g-a-panel-1ddbe6\"><div class=\"gm-ah-1ddbe6 gutentor-module-accordion-item-heading gutentor-module-icon-position-right\"><span class=\"gutentor-module-accordion-panel-handler\" role=\"button\"><span class=\"gutentor-module-accordion-panel-handler-label\">La m\u00fasica cuenta. Ret\u00f3rica, narratividad, dramaturgia, cuerpo y afectos<\/span><span class=\"gutentor-module-accordion-icon\"><i class=\"gm-aio-1ddbe6 gutentor-module-accordion-icon-open fas fa-plus\"><\/i><i class=\"gm-aic-1ddbe6 gutentor-module-accordion-icon-close fas fa-minus\"><\/i><\/span><\/span><\/div><div class=\"gm-ab-1ddbe6 gutentor-module-accordion-body\">\n<div id=\"section-g1b95e0\" class=\"wp-block-gutentor-e0 section-g1b95e0 gutentor-element gutentor-element-advanced-text\"><div class=\"gutentor-text-wrap\"><p class=\"gutentor-text\">Proyecto con el soporte del <em>Fondo Nacional para la Cultura y las Artes<\/em><\/p><\/div><\/div>\n\n\n\n<section id=\"gm904f58b\" class=\"wp-block-gutentor-m2 section-gm904f58b gutentor-module gutentor-dynamic-columns\"><div class=\"grid-container\"><div class=\"grid-row\">\n<div id=\"col-gm8af3b9\" class=\"wp-block-gutentor-m2-col col-gm8af3b9 gutentor-module gutentor-dynamic-single-column grid-lg-12 grid-md-4 grid-12\"><div id=\"section-gm8af3b9\" class=\"section-gm8af3b9 gutentor-single-col has-color-bg has-custom-bg\">\n<div id=\"section-g2e11a6\" class=\"wp-block-gutentor-e0 section-g2e11a6 gutentor-element gutentor-element-advanced-text\"><div class=\"gutentor-text-wrap\"><p class=\"gutentor-text\"><strong>Rub\u00e9n L\u00f3pez Cano<\/strong> (Escuela Superior de M\u00fasica de Catalu\u00f1a)<\/p><\/div><\/div>\n<\/div><\/div>\n<\/div><\/div><\/section>\n\n\n\n<section id=\"gm7e7a13e\" class=\"wp-block-gutentor-m2 section-gm7e7a13e gutentor-module gutentor-dynamic-columns\"><div class=\"grid-container\"><div class=\"grid-row\">\n<div id=\"col-gmd7861c\" class=\"wp-block-gutentor-m2-col col-gmd7861c gutentor-module gutentor-dynamic-single-column grid-lg-6 grid-md-4 grid-12\"><div id=\"section-gmd7861c\" class=\"section-gmd7861c gutentor-single-col\">\n<div id=\"section-gb505b4\" class=\"wp-block-gutentor-e6 section-gb505b4 gutentor-element gutentor-element-image gutentor-enabled-width\"><div class=\"gutentor-element-image-box\"><div class=\"gutentor-image-thumb\"><img decoding=\"async\" class=\"normal-image\" src=\"http:\/\/www.esmuc.cat\/wp-content\/uploads\/2021\/06\/portada-la-musica-cuenta.jpg\" alt=\"Portada del llibre La m\u00fasica cuenta\" \/><\/div><\/div><\/div>\n<\/div><\/div>\n\n\n\n<div id=\"col-gm36f38b\" class=\"wp-block-gutentor-m2-col col-gm36f38b gutentor-module gutentor-dynamic-single-column grid-lg-6 grid-md-4 grid-12\"><div id=\"section-gm36f38b\" class=\"section-gm36f38b gutentor-single-col\">\n<div id=\"section-gca5443\" class=\"wp-block-gutentor-e0 section-gca5443 gutentor-element gutentor-element-advanced-text\"><div class=\"gutentor-text-wrap\"><p class=\"gutentor-text\">La m\u00fasica no es una colecci\u00f3n de objetos sonoros inertes y pasivos. Es una manera de navegar por el tiempo a trav\u00e9s de tensiones y distensiones, retenciones y propulsiones, cambios de velocidad y aceleraciones, dudas, golpes y arrebatos, exclamaciones aterradoras o gritos de alegr\u00eda que emergen de su superficie siempre en movimiento. Toda m\u00fasica parece querer ir hacia alg\u00fan sitio cruzando diferentes zonas emocionales. A menudo crea en nuestras mentes y corazones la sensaci\u00f3n de que escucharla es c\u00f3mo atravesar estados intensos similares a los de los dramas teatrales o relatos literarios.<\/p><\/div><\/div>\n<\/div><\/div>\n<\/div><\/div><\/section>\n\n\n\n<div id=\"section-gc7ae9d\" class=\"wp-block-gutentor-e0 section-gc7ae9d gutentor-element gutentor-element-advanced-text\"><div class=\"gutentor-text-wrap\"><p class=\"gutentor-text\"><em><strong>La m\u00fasica <\/strong><\/em><strong><em>cuenta<\/em><\/strong> propone estrategias basadas en herramientas de la ret\u00f3rica, semi\u00f3tica y hermen\u00e9utica para el estudio del significado expresivo de la m\u00fasica. M\u00e1s que -o adem\u00e1s de- las estructuras o la configuraci\u00f3n macroformal de las piezas analizadas, lo que busca es desentra\u00f1ar los mecanismos que hacen de cada pieza musical un peque\u00f1o drama, un trozo de tiempo encapsulado que nos atrapa con sus conflictos internos.<\/p><\/div><\/div>\n\n\n\n<div id=\"section-gc03036\" class=\"wp-block-gutentor-e0 section-gc03036 gutentor-element gutentor-element-advanced-text\"><div class=\"gutentor-text-wrap\"><p class=\"gutentor-text\">El libro est\u00e1 especialmente dedicado a toda persona dedicada a la interpretaci\u00f3n musical y busca ofrecer instrumentos para imaginar interpretaciones musicales intensas, emocionantes y llenas de intencionalidad expresiva personalizada. Se trata de ofrecer instrumentos para el an\u00e1lisis para la interpretaci\u00f3n art\u00edstica o el an\u00e1lisis performativo de la m\u00fasica.<\/p><\/div><\/div>\n\n\n\n<div id=\"section-gb17407\" class=\"wp-block-gutentor-e0 section-gb17407 gutentor-element gutentor-element-advanced-text\"><div class=\"gutentor-text-wrap\"><p class=\"gutentor-text\">El libro y el trabajo de investigaci\u00f3n en el que se basa, ha sido cofinanciado por la <strong>Escuela Superior de M\u00fasica de Catalu\u00f1a y el Fondo Nacional para la Cultura y las Artes de M\u00e9xico.<\/strong><\/p><\/div><\/div>\n\n\n\n<div id=\"section-g697a94\" class=\"wp-block-gutentor-e0 section-g697a94 gutentor-element gutentor-element-advanced-text\"><div class=\"gutentor-text-wrap\"><p class=\"gutentor-text\"><a href=\"http:\/\/rlopezcano.blogspot.com\/2020\/05\/la-musica-cuenta-audiovisual.html\" target=\"_blank\" rel=\"noreferrer noopener\">Ejemplos de audio y v\u00eddeo<\/a>.<\/p><\/div><\/div>\n\n\n\n<div id=\"section-g17016c\" class=\"wp-block-gutentor-e2 section-g17016c gutentor-element gutentor-element-button\"><span class=\"gutentor-button-wrap\"><a class=\"gutentor-button gutentor-block-button gutentor-icon-hide\" href=\"https:\/\/www.dropbox.com\/sh\/6n0yawga6idkdwv\/AACqA3rVGHGlSoExXs2iMmfKa?dl=0\"><i class=\"gutentor-button-icon fas fa-book\"><\/i><span><strong>Descargar el libro en PDF<\/strong><\/span><\/a><\/span><\/div>\n<\/div><\/div><\/div>\n\n\n\n<div id=\"1a0914\" class=\"wp-block-gutentor-m6-item section-1a0914 gutentor-module gutentor-module-accordion-item\"><div class=\"gutentor-module-accordion-panel g-a-panel-1ddbe6\"><div class=\"gm-ah-1ddbe6 gutentor-module-accordion-item-heading gutentor-module-icon-position-right\"><span class=\"gutentor-module-accordion-panel-handler\" role=\"button\"><span class=\"gutentor-module-accordion-panel-handler-label\">Actas del F\u00f3rum Educaci\u00f3n Musical al s. XXI (a\u00f1o 2021)<\/span><span class=\"gutentor-module-accordion-icon\"><i class=\"gm-aio-1ddbe6 gutentor-module-accordion-icon-open fas fa-plus\"><\/i><i class=\"gm-aic-1ddbe6 gutentor-module-accordion-icon-close fas fa-minus\"><\/i><\/span><\/span><\/div><div class=\"gm-ab-1ddbe6 gutentor-module-accordion-body\">\n<div id=\"section-g90b0e2\" class=\"wp-block-gutentor-e0 section-g90b0e2 gutentor-element gutentor-element-advanced-text\"><div class=\"gutentor-text-wrap\"><p class=\"gutentor-text\"><em>Actas del F\u00f3rum educaci\u00f3n musical en el siglo xxi: Innovaci\u00f3n y tecnolog\u00eda para la educaci\u00f3n musical<\/em> (5 y 6 de julio de 2021).<\/p><\/div><\/div>\n\n\n\n<section id=\"gmb919607\" class=\"wp-block-gutentor-m2 section-gmb919607 gutentor-module gutentor-dynamic-columns\"><div class=\"grid-container\"><div class=\"grid-row\">\n<div id=\"col-gm2f767a\" class=\"wp-block-gutentor-m2-col col-gm2f767a gutentor-module gutentor-dynamic-single-column grid-lg-6 grid-md-4 grid-12\"><div id=\"section-gm2f767a\" class=\"section-gm2f767a gutentor-single-col\">\n<figure class=\"wp-block-image size-full\"><img decoding=\"async\" width=\"609\" height=\"836\" src=\"https:\/\/www.esmuc.cat\/wp-content\/uploads\/2022\/06\/actas-forum-esmuc.png\" alt=\"Actas Forum Esmuc\" class=\"wp-image-48612\" srcset=\"https:\/\/www.esmuc.cat\/wp-content\/uploads\/2022\/06\/actas-forum-esmuc.png 609w, https:\/\/www.esmuc.cat\/wp-content\/uploads\/2022\/06\/actas-forum-esmuc-219x300.png 219w\" sizes=\"(max-width: 609px) 100vw, 609px\" \/><\/figure>\n<\/div><\/div>\n\n\n\n<div id=\"col-gm8606e5\" class=\"wp-block-gutentor-m2-col col-gm8606e5 gutentor-module gutentor-dynamic-single-column grid-lg-6 grid-md-4 grid-12\"><div id=\"section-gm8606e5\" class=\"section-gm8606e5 gutentor-single-col\"><\/div><\/div>\n\n\n\n<div id=\"col-gm8d0d28\" class=\"wp-block-gutentor-m2-col col-gm8d0d28 gutentor-module gutentor-dynamic-single-column grid-lg-6 grid-md-4 grid-12\"><div id=\"section-gm8d0d28\" class=\"section-gm8d0d28 gutentor-single-col\"><\/div><\/div>\n<\/div><\/div><\/section>\n<\/div><\/div><\/div>\n<\/div><\/section>\n<\/div>\n<\/div><\/div><\/div><\/section>\n<\/div>\n<\/div>\n","protected":false},"excerpt":{"rendered":"<p>Publicaciones ESMUC<\/p>\n","protected":false},"author":4,"featured_media":0,"parent":0,"menu_order":0,"comment_status":"closed","ping_status":"closed","template":"","meta":{"_acf_changed":false,"_themeisle_gutenberg_block_has_review":false,"footnotes":""},"categories":[1279],"tags":[],"class_list":["post-37812","page","type-page","status-publish","hentry","category-recerca-es"],"acf":[],"publishpress_future_action":{"enabled":false,"date":"2026-04-16 18:17:51","action":"change-status","newStatus":"draft","terms":[],"taxonomy":"category","extraData":[]},"publishpress_future_workflow_manual_trigger":{"enabledWorkflows":[]},"_links":{"self":[{"href":"https:\/\/www.esmuc.cat\/es\/wp-json\/wp\/v2\/pages\/37812","targetHints":{"allow":["GET"]}}],"collection":[{"href":"https:\/\/www.esmuc.cat\/es\/wp-json\/wp\/v2\/pages"}],"about":[{"href":"https:\/\/www.esmuc.cat\/es\/wp-json\/wp\/v2\/types\/page"}],"author":[{"embeddable":true,"href":"https:\/\/www.esmuc.cat\/es\/wp-json\/wp\/v2\/users\/4"}],"replies":[{"embeddable":true,"href":"https:\/\/www.esmuc.cat\/es\/wp-json\/wp\/v2\/comments?post=37812"}],"version-history":[{"count":15,"href":"https:\/\/www.esmuc.cat\/es\/wp-json\/wp\/v2\/pages\/37812\/revisions"}],"predecessor-version":[{"id":101593,"href":"https:\/\/www.esmuc.cat\/es\/wp-json\/wp\/v2\/pages\/37812\/revisions\/101593"}],"wp:attachment":[{"href":"https:\/\/www.esmuc.cat\/es\/wp-json\/wp\/v2\/media?parent=37812"}],"wp:term":[{"taxonomy":"category","embeddable":true,"href":"https:\/\/www.esmuc.cat\/es\/wp-json\/wp\/v2\/categories?post=37812"},{"taxonomy":"post_tag","embeddable":true,"href":"https:\/\/www.esmuc.cat\/es\/wp-json\/wp\/v2\/tags?post=37812"}],"curies":[{"name":"wp","href":"https:\/\/api.w.org\/{rel}","templated":true}]}}