{"id":36381,"date":"2021-09-30T16:43:34","date_gmt":"2021-09-30T14:43:34","guid":{"rendered":"https:\/\/www.esmuc.cat\/concerts\/dimarts-toca-esmuc\/"},"modified":"2026-01-30T14:10:03","modified_gmt":"2026-01-30T13:10:03","slug":"dimarts-toca-esmuc","status":"publish","type":"page","link":"https:\/\/www.esmuc.cat\/es\/actividades\/concerts\/dimarts-toca-esmuc\/","title":{"rendered":"Dimarts toca ESMUC"},"content":{"rendered":"<div class=\"breadcrumbs align  wp-block-bcn-breadcrumb-trail has-text-color has-background\" vocab=\"https:\/\/schema.org\/\" typeof=\"BreadcrumbList\">\n\t<span><\/span>\n\t<span property=\"itemListElement\" typeof=\"ListItem\"><a property=\"item\" typeof=\"WebPage\" title=\"Ir a ESMUC.\" href=\"https:\/\/www.esmuc.cat\/es\/\" class=\"home\" ><span property=\"name\">ESMUC<\/span><\/a><meta property=\"position\" content=\"1\"><\/span> &gt; <span property=\"itemListElement\" typeof=\"ListItem\"><a property=\"item\" typeof=\"WebPage\" title=\"Ir a Actividades.\" href=\"https:\/\/www.esmuc.cat\/es\/actividades\/\" class=\"post post-page\" ><span property=\"name\">Actividades<\/span><\/a><meta property=\"position\" content=\"2\"><\/span> &gt; <span property=\"itemListElement\" typeof=\"ListItem\"><a property=\"item\" typeof=\"WebPage\" title=\"Ir a Ciclos y colaboraciones.\" href=\"https:\/\/www.esmuc.cat\/es\/actividades\/concerts\/\" class=\"post post-page\" ><span property=\"name\">Ciclos y colaboraciones<\/span><\/a><meta property=\"position\" content=\"3\"><\/span> &gt; <span property=\"itemListElement\" typeof=\"ListItem\"><span property=\"name\" class=\"post post-page current-item\">Dimarts toca ESMUC<\/span><meta property=\"url\" content=\"https:\/\/www.esmuc.cat\/es\/actividades\/concerts\/dimarts-toca-esmuc\/\"><meta property=\"position\" content=\"4\"><\/span><\/div>\n\n\n\n<div class=\"wp-block-columns is-layout-flex wp-container-core-columns-is-layout-9d6595d7 wp-block-columns-is-layout-flex\">\n<div class=\"wp-block-column is-layout-flow wp-block-column-is-layout-flow\" style=\"flex-basis:100%\">\n<h1 class=\"wp-block-heading\" id=\"dimarts-toca-esmuc\">Dimarts Toca ESMUC<\/h1>\n\n\n\n<div style=\"height:22px\" aria-hidden=\"true\" class=\"wp-block-spacer\"><\/div>\n\n\n\n<div class=\"wp-block-columns is-layout-flex wp-container-core-columns-is-layout-9d6595d7 wp-block-columns-is-layout-flex\">\n<div class=\"wp-block-column is-layout-flow wp-block-column-is-layout-flow\">\n<div id=\"section-g5d4f90\" class=\"wp-block-gutentor-e0 section-g5d4f90 gutentor-element gutentor-element-advanced-text\"><div class=\"gutentor-text-wrap\"><p class=\"gutentor-text\"><strong>Dimarts Toca ESMUC<\/strong>&nbsp;es un ciclo estable de la Escola Superior de M\u00fasica de Catalunya que muestra la diversidad de estilos y formatos musicales que conviven en la Escuela. El alumnado de <a href=\"https:\/\/www.esmuc.cat\/es\/estudios\/masters-i-postgraus\/master-propi-de-management-i-produccio-musical\/produccio-i-gestio-2\/\">Producci\u00f3n y Gesti\u00f3n<\/a> de la Escuela colabora en la organizaci\u00f3n de estos conciertos como parte pr\u00e1ctica de su formaci\u00f3n.<\/p><\/div><\/div>\n\n\n\n<section id=\"gmb7da0f8\" class=\"wp-block-gutentor-m3 section-gmb7da0f8 gutentor-module gutentor-container-cover has-color-bg has-custom-bg\"><div class=\"grid-container\">\n<div id=\"section-g5afefe\" class=\"wp-block-gutentor-e7 section-g5afefe gutentor-element gutentor-element-list\"><ul class=\"grid-row gutentor-grid-item-wrap list-indicator-icon\"><li class=\"gutentor-list-item grid-lg-12 grid-md-12 grid-12\"><span class=\"gutentor-single-item gutentor-single-item-0\"><span class=\"gutentor-list-item-wrap g-s-list-wrap\"><span class=\"gutentor-single-list-item-icon\"><i class=\"list-item-icon fas fa-calendar-alt\"><\/i><\/span><span class=\"gutentor-list-item\"><p class=\"gutentor-single-item-title\">Martes<\/p><\/span><\/span><\/span><\/li><li class=\"gutentor-list-item grid-lg-12 grid-md-12 grid-12\"><span class=\"gutentor-single-item gutentor-single-item-1\"><span class=\"gutentor-list-item-wrap g-s-list-wrap g-s-list-i-icon\"><span class=\"gutentor-single-list-item-icon\"><i class=\"list-item-icon far fa-clock\"><\/i><\/span><span class=\"gutentor-list-item\"><p class=\"gutentor-single-item-title\">18:15 h<\/p><\/span><\/span><\/span><\/li><li class=\"gutentor-list-item grid-lg-12 grid-md-12 grid-12\"><span class=\"gutentor-single-item gutentor-single-item-2\"><span class=\"gutentor-list-item-wrap g-s-list-wrap g-s-list-i-icon\"><span class=\"gutentor-single-list-item-icon\"><i class=\"list-item-icon fas fa-map-marker-alt\"><\/i><\/span><span class=\"gutentor-list-item\"><p class=\"gutentor-single-item-title\">Sala de orquesta. Acceso libre hasta agotar localidades.<\/p><\/span><\/span><\/span><\/li><\/ul><\/div>\n<\/div><\/section>\n<\/div>\n\n\n\n<div class=\"wp-block-column is-layout-flow wp-block-column-is-layout-flow\">\n<figure class=\"wp-block-image size-large\"><img decoding=\"async\" width=\"1024\" height=\"576\" src=\"https:\/\/www.esmuc.cat\/wp-content\/uploads\/2023\/09\/Dimarts-toca-esmuc-16x9-1-1024x576.jpg\" alt=\"\" class=\"wp-image-85731\" srcset=\"https:\/\/www.esmuc.cat\/wp-content\/uploads\/2023\/09\/Dimarts-toca-esmuc-16x9-1-1024x576.jpg 1024w, https:\/\/www.esmuc.cat\/wp-content\/uploads\/2023\/09\/Dimarts-toca-esmuc-16x9-1-300x169.jpg 300w, https:\/\/www.esmuc.cat\/wp-content\/uploads\/2023\/09\/Dimarts-toca-esmuc-16x9-1-768x432.jpg 768w, https:\/\/www.esmuc.cat\/wp-content\/uploads\/2023\/09\/Dimarts-toca-esmuc-16x9-1.jpg 1080w\" sizes=\"(max-width: 1024px) 100vw, 1024px\" \/><\/figure>\n<\/div>\n<\/div>\n\n\n\n<h3 class=\"wp-block-heading\">Programaci\u00f3n curso 2025-2026<\/h3>\n\n\n\n<div style=\"height:30px\" aria-hidden=\"true\" class=\"wp-block-spacer\"><\/div>\n\n\n\n<h4 class=\"wp-block-heading\">2\u00ba cuatrimestre<\/h4>\n\n\n\n<section id=\"g-7obvka7\" class=\"wp-block-gutentor-m3 section-g-7obvka7 gutentor-module gutentor-container-cover\"><div class=\"grid-container\">\n<figure class=\"wp-block-table ticss-f88da32e\"><table><thead><tr><th>Fecha<\/th><th>Concierto<\/th><th>Dep.<\/th><th><\/th><\/tr><\/thead><tbody><tr><td>03\/02\/26<\/td><td>Becas Anna Riera<br>Mario\u00a0Rabanal,\u00a0viol\u00edn; \u00c1lvaro Garrido, saxo; \u00a0i\u00a0Pau\u00a0Oliver, piano.<\/td><td>JFMMA y CiC<\/td><td><a href=\"https:\/\/www.esmuc.cat\/dimarts-toca-esmuc-beques-anna-riera-2026\/\">Ves a la noticia<\/a><\/td><\/tr><tr><td>10\/02\/26<\/td><td>Cuarteto Br\u00e9tema: <em>Ecos del Romanticismo<\/em><br>Ivan Carpintero, piano; Sara Le\u00f3n, viola; Nuria Pons, violoncehlo; Mario Rabanal, viol\u00edn.<\/td><td>CiC<\/td><td><\/td><\/tr><tr><td>17\/02\/26<\/td><td>Audiciones de composici\u00f3n<\/td><td>Composici\u00f3n<\/td><td><\/td><\/tr><tr><td>24\/02\/26<\/td><td>\u00c1ngela Zarzuela<br>\u00c1ngela Zarzuela, guitarra flamenca;\u00a0Irene Zugaza, canto.<\/td><td>JFMMA<\/td><td><\/td><\/tr><tr><td>03\/03\/26<\/td><td>Chopin i Faur\u00e9<br>Jean-Fran\u00e7ois Dichamp, piano.<\/td><td>CiC<\/td><td><\/td><\/tr><tr><td>10\/03\/26<\/td><td>Mujeres compositoras<\/td><td>JFMMA<\/td><td><\/td><\/tr><tr><td>17\/03\/26<\/td><td>La Fageda d&#8217;en Jord\u00e0<br>Cobla Sinf\u00f3nica Joven<\/td><td>JFMMA<\/td><td><\/td><\/tr><tr><td>24\/03\/26<\/td><td>Quatre Lares<br>Andrea Porras, viola; Neus L\u00f3pez Gar\u00ed, viol\u00edn; Marta de Soto Paz, violonchelo; Mar\u00eda R\u00edos Morales, viol\u00edn.<\/td><td>CiC<\/td><td><\/td><\/tr><\/tbody><\/table><\/figure>\n<\/div><\/section>\n\n\n\n<div style=\"height:30px\" aria-hidden=\"true\" class=\"wp-block-spacer\"><\/div>\n\n\n\n<h4 class=\"wp-block-heading\">1r cuatrimestre<\/h4>\n\n\n\n<section id=\"g-lj1lbxu\" class=\"wp-block-gutentor-m3 section-g-lj1lbxu gutentor-module gutentor-container-cover\"><div class=\"grid-container\">\n<figure class=\"wp-block-table ticss-f88da32e\"><table><thead><tr><th>Fecha<\/th><th>Concierto<\/th><th>Dep.<\/th><th><\/th><\/tr><\/thead><tbody><tr><td>30\/09\/25<\/td><td>Becas Anna Riera<br>Paula Diz Parrondo, viol\u00ed;&nbsp;Marcel Castella, piano; i&nbsp;Lola Pe\u00f1aranda, saxo.<\/td><td>JFMMA y CiC<\/td><td><a href=\"https:\/\/www.esmuc.cat\/dimarts-toca-esmuc-primer-concert-beques-anna-riera-2025\/\" target=\"_blank\" rel=\"noreferrer noopener\">Ves a la noticia<\/a><\/td><\/tr><tr><td>14\/10\/25<\/td><td>nespres<br>Clara Mas, flauta travessera\/flauta baixa i veu;&nbsp;Marta Albiol, veu i flauta;&nbsp;Joan Soler, guitarra el\u00e8ctrica i&nbsp;Xavier Gin\u00e9, contrabaix.&nbsp;<\/td><td>JFMMA<\/td><td><a href=\"https:\/\/www.esmuc.cat\/dimarts-toca-esmuc-nespres-de-merienda-una-rebanada-con-mermelada-de-nisperos\/\">Ves a la noticia<\/a><\/td><\/tr><tr><td>21\/10\/25<\/td><td>Recital de guitarra Mario Pino<br>Obras de Alb\u00e9niz, Llobet y Tedesco.<\/td><td>Convenio Alhambra Guitars<\/td><td><a href=\"https:\/\/www.esmuc.cat\/dimarts-toca-esmuc-mario-pino-guitarra-classica\/\">Ves a la noticia<\/a><\/td><\/tr><tr><td>28\/10\/25<\/td><td>JD Group<br>Jon\u00e1s D\u00edaz, saxo alto; Cecilia Colla\u00e7o, bater\u00eda; Vincenzo Pellegrino, piano; Andreu Bayarri, vibr\u00e1fono; i Cala Quintero, bajo el\u00e9ctrico.<\/td><td>JFMMA<\/td><td><a href=\"https:\/\/www.esmuc.cat\/dimarts-toca-esmuc-jazz-amb-jd-group\/\">Ves a la noticia<\/a><\/td><\/tr><tr><td>11\/11\/25<\/td><td>N-240<br>Pau Llad\u00f3, saxo alt i saxo soprano;&nbsp;Miquel Rodr\u00edguez, piano;&nbsp;Pol Mart\u00ed, bateria; i&nbsp;Jordi Herrera, contrabaix.<\/td><td>JFMMA<\/td><td><a href=\"https:\/\/www.esmuc.cat\/dimarts-toca-esmuc-n-240\/\">Ves a la noticia<\/a><\/td><\/tr><tr><td>18\/11\/25<\/td><td>Biograf\u00eda sonora de Franco Donatoni&nbsp;a trav\u00e9s de la percusi\u00f3n<br>Grupo de percusi\u00f3n de la ESMUC.<\/td><td>CiC<\/td><td><a href=\"https:\/\/www.esmuc.cat\/dimarts-toca-esmuc-ensemble-percussio-interpreta-franco-donatoni\/\" target=\"_blank\" rel=\"noreferrer noopener\">Ves a la noticia<\/a><\/td><\/tr><tr><td>25\/11\/25<\/td><td>M\u00fasica Antigua<\/td><td>JFMMA<\/td><td><\/td><\/tr><\/tbody><\/table><\/figure>\n<\/div><\/section>\n<\/div>\n<\/div>\n\n\n\n<section id=\"g-41nng31\" class=\"section-g-41nng31 gutentor-module gutentor-module-accordion\"><div class=\"grid-container\">\n<div id=\"g-tkcdrir\" class=\"wp-block-gutentor-m6-item section-g-tkcdrir gutentor-module gutentor-module-accordion-item\"><div class=\"gutentor-module-accordion-panel g-a-panel-g-41nng31\"><div class=\"gm-ah-g-41nng31 gutentor-module-accordion-item-heading gutentor-module-icon-position-right\"><span class=\"gutentor-module-accordion-panel-handler\" role=\"button\"><span class=\"gutentor-module-accordion-panel-handler-label\">Curso 2024 &#8211; 2025<\/span><span class=\"gutentor-module-accordion-icon\"><i class=\"gm-aio-g-41nng31 gutentor-module-accordion-icon-open fas fa-plus\"><\/i><i class=\"gm-aic-g-41nng31 gutentor-module-accordion-icon-close fas fa-minus\"><\/i><\/span><\/span><\/div><div class=\"gm-ab-g-41nng31 gutentor-module-accordion-body\">\n<div id=\"section-g-v9zrc33\" class=\"wp-block-gutentor-e0 section-g-v9zrc33 gutentor-element gutentor-element-advanced-text\"><div class=\"gutentor-text-wrap\"><p class=\"gutentor-text\">1r cuatrimestre<\/p><\/div><\/div>\n\n\n\n<section id=\"g-u3k03n1\" class=\"wp-block-gutentor-m3 section-g-u3k03n1 gutentor-module gutentor-container-cover\"><div class=\"grid-container\">\n<figure class=\"wp-block-table ticss-f88da32e\"><table><thead><tr><th>Fecha<\/th><th>Concierto<\/th><th>Dep.<\/th><th><\/th><\/tr><\/thead><tbody><tr><td>01\/10\/24<\/td><td>Becas Anna Riera<br>Manel Ferrer, percussi\u00f3 Alejandra Cabello y Mireia Pladevall<\/td><td>CiC<\/td><td><a href=\"https:\/\/www.esmuc.cat\/dimarts-toca-esmuc-beques-anna-riera-2024\/\">Ves a la noticia<\/a><\/td><\/tr><tr><td>08\/10\/24<\/td><td>Celobert<br>Laia Camps, Mart\u00ed Villa y Miquel Freixas<\/td><td>JFMMA<\/td><td><a href=\"https:\/\/www.esmuc.cat\/dimarts-toca-esmuc-celobert\/\">Ves a la noticia<\/a><\/td><\/tr><tr><td>15\/10\/24<\/td><td>Inner Visions<br>Carlos Segura, Marta Cid y Maria Saurina<\/td><td>CiC<\/td><td><a href=\"https:\/\/www.esmuc.cat\/dimarts-toca-esmuc-inner-trio\/\">Ves a la noticia<\/a><\/td><\/tr><tr><td>22\/10\/24<\/td><td>\u00c1lvaro Toscano<br>Obres de Vicente Asencio y Isaac Alb\u00e9niz<\/td><td>CiC<br>Convenio Alhambra Guitars<\/td><td><a href=\"https:\/\/www.esmuc.cat\/dimarts-toca-esmuc-alvaro-toscano-guitarra-classica\/\">Ves a la noticia<\/a><\/td><\/tr><tr><td>29\/10\/24<\/td><td>Boleros<br>Bayarri &amp; Garc\u00eda-Bernalt duo: Andreu Bayarri y Rodrigo Garc\u00eda-Bernalt<\/td><td>JFMMA<\/td><td><a href=\"https:\/\/www.esmuc.cat\/dimarts-toca-esmuc-sessio-de-boleros\/\">Ves a la noticia<\/a><\/td><\/tr><tr><td>05\/11\/24<\/td><td>Duo Belarc<br>Marina Piedrahita y Laura Almi\u00f1ana<\/td><td>CiC<\/td><td><a href=\"https:\/\/www.esmuc.cat\/dimarts-toca-esmuc-duo-belarc\/\">Ves a la noticia<\/a><\/td><\/tr><tr><td>12\/11\/24<\/td><td>El Milagro Trio<br>Juan Pablo Eg\u00fasquiza, Rodrigo Lepe y Alberto Manrique<\/td><td>JFMMA<\/td><td><a href=\"https:\/\/www.esmuc.cat\/dimarts-toca-esmuc-milagro-trio\/\">Ves a la noticia<\/a><\/td><\/tr><tr><td>19\/11\/24<\/td><td>Aix\u00f2 \u00e9s molt greu!<br>Viviana Salisi, Iago Garcia y Alejandra Cabello<\/td><td>CiC<\/td><td>Cancelado<\/td><\/tr><tr><td>26\/11\/24<\/td><td>Alterannda<br>Anna Rodrigo y Eudald Figueres<\/td><td>JFMMA<\/td><td><a href=\"https:\/\/www.esmuc.cat\/dimarts-toca-esmuc-alterannda\/\">Ves a la noticia<\/a><\/td><\/tr><\/tbody><\/table><\/figure>\n<\/div><\/section>\n\n\n\n<p>2\u00ba cuatrimestre<\/p>\n\n\n\n<section id=\"g-104c7ha\" class=\"wp-block-gutentor-m3 section-g-104c7ha gutentor-module gutentor-container-cover\"><div class=\"grid-container\">\n<figure class=\"wp-block-table ticss-f88da32e\"><table><thead><tr><th>Fecha<\/th><th>Concierto<\/th><th>Dep.<\/th><th><\/th><\/tr><\/thead><tbody><tr><td>04\/02\/25<\/td><td>Entre cuerdas y v\u00edas<br>Llu\u00eds Casta\u00f1 Fern\u00e1ndez, guitarra flamenca; Jorge Mesa El Pirata, cante; Mar\u00eda Gil, flauta.<\/td><td>JFMMA<\/td><td><a href=\"https:\/\/www.esmuc.cat\/dimarts-toca-esmuc-entre-cuerdas-y-vias\/\">Ves a la noticia<\/a><\/td><\/tr><tr><td>11\/02\/25<\/td><td>Hop bop sextet<br>Roc Rodr\u00edguez Moral, trompeta; Pau Llad\u00f3 Mart\u00ed, saxo alto; Miquel Rodr\u00edguez Llard\u00ed, piano; Joan Pere Arguimbau, guitarra; Eloi Peralta, contrabajo; Alberto Manrique, bater\u00eda.<\/td><td>JFMMA<\/td><td><a href=\"https:\/\/www.esmuc.cat\/dimarts-toca-esmuc-hot-bop-sextet\/\">Ves a la noticia<\/a><\/td><\/tr><tr><td>18\/02\/25<\/td><td>Quartet Metamorfosi &amp; Cristina Escalpez<br>Abel Ant\u00f3n Delgado, viol\u00edn; Miguel Angel Castillo, viol\u00edn; Adela Beiro Guillas, viola; Sergi Garcia Cabrera, cello; Cristina Esclapez, piano.<\/td><td>CiC<\/td><td><a href=\"https:\/\/www.esmuc.cat\/dimarts-toca-esmuc-mestres-de-la-tecla\/\">Ves a la noticia<\/a><\/td><\/tr><tr><td>25\/02\/25<\/td><td>Obras de nueva creaci\u00f3n<br>Stephanie Macchi;&nbsp;Nacho Baeza;&nbsp;Pedro Ort\u00edz;&nbsp;Ismael Khalify.<\/td><td>CTM<\/td><td><a href=\"https:\/\/www.esmuc.cat\/dimarts-toca-esmuc-joves-creadors-musicals-2\/\">Ves a la noticia<\/a><\/td><\/tr><tr><td>04\/03\/25<\/td><td>Mujeres compositoras<br>Estudiantes de M\u00fasica Antigua de ESMUC.<\/td><td>M\u00fasica Antigua<\/td><td><a href=\"https:\/\/www.esmuc.cat\/dimarts-toca-esmuc-dones-compositores-del-barroc\/\">Ves a la noticia<\/a><\/td><\/tr><tr><td>11\/03\/25<\/td><td>Th\u00e9dak Ensemble<br>Virginia Tato Moreno, flauta; Marc Guill\u00e9n Pieres, obo\u00e9; Sergio Ferrer L\u00f3pez, clarinete; Sandra Ram\u00f3n Garcia, trompa; Josep Rovira y Gordillo, fagot.<\/td><td>CiC<\/td><td><a href=\"https:\/\/www.esmuc.cat\/dimarts-toca-esmuc-thedak-ensemble\/\">Ves a la noticia<\/a><\/td><\/tr><tr><td>18\/03\/25<\/td><td>Maria Pascual &amp; Edu Verg\u00e9s<\/td><td>JFMMA<\/td><td><a href=\"https:\/\/www.esmuc.cat\/dimarts-toca-esmuc-maria-pascual-edu-verges\/\">Ves a la noticia<\/a><\/td><\/tr><tr><td>25\/03\/25<\/td><td>Profesorado de viola y piano<br>Yuval Gotlibovich, viola y Kennedy Moretti, piano.<\/td><td>CiC<\/td><td><a href=\"https:\/\/www.esmuc.cat\/dimarts-toca-esmuc-yuval-gotlibovich-i-kennedy-moretti\/\">Ves a la noticia<\/a><\/td><\/tr><\/tbody><\/table><\/figure>\n<\/div><\/section>\n<\/div><\/div><\/div>\n\n\n\n<div id=\"g-z11tzs4\" class=\"wp-block-gutentor-m6-item section-g-z11tzs4 gutentor-module gutentor-module-accordion-item\"><div class=\"gutentor-module-accordion-panel g-a-panel-g-41nng31\"><div class=\"gm-ah-g-41nng31 gutentor-module-accordion-item-heading gutentor-module-icon-position-right\"><span class=\"gutentor-module-accordion-panel-handler\" role=\"button\"><span class=\"gutentor-module-accordion-panel-handler-label\">Curso 2023 &#8211; 2024<\/span><span class=\"gutentor-module-accordion-icon\"><i class=\"gm-aio-g-41nng31 gutentor-module-accordion-icon-open fas fa-plus\"><\/i><i class=\"gm-aic-g-41nng31 gutentor-module-accordion-icon-close fas fa-minus\"><\/i><\/span><\/span><\/div><div class=\"gm-ab-g-41nng31 gutentor-module-accordion-body\">\n<div id=\"section-g-s8gf4bx\" class=\"wp-block-gutentor-e0 section-g-s8gf4bx gutentor-element gutentor-element-advanced-text\"><div class=\"gutentor-text-wrap\"><p class=\"gutentor-text\">2\u00ba cuatrimestre<\/p><\/div><\/div>\n\n\n\n<section id=\"g-ctu4171\" class=\"wp-block-gutentor-m3 section-g-ctu4171 gutentor-module gutentor-container-cover\"><div class=\"grid-container\">\n<figure class=\"wp-block-table ticss-f88da32e\"><table><thead><tr><th>Fecha<\/th><th>Concierto<\/th><th>Dep.<\/th><th><\/th><\/tr><\/thead><tbody><tr><td>30\/01\/24<\/td><td><em>Press Start Project<\/em><br>M\u00fasica de v\u00eddeo juegos: <br>Super Mario Bros, The Legend of Zelda, Wii Sports<\/td><td>JFMMA<\/td><td><a href=\"https:\/\/www.esmuc.cat\/dimarts-toca-esmuc-la-musica-de-super-mario-bross-amb-press-start-project\/\">Ves a la noticia<\/a><\/td><\/tr><tr><td>06\/02\/24<\/td><td>Tango Piazzola<\/td><td>CiC<\/td><td><a href=\"https:\/\/www.esmuc.cat\/dimarts-toca-esmuc-quintet-tanguedia\/\">Ves a la noticia<\/a><\/td><\/tr><tr><td>13\/02\/24<\/td><td><em>El mandolin\u00edstic viatge<\/em><br>Obras de Kindle, Calace, Kuwahara, Comas i Granados<\/td><td>CiC<\/td><td><a href=\"https:\/\/www.esmuc.cat\/dimarts-toca-esmuc-el-mandolinistic-viatge\/\">Ves a la noticia<\/a><\/td><\/tr><tr><td>20\/02\/24<\/td><td>J\u00f3venes creadores musicales<\/td><td>CTM<\/td><td><\/td><\/tr><tr><td>27\/02\/24<\/td><td><em>Trio d&#8217;ocells<\/em><br>Obras de J. Quantz, B. Britten, Marc Egea, Jordi Molina<\/td><td>CiC<\/td><td><\/td><\/tr><tr><td>05\/03\/24<\/td><td>Compositoras del Barroco<\/td><td>MA<\/td><td><\/td><\/tr><tr><td>12\/03\/24<\/td><td>Recital flamenco<br>Repertorio tradicional<\/td><td>JFMMA<\/td><td><\/td><\/tr><tr><td>19\/03\/24<\/td><td>Obras de Jaume Padr\u00f3s<\/td><td>CiC<\/td><td><\/td><\/tr><\/tbody><\/table><\/figure>\n<\/div><\/section>\n<\/div><\/div><\/div>\n<\/div><\/section>\n","protected":false},"excerpt":{"rendered":"<p>Dimarts Toca ESMUC Programaci\u00f3n curso 2025-2026 2\u00ba cuatrimestre 1r cuatrimestre<\/p>\n","protected":false},"author":4,"featured_media":85731,"parent":34337,"menu_order":0,"comment_status":"closed","ping_status":"closed","template":"","meta":{"_acf_changed":false,"_themeisle_gutenberg_block_has_review":false,"footnotes":""},"categories":[1076,976],"tags":[1259],"class_list":["post-36381","page","type-page","status-publish","has-post-thumbnail","hentry","category-comunicacion","category-escola-es","tag-concerts-es"],"acf":[],"publishpress_future_action":{"enabled":false,"date":"2026-04-12 17:50:17","action":"change-status","newStatus":"draft","terms":[],"taxonomy":"category","extraData":[]},"publishpress_future_workflow_manual_trigger":{"enabledWorkflows":[]},"_links":{"self":[{"href":"https:\/\/www.esmuc.cat\/es\/wp-json\/wp\/v2\/pages\/36381","targetHints":{"allow":["GET"]}}],"collection":[{"href":"https:\/\/www.esmuc.cat\/es\/wp-json\/wp\/v2\/pages"}],"about":[{"href":"https:\/\/www.esmuc.cat\/es\/wp-json\/wp\/v2\/types\/page"}],"author":[{"embeddable":true,"href":"https:\/\/www.esmuc.cat\/es\/wp-json\/wp\/v2\/users\/4"}],"replies":[{"embeddable":true,"href":"https:\/\/www.esmuc.cat\/es\/wp-json\/wp\/v2\/comments?post=36381"}],"version-history":[{"count":71,"href":"https:\/\/www.esmuc.cat\/es\/wp-json\/wp\/v2\/pages\/36381\/revisions"}],"predecessor-version":[{"id":116178,"href":"https:\/\/www.esmuc.cat\/es\/wp-json\/wp\/v2\/pages\/36381\/revisions\/116178"}],"up":[{"embeddable":true,"href":"https:\/\/www.esmuc.cat\/es\/wp-json\/wp\/v2\/pages\/34337"}],"wp:featuredmedia":[{"embeddable":true,"href":"https:\/\/www.esmuc.cat\/es\/wp-json\/wp\/v2\/media\/85731"}],"wp:attachment":[{"href":"https:\/\/www.esmuc.cat\/es\/wp-json\/wp\/v2\/media?parent=36381"}],"wp:term":[{"taxonomy":"category","embeddable":true,"href":"https:\/\/www.esmuc.cat\/es\/wp-json\/wp\/v2\/categories?post=36381"},{"taxonomy":"post_tag","embeddable":true,"href":"https:\/\/www.esmuc.cat\/es\/wp-json\/wp\/v2\/tags?post=36381"}],"curies":[{"name":"wp","href":"https:\/\/api.w.org\/{rel}","templated":true}]}}