{"id":36380,"date":"2021-10-01T16:11:56","date_gmt":"2021-10-01T14:11:56","guid":{"rendered":"https:\/\/www.esmuc.cat\/concerts\/esmuc-jam\/"},"modified":"2026-04-08T16:36:56","modified_gmt":"2026-04-08T14:36:56","slug":"esmuc-jam","status":"publish","type":"page","link":"https:\/\/www.esmuc.cat\/es\/actividades\/concerts\/esmuc-jam\/","title":{"rendered":"ESMUC Jam"},"content":{"rendered":"<div class=\"breadcrumbs align  wp-block-bcn-breadcrumb-trail has-text-color has-background\" vocab=\"https:\/\/schema.org\/\" typeof=\"BreadcrumbList\">\n\t<span><\/span>\n\t<span property=\"itemListElement\" typeof=\"ListItem\"><a property=\"item\" typeof=\"WebPage\" title=\"Ir a ESMUC.\" href=\"https:\/\/www.esmuc.cat\/es\/\" class=\"home\" ><span property=\"name\">ESMUC<\/span><\/a><meta property=\"position\" content=\"1\"><\/span> &gt; <span property=\"itemListElement\" typeof=\"ListItem\"><a property=\"item\" typeof=\"WebPage\" title=\"Ir a Actividades.\" href=\"https:\/\/www.esmuc.cat\/es\/actividades\/\" class=\"post post-page\" ><span property=\"name\">Actividades<\/span><\/a><meta property=\"position\" content=\"2\"><\/span> &gt; <span property=\"itemListElement\" typeof=\"ListItem\"><a property=\"item\" typeof=\"WebPage\" title=\"Ir a Ciclos y colaboraciones.\" href=\"https:\/\/www.esmuc.cat\/es\/actividades\/concerts\/\" class=\"post post-page\" ><span property=\"name\">Ciclos y colaboraciones<\/span><\/a><meta property=\"position\" content=\"3\"><\/span> &gt; <span property=\"itemListElement\" typeof=\"ListItem\"><span property=\"name\" class=\"post post-page current-item\">ESMUC Jam<\/span><meta property=\"url\" content=\"https:\/\/www.esmuc.cat\/es\/actividades\/concerts\/esmuc-jam\/\"><meta property=\"position\" content=\"4\"><\/span><\/div>\n\n\n\n<div class=\"wp-block-columns is-layout-flex wp-container-core-columns-is-layout-9d6595d7 wp-block-columns-is-layout-flex\">\n<div class=\"wp-block-column is-layout-flow wp-block-column-is-layout-flow\" style=\"flex-basis:100%\">\n<h1 class=\"wp-block-heading\" id=\"esmuc-jam\">ESMUC Jam<\/h1>\n\n\n\n<div style=\"height:30px\" aria-hidden=\"true\" class=\"wp-block-spacer\"><\/div>\n\n\n\n<div class=\"wp-block-columns is-layout-flex wp-container-core-columns-is-layout-9d6595d7 wp-block-columns-is-layout-flex\">\n<div class=\"wp-block-column is-layout-flow wp-block-column-is-layout-flow\">\n<div id=\"section-ge81ccf\" class=\"wp-block-gutentor-e0 section-ge81ccf gutentor-element gutentor-element-advanced-text\"><div class=\"gutentor-text-wrap\"><p class=\"gutentor-text\"><em>ESMUC Jam<\/em> es el punto de encuentro de m\u00fasicos que quieren compartir la espontaneidad y el placer de tocar juntos, dando especial importancia a la <strong>improvisaci\u00f3n<\/strong> jazz. El ciclo comenz\u00f3 en 2015 con sesiones semanales y est\u00e1 coordinado por el <a href=\"https:\/\/www.esmuc.cat\/es\/sobre-lesmuc\/departaments\/jazz-flamenco-musica-moderna-i-darrel\/\">Departamento de Jazz, Flamenco, M\u00fasica Moderna y Tradicional Catalana<\/a>. <\/p><\/div><\/div>\n\n\n\n<section id=\"gm0bcfecf\" class=\"wp-block-gutentor-m3 section-gm0bcfecf gutentor-module gutentor-container-cover has-color-bg has-custom-bg\"><div class=\"grid-container\">\n<div id=\"section-gcb7358\" class=\"wp-block-gutentor-e7 section-gcb7358 gutentor-element gutentor-element-list\"><ul class=\"grid-row gutentor-grid-item-wrap list-indicator-icon\"><li class=\"gutentor-list-item grid-lg-12 grid-md-12 grid-12\"><span class=\"gutentor-single-item gutentor-single-item-0\"><span class=\"gutentor-list-item-wrap g-s-list-wrap\"><span class=\"gutentor-single-list-item-icon\"><i class=\"list-item-icon fas fa-calendar-alt\"><\/i><\/span><span class=\"gutentor-list-item\"><p class=\"gutentor-single-item-title\">Mi\u00e9rcoles<\/p><\/span><\/span><\/span><\/li><li class=\"gutentor-list-item grid-lg-12 grid-md-12 grid-12\"><span class=\"gutentor-single-item gutentor-single-item-1\"><span class=\"gutentor-list-item-wrap g-s-list-wrap g-s-list-i-icon\"><span class=\"gutentor-single-list-item-icon\"><i class=\"list-item-icon far fa-clock\"><\/i><\/span><span class=\"gutentor-list-item\"><p class=\"gutentor-single-item-title\">19:30 h<\/p><\/span><\/span><\/span><\/li><li class=\"gutentor-list-item grid-lg-12 grid-md-12 grid-12\"><span class=\"gutentor-single-item gutentor-single-item-2\"><span class=\"gutentor-list-item-wrap g-s-list-wrap g-s-list-i-icon\"><span class=\"gutentor-single-list-item-icon\"><i class=\"list-item-icon fas fa-map-marker-alt\"><\/i><\/span><span class=\"gutentor-list-item\"><p class=\"gutentor-single-item-title\">Bar Llanterna. Acceso libre<\/p><\/span><\/span><\/span><\/li><\/ul><\/div>\n<\/div><\/section>\n<\/div>\n\n\n\n<div class=\"wp-block-column is-layout-flow wp-block-column-is-layout-flow\">\n<figure class=\"wp-block-image size-large is-resized\"><img decoding=\"async\" width=\"1024\" height=\"576\" src=\"https:\/\/www.esmuc.cat\/wp-content\/uploads\/2024\/10\/ESMUC-JAM-2425-1024x576.png\" alt=\"Esmuc Jam 2425\" class=\"wp-image-99957\" style=\"width:512px;height:auto\" srcset=\"https:\/\/www.esmuc.cat\/wp-content\/uploads\/2024\/10\/ESMUC-JAM-2425-1024x576.png 1024w, https:\/\/www.esmuc.cat\/wp-content\/uploads\/2024\/10\/ESMUC-JAM-2425-300x169.png 300w, https:\/\/www.esmuc.cat\/wp-content\/uploads\/2024\/10\/ESMUC-JAM-2425-768x432.png 768w, https:\/\/www.esmuc.cat\/wp-content\/uploads\/2024\/10\/ESMUC-JAM-2425-1536x864.png 1536w, https:\/\/www.esmuc.cat\/wp-content\/uploads\/2024\/10\/ESMUC-JAM-2425.png 1600w\" sizes=\"(max-width: 1024px) 100vw, 1024px\" \/><\/figure>\n<\/div>\n<\/div>\n\n\n\n<h2 class=\"wp-block-heading\" id=\"programacio-2021-2022\">Programaci\u00f3n<\/h2>\n\n\n\n<h3 class=\"wp-block-heading\">Curso 2025-2026<\/h3>\n\n\n\n<div style=\"height:30px\" aria-hidden=\"true\" class=\"wp-block-spacer\"><\/div>\n\n\n\n<section id=\"gmd8564dc\" class=\"wp-block-gutentor-m3 section-gmd8564dc gutentor-module gutentor-container-cover\"><div class=\"grid-container\">\n<figure class=\"wp-block-table alignleft ticss-f88da32e\"><table><thead><tr><th>Fechas programadas                                                                          <\/th><th>Formaci\u00f3n que abre la jam<\/th><\/tr><\/thead><tbody><tr><td>08\/10\/2025<\/td><td>Contusion<br>Lola Pe\u00f1aranda, saxo; Diego Nogueira, bajo; Miquel Freixas, teclado; y Marc Par\u00e9s, bater\u00eda.<\/td><\/tr><tr><td>22\/10\/2025<\/td><td>Adam Baldych<br>Mart\u00ed Vila, viol\u00edn; Teo Gallego, piano; Miquel Pinazo, bater\u00eda; Rodrigo Garc\u00eda, saxo alto; Xavi Gin\u00e9, contrabajo.<\/td><\/tr><tr><td>29\/10\/2025<\/td><td>Pau Llad\u00f3 Quartet<br>Pau Llad\u00f3, saxo alto y soprano; Miquel Rodriguez, piano; Pol Mart\u00ed, bater\u00eda; Jordi Herrera, contrabajo.<\/td><\/tr><tr><td>26\/11\/2025<\/td><td>Marc Uroz, voz; Dani Palaci, piano; Bruno Tejedo, saxo; Manu Luque, contrabajo.<\/td><\/tr><tr><td>04\/02\/2026<\/td><td>1 2 3 YES<br>Vicenzo Pellegrino, piano; Sergei Maltsev, bater\u00eda; Alessandro Criscuolo, bajo el\u00e9ctrico.<\/td><\/tr><tr><td>25\/02\/2026<\/td><td>Power Funky Station<br>Juan David Velasco, guitarra; Daniel Corral, teclados; Arturo Ortiz, saxo alto; Diego Nogueira, bajo el\u00e9ctrico; Marc Par\u00e9s, bater\u00eda.<\/td><\/tr><tr><td>18\/03\/2026<\/td><td>Moshpit<br>Juan David Velasco, guitarra; Daniel Corral, teclados; Arturo Ortiz, saxo alto; Diego Nogueira, bajo el\u00e9ctrico; Sergi Campos, bater\u00eda.<\/td><\/tr><tr><td>08\/04\/2026<\/td><td>Combo M\u00e1ster<br>Zoe Celeste, voz; Vicente Oliveira, guitarra; Jack Aprat, piano; Roman Cubelos, contrabajo; Arturo Ram\u00edrez, bater\u00eda.<\/td><\/tr><tr><td>22\/04\/2026<\/td><td>Homenaje a Cannonball Adderley Quintet<br>Marc Marcet, trompeta; Rodrigo Garc\u00eda-Bernalt, saxo alto; Teo Gallego, piano; Tom\u00e1s A Di, contrabajo; Judit Puig, bater\u00eda.<\/td><\/tr><tr><td>29\/04\/2026<\/td><td>Fahrenheit<br>Tom\u00e1s D\u00edaz, bajo el\u00e9ctrico; Joan Biosca, saxo alto; \u00d2scar Montoya, saxo tenor; Teo Gallego, teclado; Joan Soler, guitarra; Juan David Velasco, guitarra; Miquel Alcaina, percusi\u00f3n; Judit Puig, bater\u00eda.&nbsp;<\/td><\/tr><tr><td>13\/05\/2026<\/td><td>Teenage Mutant Ninja Turtles<br>Jaume Rosell\u00f3 Salleras, guitarra; Adam Torres, saxo alto; Roman Cubelos, contrabajo; Sergei Maltsev, bater\u00eda.<\/td><\/tr><\/tbody><\/table><\/figure>\n<\/div><\/section>\n<\/div>\n<\/div>\n\n\n\n<section id=\"g-lddogm0\" class=\"section-g-lddogm0 gutentor-module gutentor-module-accordion\"><div class=\"grid-container\">\n<div id=\"g-v6v11la\" class=\"wp-block-gutentor-m6-item section-g-v6v11la gutentor-module gutentor-module-accordion-item\"><div class=\"gutentor-module-accordion-panel g-a-panel-g-lddogm0\"><div class=\"gm-ah-g-lddogm0 gutentor-module-accordion-item-heading gutentor-module-icon-position-right\"><span class=\"gutentor-module-accordion-panel-handler\" role=\"button\"><span class=\"gutentor-module-accordion-panel-handler-label\">2024 &#8211; 2025<\/span><span class=\"gutentor-module-accordion-icon\"><i class=\"gm-aio-g-lddogm0 gutentor-module-accordion-icon-open fas fa-plus\"><\/i><i class=\"gm-aic-g-lddogm0 gutentor-module-accordion-icon-close fas fa-minus\"><\/i><\/span><\/span><\/div><div class=\"gm-ab-g-lddogm0 gutentor-module-accordion-body\">\n<section id=\"g-swx61w7\" class=\"wp-block-gutentor-m3 section-g-swx61w7 gutentor-module gutentor-container-cover\"><div class=\"grid-container\">\n<figure class=\"wp-block-table alignleft ticss-f88da32e\"><table><thead><tr><th>Fechas programadas                                                                          <\/th><th>Formaci\u00f3n que abre la jam<\/th><\/tr><\/thead><tbody><tr><td>2\/10\/2024<\/td><td>CRH Factor:<br>Paco Fern\u00e1ndez, trompeta; Aina L\u00f3pez i Mart\u00ed Cabarrocas, saxo; David Herrero, bater\u00eda; Diego Nogueira, bajo.<\/td><\/tr><tr><td>9\/10\/2024<\/td><td>Monk&#8217;s Tribute:<br>Roc Rodr\u00edguez, trompeta; Pau Llad\u00f3, saxo; Joan Pere Arguimbau, guitarra; Miquel Rodr\u00edguez, piano; Eloi Peralta, contrabajo; Alberto Manrique, bater\u00eda.<\/td><\/tr><tr><td>23\/10\/2024<\/td><td>Kenny Garrett:<br>David Llop, saxo; Rodrigo, piano; Jordi Herrera, contrabajo; Jose Carlos; bater\u00eda.<\/td><\/tr><tr><td>30\/10\/2024<\/td><td>Oliver Nelson:<br>Joan Momin\u00f3, David Llop, Llu\u00eds Marcet, Bernat Garc\u00e9s, Jordi Herrera, David Herrero.<\/td><\/tr><tr><td>13\/11\/2024<\/td><td>Pat Metheny:<br>Gerard Carulla, guitarra; Dani Palac\u00ed, piano; Xumari Roca, percusi\u00f3n; David Herrero, bater\u00eda; Jordi Herrera, contrabajo; Julia Munn\u00e9, voz.<\/td><\/tr><tr><td>27\/11\/2024<\/td><td>NY Flamenco Reunion:<br>Joan Momin\u00f3, trompeta; \u00c1lvaro Garrido, saxo; Bernat Garc\u00e9s, piano; Juan Pablo Egusquiza, contrabajo; Jos\u00e9 Carlos Hern\u00e1ndez, bater\u00eda.<\/td><\/tr><tr><td>19\/02\/2025<\/td><td>Javier Vivas Quartet:<br>Javier Vivas, clarinete; Biel Jorba, piano; Jordi Herrera, contrabajo; Arturo Hintze; bater\u00eda.<\/td><\/tr><tr><td>05\/03\/2025<\/td><td>Ruben Luis Torres<br>Rub\u00e9n Luis, guitarra; Noah Hassler-Forest, viol\u00edn; Vincenzo Pellegrino, piano; Juan Pablo Eg\u00fasquiza, contrabajo; Arturo Hintze, bater\u00eda.<\/td><\/tr><tr><td>26\/03\/2025<\/td><td>Rodrigo Garc\u00eda-Bernalt, saxo alto; Marc Marcet, trompeta; Llu\u00eds Marcet, saxo tenor; Marina Calleja, tromb\u00f3n; Andreu Bayarri, vibr\u00e1fono; Jordi Herrera, contrabajo; Cecilia Colla\u00e7o, bater\u00eda.<\/td><\/tr><tr><td>09\/04\/2025<\/td><td>Pablo Fr\u00edas quartet<\/td><\/tr><tr><td>30\/04\/2025<\/td><td>Gen\u00eds Ventura, trompeta; Lola Pe\u00f1aranda, saxo tenor; Juan Pablo Eg\u00fasquiza, contrabajo; Pau Mas\u00f3, bater\u00eda.<\/td><\/tr><\/tbody><\/table><\/figure>\n<\/div><\/section>\n<\/div><\/div><\/div>\n\n\n\n<div id=\"g-3on34jg\" class=\"wp-block-gutentor-m6-item section-g-3on34jg gutentor-module gutentor-module-accordion-item\"><div class=\"gutentor-module-accordion-panel g-a-panel-g-lddogm0\"><div class=\"gm-ah-g-lddogm0 gutentor-module-accordion-item-heading gutentor-module-icon-position-right\"><span class=\"gutentor-module-accordion-panel-handler\" role=\"button\"><span class=\"gutentor-module-accordion-panel-handler-label\">2023 &#8211; 2024<\/span><span class=\"gutentor-module-accordion-icon\"><i class=\"gm-aio-g-lddogm0 gutentor-module-accordion-icon-open fas fa-plus\"><\/i><i class=\"gm-aic-g-lddogm0 gutentor-module-accordion-icon-close fas fa-minus\"><\/i><\/span><\/span><\/div><div class=\"gm-ab-g-lddogm0 gutentor-module-accordion-body\">\n<section id=\"g-5811r11\" class=\"wp-block-gutentor-m3 section-g-5811r11 gutentor-module gutentor-container-cover\"><div class=\"grid-container\">\n<figure class=\"wp-block-table alignleft ticss-f88da32e\"><table><thead><tr><th>Fechas programadas                                                                          <\/th><th>Formaci\u00f3n que abre la jam<\/th><\/tr><\/thead><tbody><tr><td>11\/10\/2023<\/td><td>Combo Roy Hargrove:<br>\u00c1lvaro Garrido, saxo alto; Gen\u00eds Ventura, trompeta; Miquel Freixas, piano; \u00c1lex Davies, contrabaix; Miquel Pinazo, bateria<\/td><\/tr><tr><td>18\/10\/2023<\/td><td>Combo profesorado:<br>Irene Reig, saxo alto; Lluc Casares, saxo tenor; Paco Fern\u00e1ndez, trompeta; N\u00e9stor Gim\u00e9nez, piano; Jordi Herrera, contrabaix; Andreu Pitarch, bateria<\/td><\/tr><tr><td>25\/10\/2023<\/td><td>Combo M\u00e0ster 1:<br>Camila Arana, voz; Alex Correa, piano; L\u00eddia Garc\u00eda, contrabajo; Nico Su\u00e1rez, bater\u00eda.<\/td><\/tr><tr><td>8\/11\/2023<\/td><td>Combo Lee Konitz:<br>Rodrigo Garc\u00eda-Bernalt, saxo alto; Alex Davies, contrabajo; Miquel Pinazo, bater\u00eda.<\/td><\/tr><tr><td>15\/11\/2023<\/td><td>Combo Marquis Hill<\/td><\/tr><tr><td>22\/11\/2023<\/td><td>Combo Thelonious Monk:<br>Bruno Tejedo, saxo tenor; Amets Aznarez, tromb\u00f3n; Bernat Garc\u00e9s, piano; Edu Verg\u00e9s, guitarra; Juan Pablo, contrabajo; Pol Mart\u00ed, bater\u00eda&nbsp;<\/td><\/tr><tr><td>7\/2\/2024<\/td><td>Joan Sanmarti, guitarra; Ismael Alsina, bajo; Biel Roca, piano; Gerard Pola, bater\u00eda<\/td><\/tr><tr><td>14\/2\/2024<\/td><td><\/td><\/tr><tr><td>21\/2\/2024<\/td><td>Groove Police<br>Cristian Gonzalez, teclados; Abril Saur\u00ed, bater\u00eda; \u00c8ric Elias, bajo<\/td><\/tr><tr><td>28\/2\/2024<\/td><td>Aina L\u00f3pez, saxo; Cristo, saxo; Biel Roca, piano; David Mu\u00f1oz, contrabajo; Eloy Ma\u00f1oguil, bater\u00eda<\/td><\/tr><tr><td>13\/3\/2024<\/td><td>Anna Cera, voz; Joan Agull\u00f3, bater\u00eda; Dani, teclados; Gerard, guitarra; Sandra Carvajal, voz; Bruno Tejedo, saxo; Saul, trompeta; Eric El\u00edas, bajo el\u00e9ctrico<\/td><\/tr><tr><td>17\/04\/2024<\/td><td>Roy&nbsp;Hargrove:<br>Francisco Fern\u00e1ndez, trompeta ; Aina L\u00f3pez,&nbsp;saxo&nbsp;alto&nbsp;; Mart\u00ed&nbsp;Cabarrocas,&nbsp;saxo&nbsp;alto&nbsp;;&nbsp;Cristopher&nbsp;P\u00e9rez,&nbsp;saxo&nbsp;tenor ; Adri\u00e1n Miras, guitarra ; Diego Nogueira, bajo el\u00e9ctrico ; David Herrera, bater\u00eda<\/td><\/tr><tr><td>24\/04\/2024<\/td><td>Wes&nbsp;Montgomery:<br>Eduard Verg\u00e9s, guitarra ; Bernat Garc\u00e9s, piano ; Alex&nbsp;Davies, contrabajo ; Miquel Pinazo, bater\u00eda<\/td><\/tr><\/tbody><\/table><\/figure>\n<\/div><\/section>\n<\/div><\/div><\/div>\n<\/div><\/section>\n","protected":false},"excerpt":{"rendered":"<p>ESMUC Jam Programaci\u00f3n Curso 2025-2026<\/p>\n","protected":false},"author":4,"featured_media":99963,"parent":34337,"menu_order":0,"comment_status":"closed","ping_status":"closed","template":"","meta":{"_acf_changed":false,"_themeisle_gutenberg_block_has_review":false,"footnotes":""},"categories":[1076,976],"tags":[1259,1179],"class_list":["post-36380","page","type-page","status-publish","has-post-thumbnail","hentry","category-comunicacion","category-escola-es","tag-concerts-es","tag-jazz-es"],"acf":[],"publishpress_future_action":{"enabled":false,"date":"2026-04-17 14:15:01","action":"change-status","newStatus":"draft","terms":[],"taxonomy":"category","extraData":[]},"publishpress_future_workflow_manual_trigger":{"enabledWorkflows":[]},"_links":{"self":[{"href":"https:\/\/www.esmuc.cat\/es\/wp-json\/wp\/v2\/pages\/36380","targetHints":{"allow":["GET"]}}],"collection":[{"href":"https:\/\/www.esmuc.cat\/es\/wp-json\/wp\/v2\/pages"}],"about":[{"href":"https:\/\/www.esmuc.cat\/es\/wp-json\/wp\/v2\/types\/page"}],"author":[{"embeddable":true,"href":"https:\/\/www.esmuc.cat\/es\/wp-json\/wp\/v2\/users\/4"}],"replies":[{"embeddable":true,"href":"https:\/\/www.esmuc.cat\/es\/wp-json\/wp\/v2\/comments?post=36380"}],"version-history":[{"count":60,"href":"https:\/\/www.esmuc.cat\/es\/wp-json\/wp\/v2\/pages\/36380\/revisions"}],"predecessor-version":[{"id":118229,"href":"https:\/\/www.esmuc.cat\/es\/wp-json\/wp\/v2\/pages\/36380\/revisions\/118229"}],"up":[{"embeddable":true,"href":"https:\/\/www.esmuc.cat\/es\/wp-json\/wp\/v2\/pages\/34337"}],"wp:featuredmedia":[{"embeddable":true,"href":"https:\/\/www.esmuc.cat\/es\/wp-json\/wp\/v2\/media\/99963"}],"wp:attachment":[{"href":"https:\/\/www.esmuc.cat\/es\/wp-json\/wp\/v2\/media?parent=36380"}],"wp:term":[{"taxonomy":"category","embeddable":true,"href":"https:\/\/www.esmuc.cat\/es\/wp-json\/wp\/v2\/categories?post=36380"},{"taxonomy":"post_tag","embeddable":true,"href":"https:\/\/www.esmuc.cat\/es\/wp-json\/wp\/v2\/tags?post=36380"}],"curies":[{"name":"wp","href":"https:\/\/api.w.org\/{rel}","templated":true}]}}