{"id":35538,"date":"2021-06-11T13:04:10","date_gmt":"2021-06-11T11:04:10","guid":{"rendered":"https:\/\/www.esmuc.cat\/portal-de-transparencia\/preus-publics\/taxes-i-preus-de-serveis-packs-de-serveis-espais-i-equipaments\/"},"modified":"2022-04-01T14:07:07","modified_gmt":"2022-04-01T12:07:07","slug":"taxes-i-preus-de-serveis-packs-de-serveis-espais-i-equipaments","status":"publish","type":"page","link":"https:\/\/www.esmuc.cat\/es\/escuela\/portal-de-transparencia\/preus-publics\/taxes-i-preus-de-serveis-packs-de-serveis-espais-i-equipaments\/","title":{"rendered":"Tasas y precios de servicios &#8211; Packs de servicios, espacios y equipamientos"},"content":{"rendered":"\n<div class=\"wp-block-columns is-layout-flex wp-container-core-columns-is-layout-9d6595d7 wp-block-columns-is-layout-flex\">\n<div class=\"wp-block-column esmuc__Menu_Masters is-layout-flow wp-block-column-is-layout-flow\" style=\"flex-basis:33.33%\">\n\n\n\n\n<p><\/p>\n<\/div>\n\n\n\n<div class=\"wp-block-column is-layout-flow wp-block-column-is-layout-flow\" style=\"flex-basis:66.66%\"><div class=\"breadcrumbs align  wp-block-bcn-breadcrumb-trail has-text-color has-background\" vocab=\"https:\/\/schema.org\/\" typeof=\"BreadcrumbList\">\n\t<span><\/span>\n\t<span property=\"itemListElement\" typeof=\"ListItem\"><a property=\"item\" typeof=\"WebPage\" title=\"Ir a ESMUC.\" href=\"https:\/\/www.esmuc.cat\/es\/\" class=\"home\" ><span property=\"name\">ESMUC<\/span><\/a><meta property=\"position\" content=\"1\"><\/span> &gt; <span property=\"itemListElement\" typeof=\"ListItem\"><a property=\"item\" typeof=\"WebPage\" title=\"Ir a Escuela.\" href=\"https:\/\/www.esmuc.cat\/es\/escuela\/\" class=\"post post-page\" ><span property=\"name\">Escuela<\/span><\/a><meta property=\"position\" content=\"2\"><\/span> &gt; <span property=\"itemListElement\" typeof=\"ListItem\"><a property=\"item\" typeof=\"WebPage\" title=\"Ir a Portal de transparencia.\" href=\"https:\/\/www.esmuc.cat\/es\/escuela\/portal-de-transparencia\/\" class=\"post post-page\" ><span property=\"name\">Portal de transparencia<\/span><\/a><meta property=\"position\" content=\"3\"><\/span> &gt; <span property=\"itemListElement\" typeof=\"ListItem\"><a property=\"item\" typeof=\"WebPage\" title=\"Ir a Precios p\u00fablicos.\" href=\"https:\/\/www.esmuc.cat\/es\/escuela\/portal-de-transparencia\/preus-publics\/\" class=\"post post-page\" ><span property=\"name\">Precios p\u00fablicos<\/span><\/a><meta property=\"position\" content=\"4\"><\/span> &gt; <span property=\"itemListElement\" typeof=\"ListItem\"><span property=\"name\" class=\"post post-page current-item\">Tasas y precios de servicios &#8211; Packs de servicios, espacios y equipamientos<\/span><meta property=\"url\" content=\"https:\/\/www.esmuc.cat\/es\/escuela\/portal-de-transparencia\/preus-publics\/taxes-i-preus-de-serveis-packs-de-serveis-espais-i-equipaments\/\"><meta property=\"position\" content=\"5\"><\/span><\/div>\n\n\n\n<h1 class=\"wp-block-heading\">Packs de servicios, espacios y equipamientos<\/h1>\n\n\n\n<div id=\"section-g096b33\" class=\"wp-block-gutentor-e0 section-g096b33 gutentor-element gutentor-element-advanced-text\"><div class=\"gutentor-text-wrap\"><p class=\"gutentor-text\">Tasas y precios de servicios<\/p><\/div><\/div>\n\n\n\n<table id=\"tablepress-455\" class=\"tablepress tablepress-id-455 tbody-has-connected-cells\">\n<thead>\n<tr class=\"row-1\">\n\t<th class=\"column-1\">Precio\/Tasa<br \/>\n  <\/th><th class=\"column-2\">Descripci\u00f3n<\/th><th class=\"column-3\">Importe<br \/>\n  <\/th><th colspan=\"2\" class=\"column-4\">Periodo<br \/>\n  <\/th>\n<\/tr>\n<\/thead>\n<tbody class=\"row-hover\">\n<tr class=\"row-2\">\n\t<td colspan=\"5\" class=\"column-1\">  <b>EXTERNOS<\/b><br \/>\n  <\/td>\n<\/tr>\n<tr class=\"row-3\">\n\t<td class=\"column-1\">  Cabina con piano vertical<br \/>\n  <\/td><td class=\"column-2\">  \u00a0<br \/>\n  <\/td><td colspan=\"2\" class=\"column-3\">  15,00 \u20ac<br \/>\n  <\/td><td class=\"column-5\">  Hora<br \/>\n  <\/td>\n<\/tr>\n<tr class=\"row-4\">\n\t<td class=\"column-1\">  Aula de estudio individual con piano vertical<br \/>\n  <\/td><td class=\"column-2\">  \u00a0<br \/>\n  <\/td><td colspan=\"2\" class=\"column-3\">  50,00 \u20ac<br \/>\n  <\/td><td class=\"column-5\">  Hora<br \/>\n  <\/td>\n<\/tr>\n<tr class=\"row-5\">\n\t<td class=\"column-1\"> Aula de orquesta con piano vertical<br \/>\n  <\/td><td class=\"column-2\">  \u00a0<br \/>\n  <\/td><td colspan=\"2\" class=\"column-3\">  675,00 \u20ac<br \/>\n  <\/td><td class=\"column-5\">  1\/2 jornada de 4 horas<br \/>\n  <\/td>\n<\/tr>\n<tr class=\"row-6\">\n\t<td class=\"column-1\">  Aula de coro con piano vertical<br \/>\n  <\/td><td class=\"column-2\">  \u00a0<br \/>\n  <\/td><td colspan=\"2\" class=\"column-3\">  450,00 \u20ac<br \/>\n  <\/td><td class=\"column-5\">  1\/2 jornada de 4 hores<br \/>\n  <\/td>\n<\/tr>\n<tr class=\"row-7\">\n\t<td class=\"column-1\">  Aula de conjunto 54 m2 con piano de cola<br \/>\n  <\/td><td class=\"column-2\">  \u00a0<br \/>\n  <\/td><td colspan=\"2\" class=\"column-3\">  100,00 \u20ac<br \/>\n  <\/td><td class=\"column-5\">  Hora<br \/>\n  <\/td>\n<\/tr>\n<tr class=\"row-8\">\n\t<td class=\"column-1\">  Aula de conjunto 25 m2 con piano de cola<br \/>\n  <\/td><td class=\"column-2\">  \u00a0<br \/>\n  <\/td><td colspan=\"2\" class=\"column-3\">  75,00 \u20ac<br \/>\n  <\/td><td class=\"column-5\">  Hora<br \/>\n  <\/td>\n<\/tr>\n<tr class=\"row-9\">\n\t<td class=\"column-1\">  Aula de orquesta con piano gran cola <br \/>\n  <\/td><td class=\"column-2\">  \u00a0<br \/>\n  <\/td><td colspan=\"2\" class=\"column-3\">  800,00 \u20ac<br \/>\n  <\/td><td class=\"column-5\">  1\/2 jornada de 4 horas<br \/>\n  <\/td>\n<\/tr>\n<tr class=\"row-10\">\n\t<td class=\"column-1\">  Aula de coro con piano gran cola<br \/>\n  <\/td><td class=\"column-2\">  \u00a0<br \/>\n  <\/td><td colspan=\"2\" class=\"column-3\">  575,00 \u20ac<br \/>\n  <\/td><td class=\"column-5\">  1\/2 jornada de 4 horas<br \/>\n  <\/td>\n<\/tr>\n<tr class=\"row-11\">\n\t<td class=\"column-1\">  Aula del \u00f3rgano con \u00f3rgano gran cola<\/td><td class=\"column-2\">  \u00a0<br \/>\n  <\/td><td colspan=\"2\" class=\"column-3\">  575,00 \u20ac<br \/>\n  <\/td><td class=\"column-5\">  1\/2 jornada de 4 horas<br \/>\n  <\/td>\n<\/tr>\n<tr class=\"row-12\">\n\t<td class=\"column-1\">  Aula de conjunto 25 m2 para la m\u00fasica antigua con clavic\u00e9mbalo y \u00f3rgano positivo<br \/>\n  <\/td><td class=\"column-2\">  \u00a0<br \/>\n  <\/td><td colspan=\"2\" class=\"column-3\">  80,00 \u20ac<br \/>\n  <\/td><td class=\"column-5\">  Hora<br \/>\n  <\/td>\n<\/tr>\n<tr class=\"row-13\">\n\t<td class=\"column-1\">  Aula de conjunto 25 m2 con fortepiano<br \/>\n  <\/td><td class=\"column-2\">  \u00a0<br \/>\n  <\/td><td colspan=\"2\" class=\"column-3\">  80,00 \u20ac<br \/>\n  <\/td><td class=\"column-5\">  Hora<br \/>\n  <\/td>\n<\/tr>\n<tr class=\"row-14\">\n\t<td class=\"column-1\">  Grabaci\u00f3n Sala orquesta con gran cola<br \/>\n  <\/td><td class=\"column-2\">  Equipamiento y t\u00e9cnico incluido<br \/>\n  <\/td><td colspan=\"2\" class=\"column-3\">  900,00 \u20ac<br \/>\n  <\/td><td class=\"column-5\">  1\/2 jornada de 4 horas<br \/>\n  <\/td>\n<\/tr>\n<tr class=\"row-15\">\n\t<td class=\"column-1\">  Grabaci\u00f3n Aula coro con gran cola<br \/>\n  <\/td><td class=\"column-2\">  Equipamiento y t\u00e9cnico incluido<br \/>\n  <\/td><td colspan=\"2\" class=\"column-3\">  700,00 \u20ac<br \/>\n  <\/td><td class=\"column-5\">  1\/2 jornada de 4 horas<br \/>\n  <\/td>\n<\/tr>\n<tr class=\"row-16\">\n\t<td class=\"column-1\">  Grabaci\u00f3n con \u00f3rgano<br \/>\n  <\/td><td class=\"column-2\">  Equipamiento y t\u00e9cnico incluido<br \/>\n  <\/td><td colspan=\"2\" class=\"column-3\">  700,00 \u20ac<br \/>\n  <\/td><td class=\"column-5\">  1\/2 jornada de 4 horas<br \/>\n  <\/td>\n<\/tr>\n<tr class=\"row-17\">\n\t<td class=\"column-1\">  Conferencia \/ Sonorizaci\u00f3n<br \/>\n  <\/td><td class=\"column-2\">  Suport confer\u00e8ncies (microfonia + projecci\u00f3 + t\u00e8cnic de so), Inclou t\u00e8cnic i equipament<br \/>\n  <\/td><td colspan=\"2\" class=\"column-3\">  750,00 \u20ac<br \/>\n  <\/td><td class=\"column-5\">  1\/2 jornada de 4 horas<br \/>\n  <\/td>\n<\/tr>\n<tr class=\"row-18\">\n\t<td colspan=\"5\" class=\"column-1\">  <b>ALUMNI<\/b><br \/>\n  <\/td>\n<\/tr>\n<tr class=\"row-19\">\n\t<td class=\"column-1\">  Aula de conjunto 25 m2 con piano de cola<br \/>\n  <\/td><td class=\"column-2\">  \u00a0<br \/>\n  <\/td><td colspan=\"2\" class=\"column-3\">    7,50 \u20ac<br \/>\n<\/td><td class=\"column-5\">  Hora<br \/>\n<\/td>\n<\/tr>\n<tr class=\"row-20\">\n\t<td class=\"column-1\">  Aula de conjunto 25 m2 para la m\u00fasica antigua con clavic\u00e9mbalo y \u00f3rgano positivo<br \/>\n  <\/td><td class=\"column-2\">  \u00a0<br \/>\n  <\/td><td colspan=\"2\" class=\"column-3\">    8,00 \u20ac<br \/>\n<\/td><td class=\"column-5\">  Hora<br \/>\n<\/td>\n<\/tr>\n<tr class=\"row-21\">\n\t<td class=\"column-1\">  Aula de conjunto 25 m2 con fortepiano<br \/>\n  <\/td><td class=\"column-2\">  \u00a0<br \/>\n  <\/td><td colspan=\"2\" class=\"column-3\">    8,00 \u20ac<br \/>\n<\/td><td class=\"column-5\">  Hora<br \/>\n<\/td>\n<\/tr>\n<tr class=\"row-22\">\n\t<td class=\"column-1\">  Grabaci\u00f3n Sala orquesta con gran cola<br \/>\n  <\/td><td class=\"column-2\">  Equipamiento y t\u00e9cnico incluido<br \/>\n  <\/td><td colspan=\"2\" class=\"column-3\">    170,00 \u20ac<br \/>\n  <\/td><td class=\"column-5\">  1\/2 jornada de 4 horas<br \/>\n<\/td>\n<\/tr>\n<tr class=\"row-23\">\n\t<td class=\"column-1\">  Grabaci\u00f3n Aula coro con gran cola<\/td><td class=\"column-2\">  Equipamiento y t\u00e9cnico incluido<br \/>\n  <\/td><td colspan=\"2\" class=\"column-3\">    140,00 \u20ac<br \/>\n  <\/td><td class=\"column-5\">  1\/2 jornada de 4 horas<br \/>\n<\/td>\n<\/tr>\n<tr class=\"row-24\">\n\t<td class=\"column-1\">  Grabaci\u00f3n con \u00f3rgano<br \/>\n  <\/td><td class=\"column-2\">  Equipamiento y t\u00e9cnico incluido<br \/>\n  <\/td><td colspan=\"2\" class=\"column-3\">    140,00 \u20ac<br \/>\n  <\/td><td class=\"column-5\">  1\/2 jornada de 4 horas<br \/>\n<\/td>\n<\/tr>\n<tr class=\"row-25\">\n\t<td colspan=\"5\" class=\"column-1\">  <b>GRUPOS VINCULADOS<\/b><br \/>\n  <\/td>\n<\/tr>\n<tr class=\"row-26\">\n\t<td class=\"column-1\">  Cabina con piano vertical<br \/>\n  <\/td><td class=\"column-2\">  \u00a0<br \/>\n  <\/td><td colspan=\"2\" class=\"column-3\">    3,00 \u20ac<br \/>\n  <\/td><td class=\"column-5\">  Hora<br \/>\n<\/td>\n<\/tr>\n<tr class=\"row-27\">\n\t<td class=\"column-1\">  Aula de estudio individual con piano vertical<br \/>\n  <\/td><td class=\"column-2\">  \u00a0<br \/>\n  <\/td><td colspan=\"2\" class=\"column-3\">    10,00 \u20ac<br \/>\n<\/td><td class=\"column-5\">  Hora<br \/>\n<\/td>\n<\/tr>\n<tr class=\"row-28\">\n\t<td class=\"column-1\">  Aula de orquesta con piano vertical<br \/>\n  <\/td><td class=\"column-2\">  \u00a0<br \/>\n  <\/td><td colspan=\"2\" class=\"column-3\">    135,00 \u20ac<br \/>\n  <\/td><td class=\"column-5\">  1\/2 jornada de 4 horas<br \/>\n<\/td>\n<\/tr>\n<tr class=\"row-29\">\n\t<td class=\"column-1\">  Aula de coro con piano vertical<br \/>\n  <\/td><td class=\"column-2\">  \u00a0<br \/>\n  <\/td><td colspan=\"2\" class=\"column-3\">    90,00 \u20ac<br \/>\n  <\/td><td class=\"column-5\">  1\/2 jornada de 4 horas<br \/>\n<\/td>\n<\/tr>\n<tr class=\"row-30\">\n\t<td class=\"column-1\">  Aula de conjunto 54 m2 con piano de cola<br \/>\n  <\/td><td class=\"column-2\">  \u00a0<br \/>\n  <\/td><td colspan=\"2\" class=\"column-3\">    20,00 \u20ac<br \/>\n  <\/td><td class=\"column-5\">  Hora<br \/>\n<\/td>\n<\/tr>\n<tr class=\"row-31\">\n\t<td class=\"column-1\">  Aula de conjunto 25 m2 con piano de cola<br \/>\n  <\/td><td class=\"column-2\">  \u00a0<br \/>\n  <\/td><td colspan=\"2\" class=\"column-3\">  15,00 \u20ac<br \/>\n    <\/td><td class=\"column-5\">  Hora<br \/>\n<\/td>\n<\/tr>\n<tr class=\"row-32\">\n\t<td class=\"column-1\">  Aula de orquesta con piano gran cola<br \/>\n  <\/td><td class=\"column-2\">  \u00a0<br \/>\n  <\/td><td colspan=\"2\" class=\"column-3\">    160,00 \u20ac<br \/>\n  <\/td><td class=\"column-5\">  1\/2 jornada de 4 horas<br \/>\n<\/td>\n<\/tr>\n<tr class=\"row-33\">\n\t<td class=\"column-1\">  Aula de coro con piano gran cola<br \/>\n  <\/td><td class=\"column-2\">  \u00a0<br \/>\n  <\/td><td colspan=\"2\" class=\"column-3\">    115,00 \u20ac<br \/>\n  <\/td><td class=\"column-5\">  1\/2 jornada de 4 horas<br \/>\n<\/td>\n<\/tr>\n<tr class=\"row-34\">\n\t<td class=\"column-1\">  Aula del \u00f3rgano con \u00f3rgano gran <br \/>\n  <\/td><td class=\"column-2\">  \u00a0<br \/>\n  <\/td><td colspan=\"2\" class=\"column-3\">    115,00 \u20ac<br \/>\n  <\/td><td class=\"column-5\">  1\/2 jornada de 4 horas<br \/>\n<\/td>\n<\/tr>\n<tr class=\"row-35\">\n\t<td class=\"column-1\">    Aula de conjunto 25 m2 para la m\u00fasica antigua con clavic\u00e9mbalo y \u00f3rgano positivo<br \/>\n  <\/td><td class=\"column-2\">  \u00a0<br \/>\n  <\/td><td colspan=\"2\" class=\"column-3\">   20,00 \u20ac<br \/>\n   <\/td><td class=\"column-5\">  Hora<br \/>\n<\/td>\n<\/tr>\n<tr class=\"row-36\">\n\t<td class=\"column-1\">  Aula de conjunto 25 m2 con fortepiano<br \/>\n  <\/td><td class=\"column-2\">  \u00a0<br \/>\n  <\/td><td colspan=\"2\" class=\"column-3\">    20,00 \u20ac<br \/>\n  <\/td><td class=\"column-5\">  Hora<br \/>\n<\/td>\n<\/tr>\n<tr class=\"row-37\">\n\t<td class=\"column-1\">  Grabaci\u00f3n Sala orquesta con gran cola<br \/>\n  <\/td><td class=\"column-2\">  Equipamiento y t\u00e9cnico incluido<br \/>\n  <\/td><td colspan=\"2\" class=\"column-3\">    210,00 \u20ac<br \/>\n  <\/td><td class=\"column-5\">  Hora<br \/>\n<\/td>\n<\/tr>\n<tr class=\"row-38\">\n\t<td class=\"column-1\">  Grabaci\u00f3n Aula coro con gran cola<br \/>\n  <\/td><td class=\"column-2\">  Equipamiento y t\u00e9cnico incluido<br \/>\n  <\/td><td colspan=\"2\" class=\"column-3\">    170,00 \u20ac<br \/>\n  <\/td><td class=\"column-5\">  1\/2 jornada de 4 horas<br \/>\n<\/td>\n<\/tr>\n<tr class=\"row-39\">\n\t<td class=\"column-1\">  Grabaci\u00f3n con \u00f3rgano<br \/>\n  <\/td><td class=\"column-2\">  Equipamiento y t\u00e9cnico incluido<br \/>\n  <\/td><td colspan=\"2\" class=\"column-3\">    170,00 \u20ac<br \/>\n  <\/td><td class=\"column-5\">  1\/2 jornada de 4 horas<br \/>\n<\/td>\n<\/tr>\n<tr class=\"row-40\">\n\t<td colspan=\"5\" class=\"column-1\">  <b>GRUPOS RESIDENTES<\/b><br \/>\n  <\/td>\n<\/tr>\n<tr class=\"row-41\">\n\t<td class=\"column-1\">  Cabina con piano vertical<br \/>\n  <\/td><td class=\"column-2\">  \u00a0<br \/>\n  <\/td><td colspan=\"2\" class=\"column-3\">    7,50 \u20ac<br \/>\n  <\/td><td class=\"column-5\">  Hora<br \/>\n<\/td>\n<\/tr>\n<tr class=\"row-42\">\n\t<td class=\"column-1\">  Aula de estudio individual con piano vertical<br \/>\n  <\/td><td class=\"column-2\">  \u00a0<br \/>\n  <\/td><td colspan=\"2\" class=\"column-3\">    25,00 \u20ac<br \/>\n  <\/td><td class=\"column-5\">  Hora<br \/>\n<\/td>\n<\/tr>\n<tr class=\"row-43\">\n\t<td class=\"column-1\">  Aula de orquesta con piano vertical<br \/>\n  <\/td><td class=\"column-2\">  \u00a0<br \/>\n  <\/td><td colspan=\"2\" class=\"column-3\">    337,50 \u20ac<br \/>\n  <\/td><td class=\"column-5\">  1\/2 jornada de 4 horas<br \/>\n<\/td>\n<\/tr>\n<tr class=\"row-44\">\n\t<td class=\"column-1\">  Aula de coro con piano vertical<br \/>\n  <\/td><td class=\"column-2\">  \u00a0<br \/>\n  <\/td><td colspan=\"2\" class=\"column-3\">    225,00 \u20ac<br \/>\n  <\/td><td class=\"column-5\">  1\/2 jornada de 4 horas<br \/>\n<\/td>\n<\/tr>\n<tr class=\"row-45\">\n\t<td class=\"column-1\">  Aula de conjunto 54 m2 con piano de cola<\/td><td class=\"column-2\">  \u00a0<br \/>\n  <\/td><td colspan=\"2\" class=\"column-3\">    50,00 \u20ac<br \/>\n  <\/td><td class=\"column-5\">  Hora<br \/>\n<\/td>\n<\/tr>\n<tr class=\"row-46\">\n\t<td class=\"column-1\">  Aula de conjunto 25 m2 con piano de cola<\/td><td class=\"column-2\">  \u00a0<br \/>\n  <\/td><td colspan=\"2\" class=\"column-3\">    37,50 \u20ac<br \/>\n  <\/td><td class=\"column-5\">  Hora<br \/>\n<\/td>\n<\/tr>\n<tr class=\"row-47\">\n\t<td class=\"column-1\">  Aula de orquesta con piano gran cola<br \/>\n  <\/td><td class=\"column-2\">  \u00a0<br \/>\n  <\/td><td colspan=\"2\" class=\"column-3\">    400,00 \u20ac<br \/>\n  <\/td><td class=\"column-5\">  1\/2 jornada de 4 horas<br \/>\n<\/td>\n<\/tr>\n<tr class=\"row-48\">\n\t<td class=\"column-1\">  Aula de coro con piano gran cola<br \/>\n  <\/td><td class=\"column-2\">  \u00a0<br \/>\n  <\/td><td colspan=\"2\" class=\"column-3\">    287,50 \u20ac<br \/>\n  <\/td><td class=\"column-5\">  1\/2 jornada de 4 horas<br \/>\n<\/td>\n<\/tr>\n<tr class=\"row-49\">\n\t<td class=\"column-1\">  Aula del \u00f3rgano con \u00f3rgano gran<br \/>\n  <\/td><td class=\"column-2\">  \u00a0<br \/>\n  <\/td><td colspan=\"2\" class=\"column-3\">    287,50 \u20ac<br \/>\n  <\/td><td class=\"column-5\">  1\/2 jornada de 4 horas<br \/>\n<\/td>\n<\/tr>\n<tr class=\"row-50\">\n\t<td class=\"column-1\">  Aula de conjunto 25 m2 para la m\u00fasica antigua con clavic\u00e9mbalo y \u00f3rgano positivo<br \/>\n  <\/td><td class=\"column-2\">  \u00a0<br \/>\n  <\/td><td colspan=\"2\" class=\"column-3\">    40,00 \u20ac<br \/>\n  <\/td><td class=\"column-5\">  Hora<br \/>\n<\/td>\n<\/tr>\n<tr class=\"row-51\">\n\t<td class=\"column-1\">  Aula de conjunto 25 m2 con fortepiano<\/td><td class=\"column-2\">  \u00a0<br \/>\n  <\/td><td colspan=\"2\" class=\"column-3\">    40,00 \u20ac<br \/>\n  <\/td><td class=\"column-5\">  Hora<br \/>\n<\/td>\n<\/tr>\n<tr class=\"row-52\">\n\t<td class=\"column-1\">  Grabaci\u00f3n Sala orquesta con gran cola<br \/>\n  <\/td><td class=\"column-2\">  Equipamiento y t\u00e9cnico incluido<br \/>\n  <\/td><td colspan=\"2\" class=\"column-3\">    450,00 \u20ac<\/td><td class=\"column-5\">  1\/2 jornada de 4 horas<br \/>\n<\/td>\n<\/tr>\n<tr class=\"row-53\">\n\t<td class=\"column-1\">  Grabaci\u00f3n Aula coro con gran cola<br \/>\n  <\/td><td class=\"column-2\">  Equipamiento y t\u00e9cnico incluido<br \/>\n  <\/td><td colspan=\"2\" class=\"column-3\">    350,00 \u20ac<br \/>\n  <\/td><td class=\"column-5\">  1\/2 jornada de 4 horas<br \/>\n<\/td>\n<\/tr>\n<tr class=\"row-54\">\n\t<td class=\"column-1\"> Grabaci\u00f3n con \u00f3rgano<\/td><td class=\"column-2\">  Equipamiento y t\u00e9cnico incluido<br \/>\n  <\/td><td colspan=\"2\" class=\"column-3\">    350,00 \u20ac<\/td><td class=\"column-5\">  1\/2 jornada de 4 horas<br \/>\n<\/td>\n<\/tr>\n<\/tbody>\n<\/table>\n<!-- #tablepress-455 from cache -->\n<\/div>\n<\/div>\n\n\n\n<p><\/p>\n","protected":false},"excerpt":{"rendered":"<p>Packs de servicios, espacios y equipamientos<\/p>\n","protected":false},"author":4,"featured_media":0,"parent":35034,"menu_order":0,"comment_status":"closed","ping_status":"closed","template":"","meta":{"_acf_changed":false,"_themeisle_gutenberg_block_has_review":false,"footnotes":""},"categories":[1098],"tags":[],"class_list":["post-35538","page","type-page","status-publish","hentry","category-portal-de-la-transparencia"],"acf":[],"publishpress_future_action":{"enabled":false,"date":"2026-04-17 20:04:53","action":"change-status","newStatus":"draft","terms":[],"taxonomy":"category","extraData":[]},"publishpress_future_workflow_manual_trigger":{"enabledWorkflows":[]},"_links":{"self":[{"href":"https:\/\/www.esmuc.cat\/es\/wp-json\/wp\/v2\/pages\/35538","targetHints":{"allow":["GET"]}}],"collection":[{"href":"https:\/\/www.esmuc.cat\/es\/wp-json\/wp\/v2\/pages"}],"about":[{"href":"https:\/\/www.esmuc.cat\/es\/wp-json\/wp\/v2\/types\/page"}],"author":[{"embeddable":true,"href":"https:\/\/www.esmuc.cat\/es\/wp-json\/wp\/v2\/users\/4"}],"replies":[{"embeddable":true,"href":"https:\/\/www.esmuc.cat\/es\/wp-json\/wp\/v2\/comments?post=35538"}],"version-history":[{"count":1,"href":"https:\/\/www.esmuc.cat\/es\/wp-json\/wp\/v2\/pages\/35538\/revisions"}],"predecessor-version":[{"id":35617,"href":"https:\/\/www.esmuc.cat\/es\/wp-json\/wp\/v2\/pages\/35538\/revisions\/35617"}],"up":[{"embeddable":true,"href":"https:\/\/www.esmuc.cat\/es\/wp-json\/wp\/v2\/pages\/35034"}],"wp:attachment":[{"href":"https:\/\/www.esmuc.cat\/es\/wp-json\/wp\/v2\/media?parent=35538"}],"wp:term":[{"taxonomy":"category","embeddable":true,"href":"https:\/\/www.esmuc.cat\/es\/wp-json\/wp\/v2\/categories?post=35538"},{"taxonomy":"post_tag","embeddable":true,"href":"https:\/\/www.esmuc.cat\/es\/wp-json\/wp\/v2\/tags?post=35538"}],"curies":[{"name":"wp","href":"https:\/\/api.w.org\/{rel}","templated":true}]}}