{"id":35519,"date":"2021-06-11T12:23:56","date_gmt":"2021-06-11T10:23:56","guid":{"rendered":"https:\/\/www.esmuc.cat\/portal-de-transparencia\/preus-publics\/taxes-i-preus-de-serveis-comunicacio\/"},"modified":"2022-04-01T14:05:54","modified_gmt":"2022-04-01T12:05:54","slug":"taxes-i-preus-de-serveis-comunicacio","status":"publish","type":"page","link":"https:\/\/www.esmuc.cat\/es\/escuela\/portal-de-transparencia\/preus-publics\/taxes-i-preus-de-serveis-comunicacio\/","title":{"rendered":"Tasas y precios de servicios &#8211; Comunicaci\u00f3n"},"content":{"rendered":"\n<div class=\"wp-block-columns is-layout-flex wp-container-core-columns-is-layout-9d6595d7 wp-block-columns-is-layout-flex\">\n<div class=\"wp-block-column esmuc__Menu_Masters is-layout-flow wp-block-column-is-layout-flow\" style=\"flex-basis:33.33%\">\n\n\n\n\n<p><\/p>\n<\/div>\n\n\n\n<div class=\"wp-block-column is-layout-flow wp-block-column-is-layout-flow\" style=\"flex-basis:66.66%\"><div class=\"breadcrumbs align  wp-block-bcn-breadcrumb-trail has-text-color has-background\" vocab=\"https:\/\/schema.org\/\" typeof=\"BreadcrumbList\">\n\t<span><\/span>\n\t<span property=\"itemListElement\" typeof=\"ListItem\"><a property=\"item\" typeof=\"WebPage\" title=\"Ir a ESMUC.\" href=\"https:\/\/www.esmuc.cat\/es\/\" class=\"home\" ><span property=\"name\">ESMUC<\/span><\/a><meta property=\"position\" content=\"1\"><\/span> &gt; <span property=\"itemListElement\" typeof=\"ListItem\"><a property=\"item\" typeof=\"WebPage\" title=\"Ir a Escuela.\" href=\"https:\/\/www.esmuc.cat\/es\/escuela\/\" class=\"post post-page\" ><span property=\"name\">Escuela<\/span><\/a><meta property=\"position\" content=\"2\"><\/span> &gt; <span property=\"itemListElement\" typeof=\"ListItem\"><a property=\"item\" typeof=\"WebPage\" title=\"Ir a Portal de transparencia.\" href=\"https:\/\/www.esmuc.cat\/es\/escuela\/portal-de-transparencia\/\" class=\"post post-page\" ><span property=\"name\">Portal de transparencia<\/span><\/a><meta property=\"position\" content=\"3\"><\/span> &gt; <span property=\"itemListElement\" typeof=\"ListItem\"><a property=\"item\" typeof=\"WebPage\" title=\"Ir a Precios p\u00fablicos.\" href=\"https:\/\/www.esmuc.cat\/es\/escuela\/portal-de-transparencia\/preus-publics\/\" class=\"post post-page\" ><span property=\"name\">Precios p\u00fablicos<\/span><\/a><meta property=\"position\" content=\"4\"><\/span> &gt; <span property=\"itemListElement\" typeof=\"ListItem\"><span property=\"name\" class=\"post post-page current-item\">Tasas y precios de servicios &#8211; Comunicaci\u00f3n<\/span><meta property=\"url\" content=\"https:\/\/www.esmuc.cat\/es\/escuela\/portal-de-transparencia\/preus-publics\/taxes-i-preus-de-serveis-comunicacio\/\"><meta property=\"position\" content=\"5\"><\/span><\/div>\n\n\n\n<h1 class=\"wp-block-heading\">Comunicaci\u00f3n<\/h1>\n\n\n\n<div id=\"section-g77aff3\" class=\"wp-block-gutentor-e0 section-g77aff3 gutentor-element gutentor-element-advanced-text\"><div class=\"gutentor-text-wrap\"><p class=\"gutentor-text\">Tasas y precios de servicios<\/p><\/div><\/div>\n\n\n\n<table id=\"tablepress-451\" class=\"tablepress tablepress-id-451 tbody-has-connected-cells\">\n<thead>\n<tr class=\"row-1\">\n\t<th class=\"column-1\">Precio\/Tasa<br \/>\n  <\/th><th class=\"column-2\">Descripci\u00f3n<br \/>\n  <\/th><th class=\"column-3\">Importe<br \/>\n  <\/th><th class=\"column-4\">Periodo\/Cantidad<br \/>\n  <\/th>\n<\/tr>\n<\/thead>\n<tbody class=\"row-hover\">\n<tr class=\"row-2\">\n\t<td colspan=\"4\" class=\"column-1\">  <b>ALUMNI<\/b><br \/>\n  <\/td>\n<\/tr>\n<tr class=\"row-3\">\n\t<td class=\"column-1\">  Elementos de comunicaci\u00f3n<br \/>\n  <\/td><td class=\"column-2\">  Dosier de prensa<br \/>\n  <\/td><td class=\"column-3\">  200,00 \u20ac<br \/>\n  <\/td><td class=\"column-4\">  1<br \/>\n  <\/td>\n<\/tr>\n<tr class=\"row-4\">\n\t<td class=\"column-1\">  Elementos de comunicaci\u00f3n<br \/>\n  <\/td><td class=\"column-2\">  Nota de prensa: redacci\u00f3n, env\u00edo, gesti\u00f3n y balance con recopilaci\u00f3n, seg\u00fan criterios t\u00e9cnicos ESMUC<br \/>\n  <\/td><td class=\"column-3\">  350,00 \u20ac<br \/>\n  <\/td><td class=\"column-4\">  1<br \/>\n  <\/td>\n<\/tr>\n<tr class=\"row-5\">\n\t<td class=\"column-1\">  Elementos de comunicaci\u00f3n<br \/>\n  <\/td><td class=\"column-2\">  Materiales de difusi\u00f3n impresos: dise\u00f1o<br \/>\n  <\/td><td class=\"column-3\">  25,00 \u20ac<br \/>\n  <\/td><td class=\"column-4\">  Hora<br \/>\n  <\/td>\n<\/tr>\n<tr class=\"row-6\">\n\t<td class=\"column-1\">  Elementos de comunicaci\u00f3n<br \/>\n  <\/td><td class=\"column-2\">  Materiales de difusi\u00f3n impresos: impresi\u00f3n<br \/>\n  <\/td><td class=\"column-3\">  \u00a0<br \/>\n  <\/td><td class=\"column-4\">  1<br \/>\n  <\/td>\n<\/tr>\n<tr class=\"row-7\">\n\t<td colspan=\"4\" class=\"column-1\">  <b>GRUPOS VINCULADOS<\/b><br \/>\n  <\/td>\n<\/tr>\n<tr class=\"row-8\">\n\t<td class=\"column-1\">  Elementos de comunicaci\u00f3n<br \/>\n  <\/td><td class=\"column-2\">  Dosier de prensa<br \/>\n  <\/td><td class=\"column-3\">  200,00 \u20ac<br \/>\n  <\/td><td class=\"column-4\">  1<br \/>\n  <\/td>\n<\/tr>\n<tr class=\"row-9\">\n\t<td class=\"column-1\">  Elementos de comunicaci\u00f3n<br \/>\n  <\/td><td class=\"column-2\">  Nota de prensa: redacci\u00f3n, env\u00edo, gesti\u00f3n y balance con recopilaci\u00f3n, seg\u00fan criterios t\u00e9cnicos ESMUC<br \/>\n  <\/td><td class=\"column-3\">  350,00 \u20ac<br \/>\n  <\/td><td class=\"column-4\">  1<br \/>\n  <\/td>\n<\/tr>\n<tr class=\"row-10\">\n\t<td class=\"column-1\">  Elementos de comunicaci\u00f3n<br \/>\n  <\/td><td class=\"column-2\">  Materiales de difusi\u00f3n impresos: dise\u00f1o<br \/>\n  <\/td><td class=\"column-3\">  25,00 \u20ac<br \/>\n  <\/td><td class=\"column-4\">  Hora<br \/>\n  <\/td>\n<\/tr>\n<tr class=\"row-11\">\n\t<td class=\"column-1\">  Elementos de comunicaci\u00f3n<br \/>\n  <\/td><td class=\"column-2\">  Materiales de difusi\u00f3n impresos: impresi\u00f3n<br \/>\n  <\/td><td class=\"column-3\">  \u00a0<br \/>\n  <\/td><td class=\"column-4\">  1<br \/>\n  <\/td>\n<\/tr>\n<tr class=\"row-12\">\n\t<td colspan=\"4\" class=\"column-1\">  <b>GRUPOS RESIDENTES<\/b><\/td>\n<\/tr>\n<tr class=\"row-13\">\n\t<td class=\"column-1\">  Elementos de comunicaci\u00f3n<br \/>\n  <\/td><td class=\"column-2\">  Dosier de prensa<br \/>\n  <\/td><td class=\"column-3\">  200,00 \u20ac<br \/>\n  <\/td><td class=\"column-4\">  1<br \/>\n  <\/td>\n<\/tr>\n<tr class=\"row-14\">\n\t<td class=\"column-1\">  Elementos de comunicaci\u00f3n<br \/>\n  <\/td><td class=\"column-2\"> Nota de prensa: redacci\u00f3n, env\u00edo, gesti\u00f3n y balance con recopilaci\u00f3n, seg\u00fan criterios t\u00e9cnicos ESMUC<br \/>\n  <\/td><td class=\"column-3\">  350,00 \u20ac<br \/>\n  <\/td><td class=\"column-4\">  1<br \/>\n  <\/td>\n<\/tr>\n<tr class=\"row-15\">\n\t<td class=\"column-1\">  Elementos de comunicaci\u00f3n<br \/>\n  <\/td><td class=\"column-2\">  Materiales de difusi\u00f3n impresos: dise\u00f1o<br \/>\n  <\/td><td class=\"column-3\">  25,00 \u20ac<br \/>\n  <\/td><td class=\"column-4\">  Hora<br \/>\n  <\/td>\n<\/tr>\n<tr class=\"row-16\">\n\t<td class=\"column-1\">  Elementos de comunicaci\u00f3n<br \/>\n  <\/td><td class=\"column-2\">  Materiales de difusi\u00f3n impresos: impresi\u00f3n<br \/>\n  <\/td><td class=\"column-3\">  \u00a0<br \/>\n  <\/td><td class=\"column-4\">  1<br \/>\n  <\/td>\n<\/tr>\n<tr class=\"row-17\">\n\t<td colspan=\"4\" class=\"column-1\"><b>EXTERNOS<\/b><\/td>\n<\/tr>\n<tr class=\"row-18\">\n\t<td class=\"column-1\">  Filmaci\u00f3n<br \/>\n  <\/td><td class=\"column-2\">  Espots publicitarios primer d\u00eda<br \/>\n  <\/td><td class=\"column-3\">  500,00 \u20ac<br \/>\n  <\/td><td class=\"column-4\">  1\/2 jornada de 4 h<br \/>\n  <\/td>\n<\/tr>\n<tr class=\"row-19\">\n\t<td class=\"column-1\">  Filmaci\u00f3n<br \/>\n  <\/td><td class=\"column-2\">  Espots publicitarios d\u00edas posteriores<br \/>\n  <\/td><td class=\"column-3\">  250,00 \u20ac<br \/>\n  <\/td><td class=\"column-4\">  1\/2 jornada de 4 h<br \/>\n  <\/td>\n<\/tr>\n<tr class=\"row-20\">\n\t<td class=\"column-1\">  Filmaci\u00f3n<br \/>\n  <\/td><td class=\"column-2\">  Reportajes fotogr\u00e1ficos<br \/>\n  <\/td><td class=\"column-3\">  500,00 \u20ac<br \/>\n  <\/td><td class=\"column-4\">  1 jornada de 8 h<br \/>\n  <\/td>\n<\/tr>\n<tr class=\"row-21\">\n\t<td class=\"column-1\">  Filmaci\u00f3n<br \/>\n  <\/td><td class=\"column-2\">  Reportajes fotogr\u00e1ficos<br \/>\n  <\/td><td class=\"column-3\">  300,00 \u20ac<br \/>\n  <\/td><td class=\"column-4\">  1\/2 jornada de 4 h<br \/>\n  <\/td>\n<\/tr>\n<tr class=\"row-22\">\n\t<td class=\"column-1\">  Realitzaci\u00f3n<br \/>\n  <\/td><td class=\"column-2\">  Campa\u00f1as publicidad\/marketing<br \/>\n  <\/td><td class=\"column-3\">  700,00 \u20ac<br \/>\n  <\/td><td class=\"column-4\">  1 jornada de 8 h<br \/>\n  <\/td>\n<\/tr>\n<tr class=\"row-23\">\n\t<td class=\"column-1\">  Realitzaci\u00f3n<br \/>\n  <\/td><td class=\"column-2\">  Campa\u00f1as publicidad\/marketing<br \/>\n  <\/td><td class=\"column-3\">  500,00 \u20ac<br \/>\n  <\/td><td class=\"column-4\">  1\/2 jornada de 4 h<br \/>\n  <\/td>\n<\/tr>\n<\/tbody>\n<\/table>\n<!-- #tablepress-451 from cache -->\n<\/div>\n<\/div>\n\n\n\n<p><\/p>\n","protected":false},"excerpt":{"rendered":"<p>Comunicaci\u00f3n<\/p>\n","protected":false},"author":4,"featured_media":0,"parent":35034,"menu_order":0,"comment_status":"closed","ping_status":"closed","template":"","meta":{"_acf_changed":false,"_themeisle_gutenberg_block_has_review":false,"footnotes":""},"categories":[1098],"tags":[],"class_list":["post-35519","page","type-page","status-publish","hentry","category-portal-de-la-transparencia"],"acf":[],"publishpress_future_action":{"enabled":false,"date":"2026-04-17 20:10:11","action":"change-status","newStatus":"draft","terms":[],"taxonomy":"category","extraData":[]},"publishpress_future_workflow_manual_trigger":{"enabledWorkflows":[]},"_links":{"self":[{"href":"https:\/\/www.esmuc.cat\/es\/wp-json\/wp\/v2\/pages\/35519","targetHints":{"allow":["GET"]}}],"collection":[{"href":"https:\/\/www.esmuc.cat\/es\/wp-json\/wp\/v2\/pages"}],"about":[{"href":"https:\/\/www.esmuc.cat\/es\/wp-json\/wp\/v2\/types\/page"}],"author":[{"embeddable":true,"href":"https:\/\/www.esmuc.cat\/es\/wp-json\/wp\/v2\/users\/4"}],"replies":[{"embeddable":true,"href":"https:\/\/www.esmuc.cat\/es\/wp-json\/wp\/v2\/comments?post=35519"}],"version-history":[{"count":2,"href":"https:\/\/www.esmuc.cat\/es\/wp-json\/wp\/v2\/pages\/35519\/revisions"}],"predecessor-version":[{"id":35607,"href":"https:\/\/www.esmuc.cat\/es\/wp-json\/wp\/v2\/pages\/35519\/revisions\/35607"}],"up":[{"embeddable":true,"href":"https:\/\/www.esmuc.cat\/es\/wp-json\/wp\/v2\/pages\/35034"}],"wp:attachment":[{"href":"https:\/\/www.esmuc.cat\/es\/wp-json\/wp\/v2\/media?parent=35519"}],"wp:term":[{"taxonomy":"category","embeddable":true,"href":"https:\/\/www.esmuc.cat\/es\/wp-json\/wp\/v2\/categories?post=35519"},{"taxonomy":"post_tag","embeddable":true,"href":"https:\/\/www.esmuc.cat\/es\/wp-json\/wp\/v2\/tags?post=35519"}],"curies":[{"name":"wp","href":"https:\/\/api.w.org\/{rel}","templated":true}]}}