{"id":35517,"date":"2021-06-11T12:10:44","date_gmt":"2021-06-11T10:10:44","guid":{"rendered":"https:\/\/www.esmuc.cat\/portal-de-transparencia\/preus-publics\/taxes-i-preus-de-serveis-biblioteca\/"},"modified":"2022-04-01T14:05:37","modified_gmt":"2022-04-01T12:05:37","slug":"taxes-i-preus-de-serveis-biblioteca","status":"publish","type":"page","link":"https:\/\/www.esmuc.cat\/es\/escuela\/portal-de-transparencia\/preus-publics\/taxes-i-preus-de-serveis-biblioteca\/","title":{"rendered":"Tasas y precios de servicios &#8211; Biblioteca"},"content":{"rendered":"\n<div class=\"wp-block-columns is-layout-flex wp-container-core-columns-is-layout-9d6595d7 wp-block-columns-is-layout-flex\">\n<div class=\"wp-block-column esmuc__Menu_Masters is-layout-flow wp-block-column-is-layout-flow\" style=\"flex-basis:33.33%\">\n\n\n\n\n<p><\/p>\n<\/div>\n\n\n\n<div class=\"wp-block-column is-layout-flow wp-block-column-is-layout-flow\" style=\"flex-basis:66.66%\"><div class=\"breadcrumbs align  wp-block-bcn-breadcrumb-trail has-text-color has-background\" vocab=\"https:\/\/schema.org\/\" typeof=\"BreadcrumbList\">\n\t<span><\/span>\n\t<span property=\"itemListElement\" typeof=\"ListItem\"><a property=\"item\" typeof=\"WebPage\" title=\"Ir a ESMUC.\" href=\"https:\/\/www.esmuc.cat\/es\/\" class=\"home\" ><span property=\"name\">ESMUC<\/span><\/a><meta property=\"position\" content=\"1\"><\/span> &gt; <span property=\"itemListElement\" typeof=\"ListItem\"><a property=\"item\" typeof=\"WebPage\" title=\"Ir a Escuela.\" href=\"https:\/\/www.esmuc.cat\/es\/escuela\/\" class=\"post post-page\" ><span property=\"name\">Escuela<\/span><\/a><meta property=\"position\" content=\"2\"><\/span> &gt; <span property=\"itemListElement\" typeof=\"ListItem\"><a property=\"item\" typeof=\"WebPage\" title=\"Ir a Portal de transparencia.\" href=\"https:\/\/www.esmuc.cat\/es\/escuela\/portal-de-transparencia\/\" class=\"post post-page\" ><span property=\"name\">Portal de transparencia<\/span><\/a><meta property=\"position\" content=\"3\"><\/span> &gt; <span property=\"itemListElement\" typeof=\"ListItem\"><a property=\"item\" typeof=\"WebPage\" title=\"Ir a Precios p\u00fablicos.\" href=\"https:\/\/www.esmuc.cat\/es\/escuela\/portal-de-transparencia\/preus-publics\/\" class=\"post post-page\" ><span property=\"name\">Precios p\u00fablicos<\/span><\/a><meta property=\"position\" content=\"4\"><\/span> &gt; <span property=\"itemListElement\" typeof=\"ListItem\"><span property=\"name\" class=\"post post-page current-item\">Tasas y precios de servicios &#8211; Biblioteca<\/span><meta property=\"url\" content=\"https:\/\/www.esmuc.cat\/es\/escuela\/portal-de-transparencia\/preus-publics\/taxes-i-preus-de-serveis-biblioteca\/\"><meta property=\"position\" content=\"5\"><\/span><\/div>\n\n\n\n<h1 class=\"wp-block-heading\">Biblioteca<\/h1>\n\n\n\n<div id=\"section-g249026\" class=\"wp-block-gutentor-e0 section-g249026 gutentor-element gutentor-element-advanced-text\"><div class=\"gutentor-text-wrap\"><p class=\"gutentor-text\">Tasas y precios de servicios<\/p><\/div><\/div>\n\n\n\n<table id=\"tablepress-450\" class=\"tablepress tablepress-id-450 tbody-has-connected-cells\">\n<thead>\n<tr class=\"row-1\">\n\t<th class=\"column-1\">Precio\/Tasa<br \/>\n  <\/th><th class=\"column-2\">Descripci\u00f3n<br \/>\n  <\/th><th class=\"column-3\">Importe<br \/>\n  <\/th><th class=\"column-4\">Periodo\/Cantidad<br \/>\n  <\/th>\n<\/tr>\n<\/thead>\n<tbody class=\"row-hover\">\n<tr class=\"row-2\">\n\t<td colspan=\"4\" class=\"column-1\">  <b>EXTERNOS<\/b><br \/>\n  <\/td>\n<\/tr>\n<tr class=\"row-3\">\n\t<td class=\"column-1\">  Pr\u00e9stamo interbibliotecario<br \/>\n  <\/td><td class=\"column-2\">  Copias de art\u00edculos o cap\u00edtulos de documentos de la ESMUC en bibliotecas de las BEG<br \/>\n  <\/td><td class=\"column-3\">  0,00 \u20ac<br \/>\n  <\/td><td class=\"column-4\">  \u00a0<br \/>\n  <\/td>\n<\/tr>\n<tr class=\"row-4\">\n\t<td class=\"column-1\">  Pr\u00e9stamo interbibliotecario<br \/>\n  <\/td><td class=\"column-2\">  Copias de art\u00edculos o cap\u00edtulos de documentos de la ESMUC en bibliotecas del CSUC o adheridas a los acuerdos de PI<br \/>\n  <\/td><td class=\"column-3\"> 0,00 \u20ac<br \/>\n  <\/td><td class=\"column-4\">  P\u00e0gina<br \/>\n  <\/td>\n<\/tr>\n<tr class=\"row-5\">\n\t<td class=\"column-1\">  Pr\u00e9stamo interbibliotecario<br \/>\n  <\/td><td class=\"column-2\">  Copias de art\u00edculos o cap\u00edtulos de documentos de la ESMUC en bibliotecas espa\u00f1olas<br \/>\n  <\/td><td class=\"column-3\">  5,00 \u20ac<br \/>\n  <\/td><td class=\"column-4\">  Por documento hasta 40 p\u00e1ginas. 0,40\u20ac cada p\u00e1gina adicional<br \/>\n  <\/td>\n<\/tr>\n<tr class=\"row-6\">\n\t<td class=\"column-1\">  Pr\u00e9stamo interbibliotecario<br \/>\n  <\/td><td class=\"column-2\"> Copias de art\u00edculos o cap\u00edtulos de documentos de la ESMUC en bibliotecas de otros pa\u00edses<br \/>\n  <\/td><td class=\"column-3\">  8,00 \u20ac<br \/>\n  <\/td><td class=\"column-4\">  Por documento hasta 40 p\u00e1ginas. 0,40\u20ac cada p\u00e1gina adicional<br \/>\n  <\/td>\n<\/tr>\n<tr class=\"row-7\">\n\t<td class=\"column-1\">  Pr\u00e9stamo interbibliotecario<br \/>\n  <\/td><td class=\"column-2\">  Pr\u00e9stamo de documentos de la ESMUC en bibliotecas de las BEG<br \/>\n  <\/td><td class=\"column-3\">  0,00 \u20ac<br \/>\n  <\/td><td class=\"column-4\">  \u00a0<br \/>\n  <\/td>\n<\/tr>\n<tr class=\"row-8\">\n\t<td class=\"column-1\">  Pr\u00e9stamo interbibliotecario<br \/>\n  <\/td><td class=\"column-2\">  Pr\u00e9stamo de documentos de la ESMUC en bibliotecas del CSUC o adheridas a los acuerdos de PI<\/td><td class=\"column-3\">  0,00 \u20ac<br \/>\n  <\/td><td class=\"column-4\">  \u00a0<br \/>\n  <\/td>\n<\/tr>\n<tr class=\"row-9\">\n\t<td class=\"column-1\">  Pr\u00e9stamo interbibliotecario<br \/>\n  <\/td><td class=\"column-2\">  Pr\u00e9stamo de documentos de la ESMUC en bibliotecas espa\u00f1olas<br \/>\n  <\/td><td class=\"column-3\">  8,00 \u20ac<br \/>\n  <\/td><td class=\"column-4\">  \u00a0<br \/>\n  <\/td>\n<\/tr>\n<tr class=\"row-10\">\n\t<td class=\"column-1\">  Pr\u00e9stamo interbibliotecario<br \/>\n  <\/td><td class=\"column-2\">  Pr\u00e9stamo de documentos de la ESMUC en bibliotecas de otros pa\u00edses<br \/>\n  <\/td><td class=\"column-3\">  8,00 \u20ac<br \/>\n  <\/td><td class=\"column-4\">  \u00a0<br \/>\n  <\/td>\n<\/tr>\n<tr class=\"row-11\">\n\t<td class=\"column-1\">  Cesi\u00f3n externa<br \/>\n  <\/td><td class=\"column-2\">  Pr\u00e9stamo de una selecci\u00f3n de documentos fuera del recinto de la escuela<br \/>\n  <\/td><td class=\"column-3\">  Coste del seguro + dep\u00f3sito no retornable equivalente a un 5% del valor del documento<br \/>\n  <\/td><td class=\"column-4\">  Por semana<br \/>\n  <\/td>\n<\/tr>\n<tr class=\"row-12\">\n\t<td colspan=\"4\" class=\"column-1\">  <b>PERSONAS EXTERNAS QUE PUEDEN ACREDITAR UNA VINCULACI\u00d3N CON LA M\u00daSICA<\/b><br \/>\n  <\/td>\n<\/tr>\n<tr class=\"row-13\">\n\t<td class=\"column-1\">  Pr\u00e9stamo interbibliotecario<br \/>\n  <\/td><td class=\"column-2\">  Copias de art\u00edculos o cap\u00edtulos de fondo procedentes de bibliotecas de las BEG<br \/>\n  <\/td><td class=\"column-3\">  0,00 \u20ac<br \/>\n  <\/td><td class=\"column-4\">  \u00a0<br \/>\n  <\/td>\n<\/tr>\n<tr class=\"row-14\">\n\t<td class=\"column-1\">  Pr\u00e9stamo interbibliotecario<br \/>\n  <\/td><td class=\"column-2\">  Copias de art\u00edculos o cap\u00edtulos de fondo procedentes de bibliotecas del CSUC o adheridas a los acuerdos de PI<br \/>\n  <\/td><td class=\"column-3\"> 0,00 \u20ac<br \/>\n  <\/td><td class=\"column-4\">  P\u00e1gina<br \/>\n  <\/td>\n<\/tr>\n<tr class=\"row-15\">\n\t<td class=\"column-1\">  Pr\u00e9stamo interbibliotecario<br \/>\n  <\/td><td class=\"column-2\">  Copias de art\u00edculos o cap\u00edtulos de documentos de la ESMUC en bibliotecas espa\u00f1olas<br \/>\n  <\/td><td class=\"column-3\">  5,00 \u20ac<br \/>\n  <\/td><td class=\"column-4\">  Por documento hasta 40 p\u00e1ginas. 0,40\u20ac cada p\u00e1gina adicional<br \/>\n  <\/td>\n<\/tr>\n<tr class=\"row-16\">\n\t<td class=\"column-1\">  Pr\u00e9stamo interbibliotecario<br \/>\n  <\/td><td class=\"column-2\">  Copias de art\u00edculos o cap\u00edtulos de documentos de la ESMUC en bibliotecas de otros pa\u00edses<br \/>\n  <\/td><td class=\"column-3\">  Precios sujetos a las tarifas aplicadas por cada biblioteca<br \/>\n  <\/td><td class=\"column-4\">  \u00a0<br \/>\n  <\/td>\n<\/tr>\n<tr class=\"row-17\">\n\t<td class=\"column-1\">  Pr\u00e9stamo interbibliotecario<br \/>\n  <\/td><td class=\"column-2\">  Pr\u00e9stamo de documentos de fondo procedentes de bibliotecas de las BEG<br \/>\n  <\/td><td class=\"column-3\">  0,00 \u20ac<br \/>\n  <\/td><td class=\"column-4\">  \u00a0<br \/>\n  <\/td>\n<\/tr>\n<tr class=\"row-18\">\n\t<td class=\"column-1\">  Pr\u00e9stamo interbibliotecario<br \/>\n  <\/td><td class=\"column-2\">  Pr\u00e9stamo de documentos de fondo procedentes de bibliotecas del CSUC o adheridas a los acuerdos de PI<br \/>\n  <\/td><td class=\"column-3\">  0,00 \u20ac<br \/>\n  <\/td><td class=\"column-4\">  \u00a0<br \/>\n  <\/td>\n<\/tr>\n<tr class=\"row-19\">\n\t<td class=\"column-1\">  Pr\u00e9stamo interbibliotecario<br \/>\n  <\/td><td class=\"column-2\">  Pr\u00e9stamo de documentos de fondo procedentes de bibliotecas espa\u00f1olas<br \/>\n  <\/td><td class=\"column-3\">  8,00 \u20ac<br \/>\n  <\/td><td class=\"column-4\">  \u00a0<br \/>\n  <\/td>\n<\/tr>\n<tr class=\"row-20\">\n\t<td class=\"column-1\">  Pr\u00e9stamo interbibliotecario<br \/>\n  <\/td><td class=\"column-2\">  Pr\u00e9stamo de documentos de fondo procedentes de otros pa\u00edses<br \/>\n  <\/td><td class=\"column-3\">  Precios sujetos a las tarifas aplicadas por cada biblioteca<br \/>\n  <\/td><td class=\"column-4\">  \u00a0<br \/>\n  <\/td>\n<\/tr>\n<tr class=\"row-21\">\n\t<td class=\"column-1\">  Carnet Biblioteca<br \/>\n  <\/td><td class=\"column-2\">  Carnet de usuario externo (personal de entidades con convenio vigente y donantes de fondo)<br \/>\n  <\/td><td class=\"column-3\">  0,00 \u20ac<br \/>\n  <\/td><td class=\"column-4\">  \u00a0<br \/>\n  <\/td>\n<\/tr>\n<tr class=\"row-22\">\n\t<td class=\"column-1\">  Carnet Biblioteca<br \/>\n  <\/td><td class=\"column-2\">  Carnet de usuario externo (usuarios que puedan acreditar una vinculaci\u00f3n con la m\u00fasica, incluidos centros ACEM y conservatorios)<br \/>\n  <\/td><td class=\"column-3\">  5,00 \u20ac<br \/>\n  <\/td><td class=\"column-4\">  \u00a0<br \/>\n  <\/td>\n<\/tr>\n<tr class=\"row-23\">\n\t<td class=\"column-1\">  Carnet Biblioteca<br \/>\n  <\/td><td class=\"column-2\">  Reposici\u00f3n por p\u00e9rdida del carnet<br \/>\n  <\/td><td class=\"column-3\">  2,00 \u20ac<br \/>\n  <\/td><td class=\"column-4\">  \u00a0<br \/>\n  <\/td>\n<\/tr>\n<tr class=\"row-24\">\n\t<td colspan=\"4\" class=\"column-1\">  <b>ESMUC (ESTUDIANTES, PROFESORES Y PAS)<\/b><br \/>\n  <\/td>\n<\/tr>\n<tr class=\"row-25\">\n\t<td class=\"column-1\">  Pr\u00e9stamo interbibliotecario<br \/>\n  <\/td><td class=\"column-2\">  Copias de art\u00edculos o cap\u00edtulos de fondo procedentes de bibliotecas de las BEG<br \/>\n  <\/td><td class=\"column-3\">  0,00 \u20ac<br \/>\n  <\/td><td class=\"column-4\">  \u00a0<br \/>\n  <\/td>\n<\/tr>\n<tr class=\"row-26\">\n\t<td class=\"column-1\">  Pr\u00e9stamo interbibliotecario<br \/>\n  <\/td><td class=\"column-2\">  Copias de art\u00edculos o cap\u00edtulos de fondo procedentes de bibliotecas del CSUC o adheridas a los acuerdos de PI<br \/>\n  <\/td><td class=\"column-3\"> 0,00 \u20ac<br \/>\n  <\/td><td class=\"column-4\">  P\u00e1gina<br \/>\n  <\/td>\n<\/tr>\n<tr class=\"row-27\">\n\t<td class=\"column-1\">  Pr\u00e9stamo interbibliotecario<br \/>\n  <\/td><td class=\"column-2\">  Copias de art\u00edculos o cap\u00edtulos de fondo procedentes de bibliotecas espa\u00f1olas<br \/>\n  <\/td><td class=\"column-3\">  5,00 \u20ac<br \/>\n  <\/td><td class=\"column-4\">  Por documento hasta 40 p\u00e1ginas. 0,40\u20ac cada p\u00e1gina adicional<br \/>\n  <\/td>\n<\/tr>\n<tr class=\"row-28\">\n\t<td class=\"column-1\">  Pr\u00e9stamo interbibliotecario<br \/>\n  <\/td><td class=\"column-2\">  Copias de art\u00edculos o cap\u00edtulos de fondos procedentes de otros pa\u00edses<br \/>\n  <\/td><td class=\"column-3\">  Precios sujetos a las tarifas aplicadas por cada biblioteca<br \/>\n  <\/td><td class=\"column-4\">  \u00a0<br \/>\n  <\/td>\n<\/tr>\n<tr class=\"row-29\">\n\t<td class=\"column-1\">  Pr\u00e9stamo interbibliotecario<br \/>\n  <\/td><td class=\"column-2\">  Pr\u00e9stamo de documentos de fondo procedentes de bibliotecas de las BEG<br \/>\n  <\/td><td class=\"column-3\">  0,00 \u20ac<br \/>\n  <\/td><td class=\"column-4\">  \u00a0<br \/>\n  <\/td>\n<\/tr>\n<tr class=\"row-30\">\n\t<td class=\"column-1\">  Pr\u00e9stamo interbibliotecario<br \/>\n  <\/td><td class=\"column-2\">  Pr\u00e9stamo de documentos de fondo procedentes de bibliotecas del CSUC o adheridas a los acuerdos de PI<br \/>\n  <\/td><td class=\"column-3\">  0,00 \u20ac<br \/>\n  <\/td><td class=\"column-4\">  \u00a0<br \/>\n  <\/td>\n<\/tr>\n<tr class=\"row-31\">\n\t<td class=\"column-1\">  Pr\u00e9stamo interbibliotecario<br \/>\n  <\/td><td class=\"column-2\">  Pr\u00e9stamo de documentos de fondo procedentes de bibliotecas espa\u00f1olas<br \/>\n  <\/td><td class=\"column-3\">  8,00 \u20ac<br \/>\n  <\/td><td class=\"column-4\">  \u00a0<br \/>\n  <\/td>\n<\/tr>\n<tr class=\"row-32\">\n\t<td class=\"column-1\">  Pr\u00e9stamo interbibliotecario<br \/>\n  <\/td><td class=\"column-2\">  Pr\u00e9stamo de documentos de fondo procedentes de otros pa\u00edses<br \/>\n  <\/td><td class=\"column-3\">  Precios sujetos a las tarifas aplicadas por cada biblioteca<br \/>\n  <\/td><td class=\"column-4\">  \u00a0<br \/>\n  <\/td>\n<\/tr>\n<tr class=\"row-33\">\n\t<td colspan=\"4\" class=\"column-1\">  <b>ALUMNI<\/b><br \/>\n  <\/td>\n<\/tr>\n<tr class=\"row-34\">\n\t<td class=\"column-1\">  Pr\u00e9stamo interbibliotecario<br \/>\n  <\/td><td class=\"column-2\">  Copias de art\u00edculos o cap\u00edtulos de fondo procedentes de bibliotecas de las BEG<br \/>\n  <\/td><td class=\"column-3\">  0,00 \u20ac<br \/>\n  <\/td><td class=\"column-4\">  1<br \/>\n  <\/td>\n<\/tr>\n<tr class=\"row-35\">\n\t<td class=\"column-1\">  Pr\u00e9stamo interbibliotecario<br \/>\n  <\/td><td class=\"column-2\">  Copias de art\u00edculos o cap\u00edtulos de fondo procedentes de bibliotecas del CSUC o adheridas a los acuerdos de PI<br \/>\n  <\/td><td class=\"column-3\"> 0,00 \u20ac<br \/>\n  <\/td><td class=\"column-4\">  P\u00e1gina<br \/>\n  <\/td>\n<\/tr>\n<tr class=\"row-36\">\n\t<td class=\"column-1\">  Pr\u00e9stamo interbibliotecario<br \/>\n  <\/td><td class=\"column-2\">  Copias de art\u00edculos o cap\u00edtulos de fondo procedentes de bibliotecas espa\u00f1olas<br \/>\n  <\/td><td class=\"column-3\">  5,00 \u20ac<br \/>\n  <\/td><td class=\"column-4\">  Por documento hasta 40 p\u00e1ginas. 0,40\u20ac cada p\u00e1gina adicional<br \/>\n  <\/td>\n<\/tr>\n<tr class=\"row-37\">\n\t<td class=\"column-1\">  Pr\u00e9stamo interbibliotecario<br \/>\n  <\/td><td class=\"column-2\">  Copias de art\u00edculos o cap\u00edtulos de fondos procedentes de otros pa\u00edses<br \/>\n  <\/td><td class=\"column-3\">  Precios sujetos a las tarifas aplicadas por cada biblioteca<br \/>\n  <\/td><td class=\"column-4\">  \u00a0<br \/>\n  <\/td>\n<\/tr>\n<tr class=\"row-38\">\n\t<td class=\"column-1\">  Pr\u00e9stamo interbibliotecario<br \/>\n  <\/td><td class=\"column-2\">  Pr\u00e9stamo de documentos de fondo procedentes de bibliotecas de las BEG<br \/>\n  <\/td><td class=\"column-3\">  0,00 \u20ac<br \/>\n  <\/td><td class=\"column-4\">  \u00a0<br \/>\n  <\/td>\n<\/tr>\n<tr class=\"row-39\">\n\t<td class=\"column-1\">  Pr\u00e9stamo interbibliotecario<br \/>\n  <\/td><td class=\"column-2\">  Pr\u00e9stamo de documentos de fondo procedentes de bibliotecas del CSUC o adheridas a los acuerdos de PI<br \/>\n  <\/td><td class=\"column-3\">  0,00 \u20ac<br \/>\n  <\/td><td class=\"column-4\">  \u00a0<br \/>\n  <\/td>\n<\/tr>\n<tr class=\"row-40\">\n\t<td class=\"column-1\">  Pr\u00e9stamo interbibliotecario<br \/>\n  <\/td><td class=\"column-2\">  Pr\u00e9stamo de documentos de fondo procedentes de bibliotecas espa\u00f1olas<br \/>\n  <\/td><td class=\"column-3\">  8\u20ac<br \/>\n  <\/td><td class=\"column-4\">  \u00a0<br \/>\n  <\/td>\n<\/tr>\n<tr class=\"row-41\">\n\t<td class=\"column-1\">  Pr\u00e9stamo interbibliotecario<br \/>\n  <\/td><td class=\"column-2\">  Pr\u00e9stamo de documentos de fondo procedentes de otros pa\u00edses<br \/>\n  <\/td><td class=\"column-3\">  Precios sujetos a las tarifas aplicadas por cada biblioteca<br \/>\n  <\/td><td class=\"column-4\">  \u00a0<br \/>\n  <\/td>\n<\/tr>\n<tr class=\"row-42\">\n\t<td class=\"column-1\">  Carnet Biblioteca<br \/>\n  <\/td><td class=\"column-2\"> Carnet de usuario externo<br \/>\n  <\/td><td class=\"column-3\">  0,00 \u20ac<br \/>\n  <\/td><td class=\"column-4\">  \u00a0<br \/>\n  <\/td>\n<\/tr>\n<tr class=\"row-43\">\n\t<td class=\"column-1\">  Carnet Biblioteca<br \/>\n  <\/td><td class=\"column-2\">  Reposici\u00f3n por p\u00e9rdida del carn\u00e9<br \/>\n  <\/td><td class=\"column-3\">  2,00 \u20ac<br \/>\n  <\/td><td class=\"column-4\">  \u00a0<br \/>\n  <\/td>\n<\/tr>\n<tr class=\"row-44\">\n\t<td colspan=\"4\" class=\"column-1\">  <b>GRUPOS VINCULADOS<\/b><br \/>\n  <\/td>\n<\/tr>\n<tr class=\"row-45\">\n\t<td class=\"column-1\">  Pr\u00e9stamo interbibliotecario<br \/>\n  <\/td><td class=\"column-2\">  Copias de art\u00edculos o cap\u00edtulos de fondo procedentes de bibliotecas de las BEG<br \/>\n  <\/td><td class=\"column-3\">  0,00 \u20ac<br \/>\n  <\/td><td class=\"column-4\">  \u00a0<br \/>\n  <\/td>\n<\/tr>\n<tr class=\"row-46\">\n\t<td class=\"column-1\">  Pr\u00e9stamo interbibliotecario<br \/>\n  <\/td><td class=\"column-2\">  Copias de art\u00edculos o cap\u00edtulos de fondo procedentes de bibliotecas del CSUC o adheridas a los acuerdos de PI<br \/>\n  <\/td><td class=\"column-3\"> 0,00 \u20ac<br \/>\n  <\/td><td class=\"column-4\">  P\u00e1gina<br \/>\n  <\/td>\n<\/tr>\n<tr class=\"row-47\">\n\t<td class=\"column-1\">  Pr\u00e9stamo interbibliotecario<br \/>\n  <\/td><td class=\"column-2\">  Copias de art\u00edculos o cap\u00edtulos de fondo procedentes de bibliotecas espa\u00f1olas<br \/>\n  <\/td><td class=\"column-3\">  5,00 \u20ac<br \/>\n  <\/td><td class=\"column-4\">  Por documento hasta 40 p\u00e1ginas. 0,40\u20ac cada p\u00e1gina adicional<br \/>\n  <\/td>\n<\/tr>\n<tr class=\"row-48\">\n\t<td class=\"column-1\">  Pr\u00e9stamo interbibliotecario<br \/>\n  <\/td><td class=\"column-2\">  Copias de art\u00edculos o cap\u00edtulos de fondos procedentes de otros pa\u00edses<br \/>\n  <\/td><td class=\"column-3\">  Precios sujetos a las tarifas aplicadas por cada biblioteca<br \/>\n  <\/td><td class=\"column-4\">  \u00a0<br \/>\n  <\/td>\n<\/tr>\n<tr class=\"row-49\">\n\t<td class=\"column-1\">  Pr\u00e9stamo interbibliotecario<br \/>\n  <\/td><td class=\"column-2\">  Pr\u00e9stamo de documentos de fondo procedentes de bibliotecas de las BEG<br \/>\n  <\/td><td class=\"column-3\">  0,00 \u20ac<br \/>\n  <\/td><td class=\"column-4\">  \u00a0<br \/>\n  <\/td>\n<\/tr>\n<tr class=\"row-50\">\n\t<td class=\"column-1\">  Pr\u00e9stamo interbibliotecario<br \/>\n  <\/td><td class=\"column-2\">  Pr\u00e9stamo de documentos de fondo procedentes de bibliotecas del CSUC o adheridas a los acuerdos de PI<br \/>\n  <\/td><td class=\"column-3\">  0,00 \u20ac<br \/>\n  <\/td><td class=\"column-4\">  \u00a0<br \/>\n  <\/td>\n<\/tr>\n<tr class=\"row-51\">\n\t<td class=\"column-1\">  Pr\u00e9stamo interbibliotecario<br \/>\n  <\/td><td class=\"column-2\">  Pr\u00e9stamo de documentos de fondo procedentes de bibliotecas espa\u00f1olas<br \/>\n  <\/td><td class=\"column-3\">  8\u20ac<br \/>\n  <\/td><td class=\"column-4\">  \u00a0<br \/>\n  <\/td>\n<\/tr>\n<tr class=\"row-52\">\n\t<td class=\"column-1\">  Pr\u00e9stamo interbibliotecario<br \/>\n  <\/td><td class=\"column-2\">  Pr\u00e9stamo de documentos de fondo procedentes de otros pa\u00edses<br \/>\n  <\/td><td class=\"column-3\">  Precios sujetos a las tarifas aplicadas por cada biblioteca<br \/>\n  <\/td><td class=\"column-4\">  \u00a0<br \/>\n  <\/td>\n<\/tr>\n<tr class=\"row-53\">\n\t<td class=\"column-1\">  Carnet Biblioteca<br \/>\n  <\/td><td class=\"column-2\">  Carnet de usuario externo<br \/>\n  <\/td><td class=\"column-3\">  0,00 \u20ac<br \/>\n  <\/td><td class=\"column-4\">  \u00a0<br \/>\n  <\/td>\n<\/tr>\n<tr class=\"row-54\">\n\t<td class=\"column-1\">  Carnet Biblioteca<br \/>\n  <\/td><td class=\"column-2\">  Reposici\u00f3n por p\u00e9rdida del carnet<br \/>\n  <\/td><td class=\"column-3\">  2,00 \u20ac<br \/>\n  <\/td><td class=\"column-4\">  \u00a0<br \/>\n  <\/td>\n<\/tr>\n<tr class=\"row-55\">\n\t<td colspan=\"4\" class=\"column-1\">  <b>GRUPOS RESIDENTES<\/b><br \/>\n  <\/td>\n<\/tr>\n<tr class=\"row-56\">\n\t<td class=\"column-1\">  Pr\u00e9stamo interbibliotecario<br \/>\n  <\/td><td class=\"column-2\">  Copias de art\u00edculos o cap\u00edtulos de fondo procedentes de bibliotecas de las BEG<br \/>\n  <\/td><td class=\"column-3\">  0,00 \u20ac<br \/>\n  <\/td><td class=\"column-4\">  \u00a0<br \/>\n  <\/td>\n<\/tr>\n<tr class=\"row-57\">\n\t<td class=\"column-1\">  Pr\u00e9stamo interbibliotecario<br \/>\n  <\/td><td class=\"column-2\">  Copias de art\u00edculos o cap\u00edtulos de fondo procedentes de bibliotecas del CSUC o adheridas a los acuerdos de PI<br \/>\n  <\/td><td class=\"column-3\"> 0,00 \u20ac<br \/>\n  <\/td><td class=\"column-4\">  P\u00e1gina<br \/>\n  <\/td>\n<\/tr>\n<tr class=\"row-58\">\n\t<td class=\"column-1\">  Pr\u00e9stamo interbibliotecario<br \/>\n  <\/td><td class=\"column-2\">  Copias de art\u00edculos o cap\u00edtulos de fondo procedentes de bibliotecas espa\u00f1olas<\/td><td class=\"column-3\">  5,00 \u20ac<br \/>\n  <\/td><td class=\"column-4\">  Por documento hasta 40 p\u00e1ginas. 0,40\u20ac cada p\u00e1gina adicional<br \/>\n  <\/td>\n<\/tr>\n<tr class=\"row-59\">\n\t<td class=\"column-1\">  Pr\u00e9stamo interbibliotecario<br \/>\n  <\/td><td class=\"column-2\">  Copias de art\u00edculos o cap\u00edtulos de fondos procedentes de otros pa\u00edses<br \/>\n  <\/td><td class=\"column-3\">  Precios sujetos a las tarifas aplicadas por cada biblioteca<br \/>\n  <\/td><td class=\"column-4\">  \u00a0<br \/>\n  <\/td>\n<\/tr>\n<tr class=\"row-60\">\n\t<td class=\"column-1\">  Pr\u00e9stamo interbibliotecario<br \/>\n  <\/td><td class=\"column-2\">  Pr\u00e9stamo de documentos de fondo procedentes de bibliotecas de las BEG<br \/>\n  <\/td><td class=\"column-3\">  0,00 \u20ac<br \/>\n  <\/td><td class=\"column-4\">  \u00a0<br \/>\n  <\/td>\n<\/tr>\n<tr class=\"row-61\">\n\t<td class=\"column-1\">  Pr\u00e9stamo interbibliotecario<br \/>\n  <\/td><td class=\"column-2\">  Pr\u00e9stamo de documentos de fondo procedentes de bibliotecas del CSUC o adheridas a los acuerdos de PI<br \/>\n  <\/td><td class=\"column-3\">  0,00 \u20ac<br \/>\n  <\/td><td class=\"column-4\">  \u00a0<br \/>\n  <\/td>\n<\/tr>\n<tr class=\"row-62\">\n\t<td class=\"column-1\">  Pr\u00e9stamo interbibliotecario<br \/>\n  <\/td><td class=\"column-2\">  Pr\u00e9stamo de documentos de fondo procedentes de bibliotecas espa\u00f1olas<br \/>\n  <\/td><td class=\"column-3\">  8\u20ac<br \/>\n  <\/td><td class=\"column-4\">  \u00a0<br \/>\n  <\/td>\n<\/tr>\n<tr class=\"row-63\">\n\t<td class=\"column-1\">  Pr\u00e9stamo interbibliotecario<br \/>\n  <\/td><td class=\"column-2\">  Pr\u00e9stamo de documentos de fondo procedentes de otros pa\u00edses<br \/>\n  <\/td><td class=\"column-3\">  Precios sujetos a las tarifas aplicadas por cada biblioteca<br \/>\n  <\/td><td class=\"column-4\">  \u00a0<br \/>\n  <\/td>\n<\/tr>\n<tr class=\"row-64\">\n\t<td class=\"column-1\">  Carnet Biblioteca<br \/>\n  <\/td><td class=\"column-2\">  Carnet de usuario externo<br \/>\n  <\/td><td class=\"column-3\">  0,00 \u20ac<br \/>\n  <\/td><td class=\"column-4\">  \u00a0<br \/>\n  <\/td>\n<\/tr>\n<tr class=\"row-65\">\n\t<td class=\"column-1\">  Carnet Biblioteca<br \/>\n  <\/td><td class=\"column-2\">  Reposici\u00f3n por p\u00e9rdida del carnet<br \/>\n  <\/td><td class=\"column-3\">  2,00 \u20ac<br \/>\n  <\/td><td class=\"column-4\">  \u00a0<br \/>\n  <\/td>\n<\/tr>\n<\/tbody>\n<\/table>\n<!-- #tablepress-450 from cache -->\n<\/div>\n<\/div>\n\n\n\n<p><\/p>\n","protected":false},"excerpt":{"rendered":"<p>Biblioteca<\/p>\n","protected":false},"author":4,"featured_media":0,"parent":35034,"menu_order":0,"comment_status":"closed","ping_status":"closed","template":"","meta":{"_acf_changed":false,"_themeisle_gutenberg_block_has_review":false,"footnotes":""},"categories":[1098],"tags":[],"class_list":["post-35517","page","type-page","status-publish","hentry","category-portal-de-la-transparencia"],"acf":[],"publishpress_future_action":{"enabled":false,"date":"2026-04-17 21:53:47","action":"change-status","newStatus":"draft","terms":[],"taxonomy":"category","extraData":[]},"publishpress_future_workflow_manual_trigger":{"enabledWorkflows":[]},"_links":{"self":[{"href":"https:\/\/www.esmuc.cat\/es\/wp-json\/wp\/v2\/pages\/35517","targetHints":{"allow":["GET"]}}],"collection":[{"href":"https:\/\/www.esmuc.cat\/es\/wp-json\/wp\/v2\/pages"}],"about":[{"href":"https:\/\/www.esmuc.cat\/es\/wp-json\/wp\/v2\/types\/page"}],"author":[{"embeddable":true,"href":"https:\/\/www.esmuc.cat\/es\/wp-json\/wp\/v2\/users\/4"}],"replies":[{"embeddable":true,"href":"https:\/\/www.esmuc.cat\/es\/wp-json\/wp\/v2\/comments?post=35517"}],"version-history":[{"count":1,"href":"https:\/\/www.esmuc.cat\/es\/wp-json\/wp\/v2\/pages\/35517\/revisions"}],"predecessor-version":[{"id":35605,"href":"https:\/\/www.esmuc.cat\/es\/wp-json\/wp\/v2\/pages\/35517\/revisions\/35605"}],"up":[{"embeddable":true,"href":"https:\/\/www.esmuc.cat\/es\/wp-json\/wp\/v2\/pages\/35034"}],"wp:attachment":[{"href":"https:\/\/www.esmuc.cat\/es\/wp-json\/wp\/v2\/media?parent=35517"}],"wp:term":[{"taxonomy":"category","embeddable":true,"href":"https:\/\/www.esmuc.cat\/es\/wp-json\/wp\/v2\/categories?post=35517"},{"taxonomy":"post_tag","embeddable":true,"href":"https:\/\/www.esmuc.cat\/es\/wp-json\/wp\/v2\/tags?post=35517"}],"curies":[{"name":"wp","href":"https:\/\/api.w.org\/{rel}","templated":true}]}}