{"id":35516,"date":"2021-06-11T11:54:44","date_gmt":"2021-06-11T09:54:44","guid":{"rendered":"https:\/\/www.esmuc.cat\/portal-de-transparencia\/preus-publics\/taxes-i-preus-de-serveis-serveis-audiovisuals\/"},"modified":"2022-04-01T14:07:51","modified_gmt":"2022-04-01T12:07:51","slug":"taxes-i-preus-de-serveis-serveis-audiovisuals","status":"publish","type":"page","link":"https:\/\/www.esmuc.cat\/es\/escuela\/portal-de-transparencia\/preus-publics\/taxes-i-preus-de-serveis-serveis-audiovisuals\/","title":{"rendered":"Tasas y precios de servicios &#8211; Servicios audiovisuales"},"content":{"rendered":"\n<div class=\"wp-block-columns is-layout-flex wp-container-core-columns-is-layout-9d6595d7 wp-block-columns-is-layout-flex\">\n<div class=\"wp-block-column esmuc__Menu_Masters is-layout-flow wp-block-column-is-layout-flow\" style=\"flex-basis:33.33%\">\n\n\n\n\n<p><\/p>\n<\/div>\n\n\n\n<div class=\"wp-block-column is-layout-flow wp-block-column-is-layout-flow\" style=\"flex-basis:66.66%\"><div class=\"breadcrumbs align  wp-block-bcn-breadcrumb-trail has-text-color has-background\" vocab=\"https:\/\/schema.org\/\" typeof=\"BreadcrumbList\">\n\t<span><\/span>\n\t<span property=\"itemListElement\" typeof=\"ListItem\"><a property=\"item\" typeof=\"WebPage\" title=\"Ir a ESMUC.\" href=\"https:\/\/www.esmuc.cat\/es\/\" class=\"home\" ><span property=\"name\">ESMUC<\/span><\/a><meta property=\"position\" content=\"1\"><\/span> &gt; <span property=\"itemListElement\" typeof=\"ListItem\"><a property=\"item\" typeof=\"WebPage\" title=\"Ir a Escuela.\" href=\"https:\/\/www.esmuc.cat\/es\/escuela\/\" class=\"post post-page\" ><span property=\"name\">Escuela<\/span><\/a><meta property=\"position\" content=\"2\"><\/span> &gt; <span property=\"itemListElement\" typeof=\"ListItem\"><a property=\"item\" typeof=\"WebPage\" title=\"Ir a Portal de transparencia.\" href=\"https:\/\/www.esmuc.cat\/es\/escuela\/portal-de-transparencia\/\" class=\"post post-page\" ><span property=\"name\">Portal de transparencia<\/span><\/a><meta property=\"position\" content=\"3\"><\/span> &gt; <span property=\"itemListElement\" typeof=\"ListItem\"><a property=\"item\" typeof=\"WebPage\" title=\"Ir a Precios p\u00fablicos.\" href=\"https:\/\/www.esmuc.cat\/es\/escuela\/portal-de-transparencia\/preus-publics\/\" class=\"post post-page\" ><span property=\"name\">Precios p\u00fablicos<\/span><\/a><meta property=\"position\" content=\"4\"><\/span> &gt; <span property=\"itemListElement\" typeof=\"ListItem\"><span property=\"name\" class=\"post post-page current-item\">Tasas y precios de servicios &#8211; Servicios audiovisuales<\/span><meta property=\"url\" content=\"https:\/\/www.esmuc.cat\/es\/escuela\/portal-de-transparencia\/preus-publics\/taxes-i-preus-de-serveis-serveis-audiovisuals\/\"><meta property=\"position\" content=\"5\"><\/span><\/div>\n\n\n\n<h1 class=\"wp-block-heading\">Servicios audiovisuales<\/h1>\n\n\n\n<div id=\"section-g3e8969\" class=\"wp-block-gutentor-e0 section-g3e8969 gutentor-element gutentor-element-advanced-text\"><div class=\"gutentor-text-wrap\"><p class=\"gutentor-text\">Tasas y precios de servicios<\/p><\/div><\/div>\n\n\n\n<table id=\"tablepress-449\" class=\"tablepress tablepress-id-449 tbody-has-connected-cells\">\n<thead>\n<tr class=\"row-1\">\n\t<th class=\"column-1\">Precio\/Tasa<br \/>\n  <\/th><th class=\"column-2\">Descripci\u00f3n<br \/>\n  <\/th><th class=\"column-3\">Importe<br \/>\n  <\/th><th class=\"column-4\">Periodo<br \/>\n  <\/th>\n<\/tr>\n<\/thead>\n<tbody class=\"row-hover\">\n<tr class=\"row-2\">\n\t<td colspan=\"4\" class=\"column-1\">  <b>EXTERNOS<\/b><br \/>\n  <\/td>\n<\/tr>\n<tr class=\"row-3\">\n\t<td class=\"column-1\">  Asesoramiento tecnol\u00f3gico + equipamientos espec\u00edficos + aula postproducci\u00f3n<br \/>\n  <\/td><td class=\"column-2\">  Sesiones individualizadas de asesoramiento tecnol\u00f3gico a proyectos, con uso de equipamientos espec\u00edficos incluido<br \/>\n  <\/td><td class=\"column-3\">  40,00 \u20ac<br \/>\n  <\/td><td class=\"column-4\">  Hora<br \/>\n  <\/td>\n<\/tr>\n<tr class=\"row-4\">\n\t<td class=\"column-1\">  Sonorizaci\u00f3n concierto<br \/>\n  <\/td><td class=\"column-2\">  Incluye t\u00e9cnico y equipamiento<br \/>\n  <\/td><td class=\"column-3\">  226,00 \u20ac<br \/>\n  <\/td><td class=\"column-4\">  1\/2 jornada de 4 horas<br \/>\n  <\/td>\n<\/tr>\n<tr class=\"row-5\">\n\t<td class=\"column-1\">  Grabaci\u00f3n imagen y sonido<br \/>\n  <\/td><td class=\"column-2\">  Incluye t\u00e9cnico y equipamiento<br \/>\n  <\/td><td class=\"column-3\">  226,00 \u20ac<br \/>\n  <\/td><td class=\"column-4\">  1\/2 jornada de 4 horas<br \/>\n  <\/td>\n<\/tr>\n<tr class=\"row-6\">\n\t<td class=\"column-1\">  Proyecci\u00f3n audiovisual<br \/>\n  <\/td><td class=\"column-2\">  Incluye t\u00e9cnico y equipamiento<br \/>\n  <\/td><td class=\"column-3\">  210,00 \u20ac<br \/>\n  <\/td><td class=\"column-4\">  1\/2 jornada de 4 horas<br \/>\n  <\/td>\n<\/tr>\n<tr class=\"row-7\">\n\t<td class=\"column-1\">  Postproducci\u00f3n audio \/ v\u00eddeo<br \/>\n  <\/td><td class=\"column-2\">  Incluye t\u00e9cnico y equipamiento<br \/>\n  <\/td><td class=\"column-3\">  52,50 \u20ac<br \/>\n  <\/td><td class=\"column-4\">  Hora<br \/>\n  <\/td>\n<\/tr>\n<tr class=\"row-8\">\n\t<td class=\"column-1\">  Formaci\u00f3n espec\u00edfica t\u00e9cnica<br \/>\n<br \/>\n  <\/td><td class=\"column-2\">  Incluye t\u00e9cnico y equipamiento<br \/>\n  <\/td><td class=\"column-3\">  52,50 \u20ac<br \/>\n  <\/td><td class=\"column-4\">  Hora<br \/>\n  <\/td>\n<\/tr>\n<tr class=\"row-9\">\n\t<td colspan=\"4\" class=\"column-1\">  <b>ESTUDIANTES<\/b><br \/>\n  <\/td>\n<\/tr>\n<tr class=\"row-10\">\n\t<td class=\"column-1\">  Pr\u00e9stamo interno<br \/>\n  <\/td><td class=\"column-2\">  Equipamientos de autopr\u00e9stamo o espec\u00edficos para actividades en el recinto de la Escuela<br \/>\n  <\/td><td class=\"column-3\">  0,00 \u20ac<br \/>\n  <\/td><td class=\"column-4\">  \u00a0<br \/>\n  <\/td>\n<\/tr>\n<tr class=\"row-11\">\n\t<td class=\"column-1\">  Pr\u00e9stamo externo<br \/>\n  <\/td><td class=\"column-2\"> Equipamientos espec\u00edficos para actividades docentes externas<br \/>\n  <\/td><td class=\"column-3\">  0,00 \u20ac<br \/>\n  <\/td><td class=\"column-4\">  \u00a0<br \/>\n  <\/td>\n<\/tr>\n<tr class=\"row-12\">\n\t<td colspan=\"4\" class=\"column-1\">  <b>ALUMNI<\/b><br \/>\n  <\/td>\n<\/tr>\n<tr class=\"row-13\">\n\t<td class=\"column-1\">  Asesoramiento tecnol\u00f3gico + equipamientos espec\u00edficos + aula postproducci\u00f3n<br \/>\n  <br \/>\n  <\/td><td class=\"column-2\">  Sesiones individualizadas de asesoramiento tecnol\u00f3gico a proyectos, con uso de equipamientos espec\u00edficos incluido<br \/>\n  <\/td><td class=\"column-3\">  20,00 \u20ac<br \/>\n  <\/td><td class=\"column-4\">  Hora<br \/>\n  <\/td>\n<\/tr>\n<tr class=\"row-14\">\n\t<td class=\"column-1\"> Grabaci\u00f3n imagen y\/o sonido<br \/>\n  <\/td><td class=\"column-2\">  Incluye t\u00e9cnico y equipamiento<br \/>\n  <\/td><td class=\"column-3\">  160,00 \u20ac<br \/>\n  <\/td><td class=\"column-4\">  1\/2 jornada de 4 horas<br \/>\n  <\/td>\n<\/tr>\n<tr class=\"row-15\">\n\t<td class=\"column-1\"> Postproducci\u00f3n audio \/ v\u00eddeo<br \/>\n  <\/td><td class=\"column-2\">  Incluye t\u00e9cnico y equipamiento<br \/>\n  <\/td><td class=\"column-3\">  40,00 \u20ac<br \/>\n  <\/td><td class=\"column-4\">  Hora<br \/>\n  <\/td>\n<\/tr>\n<tr class=\"row-16\">\n\t<td class=\"column-1\">  Grabaci\u00f3n en el Estudio de grabaci\u00f3n<br \/>\n  <\/td><td class=\"column-2\">  Incluye t\u00e9cnico y equipamiento<br \/>\n  <\/td><td class=\"column-3\">  160,00 \u20ac<br \/>\n  <\/td><td class=\"column-4\">  1\/2 jornada de 4 horas<br \/>\n  <\/td>\n<\/tr>\n<tr class=\"row-17\">\n\t<td class=\"column-1\">    Formaci\u00f3n espec\u00edfica t\u00e9cnica<br \/>\n  <\/td><td class=\"column-2\">  Incluye t\u00e9cnico y equipamiento<br \/>\n  <\/td><td class=\"column-3\">  40,00 \u20ac<br \/>\n  <\/td><td class=\"column-4\">  Hora<br \/>\n  <\/td>\n<\/tr>\n<tr class=\"row-18\">\n\t<td colspan=\"4\" class=\"column-1\">  <b>GRUPOS VINCULADOS<\/b><br \/>\n  <\/td>\n<\/tr>\n<tr class=\"row-19\">\n\t<td class=\"column-1\">  Asesoramiento tecnol\u00f3gico + equipamientos espec\u00edficos + aula postproducci\u00f3n<br \/>\n  <br \/>\n  <\/td><td class=\"column-2\">  Sesiones individualizadas de asesoramiento tecnol\u00f3gico a proyectos, con uso de equipamientos espec\u00edficos incluido<br \/>\n  <\/td><td class=\"column-3\">  20,00 \u20ac<br \/>\n  <\/td><td class=\"column-4\">  Hora<br \/>\n  <\/td>\n<\/tr>\n<tr class=\"row-20\">\n\t<td class=\"column-1\">  Sonorizaci\u00f3n concierto<br \/>\n  <\/td><td class=\"column-2\">  Incluye t\u00e9cnico y equipamiento<br \/>\n  <\/td><td class=\"column-3\">  160,00 \u20ac<br \/>\n  <\/td><td class=\"column-4\">  1\/2 jornada de 4 horas<br \/>\n  <\/td>\n<\/tr>\n<tr class=\"row-21\">\n\t<td class=\"column-1\">  Grabaci\u00f3n imagen y\/o sonido<br \/>\n  <\/td><td class=\"column-2\">  Incluye t\u00e9cnico y equipamiento<br \/>\n  <\/td><td class=\"column-3\">  160,00 \u20ac<br \/>\n  <\/td><td class=\"column-4\">  1\/2 jornada de 4 horas<br \/>\n  <\/td>\n<\/tr>\n<tr class=\"row-22\">\n\t<td class=\"column-1\"> Postproducci\u00f3n audio \/ v\u00eddeo<\/td><td class=\"column-2\">  Incluye t\u00e9cnico y equipamiento<br \/>\n  <\/td><td class=\"column-3\">  40,00 \u20ac<br \/>\n  <\/td><td class=\"column-4\">  Hora<br \/>\n  <\/td>\n<\/tr>\n<tr class=\"row-23\">\n\t<td class=\"column-1\">  Grabaci\u00f3n en el Estudio de grabaci\u00f3n<br \/>\n  <\/td><td class=\"column-2\">  Incluye t\u00e9cnico y equipamiento<br \/>\n  <\/td><td class=\"column-3\">  160,00 \u20ac<br \/>\n  <\/td><td class=\"column-4\">  1\/2 jornada de 4 horas<br \/>\n  <\/td>\n<\/tr>\n<tr class=\"row-24\">\n\t<td class=\"column-1\">    Formaci\u00f3n espec\u00edfica t\u00e9cnica<br \/>\n  <\/td><td class=\"column-2\">  Incluye t\u00e9cnico y equipamiento<br \/>\n  <\/td><td class=\"column-3\">  40,00 \u20ac<br \/>\n  <\/td><td class=\"column-4\">  Hora<br \/>\n  <\/td>\n<\/tr>\n<tr class=\"row-25\">\n\t<td colspan=\"4\" class=\"column-1\">  <b>GRUPOS RESIDENTES<\/b><br \/>\n  <\/td>\n<\/tr>\n<tr class=\"row-26\">\n\t<td class=\"column-1\">  Asesoramiento tecnol\u00f3gico + equipamientos espec\u00edficos + aula postproducci\u00f3n<br \/>\n  <br \/>\n  <\/td><td class=\"column-2\">  Sesiones individualizadas de asesoramiento tecnol\u00f3gico a proyectos, con uso de equipamientos espec\u00edficos incluido<br \/>\n  <\/td><td class=\"column-3\">  30,00 \u20ac<br \/>\n  <\/td><td class=\"column-4\">  Hora<br \/>\n  <\/td>\n<\/tr>\n<tr class=\"row-27\">\n\t<td class=\"column-1\">  Sonorizaci\u00f3n concierto<br \/>\n  <\/td><td class=\"column-2\">  Incluye t\u00e9cnico y equipamiento<br \/>\n  <\/td><td class=\"column-3\">  180,00 \u20ac<br \/>\n  <\/td><td class=\"column-4\">  1\/2 jornada de 4 horas<br \/>\n  <\/td>\n<\/tr>\n<tr class=\"row-28\">\n\t<td class=\"column-1\">  Grabaci\u00f3n imagen y\/o sonido<br \/>\n  <\/td><td class=\"column-2\">  Incluye t\u00e9cnico y equipamiento<br \/>\n  <\/td><td class=\"column-3\">  180,00 \u20ac<br \/>\n  <\/td><td class=\"column-4\">  1\/2 jornada de 4 horas<br \/>\n  <\/td>\n<\/tr>\n<tr class=\"row-29\">\n\t<td class=\"column-1\">  Projecci\u00f3 audiovisual<br \/>\n  <\/td><td class=\"column-2\">  Incluye t\u00e9cnico y equipamiento<br \/>\n  <\/td><td class=\"column-3\">  180,00 \u20ac<br \/>\n  <\/td><td class=\"column-4\">  1\/2 jornada de 4 horas<br \/>\n  <\/td>\n<\/tr>\n<tr class=\"row-30\">\n\t<td class=\"column-1\">  Postproducci\u00f3n audio \/ v\u00eddeo<br \/>\n  <\/td><td class=\"column-2\">  Incluye t\u00e9cnico y equipamiento<br \/>\n  <\/td><td class=\"column-3\">  52,50 \u20ac<br \/>\n  <\/td><td class=\"column-4\">  Hora<br \/>\n  <\/td>\n<\/tr>\n<tr class=\"row-31\">\n\t<td class=\"column-1\">  Grabaci\u00f3n en el Estudio de grabaci\u00f3n<br \/>\n  <\/td><td class=\"column-2\">  Incluye t\u00e9cnico y equipamiento<br \/>\n  <\/td><td class=\"column-3\">  180,00 \u20ac<br \/>\n  <\/td><td class=\"column-4\">  1\/2 jornada de 4 horas<br \/>\n  <\/td>\n<\/tr>\n<tr class=\"row-32\">\n\t<td class=\"column-1\">    Formaci\u00f3n espec\u00edfica t\u00e9cnica<\/td><td class=\"column-2\">  Incluye t\u00e9cnico y equipamiento<br \/>\n  <\/td><td class=\"column-3\">  40,00 \u20ac<br \/>\n  <\/td><td class=\"column-4\">  Hora<br \/>\n  <\/td>\n<\/tr>\n<\/tbody>\n<\/table>\n<!-- #tablepress-449 from cache -->\n<\/div>\n<\/div>\n\n\n\n<p><\/p>\n","protected":false},"excerpt":{"rendered":"<p>Servicios audiovisuales<\/p>\n","protected":false},"author":4,"featured_media":0,"parent":35034,"menu_order":0,"comment_status":"closed","ping_status":"closed","template":"","meta":{"_acf_changed":false,"_themeisle_gutenberg_block_has_review":false,"footnotes":""},"categories":[1098],"tags":[],"class_list":["post-35516","page","type-page","status-publish","hentry","category-portal-de-la-transparencia"],"acf":[],"publishpress_future_action":{"enabled":false,"date":"2026-04-17 21:55:30","action":"change-status","newStatus":"draft","terms":[],"taxonomy":"category","extraData":[]},"publishpress_future_workflow_manual_trigger":{"enabledWorkflows":[]},"_links":{"self":[{"href":"https:\/\/www.esmuc.cat\/es\/wp-json\/wp\/v2\/pages\/35516","targetHints":{"allow":["GET"]}}],"collection":[{"href":"https:\/\/www.esmuc.cat\/es\/wp-json\/wp\/v2\/pages"}],"about":[{"href":"https:\/\/www.esmuc.cat\/es\/wp-json\/wp\/v2\/types\/page"}],"author":[{"embeddable":true,"href":"https:\/\/www.esmuc.cat\/es\/wp-json\/wp\/v2\/users\/4"}],"replies":[{"embeddable":true,"href":"https:\/\/www.esmuc.cat\/es\/wp-json\/wp\/v2\/comments?post=35516"}],"version-history":[{"count":1,"href":"https:\/\/www.esmuc.cat\/es\/wp-json\/wp\/v2\/pages\/35516\/revisions"}],"predecessor-version":[{"id":35623,"href":"https:\/\/www.esmuc.cat\/es\/wp-json\/wp\/v2\/pages\/35516\/revisions\/35623"}],"up":[{"embeddable":true,"href":"https:\/\/www.esmuc.cat\/es\/wp-json\/wp\/v2\/pages\/35034"}],"wp:attachment":[{"href":"https:\/\/www.esmuc.cat\/es\/wp-json\/wp\/v2\/media?parent=35516"}],"wp:term":[{"taxonomy":"category","embeddable":true,"href":"https:\/\/www.esmuc.cat\/es\/wp-json\/wp\/v2\/categories?post=35516"},{"taxonomy":"post_tag","embeddable":true,"href":"https:\/\/www.esmuc.cat\/es\/wp-json\/wp\/v2\/tags?post=35516"}],"curies":[{"name":"wp","href":"https:\/\/api.w.org\/{rel}","templated":true}]}}