{"id":35088,"date":"2021-06-08T11:53:51","date_gmt":"2021-06-08T09:53:51","guid":{"rendered":"https:\/\/www.esmuc.cat\/portal-de-transparencia\/informacio-economica-i-pressupostaria\/contractes\/"},"modified":"2023-03-07T08:00:58","modified_gmt":"2023-03-07T07:00:58","slug":"contractes","status":"publish","type":"page","link":"https:\/\/www.esmuc.cat\/es\/escuela\/portal-de-transparencia\/informacio-economica-i-pressupostaria\/contractes\/","title":{"rendered":"Contrataci\u00f3n"},"content":{"rendered":"\n<div class=\"wp-block-columns is-layout-flex wp-container-core-columns-is-layout-9d6595d7 wp-block-columns-is-layout-flex\">\n<div class=\"wp-block-column esmuc__Menu_Masters is-layout-flow wp-block-column-is-layout-flow\" style=\"flex-basis:33.33%\">\n\n\n\n\n<p><\/p>\n<\/div>\n\n\n\n<div class=\"wp-block-column is-layout-flow wp-block-column-is-layout-flow\" style=\"flex-basis:66.66%\"><div class=\"breadcrumbs align  wp-block-bcn-breadcrumb-trail has-text-color has-background\" vocab=\"https:\/\/schema.org\/\" typeof=\"BreadcrumbList\">\n\t<span><\/span>\n\t<span property=\"itemListElement\" typeof=\"ListItem\"><a property=\"item\" typeof=\"WebPage\" title=\"Ir a ESMUC.\" href=\"https:\/\/www.esmuc.cat\/es\/\" class=\"home\" ><span property=\"name\">ESMUC<\/span><\/a><meta property=\"position\" content=\"1\"><\/span> &gt; <span property=\"itemListElement\" typeof=\"ListItem\"><a property=\"item\" typeof=\"WebPage\" title=\"Ir a Escuela.\" href=\"https:\/\/www.esmuc.cat\/es\/escuela\/\" class=\"post post-page\" ><span property=\"name\">Escuela<\/span><\/a><meta property=\"position\" content=\"2\"><\/span> &gt; <span property=\"itemListElement\" typeof=\"ListItem\"><a property=\"item\" typeof=\"WebPage\" title=\"Ir a Portal de transparencia.\" href=\"https:\/\/www.esmuc.cat\/es\/escuela\/portal-de-transparencia\/\" class=\"post post-page\" ><span property=\"name\">Portal de transparencia<\/span><\/a><meta property=\"position\" content=\"3\"><\/span> &gt; <span property=\"itemListElement\" typeof=\"ListItem\"><a property=\"item\" typeof=\"WebPage\" title=\"Ir a Informaci\u00f3n econ\u00f3mica y presupostaria.\" href=\"https:\/\/www.esmuc.cat\/es\/escuela\/portal-de-transparencia\/informacio-economica-i-pressupostaria\/\" class=\"post post-page\" ><span property=\"name\">Informaci\u00f3n econ\u00f3mica y presupostaria<\/span><\/a><meta property=\"position\" content=\"4\"><\/span> &gt; <span property=\"itemListElement\" typeof=\"ListItem\"><span property=\"name\" class=\"post post-page current-item\">Contrataci\u00f3n<\/span><meta property=\"url\" content=\"https:\/\/www.esmuc.cat\/es\/escuela\/portal-de-transparencia\/informacio-economica-i-pressupostaria\/contractes\/\"><meta property=\"position\" content=\"5\"><\/span><\/div>\n\n\n\n<h1 class=\"wp-block-heading\">Contrataci\u00f3n<\/h1>\n\n\n\n<div style=\"height:10px\" aria-hidden=\"true\" class=\"wp-block-spacer\"><\/div>\n\n\n\n<div id=\"section-gea339d\" class=\"wp-block-gutentor-e0 section-gea339d gutentor-element gutentor-element-advanced-text\"><div class=\"gutentor-text-wrap\"><p class=\"gutentor-text\">La Administraci\u00f3n y las empresas del sector p\u00fablico cumplen sus obligaciones de informar sobre la contrataci\u00f3n relativa a los \u00faltimos 5 a\u00f1os a trav\u00e9s del <a href=\"https:\/\/governobert.gencat.cat\/ca\/transparencia\/\">Registro P\u00fablico de Contratos <\/a>habilitado por la Generalitat de Catalunya.<\/p><\/div><\/div>\n\n\n\n<div style=\"height:10px\" aria-hidden=\"true\" class=\"wp-block-spacer\"><\/div>\n\n\n\n<h2 class=\"wp-block-heading\">Perfil del contratante<\/h2>\n\n\n\n<div style=\"height:10px\" aria-hidden=\"true\" class=\"wp-block-spacer\"><\/div>\n\n\n\n<div id=\"section-g70877d\" class=\"wp-block-gutentor-e0 section-g70877d gutentor-element gutentor-element-advanced-text\"><div class=\"gutentor-text-wrap\"><p class=\"gutentor-text\">Informaci\u00f3n sobre concursos y licitaciones:<\/p><\/div><\/div>\n\n\n\n<div id=\"section-g4ff149\" class=\"wp-block-gutentor-e0 section-g4ff149 gutentor-element gutentor-element-advanced-text\"><div class=\"gutentor-text-wrap\"><p class=\"gutentor-text\">La Fundaci\u00f3n para la Escuela Superior de M\u00fasica de Catalu\u00f1a (FESMUC), fundaci\u00f3n con fines docentes, sometida al Texto refundido de la Ley de contratos del sector p\u00fablico (RDL 3\/2011 de 14 de noviembre), forma parte del sector p\u00fablico.<\/p><\/div><\/div>\n\n\n\n<div id=\"section-g8f4564\" class=\"wp-block-gutentor-e0 section-g8f4564 gutentor-element gutentor-element-advanced-text\"><div class=\"gutentor-text-wrap\"><p class=\"gutentor-text\">La informaci\u00f3n sobre los concursos y licitaciones que promueva la FESMUC se puede consultar en la web de la <a href=\"https:\/\/urldefense.com\/v3\/__https:\/contractaciopublica.cat\/es\/perfils-contractant\/detall\/865804?categoria=0&amp;tipus=105&amp;page=0__;!!D9dNQwwGXtA!TqnkHymCtwNCNBMAUOAZsmDNAfuirEr2MyffsgVEEUTXevCR39QZY9_xmInhaoF844UhOhApm-kasFbHBX7ZIWI5KC8$\">Plataforma de servicios de contrataci\u00f3n p\u00fablica de la Generalitat<\/a>.<\/p><\/div><\/div>\n\n\n\n<div style=\"height:10px\" aria-hidden=\"true\" class=\"wp-block-spacer\"><\/div>\n\n\n\n<h4 class=\"wp-block-heading\">Direcci\u00f3n postal<\/h4>\n\n\n\n<div class=\"wp-block-columns is-layout-flex wp-container-core-columns-is-layout-9d6595d7 wp-block-columns-is-layout-flex\">\n<div class=\"wp-block-column is-layout-flow wp-block-column-is-layout-flow\">\n<div id=\"section-g0bc123\" class=\"wp-block-gutentor-e0 section-g0bc123 gutentor-element gutentor-element-advanced-text\"><div class=\"gutentor-text-wrap\"><p class=\"gutentor-text\">C\/ Padilla, 155<br>08013 Barcelona<\/p><\/div><\/div>\n<\/div>\n\n\n\n<div class=\"wp-block-column is-vertically-aligned-top is-layout-flow wp-block-column-is-layout-flow\" style=\"flex-basis:75%\"><\/div>\n<\/div>\n\n\n\n<div style=\"height:10px\" aria-hidden=\"true\" class=\"wp-block-spacer\"><\/div>\n\n\n\n<div id=\"section-gc65396\" class=\"wp-block-gutentor-e7 section-gc65396 gutentor-element gutentor-element-list\"><ul class=\"grid-row gutentor-grid-item-wrap list-indicator-icon\"><li class=\"gutentor-list-item grid-lg-12 grid-md-12 grid-12\"><span class=\"gutentor-single-item gutentor-single-item-0\"><span class=\"gutentor-list-item-wrap g-s-list-wrap\"><span class=\"gutentor-single-list-item-icon\"><i class=\"list-item-icon fas fa-envelope\"><\/i><\/span><span class=\"gutentor-list-item\"><p class=\"gutentor-single-item-title\">Contacto: <em>contractacions@esmuc.cat<\/em><\/p><\/span><\/span><\/span><\/li><\/ul><\/div>\n<\/div>\n<\/div>\n\n\n\n<p><\/p>\n","protected":false},"excerpt":{"rendered":"<p>Contrataci\u00f3n Perfil del contratante Direcci\u00f3n postal<\/p>\n","protected":false},"author":4,"featured_media":0,"parent":35076,"menu_order":0,"comment_status":"closed","ping_status":"closed","template":"","meta":{"_acf_changed":false,"_themeisle_gutenberg_block_has_review":false,"footnotes":""},"categories":[1098],"tags":[],"class_list":["post-35088","page","type-page","status-publish","hentry","category-portal-de-la-transparencia"],"acf":[],"publishpress_future_action":{"enabled":false,"date":"2026-04-23 05:15:30","action":"change-status","newStatus":"draft","terms":[],"taxonomy":"category","extraData":[]},"publishpress_future_workflow_manual_trigger":{"enabledWorkflows":[]},"_links":{"self":[{"href":"https:\/\/www.esmuc.cat\/es\/wp-json\/wp\/v2\/pages\/35088","targetHints":{"allow":["GET"]}}],"collection":[{"href":"https:\/\/www.esmuc.cat\/es\/wp-json\/wp\/v2\/pages"}],"about":[{"href":"https:\/\/www.esmuc.cat\/es\/wp-json\/wp\/v2\/types\/page"}],"author":[{"embeddable":true,"href":"https:\/\/www.esmuc.cat\/es\/wp-json\/wp\/v2\/users\/4"}],"replies":[{"embeddable":true,"href":"https:\/\/www.esmuc.cat\/es\/wp-json\/wp\/v2\/comments?post=35088"}],"version-history":[{"count":5,"href":"https:\/\/www.esmuc.cat\/es\/wp-json\/wp\/v2\/pages\/35088\/revisions"}],"predecessor-version":[{"id":75672,"href":"https:\/\/www.esmuc.cat\/es\/wp-json\/wp\/v2\/pages\/35088\/revisions\/75672"}],"up":[{"embeddable":true,"href":"https:\/\/www.esmuc.cat\/es\/wp-json\/wp\/v2\/pages\/35076"}],"wp:attachment":[{"href":"https:\/\/www.esmuc.cat\/es\/wp-json\/wp\/v2\/media?parent=35088"}],"wp:term":[{"taxonomy":"category","embeddable":true,"href":"https:\/\/www.esmuc.cat\/es\/wp-json\/wp\/v2\/categories?post=35088"},{"taxonomy":"post_tag","embeddable":true,"href":"https:\/\/www.esmuc.cat\/es\/wp-json\/wp\/v2\/tags?post=35088"}],"curies":[{"name":"wp","href":"https:\/\/api.w.org\/{rel}","templated":true}]}}