{"id":35076,"date":"2021-04-08T07:34:16","date_gmt":"2021-04-08T05:34:16","guid":{"rendered":"https:\/\/www.esmuc.cat\/portal-de-transparencia\/informacio-economica-i-pressupostaria\/"},"modified":"2025-08-25T10:20:23","modified_gmt":"2025-08-25T08:20:23","slug":"informacio-economica-i-pressupostaria","status":"publish","type":"page","link":"https:\/\/www.esmuc.cat\/es\/escuela\/portal-de-transparencia\/informacio-economica-i-pressupostaria\/","title":{"rendered":"Informaci\u00f3n econ\u00f3mica y presupostaria"},"content":{"rendered":"\n<div class=\"wp-block-columns is-layout-flex wp-container-core-columns-is-layout-9d6595d7 wp-block-columns-is-layout-flex\">\n<div class=\"wp-block-column esmuc__Menu_Masters is-layout-flow wp-block-column-is-layout-flow\" style=\"flex-basis:33.33%\">\n\n\n\n\n<p><\/p>\n<\/div>\n\n\n\n<div class=\"wp-block-column is-layout-flow wp-block-column-is-layout-flow\" style=\"flex-basis:66.66%\"><div class=\"breadcrumbs align  wp-block-bcn-breadcrumb-trail has-text-color has-background\" vocab=\"https:\/\/schema.org\/\" typeof=\"BreadcrumbList\">\n\t<span><\/span>\n\t<span property=\"itemListElement\" typeof=\"ListItem\"><a property=\"item\" typeof=\"WebPage\" title=\"Ir a ESMUC.\" href=\"https:\/\/www.esmuc.cat\/es\/\" class=\"home\" ><span property=\"name\">ESMUC<\/span><\/a><meta property=\"position\" content=\"1\"><\/span> &gt; <span property=\"itemListElement\" typeof=\"ListItem\"><a property=\"item\" typeof=\"WebPage\" title=\"Ir a Escuela.\" href=\"https:\/\/www.esmuc.cat\/es\/escuela\/\" class=\"post post-page\" ><span property=\"name\">Escuela<\/span><\/a><meta property=\"position\" content=\"2\"><\/span> &gt; <span property=\"itemListElement\" typeof=\"ListItem\"><a property=\"item\" typeof=\"WebPage\" title=\"Ir a Portal de transparencia.\" href=\"https:\/\/www.esmuc.cat\/es\/escuela\/portal-de-transparencia\/\" class=\"post post-page\" ><span property=\"name\">Portal de transparencia<\/span><\/a><meta property=\"position\" content=\"3\"><\/span> &gt; <span property=\"itemListElement\" typeof=\"ListItem\"><span property=\"name\" class=\"post post-page current-item\">Informaci\u00f3n econ\u00f3mica y presupostaria<\/span><meta property=\"url\" content=\"https:\/\/www.esmuc.cat\/es\/escuela\/portal-de-transparencia\/informacio-economica-i-pressupostaria\/\"><meta property=\"position\" content=\"4\"><\/span><\/div>\n\n\n\n<h1 class=\"wp-block-heading\">Informaci\u00f3n econ\u00f3mica y presupuestaria<\/h1>\n\n\n\n<div style=\"height:10px\" aria-hidden=\"true\" class=\"wp-block-spacer\"><\/div>\n\n\n\n<div id=\"section-gf2d689\" class=\"wp-block-gutentor-e0 section-gf2d689 gutentor-element gutentor-element-advanced-text\"><div class=\"gutentor-text-wrap\"><p class=\"gutentor-text\">Datos econ\u00f3micos y presupuestarios del centro: presupuestos, cuentas anuales y convenios y acuerdos de colaboraci\u00f3n suscritos por la escuela.<\/p><\/div><\/div>\n\n\n\n<div style=\"height:10px\" aria-hidden=\"true\" class=\"wp-block-spacer\"><\/div>\n\n\n\n<section id=\"e96c0c\" class=\"section-e96c0c gutentor-module gutentor-module-accordion\"><div class=\"grid-container\">\n<div id=\"bf60b5\" class=\"wp-block-gutentor-m6-item section-bf60b5 gutentor-module gutentor-module-accordion-item\"><div class=\"gutentor-module-accordion-panel g-a-panel-e96c0c\"><div class=\"gm-ah-e96c0c gutentor-module-accordion-item-heading gutentor-module-icon-position-right\"><span class=\"gutentor-module-accordion-panel-handler\" role=\"button\"><span class=\"gutentor-module-accordion-panel-handler-label\">Informes de auditor\u00eda y cuentas anuales<\/span><span class=\"gutentor-module-accordion-icon\"><i class=\"gm-aio-e96c0c gutentor-module-accordion-icon-open fas fa-plus\"><\/i><i class=\"gm-aic-e96c0c gutentor-module-accordion-icon-close fas fa-minus\"><\/i><\/span><\/span><\/div><div class=\"gm-ab-e96c0c gutentor-module-accordion-body\">\n<div id=\"section-gb44dcb\" class=\"wp-block-gutentor-e7 section-gb44dcb gutentor-element gutentor-element-list\"><ul class=\"grid-row gutentor-grid-item-wrap list-indicator-icon\"><li class=\"gutentor-list-item grid-lg-12 grid-md-12 grid-12\"><span class=\"gutentor-single-item gutentor-single-item-0\"><span class=\"gutentor-list-item-wrap g-s-list-wrap\"><span class=\"gutentor-single-list-item-icon\"><i class=\"list-item-icon fas fa-angle-right\"><\/i><\/span><span class=\"gutentor-list-item\"><p class=\"gutentor-single-item-title\"><a href=\"https:\/\/www.esmuc.cat\/wp-content\/uploads\/2025\/06\/CCAA-2024_signat_informe-auditoria.pdf\">Informe de auditor\u00eda y cuentas anuales 2024<\/a> (PDF)<\/p><\/span><\/span><\/span><\/li><li class=\"gutentor-list-item grid-lg-12 grid-md-12 grid-12\"><span class=\"gutentor-single-item gutentor-single-item-1\"><span class=\"gutentor-list-item-wrap g-s-list-wrap\"><span class=\"gutentor-single-list-item-icon\"><i class=\"list-item-icon fas fa-angle-right\"><\/i><\/span><span class=\"gutentor-list-item\"><p class=\"gutentor-single-item-title\"><a href=\"https:\/\/www.esmuc.cat\/wp-content\/uploads\/2024\/07\/CCAA-2023-Informe_Signat-comp.pdf\">Informe de auditor\u00eda y cuentas anuales 2023<\/a> (PDF)<\/p><\/span><\/span><\/span><\/li><li class=\"gutentor-list-item grid-lg-12 grid-md-12 grid-12\"><span class=\"gutentor-single-item gutentor-single-item-2\"><span class=\"gutentor-list-item-wrap g-s-list-wrap\"><span class=\"gutentor-single-list-item-icon\"><i class=\"list-item-icon fas fa-angle-right\"><\/i><\/span><span class=\"gutentor-list-item\"><p class=\"gutentor-single-item-title\"><a href=\"https:\/\/www.esmuc.cat\/es\/informe-dauditoria-i-comptes-anuals-2022-pdf-2\/\" target=\"_blank\" rel=\"noreferrer noopener\">Informe de auditor\u00eda y cuentas anuales 2022<\/a> (PDF)<\/p><\/span><\/span><\/span><\/li><li class=\"gutentor-list-item grid-lg-12 grid-md-12 grid-12\"><span class=\"gutentor-single-item gutentor-single-item-3\"><span class=\"gutentor-list-item-wrap g-s-list-wrap\"><span class=\"gutentor-single-list-item-icon\"><i class=\"list-item-icon fas fa-angle-right\"><\/i><\/span><span class=\"gutentor-list-item\"><p class=\"gutentor-single-item-title\"><a href=\"https:\/\/www.esmuc.cat\/wp-content\/uploads\/2025\/07\/CCAA-2021-signatsauditoria_compressed.pdf\" target=\"_blank\" rel=\"noreferrer noopener\">Informe de auditor\u00eda y cuentas anuales 2021<\/a>\u00a0(PDF)<\/p><\/span><\/span><\/span><\/li><li class=\"gutentor-list-item grid-lg-12 grid-md-12 grid-12\"><span class=\"gutentor-single-item gutentor-single-item-4\"><span class=\"gutentor-list-item-wrap g-s-list-wrap\"><span class=\"gutentor-single-list-item-icon\"><i class=\"list-item-icon fas fa-angle-right\"><\/i><\/span><span class=\"gutentor-list-item\"><p class=\"gutentor-single-item-title\"><a href=\"https:\/\/www.esmuc.cat\/wp-content\/uploads\/2025\/07\/CCAA-2020-signat_compressed.pdf\" target=\"_blank\" rel=\"noreferrer noopener\">Informe de auditor\u00eda y cuentas anuales 2020<\/a> (PDF)<\/p><\/span><\/span><\/span><\/li><\/ul><\/div>\n\n\n\n<div id=\"section-g589f66\" class=\"wp-block-gutentor-e0 section-g589f66 gutentor-element gutentor-element-advanced-text\"><div class=\"gutentor-text-wrap\"><p class=\"gutentor-text\"><strong><strong>Cuentas anuales<\/strong><\/strong><\/p><\/div><\/div>\n\n\n\n<div id=\"section-g5c68a7\" class=\"wp-block-gutentor-e0 section-g5c68a7 gutentor-element gutentor-element-advanced-text\"><div class=\"gutentor-text-wrap\"><p class=\"gutentor-text\">La Sindicatura de Cuentas, como \u00f3rgano fiscalizador del sector p\u00fablico en Catalu\u00f1a, de acuerdo con la normativa vigente y en cumplimiento de su Programa anual de actividades, emite este informe de fiscalizaci\u00f3n de la Fundaci\u00f3n para la Escuela Superior de M\u00fasica de Catalu\u00f1a.<\/p><\/div><\/div>\n\n\n\n<div id=\"section-g79c4a7\" class=\"wp-block-gutentor-e0 section-g79c4a7 gutentor-element gutentor-element-advanced-text\"><div class=\"gutentor-text-wrap\"><p class=\"gutentor-text\">El trabajo de esta fiscalizaci\u00f3n limitada ha incluido los siguientes aspectos:<\/p><\/div><\/div>\n\n\n\n<div id=\"section-ga0b418\" class=\"wp-block-gutentor-e7 section-ga0b418 gutentor-element gutentor-element-list\"><ul class=\"grid-row gutentor-grid-item-wrap gutentor-disable-list-style\"><li class=\"gutentor-list-item grid-lg-12 grid-md-12 grid-12\"><span class=\"gutentor-single-item gutentor-single-item-0\"><span class=\"gutentor-list-item-wrap g-s-list-wrap\"><span class=\"gutentor-list-item\"><p class=\"gutentor-single-item-title\">1. Fiscalizar la Liquidaci\u00f3n presupuestaria.<\/p><\/span><\/span><\/span><\/li><li class=\"gutentor-list-item grid-lg-12 grid-md-12 grid-12\"><span class=\"gutentor-single-item gutentor-single-item-1\"><span class=\"gutentor-list-item-wrap g-s-list-wrap\"><span class=\"gutentor-list-item\"><p class=\"gutentor-single-item-title\">2. Revisar el cumplimiento de la legislaci\u00f3n aplicable en los \u00e1mbitos contable, presupuestario, de contrataci\u00f3n y retribuciones del personal.<\/p><\/span><\/span><\/span><\/li><li class=\"gutentor-list-item grid-lg-12 grid-md-12 grid-12\"><span class=\"gutentor-single-item gutentor-single-item-2\"><span class=\"gutentor-list-item-wrap g-s-list-wrap\"><span class=\"gutentor-list-item\"><p class=\"gutentor-single-item-title\">3. Calcular un conjunto de indicadores econ\u00f3micos de la actividad de la fundaci\u00f3n.<\/p><\/span><\/span><\/span><\/li><\/ul><\/div>\n\n\n\n<div id=\"section-g35616f\" class=\"wp-block-gutentor-e0 section-g35616f gutentor-element gutentor-element-advanced-text\"><div class=\"gutentor-text-wrap\"><p class=\"gutentor-text\"><a href=\"https:\/\/www.esmuc.cat\/wp-content\/uploads\/2022\/07\/INFORME-23-2015-ES.pdf\" target=\"_blank\" rel=\"noreferrer noopener\"><strong>Informe 23\/2015 de la sindicatura de cuentas<\/strong><\/a><\/p><\/div><\/div>\n<\/div><\/div><\/div>\n\n\n\n<div id=\"b8029e\" class=\"wp-block-gutentor-m6-item section-b8029e gutentor-module gutentor-module-accordion-item\"><div class=\"gutentor-module-accordion-panel g-a-panel-e96c0c\"><div class=\"gm-ah-e96c0c gutentor-module-accordion-item-heading gutentor-module-icon-position-right\"><span class=\"gutentor-module-accordion-panel-handler\" role=\"button\"><span class=\"gutentor-module-accordion-panel-handler-label\">Presupuestos<\/span><span class=\"gutentor-module-accordion-icon\"><i class=\"gm-aio-e96c0c gutentor-module-accordion-icon-open fas fa-plus\"><\/i><i class=\"gm-aic-e96c0c gutentor-module-accordion-icon-close fas fa-minus\"><\/i><\/span><\/span><\/div><div class=\"gm-ab-e96c0c gutentor-module-accordion-body\">\n<div id=\"section-g91cf46\" class=\"wp-block-gutentor-e0 section-g91cf46 gutentor-element gutentor-element-advanced-text\"><div class=\"gutentor-text-wrap\"><p class=\"gutentor-text\"><strong><strong>Presupuestos aprobados<\/strong><\/strong><\/p><\/div><\/div>\n\n\n\n<div id=\"section-g9407aa\" class=\"wp-block-gutentor-e7 section-g9407aa gutentor-element gutentor-element-list\"><ul class=\"grid-row gutentor-grid-item-wrap list-indicator-icon\"><li class=\"gutentor-list-item grid-lg-12 grid-md-12 grid-12\"><span class=\"gutentor-single-item gutentor-single-item-0\"><span class=\"gutentor-list-item-wrap g-s-list-wrap\"><span class=\"gutentor-single-list-item-icon\"><i class=\"list-item-icon fas fa-angle-right\"><\/i><\/span><span class=\"gutentor-list-item\"><p class=\"gutentor-single-item-title\"><a href=\"https:\/\/www.esmuc.cat\/wp-content\/uploads\/2023\/09\/Pressupost-ESMUC-2023-Generalitat-Catalunya.pdf\">Presupuesto 2023<\/a> (PDF)<\/p><\/span><\/span><\/span><\/li><li class=\"gutentor-list-item grid-lg-12 grid-md-12 grid-12\"><span class=\"gutentor-single-item gutentor-single-item-1\"><span class=\"gutentor-list-item-wrap g-s-list-wrap\"><span class=\"gutentor-single-list-item-icon\"><i class=\"list-item-icon fas fa-angle-right\"><\/i><\/span><span class=\"gutentor-list-item\"><p class=\"gutentor-single-item-title\"><a href=\"https:\/\/www.esmuc.cat\/wp-content\/uploads\/2022\/07\/Pressupost-ESMUC-2022.pdf\" target=\"_blank\" rel=\"noreferrer noopener\">Presupuesto 2022<\/a> (PDF)<\/p><\/span><\/span><\/span><\/li><li class=\"gutentor-list-item grid-lg-12 grid-md-12 grid-12\"><span class=\"gutentor-single-item gutentor-single-item-2\"><span class=\"gutentor-list-item-wrap g-s-list-wrap\"><span class=\"gutentor-single-list-item-icon\"><i class=\"list-item-icon fas fa-angle-right\"><\/i><\/span><span class=\"gutentor-list-item\"><p class=\"gutentor-single-item-title\"><a href=\"https:\/\/www.esmuc.cat\/wp-content\/uploads\/2022\/07\/Pressupost-2020-Aprovat.xlsx.pdf\" target=\"_blank\" rel=\"noreferrer noopener\">Presupuesto 2020<\/a> (PDF)<\/p><\/span><\/span><\/span><\/li><li class=\"gutentor-list-item grid-lg-12 grid-md-12 grid-12\"><span class=\"gutentor-single-item gutentor-single-item-3\"><span class=\"gutentor-list-item-wrap g-s-list-wrap\"><span class=\"gutentor-single-list-item-icon\"><i class=\"list-item-icon fas fa-angle-right\"><\/i><\/span><span class=\"gutentor-list-item\"><p class=\"gutentor-single-item-title\"><a href=\"https:\/\/www.esmuc.cat\/wp-content\/uploads\/2022\/07\/Instruccio-2018-prorroga-2017-G.pdf\" target=\"_blank\" rel=\"noreferrer noopener\">Instrucci\u00f3n 2018 &#8211; Pr\u00f3rroga 2017<\/a> (PDF)<\/p><\/span><\/span><\/span><\/li><li class=\"gutentor-list-item grid-lg-12 grid-md-12 grid-12\"><span class=\"gutentor-single-item gutentor-single-item-4\"><span class=\"gutentor-list-item-wrap g-s-list-wrap\"><span class=\"gutentor-single-list-item-icon\"><i class=\"list-item-icon fas fa-angle-right\"><\/i><\/span><span class=\"gutentor-list-item\"><p class=\"gutentor-single-item-title\"><a href=\"https:\/\/www.esmuc.cat\/wp-content\/uploads\/2022\/07\/Pressupost-2017-Generalitat.pdf\" target=\"_blank\" rel=\"noreferrer noopener\">Presupuesto 2017<\/a> (PDF)<\/p><\/span><\/span><\/span><\/li><\/ul><\/div>\n<\/div><\/div><\/div>\n\n\n\n<div id=\"6debe3\" class=\"wp-block-gutentor-m6-item section-6debe3 gutentor-module gutentor-module-accordion-item\"><div class=\"gutentor-module-accordion-panel g-a-panel-e96c0c\"><div class=\"gm-ah-e96c0c gutentor-module-accordion-item-heading gutentor-module-icon-position-right\"><span class=\"gutentor-module-accordion-panel-handler\" role=\"button\"><span class=\"gutentor-module-accordion-panel-handler-label\">Contrataci\u00f3n<\/span><span class=\"gutentor-module-accordion-icon\"><i class=\"gm-aio-e96c0c gutentor-module-accordion-icon-open fas fa-plus\"><\/i><i class=\"gm-aic-e96c0c gutentor-module-accordion-icon-close fas fa-minus\"><\/i><\/span><\/span><\/div><div class=\"gm-ab-e96c0c gutentor-module-accordion-body\">\n<div id=\"section-gcacff7\" class=\"wp-block-gutentor-e0 section-gcacff7 gutentor-element gutentor-element-advanced-text\"><div class=\"gutentor-text-wrap\"><p class=\"gutentor-text\">La Administraci\u00f3n y las empresas del sector p\u00fablico cumplen sus obligaciones de informar sobre la contrataci\u00f3n relativa a los \u00faltimos 5 a\u00f1os a trav\u00e9s del&nbsp;<a href=\"https:\/\/governobert.gencat.cat\/ca\/transparencia\/\">Registro P\u00fablico de Contratos&nbsp;<\/a>habilitado por la Generalitat de Catalunya.<\/p><\/div><\/div>\n\n\n\n<div id=\"section-g25ccf9\" class=\"wp-block-gutentor-e0 section-g25ccf9 gutentor-element gutentor-element-advanced-text\"><div class=\"gutentor-text-wrap\"><p class=\"gutentor-text\"><\/p><\/div><\/div>\n<\/div><\/div><\/div>\n\n\n\n<div id=\"31cf4b\" class=\"wp-block-gutentor-m6-item section-31cf4b gutentor-module gutentor-module-accordion-item\"><div class=\"gutentor-module-accordion-panel g-a-panel-e96c0c\"><div class=\"gm-ah-e96c0c gutentor-module-accordion-item-heading gutentor-module-icon-position-right\"><span class=\"gutentor-module-accordion-panel-handler\" role=\"button\"><span class=\"gutentor-module-accordion-panel-handler-label\">Perfil del contratante<\/span><span class=\"gutentor-module-accordion-icon\"><i class=\"gm-aio-e96c0c gutentor-module-accordion-icon-open fas fa-plus\"><\/i><i class=\"gm-aic-e96c0c gutentor-module-accordion-icon-close fas fa-minus\"><\/i><\/span><\/span><\/div><div class=\"gm-ab-e96c0c gutentor-module-accordion-body\">\n<div id=\"section-g454194\" class=\"wp-block-gutentor-e0 section-g454194 gutentor-element gutentor-element-advanced-text\"><div class=\"gutentor-text-wrap\"><p class=\"gutentor-text\">Informaci\u00f3n sobre concursos y licitaciones<\/p><\/div><\/div>\n\n\n\n<div id=\"section-g1f23b0\" class=\"wp-block-gutentor-e0 section-g1f23b0 gutentor-element gutentor-element-advanced-text\"><div class=\"gutentor-text-wrap\"><p class=\"gutentor-text\">La Fundaci\u00f3n para la Escuela Superior de M\u00fasica de Catalu\u00f1a (FESMUC), fundaci\u00f3n con fines docentes, sometida al Texto refundido de la Ley de contratos del sector p\u00fablico (RDL 3\/2011 de 14 de noviembre), forma parte del sector p\u00fablico.<br><br>La informaci\u00f3n sobre los concursos y licitaciones que promueva la FESMUC se puede consultar en la web de la&nbsp;<a href=\"https:\/\/urldefense.com\/v3\/__https:\/contractaciopublica.cat\/es\/perfils-contractant\/detall\/865804?categoria=0&amp;tipus=105&amp;page=0__;!!D9dNQwwGXtA!TqnkHymCtwNCNBMAUOAZsmDNAfuirEr2MyffsgVEEUTXevCR39QZY9_xmInhaoF844UhOhApm-kasFbHBX7ZIWI5KC8$\">Plataforma de servicios de contrataci\u00f3n p\u00fablica de la Generalitat<\/a>.<\/p><\/div><\/div>\n\n\n\n<div id=\"section-g8804cb\" class=\"wp-block-gutentor-e0 section-g8804cb gutentor-element gutentor-element-advanced-text\"><div class=\"gutentor-text-wrap\"><p class=\"gutentor-text\"><strong>Direcci\u00f3n postal<br><br><\/strong>C\/ Padilla, 155<br>08013 Barcelona<\/p><\/div><\/div>\n\n\n\n<div id=\"section-gc03477\" class=\"wp-block-gutentor-e7 section-gc03477 gutentor-element gutentor-element-list\"><ul class=\"grid-row gutentor-grid-item-wrap list-indicator-icon\"><li class=\"gutentor-list-item grid-lg-12 grid-md-12 grid-12\"><span class=\"gutentor-single-item gutentor-single-item-0\"><span class=\"gutentor-list-item-wrap g-s-list-wrap\"><span class=\"gutentor-single-list-item-icon\"><i class=\"list-item-icon fas fa-envelope\"><\/i><\/span><span class=\"gutentor-list-item\"><p class=\"gutentor-single-item-title\">Contacto:\u00a0<em>contractacions@esmuc.cat<\/em><\/p><\/span><\/span><\/span><\/li><\/ul><\/div>\n<\/div><\/div><\/div>\n<\/div><\/section>\n<\/div>\n<\/div>\n\n\n\n<p><\/p>\n","protected":false},"excerpt":{"rendered":"<p>Informaci\u00f3n econ\u00f3mica y presupuestaria<\/p>\n","protected":false},"author":4,"featured_media":0,"parent":35015,"menu_order":0,"comment_status":"closed","ping_status":"closed","template":"","meta":{"_acf_changed":false,"_themeisle_gutenberg_block_has_review":false,"footnotes":""},"categories":[1098],"tags":[],"class_list":["post-35076","page","type-page","status-publish","hentry","category-portal-de-la-transparencia"],"acf":[],"publishpress_future_action":{"enabled":false,"date":"2026-04-11 03:32:18","action":"change-status","newStatus":"draft","terms":[],"taxonomy":"category","extraData":[]},"publishpress_future_workflow_manual_trigger":{"enabledWorkflows":[]},"_links":{"self":[{"href":"https:\/\/www.esmuc.cat\/es\/wp-json\/wp\/v2\/pages\/35076","targetHints":{"allow":["GET"]}}],"collection":[{"href":"https:\/\/www.esmuc.cat\/es\/wp-json\/wp\/v2\/pages"}],"about":[{"href":"https:\/\/www.esmuc.cat\/es\/wp-json\/wp\/v2\/types\/page"}],"author":[{"embeddable":true,"href":"https:\/\/www.esmuc.cat\/es\/wp-json\/wp\/v2\/users\/4"}],"replies":[{"embeddable":true,"href":"https:\/\/www.esmuc.cat\/es\/wp-json\/wp\/v2\/comments?post=35076"}],"version-history":[{"count":32,"href":"https:\/\/www.esmuc.cat\/es\/wp-json\/wp\/v2\/pages\/35076\/revisions"}],"predecessor-version":[{"id":111395,"href":"https:\/\/www.esmuc.cat\/es\/wp-json\/wp\/v2\/pages\/35076\/revisions\/111395"}],"up":[{"embeddable":true,"href":"https:\/\/www.esmuc.cat\/es\/wp-json\/wp\/v2\/pages\/35015"}],"wp:attachment":[{"href":"https:\/\/www.esmuc.cat\/es\/wp-json\/wp\/v2\/media?parent=35076"}],"wp:term":[{"taxonomy":"category","embeddable":true,"href":"https:\/\/www.esmuc.cat\/es\/wp-json\/wp\/v2\/categories?post=35076"},{"taxonomy":"post_tag","embeddable":true,"href":"https:\/\/www.esmuc.cat\/es\/wp-json\/wp\/v2\/tags?post=35076"}],"curies":[{"name":"wp","href":"https:\/\/api.w.org\/{rel}","templated":true}]}}