{"id":35057,"date":"2021-06-10T13:02:06","date_gmt":"2021-06-10T11:02:06","guid":{"rendered":"https:\/\/www.esmuc.cat\/portal-de-transparencia\/informacio-de-personal\/taules-retributives\/"},"modified":"2026-03-31T15:17:07","modified_gmt":"2026-03-31T13:17:07","slug":"taules-retributives","status":"publish","type":"page","link":"https:\/\/www.esmuc.cat\/es\/escuela\/portal-de-transparencia\/informacio-de-personal\/taules-retributives\/","title":{"rendered":"Tablas retributivas"},"content":{"rendered":"\n<div class=\"wp-block-columns is-layout-flex wp-container-core-columns-is-layout-9d6595d7 wp-block-columns-is-layout-flex\">\n<div class=\"wp-block-column esmuc__Menu_Masters is-layout-flow wp-block-column-is-layout-flow\" style=\"flex-basis:33.33%\">\n\n\n\n\n<p><\/p>\n<\/div>\n\n\n\n<div class=\"wp-block-column is-layout-flow wp-block-column-is-layout-flow\" style=\"flex-basis:66.66%\"><div class=\"breadcrumbs align  wp-block-bcn-breadcrumb-trail has-text-color has-background\" vocab=\"https:\/\/schema.org\/\" typeof=\"BreadcrumbList\">\n\t<span><\/span>\n\t<span property=\"itemListElement\" typeof=\"ListItem\"><a property=\"item\" typeof=\"WebPage\" title=\"Ir a ESMUC.\" href=\"https:\/\/www.esmuc.cat\/es\/\" class=\"home\" ><span property=\"name\">ESMUC<\/span><\/a><meta property=\"position\" content=\"1\"><\/span> &gt; <span property=\"itemListElement\" typeof=\"ListItem\"><a property=\"item\" typeof=\"WebPage\" title=\"Ir a Escuela.\" href=\"https:\/\/www.esmuc.cat\/es\/escuela\/\" class=\"post post-page\" ><span property=\"name\">Escuela<\/span><\/a><meta property=\"position\" content=\"2\"><\/span> &gt; <span property=\"itemListElement\" typeof=\"ListItem\"><a property=\"item\" typeof=\"WebPage\" title=\"Ir a Portal de transparencia.\" href=\"https:\/\/www.esmuc.cat\/es\/escuela\/portal-de-transparencia\/\" class=\"post post-page\" ><span property=\"name\">Portal de transparencia<\/span><\/a><meta property=\"position\" content=\"3\"><\/span> &gt; <span property=\"itemListElement\" typeof=\"ListItem\"><a property=\"item\" typeof=\"WebPage\" title=\"Ir a Informaci\u00f3n de personal.\" href=\"https:\/\/www.esmuc.cat\/es\/escuela\/portal-de-transparencia\/informacio-de-personal\/\" class=\"post post-page\" ><span property=\"name\">Informaci\u00f3n de personal<\/span><\/a><meta property=\"position\" content=\"4\"><\/span> &gt; <span property=\"itemListElement\" typeof=\"ListItem\"><span property=\"name\" class=\"post post-page current-item\">Tablas retributivas<\/span><meta property=\"url\" content=\"https:\/\/www.esmuc.cat\/es\/escuela\/portal-de-transparencia\/informacio-de-personal\/taules-retributives\/\"><meta property=\"position\" content=\"5\"><\/span><\/div>\n\n\n\n<h1 class=\"wp-block-heading\">Tablas retributivas<\/h1>\n\n\n\n<div style=\"height:30px\" aria-hidden=\"true\" class=\"wp-block-spacer\"><\/div>\n\n\n\n<div id=\"section-g6de2a4\" class=\"wp-block-gutentor-e0 section-g6de2a4 gutentor-element gutentor-element-advanced-text\"><div class=\"gutentor-text-wrap\"><p class=\"gutentor-text\">Las retribuci\u00f3n bruta anual del personal laboral de la ESMUC es p\u00fablica y est\u00e1 regulada por el convenio colectivo de la Fundaci\u00f3n privada para la Escola Superior de M\u00fasica de Catalunya (FESMUC).<\/p><\/div><\/div>\n\n\n\n<div style=\"height:30px\" aria-hidden=\"true\" class=\"wp-block-spacer\"><\/div>\n\n\n\n<div data-wp-interactive=\"core\/file\" class=\"wp-block-file\"><object data-wp-bind--hidden=\"!state.hasPdfPreview\" hidden class=\"wp-block-file__embed\" data=\"https:\/\/www.esmuc.cat\/wp-content\/uploads\/2026\/03\/EstructuraSalarial2026.pdf\" type=\"application\/pdf\" style=\"width:100%;height:600px\" aria-label=\"Incrustado de EstructuraSalarial2026.\"><\/object><a id=\"wp-block-file--media-afbfa81f-5448-4181-b307-7d8509ffc65a\" href=\"https:\/\/www.esmuc.cat\/wp-content\/uploads\/2026\/03\/EstructuraSalarial2026.pdf\">EstructuraSalarial2026<\/a><a href=\"https:\/\/www.esmuc.cat\/wp-content\/uploads\/2026\/03\/EstructuraSalarial2026.pdf\" class=\"wp-block-file__button wp-element-button\" download aria-describedby=\"wp-block-file--media-afbfa81f-5448-4181-b307-7d8509ffc65a\">Baixa<\/a><\/div>\n<\/div>\n<\/div>\n","protected":false},"excerpt":{"rendered":"<p>Tablas retributivas<\/p>\n","protected":false},"author":4,"featured_media":0,"parent":35033,"menu_order":0,"comment_status":"closed","ping_status":"closed","template":"","meta":{"_acf_changed":false,"_themeisle_gutenberg_block_has_review":false,"footnotes":""},"categories":[1098],"tags":[1776],"class_list":["post-35057","page","type-page","status-publish","hentry","category-portal-de-la-transparencia","tag-recursos-humanos"],"acf":[],"publishpress_future_action":{"enabled":false,"date":"2026-04-22 23:40:32","action":"change-status","newStatus":"draft","terms":[],"taxonomy":"category","extraData":[]},"publishpress_future_workflow_manual_trigger":{"enabledWorkflows":[]},"_links":{"self":[{"href":"https:\/\/www.esmuc.cat\/es\/wp-json\/wp\/v2\/pages\/35057","targetHints":{"allow":["GET"]}}],"collection":[{"href":"https:\/\/www.esmuc.cat\/es\/wp-json\/wp\/v2\/pages"}],"about":[{"href":"https:\/\/www.esmuc.cat\/es\/wp-json\/wp\/v2\/types\/page"}],"author":[{"embeddable":true,"href":"https:\/\/www.esmuc.cat\/es\/wp-json\/wp\/v2\/users\/4"}],"replies":[{"embeddable":true,"href":"https:\/\/www.esmuc.cat\/es\/wp-json\/wp\/v2\/comments?post=35057"}],"version-history":[{"count":11,"href":"https:\/\/www.esmuc.cat\/es\/wp-json\/wp\/v2\/pages\/35057\/revisions"}],"predecessor-version":[{"id":118152,"href":"https:\/\/www.esmuc.cat\/es\/wp-json\/wp\/v2\/pages\/35057\/revisions\/118152"}],"up":[{"embeddable":true,"href":"https:\/\/www.esmuc.cat\/es\/wp-json\/wp\/v2\/pages\/35033"}],"wp:attachment":[{"href":"https:\/\/www.esmuc.cat\/es\/wp-json\/wp\/v2\/media?parent=35057"}],"wp:term":[{"taxonomy":"category","embeddable":true,"href":"https:\/\/www.esmuc.cat\/es\/wp-json\/wp\/v2\/categories?post=35057"},{"taxonomy":"post_tag","embeddable":true,"href":"https:\/\/www.esmuc.cat\/es\/wp-json\/wp\/v2\/tags?post=35057"}],"curies":[{"name":"wp","href":"https:\/\/api.w.org\/{rel}","templated":true}]}}