{"id":35034,"date":"2021-04-08T07:36:42","date_gmt":"2021-04-08T05:36:42","guid":{"rendered":"https:\/\/www.esmuc.cat\/portal-de-transparencia\/preus-publics\/"},"modified":"2024-01-09T11:31:44","modified_gmt":"2024-01-09T10:31:44","slug":"preus-publics","status":"publish","type":"page","link":"https:\/\/www.esmuc.cat\/es\/escuela\/portal-de-transparencia\/preus-publics\/","title":{"rendered":"Precios p\u00fablicos"},"content":{"rendered":"\n<div class=\"wp-block-columns is-layout-flex wp-container-core-columns-is-layout-9d6595d7 wp-block-columns-is-layout-flex\">\n<div class=\"wp-block-column esmuc__Menu_Masters is-layout-flow wp-block-column-is-layout-flow\" style=\"flex-basis:33.33%\">\n\n<\/div>\n\n\n\n<div class=\"wp-block-column is-layout-flow wp-block-column-is-layout-flow\" style=\"flex-basis:66.66%\"><div class=\"breadcrumbs align  wp-block-bcn-breadcrumb-trail has-text-color has-background\" vocab=\"https:\/\/schema.org\/\" typeof=\"BreadcrumbList\">\n\t<span><\/span>\n\t<span property=\"itemListElement\" typeof=\"ListItem\"><a property=\"item\" typeof=\"WebPage\" title=\"Ir a ESMUC.\" href=\"https:\/\/www.esmuc.cat\/es\/\" class=\"home\" ><span property=\"name\">ESMUC<\/span><\/a><meta property=\"position\" content=\"1\"><\/span> &gt; <span property=\"itemListElement\" typeof=\"ListItem\"><a property=\"item\" typeof=\"WebPage\" title=\"Ir a Escuela.\" href=\"https:\/\/www.esmuc.cat\/es\/escuela\/\" class=\"post post-page\" ><span property=\"name\">Escuela<\/span><\/a><meta property=\"position\" content=\"2\"><\/span> &gt; <span property=\"itemListElement\" typeof=\"ListItem\"><a property=\"item\" typeof=\"WebPage\" title=\"Ir a Portal de transparencia.\" href=\"https:\/\/www.esmuc.cat\/es\/escuela\/portal-de-transparencia\/\" class=\"post post-page\" ><span property=\"name\">Portal de transparencia<\/span><\/a><meta property=\"position\" content=\"3\"><\/span> &gt; <span property=\"itemListElement\" typeof=\"ListItem\"><span property=\"name\" class=\"post post-page current-item\">Precios p\u00fablicos<\/span><meta property=\"url\" content=\"https:\/\/www.esmuc.cat\/es\/escuela\/portal-de-transparencia\/preus-publics\/\"><meta property=\"position\" content=\"4\"><\/span><\/div>\n\n\n\n<h1 class=\"wp-block-heading\">Tasas y precios p\u00fablicos<\/h1>\n\n\n\n<section id=\"gm4c6b941\" class=\"wp-block-gutentor-m3 section-gm4c6b941 gutentor-module gutentor-container-cover\"><div class=\"grid-container\">\n<p>Los precios p\u00fablicos de la Escuela Superior de M\u00fasica de Catalu\u00f1a est\u00e1n sometidos a una revisi\u00f3n y aprobaci\u00f3n anual por parte del Patronato de la Fundaci\u00f3n.<\/p>\n<\/div><\/section>\n\n\n\n<section id=\"ce8870\" class=\"section-ce8870 gutentor-module gutentor-module-tabs gutentor-tabs-layout-horizontal gutentor-tabs-pos-top\"><div class=\"grid-container gutentor-rm-ct-space-d\"><div class=\"gutentor-module-tabs-wrap gutentor-tabs-style-outline\" data-id=\"ce8870\"><div class=\"gutentor-module-tabs-nav text-align-left-desktop\"><span class=\"gutentor-module-tabs-item gm-tt-ce8870 gutentor-tabs-nav-active\"><span class=\"gutentor-module-tabs-title\">Grado<\/span><\/span><span class=\"gutentor-module-tabs-item gm-tt-ce8870\"><span class=\"gutentor-module-tabs-title\">M\u00e1steres y Posgrado<\/span><\/span><span class=\"gutentor-module-tabs-item gm-tt-ce8870\"><span class=\"gutentor-module-tabs-title\">Servicios y Productos<\/span><\/span><\/div><div class=\"gutentor-module-tabs-body\">\n<div class=\"wp-block-gutentor-m7-tab gutentor-module-tabs-content gm-tc-ce8870 gutentor-tabs-content-active\">\n<table id=\"tablepress-443\" class=\"tablepress tablepress-id-443 tbody-has-connected-cells\">\n<tbody>\n<tr class=\"row-1\">\n\t<td colspan=\"2\" class=\"column-1\"><b>Matr\u00edcula<\/b><br \/>\n  <\/td>\n<\/tr>\n<tr class=\"row-2\">\n\t<td class=\"column-1\">  Precio por cr\u00e9dito ECTS para estudiantes de grado<br \/>\n  <\/td><td class=\"column-2\">25,04 \u20ac<br \/>\n  <\/td>\n<\/tr>\n<tr class=\"row-3\">\n\t<td class=\"column-1\"><b>Pruebas de acceso<\/b><br \/>\n  <\/td><td class=\"column-2\">  \u00a0<br \/>\n  <\/td>\n<\/tr>\n<tr class=\"row-4\">\n\t<td class=\"column-1\">  Prueba de acceso<br \/>\n  <\/td><td class=\"column-2\">  80,00 \u20ac<br \/>\n  <\/td>\n<\/tr>\n<tr class=\"row-5\">\n\t<td class=\"column-1\">  Test orientativo parte A<br \/>\n  <\/td><td class=\"column-2\">  80,00 \u20ac<br \/>\n  <\/td>\n<\/tr>\n<tr class=\"row-6\">\n\t<td class=\"column-1\">  Test orientativo parte A + parte B<\/td><td class=\"column-2\">  100,00 \u20ac<br \/>\n  <\/td>\n<\/tr>\n<tr class=\"row-7\">\n\t<td class=\"column-1\">  Curso de orientaci\u00f3n en las pruebas de acceso<\/td><td class=\"column-2\">  80,00 \u20ac<br \/>\n  <\/td>\n<\/tr>\n<tr class=\"row-8\">\n\t<td class=\"column-1\">  Curso de orientaci\u00f3n a las pruebas de acceso habiendo realizado el test orientativo<\/td><td class=\"column-2\">  60,00 \u20ac<br \/>\n  <\/td>\n<\/tr>\n<tr class=\"row-9\">\n\t<td class=\"column-1\">Repertorista pruebas de acceso<\/td><td class=\"column-2\">150,00 \u20ac<\/td>\n<\/tr>\n<tr class=\"row-10\">\n\t<td colspan=\"2\" class=\"column-1\"><b>Otros conceptos<\/b><br \/>\n  <\/td>\n<\/tr>\n<tr class=\"row-11\">\n\t<td class=\"column-1\">  Seguro escolar obligatorio menores de 28 a\u00f1os<\/td><td class=\"column-2\">  1,12 \u20ac<br \/>\n  <\/td>\n<\/tr>\n<tr class=\"row-12\">\n\t<td class=\"column-1\">  Seguro escolar obligatorio mayores de 28 a\u00f1os<br \/>\n  <\/td><td class=\"column-2\">  22,00 \u20ac<br \/>\n  <\/td>\n<\/tr>\n<tr class=\"row-13\">\n\t<td class=\"column-1\">  Material diverso<\/td><td class=\"column-2\">  11,00 \u20ac<br \/>\n  <\/td>\n<\/tr>\n<tr class=\"row-14\">\n\t<td class=\"column-1\">  Certificaci\u00f3n acad\u00e9mica<\/td><td class=\"column-2\">  11,00 \u20ac<br \/>\n  <\/td>\n<\/tr>\n<tr class=\"row-15\">\n\t<td class=\"column-1\">  Otras certificaciones<br \/>\n  <\/td><td class=\"column-2\">  11,00 \u20ac<br \/>\n  <\/td>\n<\/tr>\n<tr class=\"row-16\">\n\t<td class=\"column-1\">  Traslado de expediente acad\u00e9mico<br \/>\n  <\/td><td class=\"column-2\">  47,00 \u20ac<br \/>\n  <\/td>\n<\/tr>\n<tr class=\"row-17\">\n\t<td colspan=\"2\" class=\"column-1\"><b>Validaci\u00f3n, reconocimiento y transferencia de cr\u00e9ditos<\/b><br \/>\n  <\/td>\n<\/tr>\n<tr class=\"row-18\">\n\t<td class=\"column-1\">  Coste por cr\u00e9dito validado, reconocido y transferido<br \/>\n  <\/td><td class=\"column-2\">  25% del precio del cr\u00e9dito<br \/>\n  <\/td>\n<\/tr>\n<tr class=\"row-19\">\n\t<td class=\"column-1\">  Solicitud de validaci\u00f3n y reconocimiento<br \/>\n  <\/td><td class=\"column-2\">  47,00 \u20ac<br \/>\n  <\/td>\n<\/tr>\n<tr class=\"row-20\">\n\t<td class=\"column-1\">  Coste por cr\u00e9ditos de participaci\u00f3n en actividades culturales, deportivas, de representaci\u00f3n estudiantil, solidarias y de cooperaci\u00f3n<br \/>\n  <\/td><td class=\"column-2\">  25% del precio del cr\u00e9dito<\/td>\n<\/tr>\n<tr class=\"row-21\">\n\t<td colspan=\"2\" class=\"column-1\">  <b>Segundas y sucesivas matr\u00edculas<\/b><br \/>\n  <\/td>\n<\/tr>\n<tr class=\"row-22\">\n\t<td colspan=\"2\" class=\"column-1\">  <p>Cuando un\/a estudiante se matricula por segunda vez de un mismo cr\u00e9dito, el importe de este cr\u00e9dito se incrementa en un 50% en las asignaturas colectivas y un 100% en las individuales.<\/p><p >A partir de la tercera vez, incluida \u00e9sta, que se matricula del mismo cr\u00e9dito, el incremento del precio es del 150% en las asignaturas colectivas y del 200% en las individuales.<\/p><br \/>\n  <\/td>\n<\/tr>\n<tr class=\"row-23\">\n\t<td colspan=\"2\" class=\"column-1\">  <b>Segundos y sucesivos estudios<\/b><br \/>\n  <\/td>\n<\/tr>\n<tr class=\"row-24\">\n\t<td colspan=\"2\" class=\"column-1\">  Se aplica un recargo del 40% de los precios por cr\u00e9dito a cursar a estudiantes que tengan uno o m\u00e1s t\u00edtulos de grado en m\u00fasica para iniciar otro estudio que conduzca a la obtenci\u00f3n de otro t\u00edtulo oficial de grado en la Esmuc.<br \/>\n  <\/td>\n<\/tr>\n<tr class=\"row-25\">\n\t<td colspan=\"2\" class=\"column-1\">  <b>Reducciones, exenciones y bonificaciones<\/b><br \/>\n  <\/td>\n<\/tr>\n<tr class=\"row-26\">\n\t<td class=\"column-1\">  Reducci\u00f3n familia numerosa categor\u00eda general o familia monoparental<br \/>\n  <\/td><td class=\"column-2\">  50% del precio del cr\u00e9dito<br \/>\n  <\/td>\n<\/tr>\n<tr class=\"row-27\">\n\t<td class=\"column-1\">  Reducci\u00f3n familia numerosa categor\u00eda especial<br \/>\n  <\/td><td class=\"column-2\">  100% del precio del cr\u00e9dito<\/td>\n<\/tr>\n<tr class=\"row-28\">\n\t<td class=\"column-1\">  Exenci\u00f3n matr\u00edcula de honor o premio extraordinario bachillerato<br \/>\n  <\/td><td class=\"column-2\">  100% de los precios de todos los cr\u00e9ditos matriculados en el primer curso, siempre que no se realice matr\u00edcula en ning\u00fan otro estudio superior, al mismo tiempo<br \/>\n  <\/td>\n<\/tr>\n<tr class=\"row-29\">\n\t<td class=\"column-1\">  Bonificaci\u00f3n matr\u00edcula de honor de asignaturas<br \/>\n  <\/td><td class=\"column-2\">  100% del importe del n\u00famero de cr\u00e9ditos equivalente al obtenido esta calificaci\u00f3n, en la matr\u00edcula del curso siguiente<br \/>\n  <\/td>\n<\/tr>\n<tr class=\"row-30\">\n\t<td class=\"column-1\">  Exenci\u00f3n personas con grado de discapacidad igual o superior al 33%<br \/>\n  <\/td><td class=\"column-2\">  100% de los precios p\u00fablicos<br \/>\n  <\/td>\n<\/tr>\n<tr class=\"row-31\">\n\t<td class=\"column-1\">  Exenci\u00f3n estudiantes de 65 o m\u00e1s a\u00f1os sin t\u00edtulo universitario oficial<br \/>\n  <\/td><td class=\"column-2\">  100% del importe de los cr\u00e9ditos cuando se matriculen por primera vez de los conceptos correspondientes<br \/>\n  <\/td>\n<\/tr>\n<tr class=\"row-32\">\n\t<td class=\"column-1\">  Exenci\u00f3n v\u00edctimas de actos terroristas, su c\u00f3nyuge y sus hijos o hijas<br \/>\n  <\/td><td class=\"column-2\">  100% del precio de los cr\u00e9ditos<\/td>\n<\/tr>\n<tr class=\"row-33\">\n\t<td class=\"column-1\">  Exenci\u00f3n v\u00edctimas de violencia de g\u00e9nero y sus hijos e hijas dependientes<br \/>\n  <\/td><td class=\"column-2\">  100% del precio de los cr\u00e9ditos<\/td>\n<\/tr>\n<\/tbody>\n<\/table>\n<!-- #tablepress-443 from cache -->\n<\/div>\n\n\n\n<div class=\"wp-block-gutentor-m7-tab gutentor-module-tabs-content gm-tc-ce8870\">\n<table id=\"tablepress-444\" class=\"tablepress tablepress-id-444 tbody-has-connected-cells\">\n<tbody>\n<tr class=\"row-1\">\n\t<td colspan=\"2\" class=\"column-1\"><b>Matr\u00edcula (precio por cr\u00e9dito)<\/b><br \/>\n  <\/td>\n<\/tr>\n<tr class=\"row-2\">\n\t<td class=\"column-1\">M\u00e1ster en Ense\u00f1anzas Art\u00edsticas Superiores de Estudios Avanzados en interpretaci\u00f3n de la m\u00fasica cl\u00e1sica y contempor\u00e1nea<\/td><td class=\"column-2\">65,25 \u20ac *<br \/>\n  <\/td>\n<\/tr>\n<tr class=\"row-3\">\n\t<td class=\"column-1\">M\u00e1ster en Ense\u00f1anzas Art\u00edsticas Superiores de Estudios Avanzados en Interpretaci\u00f3n y Composici\u00f3n Musical de Jazz y M\u00fasica Moderna \u201cBarcelona Jazz M\u00e0ster\u201d<\/td><td class=\"column-2\">68,95 \u20ac *<\/td>\n<\/tr>\n<tr class=\"row-4\">\n\t<td class=\"column-1\">M\u00e1ster en Ense\u00f1anzas Art\u00edsticas de Estudios Avanzados en Flamencolog\u00eda<\/td><td class=\"column-2\">41,15 \u20ac *<\/td>\n<\/tr>\n<tr class=\"row-5\">\n\t<td class=\"column-1\">M\u00e1ster en Ense\u00f1anzas Art\u00edsticas Superiores de Estudios Avanzados en Flamenco<\/td><td class=\"column-2\">68,95 \u20ac *<\/td>\n<\/tr>\n<tr class=\"row-6\">\n\t<td class=\"column-1\">M\u00e1ster en Pedagog\u00eda musical<\/td><td class=\"column-2\">48,45 \u20ac<\/td>\n<\/tr>\n<tr class=\"row-7\">\n\t<td class=\"column-1\">M\u00e1ster en Musicoterapia<\/td><td class=\"column-2\">52,50 \u20ac<\/td>\n<\/tr>\n<tr class=\"row-8\">\n\t<td class=\"column-1\">M\u00e1ster en Composici\u00f3n musical con tecnolog\u00edas<\/td><td class=\"column-2\">94,45 \u20ac<\/td>\n<\/tr>\n<tr class=\"row-9\">\n\t<td class=\"column-1\">M\u00e1ster en Ense\u00f1anzas Art\u00edsticas Superiores de Estudios Avanzados en Interpretaci\u00f3n: Lied, Canci\u00f3n Espa\u00f1ola y Canci\u00f3n Catalana (\"Victoria de los \u00c1ngeles\")<\/td><td class=\"column-2\">61,25 \u20ac *<\/td>\n<\/tr>\n<tr class=\"row-10\">\n\t<td class=\"column-1\">M\u00e1ster en Composici\u00f3n de Bandas Sonoras y M\u00fasica para Medios Audiovisuales<\/td><td class=\"column-2\">111,12 \u20ac<\/td>\n<\/tr>\n<tr class=\"row-11\">\n\t<td class=\"column-1\">M\u00e1ster en T\u00e9cnicas de la m\u00fasica contempor\u00e1nea<br \/>\n<\/td><td class=\"column-2\">86,05 \u20ac<\/td>\n<\/tr>\n<tr class=\"row-12\">\n\t<td class=\"column-1\">M\u00e1ster en Management y producci\u00f3n musical<\/td><td class=\"column-2\">78,20 \u20ac<\/td>\n<\/tr>\n<tr class=\"row-13\">\n\t<td class=\"column-1\">M\u00e1ster de Ense\u00f1anzas Art\u00edsticas en Investigaci\u00f3n Musical (MEAIM)<\/td><td class=\"column-2\">62,67 \u20ac *<\/td>\n<\/tr>\n<tr class=\"row-14\">\n\t<td class=\"column-1\">M\u00e1ster de direcci\u00f3n y gesti\u00f3n de centros educativos art\u00edsticos<\/td><td class=\"column-2\">71,70 \u20ac<\/td>\n<\/tr>\n<tr class=\"row-15\">\n\t<td colspan=\"2\" class=\"column-1\"><b>Otros conceptos<\/b><br \/>\n  <\/td>\n<\/tr>\n<tr class=\"row-16\">\n\t<td class=\"column-1\">Preinscripci\u00f3n en el M\u00e1ster<\/td><td class=\"column-2\">30,00 \u20ac<\/td>\n<\/tr>\n<tr class=\"row-17\">\n\t<td class=\"column-1\">Seguro escolar M\u00e1ster<br \/>\n  <\/td><td class=\"column-2\">  22,00 \u20ac<br \/>\n  <\/td>\n<\/tr>\n<tr class=\"row-18\">\n\t<td class=\"column-1\">Material diverso (bolsa, carpeta y lanyard)<\/td><td class=\"column-2\">  11,00 \u20ac<br \/>\n  <\/td>\n<\/tr>\n<tr class=\"row-19\">\n\t<td class=\"column-1\">  Certificaci\u00f3n acad\u00e9mica M\u00e1ster<\/td><td class=\"column-2\">  11,00 \u20ac<br \/>\n  <\/td>\n<\/tr>\n<tr class=\"row-20\">\n\t<td class=\"column-1\">  Otras certificaciones M\u00e1ster<br \/>\n  <\/td><td class=\"column-2\">  11,00 \u20ac<br \/>\n  <\/td>\n<\/tr>\n<tr class=\"row-21\">\n\t<td class=\"column-1\">Env\u00edo de t\u00edtulos oficiales<br \/>\n  <\/td><td class=\"column-2\">  11,00 \u20ac<br \/>\n  <\/td>\n<\/tr>\n<tr class=\"row-22\">\n\t<td class=\"column-1\">Tasa de tramitaci\u00f3n de t\u00edtulo de m\u00e1steres propios<br \/>\n  <\/td><td class=\"column-2\">98,05 \u20ac<br \/>\n  <\/td>\n<\/tr>\n<tr class=\"row-23\">\n\t<td colspan=\"2\" class=\"column-1\"><b>Validaci\u00f3n, reconocimiento y transferencia de cr\u00e9ditos<\/b><br \/>\n  <\/td>\n<\/tr>\n<tr class=\"row-24\">\n\t<td class=\"column-1\">Validaci\u00f3n, reconocimiento y transferencia de cr\u00e9ditos a los estudios de M\u00e1ster. Equiparaci\u00f3n en el precio p\u00fablico de los estudios de grado<br \/>\n<br \/>\n  <\/td><td class=\"column-2\">  25% del preu del cr\u00e8dit<br \/>\n  <\/td>\n<\/tr>\n<tr class=\"row-25\">\n\t<td colspan=\"2\" class=\"column-1\">  <b>Segundas y sucesivas matr\u00edculas<\/b><br \/>\n  <\/td>\n<\/tr>\n<tr class=\"row-26\">\n\t<td colspan=\"2\" class=\"column-1\">  <p>Cuando un\/a estudiante se matricula por segunda vez de un mismo cr\u00e9dito, el importe de este cr\u00e9dito se incrementa en un 50% en las asignaturas colectivas y un 100% en las individuales.<\/p><p >Cuando un\/a estudiante se matricula por segunda vez de un mismo cr\u00e9dito, el importe de este cr\u00e9dito se incrementa en un 50% en las asignaturas colectivas y un 100% en las individuales.<\/p><br \/>\n  <\/td>\n<\/tr>\n<tr class=\"row-27\">\n\t<td colspan=\"2\" class=\"column-1\">  <b>Reducciones, exenciones y bonificaciones<\/b><br \/>\n  <\/td>\n<\/tr>\n<tr class=\"row-28\">\n\t<td class=\"column-1\">Bonificaci\u00f3n matr\u00edcula de honor de asignaturas de cuarto curso de T\u00edtulo superior<br \/>\n<br \/>\n  <\/td><td class=\"column-2\">100%<\/td>\n<\/tr>\n<tr class=\"row-29\">\n\t<td class=\"column-1\">Bonificaci\u00f3n matr\u00edcula de honor de asignaturas de M\u00e1ster y Postgrado<\/td><td class=\"column-2\">100%<\/td>\n<\/tr>\n<\/tbody>\n<\/table>\n<!-- #tablepress-444 from cache -->\n\n\n\n<div id=\"section-g1edb2b\" class=\"wp-block-gutentor-e0 section-g1edb2b gutentor-element gutentor-element-advanced-text\"><div class=\"gutentor-text-wrap\"><p class=\"gutentor-text\"><strong>* El precio de los m\u00e1steres oficiales ya tiene aplicado el 40% de descuento, parte que asume el <a href=\"https:\/\/educacio.gencat.cat\/\" target=\"_blank\" rel=\"noreferrer noopener\">Departament d\u2019Educaci\u00f3<\/a>.<\/strong><\/p><\/div><\/div>\n<\/div>\n\n\n\n<div class=\"wp-block-gutentor-m7-tab gutentor-module-tabs-content gm-tc-ce8870\">\n<li><a class=\"list-group-item\" href=\"https:\/\/www.esmuc.cat\/es\/portal-de-transparencia\/preus-publics\/taxes-i-preus-de-serveis-lloguer-despais\/\">Alquiler de espacios<\/a><\/li>\n<li><a class=\"list-group-item\" href=\"https:\/\/www.esmuc.cat\/es\/portal-de-transparencia\/preus-publics\/taxes-i-preus-de-serveis-lloguer-dinstruments\/\">Alquiler de instrumentos<\/a><\/li>\n<li><a class=\"list-group-item\" href=\"https:\/\/www.esmuc.cat\/es\/portal-de-transparencia\/preus-publics\/taxes-i-preus-de-serveis-serveis-audiovisuals\/\">Servicios audiovisuales<\/a><\/li>\n<li><a class=\"list-group-item\" href=\"https:\/\/www.esmuc.cat\/es\/portal-de-transparencia\/preus-publics\/taxes-i-preus-de-serveis-\nbiblioteca\/\">Biblioteca<\/a><\/li>\n<li><a class=\" list-group-item\" href=\"https:\/\/www.esmuc.cat\/es\/portal-de-transparencia\/preus-publics\/taxes-i-preus-de-serveis-comunicacio\/\">Comunicaci\u00f3n<\/a><\/li>\n<li><a class=\"list-group-item\" href=\"https:\/\/www.esmuc.cat\/es\/portal-de-transparencia\/preus-publics\/taxes-i-preus-de-serveis-marxandatge\/\">Merchandising<\/a><\/li>\n<li><a class=\"list-group-item\" href=\"https:\/\/www.esmuc.cat\/es\/portal-de-transparencia\/preus-publics\/taxes-i-preus-de-serveis-informatica\/\">Inform\u00e1tica<\/a><\/li>\n<li><a class=\"list-group-item\" href=\"https:\/\/www.esmuc.cat\/es\/portal-de-transparencia\/preus-publics\/taxes-i-preus-de-serveis-manteniment-i-serveis-generals\/\">Mantenimiento y servicios generales<\/a><\/li>\n<li><a class=\"list-group-item\" href=\"https:\/\/www.esmuc.cat\/es\/portal-de-transparencia\/preus-publics\/taxes-i-preus-de-serveis-packs-de-serveis-espais-i-equipaments\/\">Packs de servicios, espacios y equipamientos<\/a><\/li>\n<li><a class=\"list-group-item\" href=\"https:\/\/www.esmuc.cat\/es\/portal-de-transparencia\/preus-publics\/taxes-i-preus-de-serveis-serveis-de-personal-extern-i-intern\/\">Servicios de personal externo e interno<\/a><\/li>\n<li><a class=\"list-group-item\" href=\"https:\/\/www.esmuc.cat\/es\/portal-de-transparencia\/preus-publics\/taxes-i-preus-de-serveis-reprografia-i-impressio\/\">Reprograf\u00eda e impresi\u00f3n<\/a><\/li>\n<\/div>\n<\/div><\/div><\/div><\/section>\n<\/div>\n<\/div>\n\n\n\n<p><\/p>\n","protected":false},"excerpt":{"rendered":"<p>Tasas y precios p\u00fablicos<\/p>\n","protected":false},"author":4,"featured_media":0,"parent":35015,"menu_order":0,"comment_status":"closed","ping_status":"closed","template":"","meta":{"_acf_changed":false,"_themeisle_gutenberg_block_has_review":false,"footnotes":""},"categories":[1098],"tags":[],"class_list":["post-35034","page","type-page","status-publish","hentry","category-portal-de-la-transparencia"],"acf":[],"publishpress_future_action":{"enabled":false,"date":"2026-04-25 16:44:32","action":"change-status","newStatus":"draft","terms":[],"taxonomy":"category","extraData":[]},"publishpress_future_workflow_manual_trigger":{"enabledWorkflows":[]},"_links":{"self":[{"href":"https:\/\/www.esmuc.cat\/es\/wp-json\/wp\/v2\/pages\/35034","targetHints":{"allow":["GET"]}}],"collection":[{"href":"https:\/\/www.esmuc.cat\/es\/wp-json\/wp\/v2\/pages"}],"about":[{"href":"https:\/\/www.esmuc.cat\/es\/wp-json\/wp\/v2\/types\/page"}],"author":[{"embeddable":true,"href":"https:\/\/www.esmuc.cat\/es\/wp-json\/wp\/v2\/users\/4"}],"replies":[{"embeddable":true,"href":"https:\/\/www.esmuc.cat\/es\/wp-json\/wp\/v2\/comments?post=35034"}],"version-history":[{"count":13,"href":"https:\/\/www.esmuc.cat\/es\/wp-json\/wp\/v2\/pages\/35034\/revisions"}],"predecessor-version":[{"id":89359,"href":"https:\/\/www.esmuc.cat\/es\/wp-json\/wp\/v2\/pages\/35034\/revisions\/89359"}],"up":[{"embeddable":true,"href":"https:\/\/www.esmuc.cat\/es\/wp-json\/wp\/v2\/pages\/35015"}],"wp:attachment":[{"href":"https:\/\/www.esmuc.cat\/es\/wp-json\/wp\/v2\/media?parent=35034"}],"wp:term":[{"taxonomy":"category","embeddable":true,"href":"https:\/\/www.esmuc.cat\/es\/wp-json\/wp\/v2\/categories?post=35034"},{"taxonomy":"post_tag","embeddable":true,"href":"https:\/\/www.esmuc.cat\/es\/wp-json\/wp\/v2\/tags?post=35034"}],"curies":[{"name":"wp","href":"https:\/\/api.w.org\/{rel}","templated":true}]}}