{"id":35033,"date":"2021-04-08T07:35:32","date_gmt":"2021-04-08T05:35:32","guid":{"rendered":"https:\/\/www.esmuc.cat\/portal-de-transparencia\/informacio-de-personal\/"},"modified":"2025-08-25T10:48:26","modified_gmt":"2025-08-25T08:48:26","slug":"informacio-de-personal","status":"publish","type":"page","link":"https:\/\/www.esmuc.cat\/es\/escuela\/portal-de-transparencia\/informacio-de-personal\/","title":{"rendered":"Informaci\u00f3n de personal"},"content":{"rendered":"\n<div class=\"wp-block-columns is-layout-flex wp-container-core-columns-is-layout-9d6595d7 wp-block-columns-is-layout-flex\">\n<div class=\"wp-block-column esmuc__Menu_Masters is-layout-flow wp-block-column-is-layout-flow\" style=\"flex-basis:33.33%\">\n\n\n\n\n<p><\/p>\n<\/div>\n\n\n\n<div class=\"wp-block-column is-layout-flow wp-block-column-is-layout-flow\" style=\"flex-basis:66.66%\"><div class=\"breadcrumbs align  wp-block-bcn-breadcrumb-trail has-text-color has-background\" vocab=\"https:\/\/schema.org\/\" typeof=\"BreadcrumbList\">\n\t<span><\/span>\n\t<span property=\"itemListElement\" typeof=\"ListItem\"><a property=\"item\" typeof=\"WebPage\" title=\"Ir a ESMUC.\" href=\"https:\/\/www.esmuc.cat\/es\/\" class=\"home\" ><span property=\"name\">ESMUC<\/span><\/a><meta property=\"position\" content=\"1\"><\/span> &gt; <span property=\"itemListElement\" typeof=\"ListItem\"><a property=\"item\" typeof=\"WebPage\" title=\"Ir a Escuela.\" href=\"https:\/\/www.esmuc.cat\/es\/escuela\/\" class=\"post post-page\" ><span property=\"name\">Escuela<\/span><\/a><meta property=\"position\" content=\"2\"><\/span> &gt; <span property=\"itemListElement\" typeof=\"ListItem\"><a property=\"item\" typeof=\"WebPage\" title=\"Ir a Portal de transparencia.\" href=\"https:\/\/www.esmuc.cat\/es\/escuela\/portal-de-transparencia\/\" class=\"post post-page\" ><span property=\"name\">Portal de transparencia<\/span><\/a><meta property=\"position\" content=\"3\"><\/span> &gt; <span property=\"itemListElement\" typeof=\"ListItem\"><span property=\"name\" class=\"post post-page current-item\">Informaci\u00f3n de personal<\/span><meta property=\"url\" content=\"https:\/\/www.esmuc.cat\/es\/escuela\/portal-de-transparencia\/informacio-de-personal\/\"><meta property=\"position\" content=\"4\"><\/span><\/div>\n\n\n\n<h1 class=\"wp-block-heading\">Informaci\u00f3n de personal<\/h1>\n\n\n\n<div id=\"section-g2df676\" class=\"wp-block-gutentor-e0 section-g2df676 gutentor-element gutentor-element-advanced-text\"><div class=\"gutentor-text-wrap\"><p class=\"gutentor-text\">Informaci\u00f3n relativa a los diversos colectivos que conforman el personal del Esmuc y sus retribuciones, adem\u00e1s de otras informaciones relacionadas con los puestos de trabajo.<\/p><\/div><\/div>\n\n\n\n<li><a class=\"list-group-item\" href=\"https:\/\/www.esmuc.cat\/es\/escuela\/sobre-lesmuc\/directorio-profesorado\/\">Profesorado, repertoristas y acompa\u00f1antes\n<\/a><\/li><li><a class=\"list-group-item\" href=\"https:\/\/www.esmuc.cat\/es\/escuela\/sobre-lesmuc\/organitzacio\/administracio-i-serveis\/\">Administraci\u00f3n y servicios<\/a><\/li><li><a class=\"list-group-item\" href=\"https:\/\/www.esmuc.cat\/es\/escuela\/portal-de-transparencia\/informacio-de-personal\/relacio-de-llocs-de-treball\/\">Relaci\u00f3n de puestos de trabajo<\/a><\/li><li><a class=\"list-group-item\" href=\"https:\/\/www.esmuc.cat\/es\/escuela\/portal-de-transparencia\/informacio-de-personal\/taules-retributives\/\">Tablas retributivas<\/a><\/li>\n<\/div>\n<\/div>\n","protected":false},"excerpt":{"rendered":"<p>Informaci\u00f3n de personal Profesorado, repertoristas y acompa\u00f1antes Administraci\u00f3n y servicios Relaci\u00f3n de puestos de trabajo Tablas retributivas<\/p>\n","protected":false},"author":4,"featured_media":0,"parent":35015,"menu_order":0,"comment_status":"closed","ping_status":"closed","template":"","meta":{"_acf_changed":false,"_themeisle_gutenberg_block_has_review":false,"footnotes":""},"categories":[1098],"tags":[],"class_list":["post-35033","page","type-page","status-publish","hentry","category-portal-de-la-transparencia"],"acf":[],"publishpress_future_action":{"enabled":false,"date":"2026-04-30 18:38:19","action":"change-status","newStatus":"draft","terms":[],"taxonomy":"category","extraData":[]},"publishpress_future_workflow_manual_trigger":{"enabledWorkflows":[]},"_links":{"self":[{"href":"https:\/\/www.esmuc.cat\/es\/wp-json\/wp\/v2\/pages\/35033","targetHints":{"allow":["GET"]}}],"collection":[{"href":"https:\/\/www.esmuc.cat\/es\/wp-json\/wp\/v2\/pages"}],"about":[{"href":"https:\/\/www.esmuc.cat\/es\/wp-json\/wp\/v2\/types\/page"}],"author":[{"embeddable":true,"href":"https:\/\/www.esmuc.cat\/es\/wp-json\/wp\/v2\/users\/4"}],"replies":[{"embeddable":true,"href":"https:\/\/www.esmuc.cat\/es\/wp-json\/wp\/v2\/comments?post=35033"}],"version-history":[{"count":8,"href":"https:\/\/www.esmuc.cat\/es\/wp-json\/wp\/v2\/pages\/35033\/revisions"}],"predecessor-version":[{"id":111406,"href":"https:\/\/www.esmuc.cat\/es\/wp-json\/wp\/v2\/pages\/35033\/revisions\/111406"}],"up":[{"embeddable":true,"href":"https:\/\/www.esmuc.cat\/es\/wp-json\/wp\/v2\/pages\/35015"}],"wp:attachment":[{"href":"https:\/\/www.esmuc.cat\/es\/wp-json\/wp\/v2\/media?parent=35033"}],"wp:term":[{"taxonomy":"category","embeddable":true,"href":"https:\/\/www.esmuc.cat\/es\/wp-json\/wp\/v2\/categories?post=35033"},{"taxonomy":"post_tag","embeddable":true,"href":"https:\/\/www.esmuc.cat\/es\/wp-json\/wp\/v2\/tags?post=35033"}],"curies":[{"name":"wp","href":"https:\/\/api.w.org\/{rel}","templated":true}]}}