{"id":35016,"date":"2021-05-31T10:51:10","date_gmt":"2021-05-31T08:51:10","guid":{"rendered":"https:\/\/www.esmuc.cat\/portal-de-transparencia\/planificacio-i-qualitat\/"},"modified":"2026-01-19T14:15:37","modified_gmt":"2026-01-19T13:15:37","slug":"planificacio-i-qualitat","status":"publish","type":"page","link":"https:\/\/www.esmuc.cat\/es\/escuela\/portal-de-transparencia\/planificacio-i-qualitat\/","title":{"rendered":"Planificaci\u00f3n y calidad"},"content":{"rendered":"\n<div class=\"wp-block-columns is-layout-flex wp-container-core-columns-is-layout-9d6595d7 wp-block-columns-is-layout-flex\">\n<div class=\"wp-block-column esmuc__Menu_Masters is-layout-flow wp-block-column-is-layout-flow\" style=\"flex-basis:33.33%\">\n\n<\/div>\n\n\n\n<div class=\"wp-block-column is-layout-flow wp-block-column-is-layout-flow\" style=\"flex-basis:66.66%\"><div class=\"breadcrumbs align  wp-block-bcn-breadcrumb-trail has-text-color has-background\" vocab=\"https:\/\/schema.org\/\" typeof=\"BreadcrumbList\">\n\t<span><\/span>\n\t<span property=\"itemListElement\" typeof=\"ListItem\"><a property=\"item\" typeof=\"WebPage\" title=\"Ir a ESMUC.\" href=\"https:\/\/www.esmuc.cat\/es\/\" class=\"home\" ><span property=\"name\">ESMUC<\/span><\/a><meta property=\"position\" content=\"1\"><\/span> &gt; <span property=\"itemListElement\" typeof=\"ListItem\"><a property=\"item\" typeof=\"WebPage\" title=\"Ir a Escuela.\" href=\"https:\/\/www.esmuc.cat\/es\/escuela\/\" class=\"post post-page\" ><span property=\"name\">Escuela<\/span><\/a><meta property=\"position\" content=\"2\"><\/span> &gt; <span property=\"itemListElement\" typeof=\"ListItem\"><a property=\"item\" typeof=\"WebPage\" title=\"Ir a Portal de transparencia.\" href=\"https:\/\/www.esmuc.cat\/es\/escuela\/portal-de-transparencia\/\" class=\"post post-page\" ><span property=\"name\">Portal de transparencia<\/span><\/a><meta property=\"position\" content=\"3\"><\/span> &gt; <span property=\"itemListElement\" typeof=\"ListItem\"><span property=\"name\" class=\"post post-page current-item\">Planificaci\u00f3n y calidad<\/span><meta property=\"url\" content=\"https:\/\/www.esmuc.cat\/es\/escuela\/portal-de-transparencia\/planificacio-i-qualitat\/\"><meta property=\"position\" content=\"4\"><\/span><\/div>\n\n\n\n<h1 class=\"wp-block-heading\">Planificaci\u00f3n y calidad<\/h1>\n\n\n\n<section id=\"fed1e8\" class=\"section-fed1e8 gutentor-module gutentor-module-accordion\"><div class=\"grid-container\">\n<div id=\"6c7cd0\" class=\"wp-block-gutentor-m6-item section-6c7cd0 gutentor-module gutentor-module-accordion-item\"><div class=\"gutentor-module-accordion-panel g-a-panel-fed1e8\"><div class=\"gm-ah-fed1e8 gutentor-module-accordion-item-heading gutentor-module-icon-position-right\"><span class=\"gutentor-module-accordion-panel-handler\" role=\"button\"><span class=\"gutentor-module-accordion-panel-handler-label\">Planes y programaci\u00f3n<\/span><span class=\"gutentor-module-accordion-icon\"><i class=\"gm-aio-fed1e8 gutentor-module-accordion-icon-open fas fa-plus\"><\/i><i class=\"gm-aic-fed1e8 gutentor-module-accordion-icon-close fas fa-minus\"><\/i><\/span><\/span><\/div><div class=\"gm-ab-fed1e8 gutentor-module-accordion-body\">\n<div id=\"section-ga16620\" class=\"wp-block-gutentor-e0 section-ga16620 gutentor-element gutentor-element-advanced-text\"><div class=\"gutentor-text-wrap\"><p class=\"gutentor-text\">Datos que hacen referencia al personal docente y al alumnado matriculado seg\u00fan varios par\u00e1metros. Aqu\u00ed encontrar\u00e1 tambi\u00e9n indicadores acad\u00e9micos referidos a los estudios del T\u00edtulo Superior de M\u00fasica, as\u00ed como el informe de seguimiento de la titulaci\u00f3n.<br><br><strong>Planes de actuaci\u00f3n<\/strong><\/p><\/div><\/div>\n\n\n\n<div id=\"section-gd87757\" class=\"wp-block-gutentor-e7 section-gd87757 gutentor-element gutentor-element-list\"><ul class=\"grid-row gutentor-grid-item-wrap list-indicator-icon\"><li class=\"gutentor-list-item grid-lg-12 grid-md-12 grid-12\"><span class=\"gutentor-single-item gutentor-single-item-0\"><span class=\"gutentor-list-item-wrap g-s-list-wrap\"><span class=\"gutentor-single-list-item-icon\"><i class=\"list-item-icon fas fa-angle-right\"><\/i><\/span><span class=\"gutentor-list-item\"><p class=\"gutentor-single-item-title\"><a href=\"https:\/\/repositori.educacio.gencat.cat\/handle\/20.500.12694\/7503\">Plan de actuaci\u00f3n 2024-2028: curso 2025-2026<\/a><\/p><\/span><\/span><\/span><\/li><li class=\"gutentor-list-item grid-lg-12 grid-md-12 grid-12\"><span class=\"gutentor-single-item gutentor-single-item-1\"><span class=\"gutentor-list-item-wrap g-s-list-wrap\"><span class=\"gutentor-single-list-item-icon\"><i class=\"list-item-icon fas fa-angle-right\"><\/i><\/span><span class=\"gutentor-list-item\"><p class=\"gutentor-single-item-title\"><a href=\"http:\/\/hdl.handle.net\/20.500.12694\/7419\">Plan de actuaci\u00f3n 2024-2028: curso 2024-2025<\/a><\/p><\/span><\/span><\/span><\/li><li class=\"gutentor-list-item grid-lg-12 grid-md-12 grid-12\"><span class=\"gutentor-single-item gutentor-single-item-2\"><span class=\"gutentor-list-item-wrap g-s-list-wrap\"><span class=\"gutentor-single-list-item-icon\"><i class=\"list-item-icon fas fa-angle-right\"><\/i><\/span><span class=\"gutentor-list-item\"><p class=\"gutentor-single-item-title\"><a href=\"http:\/\/hdl.handle.net\/20.500.12694\/6747\">Plan de actuaci\u00f3n 2023-2024<\/a><\/p><\/span><\/span><\/span><\/li><li class=\"gutentor-list-item grid-lg-12 grid-md-12 grid-12\"><span class=\"gutentor-single-item gutentor-single-item-3\"><span class=\"gutentor-list-item-wrap g-s-list-wrap\"><span class=\"gutentor-single-list-item-icon\"><i class=\"list-item-icon fas fa-angle-right\"><\/i><\/span><span class=\"gutentor-list-item\"><p class=\"gutentor-single-item-title\"><a href=\"http:\/\/hdl.handle.net\/20.500.12694\/6746\" target=\"_blank\" rel=\"noreferrer noopener\">Plan de actuaci\u00f3n 2022-2023<\/a><\/p><\/span><\/span><\/span><\/li><li class=\"gutentor-list-item grid-lg-12 grid-md-12 grid-12\"><span class=\"gutentor-single-item gutentor-single-item-4\"><span class=\"gutentor-list-item-wrap g-s-list-wrap\"><span class=\"gutentor-single-list-item-icon\"><i class=\"list-item-icon fas fa-angle-right\"><\/i><\/span><span class=\"gutentor-list-item\"><p class=\"gutentor-single-item-title\"><a href=\"http:\/\/hdl.handle.net\/20.500.12694\/6745\">Plan de actuaci\u00f3n 2021-2022<\/a><\/p><\/span><\/span><\/span><\/li><li class=\"gutentor-list-item grid-lg-12 grid-md-12 grid-12\"><span class=\"gutentor-single-item gutentor-single-item-5\"><span class=\"gutentor-list-item-wrap g-s-list-wrap\"><span class=\"gutentor-single-list-item-icon\"><i class=\"list-item-icon fas fa-angle-right\"><\/i><\/span><span class=\"gutentor-list-item\"><p class=\"gutentor-single-item-title\"><a href=\"http:\/\/hdl.handle.net\/20.500.12694\/6744\">Plan de actuaci\u00f3n 2020-2021<\/a><\/p><\/span><\/span><\/span><\/li><li class=\"gutentor-list-item grid-lg-12 grid-md-12 grid-12\"><span class=\"gutentor-single-item gutentor-single-item-6\"><span class=\"gutentor-list-item-wrap g-s-list-wrap\"><span class=\"gutentor-single-list-item-icon\"><i class=\"list-item-icon fas fa-angle-right\"><\/i><\/span><span class=\"gutentor-list-item\"><p class=\"gutentor-single-item-title\"><a href=\"http:\/\/hdl.handle.net\/20.500.12694\/6743\">Plan de actuaci\u00f3n 2019-2020<\/a><\/p><\/span><\/span><\/span><\/li><\/ul><\/div>\n\n\n\n<p><strong>Planes estrat\u00e9gicos<\/strong><\/p>\n\n\n\n<div id=\"section-g-197cp6o\" class=\"wp-block-gutentor-e7 section-g-197cp6o gutentor-element gutentor-element-list\"><ul class=\"grid-row gutentor-grid-item-wrap list-indicator-icon\"><li class=\"gutentor-list-item grid-lg-12 grid-md-12 grid-12\"><span class=\"gutentor-single-item gutentor-single-item-0\"><span class=\"gutentor-list-item-wrap g-s-list-wrap\"><span class=\"gutentor-single-list-item-icon\"><i class=\"list-item-icon fas fa-angle-right\"><\/i><\/span><span class=\"gutentor-list-item\"><p class=\"gutentor-single-item-title\"><a href=\"http:\/\/hdl.handle.net\/20.500.12694\/6742\">Plan estrat\u00e9gico 2009-2014<\/a><\/p><\/span><\/span><\/span><\/li><\/ul><\/div>\n\n\n\n<p><strong>Planes de actividades<\/strong><\/p>\n\n\n\n<div id=\"section-g-eff31p1\" class=\"wp-block-gutentor-e7 section-g-eff31p1 gutentor-element gutentor-element-list\"><ul class=\"grid-row gutentor-grid-item-wrap list-indicator-icon\"><li class=\"gutentor-list-item grid-lg-12 grid-md-12 grid-12\"><span class=\"gutentor-single-item gutentor-single-item-0\"><span class=\"gutentor-list-item-wrap g-s-list-wrap\"><span class=\"gutentor-single-list-item-icon\"><i class=\"list-item-icon fas fa-angle-right\"><\/i><\/span><span class=\"gutentor-list-item\"><p class=\"gutentor-single-item-title\"><a href=\"http:\/\/hdl.handle.net\/20.500.12694\/7504\">Plan de actividades 2025-2026<\/a><\/p><\/span><\/span><\/span><\/li><\/ul><\/div>\n<\/div><\/div><\/div>\n\n\n\n<div id=\"a31067\" class=\"wp-block-gutentor-m6-item section-a31067 gutentor-module gutentor-module-accordion-item\"><div class=\"gutentor-module-accordion-panel g-a-panel-fed1e8\"><div class=\"gm-ah-fed1e8 gutentor-module-accordion-item-heading gutentor-module-icon-position-right\"><span class=\"gutentor-module-accordion-panel-handler\" role=\"button\"><span class=\"gutentor-module-accordion-panel-handler-label\">Calidad y satisfacci\u00f3n<\/span><span class=\"gutentor-module-accordion-icon\"><i class=\"gm-aio-fed1e8 gutentor-module-accordion-icon-open fas fa-plus\"><\/i><i class=\"gm-aic-fed1e8 gutentor-module-accordion-icon-close fas fa-minus\"><\/i><\/span><\/span><\/div><div class=\"gm-ab-fed1e8 gutentor-module-accordion-body\">\n<div id=\"section-g88f083\" class=\"wp-block-gutentor-e0 section-g88f083 gutentor-element gutentor-element-advanced-text\"><div class=\"gutentor-text-wrap\"><p class=\"gutentor-text\">La Escola Superior de M\u00fasica de Catalunya est\u00e1 integrada en el Espacio Europeo de Educaci\u00f3n Superior (EEES) y ha sido pionera en impartir el grado de m\u00fasica y diferentes estudios de m\u00e1ster con los criterios propios de la ense\u00f1anza superior (niveles MECES 2-EQF 6 i MECES 3-EQF 7). Los programas formativos han sido verificados y acreditados por la Ag\u00e8ncia per a la Qualitat del Sistema Universitari de Catalunya (AQU) a partir de los est\u00e1ndares europeos que aseguran su calidad. Asimismo, el centro dispone de un Sistema Interno de Garant\u00eda de la Calidad (SIGQ) que da cumplimiento a las directrices europeas y que se revisa peri\u00f3dicamente a partir del dise\u00f1o evaluado favorablemente por la AQU en 2015, con encuestas de satisfacci\u00f3n cuatrimestrales. La Escuela garantiza, por lo tanto, la calidad de los estudios de grado y de m\u00e1ster, as\u00ed como de su gesti\u00f3n y mejora continua.<\/p><\/div><\/div>\n\n\n\n<div id=\"section-g8f42de\" class=\"wp-block-gutentor-e7 section-g8f42de gutentor-element gutentor-element-list\"><ul class=\"grid-row gutentor-grid-item-wrap list-indicator-icon\"><li class=\"gutentor-list-item grid-lg-12 grid-md-12 grid-12\"><span class=\"gutentor-single-item gutentor-single-item-0\"><span class=\"gutentor-list-item-wrap g-s-list-wrap\"><span class=\"gutentor-single-list-item-icon\"><i class=\"list-item-icon fas fa-angle-right\"><\/i><\/span><span class=\"gutentor-list-item\"><p class=\"gutentor-single-item-title\"><a href=\"https:\/\/www.esmuc.cat\/es\/sobre-lesmuc\/qualitat\/sistema-intern-de-garantia-de-la-qualitat-sigq\/\">Sistema Interno de Garant\u00eda de la Calidad (SIGQ)<\/a><\/p><\/span><\/span><\/span><\/li><li class=\"gutentor-list-item grid-lg-12 grid-md-12 grid-12\"><span class=\"gutentor-single-item gutentor-single-item-1\"><span class=\"gutentor-list-item-wrap g-s-list-wrap\"><span class=\"gutentor-single-list-item-icon\"><i class=\"list-item-icon fas fa-angle-right\"><\/i><\/span><span class=\"gutentor-list-item\"><p class=\"gutentor-single-item-title\"><a href=\"https:\/\/www.esmuc.cat\/es\/sobre-lesmuc\/qualitat\/informacio-sobre-la-qualitat-dels-programes-formatius\/\">Informes AQU<\/a><\/p><\/span><\/span><\/span><\/li><li class=\"gutentor-list-item grid-lg-12 grid-md-12 grid-12\"><span class=\"gutentor-single-item gutentor-single-item-2\"><span class=\"gutentor-list-item-wrap g-s-list-wrap\"><span class=\"gutentor-single-list-item-icon\"><i class=\"list-item-icon fas fa-angle-right\"><\/i><\/span><span class=\"gutentor-list-item\"><p class=\"gutentor-single-item-title\"><a href=\"https:\/\/www.esmuc.cat\/es\/sobre-lesmuc\/qualitat\/datos-e-indicadores\/enquestes-de-satisfaccio\/\">Encuestas de satisfacci\u00f3n<\/a><\/p><\/span><\/span><\/span><\/li><\/ul><\/div>\n<\/div><\/div><\/div>\n\n\n\n<div id=\"f7601d\" class=\"wp-block-gutentor-m6-item section-f7601d gutentor-module gutentor-module-accordion-item\"><div class=\"gutentor-module-accordion-panel g-a-panel-fed1e8\"><div class=\"gm-ah-fed1e8 gutentor-module-accordion-item-heading gutentor-module-icon-position-right\"><span class=\"gutentor-module-accordion-panel-handler\" role=\"button\"><span class=\"gutentor-module-accordion-panel-handler-label\">Memorias anuales<\/span><span class=\"gutentor-module-accordion-icon\"><i class=\"gm-aio-fed1e8 gutentor-module-accordion-icon-open fas fa-plus\"><\/i><i class=\"gm-aic-fed1e8 gutentor-module-accordion-icon-close fas fa-minus\"><\/i><\/span><\/span><\/div><div class=\"gm-ab-fed1e8 gutentor-module-accordion-body\">\n<div id=\"section-g4eafce\" class=\"wp-block-gutentor-e0 section-g4eafce gutentor-element gutentor-element-advanced-text\"><div class=\"gutentor-text-wrap\"><p class=\"gutentor-text\">La memoria es un documento que resume las principales actividades llevadas a cabo por la ESMUC, as\u00ed como los datos e indicadores m\u00e1s significativos durante un a\u00f1o acad\u00e9mico.<br><\/p><\/div><\/div>\n\n\n\n<div id=\"section-g979773\" class=\"wp-block-gutentor-e2 section-g979773 gutentor-element gutentor-element-button\"><span class=\"gutentor-button-wrap\"><a class=\"gutentor-button gutentor-block-button gutentor-icon-hide\" href=\"https:\/\/repositori.educacio.gencat.cat\/handle\/20.500.12694\/7501\" target=\"_blank\" rel=\"noopener noreferrer\"><i class=\"gutentor-button-icon fas fa-book\"><\/i><span>Memoria 2024-2025<\/span><\/a><\/span><\/div>\n\n\n\n<div id=\"section-g-2l3b8fl\" class=\"wp-block-gutentor-e2 section-g-2l3b8fl gutentor-element gutentor-element-button\"><span class=\"gutentor-button-wrap\"><a class=\"gutentor-button gutentor-block-button gutentor-icon-hide\" href=\"https:\/\/repositori.educacio.gencat.cat\/handle\/20.500.12694\/7500\" target=\"_blank\" rel=\"noopener noreferrer\"><i class=\"gutentor-button-icon fas fa-book\"><\/i><span>Memoria 2018-2019<\/span><\/a><\/span><\/div>\n\n\n\n<p><\/p>\n<\/div><\/div><\/div>\n<\/div><\/section>\n<\/div>\n<\/div>\n\n\n\n<section id=\"section-d16392ec-cc53-40ea-8675-bc8a791f460b\" class=\"wp-block-gutentor-image-box gutentor-section gutentor-image-wrapper imagebox-template1 has-color-bg has-custom-bg\"><div class=\"grid-container\"><div class=\"gutentor-block-header\"><div class=\"gutentor-section-title enable-title-design seperator-bottom text-left\"><h3 class=\"gutentor-title\">La ESMUC forma parte de:<\/h3><\/div><\/div><div class=\"grid-row gutentor-grid-item-wrap\"><div class=\"gutentor-grid-column grid-lg-2m3 grid-md-2m3 grid-6\"><div class=\"gutentor-single-item gutentor-image gutentor-single-item-0\"><div class=\"gutentor-single-item-wrap\"><div class=\"gutentor-single-item-image-box\"><a class=\"gutentor-single-item-image-link\" href=\"https:\/\/elia-artschools.org\/\" target=\"_blank\" rel=\"noopener noreferrer\"><div class=\"gutentor-image-thumb\"><img decoding=\"async\" class=\"normal-image\" src=\"http:\/\/www.esmuc.cat\/wp-content\/uploads\/2021\/10\/ELIA.png\" alt=\"Elia\" height=\"600\" width=\"600\" \/><\/div><\/a><\/div><div class=\"gutentor-single-item-content\"><\/div><\/div><\/div><\/div><div class=\"gutentor-grid-column grid-lg-2m3 grid-md-2m3 grid-6\"><div class=\"gutentor-single-item gutentor-image gutentor-single-item-1\"><div class=\"gutentor-single-item-wrap\"><div class=\"gutentor-single-item-image-box\"><a class=\"gutentor-single-item-image-link\" href=\"https:\/\/aec-music.eu\/\" target=\"_blank\" rel=\"noopener noreferrer\"><div class=\"gutentor-image-thumb\"><img decoding=\"async\" class=\"normal-image\" src=\"http:\/\/www.esmuc.cat\/wp-content\/uploads\/2021\/10\/AEC-logo_2016_Abbreviated-squared-1.jpg\" alt=\"Aec\" height=\"537\" width=\"537\" \/><\/div><\/a><\/div><div class=\"gutentor-single-item-content\"><\/div><\/div><\/div><\/div><div class=\"gutentor-grid-column grid-lg-2m3 grid-md-2m3 grid-6\"><div class=\"gutentor-single-item gutentor-image gutentor-single-item-2\"><div class=\"gutentor-single-item-wrap\"><div class=\"gutentor-single-item-image-box\"><a class=\"gutentor-single-item-image-link\" href=\"https:\/\/www.acesea.es\/\" target=\"_blank\" rel=\"noopener noreferrer\"><div class=\"gutentor-image-thumb\"><img decoding=\"async\" class=\"normal-image\" src=\"http:\/\/www.esmuc.cat\/wp-content\/uploads\/2021\/10\/Acesea.png\" alt=\"Acesea\" height=\"512\" width=\"512\" \/><\/div><\/a><\/div><div class=\"gutentor-single-item-content\"><\/div><\/div><\/div><\/div><\/div><\/div><\/section>\n","protected":false},"excerpt":{"rendered":"<p>Planificaci\u00f3n y calidad<\/p>\n","protected":false},"author":4,"featured_media":0,"parent":35015,"menu_order":0,"comment_status":"closed","ping_status":"closed","template":"","meta":{"_acf_changed":false,"_themeisle_gutenberg_block_has_review":false,"footnotes":""},"categories":[1098],"tags":[],"class_list":["post-35016","page","type-page","status-publish","hentry","category-portal-de-la-transparencia"],"acf":[],"publishpress_future_action":{"enabled":false,"date":"2026-04-16 12:43:27","action":"change-status","newStatus":"draft","terms":[],"taxonomy":"category","extraData":[]},"publishpress_future_workflow_manual_trigger":{"enabledWorkflows":[]},"_links":{"self":[{"href":"https:\/\/www.esmuc.cat\/es\/wp-json\/wp\/v2\/pages\/35016","targetHints":{"allow":["GET"]}}],"collection":[{"href":"https:\/\/www.esmuc.cat\/es\/wp-json\/wp\/v2\/pages"}],"about":[{"href":"https:\/\/www.esmuc.cat\/es\/wp-json\/wp\/v2\/types\/page"}],"author":[{"embeddable":true,"href":"https:\/\/www.esmuc.cat\/es\/wp-json\/wp\/v2\/users\/4"}],"replies":[{"embeddable":true,"href":"https:\/\/www.esmuc.cat\/es\/wp-json\/wp\/v2\/comments?post=35016"}],"version-history":[{"count":18,"href":"https:\/\/www.esmuc.cat\/es\/wp-json\/wp\/v2\/pages\/35016\/revisions"}],"predecessor-version":[{"id":115699,"href":"https:\/\/www.esmuc.cat\/es\/wp-json\/wp\/v2\/pages\/35016\/revisions\/115699"}],"up":[{"embeddable":true,"href":"https:\/\/www.esmuc.cat\/es\/wp-json\/wp\/v2\/pages\/35015"}],"wp:attachment":[{"href":"https:\/\/www.esmuc.cat\/es\/wp-json\/wp\/v2\/media?parent=35016"}],"wp:term":[{"taxonomy":"category","embeddable":true,"href":"https:\/\/www.esmuc.cat\/es\/wp-json\/wp\/v2\/categories?post=35016"},{"taxonomy":"post_tag","embeddable":true,"href":"https:\/\/www.esmuc.cat\/es\/wp-json\/wp\/v2\/tags?post=35016"}],"curies":[{"name":"wp","href":"https:\/\/api.w.org\/{rel}","templated":true}]}}