{"id":35015,"date":"2021-02-04T13:46:17","date_gmt":"2021-02-04T12:46:17","guid":{"rendered":"https:\/\/www.esmuc.cat\/portal-de-transparencia\/"},"modified":"2025-08-25T10:01:17","modified_gmt":"2025-08-25T08:01:17","slug":"portal-de-transparencia","status":"publish","type":"page","link":"https:\/\/www.esmuc.cat\/es\/escuela\/portal-de-transparencia\/","title":{"rendered":"Portal de transparencia"},"content":{"rendered":"\n<div class=\"wp-block-columns is-layout-flex wp-container-core-columns-is-layout-9d6595d7 wp-block-columns-is-layout-flex\">\n<div class=\"wp-block-column esmuc__Menu_Masters is-layout-flow wp-block-column-is-layout-flow\" style=\"flex-basis:33.33%\">\n\n\n\n\n<p><\/p>\n<\/div>\n\n\n\n<div class=\"wp-block-column is-layout-flow wp-block-column-is-layout-flow\" style=\"flex-basis:66.66%\"><div class=\"breadcrumbs align  wp-block-bcn-breadcrumb-trail has-text-color has-background\" vocab=\"https:\/\/schema.org\/\" typeof=\"BreadcrumbList\">\n\t<span><\/span>\n\t<span property=\"itemListElement\" typeof=\"ListItem\"><a property=\"item\" typeof=\"WebPage\" title=\"Ir a ESMUC.\" href=\"https:\/\/www.esmuc.cat\/es\/\" class=\"home\" ><span property=\"name\">ESMUC<\/span><\/a><meta property=\"position\" content=\"1\"><\/span> &gt; <span property=\"itemListElement\" typeof=\"ListItem\"><a property=\"item\" typeof=\"WebPage\" title=\"Ir a Escuela.\" href=\"https:\/\/www.esmuc.cat\/es\/escuela\/\" class=\"post post-page\" ><span property=\"name\">Escuela<\/span><\/a><meta property=\"position\" content=\"2\"><\/span> &gt; <span property=\"itemListElement\" typeof=\"ListItem\"><span property=\"name\" class=\"post post-page current-item\">Portal de transparencia<\/span><meta property=\"url\" content=\"https:\/\/www.esmuc.cat\/es\/escuela\/portal-de-transparencia\/\"><meta property=\"position\" content=\"3\"><\/span><\/div>\n\n\n\n<div style=\"height:10px\" aria-hidden=\"true\" class=\"wp-block-spacer\"><\/div>\n\n\n\n<h1 class=\"wp-block-heading\" id=\"portal-de-transparencia\">Portal de transparencia<\/h1>\n\n\n\n<div style=\"height:10px\" aria-hidden=\"true\" class=\"wp-block-spacer\"><\/div>\n\n\n\n<div id=\"section-g572133\" class=\"wp-block-gutentor-e0 section-g572133 gutentor-element gutentor-element-advanced-text\"><div class=\"gutentor-text-wrap\"><p class=\"gutentor-text\">En esta secci\u00f3n, la Escola Superior de M\u00fasica de Catalunya (ESMUC) facilita informaciones y datos requeridos por la <a href=\"http:\/\/portaldogc.gencat.cat\/utilsEADOP\/PDF\/6780\/1395384.pdf\">Ley de transparencia, acceso a la informaci\u00f3n p\u00fablica y buen gobierno 19\/2014 de 29 de diciembre<\/a>, con el fin de que la sociedad conozca los recursos de los que dispone la Escuela y su uso.<\/p><\/div><\/div>\n\n\n\n<div style=\"height:10px\" aria-hidden=\"true\" class=\"wp-block-spacer\"><\/div>\n\n\n\n<section id=\"0e3192\" class=\"section-0e3192 gutentor-module gutentor-module-accordion\"><div class=\"grid-container\">\n<div id=\"72263f\" class=\"wp-block-gutentor-m6-item section-72263f gutentor-module gutentor-module-accordion-item\"><div class=\"gutentor-module-accordion-panel g-a-panel-0e3192\"><div class=\"gm-ah-0e3192 gutentor-module-accordion-item-heading gutentor-module-icon-position-right\"><span class=\"gutentor-module-accordion-panel-handler\" role=\"button\"><span class=\"gutentor-module-accordion-panel-handler-label\">Marco normativo<\/span><span class=\"gutentor-module-accordion-icon\"><i class=\"gm-aio-0e3192 gutentor-module-accordion-icon-open fas fa-plus\"><\/i><i class=\"gm-aic-0e3192 gutentor-module-accordion-icon-close fas fa-minus\"><\/i><\/span><\/span><\/div><div class=\"gm-ab-0e3192 gutentor-module-accordion-body\">\n<div id=\"section-g1422a6\" class=\"wp-block-gutentor-e0 section-g1422a6 gutentor-element gutentor-element-advanced-text\"><div class=\"gutentor-text-wrap\"><p class=\"gutentor-text\">La ESMUC nace de un acuerdo de gobierno de la Generalitat de Catalunya del 10 de octubre de 2000. En 2001 se encomienda su gesti\u00f3n a la <em>Fundaci\u00f3 Escola Superior de M\u00fasica de Catalunya <\/em>(DOGC 3530 de diciembre de 2001) y la escuela abre sus puertas implantando el Plan de Estudios Superiores de M\u00fasica, DECRETO 63 \/2001, de 20 de febrero. <br><br>El curso 2010-2011 se pone en marcha el nuevo plan de estudios en el marco de la nueva ordenaci\u00f3n de las ense\u00f1anzas art\u00edsticas y su inserci\u00f3n en el Espacio Europeo de la Educaci\u00f3n Superior. El T\u00edtulo Superior de m\u00fasica est\u00e1 regulado por la siguiente legislaci\u00f3n:<\/p><\/div><\/div>\n\n\n\n<div id=\"section-g45ed9b\" class=\"wp-block-gutentor-e7 section-g45ed9b gutentor-element gutentor-element-list\"><ul class=\"grid-row gutentor-grid-item-wrap list-indicator-icon\"><li class=\"gutentor-list-item grid-lg-12 grid-md-12 grid-12\"><span class=\"gutentor-single-item gutentor-single-item-0\"><span class=\"gutentor-list-item-wrap g-s-list-wrap\"><span class=\"gutentor-single-list-item-icon\"><i class=\"list-item-icon fas fa-angle-right\"><\/i><\/span><span class=\"gutentor-list-item\"><p class=\"gutentor-single-item-title\"><a href=\"https:\/\/www.boe.es\/buscar\/pdf\/2006\/BOE-A-2006-7899-consolidado.pdf\" target=\"_blank\" rel=\"noreferrer noopener\">Ley org\u00e1nica 2\/2006<\/a>, de 3 de mayo.<\/p><\/span><\/span><\/span><\/li><li class=\"gutentor-list-item grid-lg-12 grid-md-12 grid-12\"><span class=\"gutentor-single-item gutentor-single-item-1\"><span class=\"gutentor-list-item-wrap g-s-list-wrap\"><span class=\"gutentor-single-list-item-icon\"><i class=\"list-item-icon fas fa-angle-right\"><\/i><\/span><span class=\"gutentor-list-item\"><p class=\"gutentor-single-item-title\"><a href=\"http:\/\/www.boe.es\/boe_catalan\/dias\/2009\/10\/27\/pdfs\/BOE-A-2009-17005-C.pdf\" target=\"_blank\" rel=\"noreferrer noopener\">Real Decreto 1614\/2009, de 26 de octubre<\/a>, que determina las ense\u00f1anzas art\u00edsticas superiores, en sus niveles de t\u00edtulo superior y de master.<\/p><\/span><\/span><\/span><\/li><li class=\"gutentor-list-item grid-lg-12 grid-md-12 grid-12\"><span class=\"gutentor-single-item gutentor-single-item-2\"><span class=\"gutentor-list-item-wrap g-s-list-wrap\"><span class=\"gutentor-single-list-item-icon\"><i class=\"list-item-icon fas fa-angle-right\"><\/i><\/span><span class=\"gutentor-list-item\"><p class=\"gutentor-single-item-title\"><a href=\"http:\/\/www.boe.es\/boe\/dias\/2010\/06\/05\/pdfs\/BOE-A-2010-8955.pdf\" target=\"_blank\" rel=\"noreferrer noopener\">Real Decreto 631\/2010, de 14 de mayo<\/a>, que regula el contenido b\u00e1sico del Grado en m\u00fasica, y establece sus especialidades.<\/p><\/span><\/span><\/span><\/li><\/ul><\/div>\n<\/div><\/div><\/div>\n\n\n\n<div id=\"9abd18\" class=\"wp-block-gutentor-m6-item section-9abd18 gutentor-module gutentor-module-accordion-item\"><div class=\"gutentor-module-accordion-panel g-a-panel-0e3192\"><div class=\"gm-ah-0e3192 gutentor-module-accordion-item-heading gutentor-module-icon-position-right\"><span class=\"gutentor-module-accordion-panel-handler\" role=\"button\"><span class=\"gutentor-module-accordion-panel-handler-label\">Cat\u00e1logo de servicios<\/span><span class=\"gutentor-module-accordion-icon\"><i class=\"gm-aio-0e3192 gutentor-module-accordion-icon-open fas fa-plus\"><\/i><i class=\"gm-aic-0e3192 gutentor-module-accordion-icon-close fas fa-minus\"><\/i><\/span><\/span><\/div><div class=\"gm-ab-0e3192 gutentor-module-accordion-body\">\n<div id=\"section-ge3b6a7\" class=\"wp-block-gutentor-e0 section-ge3b6a7 gutentor-element gutentor-element-advanced-text\"><div class=\"gutentor-text-wrap\"><p class=\"gutentor-text\">La ESMUC es un centro p\u00fablico de educaci\u00f3n superior de m\u00fasica adscrito al Departamento de la Generalitat de Catalunya titular de la competencia en materia de Educaci\u00f3n, de acuerdo con el marco jur\u00eddico vigente en cuanto a los requisitos, la ordenaci\u00f3n curricular y el sistema de acceso.<br><br><strong>El objeto y finalidades principales de la ESMUC son:<\/strong><br><br>a) La organizaci\u00f3n y la docencia de las ense\u00f1anzas de grado superior de m\u00fasica. <br>b) La organizaci\u00f3n y la docencia de posgrados y m\u00e1steres relativos a sus \u00e1reas de conocimiento y especializaci\u00f3n. <br>c) La organizaci\u00f3n de otros cursos y actividades en su \u00e1mbito de competencia. <br>d) La investigaci\u00f3n en el campo de la m\u00fasica y la cultura musical. <br>e) Elaborar propuestas de creaci\u00f3n, modificaci\u00f3n o supresi\u00f3n de planes de estudios y de investigaci\u00f3n.<br>&nbsp;<br><strong>En relaci\u00f3n a la docencia:<\/strong><br><br>a) La organizaci\u00f3n, desarrollo y evaluaci\u00f3n de las actividades docentes de sus \u00e1reas de conocimiento. <br>b) La coordinaci\u00f3n y supervisi\u00f3n de la actividad docente de los departamentos, velando por el cumplimiento de la programaci\u00f3n y su calidad. <br>c) Contribuci\u00f3n a la mejora del sistema de educaci\u00f3n art\u00edstica y musical. <br>d) La promoci\u00f3n de actividades de formaci\u00f3n permanente y sensibilizaci\u00f3n musical.<br>&nbsp;<br><strong>En relaci\u00f3n a la administraci\u00f3n:<\/strong><br><br>a)&nbsp;La administraci\u00f3n responsable y eficiente de su equipamiento, de los servicios y de los recursos. b)&nbsp;La gesti\u00f3n administrativa de la actividad acad\u00e9mica del alumnado con respecto al derecho a la privacidad de los datos.<br><br><strong>En relaci\u00f3n a la comunidad educativa:<\/strong><br><br>a)&nbsp;La asistencia integral al alumnado desde su acceso hasta el final de sus estudios. <br>b)&nbsp;La promoci\u00f3n de la movilidad y el intercambio del alumnado a trav\u00e9s de los programas de cooperaci\u00f3n de la Uni\u00f3n Europea y otros convenios internacionales. <br>c)&nbsp;La colaboraci\u00f3n en la inserci\u00f3n de las personas tituladas en el mercado laboral. <br>d)&nbsp;La promoci\u00f3n de la formaci\u00f3n permanente y actualizaci\u00f3n de conocimientos del profesorado. <br>e) La promoci\u00f3n de la inserci\u00f3n efectiva del personal docente e investigador en la comunidad cient\u00edfica musical internacional. <br>f) El fomento del libre asociacionismo de cualquiera de los estamentos de la escuela.<br><br><strong>En relaci\u00f3n a la sociedad:<\/strong><br><br>a) La contribuci\u00f3n a la difusi\u00f3n de la cultura musical y de la creaci\u00f3n musical catalana. <br>b)&nbsp;La cooperaci\u00f3n con las instituciones p\u00fablicas y privadas, asociaciones y fundaciones que coincidan con sus objetivos. <br>c)&nbsp;La facilitaci\u00f3n del acceso a sus estudios y actividades de cualquier persona con independencia de sus condiciones, especialmente las que pertenecen al segmento m\u00e1s vulnerable o desfavorecido.<\/p><\/div><\/div>\n<\/div><\/div><\/div>\n\n\n\n<div id=\"3051c9\" class=\"wp-block-gutentor-m6-item section-3051c9 gutentor-module gutentor-module-accordion-item\"><div class=\"gutentor-module-accordion-panel g-a-panel-0e3192\"><div class=\"gm-ah-0e3192 gutentor-module-accordion-item-heading gutentor-module-icon-position-right\"><span class=\"gutentor-module-accordion-panel-handler\" role=\"button\"><span class=\"gutentor-module-accordion-panel-handler-label\">Valores y principios<\/span><span class=\"gutentor-module-accordion-icon\"><i class=\"gm-aio-0e3192 gutentor-module-accordion-icon-open fas fa-plus\"><\/i><i class=\"gm-aic-0e3192 gutentor-module-accordion-icon-close fas fa-minus\"><\/i><\/span><\/span><\/div><div class=\"gm-ab-0e3192 gutentor-module-accordion-body\">\n<div id=\"section-gd6c7a4\" class=\"wp-block-gutentor-e0 section-gd6c7a4 gutentor-element gutentor-element-advanced-text\"><div class=\"gutentor-text-wrap\"><p class=\"gutentor-text\">Todos los programas, servicios y actuaciones de la Escuela tendr\u00e1n en cuenta los siguientes valores y principios:<\/p><\/div><\/div>\n\n\n\n<div id=\"section-g756afb\" class=\"wp-block-gutentor-e7 section-g756afb gutentor-element gutentor-element-list\"><ul class=\"grid-row gutentor-grid-item-wrap list-indicator-icon\"><li class=\"gutentor-list-item grid-lg-12 grid-md-12 grid-12\"><span class=\"gutentor-single-item gutentor-single-item-0\"><span class=\"gutentor-list-item-wrap g-s-list-wrap\"><span class=\"gutentor-single-list-item-icon\"><i class=\"list-item-icon fas fa-angle-right\"><\/i><\/span><span class=\"gutentor-list-item\"><p class=\"gutentor-single-item-title\">La responsabilidad social y corporativa<\/p><\/span><\/span><\/span><\/li><li class=\"gutentor-list-item grid-lg-12 grid-md-12 grid-12\"><span class=\"gutentor-single-item gutentor-single-item-1\"><span class=\"gutentor-list-item-wrap g-s-list-wrap\"><span class=\"gutentor-single-list-item-icon\"><i class=\"list-item-icon fas fa-angle-right\"><\/i><\/span><span class=\"gutentor-list-item\"><p class=\"gutentor-single-item-title\"><a href=\"https:\/\/www.esmuc.cat\/es\/portal-de-transparencia\/igualtat\/\">La igualdad de g\u00e9nero<\/a><\/p><\/span><\/span><\/span><\/li><li class=\"gutentor-list-item grid-lg-12 grid-md-12 grid-12\"><span class=\"gutentor-single-item gutentor-single-item-2\"><span class=\"gutentor-list-item-wrap g-s-list-wrap\"><span class=\"gutentor-single-list-item-icon\"><i class=\"list-item-icon fas fa-angle-right\"><\/i><\/span><span class=\"gutentor-list-item\"><p class=\"gutentor-single-item-title\">La igualdad de acceso<\/p><\/span><\/span><\/span><\/li><li class=\"gutentor-list-item grid-lg-12 grid-md-12 grid-12\"><span class=\"gutentor-single-item gutentor-single-item-3\"><span class=\"gutentor-list-item-wrap g-s-list-wrap\"><span class=\"gutentor-single-list-item-icon\"><i class=\"list-item-icon fas fa-angle-right\"><\/i><\/span><span class=\"gutentor-list-item\"><p class=\"gutentor-single-item-title\">La b\u00fasqueda de la inserci\u00f3n profesional de los alumni<\/p><\/span><\/span><\/span><\/li><li class=\"gutentor-list-item grid-lg-12 grid-md-12 grid-12\"><span class=\"gutentor-single-item gutentor-single-item-4\"><span class=\"gutentor-list-item-wrap g-s-list-wrap\"><span class=\"gutentor-single-list-item-icon\"><i class=\"list-item-icon fas fa-angle-right\"><\/i><\/span><span class=\"gutentor-list-item\"><p class=\"gutentor-single-item-title\">La transparencia en la gesti\u00f3n<\/p><\/span><\/span><\/span><\/li><li class=\"gutentor-list-item grid-lg-12 grid-md-12 grid-12\"><span class=\"gutentor-single-item gutentor-single-item-5\"><span class=\"gutentor-list-item-wrap g-s-list-wrap\"><span class=\"gutentor-single-list-item-icon\"><i class=\"list-item-icon fas fa-angle-right\"><\/i><\/span><span class=\"gutentor-list-item\"><p class=\"gutentor-single-item-title\">El apoyo al sistema de educaci\u00f3n art\u00edstica y musical<\/p><\/span><\/span><\/span><\/li><li class=\"gutentor-list-item grid-lg-12 grid-md-12 grid-12\"><span class=\"gutentor-single-item gutentor-single-item-6\"><span class=\"gutentor-list-item-wrap g-s-list-wrap\"><span class=\"gutentor-single-list-item-icon\"><i class=\"list-item-icon fas fa-angle-right\"><\/i><\/span><span class=\"gutentor-list-item\"><p class=\"gutentor-single-item-title\">El consumo responsable y la sostenibilidad<\/p><\/span><\/span><\/span><\/li><li class=\"gutentor-list-item grid-lg-12 grid-md-12 grid-12\"><span class=\"gutentor-single-item gutentor-single-item-7\"><span class=\"gutentor-list-item-wrap g-s-list-wrap\"><span class=\"gutentor-single-list-item-icon\"><i class=\"list-item-icon fas fa-angle-right\"><\/i><\/span><span class=\"gutentor-list-item\"><p class=\"gutentor-single-item-title\">La evaluaci\u00f3n como motor de mejora continua<\/p><\/span><\/span><\/span><\/li><\/ul><\/div>\n<\/div><\/div><\/div>\n\n\n\n<div id=\"e8e4f3\" class=\"wp-block-gutentor-m6-item section-e8e4f3 gutentor-module gutentor-module-accordion-item\"><div class=\"gutentor-module-accordion-panel g-a-panel-0e3192\"><div class=\"gm-ah-0e3192 gutentor-module-accordion-item-heading gutentor-module-icon-position-right\"><span class=\"gutentor-module-accordion-panel-handler\" role=\"button\"><span class=\"gutentor-module-accordion-panel-handler-label\">Organizaci\u00f3n<\/span><span class=\"gutentor-module-accordion-icon\"><i class=\"gm-aio-0e3192 gutentor-module-accordion-icon-open fas fa-plus\"><\/i><i class=\"gm-aic-0e3192 gutentor-module-accordion-icon-close fas fa-minus\"><\/i><\/span><\/span><\/div><div class=\"gm-ab-0e3192 gutentor-module-accordion-body\">\n<div id=\"section-g50299a\" class=\"wp-block-gutentor-e0 section-g50299a gutentor-element gutentor-element-advanced-text\"><div class=\"gutentor-text-wrap\"><p class=\"gutentor-text\">La ESMUC se rige por los siguientes \u00f3rganos: la Fundaci\u00f3n, los \u00f3rganos colegiados de \u00e1mbito general y los \u00f3rganos colegiados de \u00e1mbito particular.<br><br>Para obtener m\u00e1s informaci\u00f3n sobre los \u00f3rganos de gobierno y participaci\u00f3n, la estructura organizativa y el personal de la ESMUC, puede acceder a la secci\u00f3n <a href=\"https:\/\/www.esmuc.cat\/es\/escuela\/sobre-lesmuc\/organitzacio\/\">Organizaci\u00f3n<\/a>.<\/p><\/div><\/div>\n<\/div><\/div><\/div>\n\n\n\n<div id=\"618cb8\" class=\"wp-block-gutentor-m6-item section-618cb8 gutentor-module gutentor-module-accordion-item\"><div class=\"gutentor-module-accordion-panel g-a-panel-0e3192\"><div class=\"gm-ah-0e3192 gutentor-module-accordion-item-heading gutentor-module-icon-position-right\"><span class=\"gutentor-module-accordion-panel-handler\" role=\"button\"><span class=\"gutentor-module-accordion-panel-handler-label\">C\u00f3digo \u00e9tico de la Fundaci\u00f3n<\/span><span class=\"gutentor-module-accordion-icon\"><i class=\"gm-aio-0e3192 gutentor-module-accordion-icon-open fas fa-plus\"><\/i><i class=\"gm-aic-0e3192 gutentor-module-accordion-icon-close fas fa-minus\"><\/i><\/span><\/span><\/div><div class=\"gm-ab-0e3192 gutentor-module-accordion-body\">\n<div id=\"section-g1275c6\" class=\"wp-block-gutentor-e0 section-g1275c6 gutentor-element gutentor-element-advanced-text\"><div class=\"gutentor-text-wrap\"><p class=\"gutentor-text\">El C\u00f3digo \u00c9tico de la ESMUC pretende prescribir el comportamiento exigible a las personas vinculadas de cualquier modo a la Fundaci\u00f3n m\u00e1s all\u00e1 de las previsiones legales obligatorias, los propios Estatutos, el Reglamento o el Convenio colectivo vigente.<\/p><\/div><\/div>\n\n\n\n<div id=\"section-gdf88d7\" class=\"wp-block-gutentor-e7 section-gdf88d7 gutentor-element gutentor-element-list\"><ul class=\"grid-row gutentor-grid-item-wrap list-indicator-icon\"><li class=\"gutentor-list-item grid-lg-12 grid-md-12 grid-12\"><span class=\"gutentor-single-item gutentor-single-item-0\"><span class=\"gutentor-list-item-wrap g-s-list-wrap\"><span class=\"gutentor-single-list-item-icon\"><i class=\"list-item-icon fas fa-arrow-right\"><\/i><\/span><span class=\"gutentor-list-item\"><p class=\"gutentor-single-item-title\"><a href=\"https:\/\/www.esmuc.cat\/wp-content\/uploads\/2022\/05\/CODI-ETIC-DE-LA-FUNDACIO-ESCOLA-SUPERIOR-DE-MUSICA-DE-CATALUNYA.pdf\" target=\"_blank\" rel=\"noreferrer noopener\">Codi \u00c8tic de la Fundaci\u00f3 Escola Superior de M\u00fasica de Catalunya<\/a> (.pdf \/ CAT)<\/p><\/span><\/span><\/span><\/li><\/ul><\/div>\n<\/div><\/div><\/div>\n<\/div><\/section>\n<\/div>\n<\/div>\n\n\n\n<p><\/p>\n","protected":false},"excerpt":{"rendered":"<p>Portal de transparencia<\/p>\n","protected":false},"author":5,"featured_media":0,"parent":91007,"menu_order":0,"comment_status":"closed","ping_status":"closed","template":"","meta":{"_acf_changed":false,"_themeisle_gutenberg_block_has_review":false,"footnotes":""},"categories":[1098],"tags":[],"class_list":["post-35015","page","type-page","status-publish","hentry","category-portal-de-la-transparencia"],"acf":[],"publishpress_future_action":{"enabled":false,"date":"2026-04-25 08:45:09","action":"change-status","newStatus":"draft","terms":[],"taxonomy":"category","extraData":[]},"publishpress_future_workflow_manual_trigger":{"enabledWorkflows":[]},"_links":{"self":[{"href":"https:\/\/www.esmuc.cat\/es\/wp-json\/wp\/v2\/pages\/35015","targetHints":{"allow":["GET"]}}],"collection":[{"href":"https:\/\/www.esmuc.cat\/es\/wp-json\/wp\/v2\/pages"}],"about":[{"href":"https:\/\/www.esmuc.cat\/es\/wp-json\/wp\/v2\/types\/page"}],"author":[{"embeddable":true,"href":"https:\/\/www.esmuc.cat\/es\/wp-json\/wp\/v2\/users\/5"}],"replies":[{"embeddable":true,"href":"https:\/\/www.esmuc.cat\/es\/wp-json\/wp\/v2\/comments?post=35015"}],"version-history":[{"count":11,"href":"https:\/\/www.esmuc.cat\/es\/wp-json\/wp\/v2\/pages\/35015\/revisions"}],"predecessor-version":[{"id":111375,"href":"https:\/\/www.esmuc.cat\/es\/wp-json\/wp\/v2\/pages\/35015\/revisions\/111375"}],"up":[{"embeddable":true,"href":"https:\/\/www.esmuc.cat\/es\/wp-json\/wp\/v2\/pages\/91007"}],"wp:attachment":[{"href":"https:\/\/www.esmuc.cat\/es\/wp-json\/wp\/v2\/media?parent=35015"}],"wp:term":[{"taxonomy":"category","embeddable":true,"href":"https:\/\/www.esmuc.cat\/es\/wp-json\/wp\/v2\/categories?post=35015"},{"taxonomy":"post_tag","embeddable":true,"href":"https:\/\/www.esmuc.cat\/es\/wp-json\/wp\/v2\/tags?post=35015"}],"curies":[{"name":"wp","href":"https:\/\/api.w.org\/{rel}","templated":true}]}}