{"id":34938,"date":"2021-07-06T13:52:14","date_gmt":"2021-07-06T11:52:14","guid":{"rendered":"https:\/\/www.esmuc.cat\/masters-i-postgraus\/master-oficial-dinterpretacio-de-la-musica-classica-i-contemporania\/pla-destudis-orgue\/"},"modified":"2024-03-07T13:18:17","modified_gmt":"2024-03-07T12:18:17","slug":"pla-destudis-orgue","status":"publish","type":"page","link":"https:\/\/www.esmuc.cat\/es\/estudios\/masters-i-postgraus\/master-oficial-dinterpretacio-de-la-musica-classica-i-contemporania\/pla-destudis-orgue\/","title":{"rendered":"Plan de estudios: \u00d3rgano"},"content":{"rendered":"\n<div class=\"wp-block-columns is-layout-flex wp-container-core-columns-is-layout-9d6595d7 wp-block-columns-is-layout-flex\">\n<div class=\"wp-block-column esmuc__Menu_Masters d-none d-lg-block is-layout-flow wp-block-column-is-layout-flow\" style=\"flex-basis:33.33%\">\n<div style=\"height:40px\" aria-hidden=\"true\" class=\"wp-block-spacer\"><\/div>\n\n\n\n\n<\/div>\n\n\n\n<div class=\"wp-block-column is-layout-flow wp-block-column-is-layout-flow\" style=\"flex-basis:66.66%\"><div class=\"breadcrumbs align  wp-block-bcn-breadcrumb-trail has-text-color has-background\" vocab=\"https:\/\/schema.org\/\" typeof=\"BreadcrumbList\">\n\t<span><\/span>\n\t<span property=\"itemListElement\" typeof=\"ListItem\"><a property=\"item\" typeof=\"WebPage\" title=\"Ir a ESMUC.\" href=\"https:\/\/www.esmuc.cat\/es\/\" class=\"home\" ><span property=\"name\">ESMUC<\/span><\/a><meta property=\"position\" content=\"1\"><\/span> &gt; <span property=\"itemListElement\" typeof=\"ListItem\"><a property=\"item\" typeof=\"WebPage\" title=\"Ir a Estudios.\" href=\"https:\/\/www.esmuc.cat\/es\/estudios\/\" class=\"post post-page\" ><span property=\"name\">Estudios<\/span><\/a><meta property=\"position\" content=\"2\"><\/span> &gt; <span property=\"itemListElement\" typeof=\"ListItem\"><a property=\"item\" typeof=\"WebPage\" title=\"Ir a M\u00e1steres y posgrados.\" href=\"https:\/\/www.esmuc.cat\/es\/estudios\/masters-i-postgraus\/\" class=\"post post-page\" ><span property=\"name\">M\u00e1steres y posgrados<\/span><\/a><meta property=\"position\" content=\"3\"><\/span> &gt; <span property=\"itemListElement\" typeof=\"ListItem\"><a property=\"item\" typeof=\"WebPage\" title=\"Ir a M\u00e1ster oficial de interpretaci\u00f3n de la m\u00fasica cl\u00e1sica y contempor\u00e1nea.\" href=\"https:\/\/www.esmuc.cat\/es\/estudios\/masters-i-postgraus\/master-oficial-dinterpretacio-de-la-musica-classica-i-contemporania\/\" class=\"post post-page\" ><span property=\"name\">M\u00e1ster oficial de interpretaci\u00f3n de la m\u00fasica cl\u00e1sica y contempor\u00e1nea<\/span><\/a><meta property=\"position\" content=\"4\"><\/span> &gt; <span property=\"itemListElement\" typeof=\"ListItem\"><span property=\"name\" class=\"post post-page current-item\">Plan de estudios: \u00d3rgano<\/span><meta property=\"url\" content=\"https:\/\/www.esmuc.cat\/es\/estudios\/masters-i-postgraus\/master-oficial-dinterpretacio-de-la-musica-classica-i-contemporania\/pla-destudis-orgue\/\"><meta property=\"position\" content=\"5\"><\/span><\/div>\n\n\n\n<h1 class=\"wp-block-heading\">Plan de estudios: \u00d3rgano<\/h1>\n\n\n\n<table id=\"tablepress-562\" class=\"tablepress tablepress-id-562\">\n<thead>\n<tr class=\"row-1\">\n\t<th class=\"column-1\">  Tipo de materia<br \/>\n  <\/th><th class=\"column-2\">  ECTS<br \/>\n  <\/th>\n<\/tr>\n<\/thead>\n<tbody class=\"row-striping row-hover\">\n<tr class=\"row-2\">\n\t<td class=\"column-1\">  Obligatoria comuna<br \/>\n  <\/td><td class=\"column-2\">  20<br \/>\n  <\/td>\n<\/tr>\n<tr class=\"row-3\">\n\t<td class=\"column-1\">  Obligatoria de especialidad<br \/>\n  <\/td><td class=\"column-2\">  6<br \/>\n  <\/td>\n<\/tr>\n<tr class=\"row-4\">\n\t<td class=\"column-1\">Optativa de especialidad <\/td><td class=\"column-2\">  12 o 18<br \/>\n  <\/td>\n<\/tr>\n<tr class=\"row-5\">\n\t<td class=\"column-1\">  Optativa<br \/>\n  <\/td><td class=\"column-2\">  6 o 0<br \/>\n  <\/td>\n<\/tr>\n<tr class=\"row-6\">\n\t<td class=\"column-1\">Trabajo\/concierto fin de m\u00e1ster<\/td><td class=\"column-2\">16  <\/td>\n<\/tr>\n<\/tbody>\n<tfoot>\n<tr class=\"row-7\">\n\t<th class=\"column-1\">Cr\u00e9ditos totales<\/th><th class=\"column-2\">  60<br \/>\n  <\/th>\n<\/tr>\n<\/tfoot>\n<\/table>\n\n\n\n\n<div class=\"wp-block-columns is-layout-flex wp-container-core-columns-is-layout-9d6595d7 wp-block-columns-is-layout-flex\">\n<div class=\"wp-block-column is-layout-flow wp-block-column-is-layout-flow\">\n<table id=\"tablepress-567\" class=\"tablepress tablepress-id-567 tbody-has-connected-cells\">\n<thead>\n<tr class=\"row-1\">\n\t<th class=\"column-1\">Materias  <\/th><th class=\"column-2\"> Asignaturas<br \/>\n  <\/th><th class=\"column-3\">  ECTS<br \/>\n  <\/th><th class=\"column-4\">Cuatr.<\/th>\n<\/tr>\n<\/thead>\n<tbody class=\"row-striping row-hover\">\n<tr class=\"row-2\">\n\t<td colspan=\"3\" class=\"column-1\"><center>Obligatorias comunes<\/center><\/td><td class=\"column-4\"><\/td>\n<\/tr>\n<tr class=\"row-3\">\n\t<td rowspan=\"2\" class=\"column-1\">Interpretaci\u00f3n avanzada  <\/td><td class=\"column-2\">Interpretaci\u00f3n instrumental I<br \/>\n  <\/td><td class=\"column-3\">  10<br \/>\n  <\/td><td class=\"column-4\">1<\/td>\n<\/tr>\n<tr class=\"row-4\">\n\t<td class=\"column-2\">Interpretaci\u00f3n instrumental II<br \/>\n  <\/td><td class=\"column-3\">10<br \/>\n  <\/td><td class=\"column-4\">2<\/td>\n<\/tr>\n<tr class=\"row-5\">\n\t<td rowspan=\"3\" class=\"column-1\">Trabajo\/concierto fin de m\u00e1ster  <\/td><td class=\"column-2\">Recursos documentales por la interpretaci\u00f3n y metodolog\u00edas de investigaci\u00f3n  <\/td><td class=\"column-3\">4<\/td><td class=\"column-4\">1<\/td>\n<\/tr>\n<tr class=\"row-6\">\n\t<td class=\"column-2\">Trabajo final<\/td><td class=\"column-3\">6<\/td><td class=\"column-4\">2<\/td>\n<\/tr>\n<tr class=\"row-7\">\n\t<td class=\"column-2\">Concierto final<\/td><td class=\"column-3\">6<\/td><td class=\"column-4\">2<\/td>\n<\/tr>\n<tr class=\"row-8\">\n\t<td colspan=\"3\" class=\"column-1\"><center>Obligatorias de especialidad<\/center><\/td><td class=\"column-4\"><\/td>\n<\/tr>\n<tr class=\"row-9\">\n\t<td class=\"column-1\">Pr\u00e1ctica interpretativa<\/td><td class=\"column-2\">Improvisaci\u00f3n<\/td><td class=\"column-3\">  6<br \/>\n  <\/td><td class=\"column-4\">1-2<\/td>\n<\/tr>\n<tr class=\"row-10\">\n\t<td class=\"column-1\">Formaci\u00f3n musical complementaria  <\/td><td class=\"column-2\">An\u00e1lisis Aplicado a la Interpretaci\u00f3n<\/td><td class=\"column-3\">6<\/td><td class=\"column-4\">1-2<\/td>\n<\/tr>\n<tr class=\"row-11\">\n\t<td colspan=\"3\" class=\"column-1\"><center>Optativas de especialidad<\/center><\/td><td class=\"column-4\"><\/td>\n<\/tr>\n<tr class=\"row-12\">\n\t<td class=\"column-1\">Pr\u00e1ctica interpretativa de conjunto<\/td><td class=\"column-2\">M\u00fasica de C\u00e1mara\/Acompa\u00f1amiento Coral I y II<\/td><td class=\"column-3\">6<\/td><td class=\"column-4\">1-2<\/td>\n<\/tr>\n<tr class=\"row-13\">\n\t<td rowspan=\"2\" class=\"column-1\">Formaci\u00f3n te\u00f3rica complementaria<\/td><td class=\"column-2\">Fundamentos de Organer\u00eda: Historia, Tipolog\u00edas y Mantenimiento del Instrumento<\/td><td class=\"column-3\">  6<br \/>\n  <\/td><td class=\"column-4\"><\/td>\n<\/tr>\n<tr class=\"row-14\">\n\t<td class=\"column-2\">Historia y Evoluci\u00f3n del Repertorio Organ\u00edstico<\/td><td class=\"column-3\">  6<br \/>\n  <\/td><td class=\"column-4\"><\/td>\n<\/tr>\n<tr class=\"row-15\">\n\t<td colspan=\"3\" class=\"column-1\"><center>Optativas (comunes a todas las especialidades)<\/center><\/td><td class=\"column-4\"><\/td>\n<\/tr>\n<tr class=\"row-16\">\n\t<td rowspan=\"3\" class=\"column-1\">Formaci\u00f3n profesional complementaria (escoger 1 asignatura)<\/td><td class=\"column-2\">Aspectos fisiol\u00f3gicos y psicol\u00f3gicos de la pr\u00e1ctica interpretativa  <\/td><td class=\"column-3\">  6<br \/>\n  <\/td><td class=\"column-4\">2<\/td>\n<\/tr>\n<tr class=\"row-17\">\n\t<td class=\"column-2\">Promoci\u00f3n profesional<\/td><td class=\"column-3\">6<br \/>\n  <\/td><td class=\"column-4\">1<\/td>\n<\/tr>\n<tr class=\"row-18\">\n\t<td class=\"column-2\">Fundamentos did\u00e1cticos del instrumento en el grado superior <\/td><td class=\"column-3\">6<br \/>\n  <\/td><td class=\"column-4\">2<\/td>\n<\/tr>\n<\/tbody>\n<\/table>\n\n<\/div>\n<\/div>\n<\/div>\n<\/div>\n\n\n\n<p><\/p>\n","protected":false},"excerpt":{"rendered":"<p>Plan de estudios: \u00d3rgano<\/p>\n","protected":false},"author":4,"featured_media":0,"parent":28125,"menu_order":0,"comment_status":"closed","ping_status":"closed","template":"","meta":{"_acf_changed":false,"_themeisle_gutenberg_block_has_review":false,"footnotes":""},"categories":[1008],"tags":[],"class_list":["post-34938","page","type-page","status-publish","hentry","category-masters-oficiales"],"acf":[],"publishpress_future_action":{"enabled":false,"date":"2026-04-11 10:59:43","action":"change-status","newStatus":"draft","terms":[],"taxonomy":"category","extraData":[]},"publishpress_future_workflow_manual_trigger":{"enabledWorkflows":[]},"_links":{"self":[{"href":"https:\/\/www.esmuc.cat\/es\/wp-json\/wp\/v2\/pages\/34938","targetHints":{"allow":["GET"]}}],"collection":[{"href":"https:\/\/www.esmuc.cat\/es\/wp-json\/wp\/v2\/pages"}],"about":[{"href":"https:\/\/www.esmuc.cat\/es\/wp-json\/wp\/v2\/types\/page"}],"author":[{"embeddable":true,"href":"https:\/\/www.esmuc.cat\/es\/wp-json\/wp\/v2\/users\/4"}],"replies":[{"embeddable":true,"href":"https:\/\/www.esmuc.cat\/es\/wp-json\/wp\/v2\/comments?post=34938"}],"version-history":[{"count":4,"href":"https:\/\/www.esmuc.cat\/es\/wp-json\/wp\/v2\/pages\/34938\/revisions"}],"predecessor-version":[{"id":92785,"href":"https:\/\/www.esmuc.cat\/es\/wp-json\/wp\/v2\/pages\/34938\/revisions\/92785"}],"up":[{"embeddable":true,"href":"https:\/\/www.esmuc.cat\/es\/wp-json\/wp\/v2\/pages\/28125"}],"wp:attachment":[{"href":"https:\/\/www.esmuc.cat\/es\/wp-json\/wp\/v2\/media?parent=34938"}],"wp:term":[{"taxonomy":"category","embeddable":true,"href":"https:\/\/www.esmuc.cat\/es\/wp-json\/wp\/v2\/categories?post=34938"},{"taxonomy":"post_tag","embeddable":true,"href":"https:\/\/www.esmuc.cat\/es\/wp-json\/wp\/v2\/tags?post=34938"}],"curies":[{"name":"wp","href":"https:\/\/api.w.org\/{rel}","templated":true}]}}