{"id":34667,"date":"2021-10-22T09:26:31","date_gmt":"2021-10-22T07:26:31","guid":{"rendered":"https:\/\/www.esmuc.cat\/premi-internacional-joan-guinjoan-per-a-joves-compositors\/"},"modified":"2025-09-03T14:29:53","modified_gmt":"2025-09-03T12:29:53","slug":"premi-internacional-joan-guinjoan-per-a-joves-compositors","status":"publish","type":"page","link":"https:\/\/www.esmuc.cat\/es\/actividades\/premis\/premi-internacional-joan-guinjoan-per-a-joves-compositors\/","title":{"rendered":"Premio Internacional Joan Guinjoan para J\u00f3venes Compositores"},"content":{"rendered":"\n<div class=\"wp-block-cover has-parallax\" style=\"min-height:552px;aspect-ratio:unset;\"><div class=\"wp-block-cover__image-background wp-image-86187 has-parallax\" style=\"background-position:50% 50%;background-image:url(https:\/\/www.esmuc.cat\/wp-content\/uploads\/2023\/10\/Light-tracks.jpg)\"><\/div><span aria-hidden=\"true\" class=\"wp-block-cover__background has-background-dim\"><\/span><div class=\"wp-block-cover__inner-container is-layout-flow wp-block-cover-is-layout-flow\">\n<div style=\"height:130px\" aria-hidden=\"true\" class=\"wp-block-spacer\"><\/div>\n\n\n\n<h2 class=\"wp-block-heading has-text-align-center\" style=\"font-size:47px;font-style:normal;font-weight:600\">Premio Internacional Joan Guinjoan para j\u00f3venes compositores<\/h2>\n\n\n\n<div style=\"height:60px\" aria-hidden=\"true\" class=\"wp-block-spacer\"><\/div>\n\n\n\n<p class=\"has-medium-font-size\">El <strong><em>Premi Internacional Joan Guinjoan per a Joves Compositors<\/em><\/strong> se convoca anualmente desde 2002 en honor al compositor&nbsp;catal\u00e1n <strong>Joan Guinjoan<\/strong>.<\/p>\n<\/div><\/div>\n\n\n\n<div style=\"height:50px\" aria-hidden=\"true\" class=\"wp-block-spacer\"><\/div>\n\n\n\n<h3 class=\"wp-block-heading\">Objetivos del premio<\/h3>\n\n\n\n<div id=\"section-ga7175a\" class=\"wp-block-gutentor-e7 section-ga7175a gutentor-element gutentor-element-list\"><ul class=\"grid-row gutentor-grid-item-wrap list-indicator-icon\"><li class=\"gutentor-list-item grid-lg-12 grid-md-12 grid-12\"><span class=\"gutentor-single-item gutentor-single-item-0\"><span class=\"gutentor-list-item-wrap g-s-list-wrap\"><span class=\"gutentor-single-list-item-icon\"><i class=\"list-item-icon fas fa-angle-right\"><\/i><\/span><span class=\"gutentor-list-item\"><p class=\"gutentor-single-item-title\">Estimular y apoyar la creaci\u00f3n actual entre las nuevas generaciones de compositores y compositoras, as\u00ed como facilitar el estreno y divulgaci\u00f3n de las obras galardonadas.<\/p><\/span><\/span><\/span><\/li><li class=\"gutentor-list-item grid-lg-12 grid-md-12 grid-12\"><span class=\"gutentor-single-item gutentor-single-item-1\"><span class=\"gutentor-list-item-wrap g-s-list-wrap\"><span class=\"gutentor-single-list-item-icon\"><i class=\"list-item-icon fas fa-angle-right\"><\/i><\/span><span class=\"gutentor-list-item\"><p class=\"gutentor-single-item-title\">Establecer un marco para la creaci\u00f3n de nuevas obras en diversidad de tendencias, estilos y formaciones instrumentales.<\/p><\/span><\/span><\/span><\/li><li class=\"gutentor-list-item grid-lg-12 grid-md-12 grid-12\"><span class=\"gutentor-single-item gutentor-single-item-2\"><span class=\"gutentor-list-item-wrap g-s-list-wrap\"><span class=\"gutentor-single-list-item-icon\"><i class=\"list-item-icon fas fa-angle-right\"><\/i><\/span><span class=\"gutentor-list-item\"><p class=\"gutentor-single-item-title\">Impulsar a Catalu\u00f1a como promotora de cultura y creaci\u00f3n musicales.<\/p><\/span><\/span><\/span><\/li><\/ul><\/div>\n\n\n\n<section id=\"beccba\" class=\"section-beccba gutentor-module gutentor-module-accordion\"><div class=\"grid-container\">\n<div id=\"1bb4e2\" class=\"wp-block-gutentor-m6-item section-1bb4e2 gutentor-module gutentor-module-accordion-item\"><div class=\"gutentor-module-accordion-panel g-a-panel-beccba\"><div class=\"gm-ah-beccba gutentor-module-accordion-item-heading gutentor-module-icon-position-right\"><span class=\"gutentor-module-accordion-panel-handler\" role=\"button\"><span class=\"gutentor-module-accordion-panel-handler-label\">Bases 2025<\/span><span class=\"gutentor-module-accordion-icon\"><i class=\"gm-aio-beccba gutentor-module-accordion-icon-open fas fa-plus\"><\/i><i class=\"gm-aic-beccba gutentor-module-accordion-icon-close fas fa-minus\"><\/i><\/span><\/span><\/div><div class=\"gm-ab-beccba gutentor-module-accordion-body\">\n<p><strong>XXIV Premio Internacional Joan Guinjoan para J\u00f3venes Compositores<\/strong><\/p>\n\n\n\n<div id=\"section-g8f54a7\" class=\"wp-block-gutentor-e7 section-g8f54a7 gutentor-element gutentor-element-list\"><ul class=\"grid-row gutentor-grid-item-wrap list-indicator-icon\"><li class=\"gutentor-list-item grid-lg-12 grid-md-12 grid-12\"><span class=\"gutentor-single-item gutentor-single-item-0\"><span class=\"gutentor-list-item-wrap g-s-list-wrap\"><span class=\"gutentor-single-list-item-icon\"><i class=\"list-item-icon fas fa-angle-right\"><\/i><\/span><span class=\"gutentor-list-item\"><p class=\"gutentor-single-item-title\">Concurso abierto a compositores y compositoras de todas las nacionalidades y que no superen los 35 a\u00f1os el d\u00eda 31 de diciembre de 2025.<\/p><\/span><\/span><\/span><\/li><li class=\"gutentor-list-item grid-lg-12 grid-md-12 grid-12\"><span class=\"gutentor-single-item gutentor-single-item-1\"><span class=\"gutentor-list-item-wrap g-s-list-wrap\"><span class=\"gutentor-single-list-item-icon\"><i class=\"list-item-icon fas fa-angle-right\"><\/i><\/span><span class=\"gutentor-list-item\"><p class=\"gutentor-single-item-title\">Los ganadores de ediciones anteriores del Premio no pueden presentarse de nuevo.<\/p><\/span><\/span><\/span><\/li><li class=\"gutentor-list-item grid-lg-12 grid-md-12 grid-12\"><span class=\"gutentor-single-item gutentor-single-item-2\"><span class=\"gutentor-list-item-wrap g-s-list-wrap\"><span class=\"gutentor-single-list-item-icon\"><i class=\"list-item-icon fas fa-angle-right\"><\/i><\/span><span class=\"gutentor-list-item\"><p class=\"gutentor-single-item-title\">Cada participante podr\u00e1 optar con un m\u00e1ximo de dos obras, que no pueden haber sido publicadas, estrenadas o encargadas previamente. A estos efectos no se considerar\u00e1n estrenos las interpretaciones realizadas en el contexto docente de conservatorios y escuelas de m\u00fasica, salvo que se hayan retransmitido a trav\u00e9s de medios de comunicaci\u00f3n o difundido por la red en cualquier tipo de canal o formato: YouTube, Soundcloud, etc.<\/p><\/span><\/span><\/span><\/li><li class=\"gutentor-list-item grid-lg-12 grid-md-12 grid-12\"><span class=\"gutentor-single-item gutentor-single-item-3\"><span class=\"gutentor-list-item-wrap g-s-list-wrap\"><span class=\"gutentor-single-list-item-icon\"><i class=\"list-item-icon fas fa-angle-right\"><\/i><\/span><span class=\"gutentor-list-item\"><p class=\"gutentor-single-item-title\">La obra, de factura contempor\u00e1nea, debe tener una duraci\u00f3n de entre diez y quince minutos.<\/p><\/span><\/span><\/span><\/li><li class=\"gutentor-list-item grid-lg-12 grid-md-12 grid-12\"><span class=\"gutentor-single-item gutentor-single-item-4\"><span class=\"gutentor-list-item-wrap g-s-list-wrap\"><span class=\"gutentor-single-list-item-icon\"><i class=\"list-item-icon fas fa-angle-right\"><\/i><\/span><span class=\"gutentor-list-item\"><p class=\"gutentor-single-item-title\">La obra debe ser escrita para una formaci\u00f3n libre de entre seis y quince instrumentos, con o sin medios electr\u00f3nicos, escogidos entre los instrumentos propios de la orquesta, el piano, el acorde\u00f3n, la guitarra, la voz, y los instrumentos propios del jazz \u2013guitarra, bajo y teclados el\u00e9ctricos\u2013, los instrumentos de la copla, y los instrumentos de m\u00fasica antigua que detallamos a continuaci\u00f3n: clavic\u00e9mbalo, flauta de pico, viola de gamba, corneta, sacabucho, fagotes hist\u00f3ricos e instrumentos de cuerda pulsada. Tambi\u00e9n se puede incluir un peque\u00f1o coro a cuatro voces (SATB, 4-4-4-4), que a efectos instrumentales se considerar\u00e1 como cuatro instrumentos distintos. No podr\u00e1 haber m\u00e1s de dos instrumentos iguales a excepci\u00f3n de violines (m\u00e1ximo 10), violas y violonchelos (m\u00e1ximo 4). Por lo que respecta a los instrumentos de percusi\u00f3n se podr\u00e1 contar hasta un m\u00e1ximo de dos ejecutantes.<\/p><\/span><\/span><\/span><\/li><li class=\"gutentor-list-item grid-lg-12 grid-md-12 grid-12\"><span class=\"gutentor-single-item gutentor-single-item-5\"><span class=\"gutentor-list-item-wrap g-s-list-wrap\"><span class=\"gutentor-single-list-item-icon\"><i class=\"list-item-icon fas fa-angle-right\"><\/i><\/span><span class=\"gutentor-list-item\"><p class=\"gutentor-single-item-title\">El compositor deber\u00e1 entregar la partitura general, el bolet\u00edn de inscripci\u00f3n y una copia del DNI o pasaporte en tres archivos PDF diferentes comprimidos en un \u00fanico archivo ZIP o RAR, que har\u00e1 llegar v\u00eda WeTransfer o similar a la direcci\u00f3n premi.guinjoan@esmuc.cat. El compositor tambi\u00e9n se compromete a enviar a las partes en caso de resultar ganador. La partitura s\u00f3lo puede estar identificada con el t\u00edtulo y el seud\u00f3nimo.<\/p><\/span><\/span><\/span><\/li><li class=\"gutentor-list-item grid-lg-12 grid-md-12 grid-12\"><span class=\"gutentor-single-item gutentor-single-item-6\"><span class=\"gutentor-list-item-wrap g-s-list-wrap\"><span class=\"gutentor-single-list-item-icon\"><i class=\"list-item-icon fas fa-angle-right\"><\/i><\/span><span class=\"gutentor-list-item\"><p class=\"gutentor-single-item-title\">La dotaci\u00f3n del premio es de 4.000 \u20ac netos. La obra galardonada ser\u00e1 estrenada por la Escola Superior de M\u00fasica de Catalunya con la posibilidad de ser grabada en audio o v\u00eddeo, editada y difundida en las redes sociales, medios de comunicaci\u00f3n propios y ajenos y\/o en cualquier formato, soporte o plataforma por la misma escuela.<\/p><\/span><\/span><\/span><\/li><li class=\"gutentor-list-item grid-lg-12 grid-md-12 grid-12\"><span class=\"gutentor-single-item gutentor-single-item-7\"><span class=\"gutentor-list-item-wrap g-s-list-wrap\"><span class=\"gutentor-single-list-item-icon\"><i class=\"list-item-icon fas fa-angle-right\"><\/i><\/span><span class=\"gutentor-list-item\"><p class=\"gutentor-single-item-title\">El jurado podr\u00e1 dejar el premio desierto. Adem\u00e1s de la obra ganadora, el jurado podr\u00e1 optar por otorgar menciones honor\u00edficas a otras obras presentadas que considere especialmente relevantes. Las obras merecedoras de esta menci\u00f3n ser\u00e1n estrenadas junto a la obra ganadora.<\/p><\/span><\/span><\/span><\/li><li class=\"gutentor-list-item grid-lg-12 grid-md-12 grid-12\"><span class=\"gutentor-single-item gutentor-single-item-8\"><span class=\"gutentor-list-item-wrap g-s-list-wrap\"><span class=\"gutentor-single-list-item-icon\"><i class=\"list-item-icon fas fa-angle-right\"><\/i><\/span><span class=\"gutentor-list-item\"><p class=\"gutentor-single-item-title\">ESMUC tendr\u00e1 los derechos de edici\u00f3n y difusi\u00f3n de la obra ganadora en partitura, CD, o cualquier otro formato.<\/p><\/span><\/span><\/span><\/li><li class=\"gutentor-list-item grid-lg-12 grid-md-12 grid-12\"><span class=\"gutentor-single-item gutentor-single-item-9\"><span class=\"gutentor-list-item-wrap g-s-list-wrap\"><span class=\"gutentor-single-list-item-icon\"><i class=\"list-item-icon fas fa-angle-right\"><\/i><\/span><span class=\"gutentor-list-item\"><p class=\"gutentor-single-item-title\">En todas las ediciones escritas o sonoras de la obra ganadora deber\u00e1 constar \u201cPremi Joan Guinjoan de l\u2019Escola Superior de M\u00fasica de Catalunya, 2025\u201d.<\/p><\/span><\/span><\/span><\/li><li class=\"gutentor-list-item grid-lg-12 grid-md-12 grid-12\"><span class=\"gutentor-single-item gutentor-single-item-10\"><span class=\"gutentor-list-item-wrap g-s-list-wrap\"><span class=\"gutentor-single-list-item-icon\"><i class=\"list-item-icon fas fa-angle-right\"><\/i><\/span><span class=\"gutentor-list-item\"><p class=\"gutentor-single-item-title\">El jurado estar\u00e1 formado por cinco compositores escogidos desde el Departamento de <a href=\"https:\/\/www.esmuc.cat\/es\/sobre-lesmuc\/departaments\/creacio-i-teoria-musical\/\">Creaci\u00f3n y Teor\u00eda Musical<\/a>. La composici\u00f3n del jurado se dar\u00e1 a conocer una vez hecho p\u00fablico el veredicto. Su decisi\u00f3n ser\u00e1 inapelable. El fallo se har\u00e1 p\u00fablico antes del 9 de enero de 2026.<\/p><\/span><\/span><\/span><\/li><li class=\"gutentor-list-item grid-lg-12 grid-md-12 grid-12\"><span class=\"gutentor-single-item gutentor-single-item-11\"><span class=\"gutentor-list-item-wrap g-s-list-wrap\"><span class=\"gutentor-single-list-item-icon\"><i class=\"list-item-icon fas fa-angle-right\"><\/i><\/span><span class=\"gutentor-list-item\"><p class=\"gutentor-single-item-title\">La fecha l\u00edmite para la presentaci\u00f3n de partituras ser\u00e1 el <strong>1 de diciembre de 2025<\/strong>.<\/p><\/span><\/span><\/span><\/li><li class=\"gutentor-list-item grid-lg-12 grid-md-12 grid-12\"><span class=\"gutentor-single-item gutentor-single-item-12\"><span class=\"gutentor-list-item-wrap g-s-list-wrap\"><span class=\"gutentor-single-list-item-icon\"><i class=\"list-item-icon fas fa-angle-right\"><\/i><\/span><span class=\"gutentor-list-item\"><p class=\"gutentor-single-item-title\">Las obras se tendr\u00e1n que presentar con seud\u00f3nimo.<\/p><\/span><\/span><\/span><\/li><li class=\"gutentor-list-item grid-lg-12 grid-md-12 grid-12\"><span class=\"gutentor-single-item gutentor-single-item-13\"><span class=\"gutentor-list-item-wrap g-s-list-wrap\"><span class=\"gutentor-single-list-item-icon\"><i class=\"list-item-icon fas fa-angle-right\"><\/i><\/span><span class=\"gutentor-list-item\"><p class=\"gutentor-single-item-title\">La obra ganadora no podr\u00e1 haber ganado ning\u00fan premio anteriormente, ni compartir ning\u00fan otro premio en el medio a\u00f1o posterior a su concesi\u00f3n.<\/p><\/span><\/span><\/span><\/li><\/ul><\/div>\n<\/div><\/div><\/div>\n\n\n\n<div id=\"dc3e73\" class=\"wp-block-gutentor-m6-item section-dc3e73 gutentor-module gutentor-module-accordion-item\"><div class=\"gutentor-module-accordion-panel g-a-panel-beccba\"><div class=\"gm-ah-beccba gutentor-module-accordion-item-heading gutentor-module-icon-position-right\"><span class=\"gutentor-module-accordion-panel-handler\" role=\"button\"><span class=\"gutentor-module-accordion-panel-handler-label\">Participaci\u00f3n<\/span><span class=\"gutentor-module-accordion-icon\"><i class=\"gm-aio-beccba gutentor-module-accordion-icon-open fas fa-plus\"><\/i><i class=\"gm-aic-beccba gutentor-module-accordion-icon-close fas fa-minus\"><\/i><\/span><\/span><\/div><div class=\"gm-ab-beccba gutentor-module-accordion-body\">\n<div id=\"section-g312338\" class=\"wp-block-gutentor-e0 section-g312338 gutentor-element gutentor-element-advanced-text\"><div class=\"gutentor-text-wrap\"><p class=\"gutentor-text\">Env\u00eda un enlace de descarga (p. ej. WeTransfer.com) de un solo archivo ZIP o RAR a: <strong>premi.guinjoan@esmuc.cat<\/strong><\/p><\/div><\/div>\n\n\n\n<p>Este archivo debe llamarse al igual que tu seud\u00f3nimo (p. ej. TuSeud\u00f3nimo.zip) y debe contener:<\/p>\n\n\n\n<div id=\"section-g73551c\" class=\"wp-block-gutentor-e7 section-g73551c gutentor-element gutentor-element-list\"><ul class=\"grid-row gutentor-grid-item-wrap list-indicator-icon\"><li class=\"gutentor-list-item grid-lg-12 grid-md-12 grid-12\"><span class=\"gutentor-single-item gutentor-single-item-0\"><span class=\"gutentor-list-item-wrap g-s-list-wrap\"><span class=\"gutentor-single-list-item-icon\"><i class=\"list-item-icon fas fa-angle-right\"><\/i><\/span><span class=\"gutentor-list-item\"><p class=\"gutentor-single-item-title\"><strong><a href=\"https:\/\/www.esmuc.cat\/wp-content\/uploads\/2022\/10\/Butlleta-GuinJoan.pdf\" target=\"_blank\" rel=\"noreferrer noopener\">Bolet\u00edn de participaci\u00f3n en el premio Joan Guinjoan<\/a> [TuSeud\u00f3nimo_part.pdf]<\/strong><\/p><\/span><\/span><\/span><\/li><li class=\"gutentor-list-item grid-lg-12 grid-md-12 grid-12\"><span class=\"gutentor-single-item gutentor-single-item-1\"><span class=\"gutentor-list-item-wrap g-s-list-wrap\"><span class=\"gutentor-single-list-item-icon\"><i class=\"list-item-icon fas fa-angle-right\"><\/i><\/span><span class=\"gutentor-list-item\"><p class=\"gutentor-single-item-title\">Copia del DNI comunitario \/ pasaporte [TuSeud\u00f3nimo_id.pdf]<\/p><\/span><\/span><\/span><\/li><li class=\"gutentor-list-item grid-lg-12 grid-md-12 grid-12\"><span class=\"gutentor-single-item gutentor-single-item-2\"><span class=\"gutentor-list-item-wrap g-s-list-wrap\"><span class=\"gutentor-single-list-item-icon\"><i class=\"list-item-icon fas fa-angle-right\"><\/i><\/span><span class=\"gutentor-list-item\"><p class=\"gutentor-single-item-title\">PDF de la partitura general [TuSeud\u00f3nimo_score.pdf]<\/p><\/span><\/span><\/span><\/li><\/ul><\/div>\n\n\n\n<p>Cualquier consulta sobre el Premio Internacional Joan Guinjoan se puede dirigir a&nbsp;<a href=\"mailto:Premi.Guinjoan@esmuc.cat\">premi.guinjoan@esmuc.cat<\/a><\/p>\n<\/div><\/div><\/div>\n<\/div><\/section>\n\n\n\n<p>El Premio Internacional Joan Guinjoan cuenta con la colaboraci\u00f3n de la <a href=\"https:\/\/www.fundacionbancosabadell.com\/\" target=\"_blank\" rel=\"noreferrer noopener\">Fundaci\u00f3 Banc Sabadell<\/a>.<\/p>\n\n\n\n<div class=\"wp-block-columns is-layout-flex wp-container-core-columns-is-layout-9d6595d7 wp-block-columns-is-layout-flex\">\n<div class=\"wp-block-column is-layout-flow wp-block-column-is-layout-flow\">\n<div class=\"wp-block-columns is-layout-flex wp-container-core-columns-is-layout-9d6595d7 wp-block-columns-is-layout-flex\">\n<div class=\"wp-block-column is-layout-flow wp-block-column-is-layout-flow\">\n<figure class=\"wp-block-image size-full\"><img decoding=\"async\" width=\"2480\" height=\"1754\" src=\"http:\/\/www.esmuc.cat\/wp-content\/uploads\/2021\/10\/BSFundacio_ESP.jpg\" alt=\"\" class=\"wp-image-20656\"\/><\/figure>\n<\/div>\n\n\n\n<div class=\"wp-block-column is-layout-flow wp-block-column-is-layout-flow\"><\/div>\n<\/div>\n<\/div>\n\n\n\n<div class=\"wp-block-column is-layout-flow wp-block-column-is-layout-flow\"><\/div>\n<\/div>\n","protected":false},"excerpt":{"rendered":"<p>Objetivos del premio El Premio Internacional Joan Guinjoan cuenta con la colaboraci\u00f3n de la Fundaci\u00f3 Banc Sabadell.<\/p>\n","protected":false},"author":4,"featured_media":86189,"parent":34660,"menu_order":0,"comment_status":"closed","ping_status":"closed","template":"","meta":{"_acf_changed":false,"_themeisle_gutenberg_block_has_review":false,"footnotes":""},"categories":[1280,1251,1081,1275],"tags":[1168,1281,1276],"class_list":["post-34667","page","type-page","status-publish","has-post-thumbnail","hentry","category-composicio-es","category-departament-de-creacio-i-teoria-musical-es","category-noticia-es","category-premis-es","tag-composicio-es","tag-contemporania-es","tag-joan-guinjoan-es"],"acf":[],"publishpress_future_action":{"enabled":false,"date":"2026-04-28 13:24:25","action":"change-status","newStatus":"draft","terms":[],"taxonomy":"category","extraData":[]},"publishpress_future_workflow_manual_trigger":{"enabledWorkflows":[]},"_links":{"self":[{"href":"https:\/\/www.esmuc.cat\/es\/wp-json\/wp\/v2\/pages\/34667","targetHints":{"allow":["GET"]}}],"collection":[{"href":"https:\/\/www.esmuc.cat\/es\/wp-json\/wp\/v2\/pages"}],"about":[{"href":"https:\/\/www.esmuc.cat\/es\/wp-json\/wp\/v2\/types\/page"}],"author":[{"embeddable":true,"href":"https:\/\/www.esmuc.cat\/es\/wp-json\/wp\/v2\/users\/4"}],"replies":[{"embeddable":true,"href":"https:\/\/www.esmuc.cat\/es\/wp-json\/wp\/v2\/comments?post=34667"}],"version-history":[{"count":26,"href":"https:\/\/www.esmuc.cat\/es\/wp-json\/wp\/v2\/pages\/34667\/revisions"}],"predecessor-version":[{"id":111836,"href":"https:\/\/www.esmuc.cat\/es\/wp-json\/wp\/v2\/pages\/34667\/revisions\/111836"}],"up":[{"embeddable":true,"href":"https:\/\/www.esmuc.cat\/es\/wp-json\/wp\/v2\/pages\/34660"}],"wp:featuredmedia":[{"embeddable":true,"href":"https:\/\/www.esmuc.cat\/es\/wp-json\/wp\/v2\/media\/86189"}],"wp:attachment":[{"href":"https:\/\/www.esmuc.cat\/es\/wp-json\/wp\/v2\/media?parent=34667"}],"wp:term":[{"taxonomy":"category","embeddable":true,"href":"https:\/\/www.esmuc.cat\/es\/wp-json\/wp\/v2\/categories?post=34667"},{"taxonomy":"post_tag","embeddable":true,"href":"https:\/\/www.esmuc.cat\/es\/wp-json\/wp\/v2\/tags?post=34667"}],"curies":[{"name":"wp","href":"https:\/\/api.w.org\/{rel}","templated":true}]}}